{"id":70578,"date":"2026-04-27T04:43:46","date_gmt":"2026-04-27T04:43:46","guid":{"rendered":""},"modified":"2026-04-27T04:43:46","modified_gmt":"2026-04-27T04:43:46","slug":"znackovy-bgs-kleste-mini-sada-5-dilu-v-tasce-70578","status":"publish","type":"product","link":"https:\/\/www.oknobuild.com\/index.php\/produkt\/znackovy-bgs-kleste-mini-sada-5-dilu-v-tasce-70578\/","title":{"rendered":"Zna\u010dkov\u00fd BGS Kle\u0161t\u011b mini, sada 5 d\u00edl\u016f, v ta\u0161ce"},"content":{"rendered":"<div id=\"e2503849\" class=\"pages\">\n<div>\n<div id=\"PDDescription\" class=\"UserContentView userContent v1a v1 bs-view dcon dc164 PDDescription\" ><dc-con><dc-con><bs-empty><\/bs-empty><\/dc-con><dc-con>        <\/p>\n<div class=\"customDescription\">                    <\/div>\n<p><\/dc-con><dc-con><\/p>\n<ul>\n<li>dvojit\u00e1 pru\u017eina<\/li>\n<li>s izolovan\u00fdmi plastov\u00fdmi ma\u0161lemi<\/li>\n<li>v \u010dern\u00e9 pen\u011b\u017eence na zip<\/li>\n<\/ul>\n<p><b>zahrnuje n\u00e1sleduj\u00edc\u00ed n\u00e1stroje :<\/b><\/p>\n<ul>\n<li>kombinovan\u00e9 kle\u0161t\u011b 120 mm<\/li>\n<li>diagon\u00e1ln\u00ed bo\u010dn\u00ed \u0161t\u00edpa\u010dky 115 mm<\/li>\n<li>kle\u0161t\u011b se zahnut\u00fdm \u010delem, rovn\u00e9, 130 mm<\/li>\n<li>kle\u0161t\u011b se zahnut\u00fdmi \u010delistmi, zahnut\u00e9, 125 mm<\/li>\n<li>kle\u0161t\u011b na st\u0159\u00edh\u00e1n\u00ed na konci 105 mm<\/li>\n<\/ul>\n<h2>Technick\u00e9 informace<\/h2>\n<p>Hrub\u00e1 hmotnost: 600 g Balen\u00ed vhodn\u00e9 k zav\u011b\u0161en\u00ed na st\u011bnu: Ano<\/p>\n<h2>Vyu\u017eit\u00ed<\/h2>\n<ul>\n<li>uchopen\u00ed, p\u0159idr\u017een\u00ed a tvarov\u00e1n\u00ed materi\u00e1lu<\/li>\n<li>mont\u00e1\u017en\u00ed a servisn\u00ed pr\u00e1ce<\/li>\n<li>pr\u00e1ce v d\u00edln\u011b i na stavb\u011b<\/li>\n<\/ul>\n<h2>V\u00fdhody<\/h2>\n<ul>\n<li>pevn\u00fd a jist\u00fd \u00fachop<\/li>\n<li>odoln\u00e1 konstrukce<\/li>\n<li>dlouh\u00e1 \u017eivotnost p\u0159i intenzivn\u00edm pou\u017e\u00edv\u00e1n\u00ed<\/li>\n<\/ul>\n<h2>Tip<\/h2>\n<p>Vyber spr\u00e1vn\u00fd typ kle\u0161t\u00ed podle pou\u017eit\u00ed \u2013 kombinovan\u00e9, \u0161t\u00edpac\u00ed, siko nebo speci\u00e1ln\u00ed servisn\u00ed proveden\u00ed. Spr\u00e1vn\u00e1 volba v\u00fdrazn\u011b usnadn\u00ed pr\u00e1ci.<\/p>\n<p><\/dc-con><\/dc-con><\/div>\n<div id=\"PDDescription2\" class=\"UserContentView userContent v1a v1 bs-view dcon dc165 PDDescription2\" >V\u00dd\u0160KA BALEN\u00cd<\/div>\n<\/p><\/div>\n<div id=\"PDTable3\" class=\"ProductDetailTableView v3a v3 bs-view dcon dc185 PDTable3\" >\n<table>\n<thead><\/thead>\n<tbody>\n<tr class=\"attribute attr_bsshop_maker\">\n<td class=\"caption\">V\u00fdrobce<\/td>\n<td class=\"value\">BGS Technic<\/td>\n<\/tr>\n<\/tbody>\n<\/table>\n<\/div>\n<div id=\"PdProductGpsr\" class=\"ProductGpsrView v1a v1 bs-view dcon dc217 PdProductGpsr\" >\n<div class=\"subject\"><dc-root class=\"dcon dc219\"><span class=\"title\">Zodpov\u011bdn&#253; subjekt:<\/span><dc-con><dc-con><span class=\"company\">BGS technik KG<\/span><span class=\"name\">BGS Technic<\/span><\/dc-con><dc-con><span class=\"street\">Bandwirkerstr. 3<\/span><span class=\"city\">Wermelskirchen<\/span><span class=\"zip\">429 29<\/span><span class=\"country\">N\u011bmecko<\/span><\/dc-con><span class=\"email\">mail@bgs-technic.de<\/span><span class=\"phone\">+49 2196-720480<\/span><bs-empty><\/bs-empty><a href=\"https:\/\/www.bgstechnic.com\/\" class=\"link\" target=\"_blank\">https:\/\/www.bgstechnic.com\/<\/a><\/dc-con><bs-empty><\/bs-empty><\/dc-root><\/div>\n<p><bs-empty><\/bs-empty><\/div>\n<\/div>\n<div id=\"e2503850\" class=\"tabs\">\n","protected":false},"excerpt":{"rendered":"<p>dvojit\u00e1 pru\u017eina s izolovan\u00fdmi plastov\u00fdmi ma\u0161lemi v \u010dern\u00e9 pen\u011b\u017eence na zip zahrnuje n\u00e1sleduj\u00edc\u00ed n\u00e1stroje : kombinovan\u00e9 kle\u0161t\u011b 120 mm diagon\u00e1ln\u00ed bo\u010dn\u00ed \u0161t\u00edpa\u010dky 115 mm kle\u0161t\u011b se zahnut\u00fdm \u010delem, rovn\u00e9, 130 mm kle\u0161t\u011b se zahnut\u00fdmi \u010delistmi, zahnut\u00e9, 125 mm kle\u0161t\u011b na st\u0159\u00edh\u00e1n\u00ed na konci 105 mm Technick\u00e9 informace Hrub\u00e1 hmotnost: 600 g Balen\u00ed vhodn\u00e9 k zav\u011b\u0161en\u00ed [&hellip;]<\/p>\n","protected":false},"featured_media":70678,"comment_status":"open","ping_status":"open","template":"","meta":[],"product_brand":[],"product_cat":[73],"product_tag":[],"class_list":{"0":"post-70578","1":"product","2":"type-product","3":"status-publish","4":"has-post-thumbnail","6":"product_cat-rucn-237-n-225-rad-237-a-d-237-lna","8":"first","9":"instock","10":"sale","11":"shipping-taxable","12":"purchasable","13":"product-type-simple"},"yoast_head":"<!-- This site is optimized with the Yoast SEO plugin v26.8 - https:\/\/yoast.com\/product\/yoast-seo-wordpress\/ -->\n<title>Zna\u010dkov\u00fd BGS Kle\u0161t\u011b mini, sada 5 d\u00edl\u016f, v ta\u0161ce -<\/title>\n<meta name=\"robots\" content=\"index, follow, max-snippet:-1, max-image-preview:large, max-video-preview:-1\" \/>\n<link rel=\"canonical\" href=\"https:\/\/www.oknobuild.com\/index.php\/produkt\/znackovy-bgs-kleste-mini-sada-5-dilu-v-tasce-70578\/\" \/>\n<meta property=\"og:locale\" content=\"cs_CZ\" \/>\n<meta property=\"og:type\" content=\"article\" \/>\n<meta property=\"og:title\" content=\"Zna\u010dkov\u00fd BGS Kle\u0161t\u011b mini, sada 5 d\u00edl\u016f, v ta\u0161ce -\" \/>\n<meta property=\"og:description\" content=\"dvojit\u00e1 pru\u017eina s izolovan\u00fdmi plastov\u00fdmi ma\u0161lemi v \u010dern\u00e9 pen\u011b\u017eence na zip zahrnuje n\u00e1sleduj\u00edc\u00ed n\u00e1stroje : kombinovan\u00e9 kle\u0161t\u011b 120 mm diagon\u00e1ln\u00ed bo\u010dn\u00ed \u0161t\u00edpa\u010dky 115 mm kle\u0161t\u011b se zahnut\u00fdm \u010delem, rovn\u00e9, 130 mm kle\u0161t\u011b se zahnut\u00fdmi \u010delistmi, zahnut\u00e9, 125 mm kle\u0161t\u011b na st\u0159\u00edh\u00e1n\u00ed na konci 105 mm Technick\u00e9 informace Hrub\u00e1 hmotnost: 600 g Balen\u00ed vhodn\u00e9 k zav\u011b\u0161en\u00ed [&hellip;]\" \/>\n<meta property=\"og:url\" content=\"https:\/\/www.oknobuild.com\/index.php\/produkt\/znackovy-bgs-kleste-mini-sada-5-dilu-v-tasce-70578\/\" \/>\n<meta property=\"og:image\" content=\"https:\/\/www.oknobuild.com\/wp-content\/uploads\/2026\/SK0017136-CZ20260425-093449-0-1777080896-bgs-kleste-mini-sada-5-dilu-v-tasce.webp\" \/>\n\t<meta property=\"og:image:width\" content=\"1000\" \/>\n\t<meta property=\"og:image:height\" content=\"525\" \/>\n\t<meta property=\"og:image:type\" content=\"image\/webp\" \/>\n<meta name=\"twitter:card\" content=\"summary_large_image\" \/>\n<meta name=\"twitter:label1\" content=\"Odhadovan\u00e1 doba \u010dten\u00ed\" \/>\n\t<meta name=\"twitter:data1\" content=\"1 minuta\" \/>\n<script type=\"application\/ld+json\" class=\"yoast-schema-graph\">{\"@context\":\"https:\/\/schema.org\",\"@graph\":[{\"@type\":\"WebPage\",\"@id\":\"https:\/\/www.oknobuild.com\/index.php\/produkt\/znackovy-bgs-kleste-mini-sada-5-dilu-v-tasce-70578\/\",\"url\":\"https:\/\/www.oknobuild.com\/index.php\/produkt\/znackovy-bgs-kleste-mini-sada-5-dilu-v-tasce-70578\/\",\"name\":\"Zna\u010dkov\u00fd BGS Kle\u0161t\u011b mini, sada 5 d\u00edl\u016f, v ta\u0161ce -\",\"isPartOf\":{\"@id\":\"https:\/\/www.oknobuild.com\/#website\"},\"primaryImageOfPage\":{\"@id\":\"https:\/\/www.oknobuild.com\/index.php\/produkt\/znackovy-bgs-kleste-mini-sada-5-dilu-v-tasce-70578\/#primaryimage\"},\"image\":{\"@id\":\"https:\/\/www.oknobuild.com\/index.php\/produkt\/znackovy-bgs-kleste-mini-sada-5-dilu-v-tasce-70578\/#primaryimage\"},\"thumbnailUrl\":\"https:\/\/www.oknobuild.com\/wp-content\/uploads\/2026\/SK0017136-CZ20260425-093449-0-1777080896-bgs-kleste-mini-sada-5-dilu-v-tasce.webp\",\"datePublished\":\"2026-04-27T04:43:46+00:00\",\"breadcrumb\":{\"@id\":\"https:\/\/www.oknobuild.com\/index.php\/produkt\/znackovy-bgs-kleste-mini-sada-5-dilu-v-tasce-70578\/#breadcrumb\"},\"inLanguage\":\"cs\",\"potentialAction\":[{\"@type\":\"ReadAction\",\"target\":[\"https:\/\/www.oknobuild.com\/index.php\/produkt\/znackovy-bgs-kleste-mini-sada-5-dilu-v-tasce-70578\/\"]}]},{\"@type\":\"ImageObject\",\"inLanguage\":\"cs\",\"@id\":\"https:\/\/www.oknobuild.com\/index.php\/produkt\/znackovy-bgs-kleste-mini-sada-5-dilu-v-tasce-70578\/#primaryimage\",\"url\":\"https:\/\/www.oknobuild.com\/wp-content\/uploads\/2026\/SK0017136-CZ20260425-093449-0-1777080896-bgs-kleste-mini-sada-5-dilu-v-tasce.webp\",\"contentUrl\":\"https:\/\/www.oknobuild.com\/wp-content\/uploads\/2026\/SK0017136-CZ20260425-093449-0-1777080896-bgs-kleste-mini-sada-5-dilu-v-tasce.webp\",\"width\":1000,\"height\":525},{\"@type\":\"BreadcrumbList\",\"@id\":\"https:\/\/www.oknobuild.com\/index.php\/produkt\/znackovy-bgs-kleste-mini-sada-5-dilu-v-tasce-70578\/#breadcrumb\",\"itemListElement\":[{\"@type\":\"ListItem\",\"position\":1,\"name\":\"Home\",\"item\":\"https:\/\/www.oknobuild.com\/\"},{\"@type\":\"ListItem\",\"position\":2,\"name\":\"Products\",\"item\":\"https:\/\/www.oknobuild.com\/index.php\/products\/\"},{\"@type\":\"ListItem\",\"position\":3,\"name\":\"Zna\u010dkov\u00fd BGS Kle\u0161t\u011b mini, sada 5 d\u00edl\u016f, v ta\u0161ce\"}]},{\"@type\":\"WebSite\",\"@id\":\"https:\/\/www.oknobuild.com\/#website\",\"url\":\"https:\/\/www.oknobuild.com\/\",\"name\":\"\",\"description\":\"\",\"potentialAction\":[{\"@type\":\"SearchAction\",\"target\":{\"@type\":\"EntryPoint\",\"urlTemplate\":\"https:\/\/www.oknobuild.com\/?s={search_term_string}\"},\"query-input\":{\"@type\":\"PropertyValueSpecification\",\"valueRequired\":true,\"valueName\":\"search_term_string\"}}],\"inLanguage\":\"cs\"}]}<\/script>\n<!-- \/ Yoast SEO plugin. -->","yoast_head_json":{"title":"Zna\u010dkov\u00fd BGS Kle\u0161t\u011b mini, sada 5 d\u00edl\u016f, v ta\u0161ce -","robots":{"index":"index","follow":"follow","max-snippet":"max-snippet:-1","max-image-preview":"max-image-preview:large","max-video-preview":"max-video-preview:-1"},"canonical":"https:\/\/www.oknobuild.com\/index.php\/produkt\/znackovy-bgs-kleste-mini-sada-5-dilu-v-tasce-70578\/","og_locale":"cs_CZ","og_type":"article","og_title":"Zna\u010dkov\u00fd BGS Kle\u0161t\u011b mini, sada 5 d\u00edl\u016f, v ta\u0161ce -","og_description":"dvojit\u00e1 pru\u017eina s izolovan\u00fdmi plastov\u00fdmi ma\u0161lemi v \u010dern\u00e9 pen\u011b\u017eence na zip zahrnuje n\u00e1sleduj\u00edc\u00ed n\u00e1stroje : kombinovan\u00e9 kle\u0161t\u011b 120 mm diagon\u00e1ln\u00ed bo\u010dn\u00ed \u0161t\u00edpa\u010dky 115 mm kle\u0161t\u011b se zahnut\u00fdm \u010delem, rovn\u00e9, 130 mm kle\u0161t\u011b se zahnut\u00fdmi \u010delistmi, zahnut\u00e9, 125 mm kle\u0161t\u011b na st\u0159\u00edh\u00e1n\u00ed na konci 105 mm Technick\u00e9 informace Hrub\u00e1 hmotnost: 600 g Balen\u00ed vhodn\u00e9 k zav\u011b\u0161en\u00ed [&hellip;]","og_url":"https:\/\/www.oknobuild.com\/index.php\/produkt\/znackovy-bgs-kleste-mini-sada-5-dilu-v-tasce-70578\/","og_image":[{"width":1000,"height":525,"url":"https:\/\/www.oknobuild.com\/wp-content\/uploads\/2026\/SK0017136-CZ20260425-093449-0-1777080896-bgs-kleste-mini-sada-5-dilu-v-tasce.webp","type":"image\/webp"}],"twitter_card":"summary_large_image","twitter_misc":{"Odhadovan\u00e1 doba \u010dten\u00ed":"1 minuta"},"schema":{"@context":"https:\/\/schema.org","@graph":[{"@type":"WebPage","@id":"https:\/\/www.oknobuild.com\/index.php\/produkt\/znackovy-bgs-kleste-mini-sada-5-dilu-v-tasce-70578\/","url":"https:\/\/www.oknobuild.com\/index.php\/produkt\/znackovy-bgs-kleste-mini-sada-5-dilu-v-tasce-70578\/","name":"Zna\u010dkov\u00fd BGS Kle\u0161t\u011b mini, sada 5 d\u00edl\u016f, v ta\u0161ce -","isPartOf":{"@id":"https:\/\/www.oknobuild.com\/#website"},"primaryImageOfPage":{"@id":"https:\/\/www.oknobuild.com\/index.php\/produkt\/znackovy-bgs-kleste-mini-sada-5-dilu-v-tasce-70578\/#primaryimage"},"image":{"@id":"https:\/\/www.oknobuild.com\/index.php\/produkt\/znackovy-bgs-kleste-mini-sada-5-dilu-v-tasce-70578\/#primaryimage"},"thumbnailUrl":"https:\/\/www.oknobuild.com\/wp-content\/uploads\/2026\/SK0017136-CZ20260425-093449-0-1777080896-bgs-kleste-mini-sada-5-dilu-v-tasce.webp","datePublished":"2026-04-27T04:43:46+00:00","breadcrumb":{"@id":"https:\/\/www.oknobuild.com\/index.php\/produkt\/znackovy-bgs-kleste-mini-sada-5-dilu-v-tasce-70578\/#breadcrumb"},"inLanguage":"cs","potentialAction":[{"@type":"ReadAction","target":["https:\/\/www.oknobuild.com\/index.php\/produkt\/znackovy-bgs-kleste-mini-sada-5-dilu-v-tasce-70578\/"]}]},{"@type":"ImageObject","inLanguage":"cs","@id":"https:\/\/www.oknobuild.com\/index.php\/produkt\/znackovy-bgs-kleste-mini-sada-5-dilu-v-tasce-70578\/#primaryimage","url":"https:\/\/www.oknobuild.com\/wp-content\/uploads\/2026\/SK0017136-CZ20260425-093449-0-1777080896-bgs-kleste-mini-sada-5-dilu-v-tasce.webp","contentUrl":"https:\/\/www.oknobuild.com\/wp-content\/uploads\/2026\/SK0017136-CZ20260425-093449-0-1777080896-bgs-kleste-mini-sada-5-dilu-v-tasce.webp","width":1000,"height":525},{"@type":"BreadcrumbList","@id":"https:\/\/www.oknobuild.com\/index.php\/produkt\/znackovy-bgs-kleste-mini-sada-5-dilu-v-tasce-70578\/#breadcrumb","itemListElement":[{"@type":"ListItem","position":1,"name":"Home","item":"https:\/\/www.oknobuild.com\/"},{"@type":"ListItem","position":2,"name":"Products","item":"https:\/\/www.oknobuild.com\/index.php\/products\/"},{"@type":"ListItem","position":3,"name":"Zna\u010dkov\u00fd BGS Kle\u0161t\u011b mini, sada 5 d\u00edl\u016f, v ta\u0161ce"}]},{"@type":"WebSite","@id":"https:\/\/www.oknobuild.com\/#website","url":"https:\/\/www.oknobuild.com\/","name":"","description":"","potentialAction":[{"@type":"SearchAction","target":{"@type":"EntryPoint","urlTemplate":"https:\/\/www.oknobuild.com\/?s={search_term_string}"},"query-input":{"@type":"PropertyValueSpecification","valueRequired":true,"valueName":"search_term_string"}}],"inLanguage":"cs"}]}},"_links":{"self":[{"href":"https:\/\/www.oknobuild.com\/index.php\/wp-json\/wp\/v2\/product\/70578","targetHints":{"allow":["GET"]}}],"collection":[{"href":"https:\/\/www.oknobuild.com\/index.php\/wp-json\/wp\/v2\/product"}],"about":[{"href":"https:\/\/www.oknobuild.com\/index.php\/wp-json\/wp\/v2\/types\/product"}],"replies":[{"embeddable":true,"href":"https:\/\/www.oknobuild.com\/index.php\/wp-json\/wp\/v2\/comments?post=70578"}],"wp:featuredmedia":[{"embeddable":true,"href":"https:\/\/www.oknobuild.com\/index.php\/wp-json\/wp\/v2\/media\/70678"}],"wp:attachment":[{"href":"https:\/\/www.oknobuild.com\/index.php\/wp-json\/wp\/v2\/media?parent=70578"}],"wp:term":[{"taxonomy":"product_brand","embeddable":true,"href":"https:\/\/www.oknobuild.com\/index.php\/wp-json\/wp\/v2\/product_brand?post=70578"},{"taxonomy":"product_cat","embeddable":true,"href":"https:\/\/www.oknobuild.com\/index.php\/wp-json\/wp\/v2\/product_cat?post=70578"},{"taxonomy":"product_tag","embeddable":true,"href":"https:\/\/www.oknobuild.com\/index.php\/wp-json\/wp\/v2\/product_tag?post=70578"}],"curies":[{"name":"wp","href":"https:\/\/api.w.org\/{rel}","templated":true}]}}