{"id":70763,"date":"2026-04-27T04:43:47","date_gmt":"2026-04-27T04:43:47","guid":{"rendered":""},"modified":"2026-04-27T04:43:47","modified_gmt":"2026-04-27T04:43:47","slug":"znackovy-bgs-kleste-grip-250-mm-chromovane-70763","status":"publish","type":"product","link":"https:\/\/www.oknobuild.com\/index.php\/produkt\/znackovy-bgs-kleste-grip-250-mm-chromovane-70763\/","title":{"rendered":"Zna\u010dkov\u00fd BGS Kle\u0161t\u011b grip 250 mm, chromovan\u00e9"},"content":{"rendered":"<div id=\"e2548220\" class=\"pages\">\n<div>\n<div id=\"PDDescription\" class=\"UserContentView userContent v1a v1 bs-view dcon dc164 PDDescription\" ><dc-con><dc-con><bs-empty><\/bs-empty><\/dc-con><dc-con>        <\/p>\n<div class=\"customDescription\">                    <\/div>\n<p><\/dc-con><dc-con><\/p>\n<ul>\n<li>s kovan\u00fdmi \u010delistmi<\/li>\n<\/ul>\n<h2>Vyu\u017eit\u00ed<\/h2>\n<ul>\n<li>uchopen\u00ed, p\u0159idr\u017een\u00ed a tvarov\u00e1n\u00ed materi\u00e1lu<\/li>\n<li>mont\u00e1\u017en\u00ed a servisn\u00ed pr\u00e1ce<\/li>\n<li>pr\u00e1ce v d\u00edln\u011b i na stavb\u011b<\/li>\n<\/ul>\n<h2>V\u00fdhody<\/h2>\n<ul>\n<li>pevn\u00fd a jist\u00fd \u00fachop<\/li>\n<li>odoln\u00e1 konstrukce<\/li>\n<li>dlouh\u00e1 \u017eivotnost p\u0159i intenzivn\u00edm pou\u017e\u00edv\u00e1n\u00ed<\/li>\n<\/ul>\n<h2>Tip<\/h2>\n<p>Vyber spr\u00e1vn\u00fd typ kle\u0161t\u00ed podle pou\u017eit\u00ed \u2013 kombinovan\u00e9, \u0161t\u00edpac\u00ed, siko nebo speci\u00e1ln\u00ed servisn\u00ed proveden\u00ed. Spr\u00e1vn\u00e1 volba v\u00fdrazn\u011b usnadn\u00ed pr\u00e1ci.<\/p>\n<p><\/dc-con><\/dc-con><\/div>\n<div id=\"PDDescription2\" class=\"UserContentView userContent v1a v1 bs-view dcon dc165 PDDescription2\" >V\u00dd\u0160KA BALEN\u00cd<\/div>\n<\/p><\/div>\n<div id=\"PDTable3\" class=\"ProductDetailTableView v3a v3 bs-view dcon dc185 PDTable3\" >\n<table>\n<thead><\/thead>\n<tbody>\n<tr class=\"attribute attr_typ\">\n<td class=\"caption\">Typ<\/td>\n<td class=\"value\">Z\u00e1me\u010dnick\u00e9<\/td>\n<\/tr>\n<tr class=\"attribute attr_bsshop_maker\">\n<td class=\"caption\">V\u00fdrobce<\/td>\n<td class=\"value\">BGS Technic<\/td>\n<\/tr>\n<\/tbody>\n<\/table>\n<\/div>\n<div id=\"PdProductGpsr\" class=\"ProductGpsrView v1a v1 bs-view dcon dc217 PdProductGpsr\" >\n<div class=\"subject\"><dc-root class=\"dcon dc219\"><span class=\"title\">Zodpov\u011bdn&#253; subjekt:<\/span><dc-con><dc-con><span class=\"company\">BGS technik KG<\/span><span class=\"name\">BGS Technic<\/span><\/dc-con><dc-con><span class=\"street\">Bandwirkerstr. 3<\/span><span class=\"city\">Wermelskirchen<\/span><span class=\"zip\">429 29<\/span><span class=\"country\">N\u011bmecko<\/span><\/dc-con><span class=\"email\">mail@bgs-technic.de<\/span><span class=\"phone\">+49 2196-720480<\/span><bs-empty><\/bs-empty><a href=\"https:\/\/www.bgstechnic.com\/\" class=\"link\" target=\"_blank\">https:\/\/www.bgstechnic.com\/<\/a><\/dc-con><bs-empty><\/bs-empty><\/dc-root><\/div>\n<p><bs-empty><\/bs-empty><\/div>\n<\/div>\n<div id=\"e2548221\" class=\"tabs\">\n","protected":false},"excerpt":{"rendered":"<p>s kovan\u00fdmi \u010delistmi Vyu\u017eit\u00ed uchopen\u00ed, p\u0159idr\u017een\u00ed a tvarov\u00e1n\u00ed materi\u00e1lu mont\u00e1\u017en\u00ed a servisn\u00ed pr\u00e1ce pr\u00e1ce v d\u00edln\u011b i na stavb\u011b V\u00fdhody pevn\u00fd a jist\u00fd \u00fachop odoln\u00e1 konstrukce dlouh\u00e1 \u017eivotnost p\u0159i intenzivn\u00edm pou\u017e\u00edv\u00e1n\u00ed Tip Vyber spr\u00e1vn\u00fd typ kle\u0161t\u00ed podle pou\u017eit\u00ed \u2013 kombinovan\u00e9, \u0161t\u00edpac\u00ed, siko nebo speci\u00e1ln\u00ed servisn\u00ed proveden\u00ed. Spr\u00e1vn\u00e1 volba v\u00fdrazn\u011b usnadn\u00ed pr\u00e1ci. V\u00dd\u0160KA BALEN\u00cd Typ Z\u00e1me\u010dnick\u00e9 [&hellip;]<\/p>\n","protected":false},"featured_media":70863,"comment_status":"open","ping_status":"open","template":"","meta":[],"product_brand":[],"product_cat":[73],"product_tag":[],"class_list":{"0":"post-70763","1":"product","2":"type-product","3":"status-publish","4":"has-post-thumbnail","6":"product_cat-rucn-237-n-225-rad-237-a-d-237-lna","8":"first","9":"instock","10":"sale","11":"shipping-taxable","12":"purchasable","13":"product-type-simple"},"yoast_head":"<!-- This site is optimized with the Yoast SEO plugin v26.8 - https:\/\/yoast.com\/product\/yoast-seo-wordpress\/ -->\n<title>Zna\u010dkov\u00fd BGS Kle\u0161t\u011b grip 250 mm, chromovan\u00e9 -<\/title>\n<meta name=\"robots\" content=\"index, follow, max-snippet:-1, max-image-preview:large, max-video-preview:-1\" \/>\n<link rel=\"canonical\" href=\"https:\/\/www.oknobuild.com\/index.php\/produkt\/znackovy-bgs-kleste-grip-250-mm-chromovane-70763\/\" \/>\n<meta property=\"og:locale\" content=\"cs_CZ\" \/>\n<meta property=\"og:type\" content=\"article\" \/>\n<meta property=\"og:title\" content=\"Zna\u010dkov\u00fd BGS Kle\u0161t\u011b grip 250 mm, chromovan\u00e9 -\" \/>\n<meta property=\"og:description\" content=\"s kovan\u00fdmi \u010delistmi Vyu\u017eit\u00ed uchopen\u00ed, p\u0159idr\u017een\u00ed a tvarov\u00e1n\u00ed materi\u00e1lu mont\u00e1\u017en\u00ed a servisn\u00ed pr\u00e1ce pr\u00e1ce v d\u00edln\u011b i na stavb\u011b V\u00fdhody pevn\u00fd a jist\u00fd \u00fachop odoln\u00e1 konstrukce dlouh\u00e1 \u017eivotnost p\u0159i intenzivn\u00edm pou\u017e\u00edv\u00e1n\u00ed Tip Vyber spr\u00e1vn\u00fd typ kle\u0161t\u00ed podle pou\u017eit\u00ed \u2013 kombinovan\u00e9, \u0161t\u00edpac\u00ed, siko nebo speci\u00e1ln\u00ed servisn\u00ed proveden\u00ed. Spr\u00e1vn\u00e1 volba v\u00fdrazn\u011b usnadn\u00ed pr\u00e1ci. V\u00dd\u0160KA BALEN\u00cd Typ Z\u00e1me\u010dnick\u00e9 [&hellip;]\" \/>\n<meta property=\"og:url\" content=\"https:\/\/www.oknobuild.com\/index.php\/produkt\/znackovy-bgs-kleste-grip-250-mm-chromovane-70763\/\" \/>\n<meta property=\"og:image\" content=\"https:\/\/www.oknobuild.com\/wp-content\/uploads\/2026\/SK0017221-CZ20260425-093449-0-1777080896-bgs-kleste-grip-250-mm-chromovane.webp\" \/>\n\t<meta property=\"og:image:width\" content=\"1000\" \/>\n\t<meta property=\"og:image:height\" content=\"525\" \/>\n\t<meta property=\"og:image:type\" content=\"image\/webp\" \/>\n<meta name=\"twitter:card\" content=\"summary_large_image\" \/>\n<script type=\"application\/ld+json\" class=\"yoast-schema-graph\">{\"@context\":\"https:\/\/schema.org\",\"@graph\":[{\"@type\":\"WebPage\",\"@id\":\"https:\/\/www.oknobuild.com\/index.php\/produkt\/znackovy-bgs-kleste-grip-250-mm-chromovane-70763\/\",\"url\":\"https:\/\/www.oknobuild.com\/index.php\/produkt\/znackovy-bgs-kleste-grip-250-mm-chromovane-70763\/\",\"name\":\"Zna\u010dkov\u00fd BGS Kle\u0161t\u011b grip 250 mm, chromovan\u00e9 -\",\"isPartOf\":{\"@id\":\"https:\/\/www.oknobuild.com\/#website\"},\"primaryImageOfPage\":{\"@id\":\"https:\/\/www.oknobuild.com\/index.php\/produkt\/znackovy-bgs-kleste-grip-250-mm-chromovane-70763\/#primaryimage\"},\"image\":{\"@id\":\"https:\/\/www.oknobuild.com\/index.php\/produkt\/znackovy-bgs-kleste-grip-250-mm-chromovane-70763\/#primaryimage\"},\"thumbnailUrl\":\"https:\/\/www.oknobuild.com\/wp-content\/uploads\/2026\/SK0017221-CZ20260425-093449-0-1777080896-bgs-kleste-grip-250-mm-chromovane.webp\",\"datePublished\":\"2026-04-27T04:43:47+00:00\",\"breadcrumb\":{\"@id\":\"https:\/\/www.oknobuild.com\/index.php\/produkt\/znackovy-bgs-kleste-grip-250-mm-chromovane-70763\/#breadcrumb\"},\"inLanguage\":\"cs\",\"potentialAction\":[{\"@type\":\"ReadAction\",\"target\":[\"https:\/\/www.oknobuild.com\/index.php\/produkt\/znackovy-bgs-kleste-grip-250-mm-chromovane-70763\/\"]}]},{\"@type\":\"ImageObject\",\"inLanguage\":\"cs\",\"@id\":\"https:\/\/www.oknobuild.com\/index.php\/produkt\/znackovy-bgs-kleste-grip-250-mm-chromovane-70763\/#primaryimage\",\"url\":\"https:\/\/www.oknobuild.com\/wp-content\/uploads\/2026\/SK0017221-CZ20260425-093449-0-1777080896-bgs-kleste-grip-250-mm-chromovane.webp\",\"contentUrl\":\"https:\/\/www.oknobuild.com\/wp-content\/uploads\/2026\/SK0017221-CZ20260425-093449-0-1777080896-bgs-kleste-grip-250-mm-chromovane.webp\",\"width\":1000,\"height\":525},{\"@type\":\"BreadcrumbList\",\"@id\":\"https:\/\/www.oknobuild.com\/index.php\/produkt\/znackovy-bgs-kleste-grip-250-mm-chromovane-70763\/#breadcrumb\",\"itemListElement\":[{\"@type\":\"ListItem\",\"position\":1,\"name\":\"Home\",\"item\":\"https:\/\/www.oknobuild.com\/\"},{\"@type\":\"ListItem\",\"position\":2,\"name\":\"Products\",\"item\":\"https:\/\/www.oknobuild.com\/index.php\/products\/\"},{\"@type\":\"ListItem\",\"position\":3,\"name\":\"Zna\u010dkov\u00fd BGS Kle\u0161t\u011b grip 250 mm, chromovan\u00e9\"}]},{\"@type\":\"WebSite\",\"@id\":\"https:\/\/www.oknobuild.com\/#website\",\"url\":\"https:\/\/www.oknobuild.com\/\",\"name\":\"\",\"description\":\"\",\"potentialAction\":[{\"@type\":\"SearchAction\",\"target\":{\"@type\":\"EntryPoint\",\"urlTemplate\":\"https:\/\/www.oknobuild.com\/?s={search_term_string}\"},\"query-input\":{\"@type\":\"PropertyValueSpecification\",\"valueRequired\":true,\"valueName\":\"search_term_string\"}}],\"inLanguage\":\"cs\"}]}<\/script>\n<!-- \/ Yoast SEO plugin. -->","yoast_head_json":{"title":"Zna\u010dkov\u00fd BGS Kle\u0161t\u011b grip 250 mm, chromovan\u00e9 -","robots":{"index":"index","follow":"follow","max-snippet":"max-snippet:-1","max-image-preview":"max-image-preview:large","max-video-preview":"max-video-preview:-1"},"canonical":"https:\/\/www.oknobuild.com\/index.php\/produkt\/znackovy-bgs-kleste-grip-250-mm-chromovane-70763\/","og_locale":"cs_CZ","og_type":"article","og_title":"Zna\u010dkov\u00fd BGS Kle\u0161t\u011b grip 250 mm, chromovan\u00e9 -","og_description":"s kovan\u00fdmi \u010delistmi Vyu\u017eit\u00ed uchopen\u00ed, p\u0159idr\u017een\u00ed a tvarov\u00e1n\u00ed materi\u00e1lu mont\u00e1\u017en\u00ed a servisn\u00ed pr\u00e1ce pr\u00e1ce v d\u00edln\u011b i na stavb\u011b V\u00fdhody pevn\u00fd a jist\u00fd \u00fachop odoln\u00e1 konstrukce dlouh\u00e1 \u017eivotnost p\u0159i intenzivn\u00edm pou\u017e\u00edv\u00e1n\u00ed Tip Vyber spr\u00e1vn\u00fd typ kle\u0161t\u00ed podle pou\u017eit\u00ed \u2013 kombinovan\u00e9, \u0161t\u00edpac\u00ed, siko nebo speci\u00e1ln\u00ed servisn\u00ed proveden\u00ed. Spr\u00e1vn\u00e1 volba v\u00fdrazn\u011b usnadn\u00ed pr\u00e1ci. V\u00dd\u0160KA BALEN\u00cd Typ Z\u00e1me\u010dnick\u00e9 [&hellip;]","og_url":"https:\/\/www.oknobuild.com\/index.php\/produkt\/znackovy-bgs-kleste-grip-250-mm-chromovane-70763\/","og_image":[{"width":1000,"height":525,"url":"https:\/\/www.oknobuild.com\/wp-content\/uploads\/2026\/SK0017221-CZ20260425-093449-0-1777080896-bgs-kleste-grip-250-mm-chromovane.webp","type":"image\/webp"}],"twitter_card":"summary_large_image","schema":{"@context":"https:\/\/schema.org","@graph":[{"@type":"WebPage","@id":"https:\/\/www.oknobuild.com\/index.php\/produkt\/znackovy-bgs-kleste-grip-250-mm-chromovane-70763\/","url":"https:\/\/www.oknobuild.com\/index.php\/produkt\/znackovy-bgs-kleste-grip-250-mm-chromovane-70763\/","name":"Zna\u010dkov\u00fd BGS Kle\u0161t\u011b grip 250 mm, chromovan\u00e9 -","isPartOf":{"@id":"https:\/\/www.oknobuild.com\/#website"},"primaryImageOfPage":{"@id":"https:\/\/www.oknobuild.com\/index.php\/produkt\/znackovy-bgs-kleste-grip-250-mm-chromovane-70763\/#primaryimage"},"image":{"@id":"https:\/\/www.oknobuild.com\/index.php\/produkt\/znackovy-bgs-kleste-grip-250-mm-chromovane-70763\/#primaryimage"},"thumbnailUrl":"https:\/\/www.oknobuild.com\/wp-content\/uploads\/2026\/SK0017221-CZ20260425-093449-0-1777080896-bgs-kleste-grip-250-mm-chromovane.webp","datePublished":"2026-04-27T04:43:47+00:00","breadcrumb":{"@id":"https:\/\/www.oknobuild.com\/index.php\/produkt\/znackovy-bgs-kleste-grip-250-mm-chromovane-70763\/#breadcrumb"},"inLanguage":"cs","potentialAction":[{"@type":"ReadAction","target":["https:\/\/www.oknobuild.com\/index.php\/produkt\/znackovy-bgs-kleste-grip-250-mm-chromovane-70763\/"]}]},{"@type":"ImageObject","inLanguage":"cs","@id":"https:\/\/www.oknobuild.com\/index.php\/produkt\/znackovy-bgs-kleste-grip-250-mm-chromovane-70763\/#primaryimage","url":"https:\/\/www.oknobuild.com\/wp-content\/uploads\/2026\/SK0017221-CZ20260425-093449-0-1777080896-bgs-kleste-grip-250-mm-chromovane.webp","contentUrl":"https:\/\/www.oknobuild.com\/wp-content\/uploads\/2026\/SK0017221-CZ20260425-093449-0-1777080896-bgs-kleste-grip-250-mm-chromovane.webp","width":1000,"height":525},{"@type":"BreadcrumbList","@id":"https:\/\/www.oknobuild.com\/index.php\/produkt\/znackovy-bgs-kleste-grip-250-mm-chromovane-70763\/#breadcrumb","itemListElement":[{"@type":"ListItem","position":1,"name":"Home","item":"https:\/\/www.oknobuild.com\/"},{"@type":"ListItem","position":2,"name":"Products","item":"https:\/\/www.oknobuild.com\/index.php\/products\/"},{"@type":"ListItem","position":3,"name":"Zna\u010dkov\u00fd BGS Kle\u0161t\u011b grip 250 mm, chromovan\u00e9"}]},{"@type":"WebSite","@id":"https:\/\/www.oknobuild.com\/#website","url":"https:\/\/www.oknobuild.com\/","name":"","description":"","potentialAction":[{"@type":"SearchAction","target":{"@type":"EntryPoint","urlTemplate":"https:\/\/www.oknobuild.com\/?s={search_term_string}"},"query-input":{"@type":"PropertyValueSpecification","valueRequired":true,"valueName":"search_term_string"}}],"inLanguage":"cs"}]}},"_links":{"self":[{"href":"https:\/\/www.oknobuild.com\/index.php\/wp-json\/wp\/v2\/product\/70763","targetHints":{"allow":["GET"]}}],"collection":[{"href":"https:\/\/www.oknobuild.com\/index.php\/wp-json\/wp\/v2\/product"}],"about":[{"href":"https:\/\/www.oknobuild.com\/index.php\/wp-json\/wp\/v2\/types\/product"}],"replies":[{"embeddable":true,"href":"https:\/\/www.oknobuild.com\/index.php\/wp-json\/wp\/v2\/comments?post=70763"}],"wp:featuredmedia":[{"embeddable":true,"href":"https:\/\/www.oknobuild.com\/index.php\/wp-json\/wp\/v2\/media\/70863"}],"wp:attachment":[{"href":"https:\/\/www.oknobuild.com\/index.php\/wp-json\/wp\/v2\/media?parent=70763"}],"wp:term":[{"taxonomy":"product_brand","embeddable":true,"href":"https:\/\/www.oknobuild.com\/index.php\/wp-json\/wp\/v2\/product_brand?post=70763"},{"taxonomy":"product_cat","embeddable":true,"href":"https:\/\/www.oknobuild.com\/index.php\/wp-json\/wp\/v2\/product_cat?post=70763"},{"taxonomy":"product_tag","embeddable":true,"href":"https:\/\/www.oknobuild.com\/index.php\/wp-json\/wp\/v2\/product_tag?post=70763"}],"curies":[{"name":"wp","href":"https:\/\/api.w.org\/{rel}","templated":true}]}}