{"id":71157,"date":"2026-04-27T04:43:48","date_gmt":"2026-04-27T04:43:48","guid":{"rendered":""},"modified":"2026-04-27T04:43:48","modified_gmt":"2026-04-27T04:43:48","slug":"akce-bgs-hlavice-zastrcne-3-8-quot-torx-t15-t50-7-dilu-71157","status":"publish","type":"product","link":"https:\/\/www.oknobuild.com\/index.php\/produkt\/akce-bgs-hlavice-zastrcne-3-8-quot-torx-t15-t50-7-dilu-71157\/","title":{"rendered":"Akce BGS Hlavice z\u00e1str\u010dn\u00e9 3\/8&quot; Torx T15 &#8211; T50, 7 d\u00edl\u016f"},"content":{"rendered":"<div id=\"e2177557\" class=\"pages\">\n<div>\n<div id=\"PDDescription\" class=\"UserContentView userContent v1a v1 bs-view dcon dc164 PDDescription\" ><dc-con><dc-con><bs-empty><\/bs-empty><\/dc-con><dc-con>        <\/p>\n<div class=\"customDescription\">                    <\/div>\n<p><\/dc-con><dc-con><\/p>\n<ul>\n<li>r\u00fdhovan\u00e1<\/li>\n<li>na z\u00e1suvkov\u00e9 li\u0161t\u011b<\/li>\n<\/ul>\n<p><b>zahrnuje n\u00e1sleduj\u00edc\u00ed n\u00e1stroje:<\/b><\/p>\n<ul>\n<li> n\u00e1str\u010dky bit\u016f, 10 mm (3\/8&#8243;) pohon , T-Star (pro Torx) T15 &#8211; T20 &#8211; T25 &#8211; T30 &#8211; T40 &#8211; T45 &#8211; T50<\/li>\n<\/ul>\n<h2>Technick\u00e9 informace<\/h2>\n<p>Povrchov\u00e1 \u00faprava: Satinovan\u00fd chrom Hrub\u00e1 hmotnost: 302 g Materi\u00e1l: Chromvanadiov\u00e1 ocel Balen\u00ed vhodn\u00e9 k zav\u011b\u0161en\u00ed na st\u011bnu: Ano<\/p>\n<h2>Vyu\u017eit\u00ed<\/h2>\n<ul>\n<li>mont\u00e1\u017en\u00ed a servisn\u00ed pr\u00e1ce<\/li>\n<li>pou\u017eit\u00ed s r\u00e1\u010dnou nebo momentov\u00fdm kl\u00ed\u010dem<\/li>\n<li>profesion\u00e1ln\u00ed autoservisn\u00ed pou\u017eit\u00ed<\/li>\n<\/ul>\n<h2>V\u00fdhody<\/h2>\n<ul>\n<li>odoln\u00e1 konstrukce pro vysok\u00e9 zat\u00ed\u017een\u00ed<\/li>\n<li>p\u0159esn\u00e9 opracov\u00e1n\u00ed profilu<\/li>\n<li>spolehliv\u00fd p\u0159enos kroutic\u00edho momentu<\/li>\n<\/ul>\n<h2>Tip<\/h2>\n<p>P\u0159ed n\u00e1kupem ov\u011b\u0159 rozm\u011br, typ profilu a d\u00e9lku hlavice podle konkr\u00e9tn\u00ed aplikace. Spr\u00e1vn\u00e1 volba n\u00e1stroje zvy\u0161uje efektivitu i bezpe\u010dnost pr\u00e1ce.<\/p>\n<p><\/dc-con><\/dc-con><\/div>\n<div id=\"PDDescription2\" class=\"UserContentView userContent v1a v1 bs-view dcon dc165 PDDescription2\" >V\u00dd\u0160KA BALEN\u00cd<\/div>\n<\/p><\/div>\n<div id=\"PDTable3\" class=\"ProductDetailTableView v3a v3 bs-view dcon dc185 PDTable3\" >\n<table>\n<thead><\/thead>\n<tbody>\n<tr class=\"attribute attr_typ\">\n<td class=\"caption\">Typ<\/td>\n<td class=\"value\">T (Torx)<\/td>\n<\/tr>\n<tr class=\"attribute attr_bsshop_maker\">\n<td class=\"caption\">V\u00fdrobce<\/td>\n<td class=\"value\">BGS Technic<\/td>\n<\/tr>\n<\/tbody>\n<\/table>\n<\/div>\n<div id=\"PdProductGpsr\" class=\"ProductGpsrView v1a v1 bs-view dcon dc217 PdProductGpsr\" >\n<div class=\"subject\"><dc-root class=\"dcon dc219\"><span class=\"title\">Zodpov\u011bdn&#253; subjekt:<\/span><dc-con><dc-con><span class=\"company\">BGS technik KG<\/span><span class=\"name\">BGS Technic<\/span><\/dc-con><dc-con><span class=\"street\">Bandwirkerstr. 3<\/span><span class=\"city\">Wermelskirchen<\/span><span class=\"zip\">429 29<\/span><span class=\"country\">N\u011bmecko<\/span><\/dc-con><span class=\"email\">mail@bgs-technic.de<\/span><span class=\"phone\">+49 2196-720480<\/span><bs-empty><\/bs-empty><a href=\"https:\/\/www.bgstechnic.com\/\" class=\"link\" target=\"_blank\">https:\/\/www.bgstechnic.com\/<\/a><\/dc-con><bs-empty><\/bs-empty><\/dc-root><\/div>\n<p><bs-empty><\/bs-empty><\/div>\n<\/div>\n<div id=\"e2177558\" class=\"tabs\">\n","protected":false},"excerpt":{"rendered":"<p>r\u00fdhovan\u00e1 na z\u00e1suvkov\u00e9 li\u0161t\u011b zahrnuje n\u00e1sleduj\u00edc\u00ed n\u00e1stroje: n\u00e1str\u010dky bit\u016f, 10 mm (3\/8&#8243;) pohon , T-Star (pro Torx) T15 &#8211; T20 &#8211; T25 &#8211; T30 &#8211; T40 &#8211; T45 &#8211; T50 Technick\u00e9 informace Povrchov\u00e1 \u00faprava: Satinovan\u00fd chrom Hrub\u00e1 hmotnost: 302 g Materi\u00e1l: Chromvanadiov\u00e1 ocel Balen\u00ed vhodn\u00e9 k zav\u011b\u0161en\u00ed na st\u011bnu: Ano Vyu\u017eit\u00ed mont\u00e1\u017en\u00ed a servisn\u00ed pr\u00e1ce [&hellip;]<\/p>\n","protected":false},"featured_media":71257,"comment_status":"open","ping_status":"open","template":"","meta":[],"product_brand":[],"product_cat":[73],"product_tag":[],"class_list":{"0":"post-71157","1":"product","2":"type-product","3":"status-publish","4":"has-post-thumbnail","6":"product_cat-rucn-237-n-225-rad-237-a-d-237-lna","8":"first","9":"instock","10":"sale","11":"shipping-taxable","12":"purchasable","13":"product-type-simple"},"yoast_head":"<!-- This site is optimized with the Yoast SEO plugin v26.8 - https:\/\/yoast.com\/product\/yoast-seo-wordpress\/ -->\n<title>Akce BGS Hlavice z\u00e1str\u010dn\u00e9 3\/8&quot; Torx T15 - T50, 7 d\u00edl\u016f -<\/title>\n<meta name=\"robots\" content=\"index, follow, max-snippet:-1, max-image-preview:large, max-video-preview:-1\" \/>\n<link rel=\"canonical\" href=\"https:\/\/www.oknobuild.com\/index.php\/produkt\/akce-bgs-hlavice-zastrcne-3-8-quot-torx-t15-t50-7-dilu-71157\/\" \/>\n<meta property=\"og:locale\" content=\"cs_CZ\" \/>\n<meta property=\"og:type\" content=\"article\" \/>\n<meta property=\"og:title\" content=\"Akce BGS Hlavice z\u00e1str\u010dn\u00e9 3\/8&quot; Torx T15 - T50, 7 d\u00edl\u016f -\" \/>\n<meta property=\"og:description\" content=\"r\u00fdhovan\u00e1 na z\u00e1suvkov\u00e9 li\u0161t\u011b zahrnuje n\u00e1sleduj\u00edc\u00ed n\u00e1stroje: n\u00e1str\u010dky bit\u016f, 10 mm (3\/8&#8243;) pohon , T-Star (pro Torx) T15 &#8211; T20 &#8211; T25 &#8211; T30 &#8211; T40 &#8211; T45 &#8211; T50 Technick\u00e9 informace Povrchov\u00e1 \u00faprava: Satinovan\u00fd chrom Hrub\u00e1 hmotnost: 302 g Materi\u00e1l: Chromvanadiov\u00e1 ocel Balen\u00ed vhodn\u00e9 k zav\u011b\u0161en\u00ed na st\u011bnu: Ano Vyu\u017eit\u00ed mont\u00e1\u017en\u00ed a servisn\u00ed pr\u00e1ce [&hellip;]\" \/>\n<meta property=\"og:url\" content=\"https:\/\/www.oknobuild.com\/index.php\/produkt\/akce-bgs-hlavice-zastrcne-3-8-quot-torx-t15-t50-7-dilu-71157\/\" \/>\n<meta property=\"og:image\" content=\"https:\/\/www.oknobuild.com\/wp-content\/uploads\/2026\/SK0017415-CZ20260425-093449-0-1777080896-bgs-hlavice-zastrcne-3-8-torx-t15-t50-7-dilu.webp\" \/>\n\t<meta property=\"og:image:width\" content=\"1000\" \/>\n\t<meta property=\"og:image:height\" content=\"525\" \/>\n\t<meta property=\"og:image:type\" content=\"image\/webp\" \/>\n<meta name=\"twitter:card\" content=\"summary_large_image\" \/>\n<meta name=\"twitter:label1\" content=\"Odhadovan\u00e1 doba \u010dten\u00ed\" \/>\n\t<meta name=\"twitter:data1\" content=\"1 minuta\" \/>\n<script type=\"application\/ld+json\" class=\"yoast-schema-graph\">{\"@context\":\"https:\/\/schema.org\",\"@graph\":[{\"@type\":\"WebPage\",\"@id\":\"https:\/\/www.oknobuild.com\/index.php\/produkt\/akce-bgs-hlavice-zastrcne-3-8-quot-torx-t15-t50-7-dilu-71157\/\",\"url\":\"https:\/\/www.oknobuild.com\/index.php\/produkt\/akce-bgs-hlavice-zastrcne-3-8-quot-torx-t15-t50-7-dilu-71157\/\",\"name\":\"Akce BGS Hlavice z\u00e1str\u010dn\u00e9 3\/8&quot; Torx T15 - T50, 7 d\u00edl\u016f -\",\"isPartOf\":{\"@id\":\"https:\/\/www.oknobuild.com\/#website\"},\"primaryImageOfPage\":{\"@id\":\"https:\/\/www.oknobuild.com\/index.php\/produkt\/akce-bgs-hlavice-zastrcne-3-8-quot-torx-t15-t50-7-dilu-71157\/#primaryimage\"},\"image\":{\"@id\":\"https:\/\/www.oknobuild.com\/index.php\/produkt\/akce-bgs-hlavice-zastrcne-3-8-quot-torx-t15-t50-7-dilu-71157\/#primaryimage\"},\"thumbnailUrl\":\"https:\/\/www.oknobuild.com\/wp-content\/uploads\/2026\/SK0017415-CZ20260425-093449-0-1777080896-bgs-hlavice-zastrcne-3-8-torx-t15-t50-7-dilu.webp\",\"datePublished\":\"2026-04-27T04:43:48+00:00\",\"breadcrumb\":{\"@id\":\"https:\/\/www.oknobuild.com\/index.php\/produkt\/akce-bgs-hlavice-zastrcne-3-8-quot-torx-t15-t50-7-dilu-71157\/#breadcrumb\"},\"inLanguage\":\"cs\",\"potentialAction\":[{\"@type\":\"ReadAction\",\"target\":[\"https:\/\/www.oknobuild.com\/index.php\/produkt\/akce-bgs-hlavice-zastrcne-3-8-quot-torx-t15-t50-7-dilu-71157\/\"]}]},{\"@type\":\"ImageObject\",\"inLanguage\":\"cs\",\"@id\":\"https:\/\/www.oknobuild.com\/index.php\/produkt\/akce-bgs-hlavice-zastrcne-3-8-quot-torx-t15-t50-7-dilu-71157\/#primaryimage\",\"url\":\"https:\/\/www.oknobuild.com\/wp-content\/uploads\/2026\/SK0017415-CZ20260425-093449-0-1777080896-bgs-hlavice-zastrcne-3-8-torx-t15-t50-7-dilu.webp\",\"contentUrl\":\"https:\/\/www.oknobuild.com\/wp-content\/uploads\/2026\/SK0017415-CZ20260425-093449-0-1777080896-bgs-hlavice-zastrcne-3-8-torx-t15-t50-7-dilu.webp\",\"width\":1000,\"height\":525},{\"@type\":\"BreadcrumbList\",\"@id\":\"https:\/\/www.oknobuild.com\/index.php\/produkt\/akce-bgs-hlavice-zastrcne-3-8-quot-torx-t15-t50-7-dilu-71157\/#breadcrumb\",\"itemListElement\":[{\"@type\":\"ListItem\",\"position\":1,\"name\":\"Home\",\"item\":\"https:\/\/www.oknobuild.com\/\"},{\"@type\":\"ListItem\",\"position\":2,\"name\":\"Products\",\"item\":\"https:\/\/www.oknobuild.com\/index.php\/products\/\"},{\"@type\":\"ListItem\",\"position\":3,\"name\":\"Akce BGS Hlavice z\u00e1str\u010dn\u00e9 3\/8&quot; Torx T15 &#8211; T50, 7 d\u00edl\u016f\"}]},{\"@type\":\"WebSite\",\"@id\":\"https:\/\/www.oknobuild.com\/#website\",\"url\":\"https:\/\/www.oknobuild.com\/\",\"name\":\"\",\"description\":\"\",\"potentialAction\":[{\"@type\":\"SearchAction\",\"target\":{\"@type\":\"EntryPoint\",\"urlTemplate\":\"https:\/\/www.oknobuild.com\/?s={search_term_string}\"},\"query-input\":{\"@type\":\"PropertyValueSpecification\",\"valueRequired\":true,\"valueName\":\"search_term_string\"}}],\"inLanguage\":\"cs\"}]}<\/script>\n<!-- \/ Yoast SEO plugin. -->","yoast_head_json":{"title":"Akce BGS Hlavice z\u00e1str\u010dn\u00e9 3\/8&quot; Torx T15 - T50, 7 d\u00edl\u016f -","robots":{"index":"index","follow":"follow","max-snippet":"max-snippet:-1","max-image-preview":"max-image-preview:large","max-video-preview":"max-video-preview:-1"},"canonical":"https:\/\/www.oknobuild.com\/index.php\/produkt\/akce-bgs-hlavice-zastrcne-3-8-quot-torx-t15-t50-7-dilu-71157\/","og_locale":"cs_CZ","og_type":"article","og_title":"Akce BGS Hlavice z\u00e1str\u010dn\u00e9 3\/8&quot; Torx T15 - T50, 7 d\u00edl\u016f -","og_description":"r\u00fdhovan\u00e1 na z\u00e1suvkov\u00e9 li\u0161t\u011b zahrnuje n\u00e1sleduj\u00edc\u00ed n\u00e1stroje: n\u00e1str\u010dky bit\u016f, 10 mm (3\/8&#8243;) pohon , T-Star (pro Torx) T15 &#8211; T20 &#8211; T25 &#8211; T30 &#8211; T40 &#8211; T45 &#8211; T50 Technick\u00e9 informace Povrchov\u00e1 \u00faprava: Satinovan\u00fd chrom Hrub\u00e1 hmotnost: 302 g Materi\u00e1l: Chromvanadiov\u00e1 ocel Balen\u00ed vhodn\u00e9 k zav\u011b\u0161en\u00ed na st\u011bnu: Ano Vyu\u017eit\u00ed mont\u00e1\u017en\u00ed a servisn\u00ed pr\u00e1ce [&hellip;]","og_url":"https:\/\/www.oknobuild.com\/index.php\/produkt\/akce-bgs-hlavice-zastrcne-3-8-quot-torx-t15-t50-7-dilu-71157\/","og_image":[{"width":1000,"height":525,"url":"https:\/\/www.oknobuild.com\/wp-content\/uploads\/2026\/SK0017415-CZ20260425-093449-0-1777080896-bgs-hlavice-zastrcne-3-8-torx-t15-t50-7-dilu.webp","type":"image\/webp"}],"twitter_card":"summary_large_image","twitter_misc":{"Odhadovan\u00e1 doba \u010dten\u00ed":"1 minuta"},"schema":{"@context":"https:\/\/schema.org","@graph":[{"@type":"WebPage","@id":"https:\/\/www.oknobuild.com\/index.php\/produkt\/akce-bgs-hlavice-zastrcne-3-8-quot-torx-t15-t50-7-dilu-71157\/","url":"https:\/\/www.oknobuild.com\/index.php\/produkt\/akce-bgs-hlavice-zastrcne-3-8-quot-torx-t15-t50-7-dilu-71157\/","name":"Akce BGS Hlavice z\u00e1str\u010dn\u00e9 3\/8&quot; Torx T15 - T50, 7 d\u00edl\u016f -","isPartOf":{"@id":"https:\/\/www.oknobuild.com\/#website"},"primaryImageOfPage":{"@id":"https:\/\/www.oknobuild.com\/index.php\/produkt\/akce-bgs-hlavice-zastrcne-3-8-quot-torx-t15-t50-7-dilu-71157\/#primaryimage"},"image":{"@id":"https:\/\/www.oknobuild.com\/index.php\/produkt\/akce-bgs-hlavice-zastrcne-3-8-quot-torx-t15-t50-7-dilu-71157\/#primaryimage"},"thumbnailUrl":"https:\/\/www.oknobuild.com\/wp-content\/uploads\/2026\/SK0017415-CZ20260425-093449-0-1777080896-bgs-hlavice-zastrcne-3-8-torx-t15-t50-7-dilu.webp","datePublished":"2026-04-27T04:43:48+00:00","breadcrumb":{"@id":"https:\/\/www.oknobuild.com\/index.php\/produkt\/akce-bgs-hlavice-zastrcne-3-8-quot-torx-t15-t50-7-dilu-71157\/#breadcrumb"},"inLanguage":"cs","potentialAction":[{"@type":"ReadAction","target":["https:\/\/www.oknobuild.com\/index.php\/produkt\/akce-bgs-hlavice-zastrcne-3-8-quot-torx-t15-t50-7-dilu-71157\/"]}]},{"@type":"ImageObject","inLanguage":"cs","@id":"https:\/\/www.oknobuild.com\/index.php\/produkt\/akce-bgs-hlavice-zastrcne-3-8-quot-torx-t15-t50-7-dilu-71157\/#primaryimage","url":"https:\/\/www.oknobuild.com\/wp-content\/uploads\/2026\/SK0017415-CZ20260425-093449-0-1777080896-bgs-hlavice-zastrcne-3-8-torx-t15-t50-7-dilu.webp","contentUrl":"https:\/\/www.oknobuild.com\/wp-content\/uploads\/2026\/SK0017415-CZ20260425-093449-0-1777080896-bgs-hlavice-zastrcne-3-8-torx-t15-t50-7-dilu.webp","width":1000,"height":525},{"@type":"BreadcrumbList","@id":"https:\/\/www.oknobuild.com\/index.php\/produkt\/akce-bgs-hlavice-zastrcne-3-8-quot-torx-t15-t50-7-dilu-71157\/#breadcrumb","itemListElement":[{"@type":"ListItem","position":1,"name":"Home","item":"https:\/\/www.oknobuild.com\/"},{"@type":"ListItem","position":2,"name":"Products","item":"https:\/\/www.oknobuild.com\/index.php\/products\/"},{"@type":"ListItem","position":3,"name":"Akce BGS Hlavice z\u00e1str\u010dn\u00e9 3\/8&quot; Torx T15 &#8211; T50, 7 d\u00edl\u016f"}]},{"@type":"WebSite","@id":"https:\/\/www.oknobuild.com\/#website","url":"https:\/\/www.oknobuild.com\/","name":"","description":"","potentialAction":[{"@type":"SearchAction","target":{"@type":"EntryPoint","urlTemplate":"https:\/\/www.oknobuild.com\/?s={search_term_string}"},"query-input":{"@type":"PropertyValueSpecification","valueRequired":true,"valueName":"search_term_string"}}],"inLanguage":"cs"}]}},"_links":{"self":[{"href":"https:\/\/www.oknobuild.com\/index.php\/wp-json\/wp\/v2\/product\/71157","targetHints":{"allow":["GET"]}}],"collection":[{"href":"https:\/\/www.oknobuild.com\/index.php\/wp-json\/wp\/v2\/product"}],"about":[{"href":"https:\/\/www.oknobuild.com\/index.php\/wp-json\/wp\/v2\/types\/product"}],"replies":[{"embeddable":true,"href":"https:\/\/www.oknobuild.com\/index.php\/wp-json\/wp\/v2\/comments?post=71157"}],"wp:featuredmedia":[{"embeddable":true,"href":"https:\/\/www.oknobuild.com\/index.php\/wp-json\/wp\/v2\/media\/71257"}],"wp:attachment":[{"href":"https:\/\/www.oknobuild.com\/index.php\/wp-json\/wp\/v2\/media?parent=71157"}],"wp:term":[{"taxonomy":"product_brand","embeddable":true,"href":"https:\/\/www.oknobuild.com\/index.php\/wp-json\/wp\/v2\/product_brand?post=71157"},{"taxonomy":"product_cat","embeddable":true,"href":"https:\/\/www.oknobuild.com\/index.php\/wp-json\/wp\/v2\/product_cat?post=71157"},{"taxonomy":"product_tag","embeddable":true,"href":"https:\/\/www.oknobuild.com\/index.php\/wp-json\/wp\/v2\/product_tag?post=71157"}],"curies":[{"name":"wp","href":"https:\/\/api.w.org\/{rel}","templated":true}]}}