{"id":7167,"date":"2026-04-27T04:40:49","date_gmt":"2026-04-27T04:40:49","guid":{"rendered":""},"modified":"2026-04-27T04:40:49","modified_gmt":"2026-04-27T04:40:49","slug":"hit-sezony-workersbest-801-00021-sada-hmozdinek-s-izolaci-160ks-70x6mm-80x8mm-10x10mm-7167","status":"publish","type":"product","link":"https:\/\/www.oknobuild.com\/index.php\/produkt\/hit-sezony-workersbest-801-00021-sada-hmozdinek-s-izolaci-160ks-70x6mm-80x8mm-10x10mm-7167\/","title":{"rendered":"Hit Sez\u00f3ny WorkersBest 801-00021 sada hmo\u017edinek s izolac\u00ed 160ks 70x6mm,80x8mm,10x10mm"},"content":{"rendered":"<table>\n<div class=\"tab-pane active product-description\" id=\"popis\" role=\"tabpanel\">\n<div class=\"short-description\" itemprop=\"description\"><\/div>\n<div class=\"description\">\n<p><span class=\"bullet-line\">Materi\u00e1l: nylonObsah: 160 kus\u016fMateri\u00e1l: nylon Obsah: hmo\u017edinky: 6mm 70 kus\u016f 8mm 80 kus\u016f 10mm 10 kus\u016f vrt\u00e1k do kamene: 6mm 1 kus 8mm 1 kus 10mm 1 kus<\/span><\/p>\n<\/div>\n<div class=\"parameters\">\n<tr>\n<td>materi\u00e1l<\/td>\n<td>nylon<\/td>\n<\/tr>\n<tr>\n<td>dopl\u0148kov\u00fd text<\/td>\n<td>Pr\u016fm\u011br | obsah 6 mm | 1 kus 8 mm | 1 kus 10 mm | 1 kus<\/td>\n<\/tr>\n<tr>\n<td>Dal\u0161\u00ed vlastnosti produktu<\/td>\n<td>Rozm\u011bry | Obsah 6mm | 70 kus\u016f 8mm | 80 kus\u016f 10mm | 10 kus\u016f<\/td>\n<\/tr>\n<tr>\n<td>obsah<\/td>\n<td>160 kus\u016f<\/td>\n<\/tr>\n<tr>\n<td>Dal\u0161\u00ed vlastnosti produktu 02<\/td>\n<td>hmo\u017edinky:<\/td>\n<\/tr>\n<tr>\n<td>Dal\u0161\u00ed vlastnosti produktu 03<\/td>\n<td>Obsah: Hmo\u017edinka: 6mm 70 kus\u016f 8mm 80 kus\u016f 10mm 10 kus\u016f vrt\u00e1k do kamene: 6mm 1 kus 8mm 1 kus 10mm 1 kus<\/td>\n<\/tr>\n<tr>\n<td>vhodn\u00e9 pro<\/td>\n<td>&#8211;<\/td>\n<\/tr>\n<tr>\n<td>povrch<\/td>\n<td>&#8211;<\/td>\n<\/tr>\n<tr>\n<td>rozsah<\/td>\n<td>&#8211;<\/td>\n<\/tr><\/div>\n<\/table>\n","protected":false},"excerpt":{"rendered":"<p>Materi\u00e1l: nylonObsah: 160 kus\u016fMateri\u00e1l: nylon Obsah: hmo\u017edinky: 6mm 70 kus\u016f 8mm 80 kus\u016f 10mm 10 kus\u016f vrt\u00e1k do kamene: 6mm 1 kus 8mm 1 kus 10mm 1 kus materi\u00e1l nylon dopl\u0148kov\u00fd text Pr\u016fm\u011br | obsah 6 mm | 1 kus 8 mm | 1 kus 10 mm | 1 kus Dal\u0161\u00ed vlastnosti produktu Rozm\u011bry | [&hellip;]<\/p>\n","protected":false},"featured_media":7267,"comment_status":"open","ping_status":"open","template":"","meta":[],"product_brand":[],"product_cat":[43],"product_tag":[],"class_list":{"0":"post-7167","1":"product","2":"type-product","3":"status-publish","4":"has-post-thumbnail","6":"product_cat-dilna","8":"first","9":"instock","10":"sale","11":"shipping-taxable","12":"purchasable","13":"product-type-simple"},"yoast_head":"<!-- This site is optimized with the Yoast SEO plugin v26.8 - https:\/\/yoast.com\/product\/yoast-seo-wordpress\/ -->\n<title>Hit Sez\u00f3ny WorkersBest 801-00021 sada hmo\u017edinek s izolac\u00ed 160ks 70x6mm,80x8mm,10x10mm -<\/title>\n<meta name=\"robots\" content=\"index, follow, max-snippet:-1, max-image-preview:large, max-video-preview:-1\" \/>\n<link rel=\"canonical\" href=\"https:\/\/www.oknobuild.com\/index.php\/produkt\/hit-sezony-workersbest-801-00021-sada-hmozdinek-s-izolaci-160ks-70x6mm-80x8mm-10x10mm-7167\/\" \/>\n<meta property=\"og:locale\" content=\"cs_CZ\" \/>\n<meta property=\"og:type\" content=\"article\" \/>\n<meta property=\"og:title\" content=\"Hit Sez\u00f3ny WorkersBest 801-00021 sada hmo\u017edinek s izolac\u00ed 160ks 70x6mm,80x8mm,10x10mm -\" \/>\n<meta property=\"og:description\" content=\"Materi\u00e1l: nylonObsah: 160 kus\u016fMateri\u00e1l: nylon Obsah: hmo\u017edinky: 6mm 70 kus\u016f 8mm 80 kus\u016f 10mm 10 kus\u016f vrt\u00e1k do kamene: 6mm 1 kus 8mm 1 kus 10mm 1 kus materi\u00e1l nylon dopl\u0148kov\u00fd text Pr\u016fm\u011br | obsah 6 mm | 1 kus 8 mm | 1 kus 10 mm | 1 kus Dal\u0161\u00ed vlastnosti produktu Rozm\u011bry | [&hellip;]\" \/>\n<meta property=\"og:url\" content=\"https:\/\/www.oknobuild.com\/index.php\/produkt\/hit-sezony-workersbest-801-00021-sada-hmozdinek-s-izolaci-160ks-70x6mm-80x8mm-10x10mm-7167\/\" \/>\n<meta property=\"og:image\" content=\"https:\/\/www.oknobuild.com\/wp-content\/uploads\/2026\/SK0018315-CZ20260425-092328-0-1777080210-207720-1_133522.webp\" \/>\n\t<meta property=\"og:image:width\" content=\"800\" \/>\n\t<meta property=\"og:image:height\" content=\"800\" \/>\n\t<meta property=\"og:image:type\" content=\"image\/webp\" \/>\n<meta name=\"twitter:card\" content=\"summary_large_image\" \/>\n<script type=\"application\/ld+json\" class=\"yoast-schema-graph\">{\"@context\":\"https:\/\/schema.org\",\"@graph\":[{\"@type\":\"WebPage\",\"@id\":\"https:\/\/www.oknobuild.com\/index.php\/produkt\/hit-sezony-workersbest-801-00021-sada-hmozdinek-s-izolaci-160ks-70x6mm-80x8mm-10x10mm-7167\/\",\"url\":\"https:\/\/www.oknobuild.com\/index.php\/produkt\/hit-sezony-workersbest-801-00021-sada-hmozdinek-s-izolaci-160ks-70x6mm-80x8mm-10x10mm-7167\/\",\"name\":\"Hit Sez\u00f3ny WorkersBest 801-00021 sada hmo\u017edinek s izolac\u00ed 160ks 70x6mm,80x8mm,10x10mm -\",\"isPartOf\":{\"@id\":\"https:\/\/www.oknobuild.com\/#website\"},\"primaryImageOfPage\":{\"@id\":\"https:\/\/www.oknobuild.com\/index.php\/produkt\/hit-sezony-workersbest-801-00021-sada-hmozdinek-s-izolaci-160ks-70x6mm-80x8mm-10x10mm-7167\/#primaryimage\"},\"image\":{\"@id\":\"https:\/\/www.oknobuild.com\/index.php\/produkt\/hit-sezony-workersbest-801-00021-sada-hmozdinek-s-izolaci-160ks-70x6mm-80x8mm-10x10mm-7167\/#primaryimage\"},\"thumbnailUrl\":\"https:\/\/www.oknobuild.com\/wp-content\/uploads\/2026\/SK0018315-CZ20260425-092328-0-1777080210-207720-1_133522.webp\",\"datePublished\":\"2026-04-27T04:40:49+00:00\",\"breadcrumb\":{\"@id\":\"https:\/\/www.oknobuild.com\/index.php\/produkt\/hit-sezony-workersbest-801-00021-sada-hmozdinek-s-izolaci-160ks-70x6mm-80x8mm-10x10mm-7167\/#breadcrumb\"},\"inLanguage\":\"cs\",\"potentialAction\":[{\"@type\":\"ReadAction\",\"target\":[\"https:\/\/www.oknobuild.com\/index.php\/produkt\/hit-sezony-workersbest-801-00021-sada-hmozdinek-s-izolaci-160ks-70x6mm-80x8mm-10x10mm-7167\/\"]}]},{\"@type\":\"ImageObject\",\"inLanguage\":\"cs\",\"@id\":\"https:\/\/www.oknobuild.com\/index.php\/produkt\/hit-sezony-workersbest-801-00021-sada-hmozdinek-s-izolaci-160ks-70x6mm-80x8mm-10x10mm-7167\/#primaryimage\",\"url\":\"https:\/\/www.oknobuild.com\/wp-content\/uploads\/2026\/SK0018315-CZ20260425-092328-0-1777080210-207720-1_133522.webp\",\"contentUrl\":\"https:\/\/www.oknobuild.com\/wp-content\/uploads\/2026\/SK0018315-CZ20260425-092328-0-1777080210-207720-1_133522.webp\",\"width\":800,\"height\":800},{\"@type\":\"BreadcrumbList\",\"@id\":\"https:\/\/www.oknobuild.com\/index.php\/produkt\/hit-sezony-workersbest-801-00021-sada-hmozdinek-s-izolaci-160ks-70x6mm-80x8mm-10x10mm-7167\/#breadcrumb\",\"itemListElement\":[{\"@type\":\"ListItem\",\"position\":1,\"name\":\"Home\",\"item\":\"https:\/\/www.oknobuild.com\/\"},{\"@type\":\"ListItem\",\"position\":2,\"name\":\"Products\",\"item\":\"https:\/\/www.oknobuild.com\/index.php\/products\/\"},{\"@type\":\"ListItem\",\"position\":3,\"name\":\"Hit Sez\u00f3ny WorkersBest 801-00021 sada hmo\u017edinek s izolac\u00ed 160ks 70x6mm,80x8mm,10x10mm\"}]},{\"@type\":\"WebSite\",\"@id\":\"https:\/\/www.oknobuild.com\/#website\",\"url\":\"https:\/\/www.oknobuild.com\/\",\"name\":\"\",\"description\":\"\",\"potentialAction\":[{\"@type\":\"SearchAction\",\"target\":{\"@type\":\"EntryPoint\",\"urlTemplate\":\"https:\/\/www.oknobuild.com\/?s={search_term_string}\"},\"query-input\":{\"@type\":\"PropertyValueSpecification\",\"valueRequired\":true,\"valueName\":\"search_term_string\"}}],\"inLanguage\":\"cs\"}]}<\/script>\n<!-- \/ Yoast SEO plugin. -->","yoast_head_json":{"title":"Hit Sez\u00f3ny WorkersBest 801-00021 sada hmo\u017edinek s izolac\u00ed 160ks 70x6mm,80x8mm,10x10mm -","robots":{"index":"index","follow":"follow","max-snippet":"max-snippet:-1","max-image-preview":"max-image-preview:large","max-video-preview":"max-video-preview:-1"},"canonical":"https:\/\/www.oknobuild.com\/index.php\/produkt\/hit-sezony-workersbest-801-00021-sada-hmozdinek-s-izolaci-160ks-70x6mm-80x8mm-10x10mm-7167\/","og_locale":"cs_CZ","og_type":"article","og_title":"Hit Sez\u00f3ny WorkersBest 801-00021 sada hmo\u017edinek s izolac\u00ed 160ks 70x6mm,80x8mm,10x10mm -","og_description":"Materi\u00e1l: nylonObsah: 160 kus\u016fMateri\u00e1l: nylon Obsah: hmo\u017edinky: 6mm 70 kus\u016f 8mm 80 kus\u016f 10mm 10 kus\u016f vrt\u00e1k do kamene: 6mm 1 kus 8mm 1 kus 10mm 1 kus materi\u00e1l nylon dopl\u0148kov\u00fd text Pr\u016fm\u011br | obsah 6 mm | 1 kus 8 mm | 1 kus 10 mm | 1 kus Dal\u0161\u00ed vlastnosti produktu Rozm\u011bry | [&hellip;]","og_url":"https:\/\/www.oknobuild.com\/index.php\/produkt\/hit-sezony-workersbest-801-00021-sada-hmozdinek-s-izolaci-160ks-70x6mm-80x8mm-10x10mm-7167\/","og_image":[{"width":800,"height":800,"url":"https:\/\/www.oknobuild.com\/wp-content\/uploads\/2026\/SK0018315-CZ20260425-092328-0-1777080210-207720-1_133522.webp","type":"image\/webp"}],"twitter_card":"summary_large_image","schema":{"@context":"https:\/\/schema.org","@graph":[{"@type":"WebPage","@id":"https:\/\/www.oknobuild.com\/index.php\/produkt\/hit-sezony-workersbest-801-00021-sada-hmozdinek-s-izolaci-160ks-70x6mm-80x8mm-10x10mm-7167\/","url":"https:\/\/www.oknobuild.com\/index.php\/produkt\/hit-sezony-workersbest-801-00021-sada-hmozdinek-s-izolaci-160ks-70x6mm-80x8mm-10x10mm-7167\/","name":"Hit Sez\u00f3ny WorkersBest 801-00021 sada hmo\u017edinek s izolac\u00ed 160ks 70x6mm,80x8mm,10x10mm -","isPartOf":{"@id":"https:\/\/www.oknobuild.com\/#website"},"primaryImageOfPage":{"@id":"https:\/\/www.oknobuild.com\/index.php\/produkt\/hit-sezony-workersbest-801-00021-sada-hmozdinek-s-izolaci-160ks-70x6mm-80x8mm-10x10mm-7167\/#primaryimage"},"image":{"@id":"https:\/\/www.oknobuild.com\/index.php\/produkt\/hit-sezony-workersbest-801-00021-sada-hmozdinek-s-izolaci-160ks-70x6mm-80x8mm-10x10mm-7167\/#primaryimage"},"thumbnailUrl":"https:\/\/www.oknobuild.com\/wp-content\/uploads\/2026\/SK0018315-CZ20260425-092328-0-1777080210-207720-1_133522.webp","datePublished":"2026-04-27T04:40:49+00:00","breadcrumb":{"@id":"https:\/\/www.oknobuild.com\/index.php\/produkt\/hit-sezony-workersbest-801-00021-sada-hmozdinek-s-izolaci-160ks-70x6mm-80x8mm-10x10mm-7167\/#breadcrumb"},"inLanguage":"cs","potentialAction":[{"@type":"ReadAction","target":["https:\/\/www.oknobuild.com\/index.php\/produkt\/hit-sezony-workersbest-801-00021-sada-hmozdinek-s-izolaci-160ks-70x6mm-80x8mm-10x10mm-7167\/"]}]},{"@type":"ImageObject","inLanguage":"cs","@id":"https:\/\/www.oknobuild.com\/index.php\/produkt\/hit-sezony-workersbest-801-00021-sada-hmozdinek-s-izolaci-160ks-70x6mm-80x8mm-10x10mm-7167\/#primaryimage","url":"https:\/\/www.oknobuild.com\/wp-content\/uploads\/2026\/SK0018315-CZ20260425-092328-0-1777080210-207720-1_133522.webp","contentUrl":"https:\/\/www.oknobuild.com\/wp-content\/uploads\/2026\/SK0018315-CZ20260425-092328-0-1777080210-207720-1_133522.webp","width":800,"height":800},{"@type":"BreadcrumbList","@id":"https:\/\/www.oknobuild.com\/index.php\/produkt\/hit-sezony-workersbest-801-00021-sada-hmozdinek-s-izolaci-160ks-70x6mm-80x8mm-10x10mm-7167\/#breadcrumb","itemListElement":[{"@type":"ListItem","position":1,"name":"Home","item":"https:\/\/www.oknobuild.com\/"},{"@type":"ListItem","position":2,"name":"Products","item":"https:\/\/www.oknobuild.com\/index.php\/products\/"},{"@type":"ListItem","position":3,"name":"Hit Sez\u00f3ny WorkersBest 801-00021 sada hmo\u017edinek s izolac\u00ed 160ks 70x6mm,80x8mm,10x10mm"}]},{"@type":"WebSite","@id":"https:\/\/www.oknobuild.com\/#website","url":"https:\/\/www.oknobuild.com\/","name":"","description":"","potentialAction":[{"@type":"SearchAction","target":{"@type":"EntryPoint","urlTemplate":"https:\/\/www.oknobuild.com\/?s={search_term_string}"},"query-input":{"@type":"PropertyValueSpecification","valueRequired":true,"valueName":"search_term_string"}}],"inLanguage":"cs"}]}},"_links":{"self":[{"href":"https:\/\/www.oknobuild.com\/index.php\/wp-json\/wp\/v2\/product\/7167","targetHints":{"allow":["GET"]}}],"collection":[{"href":"https:\/\/www.oknobuild.com\/index.php\/wp-json\/wp\/v2\/product"}],"about":[{"href":"https:\/\/www.oknobuild.com\/index.php\/wp-json\/wp\/v2\/types\/product"}],"replies":[{"embeddable":true,"href":"https:\/\/www.oknobuild.com\/index.php\/wp-json\/wp\/v2\/comments?post=7167"}],"wp:featuredmedia":[{"embeddable":true,"href":"https:\/\/www.oknobuild.com\/index.php\/wp-json\/wp\/v2\/media\/7267"}],"wp:attachment":[{"href":"https:\/\/www.oknobuild.com\/index.php\/wp-json\/wp\/v2\/media?parent=7167"}],"wp:term":[{"taxonomy":"product_brand","embeddable":true,"href":"https:\/\/www.oknobuild.com\/index.php\/wp-json\/wp\/v2\/product_brand?post=7167"},{"taxonomy":"product_cat","embeddable":true,"href":"https:\/\/www.oknobuild.com\/index.php\/wp-json\/wp\/v2\/product_cat?post=7167"},{"taxonomy":"product_tag","embeddable":true,"href":"https:\/\/www.oknobuild.com\/index.php\/wp-json\/wp\/v2\/product_tag?post=7167"}],"curies":[{"name":"wp","href":"https:\/\/api.w.org\/{rel}","templated":true}]}}