{"id":7169,"date":"2026-04-27T04:40:49","date_gmt":"2026-04-27T04:40:49","guid":{"rendered":""},"modified":"2026-04-27T04:40:49","modified_gmt":"2026-04-27T04:40:49","slug":"workersbest-899-00480-sada-kabelovych-ok-200ks-zlevneny-7169","status":"publish","type":"product","link":"https:\/\/www.oknobuild.com\/index.php\/produkt\/workersbest-899-00480-sada-kabelovych-ok-200ks-zlevneny-7169\/","title":{"rendered":"WorkersBest 899-00480 sada kabelov\u00fdch ok 200ks Zlevn\u011bn\u00fd"},"content":{"rendered":"<table>\n<div class=\"tab-pane active product-description\" id=\"popis\" role=\"tabpanel\">\n<div class=\"short-description\" itemprop=\"description\"><\/div>\n<div class=\"description\"><span class='bullet-line'>Materi\u00e1l: plastov\u00e1 m\u011b\u010f<\/span><span class='bullet-line'>Povrch: chromovan\u00e1<\/span><span class='bullet-line'>Obsah: 200 kus\u016f<\/span><span class='bullet-line'>Materi\u00e1l: plastov\u00e1 m\u011b\u010f <\/span><span class='bullet-line'>Povrch: chromovan\u00e1 pro pr\u016f\u0159ezy vodi\u010d\u016f od 0,50 do 1 mm\u00b2 (\u010derven\u00e1) od 1,5 do 2,5 mm\u00b2 (modr\u00e1) a od 4 do 6 mm\u00b2 (\u017elut\u00e1)<\/span><\/div>\n<div class=\"parameters\">\n<tr>\n<td>materi\u00e1l<\/td>\n<td>Plastov\u00e1 m\u011b\u010f<\/td>\n<\/tr>\n<tr>\n<td>Dal\u0161\u00ed vlastnosti produktu<\/td>\n<td>pro pr\u016f\u0159ezy vodi\u010d\u016f od 0,50 do 1 mm\u00b2 (\u010derven\u00e1) od 1,5 do 2,5 mm\u00b2 (modr\u00e1) a od 4 do 6 mm\u00b2 (\u017elut\u00e1)<\/td>\n<\/tr>\n<tr>\n<td>obsah<\/td>\n<td>200 kus\u016f<\/td>\n<\/tr>\n<tr>\n<td>Dal\u0161\u00ed vlastnosti produktu 02<\/td>\n<td>Obsah: Prstencov\u00fd tvar: 40 kus\u016f \u010derven\u00e9 a modr\u00e9, 10 kus\u016f \u017elut\u00e9 Tvar vidlice: 20 kus\u016f \u010derven\u00e9, 15 kus\u016f modr\u00e9 n\u00e1doby: ka\u017ed\u00fd 15 kus\u016f \u010derven\u00e9 a modr\u00e9<\/td>\n<\/tr>\n<tr>\n<td>Dal\u0161\u00ed vlastnosti produktu 03<\/td>\n<td>Ploch\u00fd konektor: 10 kus\u016f ka\u017ed\u00fd \u010derven\u00fd a modr\u00fd Butt konektor: 10 kus\u016f ka\u017ed\u00fd \u010derven\u00fd a modr\u00fd; 5 kus\u016f \u017elut\u00e9<\/td>\n<\/tr>\n<tr>\n<td>vhodn\u00e9 pro<\/td>\n<td>&#8211;<\/td>\n<\/tr>\n<tr>\n<td>povrch<\/td>\n<td>chromovan\u00fd<\/td>\n<\/tr>\n<tr>\n<td>rozsah<\/td>\n<td>&#8211;<\/td>\n<\/tr><\/div>\n<\/table>\n","protected":false},"excerpt":{"rendered":"<p>Materi\u00e1l: plastov\u00e1 m\u011b\u010fPovrch: chromovan\u00e1Obsah: 200 kus\u016fMateri\u00e1l: plastov\u00e1 m\u011b\u010f Povrch: chromovan\u00e1 pro pr\u016f\u0159ezy vodi\u010d\u016f od 0,50 do 1 mm\u00b2 (\u010derven\u00e1) od 1,5 do 2,5 mm\u00b2 (modr\u00e1) a od 4 do 6 mm\u00b2 (\u017elut\u00e1) materi\u00e1l Plastov\u00e1 m\u011b\u010f Dal\u0161\u00ed vlastnosti produktu pro pr\u016f\u0159ezy vodi\u010d\u016f od 0,50 do 1 mm\u00b2 (\u010derven\u00e1) od 1,5 do 2,5 mm\u00b2 (modr\u00e1) a od [&hellip;]<\/p>\n","protected":false},"featured_media":7269,"comment_status":"open","ping_status":"open","template":"","meta":[],"product_brand":[],"product_cat":[43],"product_tag":[],"class_list":{"0":"post-7169","1":"product","2":"type-product","3":"status-publish","4":"has-post-thumbnail","6":"product_cat-dilna","8":"first","9":"instock","10":"sale","11":"shipping-taxable","12":"purchasable","13":"product-type-simple"},"yoast_head":"<!-- This site is optimized with the Yoast SEO plugin v26.8 - https:\/\/yoast.com\/product\/yoast-seo-wordpress\/ -->\n<title>WorkersBest 899-00480 sada kabelov\u00fdch ok 200ks Zlevn\u011bn\u00fd -<\/title>\n<meta name=\"robots\" content=\"index, follow, max-snippet:-1, max-image-preview:large, max-video-preview:-1\" \/>\n<link rel=\"canonical\" href=\"https:\/\/www.oknobuild.com\/index.php\/produkt\/workersbest-899-00480-sada-kabelovych-ok-200ks-zlevneny-7169\/\" \/>\n<meta property=\"og:locale\" content=\"cs_CZ\" \/>\n<meta property=\"og:type\" content=\"article\" \/>\n<meta property=\"og:title\" content=\"WorkersBest 899-00480 sada kabelov\u00fdch ok 200ks Zlevn\u011bn\u00fd -\" \/>\n<meta property=\"og:description\" content=\"Materi\u00e1l: plastov\u00e1 m\u011b\u010fPovrch: chromovan\u00e1Obsah: 200 kus\u016fMateri\u00e1l: plastov\u00e1 m\u011b\u010f Povrch: chromovan\u00e1 pro pr\u016f\u0159ezy vodi\u010d\u016f od 0,50 do 1 mm\u00b2 (\u010derven\u00e1) od 1,5 do 2,5 mm\u00b2 (modr\u00e1) a od 4 do 6 mm\u00b2 (\u017elut\u00e1) materi\u00e1l Plastov\u00e1 m\u011b\u010f Dal\u0161\u00ed vlastnosti produktu pro pr\u016f\u0159ezy vodi\u010d\u016f od 0,50 do 1 mm\u00b2 (\u010derven\u00e1) od 1,5 do 2,5 mm\u00b2 (modr\u00e1) a od [&hellip;]\" \/>\n<meta property=\"og:url\" content=\"https:\/\/www.oknobuild.com\/index.php\/produkt\/workersbest-899-00480-sada-kabelovych-ok-200ks-zlevneny-7169\/\" \/>\n<meta property=\"og:image\" content=\"https:\/\/www.oknobuild.com\/wp-content\/uploads\/2026\/SK0018317-CZ20260425-092328-0-1777080210-207722-1_133522.webp\" \/>\n\t<meta property=\"og:image:width\" content=\"800\" \/>\n\t<meta property=\"og:image:height\" content=\"800\" \/>\n\t<meta property=\"og:image:type\" content=\"image\/webp\" \/>\n<meta name=\"twitter:card\" content=\"summary_large_image\" \/>\n<meta name=\"twitter:label1\" content=\"Odhadovan\u00e1 doba \u010dten\u00ed\" \/>\n\t<meta name=\"twitter:data1\" content=\"1 minuta\" \/>\n<script type=\"application\/ld+json\" class=\"yoast-schema-graph\">{\"@context\":\"https:\/\/schema.org\",\"@graph\":[{\"@type\":\"WebPage\",\"@id\":\"https:\/\/www.oknobuild.com\/index.php\/produkt\/workersbest-899-00480-sada-kabelovych-ok-200ks-zlevneny-7169\/\",\"url\":\"https:\/\/www.oknobuild.com\/index.php\/produkt\/workersbest-899-00480-sada-kabelovych-ok-200ks-zlevneny-7169\/\",\"name\":\"WorkersBest 899-00480 sada kabelov\u00fdch ok 200ks Zlevn\u011bn\u00fd -\",\"isPartOf\":{\"@id\":\"https:\/\/www.oknobuild.com\/#website\"},\"primaryImageOfPage\":{\"@id\":\"https:\/\/www.oknobuild.com\/index.php\/produkt\/workersbest-899-00480-sada-kabelovych-ok-200ks-zlevneny-7169\/#primaryimage\"},\"image\":{\"@id\":\"https:\/\/www.oknobuild.com\/index.php\/produkt\/workersbest-899-00480-sada-kabelovych-ok-200ks-zlevneny-7169\/#primaryimage\"},\"thumbnailUrl\":\"https:\/\/www.oknobuild.com\/wp-content\/uploads\/2026\/SK0018317-CZ20260425-092328-0-1777080210-207722-1_133522.webp\",\"datePublished\":\"2026-04-27T04:40:49+00:00\",\"breadcrumb\":{\"@id\":\"https:\/\/www.oknobuild.com\/index.php\/produkt\/workersbest-899-00480-sada-kabelovych-ok-200ks-zlevneny-7169\/#breadcrumb\"},\"inLanguage\":\"cs\",\"potentialAction\":[{\"@type\":\"ReadAction\",\"target\":[\"https:\/\/www.oknobuild.com\/index.php\/produkt\/workersbest-899-00480-sada-kabelovych-ok-200ks-zlevneny-7169\/\"]}]},{\"@type\":\"ImageObject\",\"inLanguage\":\"cs\",\"@id\":\"https:\/\/www.oknobuild.com\/index.php\/produkt\/workersbest-899-00480-sada-kabelovych-ok-200ks-zlevneny-7169\/#primaryimage\",\"url\":\"https:\/\/www.oknobuild.com\/wp-content\/uploads\/2026\/SK0018317-CZ20260425-092328-0-1777080210-207722-1_133522.webp\",\"contentUrl\":\"https:\/\/www.oknobuild.com\/wp-content\/uploads\/2026\/SK0018317-CZ20260425-092328-0-1777080210-207722-1_133522.webp\",\"width\":800,\"height\":800},{\"@type\":\"BreadcrumbList\",\"@id\":\"https:\/\/www.oknobuild.com\/index.php\/produkt\/workersbest-899-00480-sada-kabelovych-ok-200ks-zlevneny-7169\/#breadcrumb\",\"itemListElement\":[{\"@type\":\"ListItem\",\"position\":1,\"name\":\"Home\",\"item\":\"https:\/\/www.oknobuild.com\/\"},{\"@type\":\"ListItem\",\"position\":2,\"name\":\"Products\",\"item\":\"https:\/\/www.oknobuild.com\/index.php\/products\/\"},{\"@type\":\"ListItem\",\"position\":3,\"name\":\"WorkersBest 899-00480 sada kabelov\u00fdch ok 200ks Zlevn\u011bn\u00fd\"}]},{\"@type\":\"WebSite\",\"@id\":\"https:\/\/www.oknobuild.com\/#website\",\"url\":\"https:\/\/www.oknobuild.com\/\",\"name\":\"\",\"description\":\"\",\"potentialAction\":[{\"@type\":\"SearchAction\",\"target\":{\"@type\":\"EntryPoint\",\"urlTemplate\":\"https:\/\/www.oknobuild.com\/?s={search_term_string}\"},\"query-input\":{\"@type\":\"PropertyValueSpecification\",\"valueRequired\":true,\"valueName\":\"search_term_string\"}}],\"inLanguage\":\"cs\"}]}<\/script>\n<!-- \/ Yoast SEO plugin. -->","yoast_head_json":{"title":"WorkersBest 899-00480 sada kabelov\u00fdch ok 200ks Zlevn\u011bn\u00fd -","robots":{"index":"index","follow":"follow","max-snippet":"max-snippet:-1","max-image-preview":"max-image-preview:large","max-video-preview":"max-video-preview:-1"},"canonical":"https:\/\/www.oknobuild.com\/index.php\/produkt\/workersbest-899-00480-sada-kabelovych-ok-200ks-zlevneny-7169\/","og_locale":"cs_CZ","og_type":"article","og_title":"WorkersBest 899-00480 sada kabelov\u00fdch ok 200ks Zlevn\u011bn\u00fd -","og_description":"Materi\u00e1l: plastov\u00e1 m\u011b\u010fPovrch: chromovan\u00e1Obsah: 200 kus\u016fMateri\u00e1l: plastov\u00e1 m\u011b\u010f Povrch: chromovan\u00e1 pro pr\u016f\u0159ezy vodi\u010d\u016f od 0,50 do 1 mm\u00b2 (\u010derven\u00e1) od 1,5 do 2,5 mm\u00b2 (modr\u00e1) a od 4 do 6 mm\u00b2 (\u017elut\u00e1) materi\u00e1l Plastov\u00e1 m\u011b\u010f Dal\u0161\u00ed vlastnosti produktu pro pr\u016f\u0159ezy vodi\u010d\u016f od 0,50 do 1 mm\u00b2 (\u010derven\u00e1) od 1,5 do 2,5 mm\u00b2 (modr\u00e1) a od [&hellip;]","og_url":"https:\/\/www.oknobuild.com\/index.php\/produkt\/workersbest-899-00480-sada-kabelovych-ok-200ks-zlevneny-7169\/","og_image":[{"width":800,"height":800,"url":"https:\/\/www.oknobuild.com\/wp-content\/uploads\/2026\/SK0018317-CZ20260425-092328-0-1777080210-207722-1_133522.webp","type":"image\/webp"}],"twitter_card":"summary_large_image","twitter_misc":{"Odhadovan\u00e1 doba \u010dten\u00ed":"1 minuta"},"schema":{"@context":"https:\/\/schema.org","@graph":[{"@type":"WebPage","@id":"https:\/\/www.oknobuild.com\/index.php\/produkt\/workersbest-899-00480-sada-kabelovych-ok-200ks-zlevneny-7169\/","url":"https:\/\/www.oknobuild.com\/index.php\/produkt\/workersbest-899-00480-sada-kabelovych-ok-200ks-zlevneny-7169\/","name":"WorkersBest 899-00480 sada kabelov\u00fdch ok 200ks Zlevn\u011bn\u00fd -","isPartOf":{"@id":"https:\/\/www.oknobuild.com\/#website"},"primaryImageOfPage":{"@id":"https:\/\/www.oknobuild.com\/index.php\/produkt\/workersbest-899-00480-sada-kabelovych-ok-200ks-zlevneny-7169\/#primaryimage"},"image":{"@id":"https:\/\/www.oknobuild.com\/index.php\/produkt\/workersbest-899-00480-sada-kabelovych-ok-200ks-zlevneny-7169\/#primaryimage"},"thumbnailUrl":"https:\/\/www.oknobuild.com\/wp-content\/uploads\/2026\/SK0018317-CZ20260425-092328-0-1777080210-207722-1_133522.webp","datePublished":"2026-04-27T04:40:49+00:00","breadcrumb":{"@id":"https:\/\/www.oknobuild.com\/index.php\/produkt\/workersbest-899-00480-sada-kabelovych-ok-200ks-zlevneny-7169\/#breadcrumb"},"inLanguage":"cs","potentialAction":[{"@type":"ReadAction","target":["https:\/\/www.oknobuild.com\/index.php\/produkt\/workersbest-899-00480-sada-kabelovych-ok-200ks-zlevneny-7169\/"]}]},{"@type":"ImageObject","inLanguage":"cs","@id":"https:\/\/www.oknobuild.com\/index.php\/produkt\/workersbest-899-00480-sada-kabelovych-ok-200ks-zlevneny-7169\/#primaryimage","url":"https:\/\/www.oknobuild.com\/wp-content\/uploads\/2026\/SK0018317-CZ20260425-092328-0-1777080210-207722-1_133522.webp","contentUrl":"https:\/\/www.oknobuild.com\/wp-content\/uploads\/2026\/SK0018317-CZ20260425-092328-0-1777080210-207722-1_133522.webp","width":800,"height":800},{"@type":"BreadcrumbList","@id":"https:\/\/www.oknobuild.com\/index.php\/produkt\/workersbest-899-00480-sada-kabelovych-ok-200ks-zlevneny-7169\/#breadcrumb","itemListElement":[{"@type":"ListItem","position":1,"name":"Home","item":"https:\/\/www.oknobuild.com\/"},{"@type":"ListItem","position":2,"name":"Products","item":"https:\/\/www.oknobuild.com\/index.php\/products\/"},{"@type":"ListItem","position":3,"name":"WorkersBest 899-00480 sada kabelov\u00fdch ok 200ks Zlevn\u011bn\u00fd"}]},{"@type":"WebSite","@id":"https:\/\/www.oknobuild.com\/#website","url":"https:\/\/www.oknobuild.com\/","name":"","description":"","potentialAction":[{"@type":"SearchAction","target":{"@type":"EntryPoint","urlTemplate":"https:\/\/www.oknobuild.com\/?s={search_term_string}"},"query-input":{"@type":"PropertyValueSpecification","valueRequired":true,"valueName":"search_term_string"}}],"inLanguage":"cs"}]}},"_links":{"self":[{"href":"https:\/\/www.oknobuild.com\/index.php\/wp-json\/wp\/v2\/product\/7169","targetHints":{"allow":["GET"]}}],"collection":[{"href":"https:\/\/www.oknobuild.com\/index.php\/wp-json\/wp\/v2\/product"}],"about":[{"href":"https:\/\/www.oknobuild.com\/index.php\/wp-json\/wp\/v2\/types\/product"}],"replies":[{"embeddable":true,"href":"https:\/\/www.oknobuild.com\/index.php\/wp-json\/wp\/v2\/comments?post=7169"}],"wp:featuredmedia":[{"embeddable":true,"href":"https:\/\/www.oknobuild.com\/index.php\/wp-json\/wp\/v2\/media\/7269"}],"wp:attachment":[{"href":"https:\/\/www.oknobuild.com\/index.php\/wp-json\/wp\/v2\/media?parent=7169"}],"wp:term":[{"taxonomy":"product_brand","embeddable":true,"href":"https:\/\/www.oknobuild.com\/index.php\/wp-json\/wp\/v2\/product_brand?post=7169"},{"taxonomy":"product_cat","embeddable":true,"href":"https:\/\/www.oknobuild.com\/index.php\/wp-json\/wp\/v2\/product_cat?post=7169"},{"taxonomy":"product_tag","embeddable":true,"href":"https:\/\/www.oknobuild.com\/index.php\/wp-json\/wp\/v2\/product_tag?post=7169"}],"curies":[{"name":"wp","href":"https:\/\/api.w.org\/{rel}","templated":true}]}}