{"id":7171,"date":"2026-04-27T04:40:49","date_gmt":"2026-04-27T04:40:49","guid":{"rendered":""},"modified":"2026-04-27T04:40:49","modified_gmt":"2026-04-27T04:40:49","slug":"workersbest-812-00002-sada-6hrannych-sroubu-125ks-pozinkovano-m3-m8-trida-8-8-nova-kolekce-7171","status":"publish","type":"product","link":"https:\/\/www.oknobuild.com\/index.php\/produkt\/workersbest-812-00002-sada-6hrannych-sroubu-125ks-pozinkovano-m3-m8-trida-8-8-nova-kolekce-7171\/","title":{"rendered":"WorkersBest 812-00002 sada 6hrann\u00fdch \u0161roub\u016f 125ks pozinkov\u00e1no M3-M8,t\u0159\u00edda 8.8 Nov\u00e1 Kolekce"},"content":{"rendered":"<table>\n<div class=\"tab-pane active product-description\" id=\"popis\" role=\"tabpanel\">\n<div class=\"short-description\" itemprop=\"description\"><\/div>\n<div class=\"description\"><span class='bullet-line'>Materi\u00e1l: ocel<\/span><span class='bullet-line'>Povrch: pozinkovan\u00fd<\/span><span class='bullet-line'>Obsah: 125 kus\u016f<\/span><span class='bullet-line'>Materi\u00e1l: ocel <\/span><span class='bullet-line'>Povrch: pozinkovan\u00fd 9 velikost\u00ed (M3-M8) podle DIN 933, ocel 8.8, \u0161estihrann\u00e1 hlava<\/span><\/div>\n<div class=\"parameters\">\n<tr>\n<td>materi\u00e1l<\/td>\n<td>ocel<\/td>\n<\/tr>\n<tr>\n<td>Dal\u0161\u00ed vlastnosti produktu<\/td>\n<td>9 velikost\u00ed (M3-M8) podle DIN 933, ocel 8.8, \u0161estihrann\u00e1 hlava<\/td>\n<\/tr>\n<tr>\n<td>obsah<\/td>\n<td>125 d\u00edl\u016f<\/td>\n<\/tr>\n<tr>\n<td>vhodn\u00e9 pro<\/td>\n<td>&#8211;<\/td>\n<\/tr>\n<tr>\n<td>povrch<\/td>\n<td>pozinkovan\u00fd<\/td>\n<\/tr>\n<tr>\n<td>rozsah<\/td>\n<td>&#8211;<\/td>\n<\/tr><\/div>\n<\/table>\n","protected":false},"excerpt":{"rendered":"<p>Materi\u00e1l: ocelPovrch: pozinkovan\u00fdObsah: 125 kus\u016fMateri\u00e1l: ocel Povrch: pozinkovan\u00fd 9 velikost\u00ed (M3-M8) podle DIN 933, ocel 8.8, \u0161estihrann\u00e1 hlava materi\u00e1l ocel Dal\u0161\u00ed vlastnosti produktu 9 velikost\u00ed (M3-M8) podle DIN 933, ocel 8.8, \u0161estihrann\u00e1 hlava obsah 125 d\u00edl\u016f vhodn\u00e9 pro &#8211; povrch pozinkovan\u00fd rozsah &#8211;<\/p>\n","protected":false},"featured_media":7271,"comment_status":"open","ping_status":"open","template":"","meta":[],"product_brand":[],"product_cat":[43],"product_tag":[],"class_list":{"0":"post-7171","1":"product","2":"type-product","3":"status-publish","4":"has-post-thumbnail","6":"product_cat-dilna","8":"first","9":"instock","10":"sale","11":"shipping-taxable","12":"purchasable","13":"product-type-simple"},"yoast_head":"<!-- This site is optimized with the Yoast SEO plugin v26.8 - https:\/\/yoast.com\/product\/yoast-seo-wordpress\/ -->\n<title>WorkersBest 812-00002 sada 6hrann\u00fdch \u0161roub\u016f 125ks pozinkov\u00e1no M3-M8,t\u0159\u00edda 8.8 Nov\u00e1 Kolekce -<\/title>\n<meta name=\"robots\" content=\"index, follow, max-snippet:-1, max-image-preview:large, max-video-preview:-1\" \/>\n<link rel=\"canonical\" href=\"https:\/\/www.oknobuild.com\/index.php\/produkt\/workersbest-812-00002-sada-6hrannych-sroubu-125ks-pozinkovano-m3-m8-trida-8-8-nova-kolekce-7171\/\" \/>\n<meta property=\"og:locale\" content=\"cs_CZ\" \/>\n<meta property=\"og:type\" content=\"article\" \/>\n<meta property=\"og:title\" content=\"WorkersBest 812-00002 sada 6hrann\u00fdch \u0161roub\u016f 125ks pozinkov\u00e1no M3-M8,t\u0159\u00edda 8.8 Nov\u00e1 Kolekce -\" \/>\n<meta property=\"og:description\" content=\"Materi\u00e1l: ocelPovrch: pozinkovan\u00fdObsah: 125 kus\u016fMateri\u00e1l: ocel Povrch: pozinkovan\u00fd 9 velikost\u00ed (M3-M8) podle DIN 933, ocel 8.8, \u0161estihrann\u00e1 hlava materi\u00e1l ocel Dal\u0161\u00ed vlastnosti produktu 9 velikost\u00ed (M3-M8) podle DIN 933, ocel 8.8, \u0161estihrann\u00e1 hlava obsah 125 d\u00edl\u016f vhodn\u00e9 pro &#8211; povrch pozinkovan\u00fd rozsah &#8211;\" \/>\n<meta property=\"og:url\" content=\"https:\/\/www.oknobuild.com\/index.php\/produkt\/workersbest-812-00002-sada-6hrannych-sroubu-125ks-pozinkovano-m3-m8-trida-8-8-nova-kolekce-7171\/\" \/>\n<meta property=\"og:image\" content=\"https:\/\/www.oknobuild.com\/wp-content\/uploads\/2026\/SK0018319-CZ20260425-092328-0-1777080210-207725-1_133622.webp\" \/>\n\t<meta property=\"og:image:width\" content=\"800\" \/>\n\t<meta property=\"og:image:height\" content=\"800\" \/>\n\t<meta property=\"og:image:type\" content=\"image\/webp\" \/>\n<meta name=\"twitter:card\" content=\"summary_large_image\" \/>\n<script type=\"application\/ld+json\" class=\"yoast-schema-graph\">{\"@context\":\"https:\/\/schema.org\",\"@graph\":[{\"@type\":\"WebPage\",\"@id\":\"https:\/\/www.oknobuild.com\/index.php\/produkt\/workersbest-812-00002-sada-6hrannych-sroubu-125ks-pozinkovano-m3-m8-trida-8-8-nova-kolekce-7171\/\",\"url\":\"https:\/\/www.oknobuild.com\/index.php\/produkt\/workersbest-812-00002-sada-6hrannych-sroubu-125ks-pozinkovano-m3-m8-trida-8-8-nova-kolekce-7171\/\",\"name\":\"WorkersBest 812-00002 sada 6hrann\u00fdch \u0161roub\u016f 125ks pozinkov\u00e1no M3-M8,t\u0159\u00edda 8.8 Nov\u00e1 Kolekce -\",\"isPartOf\":{\"@id\":\"https:\/\/www.oknobuild.com\/#website\"},\"primaryImageOfPage\":{\"@id\":\"https:\/\/www.oknobuild.com\/index.php\/produkt\/workersbest-812-00002-sada-6hrannych-sroubu-125ks-pozinkovano-m3-m8-trida-8-8-nova-kolekce-7171\/#primaryimage\"},\"image\":{\"@id\":\"https:\/\/www.oknobuild.com\/index.php\/produkt\/workersbest-812-00002-sada-6hrannych-sroubu-125ks-pozinkovano-m3-m8-trida-8-8-nova-kolekce-7171\/#primaryimage\"},\"thumbnailUrl\":\"https:\/\/www.oknobuild.com\/wp-content\/uploads\/2026\/SK0018319-CZ20260425-092328-0-1777080210-207725-1_133622.webp\",\"datePublished\":\"2026-04-27T04:40:49+00:00\",\"breadcrumb\":{\"@id\":\"https:\/\/www.oknobuild.com\/index.php\/produkt\/workersbest-812-00002-sada-6hrannych-sroubu-125ks-pozinkovano-m3-m8-trida-8-8-nova-kolekce-7171\/#breadcrumb\"},\"inLanguage\":\"cs\",\"potentialAction\":[{\"@type\":\"ReadAction\",\"target\":[\"https:\/\/www.oknobuild.com\/index.php\/produkt\/workersbest-812-00002-sada-6hrannych-sroubu-125ks-pozinkovano-m3-m8-trida-8-8-nova-kolekce-7171\/\"]}]},{\"@type\":\"ImageObject\",\"inLanguage\":\"cs\",\"@id\":\"https:\/\/www.oknobuild.com\/index.php\/produkt\/workersbest-812-00002-sada-6hrannych-sroubu-125ks-pozinkovano-m3-m8-trida-8-8-nova-kolekce-7171\/#primaryimage\",\"url\":\"https:\/\/www.oknobuild.com\/wp-content\/uploads\/2026\/SK0018319-CZ20260425-092328-0-1777080210-207725-1_133622.webp\",\"contentUrl\":\"https:\/\/www.oknobuild.com\/wp-content\/uploads\/2026\/SK0018319-CZ20260425-092328-0-1777080210-207725-1_133622.webp\",\"width\":800,\"height\":800},{\"@type\":\"BreadcrumbList\",\"@id\":\"https:\/\/www.oknobuild.com\/index.php\/produkt\/workersbest-812-00002-sada-6hrannych-sroubu-125ks-pozinkovano-m3-m8-trida-8-8-nova-kolekce-7171\/#breadcrumb\",\"itemListElement\":[{\"@type\":\"ListItem\",\"position\":1,\"name\":\"Home\",\"item\":\"https:\/\/www.oknobuild.com\/\"},{\"@type\":\"ListItem\",\"position\":2,\"name\":\"Products\",\"item\":\"https:\/\/www.oknobuild.com\/index.php\/products\/\"},{\"@type\":\"ListItem\",\"position\":3,\"name\":\"WorkersBest 812-00002 sada 6hrann\u00fdch \u0161roub\u016f 125ks pozinkov\u00e1no M3-M8,t\u0159\u00edda 8.8 Nov\u00e1 Kolekce\"}]},{\"@type\":\"WebSite\",\"@id\":\"https:\/\/www.oknobuild.com\/#website\",\"url\":\"https:\/\/www.oknobuild.com\/\",\"name\":\"\",\"description\":\"\",\"potentialAction\":[{\"@type\":\"SearchAction\",\"target\":{\"@type\":\"EntryPoint\",\"urlTemplate\":\"https:\/\/www.oknobuild.com\/?s={search_term_string}\"},\"query-input\":{\"@type\":\"PropertyValueSpecification\",\"valueRequired\":true,\"valueName\":\"search_term_string\"}}],\"inLanguage\":\"cs\"}]}<\/script>\n<!-- \/ Yoast SEO plugin. -->","yoast_head_json":{"title":"WorkersBest 812-00002 sada 6hrann\u00fdch \u0161roub\u016f 125ks pozinkov\u00e1no M3-M8,t\u0159\u00edda 8.8 Nov\u00e1 Kolekce -","robots":{"index":"index","follow":"follow","max-snippet":"max-snippet:-1","max-image-preview":"max-image-preview:large","max-video-preview":"max-video-preview:-1"},"canonical":"https:\/\/www.oknobuild.com\/index.php\/produkt\/workersbest-812-00002-sada-6hrannych-sroubu-125ks-pozinkovano-m3-m8-trida-8-8-nova-kolekce-7171\/","og_locale":"cs_CZ","og_type":"article","og_title":"WorkersBest 812-00002 sada 6hrann\u00fdch \u0161roub\u016f 125ks pozinkov\u00e1no M3-M8,t\u0159\u00edda 8.8 Nov\u00e1 Kolekce -","og_description":"Materi\u00e1l: ocelPovrch: pozinkovan\u00fdObsah: 125 kus\u016fMateri\u00e1l: ocel Povrch: pozinkovan\u00fd 9 velikost\u00ed (M3-M8) podle DIN 933, ocel 8.8, \u0161estihrann\u00e1 hlava materi\u00e1l ocel Dal\u0161\u00ed vlastnosti produktu 9 velikost\u00ed (M3-M8) podle DIN 933, ocel 8.8, \u0161estihrann\u00e1 hlava obsah 125 d\u00edl\u016f vhodn\u00e9 pro &#8211; povrch pozinkovan\u00fd rozsah &#8211;","og_url":"https:\/\/www.oknobuild.com\/index.php\/produkt\/workersbest-812-00002-sada-6hrannych-sroubu-125ks-pozinkovano-m3-m8-trida-8-8-nova-kolekce-7171\/","og_image":[{"width":800,"height":800,"url":"https:\/\/www.oknobuild.com\/wp-content\/uploads\/2026\/SK0018319-CZ20260425-092328-0-1777080210-207725-1_133622.webp","type":"image\/webp"}],"twitter_card":"summary_large_image","schema":{"@context":"https:\/\/schema.org","@graph":[{"@type":"WebPage","@id":"https:\/\/www.oknobuild.com\/index.php\/produkt\/workersbest-812-00002-sada-6hrannych-sroubu-125ks-pozinkovano-m3-m8-trida-8-8-nova-kolekce-7171\/","url":"https:\/\/www.oknobuild.com\/index.php\/produkt\/workersbest-812-00002-sada-6hrannych-sroubu-125ks-pozinkovano-m3-m8-trida-8-8-nova-kolekce-7171\/","name":"WorkersBest 812-00002 sada 6hrann\u00fdch \u0161roub\u016f 125ks pozinkov\u00e1no M3-M8,t\u0159\u00edda 8.8 Nov\u00e1 Kolekce -","isPartOf":{"@id":"https:\/\/www.oknobuild.com\/#website"},"primaryImageOfPage":{"@id":"https:\/\/www.oknobuild.com\/index.php\/produkt\/workersbest-812-00002-sada-6hrannych-sroubu-125ks-pozinkovano-m3-m8-trida-8-8-nova-kolekce-7171\/#primaryimage"},"image":{"@id":"https:\/\/www.oknobuild.com\/index.php\/produkt\/workersbest-812-00002-sada-6hrannych-sroubu-125ks-pozinkovano-m3-m8-trida-8-8-nova-kolekce-7171\/#primaryimage"},"thumbnailUrl":"https:\/\/www.oknobuild.com\/wp-content\/uploads\/2026\/SK0018319-CZ20260425-092328-0-1777080210-207725-1_133622.webp","datePublished":"2026-04-27T04:40:49+00:00","breadcrumb":{"@id":"https:\/\/www.oknobuild.com\/index.php\/produkt\/workersbest-812-00002-sada-6hrannych-sroubu-125ks-pozinkovano-m3-m8-trida-8-8-nova-kolekce-7171\/#breadcrumb"},"inLanguage":"cs","potentialAction":[{"@type":"ReadAction","target":["https:\/\/www.oknobuild.com\/index.php\/produkt\/workersbest-812-00002-sada-6hrannych-sroubu-125ks-pozinkovano-m3-m8-trida-8-8-nova-kolekce-7171\/"]}]},{"@type":"ImageObject","inLanguage":"cs","@id":"https:\/\/www.oknobuild.com\/index.php\/produkt\/workersbest-812-00002-sada-6hrannych-sroubu-125ks-pozinkovano-m3-m8-trida-8-8-nova-kolekce-7171\/#primaryimage","url":"https:\/\/www.oknobuild.com\/wp-content\/uploads\/2026\/SK0018319-CZ20260425-092328-0-1777080210-207725-1_133622.webp","contentUrl":"https:\/\/www.oknobuild.com\/wp-content\/uploads\/2026\/SK0018319-CZ20260425-092328-0-1777080210-207725-1_133622.webp","width":800,"height":800},{"@type":"BreadcrumbList","@id":"https:\/\/www.oknobuild.com\/index.php\/produkt\/workersbest-812-00002-sada-6hrannych-sroubu-125ks-pozinkovano-m3-m8-trida-8-8-nova-kolekce-7171\/#breadcrumb","itemListElement":[{"@type":"ListItem","position":1,"name":"Home","item":"https:\/\/www.oknobuild.com\/"},{"@type":"ListItem","position":2,"name":"Products","item":"https:\/\/www.oknobuild.com\/index.php\/products\/"},{"@type":"ListItem","position":3,"name":"WorkersBest 812-00002 sada 6hrann\u00fdch \u0161roub\u016f 125ks pozinkov\u00e1no M3-M8,t\u0159\u00edda 8.8 Nov\u00e1 Kolekce"}]},{"@type":"WebSite","@id":"https:\/\/www.oknobuild.com\/#website","url":"https:\/\/www.oknobuild.com\/","name":"","description":"","potentialAction":[{"@type":"SearchAction","target":{"@type":"EntryPoint","urlTemplate":"https:\/\/www.oknobuild.com\/?s={search_term_string}"},"query-input":{"@type":"PropertyValueSpecification","valueRequired":true,"valueName":"search_term_string"}}],"inLanguage":"cs"}]}},"_links":{"self":[{"href":"https:\/\/www.oknobuild.com\/index.php\/wp-json\/wp\/v2\/product\/7171","targetHints":{"allow":["GET"]}}],"collection":[{"href":"https:\/\/www.oknobuild.com\/index.php\/wp-json\/wp\/v2\/product"}],"about":[{"href":"https:\/\/www.oknobuild.com\/index.php\/wp-json\/wp\/v2\/types\/product"}],"replies":[{"embeddable":true,"href":"https:\/\/www.oknobuild.com\/index.php\/wp-json\/wp\/v2\/comments?post=7171"}],"wp:featuredmedia":[{"embeddable":true,"href":"https:\/\/www.oknobuild.com\/index.php\/wp-json\/wp\/v2\/media\/7271"}],"wp:attachment":[{"href":"https:\/\/www.oknobuild.com\/index.php\/wp-json\/wp\/v2\/media?parent=7171"}],"wp:term":[{"taxonomy":"product_brand","embeddable":true,"href":"https:\/\/www.oknobuild.com\/index.php\/wp-json\/wp\/v2\/product_brand?post=7171"},{"taxonomy":"product_cat","embeddable":true,"href":"https:\/\/www.oknobuild.com\/index.php\/wp-json\/wp\/v2\/product_cat?post=7171"},{"taxonomy":"product_tag","embeddable":true,"href":"https:\/\/www.oknobuild.com\/index.php\/wp-json\/wp\/v2\/product_tag?post=7171"}],"curies":[{"name":"wp","href":"https:\/\/api.w.org\/{rel}","templated":true}]}}