{"id":72167,"date":"2026-04-27T04:43:50","date_gmt":"2026-04-27T04:43:50","guid":{"rendered":""},"modified":"2026-04-27T04:43:50","modified_gmt":"2026-04-27T04:43:50","slug":"akce-bgs-pripravek-pro-napinani-rozvodoveho-retezu-bmw-n63-72167","status":"publish","type":"product","link":"https:\/\/www.oknobuild.com\/index.php\/produkt\/akce-bgs-pripravek-pro-napinani-rozvodoveho-retezu-bmw-n63-72167\/","title":{"rendered":"Akce BGS P\u0159\u00edpravek pro nap\u00edn\u00e1n\u00ed rozvodov\u00e9ho \u0159et\u011bzu BMW N63"},"content":{"rendered":"<div id=\"e2910601\" class=\"pages\">\n<div>\n<div id=\"PDDescription\" class=\"UserContentView userContent v1a v1 bs-view dcon dc164 PDDescription\" ><dc-con><dc-con><bs-empty><\/bs-empty><\/dc-con><dc-con>        <\/p>\n<div class=\"customDescription\">                    <\/div>\n<p><\/dc-con><dc-con><\/p>\n<ul>\n<li>je vy\u017eadov\u00e1no p\u0159i nastavov\u00e1n\u00ed rozvodu motoru<\/li>\n<li>\u00faprava rozvodu motoru bez tohoto n\u00e1stroje m\u016f\u017ee v\u00e9st k nespr\u00e1vn\u00e9mu nastaven\u00ed<\/li>\n<li>pro pou\u017eit\u00ed jako OEM 119900<\/li ><\/ul>\n<h2>Technick\u00e9 informace<\/h2>\n<p>Hrub\u00e1 hmotnost: 938 g Pro pou\u017eit\u00ed jako OEM1: 11 9 900 BMW<\/p>\n<h2>Vyu\u017eit\u00ed v praxi<\/h2>\n<ul>\n<li>specializovan\u00e9 servisn\u00ed \u00fakony<\/li>\n<li>mont\u00e1\u017e a demont\u00e1\u017e komponent motoru nebo podvozku<\/li>\n<li>p\u0159esn\u00e9 ustaven\u00ed, aretace nebo fixace d\u00edl\u016f<\/li>\n<\/ul>\n<h2>Pro\u010d tento p\u0159\u00edpravek<\/h2>\n<ul>\n<li>zrychlen\u00ed servisn\u00edho z\u00e1sahu<\/li>\n<li>sn\u00ed\u017een\u00ed rizika po\u0161kozen\u00ed d\u00edl\u016f<\/li>\n<li>profesion\u00e1ln\u00ed kvalita pro ka\u017edodenn\u00ed pou\u017eit\u00ed<\/li>\n<\/ul>\n<h2>Tip z praxe<\/h2>\n<p>P\u0159ed pou\u017eit\u00edm ov\u011b\u0159 kompatibilitu s konkr\u00e9tn\u00edm typem motoru nebo vozidla. Spr\u00e1vn\u011b zvolen\u00fd servisn\u00ed p\u0159\u00edpravek v\u00fdrazn\u011b zkr\u00e1t\u00ed \u010das pr\u00e1ce a zabr\u00e1n\u00ed improvizaci, kter\u00e1 m\u016f\u017ee v\u00e9st k po\u0161kozen\u00ed komponent. Pokud si nejsi jist\u00e1 v\u00fdb\u011brem, napi\u0161 n\u00e1m \u2013 r\u00e1di porad\u00edme podle konkr\u00e9tn\u00ed aplikace.<\/p>\n<p><\/dc-con><\/dc-con><\/div>\n<div id=\"PDDescription2\" class=\"UserContentView userContent v1a v1 bs-view dcon dc165 PDDescription2\" >V\u00dd\u0160KA BALEN\u00cd<\/div>\n<\/p><\/div>\n<div id=\"PDTable3\" class=\"ProductDetailTableView v3a v3 bs-view dcon dc185 PDTable3\" >\n<table>\n<thead><\/thead>\n<tbody>\n<tr class=\"attribute attr_bsshop_maker\">\n<td class=\"caption\">V\u00fdrobce<\/td>\n<td class=\"value\">BGS Technic<\/td>\n<\/tr>\n<\/tbody>\n<\/table>\n<\/div>\n<div id=\"PdProductGpsr\" class=\"ProductGpsrView v1a v1 bs-view dcon dc217 PdProductGpsr\" >\n<div class=\"subject\"><dc-root class=\"dcon dc219\"><span class=\"title\">Zodpov\u011bdn&#253; subjekt:<\/span><dc-con><dc-con><span class=\"company\">BGS technik KG<\/span><span class=\"name\">BGS Technic<\/span><\/dc-con><dc-con><span class=\"street\">Bandwirkerstr. 3<\/span><span class=\"city\">Wermelskirchen<\/span><span class=\"zip\">429 29<\/span><span class=\"country\">N\u011bmecko<\/span><\/dc-con><span class=\"email\">mail@bgs-technic.de<\/span><span class=\"phone\">+49 2196-720480<\/span><bs-empty><\/bs-empty><a href=\"https:\/\/www.bgstechnic.com\/\" class=\"link\" target=\"_blank\">https:\/\/www.bgstechnic.com\/<\/a><\/dc-con><bs-empty><\/bs-empty><\/dc-root><\/div>\n<p><bs-empty><\/bs-empty><\/div>\n<\/div>\n<div id=\"e2910602\" class=\"tabs\">\n","protected":false},"excerpt":{"rendered":"<p>je vy\u017eadov\u00e1no p\u0159i nastavov\u00e1n\u00ed rozvodu motoru \u00faprava rozvodu motoru bez tohoto n\u00e1stroje m\u016f\u017ee v\u00e9st k nespr\u00e1vn\u00e9mu nastaven\u00ed pro pou\u017eit\u00ed jako OEM 119900 Technick\u00e9 informace Hrub\u00e1 hmotnost: 938 g Pro pou\u017eit\u00ed jako OEM1: 11 9 900 BMW Vyu\u017eit\u00ed v praxi specializovan\u00e9 servisn\u00ed \u00fakony mont\u00e1\u017e a demont\u00e1\u017e komponent motoru nebo podvozku p\u0159esn\u00e9 ustaven\u00ed, aretace nebo fixace d\u00edl\u016f [&hellip;]<\/p>\n","protected":false},"featured_media":72267,"comment_status":"open","ping_status":"open","template":"","meta":[],"product_brand":[],"product_cat":[73],"product_tag":[],"class_list":{"0":"post-72167","1":"product","2":"type-product","3":"status-publish","4":"has-post-thumbnail","6":"product_cat-rucn-237-n-225-rad-237-a-d-237-lna","8":"first","9":"instock","10":"sale","11":"shipping-taxable","12":"purchasable","13":"product-type-simple"},"yoast_head":"<!-- This site is optimized with the Yoast SEO plugin v26.8 - https:\/\/yoast.com\/product\/yoast-seo-wordpress\/ -->\n<title>Akce BGS P\u0159\u00edpravek pro nap\u00edn\u00e1n\u00ed rozvodov\u00e9ho \u0159et\u011bzu BMW N63 -<\/title>\n<meta name=\"robots\" content=\"index, follow, max-snippet:-1, max-image-preview:large, max-video-preview:-1\" \/>\n<link rel=\"canonical\" href=\"https:\/\/www.oknobuild.com\/index.php\/produkt\/akce-bgs-pripravek-pro-napinani-rozvodoveho-retezu-bmw-n63-72167\/\" \/>\n<meta property=\"og:locale\" content=\"cs_CZ\" \/>\n<meta property=\"og:type\" content=\"article\" \/>\n<meta property=\"og:title\" content=\"Akce BGS P\u0159\u00edpravek pro nap\u00edn\u00e1n\u00ed rozvodov\u00e9ho \u0159et\u011bzu BMW N63 -\" \/>\n<meta property=\"og:description\" content=\"je vy\u017eadov\u00e1no p\u0159i nastavov\u00e1n\u00ed rozvodu motoru \u00faprava rozvodu motoru bez tohoto n\u00e1stroje m\u016f\u017ee v\u00e9st k nespr\u00e1vn\u00e9mu nastaven\u00ed pro pou\u017eit\u00ed jako OEM 119900 Technick\u00e9 informace Hrub\u00e1 hmotnost: 938 g Pro pou\u017eit\u00ed jako OEM1: 11 9 900 BMW Vyu\u017eit\u00ed v praxi specializovan\u00e9 servisn\u00ed \u00fakony mont\u00e1\u017e a demont\u00e1\u017e komponent motoru nebo podvozku p\u0159esn\u00e9 ustaven\u00ed, aretace nebo fixace d\u00edl\u016f [&hellip;]\" \/>\n<meta property=\"og:url\" content=\"https:\/\/www.oknobuild.com\/index.php\/produkt\/akce-bgs-pripravek-pro-napinani-rozvodoveho-retezu-bmw-n63-72167\/\" \/>\n<meta property=\"og:image\" content=\"https:\/\/www.oknobuild.com\/wp-content\/uploads\/2026\/SK0017926-CZ20260425-093449-0-1777080896-bgs-pripravek-pro-napinani-rozvodoveho-retezu-bmw-n63.webp\" \/>\n\t<meta property=\"og:image:width\" content=\"1000\" \/>\n\t<meta property=\"og:image:height\" content=\"525\" \/>\n\t<meta property=\"og:image:type\" content=\"image\/webp\" \/>\n<meta name=\"twitter:card\" content=\"summary_large_image\" \/>\n<meta name=\"twitter:label1\" content=\"Odhadovan\u00e1 doba \u010dten\u00ed\" \/>\n\t<meta name=\"twitter:data1\" content=\"1 minuta\" \/>\n<script type=\"application\/ld+json\" class=\"yoast-schema-graph\">{\"@context\":\"https:\/\/schema.org\",\"@graph\":[{\"@type\":\"WebPage\",\"@id\":\"https:\/\/www.oknobuild.com\/index.php\/produkt\/akce-bgs-pripravek-pro-napinani-rozvodoveho-retezu-bmw-n63-72167\/\",\"url\":\"https:\/\/www.oknobuild.com\/index.php\/produkt\/akce-bgs-pripravek-pro-napinani-rozvodoveho-retezu-bmw-n63-72167\/\",\"name\":\"Akce BGS P\u0159\u00edpravek pro nap\u00edn\u00e1n\u00ed rozvodov\u00e9ho \u0159et\u011bzu BMW N63 -\",\"isPartOf\":{\"@id\":\"https:\/\/www.oknobuild.com\/#website\"},\"primaryImageOfPage\":{\"@id\":\"https:\/\/www.oknobuild.com\/index.php\/produkt\/akce-bgs-pripravek-pro-napinani-rozvodoveho-retezu-bmw-n63-72167\/#primaryimage\"},\"image\":{\"@id\":\"https:\/\/www.oknobuild.com\/index.php\/produkt\/akce-bgs-pripravek-pro-napinani-rozvodoveho-retezu-bmw-n63-72167\/#primaryimage\"},\"thumbnailUrl\":\"https:\/\/www.oknobuild.com\/wp-content\/uploads\/2026\/SK0017926-CZ20260425-093449-0-1777080896-bgs-pripravek-pro-napinani-rozvodoveho-retezu-bmw-n63.webp\",\"datePublished\":\"2026-04-27T04:43:50+00:00\",\"breadcrumb\":{\"@id\":\"https:\/\/www.oknobuild.com\/index.php\/produkt\/akce-bgs-pripravek-pro-napinani-rozvodoveho-retezu-bmw-n63-72167\/#breadcrumb\"},\"inLanguage\":\"cs\",\"potentialAction\":[{\"@type\":\"ReadAction\",\"target\":[\"https:\/\/www.oknobuild.com\/index.php\/produkt\/akce-bgs-pripravek-pro-napinani-rozvodoveho-retezu-bmw-n63-72167\/\"]}]},{\"@type\":\"ImageObject\",\"inLanguage\":\"cs\",\"@id\":\"https:\/\/www.oknobuild.com\/index.php\/produkt\/akce-bgs-pripravek-pro-napinani-rozvodoveho-retezu-bmw-n63-72167\/#primaryimage\",\"url\":\"https:\/\/www.oknobuild.com\/wp-content\/uploads\/2026\/SK0017926-CZ20260425-093449-0-1777080896-bgs-pripravek-pro-napinani-rozvodoveho-retezu-bmw-n63.webp\",\"contentUrl\":\"https:\/\/www.oknobuild.com\/wp-content\/uploads\/2026\/SK0017926-CZ20260425-093449-0-1777080896-bgs-pripravek-pro-napinani-rozvodoveho-retezu-bmw-n63.webp\",\"width\":1000,\"height\":525},{\"@type\":\"BreadcrumbList\",\"@id\":\"https:\/\/www.oknobuild.com\/index.php\/produkt\/akce-bgs-pripravek-pro-napinani-rozvodoveho-retezu-bmw-n63-72167\/#breadcrumb\",\"itemListElement\":[{\"@type\":\"ListItem\",\"position\":1,\"name\":\"Home\",\"item\":\"https:\/\/www.oknobuild.com\/\"},{\"@type\":\"ListItem\",\"position\":2,\"name\":\"Products\",\"item\":\"https:\/\/www.oknobuild.com\/index.php\/products\/\"},{\"@type\":\"ListItem\",\"position\":3,\"name\":\"Akce BGS P\u0159\u00edpravek pro nap\u00edn\u00e1n\u00ed rozvodov\u00e9ho \u0159et\u011bzu BMW N63\"}]},{\"@type\":\"WebSite\",\"@id\":\"https:\/\/www.oknobuild.com\/#website\",\"url\":\"https:\/\/www.oknobuild.com\/\",\"name\":\"\",\"description\":\"\",\"potentialAction\":[{\"@type\":\"SearchAction\",\"target\":{\"@type\":\"EntryPoint\",\"urlTemplate\":\"https:\/\/www.oknobuild.com\/?s={search_term_string}\"},\"query-input\":{\"@type\":\"PropertyValueSpecification\",\"valueRequired\":true,\"valueName\":\"search_term_string\"}}],\"inLanguage\":\"cs\"}]}<\/script>\n<!-- \/ Yoast SEO plugin. -->","yoast_head_json":{"title":"Akce BGS P\u0159\u00edpravek pro nap\u00edn\u00e1n\u00ed rozvodov\u00e9ho \u0159et\u011bzu BMW N63 -","robots":{"index":"index","follow":"follow","max-snippet":"max-snippet:-1","max-image-preview":"max-image-preview:large","max-video-preview":"max-video-preview:-1"},"canonical":"https:\/\/www.oknobuild.com\/index.php\/produkt\/akce-bgs-pripravek-pro-napinani-rozvodoveho-retezu-bmw-n63-72167\/","og_locale":"cs_CZ","og_type":"article","og_title":"Akce BGS P\u0159\u00edpravek pro nap\u00edn\u00e1n\u00ed rozvodov\u00e9ho \u0159et\u011bzu BMW N63 -","og_description":"je vy\u017eadov\u00e1no p\u0159i nastavov\u00e1n\u00ed rozvodu motoru \u00faprava rozvodu motoru bez tohoto n\u00e1stroje m\u016f\u017ee v\u00e9st k nespr\u00e1vn\u00e9mu nastaven\u00ed pro pou\u017eit\u00ed jako OEM 119900 Technick\u00e9 informace Hrub\u00e1 hmotnost: 938 g Pro pou\u017eit\u00ed jako OEM1: 11 9 900 BMW Vyu\u017eit\u00ed v praxi specializovan\u00e9 servisn\u00ed \u00fakony mont\u00e1\u017e a demont\u00e1\u017e komponent motoru nebo podvozku p\u0159esn\u00e9 ustaven\u00ed, aretace nebo fixace d\u00edl\u016f [&hellip;]","og_url":"https:\/\/www.oknobuild.com\/index.php\/produkt\/akce-bgs-pripravek-pro-napinani-rozvodoveho-retezu-bmw-n63-72167\/","og_image":[{"width":1000,"height":525,"url":"https:\/\/www.oknobuild.com\/wp-content\/uploads\/2026\/SK0017926-CZ20260425-093449-0-1777080896-bgs-pripravek-pro-napinani-rozvodoveho-retezu-bmw-n63.webp","type":"image\/webp"}],"twitter_card":"summary_large_image","twitter_misc":{"Odhadovan\u00e1 doba \u010dten\u00ed":"1 minuta"},"schema":{"@context":"https:\/\/schema.org","@graph":[{"@type":"WebPage","@id":"https:\/\/www.oknobuild.com\/index.php\/produkt\/akce-bgs-pripravek-pro-napinani-rozvodoveho-retezu-bmw-n63-72167\/","url":"https:\/\/www.oknobuild.com\/index.php\/produkt\/akce-bgs-pripravek-pro-napinani-rozvodoveho-retezu-bmw-n63-72167\/","name":"Akce BGS P\u0159\u00edpravek pro nap\u00edn\u00e1n\u00ed rozvodov\u00e9ho \u0159et\u011bzu BMW N63 -","isPartOf":{"@id":"https:\/\/www.oknobuild.com\/#website"},"primaryImageOfPage":{"@id":"https:\/\/www.oknobuild.com\/index.php\/produkt\/akce-bgs-pripravek-pro-napinani-rozvodoveho-retezu-bmw-n63-72167\/#primaryimage"},"image":{"@id":"https:\/\/www.oknobuild.com\/index.php\/produkt\/akce-bgs-pripravek-pro-napinani-rozvodoveho-retezu-bmw-n63-72167\/#primaryimage"},"thumbnailUrl":"https:\/\/www.oknobuild.com\/wp-content\/uploads\/2026\/SK0017926-CZ20260425-093449-0-1777080896-bgs-pripravek-pro-napinani-rozvodoveho-retezu-bmw-n63.webp","datePublished":"2026-04-27T04:43:50+00:00","breadcrumb":{"@id":"https:\/\/www.oknobuild.com\/index.php\/produkt\/akce-bgs-pripravek-pro-napinani-rozvodoveho-retezu-bmw-n63-72167\/#breadcrumb"},"inLanguage":"cs","potentialAction":[{"@type":"ReadAction","target":["https:\/\/www.oknobuild.com\/index.php\/produkt\/akce-bgs-pripravek-pro-napinani-rozvodoveho-retezu-bmw-n63-72167\/"]}]},{"@type":"ImageObject","inLanguage":"cs","@id":"https:\/\/www.oknobuild.com\/index.php\/produkt\/akce-bgs-pripravek-pro-napinani-rozvodoveho-retezu-bmw-n63-72167\/#primaryimage","url":"https:\/\/www.oknobuild.com\/wp-content\/uploads\/2026\/SK0017926-CZ20260425-093449-0-1777080896-bgs-pripravek-pro-napinani-rozvodoveho-retezu-bmw-n63.webp","contentUrl":"https:\/\/www.oknobuild.com\/wp-content\/uploads\/2026\/SK0017926-CZ20260425-093449-0-1777080896-bgs-pripravek-pro-napinani-rozvodoveho-retezu-bmw-n63.webp","width":1000,"height":525},{"@type":"BreadcrumbList","@id":"https:\/\/www.oknobuild.com\/index.php\/produkt\/akce-bgs-pripravek-pro-napinani-rozvodoveho-retezu-bmw-n63-72167\/#breadcrumb","itemListElement":[{"@type":"ListItem","position":1,"name":"Home","item":"https:\/\/www.oknobuild.com\/"},{"@type":"ListItem","position":2,"name":"Products","item":"https:\/\/www.oknobuild.com\/index.php\/products\/"},{"@type":"ListItem","position":3,"name":"Akce BGS P\u0159\u00edpravek pro nap\u00edn\u00e1n\u00ed rozvodov\u00e9ho \u0159et\u011bzu BMW N63"}]},{"@type":"WebSite","@id":"https:\/\/www.oknobuild.com\/#website","url":"https:\/\/www.oknobuild.com\/","name":"","description":"","potentialAction":[{"@type":"SearchAction","target":{"@type":"EntryPoint","urlTemplate":"https:\/\/www.oknobuild.com\/?s={search_term_string}"},"query-input":{"@type":"PropertyValueSpecification","valueRequired":true,"valueName":"search_term_string"}}],"inLanguage":"cs"}]}},"_links":{"self":[{"href":"https:\/\/www.oknobuild.com\/index.php\/wp-json\/wp\/v2\/product\/72167","targetHints":{"allow":["GET"]}}],"collection":[{"href":"https:\/\/www.oknobuild.com\/index.php\/wp-json\/wp\/v2\/product"}],"about":[{"href":"https:\/\/www.oknobuild.com\/index.php\/wp-json\/wp\/v2\/types\/product"}],"replies":[{"embeddable":true,"href":"https:\/\/www.oknobuild.com\/index.php\/wp-json\/wp\/v2\/comments?post=72167"}],"wp:featuredmedia":[{"embeddable":true,"href":"https:\/\/www.oknobuild.com\/index.php\/wp-json\/wp\/v2\/media\/72267"}],"wp:attachment":[{"href":"https:\/\/www.oknobuild.com\/index.php\/wp-json\/wp\/v2\/media?parent=72167"}],"wp:term":[{"taxonomy":"product_brand","embeddable":true,"href":"https:\/\/www.oknobuild.com\/index.php\/wp-json\/wp\/v2\/product_brand?post=72167"},{"taxonomy":"product_cat","embeddable":true,"href":"https:\/\/www.oknobuild.com\/index.php\/wp-json\/wp\/v2\/product_cat?post=72167"},{"taxonomy":"product_tag","embeddable":true,"href":"https:\/\/www.oknobuild.com\/index.php\/wp-json\/wp\/v2\/product_tag?post=72167"}],"curies":[{"name":"wp","href":"https:\/\/api.w.org\/{rel}","templated":true}]}}