{"id":72291,"date":"2026-04-27T04:43:51","date_gmt":"2026-04-27T04:43:51","guid":{"rendered":""},"modified":"2026-04-27T04:43:51","modified_gmt":"2026-04-27T04:43:51","slug":"zlevneny-bgs-aretacni-pripravky-pro-vozy-fiat-1-9-jtd-16v-multijet-72291","status":"publish","type":"product","link":"https:\/\/www.oknobuild.com\/produkt\/zlevneny-bgs-aretacni-pripravky-pro-vozy-fiat-1-9-jtd-16v-multijet-72291\/","title":{"rendered":"Zlevn\u011bn\u00fd BGS Areta\u010dn\u00ed p\u0159\u00edpravky pro vozy Fiat 1,9 JTD 16V Multijet"},"content":{"rendered":"<div id=\"e2451820\" class=\"pages\">\n<div>\n<div id=\"PDDescription\" class=\"UserContentView userContent v1a v1 bs-view dcon dc164 PDDescription\" ><dc-con><dc-con><bs-empty><\/bs-empty><\/dc-con><dc-con>        <\/p>\n<div class=\"customDescription\">                    <\/div>\n<p><\/dc-con><dc-con><\/p>\n<p><strong>Areta\u010dn\u00ed p\u0159\u00edpravky pro vozy Fiat 1,9 JTD 16V Multijet \u2013 BGS 62665<\/strong> je profesion\u00e1ln\u00ed p\u0159\u00edpravek BGS pro aretaci klikov\u00e9 h\u0159\u00eddele. Hod\u00ed se pro p\u0159esn\u00e9 nastaven\u00ed a zaji\u0161t\u011bn\u00ed komponent p\u0159i servisn\u00edch \u00fakonech na motoru.<\/p>\n<h2>K \u010demu slou\u017e\u00ed<\/h2>\n<ul>\n<li>pro \u00fapravu \u010dasov\u00e1n\u00ed motoru, kdy\u017e nap\u0159. v\u00fdm\u011bna rozvodov\u00e9ho \u0159emene, opravy hlav v\u00e1lc\u016f atd.<\/li>\n<\/ul>\n<p><b>vhodn\u00e9 pro tyto motory:<\/b><\/p>\n<ul>\n<li>Opel 1.9 CDTi Z19DT, Z19DTH, Z19DTJ<\/li>\n<li>Alfa-Romeo 1.9 a 2.4 L diesel s k\u00f3dy motoru: 323.02, 371.01, 342.02, 325.01, 362.02, 182B9.000, 937,13701A02.02050.02 000, 937A4.000, 937A5.000, 939A2.000, 939A1.000, 939A7.000, 939A8.000, 839A6.000, 8241C.000 s motorem naftov\u00fdm motorem L11.4 a k\u00f3dem L.4. 182B4,000, 182B9,000, 185A6,000, 186A6,000, 186A8,000, 186A9,000, 188A2,000, 188A7,000, 188,192,00,0,0,09,01,01,01,01,01 000, 192A9,000, 192B4,000, 192B5,000 198A2,000, 198A3,000, 198A6,000, 199A5,000, 199A5,000 223A7,01 0,0,9,01,000,037A5,000,037A5 <\/li>\n<\/ul>\n<p><b>rozsah dod\u00e1vky:<\/b><\/p>\n<ul>\n<li>n\u00e1stroj na blokov\u00e1n\u00ed klikov\u00e9ho h\u0159\u00eddele pro pou\u017eit\u00ed jako OEM Opel EN-46788 \/ Fiat 1.860.905.000 \/ 1.860.905.010<\/li>\n<li>n\u00e1stroj na zamyk\u00e1n\u00ed setrva\u010dn\u00edku pro pou\u017eit\u00ed jako OEM Fiat 1.860.898.000<\/li>\n<li>n\u00e1stroj na zamyk\u00e1n\u00ed va\u010dkov\u00e9ho h\u0159\u00eddele pro pou\u017eit\u00ed jako origin\u00e1ln\u00ed Opel EN-4678 9 \/ Fiat 1 870 896 900<\/li>\n<li>pojistn\u00fd \u010dep O 3,7 mm x 70 mm pro pou\u017eit\u00ed jako origin\u00e1ln\u00ed Opel KM 6130 \/ KM 6349<\/li>\n<\/ul>\n<h2>Kompatibilita \/ pou\u017eit\u00ed<\/h2>\n<p>Fiat, Opel, Alfa 1.9\/2.4l 16V Diesel<\/p>\n<h2>Technick\u00e9 informace<\/h2>\n<p><strong>Hrub\u00e1 hmotnost:<\/strong> 1940 g<\/p>\n<h3>OEM reference<\/h3>\n<ul>\n<li>1860898000<\/li>\n<li>EN-46789<\/li>\n<\/ul>\n<h2>P\u016fvodn\u00ed \u00fadaje (pro kontrolu)<\/h2>\n<p>K pou\u017eit\u00ed jako OEM2: 1860898000 | 1860905000 | 1860905010 | 1870896900 Fiat K pou\u017eit\u00ed jako OEM4: EN-46789 | KM 6130 | KM 6349 | EN-46788 Opel \/ Vauxhall Hrub\u00e1 hmotnost: 1940 g K pou\u017eit\u00ed jako OEM1: 1860898000 | 1860905000 | 1860905010 | 1870896900 Alfa Romeo<\/p>\n<h2>Tip<\/h2>\n<p>P\u0159ed aretac\u00ed si v\u017edy ov\u011b\u0159 postup podle servisn\u00edho manu\u00e1lu konkr\u00e9tn\u00edho motoru. Aretace \u0161et\u0159\u00ed \u010das a hlavn\u011b sni\u017euje riziko posunut\u00ed rozvod\u016f \u2013 ide\u00e1ln\u00ed p\u0159i v\u00fdm\u011bn\u011b \u0159emene\/\u0159et\u011bzu, t\u011bsn\u011bn\u00ed nebo dal\u0161\u00edch d\u00edl\u016f.<\/p>\n<p><\/dc-con><\/dc-con><\/div>\n<div id=\"PDDescription2\" class=\"UserContentView userContent v1a v1 bs-view dcon dc165 PDDescription2\" >V\u00dd\u0160KA BALEN\u00cd<\/div>\n<\/p><\/div>\n<div id=\"PDTable3\" class=\"ProductDetailTableView v3a v3 bs-view dcon dc185 PDTable3\" >\n<table>\n<thead><\/thead>\n<tbody>\n<tr class=\"attribute attr_bsshop_maker\">\n<td class=\"caption\">V\u00fdrobce<\/td>\n<td class=\"value\">BGS Technic<\/td>\n<\/tr>\n<\/tbody>\n<\/table>\n<\/div>\n<div id=\"PdProductGpsr\" class=\"ProductGpsrView v1a v1 bs-view dcon dc217 PdProductGpsr\" >\n<div class=\"subject\"><dc-root class=\"dcon dc219\"><span class=\"title\">Zodpov\u011bdn&#253; subjekt:<\/span><dc-con><dc-con><span class=\"company\">BGS technik KG<\/span><span class=\"name\">BGS Technic<\/span><\/dc-con><dc-con><span class=\"street\">Bandwirkerstr. 3<\/span><span class=\"city\">Wermelskirchen<\/span><span class=\"zip\">429 29<\/span><span class=\"country\">N\u011bmecko<\/span><\/dc-con><span class=\"email\">mail@bgs-technic.de<\/span><span class=\"phone\">+49 2196-720480<\/span><bs-empty><\/bs-empty><a href=\"https:\/\/www.bgstechnic.com\/\" class=\"link\" target=\"_blank\">https:\/\/www.bgstechnic.com\/<\/a><\/dc-con><bs-empty><\/bs-empty><\/dc-root><\/div>\n<p><bs-empty><\/bs-empty><\/div>\n<\/div>\n<div id=\"e2451821\" class=\"tabs\">\n","protected":false},"excerpt":{"rendered":"<p>Areta\u010dn\u00ed p\u0159\u00edpravky pro vozy Fiat 1,9 JTD 16V Multijet \u2013 BGS 62665 je profesion\u00e1ln\u00ed p\u0159\u00edpravek BGS pro aretaci klikov\u00e9 h\u0159\u00eddele. Hod\u00ed se pro p\u0159esn\u00e9 nastaven\u00ed a zaji\u0161t\u011bn\u00ed komponent p\u0159i servisn\u00edch \u00fakonech na motoru. K \u010demu slou\u017e\u00ed pro \u00fapravu \u010dasov\u00e1n\u00ed motoru, kdy\u017e nap\u0159. v\u00fdm\u011bna rozvodov\u00e9ho \u0159emene, opravy hlav v\u00e1lc\u016f atd. vhodn\u00e9 pro tyto motory: Opel 1.9 [&hellip;]<\/p>\n","protected":false},"featured_media":72391,"template":"","meta":[],"product_brand":[],"product_cat":[73],"product_tag":[],"class_list":{"0":"post-72291","1":"product","2":"type-product","3":"status-publish","4":"has-post-thumbnail","6":"product_cat-rucn-237-n-225-rad-237-a-d-237-lna","8":"first","9":"instock","10":"sale","11":"shipping-taxable","12":"purchasable","13":"product-type-simple"},"yoast_head":"<!-- This site is optimized with the Yoast SEO plugin v26.8 - https:\/\/yoast.com\/product\/yoast-seo-wordpress\/ -->\n<title>Zlevn\u011bn\u00fd BGS Areta\u010dn\u00ed p\u0159\u00edpravky pro vozy Fiat 1,9 JTD 16V Multijet -<\/title>\n<meta name=\"robots\" content=\"index, follow, max-snippet:-1, max-image-preview:large, max-video-preview:-1\" \/>\n<link rel=\"canonical\" href=\"https:\/\/www.oknobuild.com\/index.php\/produkt\/zlevneny-bgs-aretacni-pripravky-pro-vozy-fiat-1-9-jtd-16v-multijet-72291\/\" \/>\n<meta property=\"og:locale\" content=\"cs_CZ\" \/>\n<meta property=\"og:type\" content=\"article\" \/>\n<meta property=\"og:title\" content=\"Zlevn\u011bn\u00fd BGS Areta\u010dn\u00ed p\u0159\u00edpravky pro vozy Fiat 1,9 JTD 16V Multijet -\" \/>\n<meta property=\"og:description\" content=\"Areta\u010dn\u00ed p\u0159\u00edpravky pro vozy Fiat 1,9 JTD 16V Multijet \u2013 BGS 62665 je profesion\u00e1ln\u00ed p\u0159\u00edpravek BGS pro aretaci klikov\u00e9 h\u0159\u00eddele. Hod\u00ed se pro p\u0159esn\u00e9 nastaven\u00ed a zaji\u0161t\u011bn\u00ed komponent p\u0159i servisn\u00edch \u00fakonech na motoru. K \u010demu slou\u017e\u00ed pro \u00fapravu \u010dasov\u00e1n\u00ed motoru, kdy\u017e nap\u0159. v\u00fdm\u011bna rozvodov\u00e9ho \u0159emene, opravy hlav v\u00e1lc\u016f atd. vhodn\u00e9 pro tyto motory: Opel 1.9 [&hellip;]\" \/>\n<meta property=\"og:url\" content=\"https:\/\/www.oknobuild.com\/index.php\/produkt\/zlevneny-bgs-aretacni-pripravky-pro-vozy-fiat-1-9-jtd-16v-multijet-72291\/\" \/>\n<meta property=\"og:image\" content=\"https:\/\/www.oknobuild.com\/wp-content\/uploads\/2026\/SK0017950-CZ20260425-093449-0-1777080896-bgs-aretacni-pripravky-pro-vozy-fiat-1-9-jtd-16v-multijet.j.webp\" \/>\n\t<meta property=\"og:image:width\" content=\"1000\" \/>\n\t<meta property=\"og:image:height\" content=\"525\" \/>\n\t<meta property=\"og:image:type\" content=\"image\/webp\" \/>\n<meta name=\"twitter:card\" content=\"summary_large_image\" \/>\n<meta name=\"twitter:label1\" content=\"Odhadovan\u00e1 doba \u010dten\u00ed\" \/>\n\t<meta name=\"twitter:data1\" content=\"1 minuta\" \/>\n<script type=\"application\/ld+json\" class=\"yoast-schema-graph\">{\"@context\":\"https:\/\/schema.org\",\"@graph\":[{\"@type\":\"WebPage\",\"@id\":\"https:\/\/www.oknobuild.com\/index.php\/produkt\/zlevneny-bgs-aretacni-pripravky-pro-vozy-fiat-1-9-jtd-16v-multijet-72291\/\",\"url\":\"https:\/\/www.oknobuild.com\/index.php\/produkt\/zlevneny-bgs-aretacni-pripravky-pro-vozy-fiat-1-9-jtd-16v-multijet-72291\/\",\"name\":\"Zlevn\u011bn\u00fd BGS Areta\u010dn\u00ed p\u0159\u00edpravky pro vozy Fiat 1,9 JTD 16V Multijet -\",\"isPartOf\":{\"@id\":\"https:\/\/www.oknobuild.com\/#website\"},\"primaryImageOfPage\":{\"@id\":\"https:\/\/www.oknobuild.com\/index.php\/produkt\/zlevneny-bgs-aretacni-pripravky-pro-vozy-fiat-1-9-jtd-16v-multijet-72291\/#primaryimage\"},\"image\":{\"@id\":\"https:\/\/www.oknobuild.com\/index.php\/produkt\/zlevneny-bgs-aretacni-pripravky-pro-vozy-fiat-1-9-jtd-16v-multijet-72291\/#primaryimage\"},\"thumbnailUrl\":\"https:\/\/www.oknobuild.com\/wp-content\/uploads\/2026\/SK0017950-CZ20260425-093449-0-1777080896-bgs-aretacni-pripravky-pro-vozy-fiat-1-9-jtd-16v-multijet.j.webp\",\"datePublished\":\"2026-04-27T04:43:51+00:00\",\"breadcrumb\":{\"@id\":\"https:\/\/www.oknobuild.com\/index.php\/produkt\/zlevneny-bgs-aretacni-pripravky-pro-vozy-fiat-1-9-jtd-16v-multijet-72291\/#breadcrumb\"},\"inLanguage\":\"cs\",\"potentialAction\":[{\"@type\":\"ReadAction\",\"target\":[\"https:\/\/www.oknobuild.com\/index.php\/produkt\/zlevneny-bgs-aretacni-pripravky-pro-vozy-fiat-1-9-jtd-16v-multijet-72291\/\"]}]},{\"@type\":\"ImageObject\",\"inLanguage\":\"cs\",\"@id\":\"https:\/\/www.oknobuild.com\/index.php\/produkt\/zlevneny-bgs-aretacni-pripravky-pro-vozy-fiat-1-9-jtd-16v-multijet-72291\/#primaryimage\",\"url\":\"https:\/\/www.oknobuild.com\/wp-content\/uploads\/2026\/SK0017950-CZ20260425-093449-0-1777080896-bgs-aretacni-pripravky-pro-vozy-fiat-1-9-jtd-16v-multijet.j.webp\",\"contentUrl\":\"https:\/\/www.oknobuild.com\/wp-content\/uploads\/2026\/SK0017950-CZ20260425-093449-0-1777080896-bgs-aretacni-pripravky-pro-vozy-fiat-1-9-jtd-16v-multijet.j.webp\",\"width\":1000,\"height\":525},{\"@type\":\"BreadcrumbList\",\"@id\":\"https:\/\/www.oknobuild.com\/index.php\/produkt\/zlevneny-bgs-aretacni-pripravky-pro-vozy-fiat-1-9-jtd-16v-multijet-72291\/#breadcrumb\",\"itemListElement\":[{\"@type\":\"ListItem\",\"position\":1,\"name\":\"Home\",\"item\":\"https:\/\/www.oknobuild.com\/\"},{\"@type\":\"ListItem\",\"position\":2,\"name\":\"Products\",\"item\":\"https:\/\/www.oknobuild.com\/products\/\"},{\"@type\":\"ListItem\",\"position\":3,\"name\":\"Zlevn\u011bn\u00fd BGS Areta\u010dn\u00ed p\u0159\u00edpravky pro vozy Fiat 1,9 JTD 16V Multijet\"}]},{\"@type\":\"WebSite\",\"@id\":\"https:\/\/www.oknobuild.com\/#website\",\"url\":\"https:\/\/www.oknobuild.com\/\",\"name\":\"\",\"description\":\"\",\"potentialAction\":[{\"@type\":\"SearchAction\",\"target\":{\"@type\":\"EntryPoint\",\"urlTemplate\":\"https:\/\/www.oknobuild.com\/?s={search_term_string}\"},\"query-input\":{\"@type\":\"PropertyValueSpecification\",\"valueRequired\":true,\"valueName\":\"search_term_string\"}}],\"inLanguage\":\"cs\"}]}<\/script>\n<!-- \/ Yoast SEO plugin. -->","yoast_head_json":{"title":"Zlevn\u011bn\u00fd BGS Areta\u010dn\u00ed p\u0159\u00edpravky pro vozy Fiat 1,9 JTD 16V Multijet -","robots":{"index":"index","follow":"follow","max-snippet":"max-snippet:-1","max-image-preview":"max-image-preview:large","max-video-preview":"max-video-preview:-1"},"canonical":"https:\/\/www.oknobuild.com\/index.php\/produkt\/zlevneny-bgs-aretacni-pripravky-pro-vozy-fiat-1-9-jtd-16v-multijet-72291\/","og_locale":"cs_CZ","og_type":"article","og_title":"Zlevn\u011bn\u00fd BGS Areta\u010dn\u00ed p\u0159\u00edpravky pro vozy Fiat 1,9 JTD 16V Multijet -","og_description":"Areta\u010dn\u00ed p\u0159\u00edpravky pro vozy Fiat 1,9 JTD 16V Multijet \u2013 BGS 62665 je profesion\u00e1ln\u00ed p\u0159\u00edpravek BGS pro aretaci klikov\u00e9 h\u0159\u00eddele. Hod\u00ed se pro p\u0159esn\u00e9 nastaven\u00ed a zaji\u0161t\u011bn\u00ed komponent p\u0159i servisn\u00edch \u00fakonech na motoru. K \u010demu slou\u017e\u00ed pro \u00fapravu \u010dasov\u00e1n\u00ed motoru, kdy\u017e nap\u0159. v\u00fdm\u011bna rozvodov\u00e9ho \u0159emene, opravy hlav v\u00e1lc\u016f atd. vhodn\u00e9 pro tyto motory: Opel 1.9 [&hellip;]","og_url":"https:\/\/www.oknobuild.com\/index.php\/produkt\/zlevneny-bgs-aretacni-pripravky-pro-vozy-fiat-1-9-jtd-16v-multijet-72291\/","og_image":[{"width":1000,"height":525,"url":"https:\/\/www.oknobuild.com\/wp-content\/uploads\/2026\/SK0017950-CZ20260425-093449-0-1777080896-bgs-aretacni-pripravky-pro-vozy-fiat-1-9-jtd-16v-multijet.j.webp","type":"image\/webp"}],"twitter_card":"summary_large_image","twitter_misc":{"Odhadovan\u00e1 doba \u010dten\u00ed":"1 minuta"},"schema":{"@context":"https:\/\/schema.org","@graph":[{"@type":"WebPage","@id":"https:\/\/www.oknobuild.com\/index.php\/produkt\/zlevneny-bgs-aretacni-pripravky-pro-vozy-fiat-1-9-jtd-16v-multijet-72291\/","url":"https:\/\/www.oknobuild.com\/index.php\/produkt\/zlevneny-bgs-aretacni-pripravky-pro-vozy-fiat-1-9-jtd-16v-multijet-72291\/","name":"Zlevn\u011bn\u00fd BGS Areta\u010dn\u00ed p\u0159\u00edpravky pro vozy Fiat 1,9 JTD 16V Multijet -","isPartOf":{"@id":"https:\/\/www.oknobuild.com\/#website"},"primaryImageOfPage":{"@id":"https:\/\/www.oknobuild.com\/index.php\/produkt\/zlevneny-bgs-aretacni-pripravky-pro-vozy-fiat-1-9-jtd-16v-multijet-72291\/#primaryimage"},"image":{"@id":"https:\/\/www.oknobuild.com\/index.php\/produkt\/zlevneny-bgs-aretacni-pripravky-pro-vozy-fiat-1-9-jtd-16v-multijet-72291\/#primaryimage"},"thumbnailUrl":"https:\/\/www.oknobuild.com\/wp-content\/uploads\/2026\/SK0017950-CZ20260425-093449-0-1777080896-bgs-aretacni-pripravky-pro-vozy-fiat-1-9-jtd-16v-multijet.j.webp","datePublished":"2026-04-27T04:43:51+00:00","breadcrumb":{"@id":"https:\/\/www.oknobuild.com\/index.php\/produkt\/zlevneny-bgs-aretacni-pripravky-pro-vozy-fiat-1-9-jtd-16v-multijet-72291\/#breadcrumb"},"inLanguage":"cs","potentialAction":[{"@type":"ReadAction","target":["https:\/\/www.oknobuild.com\/index.php\/produkt\/zlevneny-bgs-aretacni-pripravky-pro-vozy-fiat-1-9-jtd-16v-multijet-72291\/"]}]},{"@type":"ImageObject","inLanguage":"cs","@id":"https:\/\/www.oknobuild.com\/index.php\/produkt\/zlevneny-bgs-aretacni-pripravky-pro-vozy-fiat-1-9-jtd-16v-multijet-72291\/#primaryimage","url":"https:\/\/www.oknobuild.com\/wp-content\/uploads\/2026\/SK0017950-CZ20260425-093449-0-1777080896-bgs-aretacni-pripravky-pro-vozy-fiat-1-9-jtd-16v-multijet.j.webp","contentUrl":"https:\/\/www.oknobuild.com\/wp-content\/uploads\/2026\/SK0017950-CZ20260425-093449-0-1777080896-bgs-aretacni-pripravky-pro-vozy-fiat-1-9-jtd-16v-multijet.j.webp","width":1000,"height":525},{"@type":"BreadcrumbList","@id":"https:\/\/www.oknobuild.com\/index.php\/produkt\/zlevneny-bgs-aretacni-pripravky-pro-vozy-fiat-1-9-jtd-16v-multijet-72291\/#breadcrumb","itemListElement":[{"@type":"ListItem","position":1,"name":"Home","item":"https:\/\/www.oknobuild.com\/"},{"@type":"ListItem","position":2,"name":"Products","item":"https:\/\/www.oknobuild.com\/products\/"},{"@type":"ListItem","position":3,"name":"Zlevn\u011bn\u00fd BGS Areta\u010dn\u00ed p\u0159\u00edpravky pro vozy Fiat 1,9 JTD 16V Multijet"}]},{"@type":"WebSite","@id":"https:\/\/www.oknobuild.com\/#website","url":"https:\/\/www.oknobuild.com\/","name":"","description":"","potentialAction":[{"@type":"SearchAction","target":{"@type":"EntryPoint","urlTemplate":"https:\/\/www.oknobuild.com\/?s={search_term_string}"},"query-input":{"@type":"PropertyValueSpecification","valueRequired":true,"valueName":"search_term_string"}}],"inLanguage":"cs"}]}},"_links":{"self":[{"href":"https:\/\/www.oknobuild.com\/wp-json\/wp\/v2\/product\/72291","targetHints":{"allow":["GET"]}}],"collection":[{"href":"https:\/\/www.oknobuild.com\/wp-json\/wp\/v2\/product"}],"about":[{"href":"https:\/\/www.oknobuild.com\/wp-json\/wp\/v2\/types\/product"}],"wp:featuredmedia":[{"embeddable":true,"href":"https:\/\/www.oknobuild.com\/wp-json\/wp\/v2\/media\/72391"}],"wp:attachment":[{"href":"https:\/\/www.oknobuild.com\/wp-json\/wp\/v2\/media?parent=72291"}],"wp:term":[{"taxonomy":"product_brand","embeddable":true,"href":"https:\/\/www.oknobuild.com\/wp-json\/wp\/v2\/product_brand?post=72291"},{"taxonomy":"product_cat","embeddable":true,"href":"https:\/\/www.oknobuild.com\/wp-json\/wp\/v2\/product_cat?post=72291"},{"taxonomy":"product_tag","embeddable":true,"href":"https:\/\/www.oknobuild.com\/wp-json\/wp\/v2\/product_tag?post=72291"}],"curies":[{"name":"wp","href":"https:\/\/api.w.org\/{rel}","templated":true}]}}