{"id":72933,"date":"2026-04-27T04:43:53","date_gmt":"2026-04-27T04:43:53","guid":{"rendered":""},"modified":"2026-04-27T04:43:53","modified_gmt":"2026-04-27T04:43:53","slug":"akce-sapho-ultratap-podomitkova-sprchova-baterie-3-vystupy-otocny-prepinac-zlato-mat-ut044tg-72933","status":"publish","type":"product","link":"https:\/\/www.oknobuild.com\/index.php\/produkt\/akce-sapho-ultratap-podomitkova-sprchova-baterie-3-vystupy-otocny-prepinac-zlato-mat-ut044tg-72933\/","title":{"rendered":"Akce Sapho ULTRATAP podom\u00edtkov\u00e1 sprchov\u00e1 baterie, 3 v\u00fdstupy, oto\u010dn\u00fd p\u0159ep\u00edna\u010d, zlato mat UT044TG"},"content":{"rendered":"<div class=\"basic-description\">\n<h3>Detailn\u00ed popis produktu<\/h3>\n<p><\/p>\n<p style=\"text-align: justify;\">S\u00e9rie ULTRATAP nab\u00edz\u00ed inovativn\u00ed a elegantn\u00ed \u0159e\u0161en\u00ed vodovodn\u00edch bateri\u00ed a sprchov\u00fdch syst\u00e9m\u016f, kter\u00e9 vynikaj\u00ed minimalistick\u00fdm designem bez tradi\u010dn\u00ed p\u00e1\u010dky. Ovl\u00e1dac\u00ed prvky jsou navr\u017eeny s vroubkovan\u00fdm povrchem, co\u017e nejen podtrhuje modern\u00ed estetiku, ale tak\u00e9 zaji\u0161\u0165uje pohodln\u00e9 ovl\u00e1d\u00e1n\u00ed. <br \/>V nab\u00eddce jsou baterie stoj\u00e1nkov\u00e9, n\u00e1st\u011bnn\u00e9, podom\u00edtkov\u00e9, do podlahy, na okraj vany i sprchov\u00e9 sloupy. K dispozici jsou atraktivn\u00ed povrchov\u00e9 \u00fapravy: leskl\u00fd chrom, sofistikovan\u00e1 matn\u00e1 \u010dern\u00e1 nebo stylov\u00e1 kombinace matn\u00e9 \u010dern\u00e9 se zlatou, kter\u00e9 umo\u017en\u00ed individu\u00e1ln\u00ed p\u0159izp\u016fsoben\u00ed designu ka\u017ed\u00e9 koupeln\u011b.<\/p>\n<h2 class=\"props-title\">Vlastnosti<\/h2>\n<table>\n<tr>\n<th>Zna\u010dka<\/th>\n<td>SAPHO<\/td>\n<\/tr>\n<tr>\n<th>S\u00e9rie<\/th>\n<td>ULTRATAP<\/td>\n<\/tr>\n<tr>\n<th>3D model<\/th>\n<td>ANO<\/td>\n<\/tr>\n<tr>\n<th>\u0160\u00ed\u0159ka<\/th>\n<td>190&nbsp;mm<\/td>\n<\/tr>\n<tr>\n<th>V\u00fd\u0161ka<\/th>\n<td>190&nbsp;mm<\/td>\n<\/tr>\n<tr>\n<th>Barva<\/th>\n<td>Zlato mat<\/td>\n<\/tr>\n<tr>\n<th>Materi\u00e1l<\/th>\n<td>Mosaz<\/td>\n<\/tr>\n<tr>\n<th>Tvar<\/th>\n<td>Kruhov\u00e9<\/td>\n<\/tr>\n<tr>\n<th>Instalace<\/th>\n<td>Podom\u00edtkov\u00e1<\/td>\n<\/tr>\n<tr>\n<th>Druh ovl\u00e1d\u00e1n\u00ed<\/th>\n<td>P\u00e1ka<\/td>\n<\/tr>\n<tr>\n<th>P\u0159ep\u00edna\u010d na sprchu<\/th>\n<td>Oto\u010dn\u00fd<\/td>\n<\/tr>\n<tr>\n<th>Ostatn\u00ed<\/th>\n<td>3 v\u00fdstupy<\/td>\n<\/tr>\n<tr>\n<th>Hmotnost \/ ks<\/th>\n<td>3.1770&nbsp;kg<\/td>\n<\/tr>\n<tr>\n<th>Balen\u00ed<\/th>\n<td>3&nbsp;ks<\/td>\n<\/tr>\n<tr>\n<th>EAN<\/th>\n<td>8590913989940<\/td>\n<\/tr>\n<tr>\n<th>Z\u00e1ruka<\/th>\n<td>6 let<\/td>\n<\/tr>\n<\/table>\n<p>   Upozorn\u011bn\u00ed pro z\u00e1kazn\u00edky ke koupi produkt\u016f na objedn\u00e1n\u00ed: Toto zbo\u017e\u00ed nen\u00ed standardn\u00edm s\u00e9riov\u00fdm v\u00fdrobkem. Bude vyrobeno na p\u0159\u00e1n\u00ed z\u00e1kazn\u00edka a proto jej nelze dodavateli v z\u00e1konn\u00e9 lh\u016ft\u011b vr\u00e1tit. (viz \u00a71837 odst.d, ob\u010dansk\u00e9ho z\u00e1kon\u00edku). V tomto p\u0159\u00edpad\u011b m\u016f\u017eeme po\u017eadovat nevratnou z\u00e1lohu a\u017e do v\u00fd\u0161e 100 % z ceny v\u00fdrobku.                            <\/p><\/div>\n","protected":false},"excerpt":{"rendered":"<p>Detailn\u00ed popis produktu S\u00e9rie ULTRATAP nab\u00edz\u00ed inovativn\u00ed a elegantn\u00ed \u0159e\u0161en\u00ed vodovodn\u00edch bateri\u00ed a sprchov\u00fdch syst\u00e9m\u016f, kter\u00e9 vynikaj\u00ed minimalistick\u00fdm designem bez tradi\u010dn\u00ed p\u00e1\u010dky. Ovl\u00e1dac\u00ed prvky jsou navr\u017eeny s vroubkovan\u00fdm povrchem, co\u017e nejen podtrhuje modern\u00ed estetiku, ale tak\u00e9 zaji\u0161\u0165uje pohodln\u00e9 ovl\u00e1d\u00e1n\u00ed. V nab\u00eddce jsou baterie stoj\u00e1nkov\u00e9, n\u00e1st\u011bnn\u00e9, podom\u00edtkov\u00e9, do podlahy, na okraj vany i sprchov\u00e9 sloupy. K [&hellip;]<\/p>\n","protected":false},"featured_media":73033,"comment_status":"open","ping_status":"open","template":"","meta":[],"product_brand":[],"product_cat":[54],"product_tag":[],"class_list":{"0":"post-72933","1":"product","2":"type-product","3":"status-publish","4":"has-post-thumbnail","6":"product_cat-vodovodni-baterie","8":"first","9":"instock","10":"sale","11":"shipping-taxable","12":"purchasable","13":"product-type-simple"},"yoast_head":"<!-- This site is optimized with the Yoast SEO plugin v26.8 - https:\/\/yoast.com\/product\/yoast-seo-wordpress\/ -->\n<title>Akce Sapho ULTRATAP podom\u00edtkov\u00e1 sprchov\u00e1 baterie, 3 v\u00fdstupy, oto\u010dn\u00fd p\u0159ep\u00edna\u010d, zlato mat UT044TG -<\/title>\n<meta name=\"robots\" content=\"index, follow, max-snippet:-1, max-image-preview:large, max-video-preview:-1\" \/>\n<link rel=\"canonical\" href=\"https:\/\/www.oknobuild.com\/index.php\/produkt\/akce-sapho-ultratap-podomitkova-sprchova-baterie-3-vystupy-otocny-prepinac-zlato-mat-ut044tg-72933\/\" \/>\n<meta property=\"og:locale\" content=\"cs_CZ\" \/>\n<meta property=\"og:type\" content=\"article\" \/>\n<meta property=\"og:title\" content=\"Akce Sapho ULTRATAP podom\u00edtkov\u00e1 sprchov\u00e1 baterie, 3 v\u00fdstupy, oto\u010dn\u00fd p\u0159ep\u00edna\u010d, zlato mat UT044TG -\" \/>\n<meta property=\"og:description\" content=\"Detailn\u00ed popis produktu S\u00e9rie ULTRATAP nab\u00edz\u00ed inovativn\u00ed a elegantn\u00ed \u0159e\u0161en\u00ed vodovodn\u00edch bateri\u00ed a sprchov\u00fdch syst\u00e9m\u016f, kter\u00e9 vynikaj\u00ed minimalistick\u00fdm designem bez tradi\u010dn\u00ed p\u00e1\u010dky. Ovl\u00e1dac\u00ed prvky jsou navr\u017eeny s vroubkovan\u00fdm povrchem, co\u017e nejen podtrhuje modern\u00ed estetiku, ale tak\u00e9 zaji\u0161\u0165uje pohodln\u00e9 ovl\u00e1d\u00e1n\u00ed. V nab\u00eddce jsou baterie stoj\u00e1nkov\u00e9, n\u00e1st\u011bnn\u00e9, podom\u00edtkov\u00e9, do podlahy, na okraj vany i sprchov\u00e9 sloupy. K [&hellip;]\" \/>\n<meta property=\"og:url\" content=\"https:\/\/www.oknobuild.com\/index.php\/produkt\/akce-sapho-ultratap-podomitkova-sprchova-baterie-3-vystupy-otocny-prepinac-zlato-mat-ut044tg-72933\/\" \/>\n<meta property=\"og:image\" content=\"https:\/\/www.oknobuild.com\/wp-content\/uploads\/2026\/SK0018437-CZ20260425-093631-0-1777080994-326300_ut044tg-242992069885087.webp\" \/>\n\t<meta property=\"og:image:width\" content=\"1000\" \/>\n\t<meta property=\"og:image:height\" content=\"750\" \/>\n\t<meta property=\"og:image:type\" content=\"image\/webp\" \/>\n<meta name=\"twitter:card\" content=\"summary_large_image\" \/>\n<meta name=\"twitter:label1\" content=\"Odhadovan\u00e1 doba \u010dten\u00ed\" \/>\n\t<meta name=\"twitter:data1\" content=\"1 minuta\" \/>\n<script type=\"application\/ld+json\" class=\"yoast-schema-graph\">{\"@context\":\"https:\/\/schema.org\",\"@graph\":[{\"@type\":\"WebPage\",\"@id\":\"https:\/\/www.oknobuild.com\/index.php\/produkt\/akce-sapho-ultratap-podomitkova-sprchova-baterie-3-vystupy-otocny-prepinac-zlato-mat-ut044tg-72933\/\",\"url\":\"https:\/\/www.oknobuild.com\/index.php\/produkt\/akce-sapho-ultratap-podomitkova-sprchova-baterie-3-vystupy-otocny-prepinac-zlato-mat-ut044tg-72933\/\",\"name\":\"Akce Sapho ULTRATAP podom\u00edtkov\u00e1 sprchov\u00e1 baterie, 3 v\u00fdstupy, oto\u010dn\u00fd p\u0159ep\u00edna\u010d, zlato mat UT044TG -\",\"isPartOf\":{\"@id\":\"https:\/\/www.oknobuild.com\/#website\"},\"primaryImageOfPage\":{\"@id\":\"https:\/\/www.oknobuild.com\/index.php\/produkt\/akce-sapho-ultratap-podomitkova-sprchova-baterie-3-vystupy-otocny-prepinac-zlato-mat-ut044tg-72933\/#primaryimage\"},\"image\":{\"@id\":\"https:\/\/www.oknobuild.com\/index.php\/produkt\/akce-sapho-ultratap-podomitkova-sprchova-baterie-3-vystupy-otocny-prepinac-zlato-mat-ut044tg-72933\/#primaryimage\"},\"thumbnailUrl\":\"https:\/\/www.oknobuild.com\/wp-content\/uploads\/2026\/SK0018437-CZ20260425-093631-0-1777080994-326300_ut044tg-242992069885087.webp\",\"datePublished\":\"2026-04-27T04:43:53+00:00\",\"breadcrumb\":{\"@id\":\"https:\/\/www.oknobuild.com\/index.php\/produkt\/akce-sapho-ultratap-podomitkova-sprchova-baterie-3-vystupy-otocny-prepinac-zlato-mat-ut044tg-72933\/#breadcrumb\"},\"inLanguage\":\"cs\",\"potentialAction\":[{\"@type\":\"ReadAction\",\"target\":[\"https:\/\/www.oknobuild.com\/index.php\/produkt\/akce-sapho-ultratap-podomitkova-sprchova-baterie-3-vystupy-otocny-prepinac-zlato-mat-ut044tg-72933\/\"]}]},{\"@type\":\"ImageObject\",\"inLanguage\":\"cs\",\"@id\":\"https:\/\/www.oknobuild.com\/index.php\/produkt\/akce-sapho-ultratap-podomitkova-sprchova-baterie-3-vystupy-otocny-prepinac-zlato-mat-ut044tg-72933\/#primaryimage\",\"url\":\"https:\/\/www.oknobuild.com\/wp-content\/uploads\/2026\/SK0018437-CZ20260425-093631-0-1777080994-326300_ut044tg-242992069885087.webp\",\"contentUrl\":\"https:\/\/www.oknobuild.com\/wp-content\/uploads\/2026\/SK0018437-CZ20260425-093631-0-1777080994-326300_ut044tg-242992069885087.webp\",\"width\":1000,\"height\":750},{\"@type\":\"BreadcrumbList\",\"@id\":\"https:\/\/www.oknobuild.com\/index.php\/produkt\/akce-sapho-ultratap-podomitkova-sprchova-baterie-3-vystupy-otocny-prepinac-zlato-mat-ut044tg-72933\/#breadcrumb\",\"itemListElement\":[{\"@type\":\"ListItem\",\"position\":1,\"name\":\"Home\",\"item\":\"https:\/\/www.oknobuild.com\/\"},{\"@type\":\"ListItem\",\"position\":2,\"name\":\"Products\",\"item\":\"https:\/\/www.oknobuild.com\/index.php\/products\/\"},{\"@type\":\"ListItem\",\"position\":3,\"name\":\"Akce Sapho ULTRATAP podom\u00edtkov\u00e1 sprchov\u00e1 baterie, 3 v\u00fdstupy, oto\u010dn\u00fd p\u0159ep\u00edna\u010d, zlato mat UT044TG\"}]},{\"@type\":\"WebSite\",\"@id\":\"https:\/\/www.oknobuild.com\/#website\",\"url\":\"https:\/\/www.oknobuild.com\/\",\"name\":\"\",\"description\":\"\",\"potentialAction\":[{\"@type\":\"SearchAction\",\"target\":{\"@type\":\"EntryPoint\",\"urlTemplate\":\"https:\/\/www.oknobuild.com\/?s={search_term_string}\"},\"query-input\":{\"@type\":\"PropertyValueSpecification\",\"valueRequired\":true,\"valueName\":\"search_term_string\"}}],\"inLanguage\":\"cs\"}]}<\/script>\n<!-- \/ Yoast SEO plugin. -->","yoast_head_json":{"title":"Akce Sapho ULTRATAP podom\u00edtkov\u00e1 sprchov\u00e1 baterie, 3 v\u00fdstupy, oto\u010dn\u00fd p\u0159ep\u00edna\u010d, zlato mat UT044TG -","robots":{"index":"index","follow":"follow","max-snippet":"max-snippet:-1","max-image-preview":"max-image-preview:large","max-video-preview":"max-video-preview:-1"},"canonical":"https:\/\/www.oknobuild.com\/index.php\/produkt\/akce-sapho-ultratap-podomitkova-sprchova-baterie-3-vystupy-otocny-prepinac-zlato-mat-ut044tg-72933\/","og_locale":"cs_CZ","og_type":"article","og_title":"Akce Sapho ULTRATAP podom\u00edtkov\u00e1 sprchov\u00e1 baterie, 3 v\u00fdstupy, oto\u010dn\u00fd p\u0159ep\u00edna\u010d, zlato mat UT044TG -","og_description":"Detailn\u00ed popis produktu S\u00e9rie ULTRATAP nab\u00edz\u00ed inovativn\u00ed a elegantn\u00ed \u0159e\u0161en\u00ed vodovodn\u00edch bateri\u00ed a sprchov\u00fdch syst\u00e9m\u016f, kter\u00e9 vynikaj\u00ed minimalistick\u00fdm designem bez tradi\u010dn\u00ed p\u00e1\u010dky. Ovl\u00e1dac\u00ed prvky jsou navr\u017eeny s vroubkovan\u00fdm povrchem, co\u017e nejen podtrhuje modern\u00ed estetiku, ale tak\u00e9 zaji\u0161\u0165uje pohodln\u00e9 ovl\u00e1d\u00e1n\u00ed. V nab\u00eddce jsou baterie stoj\u00e1nkov\u00e9, n\u00e1st\u011bnn\u00e9, podom\u00edtkov\u00e9, do podlahy, na okraj vany i sprchov\u00e9 sloupy. K [&hellip;]","og_url":"https:\/\/www.oknobuild.com\/index.php\/produkt\/akce-sapho-ultratap-podomitkova-sprchova-baterie-3-vystupy-otocny-prepinac-zlato-mat-ut044tg-72933\/","og_image":[{"width":1000,"height":750,"url":"https:\/\/www.oknobuild.com\/wp-content\/uploads\/2026\/SK0018437-CZ20260425-093631-0-1777080994-326300_ut044tg-242992069885087.webp","type":"image\/webp"}],"twitter_card":"summary_large_image","twitter_misc":{"Odhadovan\u00e1 doba \u010dten\u00ed":"1 minuta"},"schema":{"@context":"https:\/\/schema.org","@graph":[{"@type":"WebPage","@id":"https:\/\/www.oknobuild.com\/index.php\/produkt\/akce-sapho-ultratap-podomitkova-sprchova-baterie-3-vystupy-otocny-prepinac-zlato-mat-ut044tg-72933\/","url":"https:\/\/www.oknobuild.com\/index.php\/produkt\/akce-sapho-ultratap-podomitkova-sprchova-baterie-3-vystupy-otocny-prepinac-zlato-mat-ut044tg-72933\/","name":"Akce Sapho ULTRATAP podom\u00edtkov\u00e1 sprchov\u00e1 baterie, 3 v\u00fdstupy, oto\u010dn\u00fd p\u0159ep\u00edna\u010d, zlato mat UT044TG -","isPartOf":{"@id":"https:\/\/www.oknobuild.com\/#website"},"primaryImageOfPage":{"@id":"https:\/\/www.oknobuild.com\/index.php\/produkt\/akce-sapho-ultratap-podomitkova-sprchova-baterie-3-vystupy-otocny-prepinac-zlato-mat-ut044tg-72933\/#primaryimage"},"image":{"@id":"https:\/\/www.oknobuild.com\/index.php\/produkt\/akce-sapho-ultratap-podomitkova-sprchova-baterie-3-vystupy-otocny-prepinac-zlato-mat-ut044tg-72933\/#primaryimage"},"thumbnailUrl":"https:\/\/www.oknobuild.com\/wp-content\/uploads\/2026\/SK0018437-CZ20260425-093631-0-1777080994-326300_ut044tg-242992069885087.webp","datePublished":"2026-04-27T04:43:53+00:00","breadcrumb":{"@id":"https:\/\/www.oknobuild.com\/index.php\/produkt\/akce-sapho-ultratap-podomitkova-sprchova-baterie-3-vystupy-otocny-prepinac-zlato-mat-ut044tg-72933\/#breadcrumb"},"inLanguage":"cs","potentialAction":[{"@type":"ReadAction","target":["https:\/\/www.oknobuild.com\/index.php\/produkt\/akce-sapho-ultratap-podomitkova-sprchova-baterie-3-vystupy-otocny-prepinac-zlato-mat-ut044tg-72933\/"]}]},{"@type":"ImageObject","inLanguage":"cs","@id":"https:\/\/www.oknobuild.com\/index.php\/produkt\/akce-sapho-ultratap-podomitkova-sprchova-baterie-3-vystupy-otocny-prepinac-zlato-mat-ut044tg-72933\/#primaryimage","url":"https:\/\/www.oknobuild.com\/wp-content\/uploads\/2026\/SK0018437-CZ20260425-093631-0-1777080994-326300_ut044tg-242992069885087.webp","contentUrl":"https:\/\/www.oknobuild.com\/wp-content\/uploads\/2026\/SK0018437-CZ20260425-093631-0-1777080994-326300_ut044tg-242992069885087.webp","width":1000,"height":750},{"@type":"BreadcrumbList","@id":"https:\/\/www.oknobuild.com\/index.php\/produkt\/akce-sapho-ultratap-podomitkova-sprchova-baterie-3-vystupy-otocny-prepinac-zlato-mat-ut044tg-72933\/#breadcrumb","itemListElement":[{"@type":"ListItem","position":1,"name":"Home","item":"https:\/\/www.oknobuild.com\/"},{"@type":"ListItem","position":2,"name":"Products","item":"https:\/\/www.oknobuild.com\/index.php\/products\/"},{"@type":"ListItem","position":3,"name":"Akce Sapho ULTRATAP podom\u00edtkov\u00e1 sprchov\u00e1 baterie, 3 v\u00fdstupy, oto\u010dn\u00fd p\u0159ep\u00edna\u010d, zlato mat UT044TG"}]},{"@type":"WebSite","@id":"https:\/\/www.oknobuild.com\/#website","url":"https:\/\/www.oknobuild.com\/","name":"","description":"","potentialAction":[{"@type":"SearchAction","target":{"@type":"EntryPoint","urlTemplate":"https:\/\/www.oknobuild.com\/?s={search_term_string}"},"query-input":{"@type":"PropertyValueSpecification","valueRequired":true,"valueName":"search_term_string"}}],"inLanguage":"cs"}]}},"_links":{"self":[{"href":"https:\/\/www.oknobuild.com\/index.php\/wp-json\/wp\/v2\/product\/72933","targetHints":{"allow":["GET"]}}],"collection":[{"href":"https:\/\/www.oknobuild.com\/index.php\/wp-json\/wp\/v2\/product"}],"about":[{"href":"https:\/\/www.oknobuild.com\/index.php\/wp-json\/wp\/v2\/types\/product"}],"replies":[{"embeddable":true,"href":"https:\/\/www.oknobuild.com\/index.php\/wp-json\/wp\/v2\/comments?post=72933"}],"wp:featuredmedia":[{"embeddable":true,"href":"https:\/\/www.oknobuild.com\/index.php\/wp-json\/wp\/v2\/media\/73033"}],"wp:attachment":[{"href":"https:\/\/www.oknobuild.com\/index.php\/wp-json\/wp\/v2\/media?parent=72933"}],"wp:term":[{"taxonomy":"product_brand","embeddable":true,"href":"https:\/\/www.oknobuild.com\/index.php\/wp-json\/wp\/v2\/product_brand?post=72933"},{"taxonomy":"product_cat","embeddable":true,"href":"https:\/\/www.oknobuild.com\/index.php\/wp-json\/wp\/v2\/product_cat?post=72933"},{"taxonomy":"product_tag","embeddable":true,"href":"https:\/\/www.oknobuild.com\/index.php\/wp-json\/wp\/v2\/product_tag?post=72933"}],"curies":[{"name":"wp","href":"https:\/\/api.w.org\/{rel}","templated":true}]}}