{"id":73322,"date":"2026-04-27T04:43:54","date_gmt":"2026-04-27T04:43:54","guid":{"rendered":""},"modified":"2026-04-27T04:43:54","modified_gmt":"2026-04-27T04:43:54","slug":"akcni-cena-drevojas-vysoka-koupelnova-skrinka-s-kosem-na-pradlo-leva-dos-svd2zk-35-73322","status":"publish","type":"product","link":"https:\/\/www.oknobuild.com\/index.php\/produkt\/akcni-cena-drevojas-vysoka-koupelnova-skrinka-s-kosem-na-pradlo-leva-dos-svd2zk-35-73322\/","title":{"rendered":"Ak\u010dn\u00ed Cena D\u0159evojas vysok\u00e1 koupelnov\u00e1 sk\u0159\u00ed\u0148ka s ko\u0161em na pr\u00e1dlo &#8211; lev\u00e1 &#8211; DOS SVD2ZK 35"},"content":{"rendered":"<div class=\"basic-description\">\n<h3>Detailn\u00ed popis produktu<\/h3>\n<p>Vysn\u011bn\u00e1 koupelna je pro mnoh\u00e9 tak\u00e9 m\u00edstem relaxace a klidu. Jak ale vytvo\u0159it m\u00edsto, kter\u00e9 bude funk\u010dn\u00ed b\u011bhem ka\u017edodenn\u00edho shonu a dok\u00e1\u017ee se prom\u011bnit na luxusn\u00ed soukrom\u00e9 l\u00e1zn\u011b? T\u00edm hlavn\u00edm je po\u0159\u00e1dek v koupeln\u011b, kter\u00fd je snadn\u00e9 dodr\u017eovat, pokud m\u00e1te dostatek \u00falo\u017en\u00e9ho prostoru. A ten mohou zajistit vysok\u00e9 sk\u0159\u00ed\u0148ky. Schovejte za dv\u00ed\u0159ka v\u0161e pot\u0159ebn\u00e9 i to, co by v\u00e1s mohlo rozptylovat od vo\u0148av\u00e9 relaxace po dlouh\u00e9m dni. Vysok\u00e9 sk\u0159\u00edn\u011b jsou \u0159e\u0161en\u00edm do ka\u017ed\u00e9 koupelny, i t\u00e9 nejmen\u0161\u00ed.<\/p>\n<h2>Parametry sk\u0159\u00edn\u011b<\/h2>\n<p>Prostorn\u00e1 vysok\u00e1 sk\u0159\u00ed\u0148 DOS SVD2ZK 35 p\u0159inese do va\u0161\u00ed koupelny r\u00e1zem po\u0159\u00e1dek. M\u00e1 toti\u017e vyhran\u011bn\u00fd \u00falo\u017en\u00fd prostor na v\u0161e! Za dv\u00ed\u0159ky v horn\u00ed \u010d\u00e1sti se nach\u00e1z\u00ed 2 sklen\u011bn\u00e9, v\u00fd\u0161kov\u011b polohovateln\u00e9 police. Snadno si tak uprav\u00edte toto m\u00edsto podle v\u00fd\u0161ky \u010distic\u00edch prost\u0159edk\u016f, mno\u017estv\u00ed \u010dist\u00fdch ru\u010dn\u00edk\u016f \u010di dal\u0161\u00edch p\u0159edm\u011bt\u016f. Orientaci dv\u00ed\u0159ek (vpravo\/vlevo) si m\u016f\u017eete vybrat p\u0159i objedn\u00e1vce. Skv\u011ble p\u0159\u00edstupn\u00e1 z\u00e1suvka uprost\u0159ed sk\u0159\u00edn\u011b je ide\u00e1ln\u00ed pro drobn\u011bj\u0161\u00ed p\u0159edm\u011bty, nap\u0159\u00edklad kosmetiku nebo l\u00e9ky, kter\u00e9 chcete m\u00edt po ruce, ale ve velk\u00e9m prostoru by se snadno ztratily. A spodn\u00ed \u010d\u00e1st sk\u0159\u00edn\u011b za v\u00fdklopn\u00fdmi dv\u00ed\u0159ky ukr\u00fdv\u00e1 ko\u0161 na pr\u00e1dlo. Ten nav\u00edc m\u016f\u017eete snadno vyjmout a p\u0159esunout bl\u00ed\u017ee k pra\u010dce. Tato vysok\u00e1 sk\u0159\u00ed\u0148 tak \u0159e\u0161\u00ed mnoho probl\u00e9m\u016f najednou a nav\u00edc si m\u016f\u017eete vybrat z mnoha \u00fachytek, abyste ji snadno sladili s dal\u0161\u00edm koupelnov\u00fdm n\u00e1bytkem.<\/p>\n<p>Barvu d\u0159evodekor\u016f vyb\u00edrejte ZDE\u2193<\/p>\n<\/p>\n<p>Typy \u00fachytek:<\/p>\n<ul>\n<li>T01 \u2013 hlin\u00edkov\u00e1 \u00fachytka (povrchov\u00e1 \u00faprava z eloxovan\u00e9ho hlin\u00edku)<\/li>\n<li>T02 \u2013 \u00fachytka z oceli (povrchov\u00e1 \u00faprava z brou\u0161en\u00e9ho niklu)<\/li>\n<li>T03 \u2013 hlin\u00edkov\u00e1 \u00fachytka (povrchov\u00e1 \u00faprava z brou\u0161en\u00e9ho niklu)<\/li>\n<li>T04 \u2013 \u00fachytka z nerezov\u00e9 oceli (povrchov\u00e1 \u00faprava chrom lesk)<\/li>\n<li>T05 &#8211;&nbsp;<span data-sheets-root=\"1\">hlin\u00edkov\u00e1 \u00fachytka (povrchov\u00e1 \u00faprava z eloxovan\u00e9ho hlin\u00edku)<\/span><\/li>\n<li>T06 \u2013 \u00fachytka z nerezov\u00e9 oceli (povrchov\u00e1 \u00faprava \u010dern\u00e1 mat)<\/li>\n<li>T07 &#8211;&nbsp;<span data-sheets-root=\"1\">hlin\u00edkov\u00e1 \u00fachytka (povrchov\u00e1 \u00faprava \u010dern\u00e1 mat)<\/span><\/li>\n<\/ul>\n<p>Dopl\u0148kovou vysokou sk\u0159\u00ed\u0148 snadno p\u0159izp\u016fsob\u00edte ostatn\u00edm kousk\u016fm n\u00e1bytku d\u00edky \u0161irok\u00e9 nab\u00eddce d\u0159evodekor\u016f, modern\u00edch dekor\u016f, barevn\u00fdch odst\u00edn\u016f ve vysok\u00e9m lesku, lesku \u010di matu a tak\u00e9 d\u00edky nekone\u010dn\u00e9mu vzorn\u00edku barevn\u00fdch t\u00f3n\u016f RAL\/NCS, kter\u00fd vyhov\u00ed jak\u00fdmkoliv p\u0159edstav\u00e1m. I ve vysok\u00fdch sk\u0159\u00ed\u0148k\u00e1ch pou\u017e\u00edv\u00e1me n\u011bmeck\u00e9 kov\u00e1n\u00ed Hettich, kter\u00e9 zaji\u0161\u0165uje tlumen\u00e9 dov\u00edr\u00e1n\u00ed a z\u00edsk\u00e1te na n\u011bj do\u017eivotn\u00ed z\u00e1ruku. A na celou sk\u0159\u00ed\u0148ku pak prodlou\u017eenou z\u00e1ruku 5 let.<\/p>\n<\/p>\n<p><strong>Upozorn\u011bn\u00ed pro z\u00e1kazn\u00edky ke koupi produkt\u016f na objedn\u00e1n\u00ed:<\/strong> Toto zbo\u017e\u00ed nen\u00ed standardn\u00edm s\u00e9riov\u00fdm v\u00fdrobkem. Bude vyrobeno na p\u0159\u00e1n\u00ed z\u00e1kazn\u00edka a proto jej <strong>nelze dodavateli v z\u00e1konn\u00e9 lh\u016ft\u011b vr\u00e1tit<\/strong>. (viz \u00a71837 odst.d, ob\u010dansk\u00e9ho z\u00e1kon\u00edku). V tomto p\u0159\u00edpad\u011b m\u016f\u017eeme po\u017eadovat nevratnou z\u00e1lohu a\u017e do v\u00fd\u0161e 100 % z ceny v\u00fdrobku.<\/p>\n<\/p><\/div>\n","protected":false},"excerpt":{"rendered":"<p>Detailn\u00ed popis produktu Vysn\u011bn\u00e1 koupelna je pro mnoh\u00e9 tak\u00e9 m\u00edstem relaxace a klidu. Jak ale vytvo\u0159it m\u00edsto, kter\u00e9 bude funk\u010dn\u00ed b\u011bhem ka\u017edodenn\u00edho shonu a dok\u00e1\u017ee se prom\u011bnit na luxusn\u00ed soukrom\u00e9 l\u00e1zn\u011b? T\u00edm hlavn\u00edm je po\u0159\u00e1dek v koupeln\u011b, kter\u00fd je snadn\u00e9 dodr\u017eovat, pokud m\u00e1te dostatek \u00falo\u017en\u00e9ho prostoru. A ten mohou zajistit vysok\u00e9 sk\u0159\u00ed\u0148ky. Schovejte za dv\u00ed\u0159ka [&hellip;]<\/p>\n","protected":false},"featured_media":73422,"comment_status":"open","ping_status":"open","template":"","meta":[],"product_brand":[],"product_cat":[78],"product_tag":[],"class_list":{"0":"post-73322","1":"product","2":"type-product","3":"status-publish","4":"has-post-thumbnail","6":"product_cat-koupelnovy-nabytek","8":"first","9":"instock","10":"sale","11":"shipping-taxable","12":"purchasable","13":"product-type-simple"},"yoast_head":"<!-- This site is optimized with the Yoast SEO plugin v26.8 - https:\/\/yoast.com\/product\/yoast-seo-wordpress\/ -->\n<title>Ak\u010dn\u00ed Cena D\u0159evojas vysok\u00e1 koupelnov\u00e1 sk\u0159\u00ed\u0148ka s ko\u0161em na pr\u00e1dlo - lev\u00e1 - DOS SVD2ZK 35 -<\/title>\n<meta name=\"robots\" content=\"index, follow, max-snippet:-1, max-image-preview:large, max-video-preview:-1\" \/>\n<link rel=\"canonical\" href=\"https:\/\/www.oknobuild.com\/index.php\/produkt\/akcni-cena-drevojas-vysoka-koupelnova-skrinka-s-kosem-na-pradlo-leva-dos-svd2zk-35-73322\/\" \/>\n<meta property=\"og:locale\" content=\"cs_CZ\" \/>\n<meta property=\"og:type\" content=\"article\" \/>\n<meta property=\"og:title\" content=\"Ak\u010dn\u00ed Cena D\u0159evojas vysok\u00e1 koupelnov\u00e1 sk\u0159\u00ed\u0148ka s ko\u0161em na pr\u00e1dlo - lev\u00e1 - DOS SVD2ZK 35 -\" \/>\n<meta property=\"og:description\" content=\"Detailn\u00ed popis produktu Vysn\u011bn\u00e1 koupelna je pro mnoh\u00e9 tak\u00e9 m\u00edstem relaxace a klidu. Jak ale vytvo\u0159it m\u00edsto, kter\u00e9 bude funk\u010dn\u00ed b\u011bhem ka\u017edodenn\u00edho shonu a dok\u00e1\u017ee se prom\u011bnit na luxusn\u00ed soukrom\u00e9 l\u00e1zn\u011b? T\u00edm hlavn\u00edm je po\u0159\u00e1dek v koupeln\u011b, kter\u00fd je snadn\u00e9 dodr\u017eovat, pokud m\u00e1te dostatek \u00falo\u017en\u00e9ho prostoru. A ten mohou zajistit vysok\u00e9 sk\u0159\u00ed\u0148ky. Schovejte za dv\u00ed\u0159ka [&hellip;]\" \/>\n<meta property=\"og:url\" content=\"https:\/\/www.oknobuild.com\/index.php\/produkt\/akcni-cena-drevojas-vysoka-koupelnova-skrinka-s-kosem-na-pradlo-leva-dos-svd2zk-35-73322\/\" \/>\n<meta property=\"og:image\" content=\"https:\/\/www.oknobuild.com\/wp-content\/uploads\/2026\/SK0018705-CZ20260425-093631-0-1777080994-327140-10_drevojas-vysoka-koupelnova-skrinka-s-kosem-na-pra.webp\" \/>\n\t<meta property=\"og:image:width\" content=\"1000\" \/>\n\t<meta property=\"og:image:height\" content=\"750\" \/>\n\t<meta property=\"og:image:type\" content=\"image\/webp\" \/>\n<meta name=\"twitter:card\" content=\"summary_large_image\" \/>\n<meta name=\"twitter:label1\" content=\"Odhadovan\u00e1 doba \u010dten\u00ed\" \/>\n\t<meta name=\"twitter:data1\" content=\"3 minuty\" \/>\n<script type=\"application\/ld+json\" class=\"yoast-schema-graph\">{\"@context\":\"https:\/\/schema.org\",\"@graph\":[{\"@type\":\"WebPage\",\"@id\":\"https:\/\/www.oknobuild.com\/index.php\/produkt\/akcni-cena-drevojas-vysoka-koupelnova-skrinka-s-kosem-na-pradlo-leva-dos-svd2zk-35-73322\/\",\"url\":\"https:\/\/www.oknobuild.com\/index.php\/produkt\/akcni-cena-drevojas-vysoka-koupelnova-skrinka-s-kosem-na-pradlo-leva-dos-svd2zk-35-73322\/\",\"name\":\"Ak\u010dn\u00ed Cena D\u0159evojas vysok\u00e1 koupelnov\u00e1 sk\u0159\u00ed\u0148ka s ko\u0161em na pr\u00e1dlo - lev\u00e1 - DOS SVD2ZK 35 -\",\"isPartOf\":{\"@id\":\"https:\/\/www.oknobuild.com\/#website\"},\"primaryImageOfPage\":{\"@id\":\"https:\/\/www.oknobuild.com\/index.php\/produkt\/akcni-cena-drevojas-vysoka-koupelnova-skrinka-s-kosem-na-pradlo-leva-dos-svd2zk-35-73322\/#primaryimage\"},\"image\":{\"@id\":\"https:\/\/www.oknobuild.com\/index.php\/produkt\/akcni-cena-drevojas-vysoka-koupelnova-skrinka-s-kosem-na-pradlo-leva-dos-svd2zk-35-73322\/#primaryimage\"},\"thumbnailUrl\":\"https:\/\/www.oknobuild.com\/wp-content\/uploads\/2026\/SK0018705-CZ20260425-093631-0-1777080994-327140-10_drevojas-vysoka-koupelnova-skrinka-s-kosem-na-pra.webp\",\"datePublished\":\"2026-04-27T04:43:54+00:00\",\"breadcrumb\":{\"@id\":\"https:\/\/www.oknobuild.com\/index.php\/produkt\/akcni-cena-drevojas-vysoka-koupelnova-skrinka-s-kosem-na-pradlo-leva-dos-svd2zk-35-73322\/#breadcrumb\"},\"inLanguage\":\"cs\",\"potentialAction\":[{\"@type\":\"ReadAction\",\"target\":[\"https:\/\/www.oknobuild.com\/index.php\/produkt\/akcni-cena-drevojas-vysoka-koupelnova-skrinka-s-kosem-na-pradlo-leva-dos-svd2zk-35-73322\/\"]}]},{\"@type\":\"ImageObject\",\"inLanguage\":\"cs\",\"@id\":\"https:\/\/www.oknobuild.com\/index.php\/produkt\/akcni-cena-drevojas-vysoka-koupelnova-skrinka-s-kosem-na-pradlo-leva-dos-svd2zk-35-73322\/#primaryimage\",\"url\":\"https:\/\/www.oknobuild.com\/wp-content\/uploads\/2026\/SK0018705-CZ20260425-093631-0-1777080994-327140-10_drevojas-vysoka-koupelnova-skrinka-s-kosem-na-pra.webp\",\"contentUrl\":\"https:\/\/www.oknobuild.com\/wp-content\/uploads\/2026\/SK0018705-CZ20260425-093631-0-1777080994-327140-10_drevojas-vysoka-koupelnova-skrinka-s-kosem-na-pra.webp\",\"width\":1000,\"height\":750},{\"@type\":\"BreadcrumbList\",\"@id\":\"https:\/\/www.oknobuild.com\/index.php\/produkt\/akcni-cena-drevojas-vysoka-koupelnova-skrinka-s-kosem-na-pradlo-leva-dos-svd2zk-35-73322\/#breadcrumb\",\"itemListElement\":[{\"@type\":\"ListItem\",\"position\":1,\"name\":\"Home\",\"item\":\"https:\/\/www.oknobuild.com\/\"},{\"@type\":\"ListItem\",\"position\":2,\"name\":\"Products\",\"item\":\"https:\/\/www.oknobuild.com\/index.php\/products\/\"},{\"@type\":\"ListItem\",\"position\":3,\"name\":\"Ak\u010dn\u00ed Cena D\u0159evojas vysok\u00e1 koupelnov\u00e1 sk\u0159\u00ed\u0148ka s ko\u0161em na pr\u00e1dlo &#8211; lev\u00e1 &#8211; DOS SVD2ZK 35\"}]},{\"@type\":\"WebSite\",\"@id\":\"https:\/\/www.oknobuild.com\/#website\",\"url\":\"https:\/\/www.oknobuild.com\/\",\"name\":\"\",\"description\":\"\",\"potentialAction\":[{\"@type\":\"SearchAction\",\"target\":{\"@type\":\"EntryPoint\",\"urlTemplate\":\"https:\/\/www.oknobuild.com\/?s={search_term_string}\"},\"query-input\":{\"@type\":\"PropertyValueSpecification\",\"valueRequired\":true,\"valueName\":\"search_term_string\"}}],\"inLanguage\":\"cs\"}]}<\/script>\n<!-- \/ Yoast SEO plugin. -->","yoast_head_json":{"title":"Ak\u010dn\u00ed Cena D\u0159evojas vysok\u00e1 koupelnov\u00e1 sk\u0159\u00ed\u0148ka s ko\u0161em na pr\u00e1dlo - lev\u00e1 - DOS SVD2ZK 35 -","robots":{"index":"index","follow":"follow","max-snippet":"max-snippet:-1","max-image-preview":"max-image-preview:large","max-video-preview":"max-video-preview:-1"},"canonical":"https:\/\/www.oknobuild.com\/index.php\/produkt\/akcni-cena-drevojas-vysoka-koupelnova-skrinka-s-kosem-na-pradlo-leva-dos-svd2zk-35-73322\/","og_locale":"cs_CZ","og_type":"article","og_title":"Ak\u010dn\u00ed Cena D\u0159evojas vysok\u00e1 koupelnov\u00e1 sk\u0159\u00ed\u0148ka s ko\u0161em na pr\u00e1dlo - lev\u00e1 - DOS SVD2ZK 35 -","og_description":"Detailn\u00ed popis produktu Vysn\u011bn\u00e1 koupelna je pro mnoh\u00e9 tak\u00e9 m\u00edstem relaxace a klidu. Jak ale vytvo\u0159it m\u00edsto, kter\u00e9 bude funk\u010dn\u00ed b\u011bhem ka\u017edodenn\u00edho shonu a dok\u00e1\u017ee se prom\u011bnit na luxusn\u00ed soukrom\u00e9 l\u00e1zn\u011b? T\u00edm hlavn\u00edm je po\u0159\u00e1dek v koupeln\u011b, kter\u00fd je snadn\u00e9 dodr\u017eovat, pokud m\u00e1te dostatek \u00falo\u017en\u00e9ho prostoru. A ten mohou zajistit vysok\u00e9 sk\u0159\u00ed\u0148ky. Schovejte za dv\u00ed\u0159ka [&hellip;]","og_url":"https:\/\/www.oknobuild.com\/index.php\/produkt\/akcni-cena-drevojas-vysoka-koupelnova-skrinka-s-kosem-na-pradlo-leva-dos-svd2zk-35-73322\/","og_image":[{"width":1000,"height":750,"url":"https:\/\/www.oknobuild.com\/wp-content\/uploads\/2026\/SK0018705-CZ20260425-093631-0-1777080994-327140-10_drevojas-vysoka-koupelnova-skrinka-s-kosem-na-pra.webp","type":"image\/webp"}],"twitter_card":"summary_large_image","twitter_misc":{"Odhadovan\u00e1 doba \u010dten\u00ed":"3 minuty"},"schema":{"@context":"https:\/\/schema.org","@graph":[{"@type":"WebPage","@id":"https:\/\/www.oknobuild.com\/index.php\/produkt\/akcni-cena-drevojas-vysoka-koupelnova-skrinka-s-kosem-na-pradlo-leva-dos-svd2zk-35-73322\/","url":"https:\/\/www.oknobuild.com\/index.php\/produkt\/akcni-cena-drevojas-vysoka-koupelnova-skrinka-s-kosem-na-pradlo-leva-dos-svd2zk-35-73322\/","name":"Ak\u010dn\u00ed Cena D\u0159evojas vysok\u00e1 koupelnov\u00e1 sk\u0159\u00ed\u0148ka s ko\u0161em na pr\u00e1dlo - lev\u00e1 - DOS SVD2ZK 35 -","isPartOf":{"@id":"https:\/\/www.oknobuild.com\/#website"},"primaryImageOfPage":{"@id":"https:\/\/www.oknobuild.com\/index.php\/produkt\/akcni-cena-drevojas-vysoka-koupelnova-skrinka-s-kosem-na-pradlo-leva-dos-svd2zk-35-73322\/#primaryimage"},"image":{"@id":"https:\/\/www.oknobuild.com\/index.php\/produkt\/akcni-cena-drevojas-vysoka-koupelnova-skrinka-s-kosem-na-pradlo-leva-dos-svd2zk-35-73322\/#primaryimage"},"thumbnailUrl":"https:\/\/www.oknobuild.com\/wp-content\/uploads\/2026\/SK0018705-CZ20260425-093631-0-1777080994-327140-10_drevojas-vysoka-koupelnova-skrinka-s-kosem-na-pra.webp","datePublished":"2026-04-27T04:43:54+00:00","breadcrumb":{"@id":"https:\/\/www.oknobuild.com\/index.php\/produkt\/akcni-cena-drevojas-vysoka-koupelnova-skrinka-s-kosem-na-pradlo-leva-dos-svd2zk-35-73322\/#breadcrumb"},"inLanguage":"cs","potentialAction":[{"@type":"ReadAction","target":["https:\/\/www.oknobuild.com\/index.php\/produkt\/akcni-cena-drevojas-vysoka-koupelnova-skrinka-s-kosem-na-pradlo-leva-dos-svd2zk-35-73322\/"]}]},{"@type":"ImageObject","inLanguage":"cs","@id":"https:\/\/www.oknobuild.com\/index.php\/produkt\/akcni-cena-drevojas-vysoka-koupelnova-skrinka-s-kosem-na-pradlo-leva-dos-svd2zk-35-73322\/#primaryimage","url":"https:\/\/www.oknobuild.com\/wp-content\/uploads\/2026\/SK0018705-CZ20260425-093631-0-1777080994-327140-10_drevojas-vysoka-koupelnova-skrinka-s-kosem-na-pra.webp","contentUrl":"https:\/\/www.oknobuild.com\/wp-content\/uploads\/2026\/SK0018705-CZ20260425-093631-0-1777080994-327140-10_drevojas-vysoka-koupelnova-skrinka-s-kosem-na-pra.webp","width":1000,"height":750},{"@type":"BreadcrumbList","@id":"https:\/\/www.oknobuild.com\/index.php\/produkt\/akcni-cena-drevojas-vysoka-koupelnova-skrinka-s-kosem-na-pradlo-leva-dos-svd2zk-35-73322\/#breadcrumb","itemListElement":[{"@type":"ListItem","position":1,"name":"Home","item":"https:\/\/www.oknobuild.com\/"},{"@type":"ListItem","position":2,"name":"Products","item":"https:\/\/www.oknobuild.com\/index.php\/products\/"},{"@type":"ListItem","position":3,"name":"Ak\u010dn\u00ed Cena D\u0159evojas vysok\u00e1 koupelnov\u00e1 sk\u0159\u00ed\u0148ka s ko\u0161em na pr\u00e1dlo &#8211; lev\u00e1 &#8211; DOS SVD2ZK 35"}]},{"@type":"WebSite","@id":"https:\/\/www.oknobuild.com\/#website","url":"https:\/\/www.oknobuild.com\/","name":"","description":"","potentialAction":[{"@type":"SearchAction","target":{"@type":"EntryPoint","urlTemplate":"https:\/\/www.oknobuild.com\/?s={search_term_string}"},"query-input":{"@type":"PropertyValueSpecification","valueRequired":true,"valueName":"search_term_string"}}],"inLanguage":"cs"}]}},"_links":{"self":[{"href":"https:\/\/www.oknobuild.com\/index.php\/wp-json\/wp\/v2\/product\/73322","targetHints":{"allow":["GET"]}}],"collection":[{"href":"https:\/\/www.oknobuild.com\/index.php\/wp-json\/wp\/v2\/product"}],"about":[{"href":"https:\/\/www.oknobuild.com\/index.php\/wp-json\/wp\/v2\/types\/product"}],"replies":[{"embeddable":true,"href":"https:\/\/www.oknobuild.com\/index.php\/wp-json\/wp\/v2\/comments?post=73322"}],"wp:featuredmedia":[{"embeddable":true,"href":"https:\/\/www.oknobuild.com\/index.php\/wp-json\/wp\/v2\/media\/73422"}],"wp:attachment":[{"href":"https:\/\/www.oknobuild.com\/index.php\/wp-json\/wp\/v2\/media?parent=73322"}],"wp:term":[{"taxonomy":"product_brand","embeddable":true,"href":"https:\/\/www.oknobuild.com\/index.php\/wp-json\/wp\/v2\/product_brand?post=73322"},{"taxonomy":"product_cat","embeddable":true,"href":"https:\/\/www.oknobuild.com\/index.php\/wp-json\/wp\/v2\/product_cat?post=73322"},{"taxonomy":"product_tag","embeddable":true,"href":"https:\/\/www.oknobuild.com\/index.php\/wp-json\/wp\/v2\/product_tag?post=73322"}],"curies":[{"name":"wp","href":"https:\/\/api.w.org\/{rel}","templated":true}]}}