{"id":73564,"date":"2026-04-27T04:43:55","date_gmt":"2026-04-27T04:43:55","guid":{"rendered":""},"modified":"2026-04-27T04:43:55","modified_gmt":"2026-04-27T04:43:55","slug":"akcni-cena-drevojas-jednodverova-galerka-prava-focus-gaoe-50-73564","status":"publish","type":"product","link":"https:\/\/www.oknobuild.com\/index.php\/produkt\/akcni-cena-drevojas-jednodverova-galerka-prava-focus-gaoe-50-73564\/","title":{"rendered":"Ak\u010dn\u00ed Cena D\u0159evojas jednodve\u0159ov\u00e1 galerka &#8211; prav\u00e1 &#8211; FOCUS GAOE 50"},"content":{"rendered":"<div class=\"basic-description\">\n<h3>Detailn\u00ed popis produktu<\/h3>\n<p>Objevte uspo\u0159\u00e1d\u00e1n\u00fd a p\u0159ehledn\u00fd sv\u011bt za zrcadly. Galerka z \u0159ady FOCUS v\u00e1s ohrom\u00ed dv\u00ed\u0159ky z oboustrann\u00fdmi zrcadly, prosklen\u00fdmi policemi i otev\u0159enou polic\u00ed ve spodn\u00ed \u010d\u00e1sti n\u00e1st\u011bnn\u00e9 sk\u0159\u00ed\u0148ky. A v\u00fd\u010det vychyt\u00e1vek, na kter\u00e9 si p\u0159i pohodln\u00e9m pou\u017e\u00edv\u00e1n\u00ed ka\u017ed\u00fd den rychle zvyknete, je mnohem del\u0161\u00ed. Jednoduch\u00fd design vhodn\u00fd do ka\u017ed\u00e9 koupelny si m\u016f\u017eete p\u0159izp\u016fsobit podle sv\u00fdch p\u0159edstav.<\/p>\n<h2>Parametry galerky<\/h2>\n<p>Jednodv\u00e9\u0159ov\u00e1 galerka FOCUS GAOE 50 bude vypadat skv\u011ble v men\u0161\u00edch koupeln\u00e1ch k umyvadlov\u00fdm sk\u0159\u00ed\u0148k\u00e1m podobn\u00e9 \u0161\u00ed\u0159ky. Sm\u011br otev\u00edr\u00e1n\u00ed dv\u00ed\u0159ek s oboustrann\u00fdm zrcadlem si m\u016f\u017eete zvolit podle sv\u00fdch preferenc\u00ed a ostatn\u00edho n\u00e1bytku v koupeln\u011b. Za oboustrann\u00fdmi zrcadlov\u00fdmi dv\u00ed\u0159ky najdete 2 sklen\u011bn\u00e9 police, kter\u00e9 v\u00e1m pomohou udr\u017eet po\u0159\u00e1dek i p\u0159ehled o v\u0161ech ulo\u017een\u00fdch p\u0159edm\u011btech. Dv\u00ed\u0159ka, kter\u00e1 dr\u017e\u00ed zrcadlo na speci\u00e1ln\u00ed, n\u00e1mi patentovan\u00e9 li\u0161t\u011b, jsou usazena na kvalitn\u00edm n\u011bmeck\u00e9m kov\u00e1n\u00ed Hettich. Na toto kov\u00e1n\u00ed z\u00edsk\u00e1te do\u017eivotn\u00ed z\u00e1ruku. Na celou sk\u0159\u00ed\u0148ku pak plat\u00ed prodlou\u017een\u00e1 z\u00e1ruka v d\u00e9lce 5 let. Spodn\u00ed nika ukazuje na spojen\u00ed designu a funk\u010dnosti. Do t\u00e9to niky m\u016f\u017eete ulo\u017eit ka\u017edodenn\u00ed drobnosti, \u0161perky nebo br\u00fdle \u010di drobn\u00e9 dekorace.<\/p>\n<p>Vyberte si z mnoha variant vzhledu sk\u0159\u00ed\u0148ky. Barevnost korpusu se toti\u017e v\u00fdrazn\u011b propisuje pr\u00e1v\u011b na otev\u0159en\u00e9 nice. Volit m\u016f\u017eete mezi obl\u00edben\u00fdm d\u0159evodekorem, modern\u00edmi dekory \u010di z\u00e1kladn\u00edmi t\u00f3ny ve vysok\u00e9m lesku \u010di matu. Nechyb\u00ed ani nekone\u010dn\u00fd vzorn\u00edk barevn\u00fdch odst\u00edn\u016f RAL\/NCS, ve kter\u00e9m jist\u011b najdete p\u0159esn\u011b ten v\u00e1\u0161 zamilovan\u00fd odst\u00edn.<\/p>\n<p><meta charset=\"utf-8\" \/>Barvu d\u0159evodekor\u016f vyb\u00edrejte ZDE\u2193<\/p>\n<\/p>\n<p>Extern\u00ed LED osv\u011btlen\u00ed PINO 300 (5 W) se ovl\u00e1d\u00e1 pomoc\u00ed vyp\u00edna\u010de uvnit\u0159 sk\u0159\u00ed\u0148ky. Stejn\u011b tak tam najdete i elektrickou z\u00e1suvku (230 V), d\u00edky kter\u00e9 bude \u00faprava vlas\u016f i vous\u016f o n\u011bco pohodln\u011bj\u0161\u00ed. Galerka spl\u0148uje kryt\u00ed IP 44. V celkov\u00e9 cen\u011b je zahrnuto LED osv\u011btlen\u00ed i z\u00e1suvka.<\/p>\n<\/p>\n<p><strong>Upozorn\u011bn\u00ed pro z\u00e1kazn\u00edky ke koupi produkt\u016f na objedn\u00e1n\u00ed:<\/strong> Toto zbo\u017e\u00ed nen\u00ed standardn\u00edm s\u00e9riov\u00fdm v\u00fdrobkem. Bude vyrobeno na p\u0159\u00e1n\u00ed z\u00e1kazn\u00edka a proto jej <strong>nelze dodavateli v z\u00e1konn\u00e9 lh\u016ft\u011b vr\u00e1tit<\/strong>. (viz \u00a71837 odst.d, ob\u010dansk\u00e9ho z\u00e1kon\u00edku). V tomto p\u0159\u00edpad\u011b m\u016f\u017eeme po\u017eadovat nevratnou z\u00e1lohu a\u017e do v\u00fd\u0161e 100 % z ceny v\u00fdrobku.<\/p>\n<\/p><\/div>\n","protected":false},"excerpt":{"rendered":"<p>Detailn\u00ed popis produktu Objevte uspo\u0159\u00e1d\u00e1n\u00fd a p\u0159ehledn\u00fd sv\u011bt za zrcadly. Galerka z \u0159ady FOCUS v\u00e1s ohrom\u00ed dv\u00ed\u0159ky z oboustrann\u00fdmi zrcadly, prosklen\u00fdmi policemi i otev\u0159enou polic\u00ed ve spodn\u00ed \u010d\u00e1sti n\u00e1st\u011bnn\u00e9 sk\u0159\u00ed\u0148ky. A v\u00fd\u010det vychyt\u00e1vek, na kter\u00e9 si p\u0159i pohodln\u00e9m pou\u017e\u00edv\u00e1n\u00ed ka\u017ed\u00fd den rychle zvyknete, je mnohem del\u0161\u00ed. Jednoduch\u00fd design vhodn\u00fd do ka\u017ed\u00e9 koupelny si m\u016f\u017eete p\u0159izp\u016fsobit [&hellip;]<\/p>\n","protected":false},"featured_media":73664,"comment_status":"open","ping_status":"open","template":"","meta":[],"product_brand":[],"product_cat":[78],"product_tag":[],"class_list":{"0":"post-73564","1":"product","2":"type-product","3":"status-publish","4":"has-post-thumbnail","6":"product_cat-koupelnovy-nabytek","8":"first","9":"instock","10":"sale","11":"shipping-taxable","12":"purchasable","13":"product-type-simple"},"yoast_head":"<!-- This site is optimized with the Yoast SEO plugin v26.8 - https:\/\/yoast.com\/product\/yoast-seo-wordpress\/ -->\n<title>Ak\u010dn\u00ed Cena D\u0159evojas jednodve\u0159ov\u00e1 galerka - prav\u00e1 - FOCUS GAOE 50 -<\/title>\n<meta name=\"robots\" content=\"index, follow, max-snippet:-1, max-image-preview:large, max-video-preview:-1\" \/>\n<link rel=\"canonical\" href=\"https:\/\/www.oknobuild.com\/index.php\/produkt\/akcni-cena-drevojas-jednodverova-galerka-prava-focus-gaoe-50-73564\/\" \/>\n<meta property=\"og:locale\" content=\"cs_CZ\" \/>\n<meta property=\"og:type\" content=\"article\" \/>\n<meta property=\"og:title\" content=\"Ak\u010dn\u00ed Cena D\u0159evojas jednodve\u0159ov\u00e1 galerka - prav\u00e1 - FOCUS GAOE 50 -\" \/>\n<meta property=\"og:description\" content=\"Detailn\u00ed popis produktu Objevte uspo\u0159\u00e1d\u00e1n\u00fd a p\u0159ehledn\u00fd sv\u011bt za zrcadly. Galerka z \u0159ady FOCUS v\u00e1s ohrom\u00ed dv\u00ed\u0159ky z oboustrann\u00fdmi zrcadly, prosklen\u00fdmi policemi i otev\u0159enou polic\u00ed ve spodn\u00ed \u010d\u00e1sti n\u00e1st\u011bnn\u00e9 sk\u0159\u00ed\u0148ky. A v\u00fd\u010det vychyt\u00e1vek, na kter\u00e9 si p\u0159i pohodln\u00e9m pou\u017e\u00edv\u00e1n\u00ed ka\u017ed\u00fd den rychle zvyknete, je mnohem del\u0161\u00ed. Jednoduch\u00fd design vhodn\u00fd do ka\u017ed\u00e9 koupelny si m\u016f\u017eete p\u0159izp\u016fsobit [&hellip;]\" \/>\n<meta property=\"og:url\" content=\"https:\/\/www.oknobuild.com\/index.php\/produkt\/akcni-cena-drevojas-jednodverova-galerka-prava-focus-gaoe-50-73564\/\" \/>\n<meta property=\"og:image\" content=\"https:\/\/www.oknobuild.com\/wp-content\/uploads\/2026\/SK0018937-CZ20260425-093631-0-1777080994-327989-1_drevojas-jednodverova-galerka-prava-focus-gaoe-50..webp\" \/>\n\t<meta property=\"og:image:width\" content=\"1000\" \/>\n\t<meta property=\"og:image:height\" content=\"750\" \/>\n\t<meta property=\"og:image:type\" content=\"image\/webp\" \/>\n<meta name=\"twitter:card\" content=\"summary_large_image\" \/>\n<meta name=\"twitter:label1\" content=\"Odhadovan\u00e1 doba \u010dten\u00ed\" \/>\n\t<meta name=\"twitter:data1\" content=\"2 minuty\" \/>\n<script type=\"application\/ld+json\" class=\"yoast-schema-graph\">{\"@context\":\"https:\/\/schema.org\",\"@graph\":[{\"@type\":\"WebPage\",\"@id\":\"https:\/\/www.oknobuild.com\/index.php\/produkt\/akcni-cena-drevojas-jednodverova-galerka-prava-focus-gaoe-50-73564\/\",\"url\":\"https:\/\/www.oknobuild.com\/index.php\/produkt\/akcni-cena-drevojas-jednodverova-galerka-prava-focus-gaoe-50-73564\/\",\"name\":\"Ak\u010dn\u00ed Cena D\u0159evojas jednodve\u0159ov\u00e1 galerka - prav\u00e1 - FOCUS GAOE 50 -\",\"isPartOf\":{\"@id\":\"https:\/\/www.oknobuild.com\/#website\"},\"primaryImageOfPage\":{\"@id\":\"https:\/\/www.oknobuild.com\/index.php\/produkt\/akcni-cena-drevojas-jednodverova-galerka-prava-focus-gaoe-50-73564\/#primaryimage\"},\"image\":{\"@id\":\"https:\/\/www.oknobuild.com\/index.php\/produkt\/akcni-cena-drevojas-jednodverova-galerka-prava-focus-gaoe-50-73564\/#primaryimage\"},\"thumbnailUrl\":\"https:\/\/www.oknobuild.com\/wp-content\/uploads\/2026\/SK0018937-CZ20260425-093631-0-1777080994-327989-1_drevojas-jednodverova-galerka-prava-focus-gaoe-50..webp\",\"datePublished\":\"2026-04-27T04:43:55+00:00\",\"breadcrumb\":{\"@id\":\"https:\/\/www.oknobuild.com\/index.php\/produkt\/akcni-cena-drevojas-jednodverova-galerka-prava-focus-gaoe-50-73564\/#breadcrumb\"},\"inLanguage\":\"cs\",\"potentialAction\":[{\"@type\":\"ReadAction\",\"target\":[\"https:\/\/www.oknobuild.com\/index.php\/produkt\/akcni-cena-drevojas-jednodverova-galerka-prava-focus-gaoe-50-73564\/\"]}]},{\"@type\":\"ImageObject\",\"inLanguage\":\"cs\",\"@id\":\"https:\/\/www.oknobuild.com\/index.php\/produkt\/akcni-cena-drevojas-jednodverova-galerka-prava-focus-gaoe-50-73564\/#primaryimage\",\"url\":\"https:\/\/www.oknobuild.com\/wp-content\/uploads\/2026\/SK0018937-CZ20260425-093631-0-1777080994-327989-1_drevojas-jednodverova-galerka-prava-focus-gaoe-50..webp\",\"contentUrl\":\"https:\/\/www.oknobuild.com\/wp-content\/uploads\/2026\/SK0018937-CZ20260425-093631-0-1777080994-327989-1_drevojas-jednodverova-galerka-prava-focus-gaoe-50..webp\",\"width\":1000,\"height\":750},{\"@type\":\"BreadcrumbList\",\"@id\":\"https:\/\/www.oknobuild.com\/index.php\/produkt\/akcni-cena-drevojas-jednodverova-galerka-prava-focus-gaoe-50-73564\/#breadcrumb\",\"itemListElement\":[{\"@type\":\"ListItem\",\"position\":1,\"name\":\"Home\",\"item\":\"https:\/\/www.oknobuild.com\/\"},{\"@type\":\"ListItem\",\"position\":2,\"name\":\"Products\",\"item\":\"https:\/\/www.oknobuild.com\/index.php\/products\/\"},{\"@type\":\"ListItem\",\"position\":3,\"name\":\"Ak\u010dn\u00ed Cena D\u0159evojas jednodve\u0159ov\u00e1 galerka &#8211; prav\u00e1 &#8211; FOCUS GAOE 50\"}]},{\"@type\":\"WebSite\",\"@id\":\"https:\/\/www.oknobuild.com\/#website\",\"url\":\"https:\/\/www.oknobuild.com\/\",\"name\":\"\",\"description\":\"\",\"potentialAction\":[{\"@type\":\"SearchAction\",\"target\":{\"@type\":\"EntryPoint\",\"urlTemplate\":\"https:\/\/www.oknobuild.com\/?s={search_term_string}\"},\"query-input\":{\"@type\":\"PropertyValueSpecification\",\"valueRequired\":true,\"valueName\":\"search_term_string\"}}],\"inLanguage\":\"cs\"}]}<\/script>\n<!-- \/ Yoast SEO plugin. -->","yoast_head_json":{"title":"Ak\u010dn\u00ed Cena D\u0159evojas jednodve\u0159ov\u00e1 galerka - prav\u00e1 - FOCUS GAOE 50 -","robots":{"index":"index","follow":"follow","max-snippet":"max-snippet:-1","max-image-preview":"max-image-preview:large","max-video-preview":"max-video-preview:-1"},"canonical":"https:\/\/www.oknobuild.com\/index.php\/produkt\/akcni-cena-drevojas-jednodverova-galerka-prava-focus-gaoe-50-73564\/","og_locale":"cs_CZ","og_type":"article","og_title":"Ak\u010dn\u00ed Cena D\u0159evojas jednodve\u0159ov\u00e1 galerka - prav\u00e1 - FOCUS GAOE 50 -","og_description":"Detailn\u00ed popis produktu Objevte uspo\u0159\u00e1d\u00e1n\u00fd a p\u0159ehledn\u00fd sv\u011bt za zrcadly. Galerka z \u0159ady FOCUS v\u00e1s ohrom\u00ed dv\u00ed\u0159ky z oboustrann\u00fdmi zrcadly, prosklen\u00fdmi policemi i otev\u0159enou polic\u00ed ve spodn\u00ed \u010d\u00e1sti n\u00e1st\u011bnn\u00e9 sk\u0159\u00ed\u0148ky. A v\u00fd\u010det vychyt\u00e1vek, na kter\u00e9 si p\u0159i pohodln\u00e9m pou\u017e\u00edv\u00e1n\u00ed ka\u017ed\u00fd den rychle zvyknete, je mnohem del\u0161\u00ed. Jednoduch\u00fd design vhodn\u00fd do ka\u017ed\u00e9 koupelny si m\u016f\u017eete p\u0159izp\u016fsobit [&hellip;]","og_url":"https:\/\/www.oknobuild.com\/index.php\/produkt\/akcni-cena-drevojas-jednodverova-galerka-prava-focus-gaoe-50-73564\/","og_image":[{"width":1000,"height":750,"url":"https:\/\/www.oknobuild.com\/wp-content\/uploads\/2026\/SK0018937-CZ20260425-093631-0-1777080994-327989-1_drevojas-jednodverova-galerka-prava-focus-gaoe-50..webp","type":"image\/webp"}],"twitter_card":"summary_large_image","twitter_misc":{"Odhadovan\u00e1 doba \u010dten\u00ed":"2 minuty"},"schema":{"@context":"https:\/\/schema.org","@graph":[{"@type":"WebPage","@id":"https:\/\/www.oknobuild.com\/index.php\/produkt\/akcni-cena-drevojas-jednodverova-galerka-prava-focus-gaoe-50-73564\/","url":"https:\/\/www.oknobuild.com\/index.php\/produkt\/akcni-cena-drevojas-jednodverova-galerka-prava-focus-gaoe-50-73564\/","name":"Ak\u010dn\u00ed Cena D\u0159evojas jednodve\u0159ov\u00e1 galerka - prav\u00e1 - FOCUS GAOE 50 -","isPartOf":{"@id":"https:\/\/www.oknobuild.com\/#website"},"primaryImageOfPage":{"@id":"https:\/\/www.oknobuild.com\/index.php\/produkt\/akcni-cena-drevojas-jednodverova-galerka-prava-focus-gaoe-50-73564\/#primaryimage"},"image":{"@id":"https:\/\/www.oknobuild.com\/index.php\/produkt\/akcni-cena-drevojas-jednodverova-galerka-prava-focus-gaoe-50-73564\/#primaryimage"},"thumbnailUrl":"https:\/\/www.oknobuild.com\/wp-content\/uploads\/2026\/SK0018937-CZ20260425-093631-0-1777080994-327989-1_drevojas-jednodverova-galerka-prava-focus-gaoe-50..webp","datePublished":"2026-04-27T04:43:55+00:00","breadcrumb":{"@id":"https:\/\/www.oknobuild.com\/index.php\/produkt\/akcni-cena-drevojas-jednodverova-galerka-prava-focus-gaoe-50-73564\/#breadcrumb"},"inLanguage":"cs","potentialAction":[{"@type":"ReadAction","target":["https:\/\/www.oknobuild.com\/index.php\/produkt\/akcni-cena-drevojas-jednodverova-galerka-prava-focus-gaoe-50-73564\/"]}]},{"@type":"ImageObject","inLanguage":"cs","@id":"https:\/\/www.oknobuild.com\/index.php\/produkt\/akcni-cena-drevojas-jednodverova-galerka-prava-focus-gaoe-50-73564\/#primaryimage","url":"https:\/\/www.oknobuild.com\/wp-content\/uploads\/2026\/SK0018937-CZ20260425-093631-0-1777080994-327989-1_drevojas-jednodverova-galerka-prava-focus-gaoe-50..webp","contentUrl":"https:\/\/www.oknobuild.com\/wp-content\/uploads\/2026\/SK0018937-CZ20260425-093631-0-1777080994-327989-1_drevojas-jednodverova-galerka-prava-focus-gaoe-50..webp","width":1000,"height":750},{"@type":"BreadcrumbList","@id":"https:\/\/www.oknobuild.com\/index.php\/produkt\/akcni-cena-drevojas-jednodverova-galerka-prava-focus-gaoe-50-73564\/#breadcrumb","itemListElement":[{"@type":"ListItem","position":1,"name":"Home","item":"https:\/\/www.oknobuild.com\/"},{"@type":"ListItem","position":2,"name":"Products","item":"https:\/\/www.oknobuild.com\/index.php\/products\/"},{"@type":"ListItem","position":3,"name":"Ak\u010dn\u00ed Cena D\u0159evojas jednodve\u0159ov\u00e1 galerka &#8211; prav\u00e1 &#8211; FOCUS GAOE 50"}]},{"@type":"WebSite","@id":"https:\/\/www.oknobuild.com\/#website","url":"https:\/\/www.oknobuild.com\/","name":"","description":"","potentialAction":[{"@type":"SearchAction","target":{"@type":"EntryPoint","urlTemplate":"https:\/\/www.oknobuild.com\/?s={search_term_string}"},"query-input":{"@type":"PropertyValueSpecification","valueRequired":true,"valueName":"search_term_string"}}],"inLanguage":"cs"}]}},"_links":{"self":[{"href":"https:\/\/www.oknobuild.com\/index.php\/wp-json\/wp\/v2\/product\/73564","targetHints":{"allow":["GET"]}}],"collection":[{"href":"https:\/\/www.oknobuild.com\/index.php\/wp-json\/wp\/v2\/product"}],"about":[{"href":"https:\/\/www.oknobuild.com\/index.php\/wp-json\/wp\/v2\/types\/product"}],"replies":[{"embeddable":true,"href":"https:\/\/www.oknobuild.com\/index.php\/wp-json\/wp\/v2\/comments?post=73564"}],"wp:featuredmedia":[{"embeddable":true,"href":"https:\/\/www.oknobuild.com\/index.php\/wp-json\/wp\/v2\/media\/73664"}],"wp:attachment":[{"href":"https:\/\/www.oknobuild.com\/index.php\/wp-json\/wp\/v2\/media?parent=73564"}],"wp:term":[{"taxonomy":"product_brand","embeddable":true,"href":"https:\/\/www.oknobuild.com\/index.php\/wp-json\/wp\/v2\/product_brand?post=73564"},{"taxonomy":"product_cat","embeddable":true,"href":"https:\/\/www.oknobuild.com\/index.php\/wp-json\/wp\/v2\/product_cat?post=73564"},{"taxonomy":"product_tag","embeddable":true,"href":"https:\/\/www.oknobuild.com\/index.php\/wp-json\/wp\/v2\/product_tag?post=73564"}],"curies":[{"name":"wp","href":"https:\/\/api.w.org\/{rel}","templated":true}]}}