{"id":73900,"date":"2026-04-27T04:43:56","date_gmt":"2026-04-27T04:43:56","guid":{"rendered":""},"modified":"2026-04-27T04:43:56","modified_gmt":"2026-04-27T04:43:56","slug":"zlevneny-polysan-architex-chrom-sprchova-zastena-862mm-matne-sklo-axc90mt-73900","status":"publish","type":"product","link":"https:\/\/www.oknobuild.com\/index.php\/produkt\/zlevneny-polysan-architex-chrom-sprchova-zastena-862mm-matne-sklo-axc90mt-73900\/","title":{"rendered":"Zlevn\u011bn\u00fd Polysan ARCHITEX CHROM sprchov\u00e1 z\u00e1st\u011bna 862mm, matn\u00e9 sklo AXC90MT"},"content":{"rendered":"<div class=\"basic-description\">\n<h3>Detailn\u00ed popis produktu<\/h3>\n<p><\/p>\n<h2 class=\"props-title\">Vlastnosti<\/h2>\n<table>\n<tr>\n<th>Zna\u010dka<\/th>\n<td>POLYSAN<\/td>\n<\/tr>\n<tr>\n<th>S\u00e9rie<\/th>\n<td>ARCHITEX<\/td>\n<\/tr>\n<tr>\n<th>\u0160\u00ed\u0159ka<\/th>\n<td>862&nbsp;mm<\/td>\n<\/tr>\n<tr>\n<th>V\u00fd\u0161ka<\/th>\n<td>2100&nbsp;mm<\/td>\n<\/tr>\n<tr>\n<th>Barva profilu<\/th>\n<td>Chrom &#8211; Le\u0161t\u011bn\u00fd hlin\u00edk<\/td>\n<\/tr>\n<tr>\n<th>Tvar<\/th>\n<td>Jednost\u011bnn\u00e1 pevn\u00e1<\/td>\n<\/tr>\n<tr>\n<th>Typ v\u00fdpln\u011b<\/th>\n<td>Matn\u00e9 sklo<\/td>\n<\/tr>\n<tr>\n<th>\u00daprava skla<\/th>\n<td>Antidrop<\/td>\n<\/tr>\n<tr>\n<th>Tlou\u0161\u0165ka skla<\/th>\n<td>8&nbsp;mm<\/td>\n<\/tr>\n<tr>\n<th>Hmotnost \/ ks<\/th>\n<td>38.0850&nbsp;kg<\/td>\n<\/tr>\n<tr>\n<th>Balen\u00ed<\/th>\n<td>2&nbsp;ks<\/td>\n<\/tr>\n<tr>\n<th>EAN<\/th>\n<td>8590913995996<\/td>\n<\/tr>\n<tr>\n<th>Taric<\/th>\n<td>70200080<\/td>\n<\/tr>\n<tr>\n<th>Z\u00e1ruka<\/th>\n<td>2 roky<\/td>\n<\/tr>\n<\/table>\n<div class=\"product-explanation-item\">\n<h3>Antidrop<\/h3>\n<p style=\"text-align: justify;\">Antidrop je povrchov\u00e1 \u00faprava skla pro jeho snadnou \u00fadr\u017ebu. P\u0159i v\u00fdrob\u011b skla je nan\u00e1\u0161ena na jeho povrch s pou\u017eit\u00edm nanotechnologie a je obsa\u017eena v cen\u011b z\u00e1st\u011bn.<\/p>\n<\/div>\n<p>   Upozorn\u011bn\u00ed pro z\u00e1kazn\u00edky ke koupi produkt\u016f na objedn\u00e1n\u00ed: Toto zbo\u017e\u00ed nen\u00ed standardn\u00edm s\u00e9riov\u00fdm v\u00fdrobkem. Bude vyrobeno na p\u0159\u00e1n\u00ed z\u00e1kazn\u00edka a proto jej nelze dodavateli v z\u00e1konn\u00e9 lh\u016ft\u011b vr\u00e1tit. (viz \u00a71837 odst.d, ob\u010dansk\u00e9ho z\u00e1kon\u00edku). V tomto p\u0159\u00edpad\u011b m\u016f\u017eeme po\u017eadovat nevratnou z\u00e1lohu a\u017e do v\u00fd\u0161e 100 % z ceny v\u00fdrobku.                            <\/p><\/div>\n","protected":false},"excerpt":{"rendered":"<p>Detailn\u00ed popis produktu Vlastnosti Zna\u010dka POLYSAN S\u00e9rie ARCHITEX \u0160\u00ed\u0159ka 862&nbsp;mm V\u00fd\u0161ka 2100&nbsp;mm Barva profilu Chrom &#8211; Le\u0161t\u011bn\u00fd hlin\u00edk Tvar Jednost\u011bnn\u00e1 pevn\u00e1 Typ v\u00fdpln\u011b Matn\u00e9 sklo \u00daprava skla Antidrop Tlou\u0161\u0165ka skla 8&nbsp;mm Hmotnost \/ ks 38.0850&nbsp;kg Balen\u00ed 2&nbsp;ks EAN 8590913995996 Taric 70200080 Z\u00e1ruka 2 roky Antidrop Antidrop je povrchov\u00e1 \u00faprava skla pro jeho snadnou \u00fadr\u017ebu. P\u0159i [&hellip;]<\/p>\n","protected":false},"featured_media":74000,"comment_status":"open","ping_status":"open","template":"","meta":[],"product_brand":[],"product_cat":[56],"product_tag":[],"class_list":{"0":"post-73900","1":"product","2":"type-product","3":"status-publish","4":"has-post-thumbnail","6":"product_cat-sprchove-kouty","8":"first","9":"instock","10":"sale","11":"shipping-taxable","12":"purchasable","13":"product-type-simple"},"yoast_head":"<!-- This site is optimized with the Yoast SEO plugin v26.8 - https:\/\/yoast.com\/product\/yoast-seo-wordpress\/ -->\n<title>Zlevn\u011bn\u00fd Polysan ARCHITEX CHROM sprchov\u00e1 z\u00e1st\u011bna 862mm, matn\u00e9 sklo AXC90MT -<\/title>\n<meta name=\"robots\" content=\"index, follow, max-snippet:-1, max-image-preview:large, max-video-preview:-1\" \/>\n<link rel=\"canonical\" href=\"https:\/\/www.oknobuild.com\/index.php\/produkt\/zlevneny-polysan-architex-chrom-sprchova-zastena-862mm-matne-sklo-axc90mt-73900\/\" \/>\n<meta property=\"og:locale\" content=\"cs_CZ\" \/>\n<meta property=\"og:type\" content=\"article\" \/>\n<meta property=\"og:title\" content=\"Zlevn\u011bn\u00fd Polysan ARCHITEX CHROM sprchov\u00e1 z\u00e1st\u011bna 862mm, matn\u00e9 sklo AXC90MT -\" \/>\n<meta property=\"og:description\" content=\"Detailn\u00ed popis produktu Vlastnosti Zna\u010dka POLYSAN S\u00e9rie ARCHITEX \u0160\u00ed\u0159ka 862&nbsp;mm V\u00fd\u0161ka 2100&nbsp;mm Barva profilu Chrom &#8211; Le\u0161t\u011bn\u00fd hlin\u00edk Tvar Jednost\u011bnn\u00e1 pevn\u00e1 Typ v\u00fdpln\u011b Matn\u00e9 sklo \u00daprava skla Antidrop Tlou\u0161\u0165ka skla 8&nbsp;mm Hmotnost \/ ks 38.0850&nbsp;kg Balen\u00ed 2&nbsp;ks EAN 8590913995996 Taric 70200080 Z\u00e1ruka 2 roky Antidrop Antidrop je povrchov\u00e1 \u00faprava skla pro jeho snadnou \u00fadr\u017ebu. P\u0159i [&hellip;]\" \/>\n<meta property=\"og:url\" content=\"https:\/\/www.oknobuild.com\/index.php\/produkt\/zlevneny-polysan-architex-chrom-sprchova-zastena-862mm-matne-sklo-axc90mt-73900\/\" \/>\n<meta property=\"og:image\" content=\"https:\/\/www.oknobuild.com\/wp-content\/uploads\/2026\/SK0019135-CZ20260425-093631-0-1777080994-328622_axc90mt-245118078559989.webp\" \/>\n\t<meta property=\"og:image:width\" content=\"1000\" \/>\n\t<meta property=\"og:image:height\" content=\"750\" \/>\n\t<meta property=\"og:image:type\" content=\"image\/webp\" \/>\n<meta name=\"twitter:card\" content=\"summary_large_image\" \/>\n<meta name=\"twitter:label1\" content=\"Odhadovan\u00e1 doba \u010dten\u00ed\" \/>\n\t<meta name=\"twitter:data1\" content=\"1 minuta\" \/>\n<script type=\"application\/ld+json\" class=\"yoast-schema-graph\">{\"@context\":\"https:\/\/schema.org\",\"@graph\":[{\"@type\":\"WebPage\",\"@id\":\"https:\/\/www.oknobuild.com\/index.php\/produkt\/zlevneny-polysan-architex-chrom-sprchova-zastena-862mm-matne-sklo-axc90mt-73900\/\",\"url\":\"https:\/\/www.oknobuild.com\/index.php\/produkt\/zlevneny-polysan-architex-chrom-sprchova-zastena-862mm-matne-sklo-axc90mt-73900\/\",\"name\":\"Zlevn\u011bn\u00fd Polysan ARCHITEX CHROM sprchov\u00e1 z\u00e1st\u011bna 862mm, matn\u00e9 sklo AXC90MT -\",\"isPartOf\":{\"@id\":\"https:\/\/www.oknobuild.com\/#website\"},\"primaryImageOfPage\":{\"@id\":\"https:\/\/www.oknobuild.com\/index.php\/produkt\/zlevneny-polysan-architex-chrom-sprchova-zastena-862mm-matne-sklo-axc90mt-73900\/#primaryimage\"},\"image\":{\"@id\":\"https:\/\/www.oknobuild.com\/index.php\/produkt\/zlevneny-polysan-architex-chrom-sprchova-zastena-862mm-matne-sklo-axc90mt-73900\/#primaryimage\"},\"thumbnailUrl\":\"https:\/\/www.oknobuild.com\/wp-content\/uploads\/2026\/SK0019135-CZ20260425-093631-0-1777080994-328622_axc90mt-245118078559989.webp\",\"datePublished\":\"2026-04-27T04:43:56+00:00\",\"breadcrumb\":{\"@id\":\"https:\/\/www.oknobuild.com\/index.php\/produkt\/zlevneny-polysan-architex-chrom-sprchova-zastena-862mm-matne-sklo-axc90mt-73900\/#breadcrumb\"},\"inLanguage\":\"cs\",\"potentialAction\":[{\"@type\":\"ReadAction\",\"target\":[\"https:\/\/www.oknobuild.com\/index.php\/produkt\/zlevneny-polysan-architex-chrom-sprchova-zastena-862mm-matne-sklo-axc90mt-73900\/\"]}]},{\"@type\":\"ImageObject\",\"inLanguage\":\"cs\",\"@id\":\"https:\/\/www.oknobuild.com\/index.php\/produkt\/zlevneny-polysan-architex-chrom-sprchova-zastena-862mm-matne-sklo-axc90mt-73900\/#primaryimage\",\"url\":\"https:\/\/www.oknobuild.com\/wp-content\/uploads\/2026\/SK0019135-CZ20260425-093631-0-1777080994-328622_axc90mt-245118078559989.webp\",\"contentUrl\":\"https:\/\/www.oknobuild.com\/wp-content\/uploads\/2026\/SK0019135-CZ20260425-093631-0-1777080994-328622_axc90mt-245118078559989.webp\",\"width\":1000,\"height\":750},{\"@type\":\"BreadcrumbList\",\"@id\":\"https:\/\/www.oknobuild.com\/index.php\/produkt\/zlevneny-polysan-architex-chrom-sprchova-zastena-862mm-matne-sklo-axc90mt-73900\/#breadcrumb\",\"itemListElement\":[{\"@type\":\"ListItem\",\"position\":1,\"name\":\"Home\",\"item\":\"https:\/\/www.oknobuild.com\/\"},{\"@type\":\"ListItem\",\"position\":2,\"name\":\"Products\",\"item\":\"https:\/\/www.oknobuild.com\/index.php\/products\/\"},{\"@type\":\"ListItem\",\"position\":3,\"name\":\"Zlevn\u011bn\u00fd Polysan ARCHITEX CHROM sprchov\u00e1 z\u00e1st\u011bna 862mm, matn\u00e9 sklo AXC90MT\"}]},{\"@type\":\"WebSite\",\"@id\":\"https:\/\/www.oknobuild.com\/#website\",\"url\":\"https:\/\/www.oknobuild.com\/\",\"name\":\"\",\"description\":\"\",\"potentialAction\":[{\"@type\":\"SearchAction\",\"target\":{\"@type\":\"EntryPoint\",\"urlTemplate\":\"https:\/\/www.oknobuild.com\/?s={search_term_string}\"},\"query-input\":{\"@type\":\"PropertyValueSpecification\",\"valueRequired\":true,\"valueName\":\"search_term_string\"}}],\"inLanguage\":\"cs\"}]}<\/script>\n<!-- \/ Yoast SEO plugin. -->","yoast_head_json":{"title":"Zlevn\u011bn\u00fd Polysan ARCHITEX CHROM sprchov\u00e1 z\u00e1st\u011bna 862mm, matn\u00e9 sklo AXC90MT -","robots":{"index":"index","follow":"follow","max-snippet":"max-snippet:-1","max-image-preview":"max-image-preview:large","max-video-preview":"max-video-preview:-1"},"canonical":"https:\/\/www.oknobuild.com\/index.php\/produkt\/zlevneny-polysan-architex-chrom-sprchova-zastena-862mm-matne-sklo-axc90mt-73900\/","og_locale":"cs_CZ","og_type":"article","og_title":"Zlevn\u011bn\u00fd Polysan ARCHITEX CHROM sprchov\u00e1 z\u00e1st\u011bna 862mm, matn\u00e9 sklo AXC90MT -","og_description":"Detailn\u00ed popis produktu Vlastnosti Zna\u010dka POLYSAN S\u00e9rie ARCHITEX \u0160\u00ed\u0159ka 862&nbsp;mm V\u00fd\u0161ka 2100&nbsp;mm Barva profilu Chrom &#8211; Le\u0161t\u011bn\u00fd hlin\u00edk Tvar Jednost\u011bnn\u00e1 pevn\u00e1 Typ v\u00fdpln\u011b Matn\u00e9 sklo \u00daprava skla Antidrop Tlou\u0161\u0165ka skla 8&nbsp;mm Hmotnost \/ ks 38.0850&nbsp;kg Balen\u00ed 2&nbsp;ks EAN 8590913995996 Taric 70200080 Z\u00e1ruka 2 roky Antidrop Antidrop je povrchov\u00e1 \u00faprava skla pro jeho snadnou \u00fadr\u017ebu. P\u0159i [&hellip;]","og_url":"https:\/\/www.oknobuild.com\/index.php\/produkt\/zlevneny-polysan-architex-chrom-sprchova-zastena-862mm-matne-sklo-axc90mt-73900\/","og_image":[{"width":1000,"height":750,"url":"https:\/\/www.oknobuild.com\/wp-content\/uploads\/2026\/SK0019135-CZ20260425-093631-0-1777080994-328622_axc90mt-245118078559989.webp","type":"image\/webp"}],"twitter_card":"summary_large_image","twitter_misc":{"Odhadovan\u00e1 doba \u010dten\u00ed":"1 minuta"},"schema":{"@context":"https:\/\/schema.org","@graph":[{"@type":"WebPage","@id":"https:\/\/www.oknobuild.com\/index.php\/produkt\/zlevneny-polysan-architex-chrom-sprchova-zastena-862mm-matne-sklo-axc90mt-73900\/","url":"https:\/\/www.oknobuild.com\/index.php\/produkt\/zlevneny-polysan-architex-chrom-sprchova-zastena-862mm-matne-sklo-axc90mt-73900\/","name":"Zlevn\u011bn\u00fd Polysan ARCHITEX CHROM sprchov\u00e1 z\u00e1st\u011bna 862mm, matn\u00e9 sklo AXC90MT -","isPartOf":{"@id":"https:\/\/www.oknobuild.com\/#website"},"primaryImageOfPage":{"@id":"https:\/\/www.oknobuild.com\/index.php\/produkt\/zlevneny-polysan-architex-chrom-sprchova-zastena-862mm-matne-sklo-axc90mt-73900\/#primaryimage"},"image":{"@id":"https:\/\/www.oknobuild.com\/index.php\/produkt\/zlevneny-polysan-architex-chrom-sprchova-zastena-862mm-matne-sklo-axc90mt-73900\/#primaryimage"},"thumbnailUrl":"https:\/\/www.oknobuild.com\/wp-content\/uploads\/2026\/SK0019135-CZ20260425-093631-0-1777080994-328622_axc90mt-245118078559989.webp","datePublished":"2026-04-27T04:43:56+00:00","breadcrumb":{"@id":"https:\/\/www.oknobuild.com\/index.php\/produkt\/zlevneny-polysan-architex-chrom-sprchova-zastena-862mm-matne-sklo-axc90mt-73900\/#breadcrumb"},"inLanguage":"cs","potentialAction":[{"@type":"ReadAction","target":["https:\/\/www.oknobuild.com\/index.php\/produkt\/zlevneny-polysan-architex-chrom-sprchova-zastena-862mm-matne-sklo-axc90mt-73900\/"]}]},{"@type":"ImageObject","inLanguage":"cs","@id":"https:\/\/www.oknobuild.com\/index.php\/produkt\/zlevneny-polysan-architex-chrom-sprchova-zastena-862mm-matne-sklo-axc90mt-73900\/#primaryimage","url":"https:\/\/www.oknobuild.com\/wp-content\/uploads\/2026\/SK0019135-CZ20260425-093631-0-1777080994-328622_axc90mt-245118078559989.webp","contentUrl":"https:\/\/www.oknobuild.com\/wp-content\/uploads\/2026\/SK0019135-CZ20260425-093631-0-1777080994-328622_axc90mt-245118078559989.webp","width":1000,"height":750},{"@type":"BreadcrumbList","@id":"https:\/\/www.oknobuild.com\/index.php\/produkt\/zlevneny-polysan-architex-chrom-sprchova-zastena-862mm-matne-sklo-axc90mt-73900\/#breadcrumb","itemListElement":[{"@type":"ListItem","position":1,"name":"Home","item":"https:\/\/www.oknobuild.com\/"},{"@type":"ListItem","position":2,"name":"Products","item":"https:\/\/www.oknobuild.com\/index.php\/products\/"},{"@type":"ListItem","position":3,"name":"Zlevn\u011bn\u00fd Polysan ARCHITEX CHROM sprchov\u00e1 z\u00e1st\u011bna 862mm, matn\u00e9 sklo AXC90MT"}]},{"@type":"WebSite","@id":"https:\/\/www.oknobuild.com\/#website","url":"https:\/\/www.oknobuild.com\/","name":"","description":"","potentialAction":[{"@type":"SearchAction","target":{"@type":"EntryPoint","urlTemplate":"https:\/\/www.oknobuild.com\/?s={search_term_string}"},"query-input":{"@type":"PropertyValueSpecification","valueRequired":true,"valueName":"search_term_string"}}],"inLanguage":"cs"}]}},"_links":{"self":[{"href":"https:\/\/www.oknobuild.com\/index.php\/wp-json\/wp\/v2\/product\/73900","targetHints":{"allow":["GET"]}}],"collection":[{"href":"https:\/\/www.oknobuild.com\/index.php\/wp-json\/wp\/v2\/product"}],"about":[{"href":"https:\/\/www.oknobuild.com\/index.php\/wp-json\/wp\/v2\/types\/product"}],"replies":[{"embeddable":true,"href":"https:\/\/www.oknobuild.com\/index.php\/wp-json\/wp\/v2\/comments?post=73900"}],"wp:featuredmedia":[{"embeddable":true,"href":"https:\/\/www.oknobuild.com\/index.php\/wp-json\/wp\/v2\/media\/74000"}],"wp:attachment":[{"href":"https:\/\/www.oknobuild.com\/index.php\/wp-json\/wp\/v2\/media?parent=73900"}],"wp:term":[{"taxonomy":"product_brand","embeddable":true,"href":"https:\/\/www.oknobuild.com\/index.php\/wp-json\/wp\/v2\/product_brand?post=73900"},{"taxonomy":"product_cat","embeddable":true,"href":"https:\/\/www.oknobuild.com\/index.php\/wp-json\/wp\/v2\/product_cat?post=73900"},{"taxonomy":"product_tag","embeddable":true,"href":"https:\/\/www.oknobuild.com\/index.php\/wp-json\/wp\/v2\/product_tag?post=73900"}],"curies":[{"name":"wp","href":"https:\/\/api.w.org\/{rel}","templated":true}]}}