{"id":73969,"date":"2026-04-27T04:43:56","date_gmt":"2026-04-27T04:43:56","guid":{"rendered":""},"modified":"2026-04-27T04:43:56","modified_gmt":"2026-04-27T04:43:56","slug":"akce-polysan-architex-black-matt-sprchova-zastena-1462mm-sklo-marron-axb150mr-73969","status":"publish","type":"product","link":"https:\/\/www.oknobuild.com\/index.php\/produkt\/akce-polysan-architex-black-matt-sprchova-zastena-1462mm-sklo-marron-axb150mr-73969\/","title":{"rendered":"Akce Polysan ARCHITEX BLACK MATT sprchov\u00e1 z\u00e1st\u011bna 1462mm, sklo Marron AXB150MR"},"content":{"rendered":"<div class=\"basic-description\">\n<h3>Detailn\u00ed popis produktu<\/h3>\n<p><\/p>\n<h2 class=\"props-title\">Vlastnosti<\/h2>\n<table>\n<tr>\n<th>Zna\u010dka<\/th>\n<td>POLYSAN<\/td>\n<\/tr>\n<tr>\n<th>S\u00e9rie<\/th>\n<td>ARCHITEX<\/td>\n<\/tr>\n<tr>\n<th>\u0160\u00ed\u0159ka<\/th>\n<td>1462&nbsp;mm<\/td>\n<\/tr>\n<tr>\n<th>V\u00fd\u0161ka<\/th>\n<td>2100&nbsp;mm<\/td>\n<\/tr>\n<tr>\n<th>Barva profilu<\/th>\n<td>\u010cern\u00e1 mat<\/td>\n<\/tr>\n<tr>\n<th>Tvar<\/th>\n<td>Jednost\u011bnn\u00e1 pevn\u00e1<\/td>\n<\/tr>\n<tr>\n<th>Typ v\u00fdpln\u011b<\/th>\n<td>Marron sklo<\/td>\n<\/tr>\n<tr>\n<th>\u00daprava skla<\/th>\n<td>Antidrop<\/td>\n<\/tr>\n<tr>\n<th>Tlou\u0161\u0165ka skla<\/th>\n<td>8&nbsp;mm<\/td>\n<\/tr>\n<tr>\n<th>Hmotnost \/ ks<\/th>\n<td>38.0850&nbsp;kg<\/td>\n<\/tr>\n<tr>\n<th>Balen\u00ed<\/th>\n<td>2&nbsp;ks<\/td>\n<\/tr>\n<tr>\n<th>EAN<\/th>\n<td>8590913996719<\/td>\n<\/tr>\n<tr>\n<th>Taric<\/th>\n<td>70200080<\/td>\n<\/tr>\n<tr>\n<th>Z\u00e1ruka<\/th>\n<td>2 roky<\/td>\n<\/tr>\n<\/table>\n<div class=\"product-explanation-item\">\n<h3>Antidrop<\/h3>\n<p style=\"text-align: justify;\">Antidrop je povrchov\u00e1 \u00faprava skla pro jeho snadnou \u00fadr\u017ebu. P\u0159i v\u00fdrob\u011b skla je nan\u00e1\u0161ena na jeho povrch s pou\u017eit\u00edm nanotechnologie a je obsa\u017eena v cen\u011b z\u00e1st\u011bn.<\/p>\n<\/div><\/div>\n","protected":false},"excerpt":{"rendered":"<p>Detailn\u00ed popis produktu Vlastnosti Zna\u010dka POLYSAN S\u00e9rie ARCHITEX \u0160\u00ed\u0159ka 1462&nbsp;mm V\u00fd\u0161ka 2100&nbsp;mm Barva profilu \u010cern\u00e1 mat Tvar Jednost\u011bnn\u00e1 pevn\u00e1 Typ v\u00fdpln\u011b Marron sklo \u00daprava skla Antidrop Tlou\u0161\u0165ka skla 8&nbsp;mm Hmotnost \/ ks 38.0850&nbsp;kg Balen\u00ed 2&nbsp;ks EAN 8590913996719 Taric 70200080 Z\u00e1ruka 2 roky Antidrop Antidrop je povrchov\u00e1 \u00faprava skla pro jeho snadnou \u00fadr\u017ebu. P\u0159i v\u00fdrob\u011b skla [&hellip;]<\/p>\n","protected":false},"featured_media":74069,"comment_status":"open","ping_status":"open","template":"","meta":[],"product_brand":[],"product_cat":[56],"product_tag":[],"class_list":{"0":"post-73969","1":"product","2":"type-product","3":"status-publish","4":"has-post-thumbnail","6":"product_cat-sprchove-kouty","8":"first","9":"instock","10":"sale","11":"shipping-taxable","12":"purchasable","13":"product-type-simple"},"yoast_head":"<!-- This site is optimized with the Yoast SEO plugin v26.8 - https:\/\/yoast.com\/product\/yoast-seo-wordpress\/ -->\n<title>Akce Polysan ARCHITEX BLACK MATT sprchov\u00e1 z\u00e1st\u011bna 1462mm, sklo Marron AXB150MR -<\/title>\n<meta name=\"robots\" content=\"index, follow, max-snippet:-1, max-image-preview:large, max-video-preview:-1\" \/>\n<link rel=\"canonical\" href=\"https:\/\/www.oknobuild.com\/index.php\/produkt\/akce-polysan-architex-black-matt-sprchova-zastena-1462mm-sklo-marron-axb150mr-73969\/\" \/>\n<meta property=\"og:locale\" content=\"cs_CZ\" \/>\n<meta property=\"og:type\" content=\"article\" \/>\n<meta property=\"og:title\" content=\"Akce Polysan ARCHITEX BLACK MATT sprchov\u00e1 z\u00e1st\u011bna 1462mm, sklo Marron AXB150MR -\" \/>\n<meta property=\"og:description\" content=\"Detailn\u00ed popis produktu Vlastnosti Zna\u010dka POLYSAN S\u00e9rie ARCHITEX \u0160\u00ed\u0159ka 1462&nbsp;mm V\u00fd\u0161ka 2100&nbsp;mm Barva profilu \u010cern\u00e1 mat Tvar Jednost\u011bnn\u00e1 pevn\u00e1 Typ v\u00fdpln\u011b Marron sklo \u00daprava skla Antidrop Tlou\u0161\u0165ka skla 8&nbsp;mm Hmotnost \/ ks 38.0850&nbsp;kg Balen\u00ed 2&nbsp;ks EAN 8590913996719 Taric 70200080 Z\u00e1ruka 2 roky Antidrop Antidrop je povrchov\u00e1 \u00faprava skla pro jeho snadnou \u00fadr\u017ebu. P\u0159i v\u00fdrob\u011b skla [&hellip;]\" \/>\n<meta property=\"og:url\" content=\"https:\/\/www.oknobuild.com\/index.php\/produkt\/akce-polysan-architex-black-matt-sprchova-zastena-1462mm-sklo-marron-axb150mr-73969\/\" \/>\n<meta property=\"og:image\" content=\"https:\/\/www.oknobuild.com\/wp-content\/uploads\/2026\/SK0019204-CZ20260425-093631-0-1777080994-328829_axb150mr-245118078560049.webp\" \/>\n\t<meta property=\"og:image:width\" content=\"1000\" \/>\n\t<meta property=\"og:image:height\" content=\"750\" \/>\n\t<meta property=\"og:image:type\" content=\"image\/webp\" \/>\n<meta name=\"twitter:card\" content=\"summary_large_image\" \/>\n<script type=\"application\/ld+json\" class=\"yoast-schema-graph\">{\"@context\":\"https:\/\/schema.org\",\"@graph\":[{\"@type\":\"WebPage\",\"@id\":\"https:\/\/www.oknobuild.com\/index.php\/produkt\/akce-polysan-architex-black-matt-sprchova-zastena-1462mm-sklo-marron-axb150mr-73969\/\",\"url\":\"https:\/\/www.oknobuild.com\/index.php\/produkt\/akce-polysan-architex-black-matt-sprchova-zastena-1462mm-sklo-marron-axb150mr-73969\/\",\"name\":\"Akce Polysan ARCHITEX BLACK MATT sprchov\u00e1 z\u00e1st\u011bna 1462mm, sklo Marron AXB150MR -\",\"isPartOf\":{\"@id\":\"https:\/\/www.oknobuild.com\/#website\"},\"primaryImageOfPage\":{\"@id\":\"https:\/\/www.oknobuild.com\/index.php\/produkt\/akce-polysan-architex-black-matt-sprchova-zastena-1462mm-sklo-marron-axb150mr-73969\/#primaryimage\"},\"image\":{\"@id\":\"https:\/\/www.oknobuild.com\/index.php\/produkt\/akce-polysan-architex-black-matt-sprchova-zastena-1462mm-sklo-marron-axb150mr-73969\/#primaryimage\"},\"thumbnailUrl\":\"https:\/\/www.oknobuild.com\/wp-content\/uploads\/2026\/SK0019204-CZ20260425-093631-0-1777080994-328829_axb150mr-245118078560049.webp\",\"datePublished\":\"2026-04-27T04:43:56+00:00\",\"breadcrumb\":{\"@id\":\"https:\/\/www.oknobuild.com\/index.php\/produkt\/akce-polysan-architex-black-matt-sprchova-zastena-1462mm-sklo-marron-axb150mr-73969\/#breadcrumb\"},\"inLanguage\":\"cs\",\"potentialAction\":[{\"@type\":\"ReadAction\",\"target\":[\"https:\/\/www.oknobuild.com\/index.php\/produkt\/akce-polysan-architex-black-matt-sprchova-zastena-1462mm-sklo-marron-axb150mr-73969\/\"]}]},{\"@type\":\"ImageObject\",\"inLanguage\":\"cs\",\"@id\":\"https:\/\/www.oknobuild.com\/index.php\/produkt\/akce-polysan-architex-black-matt-sprchova-zastena-1462mm-sklo-marron-axb150mr-73969\/#primaryimage\",\"url\":\"https:\/\/www.oknobuild.com\/wp-content\/uploads\/2026\/SK0019204-CZ20260425-093631-0-1777080994-328829_axb150mr-245118078560049.webp\",\"contentUrl\":\"https:\/\/www.oknobuild.com\/wp-content\/uploads\/2026\/SK0019204-CZ20260425-093631-0-1777080994-328829_axb150mr-245118078560049.webp\",\"width\":1000,\"height\":750},{\"@type\":\"BreadcrumbList\",\"@id\":\"https:\/\/www.oknobuild.com\/index.php\/produkt\/akce-polysan-architex-black-matt-sprchova-zastena-1462mm-sklo-marron-axb150mr-73969\/#breadcrumb\",\"itemListElement\":[{\"@type\":\"ListItem\",\"position\":1,\"name\":\"Home\",\"item\":\"https:\/\/www.oknobuild.com\/\"},{\"@type\":\"ListItem\",\"position\":2,\"name\":\"Products\",\"item\":\"https:\/\/www.oknobuild.com\/index.php\/products\/\"},{\"@type\":\"ListItem\",\"position\":3,\"name\":\"Akce Polysan ARCHITEX BLACK MATT sprchov\u00e1 z\u00e1st\u011bna 1462mm, sklo Marron AXB150MR\"}]},{\"@type\":\"WebSite\",\"@id\":\"https:\/\/www.oknobuild.com\/#website\",\"url\":\"https:\/\/www.oknobuild.com\/\",\"name\":\"\",\"description\":\"\",\"potentialAction\":[{\"@type\":\"SearchAction\",\"target\":{\"@type\":\"EntryPoint\",\"urlTemplate\":\"https:\/\/www.oknobuild.com\/?s={search_term_string}\"},\"query-input\":{\"@type\":\"PropertyValueSpecification\",\"valueRequired\":true,\"valueName\":\"search_term_string\"}}],\"inLanguage\":\"cs\"}]}<\/script>\n<!-- \/ Yoast SEO plugin. -->","yoast_head_json":{"title":"Akce Polysan ARCHITEX BLACK MATT sprchov\u00e1 z\u00e1st\u011bna 1462mm, sklo Marron AXB150MR -","robots":{"index":"index","follow":"follow","max-snippet":"max-snippet:-1","max-image-preview":"max-image-preview:large","max-video-preview":"max-video-preview:-1"},"canonical":"https:\/\/www.oknobuild.com\/index.php\/produkt\/akce-polysan-architex-black-matt-sprchova-zastena-1462mm-sklo-marron-axb150mr-73969\/","og_locale":"cs_CZ","og_type":"article","og_title":"Akce Polysan ARCHITEX BLACK MATT sprchov\u00e1 z\u00e1st\u011bna 1462mm, sklo Marron AXB150MR -","og_description":"Detailn\u00ed popis produktu Vlastnosti Zna\u010dka POLYSAN S\u00e9rie ARCHITEX \u0160\u00ed\u0159ka 1462&nbsp;mm V\u00fd\u0161ka 2100&nbsp;mm Barva profilu \u010cern\u00e1 mat Tvar Jednost\u011bnn\u00e1 pevn\u00e1 Typ v\u00fdpln\u011b Marron sklo \u00daprava skla Antidrop Tlou\u0161\u0165ka skla 8&nbsp;mm Hmotnost \/ ks 38.0850&nbsp;kg Balen\u00ed 2&nbsp;ks EAN 8590913996719 Taric 70200080 Z\u00e1ruka 2 roky Antidrop Antidrop je povrchov\u00e1 \u00faprava skla pro jeho snadnou \u00fadr\u017ebu. P\u0159i v\u00fdrob\u011b skla [&hellip;]","og_url":"https:\/\/www.oknobuild.com\/index.php\/produkt\/akce-polysan-architex-black-matt-sprchova-zastena-1462mm-sklo-marron-axb150mr-73969\/","og_image":[{"width":1000,"height":750,"url":"https:\/\/www.oknobuild.com\/wp-content\/uploads\/2026\/SK0019204-CZ20260425-093631-0-1777080994-328829_axb150mr-245118078560049.webp","type":"image\/webp"}],"twitter_card":"summary_large_image","schema":{"@context":"https:\/\/schema.org","@graph":[{"@type":"WebPage","@id":"https:\/\/www.oknobuild.com\/index.php\/produkt\/akce-polysan-architex-black-matt-sprchova-zastena-1462mm-sklo-marron-axb150mr-73969\/","url":"https:\/\/www.oknobuild.com\/index.php\/produkt\/akce-polysan-architex-black-matt-sprchova-zastena-1462mm-sklo-marron-axb150mr-73969\/","name":"Akce Polysan ARCHITEX BLACK MATT sprchov\u00e1 z\u00e1st\u011bna 1462mm, sklo Marron AXB150MR -","isPartOf":{"@id":"https:\/\/www.oknobuild.com\/#website"},"primaryImageOfPage":{"@id":"https:\/\/www.oknobuild.com\/index.php\/produkt\/akce-polysan-architex-black-matt-sprchova-zastena-1462mm-sklo-marron-axb150mr-73969\/#primaryimage"},"image":{"@id":"https:\/\/www.oknobuild.com\/index.php\/produkt\/akce-polysan-architex-black-matt-sprchova-zastena-1462mm-sklo-marron-axb150mr-73969\/#primaryimage"},"thumbnailUrl":"https:\/\/www.oknobuild.com\/wp-content\/uploads\/2026\/SK0019204-CZ20260425-093631-0-1777080994-328829_axb150mr-245118078560049.webp","datePublished":"2026-04-27T04:43:56+00:00","breadcrumb":{"@id":"https:\/\/www.oknobuild.com\/index.php\/produkt\/akce-polysan-architex-black-matt-sprchova-zastena-1462mm-sklo-marron-axb150mr-73969\/#breadcrumb"},"inLanguage":"cs","potentialAction":[{"@type":"ReadAction","target":["https:\/\/www.oknobuild.com\/index.php\/produkt\/akce-polysan-architex-black-matt-sprchova-zastena-1462mm-sklo-marron-axb150mr-73969\/"]}]},{"@type":"ImageObject","inLanguage":"cs","@id":"https:\/\/www.oknobuild.com\/index.php\/produkt\/akce-polysan-architex-black-matt-sprchova-zastena-1462mm-sklo-marron-axb150mr-73969\/#primaryimage","url":"https:\/\/www.oknobuild.com\/wp-content\/uploads\/2026\/SK0019204-CZ20260425-093631-0-1777080994-328829_axb150mr-245118078560049.webp","contentUrl":"https:\/\/www.oknobuild.com\/wp-content\/uploads\/2026\/SK0019204-CZ20260425-093631-0-1777080994-328829_axb150mr-245118078560049.webp","width":1000,"height":750},{"@type":"BreadcrumbList","@id":"https:\/\/www.oknobuild.com\/index.php\/produkt\/akce-polysan-architex-black-matt-sprchova-zastena-1462mm-sklo-marron-axb150mr-73969\/#breadcrumb","itemListElement":[{"@type":"ListItem","position":1,"name":"Home","item":"https:\/\/www.oknobuild.com\/"},{"@type":"ListItem","position":2,"name":"Products","item":"https:\/\/www.oknobuild.com\/index.php\/products\/"},{"@type":"ListItem","position":3,"name":"Akce Polysan ARCHITEX BLACK MATT sprchov\u00e1 z\u00e1st\u011bna 1462mm, sklo Marron AXB150MR"}]},{"@type":"WebSite","@id":"https:\/\/www.oknobuild.com\/#website","url":"https:\/\/www.oknobuild.com\/","name":"","description":"","potentialAction":[{"@type":"SearchAction","target":{"@type":"EntryPoint","urlTemplate":"https:\/\/www.oknobuild.com\/?s={search_term_string}"},"query-input":{"@type":"PropertyValueSpecification","valueRequired":true,"valueName":"search_term_string"}}],"inLanguage":"cs"}]}},"_links":{"self":[{"href":"https:\/\/www.oknobuild.com\/index.php\/wp-json\/wp\/v2\/product\/73969","targetHints":{"allow":["GET"]}}],"collection":[{"href":"https:\/\/www.oknobuild.com\/index.php\/wp-json\/wp\/v2\/product"}],"about":[{"href":"https:\/\/www.oknobuild.com\/index.php\/wp-json\/wp\/v2\/types\/product"}],"replies":[{"embeddable":true,"href":"https:\/\/www.oknobuild.com\/index.php\/wp-json\/wp\/v2\/comments?post=73969"}],"wp:featuredmedia":[{"embeddable":true,"href":"https:\/\/www.oknobuild.com\/index.php\/wp-json\/wp\/v2\/media\/74069"}],"wp:attachment":[{"href":"https:\/\/www.oknobuild.com\/index.php\/wp-json\/wp\/v2\/media?parent=73969"}],"wp:term":[{"taxonomy":"product_brand","embeddable":true,"href":"https:\/\/www.oknobuild.com\/index.php\/wp-json\/wp\/v2\/product_brand?post=73969"},{"taxonomy":"product_cat","embeddable":true,"href":"https:\/\/www.oknobuild.com\/index.php\/wp-json\/wp\/v2\/product_cat?post=73969"},{"taxonomy":"product_tag","embeddable":true,"href":"https:\/\/www.oknobuild.com\/index.php\/wp-json\/wp\/v2\/product_tag?post=73969"}],"curies":[{"name":"wp","href":"https:\/\/api.w.org\/{rel}","templated":true}]}}