{"id":74551,"date":"2026-04-27T04:43:57","date_gmt":"2026-04-27T04:43:57","guid":{"rendered":""},"modified":"2026-04-27T04:43:57","modified_gmt":"2026-04-27T04:43:57","slug":"znackovy-gelco-trinity-gold-matt-obdelnikovy-sprchovy-kout-800x900mm-matne-sklo-prave-gt5690-80mr-g-74551","status":"publish","type":"product","link":"https:\/\/www.oknobuild.com\/index.php\/produkt\/znackovy-gelco-trinity-gold-matt-obdelnikovy-sprchovy-kout-800x900mm-matne-sklo-prave-gt5690-80mr-g-74551\/","title":{"rendered":"Zna\u010dkov\u00fd Gelco TRINITY GOLD MATT obd\u00e9ln\u00edkov\u00fd sprchov\u00fd kout 800x900mm, matn\u00e9 sklo, prav\u00e9 GT5690-80MR-G"},"content":{"rendered":"<div class=\"basic-description\">\n<h3>Detailn\u00ed popis produktu<\/h3>\n<p><\/p>\n<p><strong>Charakteristika sprchov\u00fdch z\u00e1st\u011bn TRINITY:<\/strong><\/p>\n<ul>\n<li>Bezr\u00e1mov\u00e9 pantov\u00e9 z\u00e1st\u011bny<\/li>\n<li>Minimalistick\u00e9 panty v&nbsp;hranat\u00e9m designu, zevnit\u0159 zapu\u0161t\u011bn\u00e9 do skla pro snadn\u00e9 \u010di\u0161t\u011bn\u00ed, umo\u017e\u0148uji oto\u010den\u00ed a\u017e o 180\u00b0<\/li>\n<li>Zvedac\u00ed mechanismus pro pohodln\u00e9 otev\u00edr\u00e1n\u00ed dve\u0159\u00ed<\/li>\n<li>Barevn\u00e1 proveden\u00ed profilu: chrom, \u010dern\u00e1 mat, zlato mat<\/li>\n<li>Bezpe\u010dnostn\u00ed sklo o tlou\u0161\u0165ce 8 mm v proveden\u00ed \u010di\u0159\u00e9 a matn\u00e9<\/li>\n<li>V\u00fd\u0161ka z\u00e1st\u011bn&nbsp;2000 mm&nbsp;<\/li>\n<li>Zkracovateln\u00e9 rohov\u00e9 vzp\u011bry, kter\u00e9 lze p\u0159izp\u016fsobit pro rozm\u011br z\u00e1st\u011bny<\/li>\n<li>Povrchov\u00e1 \u00faprava Coated glass zabra\u0148uje usazov\u00e1n\u00ed vodn\u00edho kamene a usnad\u0148uje \u010di\u0161t\u011bn\u00ed<\/li>\n<\/ul>\n<p>S\u00e9rie Trinity je stavebnicov\u00fd syst\u00e9m pantov\u00fdch sprchov\u00fdch z\u00e1st\u011bn, kter\u00fd umo\u017e\u0148uje jednodu\u0161e kombinovat barevn\u00e9 proveden\u00ed kov\u00e1n\u00ed a skla do \u010dty\u0159 z\u00e1kladn\u00edch modul\u016f:<br \/>Dve\u0159e do niky<br \/>Dve\u0159e s&nbsp;bo\u010dn\u00ed st\u011bnou<br \/>\u010ctvercov\u00e1\/obd\u00e9ln\u00edkov\u00e1 z\u00e1st\u011bna s&nbsp;rohov\u00fdm vstupem<br \/>\u010ctvrtkruhov\u00e1 z\u00e1st\u011bna<\/p>\n<p>Z&nbsp;d\u016fvodu zapu\u0161t\u011bn\u00fdch pant\u016f jsou dve\u0159e v\u017edy v proveden\u00ed pro lev\u00e9 nebo prav\u00e9 otev\u00edr\u00e1n\u00ed.<\/p>\n<\/div>\n<\/div>\n<\/div>\n<\/div>\n<h2 class=\"props-title\">Vlastnosti<\/h2>\n<table>\n<tr>\n<th>Zna\u010dka<\/th>\n<td>GELCO<\/td>\n<\/tr>\n<tr>\n<th>S\u00e9rie<\/th>\n<td>TRINITY<\/td>\n<\/tr>\n<tr>\n<th>3D model<\/th>\n<td>ANO<\/td>\n<\/tr>\n<tr>\n<th>Rozm\u011br<\/th>\n<td>80&#215;90 cm<\/td>\n<\/tr>\n<tr>\n<th>\u0160\u00ed\u0159ka<\/th>\n<td>800&nbsp;mm<\/td>\n<\/tr>\n<tr>\n<th>V\u00fd\u0161ka<\/th>\n<td>2000&nbsp;mm<\/td>\n<\/tr>\n<tr>\n<th>Hloubka<\/th>\n<td>900&nbsp;mm<\/td>\n<\/tr>\n<tr>\n<th>Barva profilu<\/th>\n<td>Zlat\u00e1 mat<\/td>\n<\/tr>\n<tr>\n<th>Tvar<\/th>\n<td>Obd\u00e9ln\u00edkov\u00e9 z\u00e1st\u011bny<\/td>\n<\/tr>\n<tr>\n<th>Typ otev\u00edr\u00e1n\u00ed<\/th>\n<td>Otev\u00edrac\u00ed jednok\u0159\u00eddl\u00e9<\/td>\n<\/tr>\n<tr>\n<th>Sm\u011br otev\u00edr\u00e1n\u00ed<\/th>\n<td>Prav\u00e9<\/td>\n<\/tr>\n<tr>\n<th>\u0160\u00ed\u0159ka vstupu<\/th>\n<td>585&nbsp;mm<\/td>\n<\/tr>\n<tr>\n<th>Typ v\u00fdpln\u011b<\/th>\n<td>Matn\u00e9 sklo<\/td>\n<\/tr>\n<tr>\n<th>\u00daprava skla<\/th>\n<td>Coated glass<\/td>\n<\/tr>\n<tr>\n<th>Tlou\u0161\u0165ka skla<\/th>\n<td>8&nbsp;mm<\/td>\n<\/tr>\n<tr>\n<th>Vlastnosti<\/th>\n<td>Bezr\u00e1mov\u00e9 proveden\u00ed<\/td>\n<\/tr>\n<tr>\n<th>Hmotnost \/ ks<\/th>\n<td>72.3600&nbsp;kg<\/td>\n<\/tr>\n<tr>\n<th>Balen\u00ed<\/th>\n<td>4&nbsp;ks<\/td>\n<\/tr>\n<tr>\n<th>EAN<\/th>\n<td>8590913143632<\/td>\n<\/tr>\n<tr>\n<th>Z\u00e1ruka<\/th>\n<td>3 roky<\/td>\n<\/tr>\n<\/table>\n<div class=\"product-explanation-item\">\n<h3><span><strong>Coated glass<\/strong><\/span><\/h3>\n<p style=\"text-align: justify;\">Coated glass p\u0159edstavuje jednu z nejkvalitn\u011bj\u0161\u00edch \u00faprav skla sprchov\u00fdch kout\u016f. Jedn\u00e1 se o chemickou slou\u010deninu sm\u011bsi polymer\u016f, kter\u00e1 ve spojen\u00ed s katalyz\u00e1tory reaguje s k\u0159emi\u010ditanov\u00fdmi skupinami obsa\u017een\u00fdmi ve skle. Na sklen\u011bn\u00fdch ploch\u00e1ch tak vytv\u00e1\u0159\u00ed souvislou vrstvu filmu, kter\u00e1 vypln\u00ed mikrop\u00f3ry ve skle a odpuzuje vodu. Vlivem vod\u011bodpudiv\u00e9ho filmu se kapky vody shlukuj\u00ed a st\u00e9kaj\u00ed z povrchu skla. I kdy\u017e dojde k nepatrn\u00e9mu udr\u017een\u00ed men\u0161\u00edch kapek na skle, nedojde k chemick\u00e9 vazb\u011b, sklo nebude naru\u0161eno a neze\u0161edne.<\/p>\n<\/div>\n<div class=\"product-explanation-item\">\n<h3>Bezr\u00e1mov\u00e9 sprchov\u00e9 z\u00e1st\u011bny<\/h3>\n<p style=\"text-align: justify;\">Ochranu proti p\u0159ete\u010den\u00ed vody u bezr\u00e1mov\u00fdch z\u00e1st\u011bn zaji\u0161\u0165uje n\u00edzk\u00e1 p\u0159etokov\u00e1 li\u0161ta, kter\u00e1 dotv\u00e1\u0159\u00ed \u010dist\u00fd vzhled z\u00e1st\u011bny. Bezr\u00e1mov\u00e9 z\u00e1st\u011bny tak p\u016fsob\u00ed sv\u011b\u017e\u00edm elegantn\u00edm dojmem.<\/p>\n<\/p>\n<\/div><\/div>\n","protected":false},"excerpt":{"rendered":"<p>Detailn\u00ed popis produktu Charakteristika sprchov\u00fdch z\u00e1st\u011bn TRINITY: Bezr\u00e1mov\u00e9 pantov\u00e9 z\u00e1st\u011bny Minimalistick\u00e9 panty v&nbsp;hranat\u00e9m designu, zevnit\u0159 zapu\u0161t\u011bn\u00e9 do skla pro snadn\u00e9 \u010di\u0161t\u011bn\u00ed, umo\u017e\u0148uji oto\u010den\u00ed a\u017e o 180\u00b0 Zvedac\u00ed mechanismus pro pohodln\u00e9 otev\u00edr\u00e1n\u00ed dve\u0159\u00ed Barevn\u00e1 proveden\u00ed profilu: chrom, \u010dern\u00e1 mat, zlato mat Bezpe\u010dnostn\u00ed sklo o tlou\u0161\u0165ce 8 mm v proveden\u00ed \u010di\u0159\u00e9 a matn\u00e9 V\u00fd\u0161ka z\u00e1st\u011bn&nbsp;2000 mm&nbsp; Zkracovateln\u00e9 [&hellip;]<\/p>\n","protected":false},"featured_media":74651,"comment_status":"open","ping_status":"open","template":"","meta":[],"product_brand":[],"product_cat":[56],"product_tag":[],"class_list":{"0":"post-74551","1":"product","2":"type-product","3":"status-publish","4":"has-post-thumbnail","6":"product_cat-sprchove-kouty","8":"first","9":"instock","10":"sale","11":"shipping-taxable","12":"purchasable","13":"product-type-simple"},"yoast_head":"<!-- This site is optimized with the Yoast SEO plugin v26.8 - https:\/\/yoast.com\/product\/yoast-seo-wordpress\/ -->\n<title>Zna\u010dkov\u00fd Gelco TRINITY GOLD MATT obd\u00e9ln\u00edkov\u00fd sprchov\u00fd kout 800x900mm, matn\u00e9 sklo, prav\u00e9 GT5690-80MR-G -<\/title>\n<meta name=\"robots\" content=\"index, follow, max-snippet:-1, max-image-preview:large, max-video-preview:-1\" \/>\n<link rel=\"canonical\" href=\"https:\/\/www.oknobuild.com\/index.php\/produkt\/znackovy-gelco-trinity-gold-matt-obdelnikovy-sprchovy-kout-800x900mm-matne-sklo-prave-gt5690-80mr-g-74551\/\" \/>\n<meta property=\"og:locale\" content=\"cs_CZ\" \/>\n<meta property=\"og:type\" content=\"article\" \/>\n<meta property=\"og:title\" content=\"Zna\u010dkov\u00fd Gelco TRINITY GOLD MATT obd\u00e9ln\u00edkov\u00fd sprchov\u00fd kout 800x900mm, matn\u00e9 sklo, prav\u00e9 GT5690-80MR-G -\" \/>\n<meta property=\"og:description\" content=\"Detailn\u00ed popis produktu Charakteristika sprchov\u00fdch z\u00e1st\u011bn TRINITY: Bezr\u00e1mov\u00e9 pantov\u00e9 z\u00e1st\u011bny Minimalistick\u00e9 panty v&nbsp;hranat\u00e9m designu, zevnit\u0159 zapu\u0161t\u011bn\u00e9 do skla pro snadn\u00e9 \u010di\u0161t\u011bn\u00ed, umo\u017e\u0148uji oto\u010den\u00ed a\u017e o 180\u00b0 Zvedac\u00ed mechanismus pro pohodln\u00e9 otev\u00edr\u00e1n\u00ed dve\u0159\u00ed Barevn\u00e1 proveden\u00ed profilu: chrom, \u010dern\u00e1 mat, zlato mat Bezpe\u010dnostn\u00ed sklo o tlou\u0161\u0165ce 8 mm v proveden\u00ed \u010di\u0159\u00e9 a matn\u00e9 V\u00fd\u0161ka z\u00e1st\u011bn&nbsp;2000 mm&nbsp; Zkracovateln\u00e9 [&hellip;]\" \/>\n<meta property=\"og:url\" content=\"https:\/\/www.oknobuild.com\/index.php\/produkt\/znackovy-gelco-trinity-gold-matt-obdelnikovy-sprchovy-kout-800x900mm-matne-sklo-prave-gt5690-80mr-g-74551\/\" \/>\n<meta property=\"og:image\" content=\"https:\/\/www.oknobuild.com\/wp-content\/uploads\/2026\/SK0019486-CZ20260425-093631-0-1777080994-329675_gt5690-80mr-g-250881924665127.webp\" \/>\n\t<meta property=\"og:image:width\" content=\"1000\" \/>\n\t<meta property=\"og:image:height\" content=\"750\" \/>\n\t<meta property=\"og:image:type\" content=\"image\/webp\" \/>\n<meta name=\"twitter:card\" content=\"summary_large_image\" \/>\n<meta name=\"twitter:label1\" content=\"Odhadovan\u00e1 doba \u010dten\u00ed\" \/>\n\t<meta name=\"twitter:data1\" content=\"2 minuty\" \/>\n<script type=\"application\/ld+json\" class=\"yoast-schema-graph\">{\"@context\":\"https:\/\/schema.org\",\"@graph\":[{\"@type\":\"WebPage\",\"@id\":\"https:\/\/www.oknobuild.com\/index.php\/produkt\/znackovy-gelco-trinity-gold-matt-obdelnikovy-sprchovy-kout-800x900mm-matne-sklo-prave-gt5690-80mr-g-74551\/\",\"url\":\"https:\/\/www.oknobuild.com\/index.php\/produkt\/znackovy-gelco-trinity-gold-matt-obdelnikovy-sprchovy-kout-800x900mm-matne-sklo-prave-gt5690-80mr-g-74551\/\",\"name\":\"Zna\u010dkov\u00fd Gelco TRINITY GOLD MATT obd\u00e9ln\u00edkov\u00fd sprchov\u00fd kout 800x900mm, matn\u00e9 sklo, prav\u00e9 GT5690-80MR-G -\",\"isPartOf\":{\"@id\":\"https:\/\/www.oknobuild.com\/#website\"},\"primaryImageOfPage\":{\"@id\":\"https:\/\/www.oknobuild.com\/index.php\/produkt\/znackovy-gelco-trinity-gold-matt-obdelnikovy-sprchovy-kout-800x900mm-matne-sklo-prave-gt5690-80mr-g-74551\/#primaryimage\"},\"image\":{\"@id\":\"https:\/\/www.oknobuild.com\/index.php\/produkt\/znackovy-gelco-trinity-gold-matt-obdelnikovy-sprchovy-kout-800x900mm-matne-sklo-prave-gt5690-80mr-g-74551\/#primaryimage\"},\"thumbnailUrl\":\"https:\/\/www.oknobuild.com\/wp-content\/uploads\/2026\/SK0019486-CZ20260425-093631-0-1777080994-329675_gt5690-80mr-g-250881924665127.webp\",\"datePublished\":\"2026-04-27T04:43:57+00:00\",\"breadcrumb\":{\"@id\":\"https:\/\/www.oknobuild.com\/index.php\/produkt\/znackovy-gelco-trinity-gold-matt-obdelnikovy-sprchovy-kout-800x900mm-matne-sklo-prave-gt5690-80mr-g-74551\/#breadcrumb\"},\"inLanguage\":\"cs\",\"potentialAction\":[{\"@type\":\"ReadAction\",\"target\":[\"https:\/\/www.oknobuild.com\/index.php\/produkt\/znackovy-gelco-trinity-gold-matt-obdelnikovy-sprchovy-kout-800x900mm-matne-sklo-prave-gt5690-80mr-g-74551\/\"]}]},{\"@type\":\"ImageObject\",\"inLanguage\":\"cs\",\"@id\":\"https:\/\/www.oknobuild.com\/index.php\/produkt\/znackovy-gelco-trinity-gold-matt-obdelnikovy-sprchovy-kout-800x900mm-matne-sklo-prave-gt5690-80mr-g-74551\/#primaryimage\",\"url\":\"https:\/\/www.oknobuild.com\/wp-content\/uploads\/2026\/SK0019486-CZ20260425-093631-0-1777080994-329675_gt5690-80mr-g-250881924665127.webp\",\"contentUrl\":\"https:\/\/www.oknobuild.com\/wp-content\/uploads\/2026\/SK0019486-CZ20260425-093631-0-1777080994-329675_gt5690-80mr-g-250881924665127.webp\",\"width\":1000,\"height\":750},{\"@type\":\"BreadcrumbList\",\"@id\":\"https:\/\/www.oknobuild.com\/index.php\/produkt\/znackovy-gelco-trinity-gold-matt-obdelnikovy-sprchovy-kout-800x900mm-matne-sklo-prave-gt5690-80mr-g-74551\/#breadcrumb\",\"itemListElement\":[{\"@type\":\"ListItem\",\"position\":1,\"name\":\"Home\",\"item\":\"https:\/\/www.oknobuild.com\/\"},{\"@type\":\"ListItem\",\"position\":2,\"name\":\"Products\",\"item\":\"https:\/\/www.oknobuild.com\/index.php\/products\/\"},{\"@type\":\"ListItem\",\"position\":3,\"name\":\"Zna\u010dkov\u00fd Gelco TRINITY GOLD MATT obd\u00e9ln\u00edkov\u00fd sprchov\u00fd kout 800x900mm, matn\u00e9 sklo, prav\u00e9 GT5690-80MR-G\"}]},{\"@type\":\"WebSite\",\"@id\":\"https:\/\/www.oknobuild.com\/#website\",\"url\":\"https:\/\/www.oknobuild.com\/\",\"name\":\"\",\"description\":\"\",\"potentialAction\":[{\"@type\":\"SearchAction\",\"target\":{\"@type\":\"EntryPoint\",\"urlTemplate\":\"https:\/\/www.oknobuild.com\/?s={search_term_string}\"},\"query-input\":{\"@type\":\"PropertyValueSpecification\",\"valueRequired\":true,\"valueName\":\"search_term_string\"}}],\"inLanguage\":\"cs\"}]}<\/script>\n<!-- \/ Yoast SEO plugin. -->","yoast_head_json":{"title":"Zna\u010dkov\u00fd Gelco TRINITY GOLD MATT obd\u00e9ln\u00edkov\u00fd sprchov\u00fd kout 800x900mm, matn\u00e9 sklo, prav\u00e9 GT5690-80MR-G -","robots":{"index":"index","follow":"follow","max-snippet":"max-snippet:-1","max-image-preview":"max-image-preview:large","max-video-preview":"max-video-preview:-1"},"canonical":"https:\/\/www.oknobuild.com\/index.php\/produkt\/znackovy-gelco-trinity-gold-matt-obdelnikovy-sprchovy-kout-800x900mm-matne-sklo-prave-gt5690-80mr-g-74551\/","og_locale":"cs_CZ","og_type":"article","og_title":"Zna\u010dkov\u00fd Gelco TRINITY GOLD MATT obd\u00e9ln\u00edkov\u00fd sprchov\u00fd kout 800x900mm, matn\u00e9 sklo, prav\u00e9 GT5690-80MR-G -","og_description":"Detailn\u00ed popis produktu Charakteristika sprchov\u00fdch z\u00e1st\u011bn TRINITY: Bezr\u00e1mov\u00e9 pantov\u00e9 z\u00e1st\u011bny Minimalistick\u00e9 panty v&nbsp;hranat\u00e9m designu, zevnit\u0159 zapu\u0161t\u011bn\u00e9 do skla pro snadn\u00e9 \u010di\u0161t\u011bn\u00ed, umo\u017e\u0148uji oto\u010den\u00ed a\u017e o 180\u00b0 Zvedac\u00ed mechanismus pro pohodln\u00e9 otev\u00edr\u00e1n\u00ed dve\u0159\u00ed Barevn\u00e1 proveden\u00ed profilu: chrom, \u010dern\u00e1 mat, zlato mat Bezpe\u010dnostn\u00ed sklo o tlou\u0161\u0165ce 8 mm v proveden\u00ed \u010di\u0159\u00e9 a matn\u00e9 V\u00fd\u0161ka z\u00e1st\u011bn&nbsp;2000 mm&nbsp; Zkracovateln\u00e9 [&hellip;]","og_url":"https:\/\/www.oknobuild.com\/index.php\/produkt\/znackovy-gelco-trinity-gold-matt-obdelnikovy-sprchovy-kout-800x900mm-matne-sklo-prave-gt5690-80mr-g-74551\/","og_image":[{"width":1000,"height":750,"url":"https:\/\/www.oknobuild.com\/wp-content\/uploads\/2026\/SK0019486-CZ20260425-093631-0-1777080994-329675_gt5690-80mr-g-250881924665127.webp","type":"image\/webp"}],"twitter_card":"summary_large_image","twitter_misc":{"Odhadovan\u00e1 doba \u010dten\u00ed":"2 minuty"},"schema":{"@context":"https:\/\/schema.org","@graph":[{"@type":"WebPage","@id":"https:\/\/www.oknobuild.com\/index.php\/produkt\/znackovy-gelco-trinity-gold-matt-obdelnikovy-sprchovy-kout-800x900mm-matne-sklo-prave-gt5690-80mr-g-74551\/","url":"https:\/\/www.oknobuild.com\/index.php\/produkt\/znackovy-gelco-trinity-gold-matt-obdelnikovy-sprchovy-kout-800x900mm-matne-sklo-prave-gt5690-80mr-g-74551\/","name":"Zna\u010dkov\u00fd Gelco TRINITY GOLD MATT obd\u00e9ln\u00edkov\u00fd sprchov\u00fd kout 800x900mm, matn\u00e9 sklo, prav\u00e9 GT5690-80MR-G -","isPartOf":{"@id":"https:\/\/www.oknobuild.com\/#website"},"primaryImageOfPage":{"@id":"https:\/\/www.oknobuild.com\/index.php\/produkt\/znackovy-gelco-trinity-gold-matt-obdelnikovy-sprchovy-kout-800x900mm-matne-sklo-prave-gt5690-80mr-g-74551\/#primaryimage"},"image":{"@id":"https:\/\/www.oknobuild.com\/index.php\/produkt\/znackovy-gelco-trinity-gold-matt-obdelnikovy-sprchovy-kout-800x900mm-matne-sklo-prave-gt5690-80mr-g-74551\/#primaryimage"},"thumbnailUrl":"https:\/\/www.oknobuild.com\/wp-content\/uploads\/2026\/SK0019486-CZ20260425-093631-0-1777080994-329675_gt5690-80mr-g-250881924665127.webp","datePublished":"2026-04-27T04:43:57+00:00","breadcrumb":{"@id":"https:\/\/www.oknobuild.com\/index.php\/produkt\/znackovy-gelco-trinity-gold-matt-obdelnikovy-sprchovy-kout-800x900mm-matne-sklo-prave-gt5690-80mr-g-74551\/#breadcrumb"},"inLanguage":"cs","potentialAction":[{"@type":"ReadAction","target":["https:\/\/www.oknobuild.com\/index.php\/produkt\/znackovy-gelco-trinity-gold-matt-obdelnikovy-sprchovy-kout-800x900mm-matne-sklo-prave-gt5690-80mr-g-74551\/"]}]},{"@type":"ImageObject","inLanguage":"cs","@id":"https:\/\/www.oknobuild.com\/index.php\/produkt\/znackovy-gelco-trinity-gold-matt-obdelnikovy-sprchovy-kout-800x900mm-matne-sklo-prave-gt5690-80mr-g-74551\/#primaryimage","url":"https:\/\/www.oknobuild.com\/wp-content\/uploads\/2026\/SK0019486-CZ20260425-093631-0-1777080994-329675_gt5690-80mr-g-250881924665127.webp","contentUrl":"https:\/\/www.oknobuild.com\/wp-content\/uploads\/2026\/SK0019486-CZ20260425-093631-0-1777080994-329675_gt5690-80mr-g-250881924665127.webp","width":1000,"height":750},{"@type":"BreadcrumbList","@id":"https:\/\/www.oknobuild.com\/index.php\/produkt\/znackovy-gelco-trinity-gold-matt-obdelnikovy-sprchovy-kout-800x900mm-matne-sklo-prave-gt5690-80mr-g-74551\/#breadcrumb","itemListElement":[{"@type":"ListItem","position":1,"name":"Home","item":"https:\/\/www.oknobuild.com\/"},{"@type":"ListItem","position":2,"name":"Products","item":"https:\/\/www.oknobuild.com\/index.php\/products\/"},{"@type":"ListItem","position":3,"name":"Zna\u010dkov\u00fd Gelco TRINITY GOLD MATT obd\u00e9ln\u00edkov\u00fd sprchov\u00fd kout 800x900mm, matn\u00e9 sklo, prav\u00e9 GT5690-80MR-G"}]},{"@type":"WebSite","@id":"https:\/\/www.oknobuild.com\/#website","url":"https:\/\/www.oknobuild.com\/","name":"","description":"","potentialAction":[{"@type":"SearchAction","target":{"@type":"EntryPoint","urlTemplate":"https:\/\/www.oknobuild.com\/?s={search_term_string}"},"query-input":{"@type":"PropertyValueSpecification","valueRequired":true,"valueName":"search_term_string"}}],"inLanguage":"cs"}]}},"_links":{"self":[{"href":"https:\/\/www.oknobuild.com\/index.php\/wp-json\/wp\/v2\/product\/74551","targetHints":{"allow":["GET"]}}],"collection":[{"href":"https:\/\/www.oknobuild.com\/index.php\/wp-json\/wp\/v2\/product"}],"about":[{"href":"https:\/\/www.oknobuild.com\/index.php\/wp-json\/wp\/v2\/types\/product"}],"replies":[{"embeddable":true,"href":"https:\/\/www.oknobuild.com\/index.php\/wp-json\/wp\/v2\/comments?post=74551"}],"wp:featuredmedia":[{"embeddable":true,"href":"https:\/\/www.oknobuild.com\/index.php\/wp-json\/wp\/v2\/media\/74651"}],"wp:attachment":[{"href":"https:\/\/www.oknobuild.com\/index.php\/wp-json\/wp\/v2\/media?parent=74551"}],"wp:term":[{"taxonomy":"product_brand","embeddable":true,"href":"https:\/\/www.oknobuild.com\/index.php\/wp-json\/wp\/v2\/product_brand?post=74551"},{"taxonomy":"product_cat","embeddable":true,"href":"https:\/\/www.oknobuild.com\/index.php\/wp-json\/wp\/v2\/product_cat?post=74551"},{"taxonomy":"product_tag","embeddable":true,"href":"https:\/\/www.oknobuild.com\/index.php\/wp-json\/wp\/v2\/product_tag?post=74551"}],"curies":[{"name":"wp","href":"https:\/\/api.w.org\/{rel}","templated":true}]}}