{"id":74579,"date":"2026-04-27T04:43:57","date_gmt":"2026-04-27T04:43:57","guid":{"rendered":""},"modified":"2026-04-27T04:43:57","modified_gmt":"2026-04-27T04:43:57","slug":"znackovy-sapho-modo-wc-misa-stojici-swirlflush-37x52cm-spodni-zadni-odpad-creta-dual-mat-981008-74579","status":"publish","type":"product","link":"https:\/\/www.oknobuild.com\/index.php\/produkt\/znackovy-sapho-modo-wc-misa-stojici-swirlflush-37x52cm-spodni-zadni-odpad-creta-dual-mat-981008-74579\/","title":{"rendered":"Zna\u010dkov\u00fd Sapho MODO WC m\u00edsa stoj\u00edc\u00ed, Swirlflush, 37x52cm, spodn\u00ed\/zadn\u00ed odpad, creta dual-mat 981008"},"content":{"rendered":"<div class=\"basic-description\">\n<h3>Detailn\u00ed popis produktu<\/h3>\n<p><\/p>\n<p style=\"text-align: justify;\">MODO je pr\u00e9miov\u00e1 ekonomick\u00e1 s\u00e9rie sest\u00e1vaj\u00edc\u00ed z dvojice sanit\u00e1rn\u00ed keramiky, n\u00e1st\u011bnn\u00e9 a voln\u011b stoj\u00edc\u00ed, kter\u00e1 se vyzna\u010duje n\u00e1padn\u00fdmi k\u0159ivkami. Produkty, kter\u00e9 jsou neutr\u00e1ln\u00ed, p\u0159esto p\u016fsob\u00ed velmi efektn\u011b a najdou uplatn\u011bn\u00ed v r\u016fzn\u00fdch prost\u0159ed\u00edch, co\u017e umo\u017e\u0148uje nespo\u010det kombinac\u00ed s umyvadly r\u016fzn\u00fdch tvar\u016f a typ\u016f instalace. MODO je zam\u011b\u0159eno na z\u00e1kazn\u00edky, kte\u0159\u00ed pot\u0159ebuj\u00ed zv\u00e1\u017eit n\u00e1kupn\u00ed mo\u017enosti jak z hlediska kvantitativn\u00edho, tak kvalitativn\u00edho. Sanit\u00e1rn\u00ed keramika t\u00e9to kolekce nab\u00edz\u00ed v\u0161echny v\u00fdhody produkt\u016f GSI: antibakteri\u00e1ln\u00ed glazuru Extraglaze&reg;, syst\u00e9m <span>SwirlFlush<\/span>&reg;, syst\u00e9m Quick Release a syst\u00e9m Soft Close pro WC sed\u00e1tka.<\/p>\n<h2 class=\"props-title\">Vlastnosti<\/h2>\n<table>\n<tr>\n<th>Zna\u010dka<\/th>\n<td>GSI<\/td>\n<\/tr>\n<tr>\n<th>S\u00e9rie<\/th>\n<td>MODO<\/td>\n<\/tr>\n<tr>\n<th>3D model<\/th>\n<td>ANO<\/td>\n<\/tr>\n<tr>\n<th>Rozm\u011br<\/th>\n<td>37x41x52 cm<\/td>\n<\/tr>\n<tr>\n<th>\u0160\u00ed\u0159ka<\/th>\n<td>370&nbsp;mm<\/td>\n<\/tr>\n<tr>\n<th>V\u00fd\u0161ka<\/th>\n<td>410&nbsp;mm<\/td>\n<\/tr>\n<tr>\n<th>Hloubka<\/th>\n<td>520&nbsp;mm<\/td>\n<\/tr>\n<tr>\n<th>Barva<\/th>\n<td>B\u00e9\u017eov\u00e1<\/td>\n<\/tr>\n<tr>\n<th>Materi\u00e1l<\/th>\n<td>Keramika<\/td>\n<\/tr>\n<tr>\n<th>Technologie splachov\u00e1n\u00ed<\/th>\n<td>SwirlFlush<\/td>\n<\/tr>\n<tr>\n<th>Objem splachovac\u00ed vody<\/th>\n<td>3 l \/ 4,5 l<\/td>\n<\/tr>\n<tr>\n<th>Tvar<\/th>\n<td>Klasik<\/td>\n<\/tr>\n<tr>\n<th>Ostatn\u00ed<\/th>\n<td>Odpad spodn\u00ed, Odpad zadn\u00ed, Skryt\u00e9 uchycen\u00ed, DualGlaze<\/td>\n<\/tr>\n<tr>\n<th>Balen\u00ed obsahuje<\/th>\n<td>Kotv\u00edc\u00ed sada<\/td>\n<\/tr>\n<tr>\n<th>Balen\u00ed neobsahuje<\/th>\n<td>WC sed\u00e1tko<\/td>\n<\/tr>\n<tr>\n<th>Hmotnost \/ ks<\/th>\n<td>24.4500&nbsp;kg<\/td>\n<\/tr>\n<tr>\n<th>Balen\u00ed<\/th>\n<td>1&nbsp;ks<\/td>\n<\/tr>\n<tr>\n<th>Taric<\/th>\n<td>69109000<\/td>\n<\/tr>\n<tr>\n<th>Z\u00e1ruka<\/th>\n<td>2 roky<\/td>\n<\/tr>\n<\/table>\n<div class=\"product-explanation-item\">\n<h3>Technologie splachov\u00e1n\u00ed <strong>SwirlFlush&reg;<\/strong><\/h3>\n<p style=\"text-align: justify;\">SwirlFlush&reg;  &#8211; toalety bez tradi\u010dn\u00edho oplachov\u00e9ho kruhu. Patentovan\u00fd extr\u00e9mn\u011b tich\u00fd splachovac\u00ed syst\u00e9m od spole\u010dnosti GSI nam\u00ed\u0159\u00ed vodu jednotn\u00fdm sm\u011brem na okraje keramiky. Inovaci ve splachov\u00e1n\u00ed p\u0159edstavuje vodn\u00ed v\u00edr, kter\u00fd zajist\u00ed optim\u00e1ln\u00ed a tich\u00e9 spl\u00e1chnut\u00ed m\u00edsy.<br \/>Absence tradi\u010dn\u00edho splachovac\u00edho kruhu pod okrajem m\u00edsy v kombinaci s glazurou Extraglaze&reg;, kter\u00e1 dod\u00e1v\u00e1 keramice dokonale hladk\u00fd povrch a p\u016fsobiv\u00fd lesk, zaji\u0161\u0165uje maxim\u00e1ln\u00ed hygienu a sn\u00ed\u017een\u00ed n\u00e1mahy p\u0159i \u010di\u0161t\u011bn\u00ed WC. Samoz\u0159ejmost\u00ed je du\u00e1ln\u00ed syst\u00e9m splachov\u00e1n\u00ed s mno\u017estv\u00edm vody 3 nebo 4,5 l.<\/p>\n<p style=\"text-align: justify;\">Extr\u00e9mn\u011b tich\u00fd: Splachovac\u00ed syst\u00e9m SwirlFlush&reg; s hlu\u010dnost\u00ed pouh\u00fdch 64 dB je extr\u00e9mn\u011b tich\u00fd b\u011bhem splachov\u00e1n\u00ed.<\/p>\n<\/div>\n<div class=\"product-explanation-item\">\n<h3>Water saving &#8211; \u00fasporn\u00e9 splachov\u00e1n\u00ed<\/h3>\n<p style=\"text-align: justify;\">Tvar m\u00edsy umo\u017e\u0148uje efektivn\u00ed a \u00fa\u010dinn\u00e9 spl\u00e1chnut\u00ed s men\u0161\u00edm objemem vody a t\u00edm \u0161et\u0159\u00ed \u017eivotn\u00ed prost\u0159ed\u00ed a n\u00e1klady za vodu.<br \/>\u00dasporn\u00e9 splachov\u00e1n\u00ed je mo\u017en\u00e9 pou\u017e\u00edt s n\u00e1dr\u017ekou s du\u00e1ln\u00edm splachov\u00e1n\u00edm, jej\u00ed\u017e vypou\u0161t\u011bc\u00ed ventil umo\u017e\u0148uje nastaven\u00ed objemu vody od 2 litr\u016f u mal\u00e9ho splachov\u00e1n\u00ed a od 4 litr\u016f u velk\u00e9ho splachov\u00e1n\u00ed.<\/p>\n<\/div>\n<div class=\"product-explanation-item\">\n<h3><strong>Keramick\u00e1 glazura DualGlaze+<\/strong><\/h3>\n<p style=\"text-align: justify;\">Dvojit\u00e1 glazura, neboli DualGlaze+, je speci\u00e1ln\u00ed \u00faprava, kter\u00e1 se pou\u017e\u00edv\u00e1 u barevn\u00fdch toalet vybaven\u00fdch syst\u00e9mem splachov\u00e1n\u00ed SwirlFlush&reg;. DualGlaze+ kombinuje hygienu a eleganci. \u010cistota matn\u00e9ho venkovn\u00edho povrchu se setk\u00e1v\u00e1 s antibakteri\u00e1ln\u00ed glazurou Extraglaze&reg; Antibacterial na vnit\u0159n\u00edch \u010d\u00e1stech toalety, kter\u00e9 jsou v kontaktu s vodou, \u010d\u00edm\u017e se zabra\u0148uje skvrn\u00e1m a nehygienick\u00fdm usazenin\u00e1m vodn\u00edho kamene.<\/p>\n<\/div>\n<p>   Upozorn\u011bn\u00ed pro z\u00e1kazn\u00edky ke koupi produkt\u016f na objedn\u00e1n\u00ed: Toto zbo\u017e\u00ed nen\u00ed standardn\u00edm s\u00e9riov\u00fdm v\u00fdrobkem. Bude vyrobeno na p\u0159\u00e1n\u00ed z\u00e1kazn\u00edka a proto jej nelze dodavateli v z\u00e1konn\u00e9 lh\u016ft\u011b vr\u00e1tit. (viz \u00a71837 odst.d, ob\u010dansk\u00e9ho z\u00e1kon\u00edku). V tomto p\u0159\u00edpad\u011b m\u016f\u017eeme po\u017eadovat nevratnou z\u00e1lohu a\u017e do v\u00fd\u0161e 100 % z ceny v\u00fdrobku.                            <\/p><\/div>\n","protected":false},"excerpt":{"rendered":"<p>Detailn\u00ed popis produktu MODO je pr\u00e9miov\u00e1 ekonomick\u00e1 s\u00e9rie sest\u00e1vaj\u00edc\u00ed z dvojice sanit\u00e1rn\u00ed keramiky, n\u00e1st\u011bnn\u00e9 a voln\u011b stoj\u00edc\u00ed, kter\u00e1 se vyzna\u010duje n\u00e1padn\u00fdmi k\u0159ivkami. Produkty, kter\u00e9 jsou neutr\u00e1ln\u00ed, p\u0159esto p\u016fsob\u00ed velmi efektn\u011b a najdou uplatn\u011bn\u00ed v r\u016fzn\u00fdch prost\u0159ed\u00edch, co\u017e umo\u017e\u0148uje nespo\u010det kombinac\u00ed s umyvadly r\u016fzn\u00fdch tvar\u016f a typ\u016f instalace. MODO je zam\u011b\u0159eno na z\u00e1kazn\u00edky, kte\u0159\u00ed pot\u0159ebuj\u00ed zv\u00e1\u017eit [&hellip;]<\/p>\n","protected":false},"featured_media":74679,"comment_status":"open","ping_status":"open","template":"","meta":[],"product_brand":[],"product_cat":[76],"product_tag":[],"class_list":{"0":"post-74579","1":"product","2":"type-product","3":"status-publish","4":"has-post-thumbnail","6":"product_cat-wc","8":"first","9":"instock","10":"sale","11":"shipping-taxable","12":"purchasable","13":"product-type-simple"},"yoast_head":"<!-- This site is optimized with the Yoast SEO plugin v26.8 - https:\/\/yoast.com\/product\/yoast-seo-wordpress\/ -->\n<title>Zna\u010dkov\u00fd Sapho MODO WC m\u00edsa stoj\u00edc\u00ed, Swirlflush, 37x52cm, spodn\u00ed\/zadn\u00ed odpad, creta dual-mat 981008 -<\/title>\n<meta name=\"robots\" content=\"index, follow, max-snippet:-1, max-image-preview:large, max-video-preview:-1\" \/>\n<link rel=\"canonical\" href=\"https:\/\/www.oknobuild.com\/index.php\/produkt\/znackovy-sapho-modo-wc-misa-stojici-swirlflush-37x52cm-spodni-zadni-odpad-creta-dual-mat-981008-74579\/\" \/>\n<meta property=\"og:locale\" content=\"cs_CZ\" \/>\n<meta property=\"og:type\" content=\"article\" \/>\n<meta property=\"og:title\" content=\"Zna\u010dkov\u00fd Sapho MODO WC m\u00edsa stoj\u00edc\u00ed, Swirlflush, 37x52cm, spodn\u00ed\/zadn\u00ed odpad, creta dual-mat 981008 -\" \/>\n<meta property=\"og:description\" content=\"Detailn\u00ed popis produktu MODO je pr\u00e9miov\u00e1 ekonomick\u00e1 s\u00e9rie sest\u00e1vaj\u00edc\u00ed z dvojice sanit\u00e1rn\u00ed keramiky, n\u00e1st\u011bnn\u00e9 a voln\u011b stoj\u00edc\u00ed, kter\u00e1 se vyzna\u010duje n\u00e1padn\u00fdmi k\u0159ivkami. Produkty, kter\u00e9 jsou neutr\u00e1ln\u00ed, p\u0159esto p\u016fsob\u00ed velmi efektn\u011b a najdou uplatn\u011bn\u00ed v r\u016fzn\u00fdch prost\u0159ed\u00edch, co\u017e umo\u017e\u0148uje nespo\u010det kombinac\u00ed s umyvadly r\u016fzn\u00fdch tvar\u016f a typ\u016f instalace. MODO je zam\u011b\u0159eno na z\u00e1kazn\u00edky, kte\u0159\u00ed pot\u0159ebuj\u00ed zv\u00e1\u017eit [&hellip;]\" \/>\n<meta property=\"og:url\" content=\"https:\/\/www.oknobuild.com\/index.php\/produkt\/znackovy-sapho-modo-wc-misa-stojici-swirlflush-37x52cm-spodni-zadni-odpad-creta-dual-mat-981008-74579\/\" \/>\n<meta property=\"og:image\" content=\"https:\/\/www.oknobuild.com\/wp-content\/uploads\/2026\/SK0019516-CZ20260425-093631-0-1777080994-329765_sapho-modo-wc-misa-stojici--swirlflush--37x52cm--spo.webp\" \/>\n\t<meta property=\"og:image:width\" content=\"1000\" \/>\n\t<meta property=\"og:image:height\" content=\"750\" \/>\n\t<meta property=\"og:image:type\" content=\"image\/webp\" \/>\n<meta name=\"twitter:card\" content=\"summary_large_image\" \/>\n<meta name=\"twitter:label1\" content=\"Odhadovan\u00e1 doba \u010dten\u00ed\" \/>\n\t<meta name=\"twitter:data1\" content=\"3 minuty\" \/>\n<script type=\"application\/ld+json\" class=\"yoast-schema-graph\">{\"@context\":\"https:\/\/schema.org\",\"@graph\":[{\"@type\":\"WebPage\",\"@id\":\"https:\/\/www.oknobuild.com\/index.php\/produkt\/znackovy-sapho-modo-wc-misa-stojici-swirlflush-37x52cm-spodni-zadni-odpad-creta-dual-mat-981008-74579\/\",\"url\":\"https:\/\/www.oknobuild.com\/index.php\/produkt\/znackovy-sapho-modo-wc-misa-stojici-swirlflush-37x52cm-spodni-zadni-odpad-creta-dual-mat-981008-74579\/\",\"name\":\"Zna\u010dkov\u00fd Sapho MODO WC m\u00edsa stoj\u00edc\u00ed, Swirlflush, 37x52cm, spodn\u00ed\/zadn\u00ed odpad, creta dual-mat 981008 -\",\"isPartOf\":{\"@id\":\"https:\/\/www.oknobuild.com\/#website\"},\"primaryImageOfPage\":{\"@id\":\"https:\/\/www.oknobuild.com\/index.php\/produkt\/znackovy-sapho-modo-wc-misa-stojici-swirlflush-37x52cm-spodni-zadni-odpad-creta-dual-mat-981008-74579\/#primaryimage\"},\"image\":{\"@id\":\"https:\/\/www.oknobuild.com\/index.php\/produkt\/znackovy-sapho-modo-wc-misa-stojici-swirlflush-37x52cm-spodni-zadni-odpad-creta-dual-mat-981008-74579\/#primaryimage\"},\"thumbnailUrl\":\"https:\/\/www.oknobuild.com\/wp-content\/uploads\/2026\/SK0019516-CZ20260425-093631-0-1777080994-329765_sapho-modo-wc-misa-stojici--swirlflush--37x52cm--spo.webp\",\"datePublished\":\"2026-04-27T04:43:57+00:00\",\"breadcrumb\":{\"@id\":\"https:\/\/www.oknobuild.com\/index.php\/produkt\/znackovy-sapho-modo-wc-misa-stojici-swirlflush-37x52cm-spodni-zadni-odpad-creta-dual-mat-981008-74579\/#breadcrumb\"},\"inLanguage\":\"cs\",\"potentialAction\":[{\"@type\":\"ReadAction\",\"target\":[\"https:\/\/www.oknobuild.com\/index.php\/produkt\/znackovy-sapho-modo-wc-misa-stojici-swirlflush-37x52cm-spodni-zadni-odpad-creta-dual-mat-981008-74579\/\"]}]},{\"@type\":\"ImageObject\",\"inLanguage\":\"cs\",\"@id\":\"https:\/\/www.oknobuild.com\/index.php\/produkt\/znackovy-sapho-modo-wc-misa-stojici-swirlflush-37x52cm-spodni-zadni-odpad-creta-dual-mat-981008-74579\/#primaryimage\",\"url\":\"https:\/\/www.oknobuild.com\/wp-content\/uploads\/2026\/SK0019516-CZ20260425-093631-0-1777080994-329765_sapho-modo-wc-misa-stojici--swirlflush--37x52cm--spo.webp\",\"contentUrl\":\"https:\/\/www.oknobuild.com\/wp-content\/uploads\/2026\/SK0019516-CZ20260425-093631-0-1777080994-329765_sapho-modo-wc-misa-stojici--swirlflush--37x52cm--spo.webp\",\"width\":1000,\"height\":750},{\"@type\":\"BreadcrumbList\",\"@id\":\"https:\/\/www.oknobuild.com\/index.php\/produkt\/znackovy-sapho-modo-wc-misa-stojici-swirlflush-37x52cm-spodni-zadni-odpad-creta-dual-mat-981008-74579\/#breadcrumb\",\"itemListElement\":[{\"@type\":\"ListItem\",\"position\":1,\"name\":\"Home\",\"item\":\"https:\/\/www.oknobuild.com\/\"},{\"@type\":\"ListItem\",\"position\":2,\"name\":\"Products\",\"item\":\"https:\/\/www.oknobuild.com\/index.php\/products\/\"},{\"@type\":\"ListItem\",\"position\":3,\"name\":\"Zna\u010dkov\u00fd Sapho MODO WC m\u00edsa stoj\u00edc\u00ed, Swirlflush, 37x52cm, spodn\u00ed\/zadn\u00ed odpad, creta dual-mat 981008\"}]},{\"@type\":\"WebSite\",\"@id\":\"https:\/\/www.oknobuild.com\/#website\",\"url\":\"https:\/\/www.oknobuild.com\/\",\"name\":\"\",\"description\":\"\",\"potentialAction\":[{\"@type\":\"SearchAction\",\"target\":{\"@type\":\"EntryPoint\",\"urlTemplate\":\"https:\/\/www.oknobuild.com\/?s={search_term_string}\"},\"query-input\":{\"@type\":\"PropertyValueSpecification\",\"valueRequired\":true,\"valueName\":\"search_term_string\"}}],\"inLanguage\":\"cs\"}]}<\/script>\n<!-- \/ Yoast SEO plugin. -->","yoast_head_json":{"title":"Zna\u010dkov\u00fd Sapho MODO WC m\u00edsa stoj\u00edc\u00ed, Swirlflush, 37x52cm, spodn\u00ed\/zadn\u00ed odpad, creta dual-mat 981008 -","robots":{"index":"index","follow":"follow","max-snippet":"max-snippet:-1","max-image-preview":"max-image-preview:large","max-video-preview":"max-video-preview:-1"},"canonical":"https:\/\/www.oknobuild.com\/index.php\/produkt\/znackovy-sapho-modo-wc-misa-stojici-swirlflush-37x52cm-spodni-zadni-odpad-creta-dual-mat-981008-74579\/","og_locale":"cs_CZ","og_type":"article","og_title":"Zna\u010dkov\u00fd Sapho MODO WC m\u00edsa stoj\u00edc\u00ed, Swirlflush, 37x52cm, spodn\u00ed\/zadn\u00ed odpad, creta dual-mat 981008 -","og_description":"Detailn\u00ed popis produktu MODO je pr\u00e9miov\u00e1 ekonomick\u00e1 s\u00e9rie sest\u00e1vaj\u00edc\u00ed z dvojice sanit\u00e1rn\u00ed keramiky, n\u00e1st\u011bnn\u00e9 a voln\u011b stoj\u00edc\u00ed, kter\u00e1 se vyzna\u010duje n\u00e1padn\u00fdmi k\u0159ivkami. Produkty, kter\u00e9 jsou neutr\u00e1ln\u00ed, p\u0159esto p\u016fsob\u00ed velmi efektn\u011b a najdou uplatn\u011bn\u00ed v r\u016fzn\u00fdch prost\u0159ed\u00edch, co\u017e umo\u017e\u0148uje nespo\u010det kombinac\u00ed s umyvadly r\u016fzn\u00fdch tvar\u016f a typ\u016f instalace. MODO je zam\u011b\u0159eno na z\u00e1kazn\u00edky, kte\u0159\u00ed pot\u0159ebuj\u00ed zv\u00e1\u017eit [&hellip;]","og_url":"https:\/\/www.oknobuild.com\/index.php\/produkt\/znackovy-sapho-modo-wc-misa-stojici-swirlflush-37x52cm-spodni-zadni-odpad-creta-dual-mat-981008-74579\/","og_image":[{"width":1000,"height":750,"url":"https:\/\/www.oknobuild.com\/wp-content\/uploads\/2026\/SK0019516-CZ20260425-093631-0-1777080994-329765_sapho-modo-wc-misa-stojici--swirlflush--37x52cm--spo.webp","type":"image\/webp"}],"twitter_card":"summary_large_image","twitter_misc":{"Odhadovan\u00e1 doba \u010dten\u00ed":"3 minuty"},"schema":{"@context":"https:\/\/schema.org","@graph":[{"@type":"WebPage","@id":"https:\/\/www.oknobuild.com\/index.php\/produkt\/znackovy-sapho-modo-wc-misa-stojici-swirlflush-37x52cm-spodni-zadni-odpad-creta-dual-mat-981008-74579\/","url":"https:\/\/www.oknobuild.com\/index.php\/produkt\/znackovy-sapho-modo-wc-misa-stojici-swirlflush-37x52cm-spodni-zadni-odpad-creta-dual-mat-981008-74579\/","name":"Zna\u010dkov\u00fd Sapho MODO WC m\u00edsa stoj\u00edc\u00ed, Swirlflush, 37x52cm, spodn\u00ed\/zadn\u00ed odpad, creta dual-mat 981008 -","isPartOf":{"@id":"https:\/\/www.oknobuild.com\/#website"},"primaryImageOfPage":{"@id":"https:\/\/www.oknobuild.com\/index.php\/produkt\/znackovy-sapho-modo-wc-misa-stojici-swirlflush-37x52cm-spodni-zadni-odpad-creta-dual-mat-981008-74579\/#primaryimage"},"image":{"@id":"https:\/\/www.oknobuild.com\/index.php\/produkt\/znackovy-sapho-modo-wc-misa-stojici-swirlflush-37x52cm-spodni-zadni-odpad-creta-dual-mat-981008-74579\/#primaryimage"},"thumbnailUrl":"https:\/\/www.oknobuild.com\/wp-content\/uploads\/2026\/SK0019516-CZ20260425-093631-0-1777080994-329765_sapho-modo-wc-misa-stojici--swirlflush--37x52cm--spo.webp","datePublished":"2026-04-27T04:43:57+00:00","breadcrumb":{"@id":"https:\/\/www.oknobuild.com\/index.php\/produkt\/znackovy-sapho-modo-wc-misa-stojici-swirlflush-37x52cm-spodni-zadni-odpad-creta-dual-mat-981008-74579\/#breadcrumb"},"inLanguage":"cs","potentialAction":[{"@type":"ReadAction","target":["https:\/\/www.oknobuild.com\/index.php\/produkt\/znackovy-sapho-modo-wc-misa-stojici-swirlflush-37x52cm-spodni-zadni-odpad-creta-dual-mat-981008-74579\/"]}]},{"@type":"ImageObject","inLanguage":"cs","@id":"https:\/\/www.oknobuild.com\/index.php\/produkt\/znackovy-sapho-modo-wc-misa-stojici-swirlflush-37x52cm-spodni-zadni-odpad-creta-dual-mat-981008-74579\/#primaryimage","url":"https:\/\/www.oknobuild.com\/wp-content\/uploads\/2026\/SK0019516-CZ20260425-093631-0-1777080994-329765_sapho-modo-wc-misa-stojici--swirlflush--37x52cm--spo.webp","contentUrl":"https:\/\/www.oknobuild.com\/wp-content\/uploads\/2026\/SK0019516-CZ20260425-093631-0-1777080994-329765_sapho-modo-wc-misa-stojici--swirlflush--37x52cm--spo.webp","width":1000,"height":750},{"@type":"BreadcrumbList","@id":"https:\/\/www.oknobuild.com\/index.php\/produkt\/znackovy-sapho-modo-wc-misa-stojici-swirlflush-37x52cm-spodni-zadni-odpad-creta-dual-mat-981008-74579\/#breadcrumb","itemListElement":[{"@type":"ListItem","position":1,"name":"Home","item":"https:\/\/www.oknobuild.com\/"},{"@type":"ListItem","position":2,"name":"Products","item":"https:\/\/www.oknobuild.com\/index.php\/products\/"},{"@type":"ListItem","position":3,"name":"Zna\u010dkov\u00fd Sapho MODO WC m\u00edsa stoj\u00edc\u00ed, Swirlflush, 37x52cm, spodn\u00ed\/zadn\u00ed odpad, creta dual-mat 981008"}]},{"@type":"WebSite","@id":"https:\/\/www.oknobuild.com\/#website","url":"https:\/\/www.oknobuild.com\/","name":"","description":"","potentialAction":[{"@type":"SearchAction","target":{"@type":"EntryPoint","urlTemplate":"https:\/\/www.oknobuild.com\/?s={search_term_string}"},"query-input":{"@type":"PropertyValueSpecification","valueRequired":true,"valueName":"search_term_string"}}],"inLanguage":"cs"}]}},"_links":{"self":[{"href":"https:\/\/www.oknobuild.com\/index.php\/wp-json\/wp\/v2\/product\/74579","targetHints":{"allow":["GET"]}}],"collection":[{"href":"https:\/\/www.oknobuild.com\/index.php\/wp-json\/wp\/v2\/product"}],"about":[{"href":"https:\/\/www.oknobuild.com\/index.php\/wp-json\/wp\/v2\/types\/product"}],"replies":[{"embeddable":true,"href":"https:\/\/www.oknobuild.com\/index.php\/wp-json\/wp\/v2\/comments?post=74579"}],"wp:featuredmedia":[{"embeddable":true,"href":"https:\/\/www.oknobuild.com\/index.php\/wp-json\/wp\/v2\/media\/74679"}],"wp:attachment":[{"href":"https:\/\/www.oknobuild.com\/index.php\/wp-json\/wp\/v2\/media?parent=74579"}],"wp:term":[{"taxonomy":"product_brand","embeddable":true,"href":"https:\/\/www.oknobuild.com\/index.php\/wp-json\/wp\/v2\/product_brand?post=74579"},{"taxonomy":"product_cat","embeddable":true,"href":"https:\/\/www.oknobuild.com\/index.php\/wp-json\/wp\/v2\/product_cat?post=74579"},{"taxonomy":"product_tag","embeddable":true,"href":"https:\/\/www.oknobuild.com\/index.php\/wp-json\/wp\/v2\/product_tag?post=74579"}],"curies":[{"name":"wp","href":"https:\/\/api.w.org\/{rel}","templated":true}]}}