{"id":74761,"date":"2026-04-27T04:43:58","date_gmt":"2026-04-27T04:43:58","guid":{"rendered":""},"modified":"2026-04-27T04:43:58","modified_gmt":"2026-04-27T04:43:58","slug":"znackovy-sapho-kerala-umyvadlova-skrinka-100x35x47-5cm-1x-zasuvka-siena-kr100-4242-74761","status":"publish","type":"product","link":"https:\/\/www.oknobuild.com\/index.php\/produkt\/znackovy-sapho-kerala-umyvadlova-skrinka-100x35x47-5cm-1x-zasuvka-siena-kr100-4242-74761\/","title":{"rendered":"Zna\u010dkov\u00fd Sapho KERALA umyvadlov\u00e1 sk\u0159\u00ed\u0148ka 100x35x47,5cm, 1x z\u00e1suvka, siena KR100-4242"},"content":{"rendered":"<div class=\"basic-description\">\n<h3>Detailn\u00ed popis produktu<\/h3>\n<ul>\n<li>V\u00fdsuv BLUM\u00ae s funkc\u00ed tlumen\u00ed BLUMOTION s do\u017eivotn\u00ed z\u00e1rukou<\/li>\n<\/ul>\n<p><\/p>\n<p style=\"text-align: justify;\">Lakovan\u00e1 s\u00e9rie n\u00e1bytku KERALA pro umyvadla na postaven\u00ed v&nbsp;modern\u00edch matn\u00fdch barv\u00e1ch se vyzna\u010duje&nbsp;v\u00fdrazn\u00fdm designov\u00fdm prvkem &#8211; zaoblen\u00fdmi boky a \u010delem z\u00e1suvky. Sk\u0159\u00ed\u0148ky jsou jednoz\u00e1suvkov\u00e9, bez\u00fachytkov\u00e9 a s&nbsp;plynul\u00fdm dov\u00edr\u00e1n\u00edm. V&nbsp;nab\u00eddce jsou 2 typy desek o tl.12 mm: b\u00edl\u00e1 matn\u00e1 Rockstone a \u010dern\u00e1 matn\u00e1 kompaktn\u00ed deska PREMIO z&nbsp;vysokotlak\u00e9ho lamin\u00e1tu. Umyvadlo na desku lze libovoln\u011b um\u00edstit po cel\u00e9 \u0161\u00ed\u0159ce sk\u0159\u00ed\u0148ky. Umyvadlov\u00e9 sk\u0159\u00ed\u0148ky nab\u00edz\u00edme v&nbsp;\u0161\u00ed\u0159k\u00e1ch 80, 100, 120 a 140 cm a lze je doplnit o vysokou dv\u00ed\u0159kovou sk\u0159\u00ed\u0148ku ve stejn\u00e9m obl\u00e9m designu.<\/p>\n<h2 class=\"props-title\">Vlastnosti<\/h2>\n<table>\n<tr>\n<th>Zna\u010dka<\/th>\n<td>SAPHO<\/td>\n<\/tr>\n<tr>\n<th>S\u00e9rie<\/th>\n<td>KERALA<\/td>\n<\/tr>\n<tr>\n<th>3D model<\/th>\n<td>ANO<\/td>\n<\/tr>\n<tr>\n<th>Rozm\u011br<\/th>\n<td>100x35x47,5 cm<\/td>\n<\/tr>\n<tr>\n<th>\u0160\u00ed\u0159ka<\/th>\n<td>1000&nbsp;mm<\/td>\n<\/tr>\n<tr>\n<th>V\u00fd\u0161ka<\/th>\n<td>350&nbsp;mm<\/td>\n<\/tr>\n<tr>\n<th>Hloubka<\/th>\n<td>475&nbsp;mm<\/td>\n<\/tr>\n<tr>\n<th>Barva<\/th>\n<td>Modr\u00e1<\/td>\n<\/tr>\n<tr>\n<th>Jin\u00e9 barevn\u00e9 proveden\u00ed<\/th>\n<td>Dle vzorn\u00edku<\/td>\n<\/tr>\n<tr>\n<th>Materi\u00e1l<\/th>\n<td>MDF\/lamino<\/td>\n<\/tr>\n<tr>\n<th>Instalace<\/th>\n<td>Z\u00e1v\u011bsn\u00e9 na st\u011bnu<\/td>\n<\/tr>\n<tr>\n<th>Typ sk\u0159\u00ed\u0148ky<\/th>\n<td>Z\u00e1suvky<\/td>\n<\/tr>\n<tr>\n<th>Typ umyvadla<\/th>\n<td>Umyvadlo na desku<\/td>\n<\/tr>\n<tr>\n<th>V\u00fdbava<\/th>\n<td>Tich\u00e9 a plynul\u00e9 zav\u00edr\u00e1n\u00ed<\/td>\n<\/tr>\n<tr>\n<th>Balen\u00ed neobsahuje<\/th>\n<td>Deska<\/td>\n<\/tr>\n<tr>\n<th>Hmotnost \/ ks<\/th>\n<td>29.3933&nbsp;kg<\/td>\n<\/tr>\n<tr>\n<th>EAN<\/th>\n<td>8590913995231<\/td>\n<\/tr>\n<tr>\n<th>Taric<\/th>\n<td>94036090<\/td>\n<\/tr>\n<tr>\n<th>Z\u00e1ruka<\/th>\n<td>2 roky<\/td>\n<\/tr>\n<\/table>\n<div class=\"product-explanation-item\">\n<h3>Lze vyrobit v tomto barevn\u00e9m proveden\u00ed:<\/h3>\n<\/p>\n<p>jak\u00e1koliv barva dle vzorn\u00edku RAL nebo NCS v leskl\u00e9m nebo matn\u00e9m proveden\u00ed<\/p>\n<p>Dodac\u00ed lh\u016fta je 6 t\u00fddn\u016f.<\/p>\n<\/div>\n<div class=\"product-explanation-item\">\n<h3>Tich\u00e9 a plynul\u00e9 zav\u00edr\u00e1n\u00ed<\/h3>\n<p style=\"text-align: justify;\">N\u00e1bytek je vybaven pojezdy z\u00e1suvek s pomal\u00fdm dojezdem a syst\u00e9mem automatick\u00e9ho dov\u0159en\u00ed z\u00e1suvek. Ji\u017e \u017e\u00e1dn\u00e9 hlu\u010dn\u00e9 dov\u00edr\u00e1n\u00ed.<\/p>\n<\/div>\n<p>   Upozorn\u011bn\u00ed pro z\u00e1kazn\u00edky ke koupi produkt\u016f na objedn\u00e1n\u00ed: Toto zbo\u017e\u00ed nen\u00ed standardn\u00edm s\u00e9riov\u00fdm v\u00fdrobkem. Bude vyrobeno na p\u0159\u00e1n\u00ed z\u00e1kazn\u00edka a proto jej nelze dodavateli v z\u00e1konn\u00e9 lh\u016ft\u011b vr\u00e1tit. (viz \u00a71837 odst.d, ob\u010dansk\u00e9ho z\u00e1kon\u00edku). V tomto p\u0159\u00edpad\u011b m\u016f\u017eeme po\u017eadovat nevratnou z\u00e1lohu a\u017e do v\u00fd\u0161e 100 % z ceny v\u00fdrobku.                            <\/p><\/div>\n","protected":false},"excerpt":{"rendered":"<p>Detailn\u00ed popis produktu V\u00fdsuv BLUM\u00ae s funkc\u00ed tlumen\u00ed BLUMOTION s do\u017eivotn\u00ed z\u00e1rukou Lakovan\u00e1 s\u00e9rie n\u00e1bytku KERALA pro umyvadla na postaven\u00ed v&nbsp;modern\u00edch matn\u00fdch barv\u00e1ch se vyzna\u010duje&nbsp;v\u00fdrazn\u00fdm designov\u00fdm prvkem &#8211; zaoblen\u00fdmi boky a \u010delem z\u00e1suvky. Sk\u0159\u00ed\u0148ky jsou jednoz\u00e1suvkov\u00e9, bez\u00fachytkov\u00e9 a s&nbsp;plynul\u00fdm dov\u00edr\u00e1n\u00edm. V&nbsp;nab\u00eddce jsou 2 typy desek o tl.12 mm: b\u00edl\u00e1 matn\u00e1 Rockstone a \u010dern\u00e1 matn\u00e1 kompaktn\u00ed [&hellip;]<\/p>\n","protected":false},"featured_media":74861,"comment_status":"open","ping_status":"open","template":"","meta":[],"product_brand":[],"product_cat":[78],"product_tag":[],"class_list":{"0":"post-74761","1":"product","2":"type-product","3":"status-publish","4":"has-post-thumbnail","6":"product_cat-koupelnovy-nabytek","8":"first","9":"instock","10":"sale","11":"shipping-taxable","12":"purchasable","13":"product-type-simple"},"yoast_head":"<!-- This site is optimized with the Yoast SEO plugin v26.8 - https:\/\/yoast.com\/product\/yoast-seo-wordpress\/ -->\n<title>Zna\u010dkov\u00fd Sapho KERALA umyvadlov\u00e1 sk\u0159\u00ed\u0148ka 100x35x47,5cm, 1x z\u00e1suvka, siena KR100-4242 -<\/title>\n<meta name=\"robots\" content=\"index, follow, max-snippet:-1, max-image-preview:large, max-video-preview:-1\" \/>\n<link rel=\"canonical\" href=\"https:\/\/www.oknobuild.com\/index.php\/produkt\/znackovy-sapho-kerala-umyvadlova-skrinka-100x35x47-5cm-1x-zasuvka-siena-kr100-4242-74761\/\" \/>\n<meta property=\"og:locale\" content=\"cs_CZ\" \/>\n<meta property=\"og:type\" content=\"article\" \/>\n<meta property=\"og:title\" content=\"Zna\u010dkov\u00fd Sapho KERALA umyvadlov\u00e1 sk\u0159\u00ed\u0148ka 100x35x47,5cm, 1x z\u00e1suvka, siena KR100-4242 -\" \/>\n<meta property=\"og:description\" content=\"Detailn\u00ed popis produktu V\u00fdsuv BLUM\u00ae s funkc\u00ed tlumen\u00ed BLUMOTION s do\u017eivotn\u00ed z\u00e1rukou Lakovan\u00e1 s\u00e9rie n\u00e1bytku KERALA pro umyvadla na postaven\u00ed v&nbsp;modern\u00edch matn\u00fdch barv\u00e1ch se vyzna\u010duje&nbsp;v\u00fdrazn\u00fdm designov\u00fdm prvkem &#8211; zaoblen\u00fdmi boky a \u010delem z\u00e1suvky. Sk\u0159\u00ed\u0148ky jsou jednoz\u00e1suvkov\u00e9, bez\u00fachytkov\u00e9 a s&nbsp;plynul\u00fdm dov\u00edr\u00e1n\u00edm. V&nbsp;nab\u00eddce jsou 2 typy desek o tl.12 mm: b\u00edl\u00e1 matn\u00e1 Rockstone a \u010dern\u00e1 matn\u00e1 kompaktn\u00ed [&hellip;]\" \/>\n<meta property=\"og:url\" content=\"https:\/\/www.oknobuild.com\/index.php\/produkt\/znackovy-sapho-kerala-umyvadlova-skrinka-100x35x47-5cm-1x-zasuvka-siena-kr100-4242-74761\/\" \/>\n<meta property=\"og:image\" content=\"https:\/\/www.oknobuild.com\/wp-content\/uploads\/2026\/SK0019614-CZ20260425-093631-0-1777080994-330059_kr100-4242-251118147865781.webp\" \/>\n\t<meta property=\"og:image:width\" content=\"1000\" \/>\n\t<meta property=\"og:image:height\" content=\"750\" \/>\n\t<meta property=\"og:image:type\" content=\"image\/webp\" \/>\n<meta name=\"twitter:card\" content=\"summary_large_image\" \/>\n<meta name=\"twitter:label1\" content=\"Odhadovan\u00e1 doba \u010dten\u00ed\" \/>\n\t<meta name=\"twitter:data1\" content=\"2 minuty\" \/>\n<script type=\"application\/ld+json\" class=\"yoast-schema-graph\">{\"@context\":\"https:\/\/schema.org\",\"@graph\":[{\"@type\":\"WebPage\",\"@id\":\"https:\/\/www.oknobuild.com\/index.php\/produkt\/znackovy-sapho-kerala-umyvadlova-skrinka-100x35x47-5cm-1x-zasuvka-siena-kr100-4242-74761\/\",\"url\":\"https:\/\/www.oknobuild.com\/index.php\/produkt\/znackovy-sapho-kerala-umyvadlova-skrinka-100x35x47-5cm-1x-zasuvka-siena-kr100-4242-74761\/\",\"name\":\"Zna\u010dkov\u00fd Sapho KERALA umyvadlov\u00e1 sk\u0159\u00ed\u0148ka 100x35x47,5cm, 1x z\u00e1suvka, siena KR100-4242 -\",\"isPartOf\":{\"@id\":\"https:\/\/www.oknobuild.com\/#website\"},\"primaryImageOfPage\":{\"@id\":\"https:\/\/www.oknobuild.com\/index.php\/produkt\/znackovy-sapho-kerala-umyvadlova-skrinka-100x35x47-5cm-1x-zasuvka-siena-kr100-4242-74761\/#primaryimage\"},\"image\":{\"@id\":\"https:\/\/www.oknobuild.com\/index.php\/produkt\/znackovy-sapho-kerala-umyvadlova-skrinka-100x35x47-5cm-1x-zasuvka-siena-kr100-4242-74761\/#primaryimage\"},\"thumbnailUrl\":\"https:\/\/www.oknobuild.com\/wp-content\/uploads\/2026\/SK0019614-CZ20260425-093631-0-1777080994-330059_kr100-4242-251118147865781.webp\",\"datePublished\":\"2026-04-27T04:43:58+00:00\",\"breadcrumb\":{\"@id\":\"https:\/\/www.oknobuild.com\/index.php\/produkt\/znackovy-sapho-kerala-umyvadlova-skrinka-100x35x47-5cm-1x-zasuvka-siena-kr100-4242-74761\/#breadcrumb\"},\"inLanguage\":\"cs\",\"potentialAction\":[{\"@type\":\"ReadAction\",\"target\":[\"https:\/\/www.oknobuild.com\/index.php\/produkt\/znackovy-sapho-kerala-umyvadlova-skrinka-100x35x47-5cm-1x-zasuvka-siena-kr100-4242-74761\/\"]}]},{\"@type\":\"ImageObject\",\"inLanguage\":\"cs\",\"@id\":\"https:\/\/www.oknobuild.com\/index.php\/produkt\/znackovy-sapho-kerala-umyvadlova-skrinka-100x35x47-5cm-1x-zasuvka-siena-kr100-4242-74761\/#primaryimage\",\"url\":\"https:\/\/www.oknobuild.com\/wp-content\/uploads\/2026\/SK0019614-CZ20260425-093631-0-1777080994-330059_kr100-4242-251118147865781.webp\",\"contentUrl\":\"https:\/\/www.oknobuild.com\/wp-content\/uploads\/2026\/SK0019614-CZ20260425-093631-0-1777080994-330059_kr100-4242-251118147865781.webp\",\"width\":1000,\"height\":750},{\"@type\":\"BreadcrumbList\",\"@id\":\"https:\/\/www.oknobuild.com\/index.php\/produkt\/znackovy-sapho-kerala-umyvadlova-skrinka-100x35x47-5cm-1x-zasuvka-siena-kr100-4242-74761\/#breadcrumb\",\"itemListElement\":[{\"@type\":\"ListItem\",\"position\":1,\"name\":\"Home\",\"item\":\"https:\/\/www.oknobuild.com\/\"},{\"@type\":\"ListItem\",\"position\":2,\"name\":\"Products\",\"item\":\"https:\/\/www.oknobuild.com\/index.php\/products\/\"},{\"@type\":\"ListItem\",\"position\":3,\"name\":\"Zna\u010dkov\u00fd Sapho KERALA umyvadlov\u00e1 sk\u0159\u00ed\u0148ka 100x35x47,5cm, 1x z\u00e1suvka, siena KR100-4242\"}]},{\"@type\":\"WebSite\",\"@id\":\"https:\/\/www.oknobuild.com\/#website\",\"url\":\"https:\/\/www.oknobuild.com\/\",\"name\":\"\",\"description\":\"\",\"potentialAction\":[{\"@type\":\"SearchAction\",\"target\":{\"@type\":\"EntryPoint\",\"urlTemplate\":\"https:\/\/www.oknobuild.com\/?s={search_term_string}\"},\"query-input\":{\"@type\":\"PropertyValueSpecification\",\"valueRequired\":true,\"valueName\":\"search_term_string\"}}],\"inLanguage\":\"cs\"}]}<\/script>\n<!-- \/ Yoast SEO plugin. -->","yoast_head_json":{"title":"Zna\u010dkov\u00fd Sapho KERALA umyvadlov\u00e1 sk\u0159\u00ed\u0148ka 100x35x47,5cm, 1x z\u00e1suvka, siena KR100-4242 -","robots":{"index":"index","follow":"follow","max-snippet":"max-snippet:-1","max-image-preview":"max-image-preview:large","max-video-preview":"max-video-preview:-1"},"canonical":"https:\/\/www.oknobuild.com\/index.php\/produkt\/znackovy-sapho-kerala-umyvadlova-skrinka-100x35x47-5cm-1x-zasuvka-siena-kr100-4242-74761\/","og_locale":"cs_CZ","og_type":"article","og_title":"Zna\u010dkov\u00fd Sapho KERALA umyvadlov\u00e1 sk\u0159\u00ed\u0148ka 100x35x47,5cm, 1x z\u00e1suvka, siena KR100-4242 -","og_description":"Detailn\u00ed popis produktu V\u00fdsuv BLUM\u00ae s funkc\u00ed tlumen\u00ed BLUMOTION s do\u017eivotn\u00ed z\u00e1rukou Lakovan\u00e1 s\u00e9rie n\u00e1bytku KERALA pro umyvadla na postaven\u00ed v&nbsp;modern\u00edch matn\u00fdch barv\u00e1ch se vyzna\u010duje&nbsp;v\u00fdrazn\u00fdm designov\u00fdm prvkem &#8211; zaoblen\u00fdmi boky a \u010delem z\u00e1suvky. Sk\u0159\u00ed\u0148ky jsou jednoz\u00e1suvkov\u00e9, bez\u00fachytkov\u00e9 a s&nbsp;plynul\u00fdm dov\u00edr\u00e1n\u00edm. V&nbsp;nab\u00eddce jsou 2 typy desek o tl.12 mm: b\u00edl\u00e1 matn\u00e1 Rockstone a \u010dern\u00e1 matn\u00e1 kompaktn\u00ed [&hellip;]","og_url":"https:\/\/www.oknobuild.com\/index.php\/produkt\/znackovy-sapho-kerala-umyvadlova-skrinka-100x35x47-5cm-1x-zasuvka-siena-kr100-4242-74761\/","og_image":[{"width":1000,"height":750,"url":"https:\/\/www.oknobuild.com\/wp-content\/uploads\/2026\/SK0019614-CZ20260425-093631-0-1777080994-330059_kr100-4242-251118147865781.webp","type":"image\/webp"}],"twitter_card":"summary_large_image","twitter_misc":{"Odhadovan\u00e1 doba \u010dten\u00ed":"2 minuty"},"schema":{"@context":"https:\/\/schema.org","@graph":[{"@type":"WebPage","@id":"https:\/\/www.oknobuild.com\/index.php\/produkt\/znackovy-sapho-kerala-umyvadlova-skrinka-100x35x47-5cm-1x-zasuvka-siena-kr100-4242-74761\/","url":"https:\/\/www.oknobuild.com\/index.php\/produkt\/znackovy-sapho-kerala-umyvadlova-skrinka-100x35x47-5cm-1x-zasuvka-siena-kr100-4242-74761\/","name":"Zna\u010dkov\u00fd Sapho KERALA umyvadlov\u00e1 sk\u0159\u00ed\u0148ka 100x35x47,5cm, 1x z\u00e1suvka, siena KR100-4242 -","isPartOf":{"@id":"https:\/\/www.oknobuild.com\/#website"},"primaryImageOfPage":{"@id":"https:\/\/www.oknobuild.com\/index.php\/produkt\/znackovy-sapho-kerala-umyvadlova-skrinka-100x35x47-5cm-1x-zasuvka-siena-kr100-4242-74761\/#primaryimage"},"image":{"@id":"https:\/\/www.oknobuild.com\/index.php\/produkt\/znackovy-sapho-kerala-umyvadlova-skrinka-100x35x47-5cm-1x-zasuvka-siena-kr100-4242-74761\/#primaryimage"},"thumbnailUrl":"https:\/\/www.oknobuild.com\/wp-content\/uploads\/2026\/SK0019614-CZ20260425-093631-0-1777080994-330059_kr100-4242-251118147865781.webp","datePublished":"2026-04-27T04:43:58+00:00","breadcrumb":{"@id":"https:\/\/www.oknobuild.com\/index.php\/produkt\/znackovy-sapho-kerala-umyvadlova-skrinka-100x35x47-5cm-1x-zasuvka-siena-kr100-4242-74761\/#breadcrumb"},"inLanguage":"cs","potentialAction":[{"@type":"ReadAction","target":["https:\/\/www.oknobuild.com\/index.php\/produkt\/znackovy-sapho-kerala-umyvadlova-skrinka-100x35x47-5cm-1x-zasuvka-siena-kr100-4242-74761\/"]}]},{"@type":"ImageObject","inLanguage":"cs","@id":"https:\/\/www.oknobuild.com\/index.php\/produkt\/znackovy-sapho-kerala-umyvadlova-skrinka-100x35x47-5cm-1x-zasuvka-siena-kr100-4242-74761\/#primaryimage","url":"https:\/\/www.oknobuild.com\/wp-content\/uploads\/2026\/SK0019614-CZ20260425-093631-0-1777080994-330059_kr100-4242-251118147865781.webp","contentUrl":"https:\/\/www.oknobuild.com\/wp-content\/uploads\/2026\/SK0019614-CZ20260425-093631-0-1777080994-330059_kr100-4242-251118147865781.webp","width":1000,"height":750},{"@type":"BreadcrumbList","@id":"https:\/\/www.oknobuild.com\/index.php\/produkt\/znackovy-sapho-kerala-umyvadlova-skrinka-100x35x47-5cm-1x-zasuvka-siena-kr100-4242-74761\/#breadcrumb","itemListElement":[{"@type":"ListItem","position":1,"name":"Home","item":"https:\/\/www.oknobuild.com\/"},{"@type":"ListItem","position":2,"name":"Products","item":"https:\/\/www.oknobuild.com\/index.php\/products\/"},{"@type":"ListItem","position":3,"name":"Zna\u010dkov\u00fd Sapho KERALA umyvadlov\u00e1 sk\u0159\u00ed\u0148ka 100x35x47,5cm, 1x z\u00e1suvka, siena KR100-4242"}]},{"@type":"WebSite","@id":"https:\/\/www.oknobuild.com\/#website","url":"https:\/\/www.oknobuild.com\/","name":"","description":"","potentialAction":[{"@type":"SearchAction","target":{"@type":"EntryPoint","urlTemplate":"https:\/\/www.oknobuild.com\/?s={search_term_string}"},"query-input":{"@type":"PropertyValueSpecification","valueRequired":true,"valueName":"search_term_string"}}],"inLanguage":"cs"}]}},"_links":{"self":[{"href":"https:\/\/www.oknobuild.com\/index.php\/wp-json\/wp\/v2\/product\/74761","targetHints":{"allow":["GET"]}}],"collection":[{"href":"https:\/\/www.oknobuild.com\/index.php\/wp-json\/wp\/v2\/product"}],"about":[{"href":"https:\/\/www.oknobuild.com\/index.php\/wp-json\/wp\/v2\/types\/product"}],"replies":[{"embeddable":true,"href":"https:\/\/www.oknobuild.com\/index.php\/wp-json\/wp\/v2\/comments?post=74761"}],"wp:featuredmedia":[{"embeddable":true,"href":"https:\/\/www.oknobuild.com\/index.php\/wp-json\/wp\/v2\/media\/74861"}],"wp:attachment":[{"href":"https:\/\/www.oknobuild.com\/index.php\/wp-json\/wp\/v2\/media?parent=74761"}],"wp:term":[{"taxonomy":"product_brand","embeddable":true,"href":"https:\/\/www.oknobuild.com\/index.php\/wp-json\/wp\/v2\/product_brand?post=74761"},{"taxonomy":"product_cat","embeddable":true,"href":"https:\/\/www.oknobuild.com\/index.php\/wp-json\/wp\/v2\/product_cat?post=74761"},{"taxonomy":"product_tag","embeddable":true,"href":"https:\/\/www.oknobuild.com\/index.php\/wp-json\/wp\/v2\/product_tag?post=74761"}],"curies":[{"name":"wp","href":"https:\/\/api.w.org\/{rel}","templated":true}]}}