{"id":74958,"date":"2026-04-27T04:43:59","date_gmt":"2026-04-27T04:43:59","guid":{"rendered":""},"modified":"2026-04-27T04:43:59","modified_gmt":"2026-04-27T04:43:59","slug":"znackovy-sapho-minimal-umyvadlova-vypust-5-4-click-clack-velka-krytka-nerez-mat-mi059-74958","status":"publish","type":"product","link":"https:\/\/www.oknobuild.com\/index.php\/produkt\/znackovy-sapho-minimal-umyvadlova-vypust-5-4-click-clack-velka-krytka-nerez-mat-mi059-74958\/","title":{"rendered":"Zna\u010dkov\u00fd Sapho MINIMAL umyvadlov\u00e1 v\u00fdpust 5\/4\u201c, click-clack, velk\u00e1 krytka, nerez mat MI059"},"content":{"rendered":"<div class=\"basic-description\">\n<h3>Detailn\u00ed popis produktu<\/h3>\n<p><\/p>\n<p style=\"text-align: justify;\">Vysok\u00e1 kvalita pou\u017eit\u00e9ho materi\u00e1lu v designu p\u0159edur\u010den\u00e9m pro u\u017eit\u00ed v industri\u00e1ln\u011b lad\u011bn\u00e9 koupeln\u011b &#8211; to je charakteristika s\u00e9rie MINIMAL. Nerez ocel je ji\u017e na pohled luxusn\u011b a u\u0161lechtile p\u016fsob\u00edc\u00ed materi\u00e1l pro dokonalou koupelnu. V&nbsp;tomto proveden\u00ed nen\u00ed nic nemo\u017en\u00e9, a proto m\u016f\u017eete vzhled koupelny vyzdvihnout v minimalistick\u00e9m, a p\u0159esto u\u0161lechtil\u00e9m, stylu. V na\u0161\u00ed nab\u00eddce naleznete v\u0161echny dopl\u0148ky, sprchov\u00e9 panely, otopn\u00e1 t\u011blesa, odtokov\u00e9 kan\u00e1lky a dokonce i&nbsp;sifon, kter\u00e9 s\u00e9rii MINIMAL p\u0159i za\u0159izov\u00e1n\u00ed koupelny dokonale dopln\u00ed.<\/p>\n<p style=\"text-align: justify;\"><strong>D\u016fvody, pro\u010d d\u00e1t p\u0159ednost bateri\u00edm z&nbsp;nerezov\u00e9 oceli<br \/><\/strong>Nerezov\u00e1 ocel je hygienick\u00e1:&nbsp;Povrch nerezov\u00e9 oceli znesnad\u0148uje usazov\u00e1n\u00ed bakteri\u00ed.<br \/>Nerezov\u00e1 ocel je vzhledov\u011b p\u0159\u00edjemn\u00e1. Pro sv\u016fj vzhled je tak\u00e9 obl\u00edbenou volbou architekt\u016f a interi\u00e9rov\u00fdch design\u00e9r\u016f.<br \/>Nerezov\u00e1 ocel je materi\u00e1l s&nbsp;dlouhou \u017eivotnost\u00ed, kter\u00fd lze pln\u011b recyklovat.<br \/>Nerezov\u00e1 ocel se snadno \u010dist\u00ed:&nbsp;Pro odstran\u011bn\u00ed ne\u010distot a otisk\u016f prst\u016f pot\u0159ebujete pouze m\u00fddlovou vodu.<\/p>\n<h2 class=\"props-title\">Vlastnosti<\/h2>\n<table>\n<tr>\n<th>Zna\u010dka<\/th>\n<td>SAPHO<\/td>\n<\/tr>\n<tr>\n<th>S\u00e9rie<\/th>\n<td>MINIMAL<\/td>\n<\/tr>\n<tr>\n<th>Barva<\/th>\n<td>Nerez<\/td>\n<\/tr>\n<tr>\n<th>Materi\u00e1l<\/th>\n<td>Nerez<\/td>\n<\/tr>\n<tr>\n<th>Velikost z\u00e1vitu<\/th>\n<td>5\/4&#8243;<\/td>\n<\/tr>\n<tr>\n<th>Tlou\u0161\u0165ka umyvadla<\/th>\n<td>3-67&nbsp;mm<\/td>\n<\/tr>\n<tr>\n<th>V\u00fdbava<\/th>\n<td>Uzav\u00edrateln\u00e1 s p\u0159epadem, Uzav\u00edrateln\u00e1 bez p\u0159epadu, Neuzav\u00edrateln\u00e1 s p\u0159epadem, Neuzav\u00edrateln\u00e1 bez p\u0159epadu<\/td>\n<\/tr>\n<tr>\n<th>Hmotnost \/ ks<\/th>\n<td>0.2970&nbsp;kg<\/td>\n<\/tr>\n<tr>\n<th>Balen\u00ed<\/th>\n<td>1&nbsp;ks<\/td>\n<\/tr>\n<tr>\n<th>EAN<\/th>\n<td>8590913113666<\/td>\n<\/tr>\n<tr>\n<th>Taric<\/th>\n<td>73249000<\/td>\n<\/tr>\n<tr>\n<th>Z\u00e1ruka<\/th>\n<td>2 roky<\/td>\n<\/tr>\n<\/table>\n<div class=\"product-explanation-item\">\n<h3>Click Clack uzav\u00edrateln\u00e1 v\u00fdpust<\/h3>\n<p style=\"text-align: justify;\">Jedn\u00e1 se o modern\u00ed variantu mechanismu uzav\u00edr\u00e1n\u00ed v\u00fdpust\u00ed do umyvadel a van. Ji\u017e nemus\u00edte p\u0159em\u00fd\u0161let, kam odlo\u017eit gumovou z\u00e1tku, nebude p\u0159ek\u00e1\u017eet \u0159et\u00edzek, odpadne nepohodln\u00e9 ovl\u00e1d\u00e1n\u00ed z\u00e1tky pomoc\u00ed t\u00e1hla u baterie. Syst\u00e9m Click Clack je ovl\u00e1d\u00e1n pouh\u00fdm stla\u010den\u00edm z\u00e1tky.<\/p>\n<\/div><\/div>\n","protected":false},"excerpt":{"rendered":"<p>Detailn\u00ed popis produktu Vysok\u00e1 kvalita pou\u017eit\u00e9ho materi\u00e1lu v designu p\u0159edur\u010den\u00e9m pro u\u017eit\u00ed v industri\u00e1ln\u011b lad\u011bn\u00e9 koupeln\u011b &#8211; to je charakteristika s\u00e9rie MINIMAL. Nerez ocel je ji\u017e na pohled luxusn\u011b a u\u0161lechtile p\u016fsob\u00edc\u00ed materi\u00e1l pro dokonalou koupelnu. V&nbsp;tomto proveden\u00ed nen\u00ed nic nemo\u017en\u00e9, a proto m\u016f\u017eete vzhled koupelny vyzdvihnout v minimalistick\u00e9m, a p\u0159esto u\u0161lechtil\u00e9m, stylu. V na\u0161\u00ed [&hellip;]<\/p>\n","protected":false},"featured_media":75058,"comment_status":"open","ping_status":"open","template":"","meta":[],"product_brand":[],"product_cat":[75],"product_tag":[],"class_list":{"0":"post-74958","1":"product","2":"type-product","3":"status-publish","4":"has-post-thumbnail","6":"product_cat-koupelnove-vybaveni","8":"first","9":"instock","10":"sale","11":"shipping-taxable","12":"purchasable","13":"product-type-simple"},"yoast_head":"<!-- This site is optimized with the Yoast SEO plugin v26.8 - https:\/\/yoast.com\/product\/yoast-seo-wordpress\/ -->\n<title>Zna\u010dkov\u00fd Sapho MINIMAL umyvadlov\u00e1 v\u00fdpust 5\/4\u201c, click-clack, velk\u00e1 krytka, nerez mat MI059 -<\/title>\n<meta name=\"robots\" content=\"index, follow, max-snippet:-1, max-image-preview:large, max-video-preview:-1\" \/>\n<link rel=\"canonical\" href=\"https:\/\/www.oknobuild.com\/index.php\/produkt\/znackovy-sapho-minimal-umyvadlova-vypust-5-4-click-clack-velka-krytka-nerez-mat-mi059-74958\/\" \/>\n<meta property=\"og:locale\" content=\"cs_CZ\" \/>\n<meta property=\"og:type\" content=\"article\" \/>\n<meta property=\"og:title\" content=\"Zna\u010dkov\u00fd Sapho MINIMAL umyvadlov\u00e1 v\u00fdpust 5\/4\u201c, click-clack, velk\u00e1 krytka, nerez mat MI059 -\" \/>\n<meta property=\"og:description\" content=\"Detailn\u00ed popis produktu Vysok\u00e1 kvalita pou\u017eit\u00e9ho materi\u00e1lu v designu p\u0159edur\u010den\u00e9m pro u\u017eit\u00ed v industri\u00e1ln\u011b lad\u011bn\u00e9 koupeln\u011b &#8211; to je charakteristika s\u00e9rie MINIMAL. Nerez ocel je ji\u017e na pohled luxusn\u011b a u\u0161lechtile p\u016fsob\u00edc\u00ed materi\u00e1l pro dokonalou koupelnu. V&nbsp;tomto proveden\u00ed nen\u00ed nic nemo\u017en\u00e9, a proto m\u016f\u017eete vzhled koupelny vyzdvihnout v minimalistick\u00e9m, a p\u0159esto u\u0161lechtil\u00e9m, stylu. V na\u0161\u00ed [&hellip;]\" \/>\n<meta property=\"og:url\" content=\"https:\/\/www.oknobuild.com\/index.php\/produkt\/znackovy-sapho-minimal-umyvadlova-vypust-5-4-click-clack-velka-krytka-nerez-mat-mi059-74958\/\" \/>\n<meta property=\"og:image\" content=\"https:\/\/www.oknobuild.com\/wp-content\/uploads\/2026\/SK0019722-CZ20260425-093631-0-1777080994-330416_mi059-252024385962629.webp\" \/>\n\t<meta property=\"og:image:width\" content=\"1000\" \/>\n\t<meta property=\"og:image:height\" content=\"750\" \/>\n\t<meta property=\"og:image:type\" content=\"image\/webp\" \/>\n<meta name=\"twitter:card\" content=\"summary_large_image\" \/>\n<meta name=\"twitter:label1\" content=\"Odhadovan\u00e1 doba \u010dten\u00ed\" \/>\n\t<meta name=\"twitter:data1\" content=\"1 minuta\" \/>\n<script type=\"application\/ld+json\" class=\"yoast-schema-graph\">{\"@context\":\"https:\/\/schema.org\",\"@graph\":[{\"@type\":\"WebPage\",\"@id\":\"https:\/\/www.oknobuild.com\/index.php\/produkt\/znackovy-sapho-minimal-umyvadlova-vypust-5-4-click-clack-velka-krytka-nerez-mat-mi059-74958\/\",\"url\":\"https:\/\/www.oknobuild.com\/index.php\/produkt\/znackovy-sapho-minimal-umyvadlova-vypust-5-4-click-clack-velka-krytka-nerez-mat-mi059-74958\/\",\"name\":\"Zna\u010dkov\u00fd Sapho MINIMAL umyvadlov\u00e1 v\u00fdpust 5\/4\u201c, click-clack, velk\u00e1 krytka, nerez mat MI059 -\",\"isPartOf\":{\"@id\":\"https:\/\/www.oknobuild.com\/#website\"},\"primaryImageOfPage\":{\"@id\":\"https:\/\/www.oknobuild.com\/index.php\/produkt\/znackovy-sapho-minimal-umyvadlova-vypust-5-4-click-clack-velka-krytka-nerez-mat-mi059-74958\/#primaryimage\"},\"image\":{\"@id\":\"https:\/\/www.oknobuild.com\/index.php\/produkt\/znackovy-sapho-minimal-umyvadlova-vypust-5-4-click-clack-velka-krytka-nerez-mat-mi059-74958\/#primaryimage\"},\"thumbnailUrl\":\"https:\/\/www.oknobuild.com\/wp-content\/uploads\/2026\/SK0019722-CZ20260425-093631-0-1777080994-330416_mi059-252024385962629.webp\",\"datePublished\":\"2026-04-27T04:43:59+00:00\",\"breadcrumb\":{\"@id\":\"https:\/\/www.oknobuild.com\/index.php\/produkt\/znackovy-sapho-minimal-umyvadlova-vypust-5-4-click-clack-velka-krytka-nerez-mat-mi059-74958\/#breadcrumb\"},\"inLanguage\":\"cs\",\"potentialAction\":[{\"@type\":\"ReadAction\",\"target\":[\"https:\/\/www.oknobuild.com\/index.php\/produkt\/znackovy-sapho-minimal-umyvadlova-vypust-5-4-click-clack-velka-krytka-nerez-mat-mi059-74958\/\"]}]},{\"@type\":\"ImageObject\",\"inLanguage\":\"cs\",\"@id\":\"https:\/\/www.oknobuild.com\/index.php\/produkt\/znackovy-sapho-minimal-umyvadlova-vypust-5-4-click-clack-velka-krytka-nerez-mat-mi059-74958\/#primaryimage\",\"url\":\"https:\/\/www.oknobuild.com\/wp-content\/uploads\/2026\/SK0019722-CZ20260425-093631-0-1777080994-330416_mi059-252024385962629.webp\",\"contentUrl\":\"https:\/\/www.oknobuild.com\/wp-content\/uploads\/2026\/SK0019722-CZ20260425-093631-0-1777080994-330416_mi059-252024385962629.webp\",\"width\":1000,\"height\":750},{\"@type\":\"BreadcrumbList\",\"@id\":\"https:\/\/www.oknobuild.com\/index.php\/produkt\/znackovy-sapho-minimal-umyvadlova-vypust-5-4-click-clack-velka-krytka-nerez-mat-mi059-74958\/#breadcrumb\",\"itemListElement\":[{\"@type\":\"ListItem\",\"position\":1,\"name\":\"Home\",\"item\":\"https:\/\/www.oknobuild.com\/\"},{\"@type\":\"ListItem\",\"position\":2,\"name\":\"Products\",\"item\":\"https:\/\/www.oknobuild.com\/index.php\/products\/\"},{\"@type\":\"ListItem\",\"position\":3,\"name\":\"Zna\u010dkov\u00fd Sapho MINIMAL umyvadlov\u00e1 v\u00fdpust 5\/4\u201c, click-clack, velk\u00e1 krytka, nerez mat MI059\"}]},{\"@type\":\"WebSite\",\"@id\":\"https:\/\/www.oknobuild.com\/#website\",\"url\":\"https:\/\/www.oknobuild.com\/\",\"name\":\"\",\"description\":\"\",\"potentialAction\":[{\"@type\":\"SearchAction\",\"target\":{\"@type\":\"EntryPoint\",\"urlTemplate\":\"https:\/\/www.oknobuild.com\/?s={search_term_string}\"},\"query-input\":{\"@type\":\"PropertyValueSpecification\",\"valueRequired\":true,\"valueName\":\"search_term_string\"}}],\"inLanguage\":\"cs\"}]}<\/script>\n<!-- \/ Yoast SEO plugin. -->","yoast_head_json":{"title":"Zna\u010dkov\u00fd Sapho MINIMAL umyvadlov\u00e1 v\u00fdpust 5\/4\u201c, click-clack, velk\u00e1 krytka, nerez mat MI059 -","robots":{"index":"index","follow":"follow","max-snippet":"max-snippet:-1","max-image-preview":"max-image-preview:large","max-video-preview":"max-video-preview:-1"},"canonical":"https:\/\/www.oknobuild.com\/index.php\/produkt\/znackovy-sapho-minimal-umyvadlova-vypust-5-4-click-clack-velka-krytka-nerez-mat-mi059-74958\/","og_locale":"cs_CZ","og_type":"article","og_title":"Zna\u010dkov\u00fd Sapho MINIMAL umyvadlov\u00e1 v\u00fdpust 5\/4\u201c, click-clack, velk\u00e1 krytka, nerez mat MI059 -","og_description":"Detailn\u00ed popis produktu Vysok\u00e1 kvalita pou\u017eit\u00e9ho materi\u00e1lu v designu p\u0159edur\u010den\u00e9m pro u\u017eit\u00ed v industri\u00e1ln\u011b lad\u011bn\u00e9 koupeln\u011b &#8211; to je charakteristika s\u00e9rie MINIMAL. Nerez ocel je ji\u017e na pohled luxusn\u011b a u\u0161lechtile p\u016fsob\u00edc\u00ed materi\u00e1l pro dokonalou koupelnu. V&nbsp;tomto proveden\u00ed nen\u00ed nic nemo\u017en\u00e9, a proto m\u016f\u017eete vzhled koupelny vyzdvihnout v minimalistick\u00e9m, a p\u0159esto u\u0161lechtil\u00e9m, stylu. V na\u0161\u00ed [&hellip;]","og_url":"https:\/\/www.oknobuild.com\/index.php\/produkt\/znackovy-sapho-minimal-umyvadlova-vypust-5-4-click-clack-velka-krytka-nerez-mat-mi059-74958\/","og_image":[{"width":1000,"height":750,"url":"https:\/\/www.oknobuild.com\/wp-content\/uploads\/2026\/SK0019722-CZ20260425-093631-0-1777080994-330416_mi059-252024385962629.webp","type":"image\/webp"}],"twitter_card":"summary_large_image","twitter_misc":{"Odhadovan\u00e1 doba \u010dten\u00ed":"1 minuta"},"schema":{"@context":"https:\/\/schema.org","@graph":[{"@type":"WebPage","@id":"https:\/\/www.oknobuild.com\/index.php\/produkt\/znackovy-sapho-minimal-umyvadlova-vypust-5-4-click-clack-velka-krytka-nerez-mat-mi059-74958\/","url":"https:\/\/www.oknobuild.com\/index.php\/produkt\/znackovy-sapho-minimal-umyvadlova-vypust-5-4-click-clack-velka-krytka-nerez-mat-mi059-74958\/","name":"Zna\u010dkov\u00fd Sapho MINIMAL umyvadlov\u00e1 v\u00fdpust 5\/4\u201c, click-clack, velk\u00e1 krytka, nerez mat MI059 -","isPartOf":{"@id":"https:\/\/www.oknobuild.com\/#website"},"primaryImageOfPage":{"@id":"https:\/\/www.oknobuild.com\/index.php\/produkt\/znackovy-sapho-minimal-umyvadlova-vypust-5-4-click-clack-velka-krytka-nerez-mat-mi059-74958\/#primaryimage"},"image":{"@id":"https:\/\/www.oknobuild.com\/index.php\/produkt\/znackovy-sapho-minimal-umyvadlova-vypust-5-4-click-clack-velka-krytka-nerez-mat-mi059-74958\/#primaryimage"},"thumbnailUrl":"https:\/\/www.oknobuild.com\/wp-content\/uploads\/2026\/SK0019722-CZ20260425-093631-0-1777080994-330416_mi059-252024385962629.webp","datePublished":"2026-04-27T04:43:59+00:00","breadcrumb":{"@id":"https:\/\/www.oknobuild.com\/index.php\/produkt\/znackovy-sapho-minimal-umyvadlova-vypust-5-4-click-clack-velka-krytka-nerez-mat-mi059-74958\/#breadcrumb"},"inLanguage":"cs","potentialAction":[{"@type":"ReadAction","target":["https:\/\/www.oknobuild.com\/index.php\/produkt\/znackovy-sapho-minimal-umyvadlova-vypust-5-4-click-clack-velka-krytka-nerez-mat-mi059-74958\/"]}]},{"@type":"ImageObject","inLanguage":"cs","@id":"https:\/\/www.oknobuild.com\/index.php\/produkt\/znackovy-sapho-minimal-umyvadlova-vypust-5-4-click-clack-velka-krytka-nerez-mat-mi059-74958\/#primaryimage","url":"https:\/\/www.oknobuild.com\/wp-content\/uploads\/2026\/SK0019722-CZ20260425-093631-0-1777080994-330416_mi059-252024385962629.webp","contentUrl":"https:\/\/www.oknobuild.com\/wp-content\/uploads\/2026\/SK0019722-CZ20260425-093631-0-1777080994-330416_mi059-252024385962629.webp","width":1000,"height":750},{"@type":"BreadcrumbList","@id":"https:\/\/www.oknobuild.com\/index.php\/produkt\/znackovy-sapho-minimal-umyvadlova-vypust-5-4-click-clack-velka-krytka-nerez-mat-mi059-74958\/#breadcrumb","itemListElement":[{"@type":"ListItem","position":1,"name":"Home","item":"https:\/\/www.oknobuild.com\/"},{"@type":"ListItem","position":2,"name":"Products","item":"https:\/\/www.oknobuild.com\/index.php\/products\/"},{"@type":"ListItem","position":3,"name":"Zna\u010dkov\u00fd Sapho MINIMAL umyvadlov\u00e1 v\u00fdpust 5\/4\u201c, click-clack, velk\u00e1 krytka, nerez mat MI059"}]},{"@type":"WebSite","@id":"https:\/\/www.oknobuild.com\/#website","url":"https:\/\/www.oknobuild.com\/","name":"","description":"","potentialAction":[{"@type":"SearchAction","target":{"@type":"EntryPoint","urlTemplate":"https:\/\/www.oknobuild.com\/?s={search_term_string}"},"query-input":{"@type":"PropertyValueSpecification","valueRequired":true,"valueName":"search_term_string"}}],"inLanguage":"cs"}]}},"_links":{"self":[{"href":"https:\/\/www.oknobuild.com\/index.php\/wp-json\/wp\/v2\/product\/74958","targetHints":{"allow":["GET"]}}],"collection":[{"href":"https:\/\/www.oknobuild.com\/index.php\/wp-json\/wp\/v2\/product"}],"about":[{"href":"https:\/\/www.oknobuild.com\/index.php\/wp-json\/wp\/v2\/types\/product"}],"replies":[{"embeddable":true,"href":"https:\/\/www.oknobuild.com\/index.php\/wp-json\/wp\/v2\/comments?post=74958"}],"wp:featuredmedia":[{"embeddable":true,"href":"https:\/\/www.oknobuild.com\/index.php\/wp-json\/wp\/v2\/media\/75058"}],"wp:attachment":[{"href":"https:\/\/www.oknobuild.com\/index.php\/wp-json\/wp\/v2\/media?parent=74958"}],"wp:term":[{"taxonomy":"product_brand","embeddable":true,"href":"https:\/\/www.oknobuild.com\/index.php\/wp-json\/wp\/v2\/product_brand?post=74958"},{"taxonomy":"product_cat","embeddable":true,"href":"https:\/\/www.oknobuild.com\/index.php\/wp-json\/wp\/v2\/product_cat?post=74958"},{"taxonomy":"product_tag","embeddable":true,"href":"https:\/\/www.oknobuild.com\/index.php\/wp-json\/wp\/v2\/product_tag?post=74958"}],"curies":[{"name":"wp","href":"https:\/\/api.w.org\/{rel}","templated":true}]}}