{"id":74961,"date":"2026-04-27T04:43:59","date_gmt":"2026-04-27T04:43:59","guid":{"rendered":""},"modified":"2026-04-27T04:43:59","modified_gmt":"2026-04-27T04:43:59","slug":"akce-sapho-umyvadlova-vypust-5-4-neuzaviratelna-velka-zatka-5-65mm-cerna-mat-cv3004b-74961","status":"publish","type":"product","link":"https:\/\/www.oknobuild.com\/index.php\/produkt\/akce-sapho-umyvadlova-vypust-5-4-neuzaviratelna-velka-zatka-5-65mm-cerna-mat-cv3004b-74961\/","title":{"rendered":"Akce Sapho Umyvadlov\u00e1 v\u00fdpust 5\/4\u201c, neuzav\u00edrateln\u00e1, velk\u00e1 z\u00e1tka, 5-65mm, \u010dern\u00e1 mat CV3004B"},"content":{"rendered":"<div class=\"basic-description\">\n<h3>Detailn\u00ed popis produktu<\/h3>\n<p><\/p>\n<h2 class=\"props-title\">Vlastnosti<\/h2>\n<table>\n<tr>\n<th>Zna\u010dka<\/th>\n<td>SAPHO<\/td>\n<\/tr>\n<tr>\n<th>Barva<\/th>\n<td>\u010cern\u00e1<\/td>\n<\/tr>\n<tr>\n<th>Materi\u00e1l<\/th>\n<td>Mosaz<\/td>\n<\/tr>\n<tr>\n<th>Velikost z\u00e1vitu<\/th>\n<td>5\/4&#8243;<\/td>\n<\/tr>\n<tr>\n<th>Tlou\u0161\u0165ka umyvadla<\/th>\n<td>5-65&nbsp;mm<\/td>\n<\/tr>\n<tr>\n<th>V\u00fdbava<\/th>\n<td>Neuzav\u00edrateln\u00e1 s p\u0159epadem, Neuzav\u00edrateln\u00e1 bez p\u0159epadu, PVD<\/td>\n<\/tr>\n<tr>\n<th>Hmotnost \/ ks<\/th>\n<td>0.2850&nbsp;kg<\/td>\n<\/tr>\n<tr>\n<th>Balen\u00ed<\/th>\n<td>1&nbsp;ks<\/td>\n<\/tr>\n<tr>\n<th>EAN<\/th>\n<td>8590913974991<\/td>\n<\/tr>\n<tr>\n<th>Taric<\/th>\n<td>74182000<\/td>\n<\/tr>\n<tr>\n<th>Z\u00e1ruka<\/th>\n<td>2 roky<\/td>\n<\/tr>\n<\/table>\n<div class=\"product-explanation-item\">\n<h3>PVD povrchov\u00e1 \u00faprava<\/h3>\n<p style=\"text-align: justify;\">Technologie nan\u00e1\u0161en\u00ed tenk\u00fdch vrstev napa\u0159ov\u00e1n\u00edm ve vakuov\u00e9 komo\u0159e. Nan\u00e1\u0161en\u00fd materi\u00e1l se spojuje s podkladem na molekul\u00e1rn\u00ed b\u00e1zi. D\u00edky tomu se povrch stane tvrd\u00fdm, odoln\u00fdm korozi, kyselin\u00e1m, ot\u011bru a vysok\u00fdm teplot\u00e1m. Tato technologie je nav\u00edc \u0161etrn\u00e1 k \u017eivotn\u00edmu prost\u0159ed\u00ed.<\/p>\n<\/div><\/div>\n","protected":false},"excerpt":{"rendered":"<p>Detailn\u00ed popis produktu Vlastnosti Zna\u010dka SAPHO Barva \u010cern\u00e1 Materi\u00e1l Mosaz Velikost z\u00e1vitu 5\/4&#8243; Tlou\u0161\u0165ka umyvadla 5-65&nbsp;mm V\u00fdbava Neuzav\u00edrateln\u00e1 s p\u0159epadem, Neuzav\u00edrateln\u00e1 bez p\u0159epadu, PVD Hmotnost \/ ks 0.2850&nbsp;kg Balen\u00ed 1&nbsp;ks EAN 8590913974991 Taric 74182000 Z\u00e1ruka 2 roky PVD povrchov\u00e1 \u00faprava Technologie nan\u00e1\u0161en\u00ed tenk\u00fdch vrstev napa\u0159ov\u00e1n\u00edm ve vakuov\u00e9 komo\u0159e. Nan\u00e1\u0161en\u00fd materi\u00e1l se spojuje s podkladem na [&hellip;]<\/p>\n","protected":false},"featured_media":75061,"comment_status":"open","ping_status":"open","template":"","meta":[],"product_brand":[],"product_cat":[75],"product_tag":[],"class_list":{"0":"post-74961","1":"product","2":"type-product","3":"status-publish","4":"has-post-thumbnail","6":"product_cat-koupelnove-vybaveni","8":"first","9":"instock","10":"sale","11":"shipping-taxable","12":"purchasable","13":"product-type-simple"},"yoast_head":"<!-- This site is optimized with the Yoast SEO plugin v26.8 - https:\/\/yoast.com\/product\/yoast-seo-wordpress\/ -->\n<title>Akce Sapho Umyvadlov\u00e1 v\u00fdpust 5\/4\u201c, neuzav\u00edrateln\u00e1, velk\u00e1 z\u00e1tka, 5-65mm, \u010dern\u00e1 mat CV3004B -<\/title>\n<meta name=\"robots\" content=\"index, follow, max-snippet:-1, max-image-preview:large, max-video-preview:-1\" \/>\n<link rel=\"canonical\" href=\"https:\/\/www.oknobuild.com\/index.php\/produkt\/akce-sapho-umyvadlova-vypust-5-4-neuzaviratelna-velka-zatka-5-65mm-cerna-mat-cv3004b-74961\/\" \/>\n<meta property=\"og:locale\" content=\"cs_CZ\" \/>\n<meta property=\"og:type\" content=\"article\" \/>\n<meta property=\"og:title\" content=\"Akce Sapho Umyvadlov\u00e1 v\u00fdpust 5\/4\u201c, neuzav\u00edrateln\u00e1, velk\u00e1 z\u00e1tka, 5-65mm, \u010dern\u00e1 mat CV3004B -\" \/>\n<meta property=\"og:description\" content=\"Detailn\u00ed popis produktu Vlastnosti Zna\u010dka SAPHO Barva \u010cern\u00e1 Materi\u00e1l Mosaz Velikost z\u00e1vitu 5\/4&#8243; Tlou\u0161\u0165ka umyvadla 5-65&nbsp;mm V\u00fdbava Neuzav\u00edrateln\u00e1 s p\u0159epadem, Neuzav\u00edrateln\u00e1 bez p\u0159epadu, PVD Hmotnost \/ ks 0.2850&nbsp;kg Balen\u00ed 1&nbsp;ks EAN 8590913974991 Taric 74182000 Z\u00e1ruka 2 roky PVD povrchov\u00e1 \u00faprava Technologie nan\u00e1\u0161en\u00ed tenk\u00fdch vrstev napa\u0159ov\u00e1n\u00edm ve vakuov\u00e9 komo\u0159e. Nan\u00e1\u0161en\u00fd materi\u00e1l se spojuje s podkladem na [&hellip;]\" \/>\n<meta property=\"og:url\" content=\"https:\/\/www.oknobuild.com\/index.php\/produkt\/akce-sapho-umyvadlova-vypust-5-4-neuzaviratelna-velka-zatka-5-65mm-cerna-mat-cv3004b-74961\/\" \/>\n<meta property=\"og:image\" content=\"https:\/\/www.oknobuild.com\/wp-content\/uploads\/2026\/SK0019725-CZ20260425-093631-0-1777080994-330425_cv3004b-235368502788099.webp\" \/>\n\t<meta property=\"og:image:width\" content=\"1000\" \/>\n\t<meta property=\"og:image:height\" content=\"750\" \/>\n\t<meta property=\"og:image:type\" content=\"image\/webp\" \/>\n<meta name=\"twitter:card\" content=\"summary_large_image\" \/>\n<script type=\"application\/ld+json\" class=\"yoast-schema-graph\">{\"@context\":\"https:\/\/schema.org\",\"@graph\":[{\"@type\":\"WebPage\",\"@id\":\"https:\/\/www.oknobuild.com\/index.php\/produkt\/akce-sapho-umyvadlova-vypust-5-4-neuzaviratelna-velka-zatka-5-65mm-cerna-mat-cv3004b-74961\/\",\"url\":\"https:\/\/www.oknobuild.com\/index.php\/produkt\/akce-sapho-umyvadlova-vypust-5-4-neuzaviratelna-velka-zatka-5-65mm-cerna-mat-cv3004b-74961\/\",\"name\":\"Akce Sapho Umyvadlov\u00e1 v\u00fdpust 5\/4\u201c, neuzav\u00edrateln\u00e1, velk\u00e1 z\u00e1tka, 5-65mm, \u010dern\u00e1 mat CV3004B -\",\"isPartOf\":{\"@id\":\"https:\/\/www.oknobuild.com\/#website\"},\"primaryImageOfPage\":{\"@id\":\"https:\/\/www.oknobuild.com\/index.php\/produkt\/akce-sapho-umyvadlova-vypust-5-4-neuzaviratelna-velka-zatka-5-65mm-cerna-mat-cv3004b-74961\/#primaryimage\"},\"image\":{\"@id\":\"https:\/\/www.oknobuild.com\/index.php\/produkt\/akce-sapho-umyvadlova-vypust-5-4-neuzaviratelna-velka-zatka-5-65mm-cerna-mat-cv3004b-74961\/#primaryimage\"},\"thumbnailUrl\":\"https:\/\/www.oknobuild.com\/wp-content\/uploads\/2026\/SK0019725-CZ20260425-093631-0-1777080994-330425_cv3004b-235368502788099.webp\",\"datePublished\":\"2026-04-27T04:43:59+00:00\",\"breadcrumb\":{\"@id\":\"https:\/\/www.oknobuild.com\/index.php\/produkt\/akce-sapho-umyvadlova-vypust-5-4-neuzaviratelna-velka-zatka-5-65mm-cerna-mat-cv3004b-74961\/#breadcrumb\"},\"inLanguage\":\"cs\",\"potentialAction\":[{\"@type\":\"ReadAction\",\"target\":[\"https:\/\/www.oknobuild.com\/index.php\/produkt\/akce-sapho-umyvadlova-vypust-5-4-neuzaviratelna-velka-zatka-5-65mm-cerna-mat-cv3004b-74961\/\"]}]},{\"@type\":\"ImageObject\",\"inLanguage\":\"cs\",\"@id\":\"https:\/\/www.oknobuild.com\/index.php\/produkt\/akce-sapho-umyvadlova-vypust-5-4-neuzaviratelna-velka-zatka-5-65mm-cerna-mat-cv3004b-74961\/#primaryimage\",\"url\":\"https:\/\/www.oknobuild.com\/wp-content\/uploads\/2026\/SK0019725-CZ20260425-093631-0-1777080994-330425_cv3004b-235368502788099.webp\",\"contentUrl\":\"https:\/\/www.oknobuild.com\/wp-content\/uploads\/2026\/SK0019725-CZ20260425-093631-0-1777080994-330425_cv3004b-235368502788099.webp\",\"width\":1000,\"height\":750},{\"@type\":\"BreadcrumbList\",\"@id\":\"https:\/\/www.oknobuild.com\/index.php\/produkt\/akce-sapho-umyvadlova-vypust-5-4-neuzaviratelna-velka-zatka-5-65mm-cerna-mat-cv3004b-74961\/#breadcrumb\",\"itemListElement\":[{\"@type\":\"ListItem\",\"position\":1,\"name\":\"Home\",\"item\":\"https:\/\/www.oknobuild.com\/\"},{\"@type\":\"ListItem\",\"position\":2,\"name\":\"Products\",\"item\":\"https:\/\/www.oknobuild.com\/index.php\/products\/\"},{\"@type\":\"ListItem\",\"position\":3,\"name\":\"Akce Sapho Umyvadlov\u00e1 v\u00fdpust 5\/4\u201c, neuzav\u00edrateln\u00e1, velk\u00e1 z\u00e1tka, 5-65mm, \u010dern\u00e1 mat CV3004B\"}]},{\"@type\":\"WebSite\",\"@id\":\"https:\/\/www.oknobuild.com\/#website\",\"url\":\"https:\/\/www.oknobuild.com\/\",\"name\":\"\",\"description\":\"\",\"potentialAction\":[{\"@type\":\"SearchAction\",\"target\":{\"@type\":\"EntryPoint\",\"urlTemplate\":\"https:\/\/www.oknobuild.com\/?s={search_term_string}\"},\"query-input\":{\"@type\":\"PropertyValueSpecification\",\"valueRequired\":true,\"valueName\":\"search_term_string\"}}],\"inLanguage\":\"cs\"}]}<\/script>\n<!-- \/ Yoast SEO plugin. -->","yoast_head_json":{"title":"Akce Sapho Umyvadlov\u00e1 v\u00fdpust 5\/4\u201c, neuzav\u00edrateln\u00e1, velk\u00e1 z\u00e1tka, 5-65mm, \u010dern\u00e1 mat CV3004B -","robots":{"index":"index","follow":"follow","max-snippet":"max-snippet:-1","max-image-preview":"max-image-preview:large","max-video-preview":"max-video-preview:-1"},"canonical":"https:\/\/www.oknobuild.com\/index.php\/produkt\/akce-sapho-umyvadlova-vypust-5-4-neuzaviratelna-velka-zatka-5-65mm-cerna-mat-cv3004b-74961\/","og_locale":"cs_CZ","og_type":"article","og_title":"Akce Sapho Umyvadlov\u00e1 v\u00fdpust 5\/4\u201c, neuzav\u00edrateln\u00e1, velk\u00e1 z\u00e1tka, 5-65mm, \u010dern\u00e1 mat CV3004B -","og_description":"Detailn\u00ed popis produktu Vlastnosti Zna\u010dka SAPHO Barva \u010cern\u00e1 Materi\u00e1l Mosaz Velikost z\u00e1vitu 5\/4&#8243; Tlou\u0161\u0165ka umyvadla 5-65&nbsp;mm V\u00fdbava Neuzav\u00edrateln\u00e1 s p\u0159epadem, Neuzav\u00edrateln\u00e1 bez p\u0159epadu, PVD Hmotnost \/ ks 0.2850&nbsp;kg Balen\u00ed 1&nbsp;ks EAN 8590913974991 Taric 74182000 Z\u00e1ruka 2 roky PVD povrchov\u00e1 \u00faprava Technologie nan\u00e1\u0161en\u00ed tenk\u00fdch vrstev napa\u0159ov\u00e1n\u00edm ve vakuov\u00e9 komo\u0159e. Nan\u00e1\u0161en\u00fd materi\u00e1l se spojuje s podkladem na [&hellip;]","og_url":"https:\/\/www.oknobuild.com\/index.php\/produkt\/akce-sapho-umyvadlova-vypust-5-4-neuzaviratelna-velka-zatka-5-65mm-cerna-mat-cv3004b-74961\/","og_image":[{"width":1000,"height":750,"url":"https:\/\/www.oknobuild.com\/wp-content\/uploads\/2026\/SK0019725-CZ20260425-093631-0-1777080994-330425_cv3004b-235368502788099.webp","type":"image\/webp"}],"twitter_card":"summary_large_image","schema":{"@context":"https:\/\/schema.org","@graph":[{"@type":"WebPage","@id":"https:\/\/www.oknobuild.com\/index.php\/produkt\/akce-sapho-umyvadlova-vypust-5-4-neuzaviratelna-velka-zatka-5-65mm-cerna-mat-cv3004b-74961\/","url":"https:\/\/www.oknobuild.com\/index.php\/produkt\/akce-sapho-umyvadlova-vypust-5-4-neuzaviratelna-velka-zatka-5-65mm-cerna-mat-cv3004b-74961\/","name":"Akce Sapho Umyvadlov\u00e1 v\u00fdpust 5\/4\u201c, neuzav\u00edrateln\u00e1, velk\u00e1 z\u00e1tka, 5-65mm, \u010dern\u00e1 mat CV3004B -","isPartOf":{"@id":"https:\/\/www.oknobuild.com\/#website"},"primaryImageOfPage":{"@id":"https:\/\/www.oknobuild.com\/index.php\/produkt\/akce-sapho-umyvadlova-vypust-5-4-neuzaviratelna-velka-zatka-5-65mm-cerna-mat-cv3004b-74961\/#primaryimage"},"image":{"@id":"https:\/\/www.oknobuild.com\/index.php\/produkt\/akce-sapho-umyvadlova-vypust-5-4-neuzaviratelna-velka-zatka-5-65mm-cerna-mat-cv3004b-74961\/#primaryimage"},"thumbnailUrl":"https:\/\/www.oknobuild.com\/wp-content\/uploads\/2026\/SK0019725-CZ20260425-093631-0-1777080994-330425_cv3004b-235368502788099.webp","datePublished":"2026-04-27T04:43:59+00:00","breadcrumb":{"@id":"https:\/\/www.oknobuild.com\/index.php\/produkt\/akce-sapho-umyvadlova-vypust-5-4-neuzaviratelna-velka-zatka-5-65mm-cerna-mat-cv3004b-74961\/#breadcrumb"},"inLanguage":"cs","potentialAction":[{"@type":"ReadAction","target":["https:\/\/www.oknobuild.com\/index.php\/produkt\/akce-sapho-umyvadlova-vypust-5-4-neuzaviratelna-velka-zatka-5-65mm-cerna-mat-cv3004b-74961\/"]}]},{"@type":"ImageObject","inLanguage":"cs","@id":"https:\/\/www.oknobuild.com\/index.php\/produkt\/akce-sapho-umyvadlova-vypust-5-4-neuzaviratelna-velka-zatka-5-65mm-cerna-mat-cv3004b-74961\/#primaryimage","url":"https:\/\/www.oknobuild.com\/wp-content\/uploads\/2026\/SK0019725-CZ20260425-093631-0-1777080994-330425_cv3004b-235368502788099.webp","contentUrl":"https:\/\/www.oknobuild.com\/wp-content\/uploads\/2026\/SK0019725-CZ20260425-093631-0-1777080994-330425_cv3004b-235368502788099.webp","width":1000,"height":750},{"@type":"BreadcrumbList","@id":"https:\/\/www.oknobuild.com\/index.php\/produkt\/akce-sapho-umyvadlova-vypust-5-4-neuzaviratelna-velka-zatka-5-65mm-cerna-mat-cv3004b-74961\/#breadcrumb","itemListElement":[{"@type":"ListItem","position":1,"name":"Home","item":"https:\/\/www.oknobuild.com\/"},{"@type":"ListItem","position":2,"name":"Products","item":"https:\/\/www.oknobuild.com\/index.php\/products\/"},{"@type":"ListItem","position":3,"name":"Akce Sapho Umyvadlov\u00e1 v\u00fdpust 5\/4\u201c, neuzav\u00edrateln\u00e1, velk\u00e1 z\u00e1tka, 5-65mm, \u010dern\u00e1 mat CV3004B"}]},{"@type":"WebSite","@id":"https:\/\/www.oknobuild.com\/#website","url":"https:\/\/www.oknobuild.com\/","name":"","description":"","potentialAction":[{"@type":"SearchAction","target":{"@type":"EntryPoint","urlTemplate":"https:\/\/www.oknobuild.com\/?s={search_term_string}"},"query-input":{"@type":"PropertyValueSpecification","valueRequired":true,"valueName":"search_term_string"}}],"inLanguage":"cs"}]}},"_links":{"self":[{"href":"https:\/\/www.oknobuild.com\/index.php\/wp-json\/wp\/v2\/product\/74961","targetHints":{"allow":["GET"]}}],"collection":[{"href":"https:\/\/www.oknobuild.com\/index.php\/wp-json\/wp\/v2\/product"}],"about":[{"href":"https:\/\/www.oknobuild.com\/index.php\/wp-json\/wp\/v2\/types\/product"}],"replies":[{"embeddable":true,"href":"https:\/\/www.oknobuild.com\/index.php\/wp-json\/wp\/v2\/comments?post=74961"}],"wp:featuredmedia":[{"embeddable":true,"href":"https:\/\/www.oknobuild.com\/index.php\/wp-json\/wp\/v2\/media\/75061"}],"wp:attachment":[{"href":"https:\/\/www.oknobuild.com\/index.php\/wp-json\/wp\/v2\/media?parent=74961"}],"wp:term":[{"taxonomy":"product_brand","embeddable":true,"href":"https:\/\/www.oknobuild.com\/index.php\/wp-json\/wp\/v2\/product_brand?post=74961"},{"taxonomy":"product_cat","embeddable":true,"href":"https:\/\/www.oknobuild.com\/index.php\/wp-json\/wp\/v2\/product_cat?post=74961"},{"taxonomy":"product_tag","embeddable":true,"href":"https:\/\/www.oknobuild.com\/index.php\/wp-json\/wp\/v2\/product_tag?post=74961"}],"curies":[{"name":"wp","href":"https:\/\/api.w.org\/{rel}","templated":true}]}}