{"id":75302,"date":"2026-04-27T04:44:00","date_gmt":"2026-04-27T04:44:00","guid":{"rendered":""},"modified":"2026-04-27T04:44:00","modified_gmt":"2026-04-27T04:44:00","slug":"zlevneny-thermal-trend-hto-ex-496-x-1782-elektricky-topny-zebrik-800w-hto-ex-496-1782-800w-antracit-cerna-75302","status":"publish","type":"product","link":"https:\/\/www.oknobuild.com\/index.php\/produkt\/zlevneny-thermal-trend-hto-ex-496-x-1782-elektricky-topny-zebrik-800w-hto-ex-496-1782-800w-antracit-cerna-75302\/","title":{"rendered":"Zlevn\u011bn\u00fd Thermal Trend HTO-EX 496 x 1782 elektrick\u00fd topn\u00fd \u017eeb\u0159\u00edk, 800W HTO-EX 496\/1782-800W antracit\/\u010dern\u00e1"},"content":{"rendered":"<div class=\"basic-description\">\n<h3>Detailn\u00ed popis produktu<\/h3>\n<p><span>Radi\u00e1tor Thermal Trend typ HTO je speci\u00e1ln\u011b vyvinut pro mo\u017enost zav\u011b\u0161ov\u00e1n\u00ed ru\u010dn\u00edk\u016f a dal\u0161\u00edch textili\u00ed. Pokro\u010dil\u00e1 v\u00fdroba dovoluje u\u017eivatel\u016fm pou\u017eit\u00ed p\u0159etlaku 1 MPa p\u0159i jeho b\u011b\u017en\u00e9m provozu. Nechte se un\u00e1\u0161et elegantn\u00edm proveden\u00edm typu HTO, vyroben\u00e9ho za technologick\u00e9ho postupu katafor\u00e9zy, kter\u00e1 umo\u017e\u0148uje skv\u011bl\u00e9 pokryt\u00ed a p\u0159ilnut\u00ed barvy po cel\u00e9m povrchu.<\/span><\/p>\n<p><span><\/span><strong>Elektrick\u00e9 trubkov\u00e9 radi\u00e1tory maj\u00ed ocelovou konstrukci, dopln\u011bnou elektrick\u00fdm topn\u00fdm t\u011blesem a jsou za p\u0159esn\u011b stanoven\u00fdch podm\u00ednek pln\u011bny nemrznouc\u00ed sm\u011bs\u00ed s bodem tuhnut\u00ed -5 \u00b0C.<\/strong> Kapalinu oh\u0159\u00edv\u00e1 topn\u00e9 t\u011bleso o p\u0159\u00edkonu, odpov\u00eddaj\u00edc\u00edmu dan\u00e9mu typu radi\u00e1toru. Proti p\u0159eh\u0159\u00e1t\u00ed je t\u011bleso vybaveno omezova\u010dem teploty, nastaven\u00e9m na 85 \u00b0C kapaliny v t\u011blese.<\/p>\n<p>Radi\u00e1tory jsou dod\u00e1v\u00e1ny ve dvou z\u00e1kladn\u00edch barv\u00e1ch \u2013 B\u00cdL\u00c1 a ANTRACIT. Na vy\u017e\u00e1d\u00e1n\u00ed jsou dod\u00e1v\u00e1ny v jak\u00e9koliv barv\u011b ze vzorkovnice barev RAL.<\/p>\n<p>Radi\u00e1tory jsou ur\u010deny do jak\u00e9hokoliv prost\u0159ed\u00ed. Slou\u017e\u00ed k vyt\u00e1p\u011bn\u00ed koupelen, chodeb i jin\u00fdch m\u00edstnost\u00ed, su\u0161en\u00ed ru\u010dn\u00edk\u016f v prostor\u00e1ch koupelen, WC, fitness, baz\u00e9n\u016f atd. V koupeln\u00e1ch je lze um\u00edstit v z\u00f3n\u00e1ch dle typu termostatu \u2013 viz. obr\u00e1zek \u2013 dle normy \u010cSN 33 200-7-701. Elektrick\u00fd provoz zaji\u0161\u0165uje nah\u0159\u00e1t\u00e9 ru\u010dn\u00edky a tepl\u00e9 prostory po cel\u00fd rok, p\u0159i vysok\u00e9 energetick\u00e9 \u00fa\u010dinnosti.<\/p>\n<h2 class=\"title-heading-left\" data-fontsize=\"20\" data-lineheight=\"30\">V\u00ddHODY ELEKTRICK\u00ddCH RADI\u00c1TOR\u016e<\/h2>\n<ul>\n<li><strong>N\u00edzk\u00e9 n\u00e1klady na po\u0159\u00edzen\u00ed a instalaci<\/strong><br \/>Jednoduch\u00e9 zapojen\u00ed do elektrick\u00e9 s\u00edt\u011b p\u0159i \u0161et\u0159en\u00ed prostoru, kter\u00fd pot\u0159ebuj\u00ed jin\u00e9 druhy vyt\u00e1p\u011bn\u00ed.<\/li>\n<li><strong>Tepeln\u00fd komfort a zdrav\u00ed<\/strong><br \/>Rychl\u00e1 regulace teploty p\u0159esn\u011b podle pot\u0159eby u\u017eivatel\u016f i automatick\u00e1 regulace v r\u00e1mci modern\u00ed dom\u00e1cnosti SmartHome. V\u011bt\u0161\u00ed pod\u00edl s\u00e1lav\u00e9ho tepla, p\u0159\u00edjemn\u011b oh\u0159\u00edvaj\u00edc\u00ed lidsk\u00e9 t\u011blo. Men\u0161\u00ed proud\u011bn\u00ed vzduchu sni\u017euje v\u00ed\u0159en\u00ed prachu v m\u00edstnosti.<\/li>\n<li><strong>Estetick\u00fd vzhled<\/strong><br \/>Nab\u00edz\u00ed velkou \u0161k\u00e1lu model\u016f tak, aby i topn\u00e1 soustava odpov\u00eddala va\u0161im po\u017eadavk\u016fm na celkov\u00fd vzhled dom\u00e1cnosti.<\/li>\n<li><strong>Ekonomick\u00fd provoz<\/strong><br \/>P\u0159i sou\u010dasn\u00e9m trendu mal\u00fdch tepeln\u00fdch ztr\u00e1t budov se spot\u0159eba energie sni\u017euje. Domy s elektrick\u00fdm vyt\u00e1p\u011bn\u00edm mohou vyu\u017e\u00edt v\u00fdhodnou dvoutarifovou sazbu, kter\u00e1 sni\u017euje n\u00e1klady na odeb\u00edranou elekt\u0159inu. Regulac\u00ed teploty m\u016f\u017eete nav\u00edc dos\u00e1hnout \u00faspory elektrick\u00e9 energie a\u017e o 40 %.<\/li>\n<\/ul>\n<p><strong>POU\u017dIT\u00cd RADI\u00c1TOR\u016e<\/strong><\/p>\n<\/p>\n<p>Radi\u00e1tory jsou ur\u010deny do jak\u00e9hokoliv prost\u0159ed\u00ed. Slou\u017e\u00ed&nbsp;k vyt\u00e1p\u011bn\u00ed koupelen, chodeb i jin\u00fdch m\u00edstnost\u00ed,&nbsp;su\u0161en\u00ed ru\u010dn\u00edk\u016f v prostor\u00e1ch koupelen, WC, fitness,&nbsp;baz\u00e9n\u016f atd. V koupeln\u00e1ch je lze um\u00edstit v z\u00f3n\u00e1ch dle&nbsp;typu termostatu &#8211; viz. obr\u00e1zek &#8211; dle normy \u010cSN 33&nbsp;200-7-701. Elektrick\u00fd provoz zaji\u0161\u0165uje nah\u0159\u00e1t\u00e9 ru\u010dn\u00edky&nbsp;a tepl\u00e9 prostory po cel\u00fd rok, p\u0159i vysok\u00e9 energetick\u00e9&nbsp;\u00fa\u010dinnosti.<\/p>\n<\/p>\n<\/p>\n<div class=\"col-md-4 col-sm-12 col-xs-12\" id=\"description\">&nbsp;<\/div>\n<div class=\"col-md-8 col-sm-12 col-xs-12\" id=\"offer\">&nbsp;<\/div>\n<p>Upozorn\u011bn\u00ed pro z\u00e1kazn\u00edky ke koupi produkt\u016f na objedn\u00e1n\u00ed: Toto zbo\u017e\u00ed nen\u00ed standardn\u00edm s\u00e9riov\u00fdm v\u00fdrobkem. Bude vyrobeno na p\u0159\u00e1n\u00ed z\u00e1kazn\u00edka a proto jej nelze dodavateli v z\u00e1konn\u00e9 lh\u016ft\u011b vr\u00e1tit. (viz \u00a71837 odst.d, ob\u010dansk\u00e9ho z\u00e1kon\u00edku). V tomto p\u0159\u00edpad\u011b m\u016f\u017eeme po\u017eadovat nevratnou z\u00e1lohu a\u017e do v\u00fd\u0161e 100 % z ceny v\u00fdrobku.<\/p>\n<\/p><\/div>\n","protected":false},"excerpt":{"rendered":"<p>Detailn\u00ed popis produktu Radi\u00e1tor Thermal Trend typ HTO je speci\u00e1ln\u011b vyvinut pro mo\u017enost zav\u011b\u0161ov\u00e1n\u00ed ru\u010dn\u00edk\u016f a dal\u0161\u00edch textili\u00ed. Pokro\u010dil\u00e1 v\u00fdroba dovoluje u\u017eivatel\u016fm pou\u017eit\u00ed p\u0159etlaku 1 MPa p\u0159i jeho b\u011b\u017en\u00e9m provozu. Nechte se un\u00e1\u0161et elegantn\u00edm proveden\u00edm typu HTO, vyroben\u00e9ho za technologick\u00e9ho postupu katafor\u00e9zy, kter\u00e1 umo\u017e\u0148uje skv\u011bl\u00e9 pokryt\u00ed a p\u0159ilnut\u00ed barvy po cel\u00e9m povrchu. Elektrick\u00e9 trubkov\u00e9 radi\u00e1tory [&hellip;]<\/p>\n","protected":false},"featured_media":75402,"comment_status":"open","ping_status":"open","template":"","meta":[],"product_brand":[],"product_cat":[79],"product_tag":[],"class_list":{"0":"post-75302","1":"product","2":"type-product","3":"status-publish","4":"has-post-thumbnail","6":"product_cat-vytapeni","8":"first","9":"instock","10":"sale","11":"shipping-taxable","12":"purchasable","13":"product-type-simple"},"yoast_head":"<!-- This site is optimized with the Yoast SEO plugin v26.8 - https:\/\/yoast.com\/product\/yoast-seo-wordpress\/ -->\n<title>Zlevn\u011bn\u00fd Thermal Trend HTO-EX 496 x 1782 elektrick\u00fd topn\u00fd \u017eeb\u0159\u00edk, 800W HTO-EX 496\/1782-800W antracit\/\u010dern\u00e1 -<\/title>\n<meta name=\"robots\" content=\"index, follow, max-snippet:-1, max-image-preview:large, max-video-preview:-1\" \/>\n<link rel=\"canonical\" href=\"https:\/\/www.oknobuild.com\/index.php\/produkt\/zlevneny-thermal-trend-hto-ex-496-x-1782-elektricky-topny-zebrik-800w-hto-ex-496-1782-800w-antracit-cerna-75302\/\" \/>\n<meta property=\"og:locale\" content=\"cs_CZ\" \/>\n<meta property=\"og:type\" content=\"article\" \/>\n<meta property=\"og:title\" content=\"Zlevn\u011bn\u00fd Thermal Trend HTO-EX 496 x 1782 elektrick\u00fd topn\u00fd \u017eeb\u0159\u00edk, 800W HTO-EX 496\/1782-800W antracit\/\u010dern\u00e1 -\" \/>\n<meta property=\"og:description\" content=\"Detailn\u00ed popis produktu Radi\u00e1tor Thermal Trend typ HTO je speci\u00e1ln\u011b vyvinut pro mo\u017enost zav\u011b\u0161ov\u00e1n\u00ed ru\u010dn\u00edk\u016f a dal\u0161\u00edch textili\u00ed. Pokro\u010dil\u00e1 v\u00fdroba dovoluje u\u017eivatel\u016fm pou\u017eit\u00ed p\u0159etlaku 1 MPa p\u0159i jeho b\u011b\u017en\u00e9m provozu. Nechte se un\u00e1\u0161et elegantn\u00edm proveden\u00edm typu HTO, vyroben\u00e9ho za technologick\u00e9ho postupu katafor\u00e9zy, kter\u00e1 umo\u017e\u0148uje skv\u011bl\u00e9 pokryt\u00ed a p\u0159ilnut\u00ed barvy po cel\u00e9m povrchu. Elektrick\u00e9 trubkov\u00e9 radi\u00e1tory [&hellip;]\" \/>\n<meta property=\"og:url\" content=\"https:\/\/www.oknobuild.com\/index.php\/produkt\/zlevneny-thermal-trend-hto-ex-496-x-1782-elektricky-topny-zebrik-800w-hto-ex-496-1782-800w-antracit-cerna-75302\/\" \/>\n<meta property=\"og:image\" content=\"https:\/\/www.oknobuild.com\/wp-content\/uploads\/2026\/SK0019881-CZ20260425-093631-0-1777080994-330893-2_thermal-trend-hto-ex2-496-x-1782-elektricky-topny-.webp\" \/>\n\t<meta property=\"og:image:width\" content=\"1000\" \/>\n\t<meta property=\"og:image:height\" content=\"750\" \/>\n\t<meta property=\"og:image:type\" content=\"image\/webp\" \/>\n<meta name=\"twitter:card\" content=\"summary_large_image\" \/>\n<meta name=\"twitter:label1\" content=\"Odhadovan\u00e1 doba \u010dten\u00ed\" \/>\n\t<meta name=\"twitter:data1\" content=\"3 minuty\" \/>\n<script type=\"application\/ld+json\" class=\"yoast-schema-graph\">{\"@context\":\"https:\/\/schema.org\",\"@graph\":[{\"@type\":\"WebPage\",\"@id\":\"https:\/\/www.oknobuild.com\/index.php\/produkt\/zlevneny-thermal-trend-hto-ex-496-x-1782-elektricky-topny-zebrik-800w-hto-ex-496-1782-800w-antracit-cerna-75302\/\",\"url\":\"https:\/\/www.oknobuild.com\/index.php\/produkt\/zlevneny-thermal-trend-hto-ex-496-x-1782-elektricky-topny-zebrik-800w-hto-ex-496-1782-800w-antracit-cerna-75302\/\",\"name\":\"Zlevn\u011bn\u00fd Thermal Trend HTO-EX 496 x 1782 elektrick\u00fd topn\u00fd \u017eeb\u0159\u00edk, 800W HTO-EX 496\/1782-800W antracit\/\u010dern\u00e1 -\",\"isPartOf\":{\"@id\":\"https:\/\/www.oknobuild.com\/#website\"},\"primaryImageOfPage\":{\"@id\":\"https:\/\/www.oknobuild.com\/index.php\/produkt\/zlevneny-thermal-trend-hto-ex-496-x-1782-elektricky-topny-zebrik-800w-hto-ex-496-1782-800w-antracit-cerna-75302\/#primaryimage\"},\"image\":{\"@id\":\"https:\/\/www.oknobuild.com\/index.php\/produkt\/zlevneny-thermal-trend-hto-ex-496-x-1782-elektricky-topny-zebrik-800w-hto-ex-496-1782-800w-antracit-cerna-75302\/#primaryimage\"},\"thumbnailUrl\":\"https:\/\/www.oknobuild.com\/wp-content\/uploads\/2026\/SK0019881-CZ20260425-093631-0-1777080994-330893-2_thermal-trend-hto-ex2-496-x-1782-elektricky-topny-.webp\",\"datePublished\":\"2026-04-27T04:44:00+00:00\",\"breadcrumb\":{\"@id\":\"https:\/\/www.oknobuild.com\/index.php\/produkt\/zlevneny-thermal-trend-hto-ex-496-x-1782-elektricky-topny-zebrik-800w-hto-ex-496-1782-800w-antracit-cerna-75302\/#breadcrumb\"},\"inLanguage\":\"cs\",\"potentialAction\":[{\"@type\":\"ReadAction\",\"target\":[\"https:\/\/www.oknobuild.com\/index.php\/produkt\/zlevneny-thermal-trend-hto-ex-496-x-1782-elektricky-topny-zebrik-800w-hto-ex-496-1782-800w-antracit-cerna-75302\/\"]}]},{\"@type\":\"ImageObject\",\"inLanguage\":\"cs\",\"@id\":\"https:\/\/www.oknobuild.com\/index.php\/produkt\/zlevneny-thermal-trend-hto-ex-496-x-1782-elektricky-topny-zebrik-800w-hto-ex-496-1782-800w-antracit-cerna-75302\/#primaryimage\",\"url\":\"https:\/\/www.oknobuild.com\/wp-content\/uploads\/2026\/SK0019881-CZ20260425-093631-0-1777080994-330893-2_thermal-trend-hto-ex2-496-x-1782-elektricky-topny-.webp\",\"contentUrl\":\"https:\/\/www.oknobuild.com\/wp-content\/uploads\/2026\/SK0019881-CZ20260425-093631-0-1777080994-330893-2_thermal-trend-hto-ex2-496-x-1782-elektricky-topny-.webp\",\"width\":1000,\"height\":750},{\"@type\":\"BreadcrumbList\",\"@id\":\"https:\/\/www.oknobuild.com\/index.php\/produkt\/zlevneny-thermal-trend-hto-ex-496-x-1782-elektricky-topny-zebrik-800w-hto-ex-496-1782-800w-antracit-cerna-75302\/#breadcrumb\",\"itemListElement\":[{\"@type\":\"ListItem\",\"position\":1,\"name\":\"Home\",\"item\":\"https:\/\/www.oknobuild.com\/\"},{\"@type\":\"ListItem\",\"position\":2,\"name\":\"Products\",\"item\":\"https:\/\/www.oknobuild.com\/index.php\/products\/\"},{\"@type\":\"ListItem\",\"position\":3,\"name\":\"Zlevn\u011bn\u00fd Thermal Trend HTO-EX 496 x 1782 elektrick\u00fd topn\u00fd \u017eeb\u0159\u00edk, 800W HTO-EX 496\/1782-800W antracit\/\u010dern\u00e1\"}]},{\"@type\":\"WebSite\",\"@id\":\"https:\/\/www.oknobuild.com\/#website\",\"url\":\"https:\/\/www.oknobuild.com\/\",\"name\":\"\",\"description\":\"\",\"potentialAction\":[{\"@type\":\"SearchAction\",\"target\":{\"@type\":\"EntryPoint\",\"urlTemplate\":\"https:\/\/www.oknobuild.com\/?s={search_term_string}\"},\"query-input\":{\"@type\":\"PropertyValueSpecification\",\"valueRequired\":true,\"valueName\":\"search_term_string\"}}],\"inLanguage\":\"cs\"}]}<\/script>\n<!-- \/ Yoast SEO plugin. -->","yoast_head_json":{"title":"Zlevn\u011bn\u00fd Thermal Trend HTO-EX 496 x 1782 elektrick\u00fd topn\u00fd \u017eeb\u0159\u00edk, 800W HTO-EX 496\/1782-800W antracit\/\u010dern\u00e1 -","robots":{"index":"index","follow":"follow","max-snippet":"max-snippet:-1","max-image-preview":"max-image-preview:large","max-video-preview":"max-video-preview:-1"},"canonical":"https:\/\/www.oknobuild.com\/index.php\/produkt\/zlevneny-thermal-trend-hto-ex-496-x-1782-elektricky-topny-zebrik-800w-hto-ex-496-1782-800w-antracit-cerna-75302\/","og_locale":"cs_CZ","og_type":"article","og_title":"Zlevn\u011bn\u00fd Thermal Trend HTO-EX 496 x 1782 elektrick\u00fd topn\u00fd \u017eeb\u0159\u00edk, 800W HTO-EX 496\/1782-800W antracit\/\u010dern\u00e1 -","og_description":"Detailn\u00ed popis produktu Radi\u00e1tor Thermal Trend typ HTO je speci\u00e1ln\u011b vyvinut pro mo\u017enost zav\u011b\u0161ov\u00e1n\u00ed ru\u010dn\u00edk\u016f a dal\u0161\u00edch textili\u00ed. Pokro\u010dil\u00e1 v\u00fdroba dovoluje u\u017eivatel\u016fm pou\u017eit\u00ed p\u0159etlaku 1 MPa p\u0159i jeho b\u011b\u017en\u00e9m provozu. Nechte se un\u00e1\u0161et elegantn\u00edm proveden\u00edm typu HTO, vyroben\u00e9ho za technologick\u00e9ho postupu katafor\u00e9zy, kter\u00e1 umo\u017e\u0148uje skv\u011bl\u00e9 pokryt\u00ed a p\u0159ilnut\u00ed barvy po cel\u00e9m povrchu. Elektrick\u00e9 trubkov\u00e9 radi\u00e1tory [&hellip;]","og_url":"https:\/\/www.oknobuild.com\/index.php\/produkt\/zlevneny-thermal-trend-hto-ex-496-x-1782-elektricky-topny-zebrik-800w-hto-ex-496-1782-800w-antracit-cerna-75302\/","og_image":[{"width":1000,"height":750,"url":"https:\/\/www.oknobuild.com\/wp-content\/uploads\/2026\/SK0019881-CZ20260425-093631-0-1777080994-330893-2_thermal-trend-hto-ex2-496-x-1782-elektricky-topny-.webp","type":"image\/webp"}],"twitter_card":"summary_large_image","twitter_misc":{"Odhadovan\u00e1 doba \u010dten\u00ed":"3 minuty"},"schema":{"@context":"https:\/\/schema.org","@graph":[{"@type":"WebPage","@id":"https:\/\/www.oknobuild.com\/index.php\/produkt\/zlevneny-thermal-trend-hto-ex-496-x-1782-elektricky-topny-zebrik-800w-hto-ex-496-1782-800w-antracit-cerna-75302\/","url":"https:\/\/www.oknobuild.com\/index.php\/produkt\/zlevneny-thermal-trend-hto-ex-496-x-1782-elektricky-topny-zebrik-800w-hto-ex-496-1782-800w-antracit-cerna-75302\/","name":"Zlevn\u011bn\u00fd Thermal Trend HTO-EX 496 x 1782 elektrick\u00fd topn\u00fd \u017eeb\u0159\u00edk, 800W HTO-EX 496\/1782-800W antracit\/\u010dern\u00e1 -","isPartOf":{"@id":"https:\/\/www.oknobuild.com\/#website"},"primaryImageOfPage":{"@id":"https:\/\/www.oknobuild.com\/index.php\/produkt\/zlevneny-thermal-trend-hto-ex-496-x-1782-elektricky-topny-zebrik-800w-hto-ex-496-1782-800w-antracit-cerna-75302\/#primaryimage"},"image":{"@id":"https:\/\/www.oknobuild.com\/index.php\/produkt\/zlevneny-thermal-trend-hto-ex-496-x-1782-elektricky-topny-zebrik-800w-hto-ex-496-1782-800w-antracit-cerna-75302\/#primaryimage"},"thumbnailUrl":"https:\/\/www.oknobuild.com\/wp-content\/uploads\/2026\/SK0019881-CZ20260425-093631-0-1777080994-330893-2_thermal-trend-hto-ex2-496-x-1782-elektricky-topny-.webp","datePublished":"2026-04-27T04:44:00+00:00","breadcrumb":{"@id":"https:\/\/www.oknobuild.com\/index.php\/produkt\/zlevneny-thermal-trend-hto-ex-496-x-1782-elektricky-topny-zebrik-800w-hto-ex-496-1782-800w-antracit-cerna-75302\/#breadcrumb"},"inLanguage":"cs","potentialAction":[{"@type":"ReadAction","target":["https:\/\/www.oknobuild.com\/index.php\/produkt\/zlevneny-thermal-trend-hto-ex-496-x-1782-elektricky-topny-zebrik-800w-hto-ex-496-1782-800w-antracit-cerna-75302\/"]}]},{"@type":"ImageObject","inLanguage":"cs","@id":"https:\/\/www.oknobuild.com\/index.php\/produkt\/zlevneny-thermal-trend-hto-ex-496-x-1782-elektricky-topny-zebrik-800w-hto-ex-496-1782-800w-antracit-cerna-75302\/#primaryimage","url":"https:\/\/www.oknobuild.com\/wp-content\/uploads\/2026\/SK0019881-CZ20260425-093631-0-1777080994-330893-2_thermal-trend-hto-ex2-496-x-1782-elektricky-topny-.webp","contentUrl":"https:\/\/www.oknobuild.com\/wp-content\/uploads\/2026\/SK0019881-CZ20260425-093631-0-1777080994-330893-2_thermal-trend-hto-ex2-496-x-1782-elektricky-topny-.webp","width":1000,"height":750},{"@type":"BreadcrumbList","@id":"https:\/\/www.oknobuild.com\/index.php\/produkt\/zlevneny-thermal-trend-hto-ex-496-x-1782-elektricky-topny-zebrik-800w-hto-ex-496-1782-800w-antracit-cerna-75302\/#breadcrumb","itemListElement":[{"@type":"ListItem","position":1,"name":"Home","item":"https:\/\/www.oknobuild.com\/"},{"@type":"ListItem","position":2,"name":"Products","item":"https:\/\/www.oknobuild.com\/index.php\/products\/"},{"@type":"ListItem","position":3,"name":"Zlevn\u011bn\u00fd Thermal Trend HTO-EX 496 x 1782 elektrick\u00fd topn\u00fd \u017eeb\u0159\u00edk, 800W HTO-EX 496\/1782-800W antracit\/\u010dern\u00e1"}]},{"@type":"WebSite","@id":"https:\/\/www.oknobuild.com\/#website","url":"https:\/\/www.oknobuild.com\/","name":"","description":"","potentialAction":[{"@type":"SearchAction","target":{"@type":"EntryPoint","urlTemplate":"https:\/\/www.oknobuild.com\/?s={search_term_string}"},"query-input":{"@type":"PropertyValueSpecification","valueRequired":true,"valueName":"search_term_string"}}],"inLanguage":"cs"}]}},"_links":{"self":[{"href":"https:\/\/www.oknobuild.com\/index.php\/wp-json\/wp\/v2\/product\/75302","targetHints":{"allow":["GET"]}}],"collection":[{"href":"https:\/\/www.oknobuild.com\/index.php\/wp-json\/wp\/v2\/product"}],"about":[{"href":"https:\/\/www.oknobuild.com\/index.php\/wp-json\/wp\/v2\/types\/product"}],"replies":[{"embeddable":true,"href":"https:\/\/www.oknobuild.com\/index.php\/wp-json\/wp\/v2\/comments?post=75302"}],"wp:featuredmedia":[{"embeddable":true,"href":"https:\/\/www.oknobuild.com\/index.php\/wp-json\/wp\/v2\/media\/75402"}],"wp:attachment":[{"href":"https:\/\/www.oknobuild.com\/index.php\/wp-json\/wp\/v2\/media?parent=75302"}],"wp:term":[{"taxonomy":"product_brand","embeddable":true,"href":"https:\/\/www.oknobuild.com\/index.php\/wp-json\/wp\/v2\/product_brand?post=75302"},{"taxonomy":"product_cat","embeddable":true,"href":"https:\/\/www.oknobuild.com\/index.php\/wp-json\/wp\/v2\/product_cat?post=75302"},{"taxonomy":"product_tag","embeddable":true,"href":"https:\/\/www.oknobuild.com\/index.php\/wp-json\/wp\/v2\/product_tag?post=75302"}],"curies":[{"name":"wp","href":"https:\/\/api.w.org\/{rel}","templated":true}]}}