{"id":7547,"date":"2026-04-27T04:40:50","date_gmt":"2026-04-27T04:40:50","guid":{"rendered":""},"modified":"2026-04-27T04:40:50","modified_gmt":"2026-04-27T04:40:50","slug":"znackovy-tyrolit-645135-brusny-vejirovy-kotouc-125x22-2mm-k40-7547","status":"publish","type":"product","link":"https:\/\/www.oknobuild.com\/index.php\/produkt\/znackovy-tyrolit-645135-brusny-vejirovy-kotouc-125x22-2mm-k40-7547\/","title":{"rendered":"Zna\u010dkov\u00fd TYROLIT 645135 brusn\u00fd v\u011bj\u00ed\u0159ov\u00fd kotou\u010d 125&#215;22,2mm K40"},"content":{"rendered":"<table>\n<div class=\"tab-pane active product-description\" id=\"popis\" role=\"tabpanel\">\n<div class=\"short-description\" itemprop=\"description\"><\/div>\n<div class=\"description\"><span class='bullet-line'>extr\u00e9mn\u011b vysok\u00e1, specifick\u00e1 m\u00edra \u00fab\u011bru materi\u00e1lu <\/span><span class='bullet-line'>rovnom\u011brn\u011bj\u0161\u00ed kvalita povrchu velmi agresivn\u00ed p\u0159i n\u00edzk\u00e9m tlaku: vysoce legovan\u00e9 oceli, nerezov\u00e1 ocel, tak\u00e9 vy\u017eaduje hlin\u00edk \/ barevn\u00e9 kovy<\/span><\/div>\n<\/table>\n","protected":false},"excerpt":{"rendered":"<p>extr\u00e9mn\u011b vysok\u00e1, specifick\u00e1 m\u00edra \u00fab\u011bru materi\u00e1lu rovnom\u011brn\u011bj\u0161\u00ed kvalita povrchu velmi agresivn\u00ed p\u0159i n\u00edzk\u00e9m tlaku: vysoce legovan\u00e9 oceli, nerezov\u00e1 ocel, tak\u00e9 vy\u017eaduje hlin\u00edk \/ barevn\u00e9 kovy<\/p>\n","protected":false},"featured_media":7647,"comment_status":"open","ping_status":"open","template":"","meta":[],"product_brand":[],"product_cat":[41],"product_tag":[],"class_list":{"0":"post-7547","1":"product","2":"type-product","3":"status-publish","4":"has-post-thumbnail","6":"product_cat-naradi","8":"first","9":"instock","10":"sale","11":"shipping-taxable","12":"purchasable","13":"product-type-simple"},"yoast_head":"<!-- This site is optimized with the Yoast SEO plugin v26.8 - https:\/\/yoast.com\/product\/yoast-seo-wordpress\/ -->\n<title>Zna\u010dkov\u00fd TYROLIT 645135 brusn\u00fd v\u011bj\u00ed\u0159ov\u00fd kotou\u010d 125x22,2mm K40 -<\/title>\n<meta name=\"robots\" content=\"index, follow, max-snippet:-1, max-image-preview:large, max-video-preview:-1\" \/>\n<link rel=\"canonical\" href=\"https:\/\/www.oknobuild.com\/index.php\/produkt\/znackovy-tyrolit-645135-brusny-vejirovy-kotouc-125x22-2mm-k40-7547\/\" \/>\n<meta property=\"og:locale\" content=\"cs_CZ\" \/>\n<meta property=\"og:type\" content=\"article\" \/>\n<meta property=\"og:title\" content=\"Zna\u010dkov\u00fd TYROLIT 645135 brusn\u00fd v\u011bj\u00ed\u0159ov\u00fd kotou\u010d 125x22,2mm K40 -\" \/>\n<meta property=\"og:description\" content=\"extr\u00e9mn\u011b vysok\u00e1, specifick\u00e1 m\u00edra \u00fab\u011bru materi\u00e1lu rovnom\u011brn\u011bj\u0161\u00ed kvalita povrchu velmi agresivn\u00ed p\u0159i n\u00edzk\u00e9m tlaku: vysoce legovan\u00e9 oceli, nerezov\u00e1 ocel, tak\u00e9 vy\u017eaduje hlin\u00edk \/ barevn\u00e9 kovy\" \/>\n<meta property=\"og:url\" content=\"https:\/\/www.oknobuild.com\/index.php\/produkt\/znackovy-tyrolit-645135-brusny-vejirovy-kotouc-125x22-2mm-k40-7547\/\" \/>\n<meta property=\"og:image\" content=\"https:\/\/www.oknobuild.com\/wp-content\/uploads\/2026\/SK0018495-CZ20260425-092328-0-1777080210-207947-1_090315.webp\" \/>\n\t<meta property=\"og:image:width\" content=\"800\" \/>\n\t<meta property=\"og:image:height\" content=\"800\" \/>\n\t<meta property=\"og:image:type\" content=\"image\/webp\" \/>\n<meta name=\"twitter:card\" content=\"summary_large_image\" \/>\n<script type=\"application\/ld+json\" class=\"yoast-schema-graph\">{\"@context\":\"https:\/\/schema.org\",\"@graph\":[{\"@type\":\"WebPage\",\"@id\":\"https:\/\/www.oknobuild.com\/index.php\/produkt\/znackovy-tyrolit-645135-brusny-vejirovy-kotouc-125x22-2mm-k40-7547\/\",\"url\":\"https:\/\/www.oknobuild.com\/index.php\/produkt\/znackovy-tyrolit-645135-brusny-vejirovy-kotouc-125x22-2mm-k40-7547\/\",\"name\":\"Zna\u010dkov\u00fd TYROLIT 645135 brusn\u00fd v\u011bj\u00ed\u0159ov\u00fd kotou\u010d 125x22,2mm K40 -\",\"isPartOf\":{\"@id\":\"https:\/\/www.oknobuild.com\/#website\"},\"primaryImageOfPage\":{\"@id\":\"https:\/\/www.oknobuild.com\/index.php\/produkt\/znackovy-tyrolit-645135-brusny-vejirovy-kotouc-125x22-2mm-k40-7547\/#primaryimage\"},\"image\":{\"@id\":\"https:\/\/www.oknobuild.com\/index.php\/produkt\/znackovy-tyrolit-645135-brusny-vejirovy-kotouc-125x22-2mm-k40-7547\/#primaryimage\"},\"thumbnailUrl\":\"https:\/\/www.oknobuild.com\/wp-content\/uploads\/2026\/SK0018495-CZ20260425-092328-0-1777080210-207947-1_090315.webp\",\"datePublished\":\"2026-04-27T04:40:50+00:00\",\"breadcrumb\":{\"@id\":\"https:\/\/www.oknobuild.com\/index.php\/produkt\/znackovy-tyrolit-645135-brusny-vejirovy-kotouc-125x22-2mm-k40-7547\/#breadcrumb\"},\"inLanguage\":\"cs\",\"potentialAction\":[{\"@type\":\"ReadAction\",\"target\":[\"https:\/\/www.oknobuild.com\/index.php\/produkt\/znackovy-tyrolit-645135-brusny-vejirovy-kotouc-125x22-2mm-k40-7547\/\"]}]},{\"@type\":\"ImageObject\",\"inLanguage\":\"cs\",\"@id\":\"https:\/\/www.oknobuild.com\/index.php\/produkt\/znackovy-tyrolit-645135-brusny-vejirovy-kotouc-125x22-2mm-k40-7547\/#primaryimage\",\"url\":\"https:\/\/www.oknobuild.com\/wp-content\/uploads\/2026\/SK0018495-CZ20260425-092328-0-1777080210-207947-1_090315.webp\",\"contentUrl\":\"https:\/\/www.oknobuild.com\/wp-content\/uploads\/2026\/SK0018495-CZ20260425-092328-0-1777080210-207947-1_090315.webp\",\"width\":800,\"height\":800},{\"@type\":\"BreadcrumbList\",\"@id\":\"https:\/\/www.oknobuild.com\/index.php\/produkt\/znackovy-tyrolit-645135-brusny-vejirovy-kotouc-125x22-2mm-k40-7547\/#breadcrumb\",\"itemListElement\":[{\"@type\":\"ListItem\",\"position\":1,\"name\":\"Home\",\"item\":\"https:\/\/www.oknobuild.com\/\"},{\"@type\":\"ListItem\",\"position\":2,\"name\":\"Products\",\"item\":\"https:\/\/www.oknobuild.com\/index.php\/products\/\"},{\"@type\":\"ListItem\",\"position\":3,\"name\":\"Zna\u010dkov\u00fd TYROLIT 645135 brusn\u00fd v\u011bj\u00ed\u0159ov\u00fd kotou\u010d 125&#215;22,2mm K40\"}]},{\"@type\":\"WebSite\",\"@id\":\"https:\/\/www.oknobuild.com\/#website\",\"url\":\"https:\/\/www.oknobuild.com\/\",\"name\":\"\",\"description\":\"\",\"potentialAction\":[{\"@type\":\"SearchAction\",\"target\":{\"@type\":\"EntryPoint\",\"urlTemplate\":\"https:\/\/www.oknobuild.com\/?s={search_term_string}\"},\"query-input\":{\"@type\":\"PropertyValueSpecification\",\"valueRequired\":true,\"valueName\":\"search_term_string\"}}],\"inLanguage\":\"cs\"}]}<\/script>\n<!-- \/ Yoast SEO plugin. -->","yoast_head_json":{"title":"Zna\u010dkov\u00fd TYROLIT 645135 brusn\u00fd v\u011bj\u00ed\u0159ov\u00fd kotou\u010d 125x22,2mm K40 -","robots":{"index":"index","follow":"follow","max-snippet":"max-snippet:-1","max-image-preview":"max-image-preview:large","max-video-preview":"max-video-preview:-1"},"canonical":"https:\/\/www.oknobuild.com\/index.php\/produkt\/znackovy-tyrolit-645135-brusny-vejirovy-kotouc-125x22-2mm-k40-7547\/","og_locale":"cs_CZ","og_type":"article","og_title":"Zna\u010dkov\u00fd TYROLIT 645135 brusn\u00fd v\u011bj\u00ed\u0159ov\u00fd kotou\u010d 125x22,2mm K40 -","og_description":"extr\u00e9mn\u011b vysok\u00e1, specifick\u00e1 m\u00edra \u00fab\u011bru materi\u00e1lu rovnom\u011brn\u011bj\u0161\u00ed kvalita povrchu velmi agresivn\u00ed p\u0159i n\u00edzk\u00e9m tlaku: vysoce legovan\u00e9 oceli, nerezov\u00e1 ocel, tak\u00e9 vy\u017eaduje hlin\u00edk \/ barevn\u00e9 kovy","og_url":"https:\/\/www.oknobuild.com\/index.php\/produkt\/znackovy-tyrolit-645135-brusny-vejirovy-kotouc-125x22-2mm-k40-7547\/","og_image":[{"width":800,"height":800,"url":"https:\/\/www.oknobuild.com\/wp-content\/uploads\/2026\/SK0018495-CZ20260425-092328-0-1777080210-207947-1_090315.webp","type":"image\/webp"}],"twitter_card":"summary_large_image","schema":{"@context":"https:\/\/schema.org","@graph":[{"@type":"WebPage","@id":"https:\/\/www.oknobuild.com\/index.php\/produkt\/znackovy-tyrolit-645135-brusny-vejirovy-kotouc-125x22-2mm-k40-7547\/","url":"https:\/\/www.oknobuild.com\/index.php\/produkt\/znackovy-tyrolit-645135-brusny-vejirovy-kotouc-125x22-2mm-k40-7547\/","name":"Zna\u010dkov\u00fd TYROLIT 645135 brusn\u00fd v\u011bj\u00ed\u0159ov\u00fd kotou\u010d 125x22,2mm K40 -","isPartOf":{"@id":"https:\/\/www.oknobuild.com\/#website"},"primaryImageOfPage":{"@id":"https:\/\/www.oknobuild.com\/index.php\/produkt\/znackovy-tyrolit-645135-brusny-vejirovy-kotouc-125x22-2mm-k40-7547\/#primaryimage"},"image":{"@id":"https:\/\/www.oknobuild.com\/index.php\/produkt\/znackovy-tyrolit-645135-brusny-vejirovy-kotouc-125x22-2mm-k40-7547\/#primaryimage"},"thumbnailUrl":"https:\/\/www.oknobuild.com\/wp-content\/uploads\/2026\/SK0018495-CZ20260425-092328-0-1777080210-207947-1_090315.webp","datePublished":"2026-04-27T04:40:50+00:00","breadcrumb":{"@id":"https:\/\/www.oknobuild.com\/index.php\/produkt\/znackovy-tyrolit-645135-brusny-vejirovy-kotouc-125x22-2mm-k40-7547\/#breadcrumb"},"inLanguage":"cs","potentialAction":[{"@type":"ReadAction","target":["https:\/\/www.oknobuild.com\/index.php\/produkt\/znackovy-tyrolit-645135-brusny-vejirovy-kotouc-125x22-2mm-k40-7547\/"]}]},{"@type":"ImageObject","inLanguage":"cs","@id":"https:\/\/www.oknobuild.com\/index.php\/produkt\/znackovy-tyrolit-645135-brusny-vejirovy-kotouc-125x22-2mm-k40-7547\/#primaryimage","url":"https:\/\/www.oknobuild.com\/wp-content\/uploads\/2026\/SK0018495-CZ20260425-092328-0-1777080210-207947-1_090315.webp","contentUrl":"https:\/\/www.oknobuild.com\/wp-content\/uploads\/2026\/SK0018495-CZ20260425-092328-0-1777080210-207947-1_090315.webp","width":800,"height":800},{"@type":"BreadcrumbList","@id":"https:\/\/www.oknobuild.com\/index.php\/produkt\/znackovy-tyrolit-645135-brusny-vejirovy-kotouc-125x22-2mm-k40-7547\/#breadcrumb","itemListElement":[{"@type":"ListItem","position":1,"name":"Home","item":"https:\/\/www.oknobuild.com\/"},{"@type":"ListItem","position":2,"name":"Products","item":"https:\/\/www.oknobuild.com\/index.php\/products\/"},{"@type":"ListItem","position":3,"name":"Zna\u010dkov\u00fd TYROLIT 645135 brusn\u00fd v\u011bj\u00ed\u0159ov\u00fd kotou\u010d 125&#215;22,2mm K40"}]},{"@type":"WebSite","@id":"https:\/\/www.oknobuild.com\/#website","url":"https:\/\/www.oknobuild.com\/","name":"","description":"","potentialAction":[{"@type":"SearchAction","target":{"@type":"EntryPoint","urlTemplate":"https:\/\/www.oknobuild.com\/?s={search_term_string}"},"query-input":{"@type":"PropertyValueSpecification","valueRequired":true,"valueName":"search_term_string"}}],"inLanguage":"cs"}]}},"_links":{"self":[{"href":"https:\/\/www.oknobuild.com\/index.php\/wp-json\/wp\/v2\/product\/7547","targetHints":{"allow":["GET"]}}],"collection":[{"href":"https:\/\/www.oknobuild.com\/index.php\/wp-json\/wp\/v2\/product"}],"about":[{"href":"https:\/\/www.oknobuild.com\/index.php\/wp-json\/wp\/v2\/types\/product"}],"replies":[{"embeddable":true,"href":"https:\/\/www.oknobuild.com\/index.php\/wp-json\/wp\/v2\/comments?post=7547"}],"wp:featuredmedia":[{"embeddable":true,"href":"https:\/\/www.oknobuild.com\/index.php\/wp-json\/wp\/v2\/media\/7647"}],"wp:attachment":[{"href":"https:\/\/www.oknobuild.com\/index.php\/wp-json\/wp\/v2\/media?parent=7547"}],"wp:term":[{"taxonomy":"product_brand","embeddable":true,"href":"https:\/\/www.oknobuild.com\/index.php\/wp-json\/wp\/v2\/product_brand?post=7547"},{"taxonomy":"product_cat","embeddable":true,"href":"https:\/\/www.oknobuild.com\/index.php\/wp-json\/wp\/v2\/product_cat?post=7547"},{"taxonomy":"product_tag","embeddable":true,"href":"https:\/\/www.oknobuild.com\/index.php\/wp-json\/wp\/v2\/product_tag?post=7547"}],"curies":[{"name":"wp","href":"https:\/\/api.w.org\/{rel}","templated":true}]}}