{"id":75504,"date":"2026-04-27T04:44:00","date_gmt":"2026-04-27T04:44:00","guid":{"rendered":""},"modified":"2026-04-27T04:44:00","modified_gmt":"2026-04-27T04:44:00","slug":"akcni-cena-isan-palmyra-chrom-zebrik-do-koupelny-1735-600-767-w-chrom-dpal17350600sk80-75504","status":"publish","type":"product","link":"https:\/\/www.oknobuild.com\/index.php\/produkt\/akcni-cena-isan-palmyra-chrom-zebrik-do-koupelny-1735-600-767-w-chrom-dpal17350600sk80-75504\/","title":{"rendered":"Ak\u010dn\u00ed Cena Isan Palmyra Chrom \u017eeb\u0159\u00edk do koupelny 1735\/600, 767 W, chrom, DPAL17350600SK80"},"content":{"rendered":"<div class=\"basic-description\">\n<h3>Detailn\u00ed popis produktu<\/h3>\n<p><span>Vertik\u00e1ln\u00ed topn\u00e9 t\u011bleso Palmyra Chrom je kombinac\u00ed estetick\u00fdch a funk\u010dn\u00edch parametr\u016f pro harmonii ve Va\u0161\u00ed koupeln\u011b.<\/span><\/p>\n<p><span>Spolehliv\u00fd a z\u00e1rove\u0148 elegantn\u00ed radi\u00e1tor decentn\u00edho, ale luxusn\u00edho chromovan\u00e9ho povrchu. T\u011bleso pro ty, kte\u0159\u00ed vy\u017eaduj\u00ed maxim\u00e1ln\u00ed kvalitu.<\/span><\/p>\n<p><span>Na zak\u00e1zku dod\u00e1me chromov\u00e9 radi\u00e1tory s elektrickou topnou spir\u00e1lou.<\/span><\/p>\n<ul>\n<li><span>Radi\u00e1tor pro zapojen\u00ed do centr\u00e1ln\u00ed otopn\u00e9 soustavy<\/span><\/li>\n<li><span>Kombinovan\u00e9 vyt\u00e1p\u011bn\u00ed &#8211; mo\u017enost zapojen\u00ed do centr\u00e1ln\u00ed soustavy i elektrick\u00e9 vyt\u00e1p\u011bn\u00ed<\/span><\/li>\n<li><span>Elektrick\u00fd radi\u00e1tor<\/span><\/li>\n<\/ul>\n<p>Materi\u00e1l ocelov\u00e9 trubky \u00d8 22 mm<br \/>ocelov\u00e9 profi ly D35\u00d741 mm<br \/>P\u0159ipojovac\u00ed z\u00e1vity 4\u00d7G1\/2&#8243;<br \/>Zku\u0161ebn\u00ed p\u0159etlak 1,3 MPa<br \/>Max. provozn\u00ed p\u0159etlak 1,0 MPa<br \/>Max. provozn\u00ed teplota 95 \u00b0C<br \/>Po\u010det trubek 24, 32, 37<br \/>V\u00fdkon 767 W<\/p>\n<\/p>\n<p>&nbsp;<\/p>\n<\/p>\n<\/p>\n<p><strong>P\u0159\u00edslu\u0161enstv\u00ed zobrazen\u00e9 na fotografii produktu nen\u00ed sou\u010d\u00e1st\u00ed dod\u00e1vky radi\u00e1toru.<\/strong><\/p>\n<h2><strong><\/strong><\/h2>\n<div class=\"plus-gallery-wrap\">\n<div class=\"plus-gallery-item\" style=\"height: 100px; width: 100px;\"><\/div>\n<\/div>\n<p><strong>Upozorn\u011bn\u00ed pro z\u00e1kazn\u00edky ke koupi produkt\u016f na objedn\u00e1n\u00ed:<\/strong> Toto zbo\u017e\u00ed nen\u00ed standardn\u00edm s\u00e9riov\u00fdm v\u00fdrobkem. Bude vyrobeno na p\u0159\u00e1n\u00ed z\u00e1kazn\u00edka a proto jej nelze dodavateli v z\u00e1konn\u00e9 lh\u016ft\u011b vr\u00e1tit. (viz \u00a71837 odst.d, ob\u010dansk\u00e9ho z\u00e1kon\u00edku). V tomto p\u0159\u00edpad\u011b m\u016f\u017eeme po\u017eadovat nevratnou z\u00e1lohu a\u017e do v\u00fd\u0161e 100% z ceny v\u00fdrobku.<\/p>\n<h1 style=\"text-align: center;\"><span style=\"font-size: 18pt;\"><strong><span style=\"color: #ff0000;\"><\/span><\/strong><\/span>&nbsp;<\/h1>\n<div class=\"plus-gallery-wrap\">&nbsp;<\/div>\n<\/p><\/div>\n","protected":false},"excerpt":{"rendered":"<p>Detailn\u00ed popis produktu Vertik\u00e1ln\u00ed topn\u00e9 t\u011bleso Palmyra Chrom je kombinac\u00ed estetick\u00fdch a funk\u010dn\u00edch parametr\u016f pro harmonii ve Va\u0161\u00ed koupeln\u011b. Spolehliv\u00fd a z\u00e1rove\u0148 elegantn\u00ed radi\u00e1tor decentn\u00edho, ale luxusn\u00edho chromovan\u00e9ho povrchu. T\u011bleso pro ty, kte\u0159\u00ed vy\u017eaduj\u00ed maxim\u00e1ln\u00ed kvalitu. Na zak\u00e1zku dod\u00e1me chromov\u00e9 radi\u00e1tory s elektrickou topnou spir\u00e1lou. Radi\u00e1tor pro zapojen\u00ed do centr\u00e1ln\u00ed otopn\u00e9 soustavy Kombinovan\u00e9 vyt\u00e1p\u011bn\u00ed &#8211; [&hellip;]<\/p>\n","protected":false},"featured_media":75604,"comment_status":"open","ping_status":"open","template":"","meta":[],"product_brand":[],"product_cat":[79],"product_tag":[],"class_list":{"0":"post-75504","1":"product","2":"type-product","3":"status-publish","4":"has-post-thumbnail","6":"product_cat-vytapeni","8":"first","9":"instock","10":"sale","11":"shipping-taxable","12":"purchasable","13":"product-type-simple"},"yoast_head":"<!-- This site is optimized with the Yoast SEO plugin v26.8 - https:\/\/yoast.com\/product\/yoast-seo-wordpress\/ -->\n<title>Ak\u010dn\u00ed Cena Isan Palmyra Chrom \u017eeb\u0159\u00edk do koupelny 1735\/600, 767 W, chrom, DPAL17350600SK80 -<\/title>\n<meta name=\"robots\" content=\"index, follow, max-snippet:-1, max-image-preview:large, max-video-preview:-1\" \/>\n<link rel=\"canonical\" href=\"https:\/\/www.oknobuild.com\/index.php\/produkt\/akcni-cena-isan-palmyra-chrom-zebrik-do-koupelny-1735-600-767-w-chrom-dpal17350600sk80-75504\/\" \/>\n<meta property=\"og:locale\" content=\"cs_CZ\" \/>\n<meta property=\"og:type\" content=\"article\" \/>\n<meta property=\"og:title\" content=\"Ak\u010dn\u00ed Cena Isan Palmyra Chrom \u017eeb\u0159\u00edk do koupelny 1735\/600, 767 W, chrom, DPAL17350600SK80 -\" \/>\n<meta property=\"og:description\" content=\"Detailn\u00ed popis produktu Vertik\u00e1ln\u00ed topn\u00e9 t\u011bleso Palmyra Chrom je kombinac\u00ed estetick\u00fdch a funk\u010dn\u00edch parametr\u016f pro harmonii ve Va\u0161\u00ed koupeln\u011b. Spolehliv\u00fd a z\u00e1rove\u0148 elegantn\u00ed radi\u00e1tor decentn\u00edho, ale luxusn\u00edho chromovan\u00e9ho povrchu. T\u011bleso pro ty, kte\u0159\u00ed vy\u017eaduj\u00ed maxim\u00e1ln\u00ed kvalitu. Na zak\u00e1zku dod\u00e1me chromov\u00e9 radi\u00e1tory s elektrickou topnou spir\u00e1lou. Radi\u00e1tor pro zapojen\u00ed do centr\u00e1ln\u00ed otopn\u00e9 soustavy Kombinovan\u00e9 vyt\u00e1p\u011bn\u00ed &#8211; [&hellip;]\" \/>\n<meta property=\"og:url\" content=\"https:\/\/www.oknobuild.com\/index.php\/produkt\/akcni-cena-isan-palmyra-chrom-zebrik-do-koupelny-1735-600-767-w-chrom-dpal17350600sk80-75504\/\" \/>\n<meta property=\"og:image\" content=\"https:\/\/www.oknobuild.com\/wp-content\/uploads\/2026\/SK0019995-CZ20260425-093631-0-1777080994-331250-4_palmyra-chrom-1135x600.webp\" \/>\n\t<meta property=\"og:image:width\" content=\"1000\" \/>\n\t<meta property=\"og:image:height\" content=\"750\" \/>\n\t<meta property=\"og:image:type\" content=\"image\/webp\" \/>\n<meta name=\"twitter:card\" content=\"summary_large_image\" \/>\n<meta name=\"twitter:label1\" content=\"Odhadovan\u00e1 doba \u010dten\u00ed\" \/>\n\t<meta name=\"twitter:data1\" content=\"1 minuta\" \/>\n<script type=\"application\/ld+json\" class=\"yoast-schema-graph\">{\"@context\":\"https:\/\/schema.org\",\"@graph\":[{\"@type\":\"WebPage\",\"@id\":\"https:\/\/www.oknobuild.com\/index.php\/produkt\/akcni-cena-isan-palmyra-chrom-zebrik-do-koupelny-1735-600-767-w-chrom-dpal17350600sk80-75504\/\",\"url\":\"https:\/\/www.oknobuild.com\/index.php\/produkt\/akcni-cena-isan-palmyra-chrom-zebrik-do-koupelny-1735-600-767-w-chrom-dpal17350600sk80-75504\/\",\"name\":\"Ak\u010dn\u00ed Cena Isan Palmyra Chrom \u017eeb\u0159\u00edk do koupelny 1735\/600, 767 W, chrom, DPAL17350600SK80 -\",\"isPartOf\":{\"@id\":\"https:\/\/www.oknobuild.com\/#website\"},\"primaryImageOfPage\":{\"@id\":\"https:\/\/www.oknobuild.com\/index.php\/produkt\/akcni-cena-isan-palmyra-chrom-zebrik-do-koupelny-1735-600-767-w-chrom-dpal17350600sk80-75504\/#primaryimage\"},\"image\":{\"@id\":\"https:\/\/www.oknobuild.com\/index.php\/produkt\/akcni-cena-isan-palmyra-chrom-zebrik-do-koupelny-1735-600-767-w-chrom-dpal17350600sk80-75504\/#primaryimage\"},\"thumbnailUrl\":\"https:\/\/www.oknobuild.com\/wp-content\/uploads\/2026\/SK0019995-CZ20260425-093631-0-1777080994-331250-4_palmyra-chrom-1135x600.webp\",\"datePublished\":\"2026-04-27T04:44:00+00:00\",\"breadcrumb\":{\"@id\":\"https:\/\/www.oknobuild.com\/index.php\/produkt\/akcni-cena-isan-palmyra-chrom-zebrik-do-koupelny-1735-600-767-w-chrom-dpal17350600sk80-75504\/#breadcrumb\"},\"inLanguage\":\"cs\",\"potentialAction\":[{\"@type\":\"ReadAction\",\"target\":[\"https:\/\/www.oknobuild.com\/index.php\/produkt\/akcni-cena-isan-palmyra-chrom-zebrik-do-koupelny-1735-600-767-w-chrom-dpal17350600sk80-75504\/\"]}]},{\"@type\":\"ImageObject\",\"inLanguage\":\"cs\",\"@id\":\"https:\/\/www.oknobuild.com\/index.php\/produkt\/akcni-cena-isan-palmyra-chrom-zebrik-do-koupelny-1735-600-767-w-chrom-dpal17350600sk80-75504\/#primaryimage\",\"url\":\"https:\/\/www.oknobuild.com\/wp-content\/uploads\/2026\/SK0019995-CZ20260425-093631-0-1777080994-331250-4_palmyra-chrom-1135x600.webp\",\"contentUrl\":\"https:\/\/www.oknobuild.com\/wp-content\/uploads\/2026\/SK0019995-CZ20260425-093631-0-1777080994-331250-4_palmyra-chrom-1135x600.webp\",\"width\":1000,\"height\":750},{\"@type\":\"BreadcrumbList\",\"@id\":\"https:\/\/www.oknobuild.com\/index.php\/produkt\/akcni-cena-isan-palmyra-chrom-zebrik-do-koupelny-1735-600-767-w-chrom-dpal17350600sk80-75504\/#breadcrumb\",\"itemListElement\":[{\"@type\":\"ListItem\",\"position\":1,\"name\":\"Home\",\"item\":\"https:\/\/www.oknobuild.com\/\"},{\"@type\":\"ListItem\",\"position\":2,\"name\":\"Products\",\"item\":\"https:\/\/www.oknobuild.com\/index.php\/products\/\"},{\"@type\":\"ListItem\",\"position\":3,\"name\":\"Ak\u010dn\u00ed Cena Isan Palmyra Chrom \u017eeb\u0159\u00edk do koupelny 1735\/600, 767 W, chrom, DPAL17350600SK80\"}]},{\"@type\":\"WebSite\",\"@id\":\"https:\/\/www.oknobuild.com\/#website\",\"url\":\"https:\/\/www.oknobuild.com\/\",\"name\":\"\",\"description\":\"\",\"potentialAction\":[{\"@type\":\"SearchAction\",\"target\":{\"@type\":\"EntryPoint\",\"urlTemplate\":\"https:\/\/www.oknobuild.com\/?s={search_term_string}\"},\"query-input\":{\"@type\":\"PropertyValueSpecification\",\"valueRequired\":true,\"valueName\":\"search_term_string\"}}],\"inLanguage\":\"cs\"}]}<\/script>\n<!-- \/ Yoast SEO plugin. -->","yoast_head_json":{"title":"Ak\u010dn\u00ed Cena Isan Palmyra Chrom \u017eeb\u0159\u00edk do koupelny 1735\/600, 767 W, chrom, DPAL17350600SK80 -","robots":{"index":"index","follow":"follow","max-snippet":"max-snippet:-1","max-image-preview":"max-image-preview:large","max-video-preview":"max-video-preview:-1"},"canonical":"https:\/\/www.oknobuild.com\/index.php\/produkt\/akcni-cena-isan-palmyra-chrom-zebrik-do-koupelny-1735-600-767-w-chrom-dpal17350600sk80-75504\/","og_locale":"cs_CZ","og_type":"article","og_title":"Ak\u010dn\u00ed Cena Isan Palmyra Chrom \u017eeb\u0159\u00edk do koupelny 1735\/600, 767 W, chrom, DPAL17350600SK80 -","og_description":"Detailn\u00ed popis produktu Vertik\u00e1ln\u00ed topn\u00e9 t\u011bleso Palmyra Chrom je kombinac\u00ed estetick\u00fdch a funk\u010dn\u00edch parametr\u016f pro harmonii ve Va\u0161\u00ed koupeln\u011b. Spolehliv\u00fd a z\u00e1rove\u0148 elegantn\u00ed radi\u00e1tor decentn\u00edho, ale luxusn\u00edho chromovan\u00e9ho povrchu. T\u011bleso pro ty, kte\u0159\u00ed vy\u017eaduj\u00ed maxim\u00e1ln\u00ed kvalitu. Na zak\u00e1zku dod\u00e1me chromov\u00e9 radi\u00e1tory s elektrickou topnou spir\u00e1lou. Radi\u00e1tor pro zapojen\u00ed do centr\u00e1ln\u00ed otopn\u00e9 soustavy Kombinovan\u00e9 vyt\u00e1p\u011bn\u00ed &#8211; [&hellip;]","og_url":"https:\/\/www.oknobuild.com\/index.php\/produkt\/akcni-cena-isan-palmyra-chrom-zebrik-do-koupelny-1735-600-767-w-chrom-dpal17350600sk80-75504\/","og_image":[{"width":1000,"height":750,"url":"https:\/\/www.oknobuild.com\/wp-content\/uploads\/2026\/SK0019995-CZ20260425-093631-0-1777080994-331250-4_palmyra-chrom-1135x600.webp","type":"image\/webp"}],"twitter_card":"summary_large_image","twitter_misc":{"Odhadovan\u00e1 doba \u010dten\u00ed":"1 minuta"},"schema":{"@context":"https:\/\/schema.org","@graph":[{"@type":"WebPage","@id":"https:\/\/www.oknobuild.com\/index.php\/produkt\/akcni-cena-isan-palmyra-chrom-zebrik-do-koupelny-1735-600-767-w-chrom-dpal17350600sk80-75504\/","url":"https:\/\/www.oknobuild.com\/index.php\/produkt\/akcni-cena-isan-palmyra-chrom-zebrik-do-koupelny-1735-600-767-w-chrom-dpal17350600sk80-75504\/","name":"Ak\u010dn\u00ed Cena Isan Palmyra Chrom \u017eeb\u0159\u00edk do koupelny 1735\/600, 767 W, chrom, DPAL17350600SK80 -","isPartOf":{"@id":"https:\/\/www.oknobuild.com\/#website"},"primaryImageOfPage":{"@id":"https:\/\/www.oknobuild.com\/index.php\/produkt\/akcni-cena-isan-palmyra-chrom-zebrik-do-koupelny-1735-600-767-w-chrom-dpal17350600sk80-75504\/#primaryimage"},"image":{"@id":"https:\/\/www.oknobuild.com\/index.php\/produkt\/akcni-cena-isan-palmyra-chrom-zebrik-do-koupelny-1735-600-767-w-chrom-dpal17350600sk80-75504\/#primaryimage"},"thumbnailUrl":"https:\/\/www.oknobuild.com\/wp-content\/uploads\/2026\/SK0019995-CZ20260425-093631-0-1777080994-331250-4_palmyra-chrom-1135x600.webp","datePublished":"2026-04-27T04:44:00+00:00","breadcrumb":{"@id":"https:\/\/www.oknobuild.com\/index.php\/produkt\/akcni-cena-isan-palmyra-chrom-zebrik-do-koupelny-1735-600-767-w-chrom-dpal17350600sk80-75504\/#breadcrumb"},"inLanguage":"cs","potentialAction":[{"@type":"ReadAction","target":["https:\/\/www.oknobuild.com\/index.php\/produkt\/akcni-cena-isan-palmyra-chrom-zebrik-do-koupelny-1735-600-767-w-chrom-dpal17350600sk80-75504\/"]}]},{"@type":"ImageObject","inLanguage":"cs","@id":"https:\/\/www.oknobuild.com\/index.php\/produkt\/akcni-cena-isan-palmyra-chrom-zebrik-do-koupelny-1735-600-767-w-chrom-dpal17350600sk80-75504\/#primaryimage","url":"https:\/\/www.oknobuild.com\/wp-content\/uploads\/2026\/SK0019995-CZ20260425-093631-0-1777080994-331250-4_palmyra-chrom-1135x600.webp","contentUrl":"https:\/\/www.oknobuild.com\/wp-content\/uploads\/2026\/SK0019995-CZ20260425-093631-0-1777080994-331250-4_palmyra-chrom-1135x600.webp","width":1000,"height":750},{"@type":"BreadcrumbList","@id":"https:\/\/www.oknobuild.com\/index.php\/produkt\/akcni-cena-isan-palmyra-chrom-zebrik-do-koupelny-1735-600-767-w-chrom-dpal17350600sk80-75504\/#breadcrumb","itemListElement":[{"@type":"ListItem","position":1,"name":"Home","item":"https:\/\/www.oknobuild.com\/"},{"@type":"ListItem","position":2,"name":"Products","item":"https:\/\/www.oknobuild.com\/index.php\/products\/"},{"@type":"ListItem","position":3,"name":"Ak\u010dn\u00ed Cena Isan Palmyra Chrom \u017eeb\u0159\u00edk do koupelny 1735\/600, 767 W, chrom, DPAL17350600SK80"}]},{"@type":"WebSite","@id":"https:\/\/www.oknobuild.com\/#website","url":"https:\/\/www.oknobuild.com\/","name":"","description":"","potentialAction":[{"@type":"SearchAction","target":{"@type":"EntryPoint","urlTemplate":"https:\/\/www.oknobuild.com\/?s={search_term_string}"},"query-input":{"@type":"PropertyValueSpecification","valueRequired":true,"valueName":"search_term_string"}}],"inLanguage":"cs"}]}},"_links":{"self":[{"href":"https:\/\/www.oknobuild.com\/index.php\/wp-json\/wp\/v2\/product\/75504","targetHints":{"allow":["GET"]}}],"collection":[{"href":"https:\/\/www.oknobuild.com\/index.php\/wp-json\/wp\/v2\/product"}],"about":[{"href":"https:\/\/www.oknobuild.com\/index.php\/wp-json\/wp\/v2\/types\/product"}],"replies":[{"embeddable":true,"href":"https:\/\/www.oknobuild.com\/index.php\/wp-json\/wp\/v2\/comments?post=75504"}],"wp:featuredmedia":[{"embeddable":true,"href":"https:\/\/www.oknobuild.com\/index.php\/wp-json\/wp\/v2\/media\/75604"}],"wp:attachment":[{"href":"https:\/\/www.oknobuild.com\/index.php\/wp-json\/wp\/v2\/media?parent=75504"}],"wp:term":[{"taxonomy":"product_brand","embeddable":true,"href":"https:\/\/www.oknobuild.com\/index.php\/wp-json\/wp\/v2\/product_brand?post=75504"},{"taxonomy":"product_cat","embeddable":true,"href":"https:\/\/www.oknobuild.com\/index.php\/wp-json\/wp\/v2\/product_cat?post=75504"},{"taxonomy":"product_tag","embeddable":true,"href":"https:\/\/www.oknobuild.com\/index.php\/wp-json\/wp\/v2\/product_tag?post=75504"}],"curies":[{"name":"wp","href":"https:\/\/api.w.org\/{rel}","templated":true}]}}