{"id":75907,"date":"2026-04-27T04:44:01","date_gmt":"2026-04-27T04:44:01","guid":{"rendered":""},"modified":"2026-04-27T04:44:01","modified_gmt":"2026-04-27T04:44:01","slug":"akce-sasso-pt1-d25-ideallux-75907","status":"publish","type":"product","link":"https:\/\/www.oknobuild.com\/index.php\/produkt\/akce-sasso-pt1-d25-ideallux-75907\/","title":{"rendered":"Akce SASSO PT1 D25 &#8211; IDEALLUX"},"content":{"rendered":"<h3 class=\"product-h3\">Popis produktu<\/h3>\n<p>Venkovn\u00ed kulat\u00e9 dekorativn\u00ed sv\u00edtidlo Sasso v nejmen\u0161\u00edm proveden\u00ed s \u0161\u00ed\u0159kou 25 cm z kolekce designov\u00fdch italsk\u00fdch sv\u00edtidel Ideal Lux velmi p\u0159\u00edjemn\u011b rozsv\u00edt\u00ed prostory na terase nebo v zahrad\u011b. Je osazeno patic\u00ed G9 pro \u00fasporn\u00fd zdroj o maxim\u00e1ln\u00edm p\u0159\u00edkonu 1 x 15 W, kter\u00fd nen\u00ed sou\u010d\u00e1st\u00ed balen\u00ed. Plastov\u00fd matn\u00fd ml\u00e9\u010dn\u011b b\u00edl\u00fd difuzor jemn\u011b rozptyluje sv\u011btlo, kter\u00e9 neosl\u0148uje. Sv\u00edtidlo je dod\u00e1v\u00e1no v\u010detn\u011b 2,5 m dlouh\u00e9ho nap\u00e1jec\u00edho \u010dern\u00e9ho kabelu do elektrick\u00e9 z\u00e1suvky a \u010dern\u00e9ho plastov\u00e9ho 27 cm dlouh\u00e9ho kol\u00edku se z\u00e1kladnou \u00d8 11,5 cm pro zemn\u00ed mont\u00e1\u017e v zahrad\u011b. Kryt\u00ed IP44 vyjad\u0159uje vod\u011bodolnost a vhodnost pro pou\u017eit\u00ed ve vlhk\u00e9m venkovn\u00edm prost\u0159ed\u00ed.<\/p>\n<\/p><\/div>\n<\/p><\/div>\n<p><\/p>\n<div class=\"top-params\">\n<h3 class=\"product-h3 collapse-header \" data-toggle=\"collapse\" data-target=\"#collapseOne\" aria-expanded=\"true\" aria-controls=\"collapseOne\">Parametry<\/h3>\n<div id=\"collapseOne\" class=\"collapse show\" aria-labelledby=\"headingOne\" data-parent=\"#product-info-accordion1\">\n<table class=\"table-striped\">\n<tr>\n<td>                V\u00fd\u0161ka v mm            <\/td>\n<td>                180            <\/td>\n<\/tr>\n<tr>\n<td>                T\u0159\u00edda ochrany            <\/td>\n<td>                II            <\/td>\n<\/tr>\n<tr>\n<td>                Hmotnost g            <\/td>\n<td>                710            <\/td>\n<\/tr>\n<tr>\n<td>                D\u00e9lka p\u0159\u00edvodn\u00edho kabelu v mm            <\/td>\n<td>                2500            <\/td>\n<\/tr>\n<tr>\n<td>                Ochrana IP            <\/td>\n<td>                IP44            <\/td>\n<\/tr>\n<tr>\n<td>                Max. p\u0159\u00edkon sv\u011bteln\u00e9ho zdroje            <\/td>\n<td>                15W            <\/td>\n<\/tr>\n<tr>\n<td>                V\u00fdkon            <\/td>\n<td>                15W            <\/td>\n<\/tr>\n<tr>\n<td>                Patice            <\/td>\n<td>                G9            <\/td>\n<\/tr>\n<tr>\n<td>                V\u010detn\u011b sv\u011bteln\u00e9ho zdroje            <\/td>\n<td>                ne            <\/td>\n<\/tr>\n<tr>\n<td>                Materi\u00e1l            <\/td>\n<td>                plast            <\/td>\n<\/tr>\n<tr>\n<td>                Barva            <\/td>\n<td>                b\u00edl\u00e1            <\/td>\n<\/tr>\n<tr>\n<td>                Po\u010det sv\u011bteln\u00fdch zdroj\u016f            <\/td>\n<td>                1            <\/td>\n<\/tr>\n<tr>\n<td>                V\u00fdrobce            <\/td>\n<td>                IDEALLUX            <\/td>\n<\/tr>\n<tr>\n<td>                \u0160\u00ed\u0159ka v mm            <\/td>\n<td>                200            <\/td>\n<\/tr>\n<tr>\n<td>                D\u00e9lka v mm            <\/td>\n<td>                250            <\/td>\n<\/tr>\n<tr>\n<td>                Nap\u00e1jec\u00ed nap\u011bt\u00ed            <\/td>\n<td>                220-240V            <\/td>\n<\/tr>\n<tr>\n<td>                Kolekce            <\/td>\n<td>                SASSO            <\/td>\n<\/tr>\n<tr>\n<td>                U v\u00fdrobce dostupn\u00fdch            <\/td>\n<td>                364                    ks            <\/td>\n<\/tr>\n<\/table>\n<\/div><\/div>\n<\/div>\n<div class=\"accordion\" id=\"product-info-accordion2\">\n","protected":false},"excerpt":{"rendered":"<p>Popis produktu Venkovn\u00ed kulat\u00e9 dekorativn\u00ed sv\u00edtidlo Sasso v nejmen\u0161\u00edm proveden\u00ed s \u0161\u00ed\u0159kou 25 cm z kolekce designov\u00fdch italsk\u00fdch sv\u00edtidel Ideal Lux velmi p\u0159\u00edjemn\u011b rozsv\u00edt\u00ed prostory na terase nebo v zahrad\u011b. Je osazeno patic\u00ed G9 pro \u00fasporn\u00fd zdroj o maxim\u00e1ln\u00edm p\u0159\u00edkonu 1 x 15 W, kter\u00fd nen\u00ed sou\u010d\u00e1st\u00ed balen\u00ed. Plastov\u00fd matn\u00fd ml\u00e9\u010dn\u011b b\u00edl\u00fd difuzor jemn\u011b rozptyluje [&hellip;]<\/p>\n","protected":false},"featured_media":76007,"comment_status":"open","ping_status":"open","template":"","meta":[],"product_brand":[],"product_cat":[37],"product_tag":[],"class_list":{"0":"post-75907","1":"product","2":"type-product","3":"status-publish","4":"has-post-thumbnail","6":"product_cat-venkovni-svitidla","8":"first","9":"instock","10":"sale","11":"shipping-taxable","12":"purchasable","13":"product-type-simple"},"yoast_head":"<!-- This site is optimized with the Yoast SEO plugin v26.8 - https:\/\/yoast.com\/product\/yoast-seo-wordpress\/ -->\n<title>Akce SASSO PT1 D25 - IDEALLUX -<\/title>\n<meta name=\"robots\" content=\"index, follow, max-snippet:-1, max-image-preview:large, max-video-preview:-1\" \/>\n<link rel=\"canonical\" href=\"https:\/\/www.oknobuild.com\/index.php\/produkt\/akce-sasso-pt1-d25-ideallux-75907\/\" \/>\n<meta property=\"og:locale\" content=\"cs_CZ\" \/>\n<meta property=\"og:type\" content=\"article\" \/>\n<meta property=\"og:title\" content=\"Akce SASSO PT1 D25 - IDEALLUX -\" \/>\n<meta property=\"og:description\" content=\"Popis produktu Venkovn\u00ed kulat\u00e9 dekorativn\u00ed sv\u00edtidlo Sasso v nejmen\u0161\u00edm proveden\u00ed s \u0161\u00ed\u0159kou 25 cm z kolekce designov\u00fdch italsk\u00fdch sv\u00edtidel Ideal Lux velmi p\u0159\u00edjemn\u011b rozsv\u00edt\u00ed prostory na terase nebo v zahrad\u011b. Je osazeno patic\u00ed G9 pro \u00fasporn\u00fd zdroj o maxim\u00e1ln\u00edm p\u0159\u00edkonu 1 x 15 W, kter\u00fd nen\u00ed sou\u010d\u00e1st\u00ed balen\u00ed. Plastov\u00fd matn\u00fd ml\u00e9\u010dn\u011b b\u00edl\u00fd difuzor jemn\u011b rozptyluje [&hellip;]\" \/>\n<meta property=\"og:url\" content=\"https:\/\/www.oknobuild.com\/index.php\/produkt\/akce-sasso-pt1-d25-ideallux-75907\/\" \/>\n<meta property=\"og:image\" content=\"https:\/\/www.oknobuild.com\/wp-content\/uploads\/2026\/SK0015766-CZ20260425-091535-0-1777079743-ILUX-161754.webp\" \/>\n\t<meta property=\"og:image:width\" content=\"425\" \/>\n\t<meta property=\"og:image:height\" content=\"425\" \/>\n\t<meta property=\"og:image:type\" content=\"image\/webp\" \/>\n<meta name=\"twitter:card\" content=\"summary_large_image\" \/>\n<meta name=\"twitter:label1\" content=\"Odhadovan\u00e1 doba \u010dten\u00ed\" \/>\n\t<meta name=\"twitter:data1\" content=\"1 minuta\" \/>\n<script type=\"application\/ld+json\" class=\"yoast-schema-graph\">{\"@context\":\"https:\/\/schema.org\",\"@graph\":[{\"@type\":\"WebPage\",\"@id\":\"https:\/\/www.oknobuild.com\/index.php\/produkt\/akce-sasso-pt1-d25-ideallux-75907\/\",\"url\":\"https:\/\/www.oknobuild.com\/index.php\/produkt\/akce-sasso-pt1-d25-ideallux-75907\/\",\"name\":\"Akce SASSO PT1 D25 - IDEALLUX -\",\"isPartOf\":{\"@id\":\"https:\/\/www.oknobuild.com\/#website\"},\"primaryImageOfPage\":{\"@id\":\"https:\/\/www.oknobuild.com\/index.php\/produkt\/akce-sasso-pt1-d25-ideallux-75907\/#primaryimage\"},\"image\":{\"@id\":\"https:\/\/www.oknobuild.com\/index.php\/produkt\/akce-sasso-pt1-d25-ideallux-75907\/#primaryimage\"},\"thumbnailUrl\":\"https:\/\/www.oknobuild.com\/wp-content\/uploads\/2026\/SK0015766-CZ20260425-091535-0-1777079743-ILUX-161754.webp\",\"datePublished\":\"2026-04-27T04:44:01+00:00\",\"breadcrumb\":{\"@id\":\"https:\/\/www.oknobuild.com\/index.php\/produkt\/akce-sasso-pt1-d25-ideallux-75907\/#breadcrumb\"},\"inLanguage\":\"cs\",\"potentialAction\":[{\"@type\":\"ReadAction\",\"target\":[\"https:\/\/www.oknobuild.com\/index.php\/produkt\/akce-sasso-pt1-d25-ideallux-75907\/\"]}]},{\"@type\":\"ImageObject\",\"inLanguage\":\"cs\",\"@id\":\"https:\/\/www.oknobuild.com\/index.php\/produkt\/akce-sasso-pt1-d25-ideallux-75907\/#primaryimage\",\"url\":\"https:\/\/www.oknobuild.com\/wp-content\/uploads\/2026\/SK0015766-CZ20260425-091535-0-1777079743-ILUX-161754.webp\",\"contentUrl\":\"https:\/\/www.oknobuild.com\/wp-content\/uploads\/2026\/SK0015766-CZ20260425-091535-0-1777079743-ILUX-161754.webp\",\"width\":425,\"height\":425},{\"@type\":\"BreadcrumbList\",\"@id\":\"https:\/\/www.oknobuild.com\/index.php\/produkt\/akce-sasso-pt1-d25-ideallux-75907\/#breadcrumb\",\"itemListElement\":[{\"@type\":\"ListItem\",\"position\":1,\"name\":\"Home\",\"item\":\"https:\/\/www.oknobuild.com\/\"},{\"@type\":\"ListItem\",\"position\":2,\"name\":\"Products\",\"item\":\"https:\/\/www.oknobuild.com\/index.php\/products\/\"},{\"@type\":\"ListItem\",\"position\":3,\"name\":\"Akce SASSO PT1 D25 &#8211; IDEALLUX\"}]},{\"@type\":\"WebSite\",\"@id\":\"https:\/\/www.oknobuild.com\/#website\",\"url\":\"https:\/\/www.oknobuild.com\/\",\"name\":\"\",\"description\":\"\",\"potentialAction\":[{\"@type\":\"SearchAction\",\"target\":{\"@type\":\"EntryPoint\",\"urlTemplate\":\"https:\/\/www.oknobuild.com\/?s={search_term_string}\"},\"query-input\":{\"@type\":\"PropertyValueSpecification\",\"valueRequired\":true,\"valueName\":\"search_term_string\"}}],\"inLanguage\":\"cs\"}]}<\/script>\n<!-- \/ Yoast SEO plugin. -->","yoast_head_json":{"title":"Akce SASSO PT1 D25 - IDEALLUX -","robots":{"index":"index","follow":"follow","max-snippet":"max-snippet:-1","max-image-preview":"max-image-preview:large","max-video-preview":"max-video-preview:-1"},"canonical":"https:\/\/www.oknobuild.com\/index.php\/produkt\/akce-sasso-pt1-d25-ideallux-75907\/","og_locale":"cs_CZ","og_type":"article","og_title":"Akce SASSO PT1 D25 - IDEALLUX -","og_description":"Popis produktu Venkovn\u00ed kulat\u00e9 dekorativn\u00ed sv\u00edtidlo Sasso v nejmen\u0161\u00edm proveden\u00ed s \u0161\u00ed\u0159kou 25 cm z kolekce designov\u00fdch italsk\u00fdch sv\u00edtidel Ideal Lux velmi p\u0159\u00edjemn\u011b rozsv\u00edt\u00ed prostory na terase nebo v zahrad\u011b. Je osazeno patic\u00ed G9 pro \u00fasporn\u00fd zdroj o maxim\u00e1ln\u00edm p\u0159\u00edkonu 1 x 15 W, kter\u00fd nen\u00ed sou\u010d\u00e1st\u00ed balen\u00ed. Plastov\u00fd matn\u00fd ml\u00e9\u010dn\u011b b\u00edl\u00fd difuzor jemn\u011b rozptyluje [&hellip;]","og_url":"https:\/\/www.oknobuild.com\/index.php\/produkt\/akce-sasso-pt1-d25-ideallux-75907\/","og_image":[{"width":425,"height":425,"url":"https:\/\/www.oknobuild.com\/wp-content\/uploads\/2026\/SK0015766-CZ20260425-091535-0-1777079743-ILUX-161754.webp","type":"image\/webp"}],"twitter_card":"summary_large_image","twitter_misc":{"Odhadovan\u00e1 doba \u010dten\u00ed":"1 minuta"},"schema":{"@context":"https:\/\/schema.org","@graph":[{"@type":"WebPage","@id":"https:\/\/www.oknobuild.com\/index.php\/produkt\/akce-sasso-pt1-d25-ideallux-75907\/","url":"https:\/\/www.oknobuild.com\/index.php\/produkt\/akce-sasso-pt1-d25-ideallux-75907\/","name":"Akce SASSO PT1 D25 - IDEALLUX -","isPartOf":{"@id":"https:\/\/www.oknobuild.com\/#website"},"primaryImageOfPage":{"@id":"https:\/\/www.oknobuild.com\/index.php\/produkt\/akce-sasso-pt1-d25-ideallux-75907\/#primaryimage"},"image":{"@id":"https:\/\/www.oknobuild.com\/index.php\/produkt\/akce-sasso-pt1-d25-ideallux-75907\/#primaryimage"},"thumbnailUrl":"https:\/\/www.oknobuild.com\/wp-content\/uploads\/2026\/SK0015766-CZ20260425-091535-0-1777079743-ILUX-161754.webp","datePublished":"2026-04-27T04:44:01+00:00","breadcrumb":{"@id":"https:\/\/www.oknobuild.com\/index.php\/produkt\/akce-sasso-pt1-d25-ideallux-75907\/#breadcrumb"},"inLanguage":"cs","potentialAction":[{"@type":"ReadAction","target":["https:\/\/www.oknobuild.com\/index.php\/produkt\/akce-sasso-pt1-d25-ideallux-75907\/"]}]},{"@type":"ImageObject","inLanguage":"cs","@id":"https:\/\/www.oknobuild.com\/index.php\/produkt\/akce-sasso-pt1-d25-ideallux-75907\/#primaryimage","url":"https:\/\/www.oknobuild.com\/wp-content\/uploads\/2026\/SK0015766-CZ20260425-091535-0-1777079743-ILUX-161754.webp","contentUrl":"https:\/\/www.oknobuild.com\/wp-content\/uploads\/2026\/SK0015766-CZ20260425-091535-0-1777079743-ILUX-161754.webp","width":425,"height":425},{"@type":"BreadcrumbList","@id":"https:\/\/www.oknobuild.com\/index.php\/produkt\/akce-sasso-pt1-d25-ideallux-75907\/#breadcrumb","itemListElement":[{"@type":"ListItem","position":1,"name":"Home","item":"https:\/\/www.oknobuild.com\/"},{"@type":"ListItem","position":2,"name":"Products","item":"https:\/\/www.oknobuild.com\/index.php\/products\/"},{"@type":"ListItem","position":3,"name":"Akce SASSO PT1 D25 &#8211; IDEALLUX"}]},{"@type":"WebSite","@id":"https:\/\/www.oknobuild.com\/#website","url":"https:\/\/www.oknobuild.com\/","name":"","description":"","potentialAction":[{"@type":"SearchAction","target":{"@type":"EntryPoint","urlTemplate":"https:\/\/www.oknobuild.com\/?s={search_term_string}"},"query-input":{"@type":"PropertyValueSpecification","valueRequired":true,"valueName":"search_term_string"}}],"inLanguage":"cs"}]}},"_links":{"self":[{"href":"https:\/\/www.oknobuild.com\/index.php\/wp-json\/wp\/v2\/product\/75907","targetHints":{"allow":["GET"]}}],"collection":[{"href":"https:\/\/www.oknobuild.com\/index.php\/wp-json\/wp\/v2\/product"}],"about":[{"href":"https:\/\/www.oknobuild.com\/index.php\/wp-json\/wp\/v2\/types\/product"}],"replies":[{"embeddable":true,"href":"https:\/\/www.oknobuild.com\/index.php\/wp-json\/wp\/v2\/comments?post=75907"}],"wp:featuredmedia":[{"embeddable":true,"href":"https:\/\/www.oknobuild.com\/index.php\/wp-json\/wp\/v2\/media\/76007"}],"wp:attachment":[{"href":"https:\/\/www.oknobuild.com\/index.php\/wp-json\/wp\/v2\/media?parent=75907"}],"wp:term":[{"taxonomy":"product_brand","embeddable":true,"href":"https:\/\/www.oknobuild.com\/index.php\/wp-json\/wp\/v2\/product_brand?post=75907"},{"taxonomy":"product_cat","embeddable":true,"href":"https:\/\/www.oknobuild.com\/index.php\/wp-json\/wp\/v2\/product_cat?post=75907"},{"taxonomy":"product_tag","embeddable":true,"href":"https:\/\/www.oknobuild.com\/index.php\/wp-json\/wp\/v2\/product_tag?post=75907"}],"curies":[{"name":"wp","href":"https:\/\/api.w.org\/{rel}","templated":true}]}}