{"id":75932,"date":"2026-04-27T04:44:01","date_gmt":"2026-04-27T04:44:01","guid":{"rendered":""},"modified":"2026-04-27T04:44:01","modified_gmt":"2026-04-27T04:44:01","slug":"znackovy-venkovni-stropni-svitidlo-ideal-lux-gun-pl1-coffee-163666-hnede-ip44-ideallux-75932","status":"publish","type":"product","link":"https:\/\/www.oknobuild.com\/index.php\/produkt\/znackovy-venkovni-stropni-svitidlo-ideal-lux-gun-pl1-coffee-163666-hnede-ip44-ideallux-75932\/","title":{"rendered":"Zna\u010dkov\u00fd Venkovn\u00ed stropn\u00ed sv\u00edtidlo Ideal Lux Gun PL1 coffee 163666 hn\u011bd\u00e9 IP44 &#8211; IDEALLUX"},"content":{"rendered":"<h3 class=\"product-h3\">Popis produktu<\/h3>\n<p>Venkovn\u00ed stropn\u00ed bodov\u00e9 sv\u00edtidlo Gun PL1 v tmav\u011b hn\u011bd\u00e9 barv\u011b z kolekce zahradn\u00edho osv\u011btlen\u00ed italsk\u00e9 zna\u010dky Ideal Lux je vhodn\u00e9 pro nasv\u00edcen\u00ed verandy, balk\u00f3nu nebo terasy. Je vyrobeno z kvalitn\u00edho tlakov\u011b lit\u00e9ho hlin\u00edku s vn\u011bj\u0161\u00ed matnou povrchovou \u00fapravou, a ze sklen\u011bn\u00e9ho \u010dir\u00e9ho difuzoru. Svit je rovnom\u011brn\u011b rozpt\u00fdlen sm\u011brem dol\u016f. Uvnit\u0159 je osazeno patic\u00ed GU10 pro \u017e\u00e1rovku o maxim\u00e1ln\u00edm p\u0159\u00edkonu 1 x 28 W, kter\u00e1 nen\u00ed sou\u010d\u00e1st\u00ed balen\u00ed.<\/p>\n<\/p><\/div>\n<\/p><\/div>\n<p><\/p>\n<div class=\"top-params\">\n<h3 class=\"product-h3 collapse-header \" data-toggle=\"collapse\" data-target=\"#collapseOne\" aria-expanded=\"true\" aria-controls=\"collapseOne\">Parametry<\/h3>\n<div id=\"collapseOne\" class=\"collapse show\" aria-labelledby=\"headingOne\" data-parent=\"#product-info-accordion1\">\n<table class=\"table-striped\">\n<tr>\n<td>                V\u00fd\u0161ka v mm            <\/td>\n<td>                115            <\/td>\n<\/tr>\n<tr>\n<td>                T\u0159\u00edda ochrany            <\/td>\n<td>                I            <\/td>\n<\/tr>\n<tr>\n<td>                Hmotnost g            <\/td>\n<td>                490            <\/td>\n<\/tr>\n<tr>\n<td>                \u0160\u00ed\u0159ka v mm            <\/td>\n<td>                110            <\/td>\n<\/tr>\n<tr>\n<td>                Pr\u016fm\u011br v mm            <\/td>\n<td>                110            <\/td>\n<\/tr>\n<tr>\n<td>                D\u00e9lka v mm            <\/td>\n<td>                110            <\/td>\n<\/tr>\n<tr>\n<td>                Ochrana IP            <\/td>\n<td>                IP44            <\/td>\n<\/tr>\n<tr>\n<td>                Max. p\u0159\u00edkon sv\u011bteln\u00e9ho zdroje            <\/td>\n<td>                28W            <\/td>\n<\/tr>\n<tr>\n<td>                V\u00fdkon            <\/td>\n<td>                28W            <\/td>\n<\/tr>\n<tr>\n<td>                Nap\u00e1jec\u00ed nap\u011bt\u00ed            <\/td>\n<td>                220-240V            <\/td>\n<\/tr>\n<tr>\n<td>                Patice            <\/td>\n<td>                GU10            <\/td>\n<\/tr>\n<tr>\n<td>                V\u010detn\u011b sv\u011bteln\u00e9ho zdroje            <\/td>\n<td>                ne            <\/td>\n<\/tr>\n<tr>\n<td>                Materi\u00e1l            <\/td>\n<td>                hlin\u00edk            <\/td>\n<\/tr>\n<tr>\n<td>                Barva            <\/td>\n<td>                hn\u011bd\u00e1            <\/td>\n<\/tr>\n<tr>\n<td>                Po\u010det sv\u011bteln\u00fdch zdroj\u016f            <\/td>\n<td>                1            <\/td>\n<\/tr>\n<tr>\n<td>                V\u00fdrobce            <\/td>\n<td>                IDEALLUX            <\/td>\n<\/tr>\n<tr>\n<td>                Kolekce            <\/td>\n<td>                GUN            <\/td>\n<\/tr>\n<tr>\n<td>                U v\u00fdrobce dostupn\u00fdch            <\/td>\n<td>                834                    ks            <\/td>\n<\/tr>\n<\/table>\n<\/div><\/div>\n<\/div>\n<div class=\"accordion\" id=\"product-info-accordion2\">\n","protected":false},"excerpt":{"rendered":"<p>Popis produktu Venkovn\u00ed stropn\u00ed bodov\u00e9 sv\u00edtidlo Gun PL1 v tmav\u011b hn\u011bd\u00e9 barv\u011b z kolekce zahradn\u00edho osv\u011btlen\u00ed italsk\u00e9 zna\u010dky Ideal Lux je vhodn\u00e9 pro nasv\u00edcen\u00ed verandy, balk\u00f3nu nebo terasy. Je vyrobeno z kvalitn\u00edho tlakov\u011b lit\u00e9ho hlin\u00edku s vn\u011bj\u0161\u00ed matnou povrchovou \u00fapravou, a ze sklen\u011bn\u00e9ho \u010dir\u00e9ho difuzoru. Svit je rovnom\u011brn\u011b rozpt\u00fdlen sm\u011brem dol\u016f. Uvnit\u0159 je osazeno patic\u00ed [&hellip;]<\/p>\n","protected":false},"featured_media":76032,"comment_status":"open","ping_status":"open","template":"","meta":[],"product_brand":[],"product_cat":[37],"product_tag":[],"class_list":{"0":"post-75932","1":"product","2":"type-product","3":"status-publish","4":"has-post-thumbnail","6":"product_cat-venkovni-svitidla","8":"first","9":"instock","10":"sale","11":"shipping-taxable","12":"purchasable","13":"product-type-simple"},"yoast_head":"<!-- This site is optimized with the Yoast SEO plugin v26.8 - https:\/\/yoast.com\/product\/yoast-seo-wordpress\/ -->\n<title>Zna\u010dkov\u00fd Venkovn\u00ed stropn\u00ed sv\u00edtidlo Ideal Lux Gun PL1 coffee 163666 hn\u011bd\u00e9 IP44 - IDEALLUX -<\/title>\n<meta name=\"robots\" content=\"index, follow, max-snippet:-1, max-image-preview:large, max-video-preview:-1\" \/>\n<link rel=\"canonical\" href=\"https:\/\/www.oknobuild.com\/index.php\/produkt\/znackovy-venkovni-stropni-svitidlo-ideal-lux-gun-pl1-coffee-163666-hnede-ip44-ideallux-75932\/\" \/>\n<meta property=\"og:locale\" content=\"cs_CZ\" \/>\n<meta property=\"og:type\" content=\"article\" \/>\n<meta property=\"og:title\" content=\"Zna\u010dkov\u00fd Venkovn\u00ed stropn\u00ed sv\u00edtidlo Ideal Lux Gun PL1 coffee 163666 hn\u011bd\u00e9 IP44 - IDEALLUX -\" \/>\n<meta property=\"og:description\" content=\"Popis produktu Venkovn\u00ed stropn\u00ed bodov\u00e9 sv\u00edtidlo Gun PL1 v tmav\u011b hn\u011bd\u00e9 barv\u011b z kolekce zahradn\u00edho osv\u011btlen\u00ed italsk\u00e9 zna\u010dky Ideal Lux je vhodn\u00e9 pro nasv\u00edcen\u00ed verandy, balk\u00f3nu nebo terasy. Je vyrobeno z kvalitn\u00edho tlakov\u011b lit\u00e9ho hlin\u00edku s vn\u011bj\u0161\u00ed matnou povrchovou \u00fapravou, a ze sklen\u011bn\u00e9ho \u010dir\u00e9ho difuzoru. Svit je rovnom\u011brn\u011b rozpt\u00fdlen sm\u011brem dol\u016f. Uvnit\u0159 je osazeno patic\u00ed [&hellip;]\" \/>\n<meta property=\"og:url\" content=\"https:\/\/www.oknobuild.com\/index.php\/produkt\/znackovy-venkovni-stropni-svitidlo-ideal-lux-gun-pl1-coffee-163666-hnede-ip44-ideallux-75932\/\" \/>\n<meta property=\"og:image\" content=\"https:\/\/www.oknobuild.com\/wp-content\/uploads\/2026\/SK0015791-CZ20260425-091535-0-1777079743-ILUX-163666.webp\" \/>\n\t<meta property=\"og:image:width\" content=\"425\" \/>\n\t<meta property=\"og:image:height\" content=\"425\" \/>\n\t<meta property=\"og:image:type\" content=\"image\/webp\" \/>\n<meta name=\"twitter:card\" content=\"summary_large_image\" \/>\n<meta name=\"twitter:label1\" content=\"Odhadovan\u00e1 doba \u010dten\u00ed\" \/>\n\t<meta name=\"twitter:data1\" content=\"1 minuta\" \/>\n<script type=\"application\/ld+json\" class=\"yoast-schema-graph\">{\"@context\":\"https:\/\/schema.org\",\"@graph\":[{\"@type\":\"WebPage\",\"@id\":\"https:\/\/www.oknobuild.com\/index.php\/produkt\/znackovy-venkovni-stropni-svitidlo-ideal-lux-gun-pl1-coffee-163666-hnede-ip44-ideallux-75932\/\",\"url\":\"https:\/\/www.oknobuild.com\/index.php\/produkt\/znackovy-venkovni-stropni-svitidlo-ideal-lux-gun-pl1-coffee-163666-hnede-ip44-ideallux-75932\/\",\"name\":\"Zna\u010dkov\u00fd Venkovn\u00ed stropn\u00ed sv\u00edtidlo Ideal Lux Gun PL1 coffee 163666 hn\u011bd\u00e9 IP44 - IDEALLUX -\",\"isPartOf\":{\"@id\":\"https:\/\/www.oknobuild.com\/#website\"},\"primaryImageOfPage\":{\"@id\":\"https:\/\/www.oknobuild.com\/index.php\/produkt\/znackovy-venkovni-stropni-svitidlo-ideal-lux-gun-pl1-coffee-163666-hnede-ip44-ideallux-75932\/#primaryimage\"},\"image\":{\"@id\":\"https:\/\/www.oknobuild.com\/index.php\/produkt\/znackovy-venkovni-stropni-svitidlo-ideal-lux-gun-pl1-coffee-163666-hnede-ip44-ideallux-75932\/#primaryimage\"},\"thumbnailUrl\":\"https:\/\/www.oknobuild.com\/wp-content\/uploads\/2026\/SK0015791-CZ20260425-091535-0-1777079743-ILUX-163666.webp\",\"datePublished\":\"2026-04-27T04:44:01+00:00\",\"breadcrumb\":{\"@id\":\"https:\/\/www.oknobuild.com\/index.php\/produkt\/znackovy-venkovni-stropni-svitidlo-ideal-lux-gun-pl1-coffee-163666-hnede-ip44-ideallux-75932\/#breadcrumb\"},\"inLanguage\":\"cs\",\"potentialAction\":[{\"@type\":\"ReadAction\",\"target\":[\"https:\/\/www.oknobuild.com\/index.php\/produkt\/znackovy-venkovni-stropni-svitidlo-ideal-lux-gun-pl1-coffee-163666-hnede-ip44-ideallux-75932\/\"]}]},{\"@type\":\"ImageObject\",\"inLanguage\":\"cs\",\"@id\":\"https:\/\/www.oknobuild.com\/index.php\/produkt\/znackovy-venkovni-stropni-svitidlo-ideal-lux-gun-pl1-coffee-163666-hnede-ip44-ideallux-75932\/#primaryimage\",\"url\":\"https:\/\/www.oknobuild.com\/wp-content\/uploads\/2026\/SK0015791-CZ20260425-091535-0-1777079743-ILUX-163666.webp\",\"contentUrl\":\"https:\/\/www.oknobuild.com\/wp-content\/uploads\/2026\/SK0015791-CZ20260425-091535-0-1777079743-ILUX-163666.webp\",\"width\":425,\"height\":425},{\"@type\":\"BreadcrumbList\",\"@id\":\"https:\/\/www.oknobuild.com\/index.php\/produkt\/znackovy-venkovni-stropni-svitidlo-ideal-lux-gun-pl1-coffee-163666-hnede-ip44-ideallux-75932\/#breadcrumb\",\"itemListElement\":[{\"@type\":\"ListItem\",\"position\":1,\"name\":\"Home\",\"item\":\"https:\/\/www.oknobuild.com\/\"},{\"@type\":\"ListItem\",\"position\":2,\"name\":\"Products\",\"item\":\"https:\/\/www.oknobuild.com\/index.php\/products\/\"},{\"@type\":\"ListItem\",\"position\":3,\"name\":\"Zna\u010dkov\u00fd Venkovn\u00ed stropn\u00ed sv\u00edtidlo Ideal Lux Gun PL1 coffee 163666 hn\u011bd\u00e9 IP44 &#8211; IDEALLUX\"}]},{\"@type\":\"WebSite\",\"@id\":\"https:\/\/www.oknobuild.com\/#website\",\"url\":\"https:\/\/www.oknobuild.com\/\",\"name\":\"\",\"description\":\"\",\"potentialAction\":[{\"@type\":\"SearchAction\",\"target\":{\"@type\":\"EntryPoint\",\"urlTemplate\":\"https:\/\/www.oknobuild.com\/?s={search_term_string}\"},\"query-input\":{\"@type\":\"PropertyValueSpecification\",\"valueRequired\":true,\"valueName\":\"search_term_string\"}}],\"inLanguage\":\"cs\"}]}<\/script>\n<!-- \/ Yoast SEO plugin. -->","yoast_head_json":{"title":"Zna\u010dkov\u00fd Venkovn\u00ed stropn\u00ed sv\u00edtidlo Ideal Lux Gun PL1 coffee 163666 hn\u011bd\u00e9 IP44 - IDEALLUX -","robots":{"index":"index","follow":"follow","max-snippet":"max-snippet:-1","max-image-preview":"max-image-preview:large","max-video-preview":"max-video-preview:-1"},"canonical":"https:\/\/www.oknobuild.com\/index.php\/produkt\/znackovy-venkovni-stropni-svitidlo-ideal-lux-gun-pl1-coffee-163666-hnede-ip44-ideallux-75932\/","og_locale":"cs_CZ","og_type":"article","og_title":"Zna\u010dkov\u00fd Venkovn\u00ed stropn\u00ed sv\u00edtidlo Ideal Lux Gun PL1 coffee 163666 hn\u011bd\u00e9 IP44 - IDEALLUX -","og_description":"Popis produktu Venkovn\u00ed stropn\u00ed bodov\u00e9 sv\u00edtidlo Gun PL1 v tmav\u011b hn\u011bd\u00e9 barv\u011b z kolekce zahradn\u00edho osv\u011btlen\u00ed italsk\u00e9 zna\u010dky Ideal Lux je vhodn\u00e9 pro nasv\u00edcen\u00ed verandy, balk\u00f3nu nebo terasy. Je vyrobeno z kvalitn\u00edho tlakov\u011b lit\u00e9ho hlin\u00edku s vn\u011bj\u0161\u00ed matnou povrchovou \u00fapravou, a ze sklen\u011bn\u00e9ho \u010dir\u00e9ho difuzoru. Svit je rovnom\u011brn\u011b rozpt\u00fdlen sm\u011brem dol\u016f. Uvnit\u0159 je osazeno patic\u00ed [&hellip;]","og_url":"https:\/\/www.oknobuild.com\/index.php\/produkt\/znackovy-venkovni-stropni-svitidlo-ideal-lux-gun-pl1-coffee-163666-hnede-ip44-ideallux-75932\/","og_image":[{"width":425,"height":425,"url":"https:\/\/www.oknobuild.com\/wp-content\/uploads\/2026\/SK0015791-CZ20260425-091535-0-1777079743-ILUX-163666.webp","type":"image\/webp"}],"twitter_card":"summary_large_image","twitter_misc":{"Odhadovan\u00e1 doba \u010dten\u00ed":"1 minuta"},"schema":{"@context":"https:\/\/schema.org","@graph":[{"@type":"WebPage","@id":"https:\/\/www.oknobuild.com\/index.php\/produkt\/znackovy-venkovni-stropni-svitidlo-ideal-lux-gun-pl1-coffee-163666-hnede-ip44-ideallux-75932\/","url":"https:\/\/www.oknobuild.com\/index.php\/produkt\/znackovy-venkovni-stropni-svitidlo-ideal-lux-gun-pl1-coffee-163666-hnede-ip44-ideallux-75932\/","name":"Zna\u010dkov\u00fd Venkovn\u00ed stropn\u00ed sv\u00edtidlo Ideal Lux Gun PL1 coffee 163666 hn\u011bd\u00e9 IP44 - IDEALLUX -","isPartOf":{"@id":"https:\/\/www.oknobuild.com\/#website"},"primaryImageOfPage":{"@id":"https:\/\/www.oknobuild.com\/index.php\/produkt\/znackovy-venkovni-stropni-svitidlo-ideal-lux-gun-pl1-coffee-163666-hnede-ip44-ideallux-75932\/#primaryimage"},"image":{"@id":"https:\/\/www.oknobuild.com\/index.php\/produkt\/znackovy-venkovni-stropni-svitidlo-ideal-lux-gun-pl1-coffee-163666-hnede-ip44-ideallux-75932\/#primaryimage"},"thumbnailUrl":"https:\/\/www.oknobuild.com\/wp-content\/uploads\/2026\/SK0015791-CZ20260425-091535-0-1777079743-ILUX-163666.webp","datePublished":"2026-04-27T04:44:01+00:00","breadcrumb":{"@id":"https:\/\/www.oknobuild.com\/index.php\/produkt\/znackovy-venkovni-stropni-svitidlo-ideal-lux-gun-pl1-coffee-163666-hnede-ip44-ideallux-75932\/#breadcrumb"},"inLanguage":"cs","potentialAction":[{"@type":"ReadAction","target":["https:\/\/www.oknobuild.com\/index.php\/produkt\/znackovy-venkovni-stropni-svitidlo-ideal-lux-gun-pl1-coffee-163666-hnede-ip44-ideallux-75932\/"]}]},{"@type":"ImageObject","inLanguage":"cs","@id":"https:\/\/www.oknobuild.com\/index.php\/produkt\/znackovy-venkovni-stropni-svitidlo-ideal-lux-gun-pl1-coffee-163666-hnede-ip44-ideallux-75932\/#primaryimage","url":"https:\/\/www.oknobuild.com\/wp-content\/uploads\/2026\/SK0015791-CZ20260425-091535-0-1777079743-ILUX-163666.webp","contentUrl":"https:\/\/www.oknobuild.com\/wp-content\/uploads\/2026\/SK0015791-CZ20260425-091535-0-1777079743-ILUX-163666.webp","width":425,"height":425},{"@type":"BreadcrumbList","@id":"https:\/\/www.oknobuild.com\/index.php\/produkt\/znackovy-venkovni-stropni-svitidlo-ideal-lux-gun-pl1-coffee-163666-hnede-ip44-ideallux-75932\/#breadcrumb","itemListElement":[{"@type":"ListItem","position":1,"name":"Home","item":"https:\/\/www.oknobuild.com\/"},{"@type":"ListItem","position":2,"name":"Products","item":"https:\/\/www.oknobuild.com\/index.php\/products\/"},{"@type":"ListItem","position":3,"name":"Zna\u010dkov\u00fd Venkovn\u00ed stropn\u00ed sv\u00edtidlo Ideal Lux Gun PL1 coffee 163666 hn\u011bd\u00e9 IP44 &#8211; IDEALLUX"}]},{"@type":"WebSite","@id":"https:\/\/www.oknobuild.com\/#website","url":"https:\/\/www.oknobuild.com\/","name":"","description":"","potentialAction":[{"@type":"SearchAction","target":{"@type":"EntryPoint","urlTemplate":"https:\/\/www.oknobuild.com\/?s={search_term_string}"},"query-input":{"@type":"PropertyValueSpecification","valueRequired":true,"valueName":"search_term_string"}}],"inLanguage":"cs"}]}},"_links":{"self":[{"href":"https:\/\/www.oknobuild.com\/index.php\/wp-json\/wp\/v2\/product\/75932","targetHints":{"allow":["GET"]}}],"collection":[{"href":"https:\/\/www.oknobuild.com\/index.php\/wp-json\/wp\/v2\/product"}],"about":[{"href":"https:\/\/www.oknobuild.com\/index.php\/wp-json\/wp\/v2\/types\/product"}],"replies":[{"embeddable":true,"href":"https:\/\/www.oknobuild.com\/index.php\/wp-json\/wp\/v2\/comments?post=75932"}],"wp:featuredmedia":[{"embeddable":true,"href":"https:\/\/www.oknobuild.com\/index.php\/wp-json\/wp\/v2\/media\/76032"}],"wp:attachment":[{"href":"https:\/\/www.oknobuild.com\/index.php\/wp-json\/wp\/v2\/media?parent=75932"}],"wp:term":[{"taxonomy":"product_brand","embeddable":true,"href":"https:\/\/www.oknobuild.com\/index.php\/wp-json\/wp\/v2\/product_brand?post=75932"},{"taxonomy":"product_cat","embeddable":true,"href":"https:\/\/www.oknobuild.com\/index.php\/wp-json\/wp\/v2\/product_cat?post=75932"},{"taxonomy":"product_tag","embeddable":true,"href":"https:\/\/www.oknobuild.com\/index.php\/wp-json\/wp\/v2\/product_tag?post=75932"}],"curies":[{"name":"wp","href":"https:\/\/api.w.org\/{rel}","templated":true}]}}