{"id":76092,"date":"2026-04-27T04:44:02","date_gmt":"2026-04-27T04:44:02","guid":{"rendered":""},"modified":"2026-04-27T04:44:02","modified_gmt":"2026-04-27T04:44:02","slug":"znackovy-ukoncena-vyroba-zavesne-svitidlo-ideal-lux-mapa-sat-sp7-nickel-176062-stribrne-60cm-ideallux-76092","status":"publish","type":"product","link":"https:\/\/www.oknobuild.com\/index.php\/produkt\/znackovy-ukoncena-vyroba-zavesne-svitidlo-ideal-lux-mapa-sat-sp7-nickel-176062-stribrne-60cm-ideallux-76092\/","title":{"rendered":"Zna\u010dkov\u00fd UKON\u010cENA V\u00ddROBA Z\u00e1v\u011bsn\u00e9 sv\u00edtidlo Ideal Lux Mapa Sat SP7 nickel 176062 st\u0159\u00edbrn\u00e9 60cm &#8211; IDEALLUX"},"content":{"rendered":"<h3 class=\"product-h3\">Popis produktu<\/h3>\n<p>Elegantn\u00ed z\u00e1v\u011bsn\u00fd lustr z kolekce interi\u00e9rov\u00e9ho osv\u011btlen\u00ed Ideal Lux ve v\u011bt\u0161\u00edm proveden\u00ed o pr\u016fm\u011bru 60 cm ve st\u0159\u00edbrn\u00e9 barv\u011b kr\u00e1sn\u011b rozsv\u00edt\u00ed ob\u00fdvac\u00ed prostory, j\u00eddelnu nebo halu v jak\u00e9mkoli interi\u00e9ru. Sv\u00edtidlo tvo\u0159\u00ed n\u011bkolik sklen\u011bn\u00fdch st\u00ednidel s vnit\u0159n\u00ed dekorac\u00ed z hlin\u00edkov\u00fdch nit\u00ed, kter\u00e1 jsou spojena do jedn\u00e9 kovov\u00e9 z\u00e1kladny. Uvnit\u0159 ka\u017ed\u00e9ho st\u00ednidla se skr\u00fdv\u00e1 patice E27 pro \u017e\u00e1rovky o maxim\u00e1ln\u00edm p\u0159\u00edkonu 7 x 60 W, kter\u00e9 nejsou sou\u010d\u00e1st\u00ed balen\u00ed. D\u00e9lku zav\u011b\u0161en\u00ed ocelov\u00fdch lanek lze libovoln\u011b nastavit p\u0159i instalaci podle pot\u0159eby od 34 cm do 140 cm. Kryt\u00ed IP20 je vhodn\u00e9 pro pou\u017eit\u00ed do interi\u00e9ru.<\/p>\n<\/p><\/div>\n<\/p><\/div>\n<p><\/p>\n<div class=\"top-params\">\n<h3 class=\"product-h3 collapse-header \" data-toggle=\"collapse\" data-target=\"#collapseOne\" aria-expanded=\"true\" aria-controls=\"collapseOne\">Parametry<\/h3>\n<div id=\"collapseOne\" class=\"collapse show\" aria-labelledby=\"headingOne\" data-parent=\"#product-info-accordion1\">\n<table class=\"table-striped\">\n<tr>\n<td>                V\u00fd\u0161ka v mm            <\/td>\n<td>                1400            <\/td>\n<\/tr>\n<tr>\n<td>                T\u0159\u00edda ochrany            <\/td>\n<td>                I            <\/td>\n<\/tr>\n<tr>\n<td>                Hmotnost g            <\/td>\n<td>                6550            <\/td>\n<\/tr>\n<tr>\n<td>                \u0160\u00ed\u0159ka v mm            <\/td>\n<td>                600            <\/td>\n<\/tr>\n<tr>\n<td>                Pr\u016fm\u011br v mm            <\/td>\n<td>                600            <\/td>\n<\/tr>\n<tr>\n<td>                D\u00e9lka v mm            <\/td>\n<td>                600            <\/td>\n<\/tr>\n<tr>\n<td>                Ochrana IP            <\/td>\n<td>                IP20            <\/td>\n<\/tr>\n<tr>\n<td>                Max. p\u0159\u00edkon sv\u011bteln\u00e9ho zdroje            <\/td>\n<td>                60W            <\/td>\n<\/tr>\n<tr>\n<td>                V\u00fdkon            <\/td>\n<td>                420W            <\/td>\n<\/tr>\n<tr>\n<td>                Nap\u00e1jec\u00ed nap\u011bt\u00ed            <\/td>\n<td>                220-240V            <\/td>\n<\/tr>\n<tr>\n<td>                Patice            <\/td>\n<td>                E27            <\/td>\n<\/tr>\n<tr>\n<td>                V\u010detn\u011b sv\u011bteln\u00e9ho zdroje            <\/td>\n<td>                ne            <\/td>\n<\/tr>\n<tr>\n<td>                Materi\u00e1l            <\/td>\n<td>                kov\/sklo            <\/td>\n<\/tr>\n<tr>\n<td>                Barva            <\/td>\n<td>                nikl            <\/td>\n<\/tr>\n<tr>\n<td>                Kolekce            <\/td>\n<td>                MAPA SAT            <\/td>\n<\/tr>\n<tr>\n<td>                Po\u010det sv\u011bteln\u00fdch zdroj\u016f            <\/td>\n<td>                7            <\/td>\n<\/tr>\n<tr>\n<td>                V\u00fdrobce            <\/td>\n<td>                IDEALLUX            <\/td>\n<\/tr>\n<tr>\n<td>                U v\u00fdrobce dostupn\u00fdch            <\/td>\n<td>                0                    ks            <\/td>\n<\/tr>\n<\/table>\n<\/div><\/div>\n<\/div>\n<div class=\"accordion\" id=\"product-info-accordion2\">\n","protected":false},"excerpt":{"rendered":"<p>Popis produktu Elegantn\u00ed z\u00e1v\u011bsn\u00fd lustr z kolekce interi\u00e9rov\u00e9ho osv\u011btlen\u00ed Ideal Lux ve v\u011bt\u0161\u00edm proveden\u00ed o pr\u016fm\u011bru 60 cm ve st\u0159\u00edbrn\u00e9 barv\u011b kr\u00e1sn\u011b rozsv\u00edt\u00ed ob\u00fdvac\u00ed prostory, j\u00eddelnu nebo halu v jak\u00e9mkoli interi\u00e9ru. Sv\u00edtidlo tvo\u0159\u00ed n\u011bkolik sklen\u011bn\u00fdch st\u00ednidel s vnit\u0159n\u00ed dekorac\u00ed z hlin\u00edkov\u00fdch nit\u00ed, kter\u00e1 jsou spojena do jedn\u00e9 kovov\u00e9 z\u00e1kladny. Uvnit\u0159 ka\u017ed\u00e9ho st\u00ednidla se skr\u00fdv\u00e1 patice [&hellip;]<\/p>\n","protected":false},"featured_media":76192,"comment_status":"open","ping_status":"open","template":"","meta":[],"product_brand":[],"product_cat":[32],"product_tag":[],"class_list":{"0":"post-76092","1":"product","2":"type-product","3":"status-publish","4":"has-post-thumbnail","6":"product_cat-interierova-svitidla","8":"first","9":"instock","10":"sale","11":"shipping-taxable","12":"purchasable","13":"product-type-simple"},"yoast_head":"<!-- This site is optimized with the Yoast SEO plugin v26.8 - https:\/\/yoast.com\/product\/yoast-seo-wordpress\/ -->\n<title>Zna\u010dkov\u00fd UKON\u010cENA V\u00ddROBA Z\u00e1v\u011bsn\u00e9 sv\u00edtidlo Ideal Lux Mapa Sat SP7 nickel 176062 st\u0159\u00edbrn\u00e9 60cm - IDEALLUX -<\/title>\n<meta name=\"robots\" content=\"index, follow, max-snippet:-1, max-image-preview:large, max-video-preview:-1\" \/>\n<link rel=\"canonical\" href=\"https:\/\/www.oknobuild.com\/index.php\/produkt\/znackovy-ukoncena-vyroba-zavesne-svitidlo-ideal-lux-mapa-sat-sp7-nickel-176062-stribrne-60cm-ideallux-76092\/\" \/>\n<meta property=\"og:locale\" content=\"cs_CZ\" \/>\n<meta property=\"og:type\" content=\"article\" \/>\n<meta property=\"og:title\" content=\"Zna\u010dkov\u00fd UKON\u010cENA V\u00ddROBA Z\u00e1v\u011bsn\u00e9 sv\u00edtidlo Ideal Lux Mapa Sat SP7 nickel 176062 st\u0159\u00edbrn\u00e9 60cm - IDEALLUX -\" \/>\n<meta property=\"og:description\" content=\"Popis produktu Elegantn\u00ed z\u00e1v\u011bsn\u00fd lustr z kolekce interi\u00e9rov\u00e9ho osv\u011btlen\u00ed Ideal Lux ve v\u011bt\u0161\u00edm proveden\u00ed o pr\u016fm\u011bru 60 cm ve st\u0159\u00edbrn\u00e9 barv\u011b kr\u00e1sn\u011b rozsv\u00edt\u00ed ob\u00fdvac\u00ed prostory, j\u00eddelnu nebo halu v jak\u00e9mkoli interi\u00e9ru. Sv\u00edtidlo tvo\u0159\u00ed n\u011bkolik sklen\u011bn\u00fdch st\u00ednidel s vnit\u0159n\u00ed dekorac\u00ed z hlin\u00edkov\u00fdch nit\u00ed, kter\u00e1 jsou spojena do jedn\u00e9 kovov\u00e9 z\u00e1kladny. Uvnit\u0159 ka\u017ed\u00e9ho st\u00ednidla se skr\u00fdv\u00e1 patice [&hellip;]\" \/>\n<meta property=\"og:url\" content=\"https:\/\/www.oknobuild.com\/index.php\/produkt\/znackovy-ukoncena-vyroba-zavesne-svitidlo-ideal-lux-mapa-sat-sp7-nickel-176062-stribrne-60cm-ideallux-76092\/\" \/>\n<meta property=\"og:image\" content=\"https:\/\/www.oknobuild.com\/wp-content\/uploads\/2026\/SK0015867-CZ20260425-091535-0-1777079743-ILUX-176062.webp\" \/>\n\t<meta property=\"og:image:width\" content=\"800\" \/>\n\t<meta property=\"og:image:height\" content=\"800\" \/>\n\t<meta property=\"og:image:type\" content=\"image\/webp\" \/>\n<meta name=\"twitter:card\" content=\"summary_large_image\" \/>\n<meta name=\"twitter:label1\" content=\"Odhadovan\u00e1 doba \u010dten\u00ed\" \/>\n\t<meta name=\"twitter:data1\" content=\"1 minuta\" \/>\n<script type=\"application\/ld+json\" class=\"yoast-schema-graph\">{\"@context\":\"https:\/\/schema.org\",\"@graph\":[{\"@type\":\"WebPage\",\"@id\":\"https:\/\/www.oknobuild.com\/index.php\/produkt\/znackovy-ukoncena-vyroba-zavesne-svitidlo-ideal-lux-mapa-sat-sp7-nickel-176062-stribrne-60cm-ideallux-76092\/\",\"url\":\"https:\/\/www.oknobuild.com\/index.php\/produkt\/znackovy-ukoncena-vyroba-zavesne-svitidlo-ideal-lux-mapa-sat-sp7-nickel-176062-stribrne-60cm-ideallux-76092\/\",\"name\":\"Zna\u010dkov\u00fd UKON\u010cENA V\u00ddROBA Z\u00e1v\u011bsn\u00e9 sv\u00edtidlo Ideal Lux Mapa Sat SP7 nickel 176062 st\u0159\u00edbrn\u00e9 60cm - IDEALLUX -\",\"isPartOf\":{\"@id\":\"https:\/\/www.oknobuild.com\/#website\"},\"primaryImageOfPage\":{\"@id\":\"https:\/\/www.oknobuild.com\/index.php\/produkt\/znackovy-ukoncena-vyroba-zavesne-svitidlo-ideal-lux-mapa-sat-sp7-nickel-176062-stribrne-60cm-ideallux-76092\/#primaryimage\"},\"image\":{\"@id\":\"https:\/\/www.oknobuild.com\/index.php\/produkt\/znackovy-ukoncena-vyroba-zavesne-svitidlo-ideal-lux-mapa-sat-sp7-nickel-176062-stribrne-60cm-ideallux-76092\/#primaryimage\"},\"thumbnailUrl\":\"https:\/\/www.oknobuild.com\/wp-content\/uploads\/2026\/SK0015867-CZ20260425-091535-0-1777079743-ILUX-176062.webp\",\"datePublished\":\"2026-04-27T04:44:02+00:00\",\"breadcrumb\":{\"@id\":\"https:\/\/www.oknobuild.com\/index.php\/produkt\/znackovy-ukoncena-vyroba-zavesne-svitidlo-ideal-lux-mapa-sat-sp7-nickel-176062-stribrne-60cm-ideallux-76092\/#breadcrumb\"},\"inLanguage\":\"cs\",\"potentialAction\":[{\"@type\":\"ReadAction\",\"target\":[\"https:\/\/www.oknobuild.com\/index.php\/produkt\/znackovy-ukoncena-vyroba-zavesne-svitidlo-ideal-lux-mapa-sat-sp7-nickel-176062-stribrne-60cm-ideallux-76092\/\"]}]},{\"@type\":\"ImageObject\",\"inLanguage\":\"cs\",\"@id\":\"https:\/\/www.oknobuild.com\/index.php\/produkt\/znackovy-ukoncena-vyroba-zavesne-svitidlo-ideal-lux-mapa-sat-sp7-nickel-176062-stribrne-60cm-ideallux-76092\/#primaryimage\",\"url\":\"https:\/\/www.oknobuild.com\/wp-content\/uploads\/2026\/SK0015867-CZ20260425-091535-0-1777079743-ILUX-176062.webp\",\"contentUrl\":\"https:\/\/www.oknobuild.com\/wp-content\/uploads\/2026\/SK0015867-CZ20260425-091535-0-1777079743-ILUX-176062.webp\",\"width\":800,\"height\":800},{\"@type\":\"BreadcrumbList\",\"@id\":\"https:\/\/www.oknobuild.com\/index.php\/produkt\/znackovy-ukoncena-vyroba-zavesne-svitidlo-ideal-lux-mapa-sat-sp7-nickel-176062-stribrne-60cm-ideallux-76092\/#breadcrumb\",\"itemListElement\":[{\"@type\":\"ListItem\",\"position\":1,\"name\":\"Home\",\"item\":\"https:\/\/www.oknobuild.com\/\"},{\"@type\":\"ListItem\",\"position\":2,\"name\":\"Products\",\"item\":\"https:\/\/www.oknobuild.com\/index.php\/products\/\"},{\"@type\":\"ListItem\",\"position\":3,\"name\":\"Zna\u010dkov\u00fd UKON\u010cENA V\u00ddROBA Z\u00e1v\u011bsn\u00e9 sv\u00edtidlo Ideal Lux Mapa Sat SP7 nickel 176062 st\u0159\u00edbrn\u00e9 60cm &#8211; IDEALLUX\"}]},{\"@type\":\"WebSite\",\"@id\":\"https:\/\/www.oknobuild.com\/#website\",\"url\":\"https:\/\/www.oknobuild.com\/\",\"name\":\"\",\"description\":\"\",\"potentialAction\":[{\"@type\":\"SearchAction\",\"target\":{\"@type\":\"EntryPoint\",\"urlTemplate\":\"https:\/\/www.oknobuild.com\/?s={search_term_string}\"},\"query-input\":{\"@type\":\"PropertyValueSpecification\",\"valueRequired\":true,\"valueName\":\"search_term_string\"}}],\"inLanguage\":\"cs\"}]}<\/script>\n<!-- \/ Yoast SEO plugin. -->","yoast_head_json":{"title":"Zna\u010dkov\u00fd UKON\u010cENA V\u00ddROBA Z\u00e1v\u011bsn\u00e9 sv\u00edtidlo Ideal Lux Mapa Sat SP7 nickel 176062 st\u0159\u00edbrn\u00e9 60cm - IDEALLUX -","robots":{"index":"index","follow":"follow","max-snippet":"max-snippet:-1","max-image-preview":"max-image-preview:large","max-video-preview":"max-video-preview:-1"},"canonical":"https:\/\/www.oknobuild.com\/index.php\/produkt\/znackovy-ukoncena-vyroba-zavesne-svitidlo-ideal-lux-mapa-sat-sp7-nickel-176062-stribrne-60cm-ideallux-76092\/","og_locale":"cs_CZ","og_type":"article","og_title":"Zna\u010dkov\u00fd UKON\u010cENA V\u00ddROBA Z\u00e1v\u011bsn\u00e9 sv\u00edtidlo Ideal Lux Mapa Sat SP7 nickel 176062 st\u0159\u00edbrn\u00e9 60cm - IDEALLUX -","og_description":"Popis produktu Elegantn\u00ed z\u00e1v\u011bsn\u00fd lustr z kolekce interi\u00e9rov\u00e9ho osv\u011btlen\u00ed Ideal Lux ve v\u011bt\u0161\u00edm proveden\u00ed o pr\u016fm\u011bru 60 cm ve st\u0159\u00edbrn\u00e9 barv\u011b kr\u00e1sn\u011b rozsv\u00edt\u00ed ob\u00fdvac\u00ed prostory, j\u00eddelnu nebo halu v jak\u00e9mkoli interi\u00e9ru. Sv\u00edtidlo tvo\u0159\u00ed n\u011bkolik sklen\u011bn\u00fdch st\u00ednidel s vnit\u0159n\u00ed dekorac\u00ed z hlin\u00edkov\u00fdch nit\u00ed, kter\u00e1 jsou spojena do jedn\u00e9 kovov\u00e9 z\u00e1kladny. Uvnit\u0159 ka\u017ed\u00e9ho st\u00ednidla se skr\u00fdv\u00e1 patice [&hellip;]","og_url":"https:\/\/www.oknobuild.com\/index.php\/produkt\/znackovy-ukoncena-vyroba-zavesne-svitidlo-ideal-lux-mapa-sat-sp7-nickel-176062-stribrne-60cm-ideallux-76092\/","og_image":[{"width":800,"height":800,"url":"https:\/\/www.oknobuild.com\/wp-content\/uploads\/2026\/SK0015867-CZ20260425-091535-0-1777079743-ILUX-176062.webp","type":"image\/webp"}],"twitter_card":"summary_large_image","twitter_misc":{"Odhadovan\u00e1 doba \u010dten\u00ed":"1 minuta"},"schema":{"@context":"https:\/\/schema.org","@graph":[{"@type":"WebPage","@id":"https:\/\/www.oknobuild.com\/index.php\/produkt\/znackovy-ukoncena-vyroba-zavesne-svitidlo-ideal-lux-mapa-sat-sp7-nickel-176062-stribrne-60cm-ideallux-76092\/","url":"https:\/\/www.oknobuild.com\/index.php\/produkt\/znackovy-ukoncena-vyroba-zavesne-svitidlo-ideal-lux-mapa-sat-sp7-nickel-176062-stribrne-60cm-ideallux-76092\/","name":"Zna\u010dkov\u00fd UKON\u010cENA V\u00ddROBA Z\u00e1v\u011bsn\u00e9 sv\u00edtidlo Ideal Lux Mapa Sat SP7 nickel 176062 st\u0159\u00edbrn\u00e9 60cm - IDEALLUX -","isPartOf":{"@id":"https:\/\/www.oknobuild.com\/#website"},"primaryImageOfPage":{"@id":"https:\/\/www.oknobuild.com\/index.php\/produkt\/znackovy-ukoncena-vyroba-zavesne-svitidlo-ideal-lux-mapa-sat-sp7-nickel-176062-stribrne-60cm-ideallux-76092\/#primaryimage"},"image":{"@id":"https:\/\/www.oknobuild.com\/index.php\/produkt\/znackovy-ukoncena-vyroba-zavesne-svitidlo-ideal-lux-mapa-sat-sp7-nickel-176062-stribrne-60cm-ideallux-76092\/#primaryimage"},"thumbnailUrl":"https:\/\/www.oknobuild.com\/wp-content\/uploads\/2026\/SK0015867-CZ20260425-091535-0-1777079743-ILUX-176062.webp","datePublished":"2026-04-27T04:44:02+00:00","breadcrumb":{"@id":"https:\/\/www.oknobuild.com\/index.php\/produkt\/znackovy-ukoncena-vyroba-zavesne-svitidlo-ideal-lux-mapa-sat-sp7-nickel-176062-stribrne-60cm-ideallux-76092\/#breadcrumb"},"inLanguage":"cs","potentialAction":[{"@type":"ReadAction","target":["https:\/\/www.oknobuild.com\/index.php\/produkt\/znackovy-ukoncena-vyroba-zavesne-svitidlo-ideal-lux-mapa-sat-sp7-nickel-176062-stribrne-60cm-ideallux-76092\/"]}]},{"@type":"ImageObject","inLanguage":"cs","@id":"https:\/\/www.oknobuild.com\/index.php\/produkt\/znackovy-ukoncena-vyroba-zavesne-svitidlo-ideal-lux-mapa-sat-sp7-nickel-176062-stribrne-60cm-ideallux-76092\/#primaryimage","url":"https:\/\/www.oknobuild.com\/wp-content\/uploads\/2026\/SK0015867-CZ20260425-091535-0-1777079743-ILUX-176062.webp","contentUrl":"https:\/\/www.oknobuild.com\/wp-content\/uploads\/2026\/SK0015867-CZ20260425-091535-0-1777079743-ILUX-176062.webp","width":800,"height":800},{"@type":"BreadcrumbList","@id":"https:\/\/www.oknobuild.com\/index.php\/produkt\/znackovy-ukoncena-vyroba-zavesne-svitidlo-ideal-lux-mapa-sat-sp7-nickel-176062-stribrne-60cm-ideallux-76092\/#breadcrumb","itemListElement":[{"@type":"ListItem","position":1,"name":"Home","item":"https:\/\/www.oknobuild.com\/"},{"@type":"ListItem","position":2,"name":"Products","item":"https:\/\/www.oknobuild.com\/index.php\/products\/"},{"@type":"ListItem","position":3,"name":"Zna\u010dkov\u00fd UKON\u010cENA V\u00ddROBA Z\u00e1v\u011bsn\u00e9 sv\u00edtidlo Ideal Lux Mapa Sat SP7 nickel 176062 st\u0159\u00edbrn\u00e9 60cm &#8211; IDEALLUX"}]},{"@type":"WebSite","@id":"https:\/\/www.oknobuild.com\/#website","url":"https:\/\/www.oknobuild.com\/","name":"","description":"","potentialAction":[{"@type":"SearchAction","target":{"@type":"EntryPoint","urlTemplate":"https:\/\/www.oknobuild.com\/?s={search_term_string}"},"query-input":{"@type":"PropertyValueSpecification","valueRequired":true,"valueName":"search_term_string"}}],"inLanguage":"cs"}]}},"_links":{"self":[{"href":"https:\/\/www.oknobuild.com\/index.php\/wp-json\/wp\/v2\/product\/76092","targetHints":{"allow":["GET"]}}],"collection":[{"href":"https:\/\/www.oknobuild.com\/index.php\/wp-json\/wp\/v2\/product"}],"about":[{"href":"https:\/\/www.oknobuild.com\/index.php\/wp-json\/wp\/v2\/types\/product"}],"replies":[{"embeddable":true,"href":"https:\/\/www.oknobuild.com\/index.php\/wp-json\/wp\/v2\/comments?post=76092"}],"wp:featuredmedia":[{"embeddable":true,"href":"https:\/\/www.oknobuild.com\/index.php\/wp-json\/wp\/v2\/media\/76192"}],"wp:attachment":[{"href":"https:\/\/www.oknobuild.com\/index.php\/wp-json\/wp\/v2\/media?parent=76092"}],"wp:term":[{"taxonomy":"product_brand","embeddable":true,"href":"https:\/\/www.oknobuild.com\/index.php\/wp-json\/wp\/v2\/product_brand?post=76092"},{"taxonomy":"product_cat","embeddable":true,"href":"https:\/\/www.oknobuild.com\/index.php\/wp-json\/wp\/v2\/product_cat?post=76092"},{"taxonomy":"product_tag","embeddable":true,"href":"https:\/\/www.oknobuild.com\/index.php\/wp-json\/wp\/v2\/product_tag?post=76092"}],"curies":[{"name":"wp","href":"https:\/\/api.w.org\/{rel}","templated":true}]}}