{"id":76103,"date":"2026-04-27T04:44:02","date_gmt":"2026-04-27T04:44:02","guid":{"rendered":""},"modified":"2026-04-27T04:44:02","modified_gmt":"2026-04-27T04:44:02","slug":"akcni-cena-detske-zavesne-svitidlo-ideal-lux-dream-big-sp1-179858-ideallux-76103","status":"publish","type":"product","link":"https:\/\/www.oknobuild.com\/index.php\/produkt\/akcni-cena-detske-zavesne-svitidlo-ideal-lux-dream-big-sp1-179858-ideallux-76103\/","title":{"rendered":"Ak\u010dn\u00ed Cena D\u011btsk\u00e9 z\u00e1v\u011bsn\u00e9 sv\u00edtidlo Ideal Lux Dream Big SP1 179858 &#8211; IDEALLUX"},"content":{"rendered":"<h3 class=\"product-h3\">Popis produktu<\/h3>\n<p>D\u011btsk\u00fd z\u00e1v\u011bsn\u00fd lustr Dream Big v podob\u011b l\u00e9taj\u00edc\u00edho bal\u00f3nu kouzeln\u011b dopln\u00ed d\u011btsk\u00fd pokoj. Stropn\u00ed krytka je kovov\u00e1 b\u00edle matn\u011b lakovan\u00e1. St\u00ednidlo o pr\u016fm\u011bru 30 cm je vyrobeno z b\u00edle leptan\u00e9ho skla a je zav\u011b\u0161eno na l\u00e1tkov\u00e9m nap\u00e1jec\u00edm kabelu s mo\u017enost\u00ed nastaven\u00ed d\u00e9lky od 78 cm do 170 cm. Ve spodn\u00ed \u010d\u00e1sti je dopn\u011bno ko\u0161em z p\u0159\u00edrodn\u00edch prov\u00e1zk\u016f. Sv\u00edtidlo je osazeno patic\u00ed E27 pro \u017e\u00e1rovku o maxim\u00e1ln\u00edm p\u0159\u00edkonu 1 x 42 W, kter\u00e1 nen\u00ed sou\u010d\u00e1st\u00ed balen\u00ed. Pro \u00fasporu energie doporu\u010dujeme pou\u017eit\u00ed \u00fasporn\u00e9 LED \u017e\u00e1rovky.<\/p>\n<\/p><\/div>\n<\/p><\/div>\n<p><\/p>\n<div class=\"top-params\">\n<h3 class=\"product-h3 collapse-header \" data-toggle=\"collapse\" data-target=\"#collapseOne\" aria-expanded=\"true\" aria-controls=\"collapseOne\">Parametry<\/h3>\n<div id=\"collapseOne\" class=\"collapse show\" aria-labelledby=\"headingOne\" data-parent=\"#product-info-accordion1\">\n<table class=\"table-striped\">\n<tr>\n<td>                T\u0159\u00edda ochrany            <\/td>\n<td>                I            <\/td>\n<\/tr>\n<tr>\n<td>                Hmotnost g            <\/td>\n<td>                2420            <\/td>\n<\/tr>\n<tr>\n<td>                \u0160\u00ed\u0159ka v mm            <\/td>\n<td>                300            <\/td>\n<\/tr>\n<tr>\n<td>                Pr\u016fm\u011br v mm            <\/td>\n<td>                300            <\/td>\n<\/tr>\n<tr>\n<td>                D\u00e9lka v mm            <\/td>\n<td>                300            <\/td>\n<\/tr>\n<tr>\n<td>                Ochrana IP            <\/td>\n<td>                IP20            <\/td>\n<\/tr>\n<tr>\n<td>                Max. p\u0159\u00edkon sv\u011bteln\u00e9ho zdroje            <\/td>\n<td>                42W            <\/td>\n<\/tr>\n<tr>\n<td>                V\u00fdkon            <\/td>\n<td>                42W            <\/td>\n<\/tr>\n<tr>\n<td>                Patice            <\/td>\n<td>                E27            <\/td>\n<\/tr>\n<tr>\n<td>                V\u010detn\u011b sv\u011bteln\u00e9ho zdroje            <\/td>\n<td>                ne            <\/td>\n<\/tr>\n<tr>\n<td>                Barva            <\/td>\n<td>                b\u00edl\u00e1            <\/td>\n<\/tr>\n<tr>\n<td>                Po\u010det sv\u011bteln\u00fdch zdroj\u016f            <\/td>\n<td>                1            <\/td>\n<\/tr>\n<tr>\n<td>                V\u00fdrobce            <\/td>\n<td>                IDEALLUX            <\/td>\n<\/tr>\n<tr>\n<td>                V\u00fd\u0161ka v mm            <\/td>\n<td>                2650            <\/td>\n<\/tr>\n<tr>\n<td>                Nap\u00e1jec\u00ed nap\u011bt\u00ed            <\/td>\n<td>                220-240V            <\/td>\n<\/tr>\n<tr>\n<td>                Materi\u00e1l            <\/td>\n<td>                sklo\/textil            <\/td>\n<\/tr>\n<tr>\n<td>                Kolekce            <\/td>\n<td>                DREAM BIG            <\/td>\n<\/tr>\n<tr>\n<td>                U v\u00fdrobce dostupn\u00fdch            <\/td>\n<td>                548                    ks            <\/td>\n<\/tr>\n<\/table>\n<\/div><\/div>\n<\/div>\n<div class=\"accordion\" id=\"product-info-accordion2\">\n","protected":false},"excerpt":{"rendered":"<p>Popis produktu D\u011btsk\u00fd z\u00e1v\u011bsn\u00fd lustr Dream Big v podob\u011b l\u00e9taj\u00edc\u00edho bal\u00f3nu kouzeln\u011b dopln\u00ed d\u011btsk\u00fd pokoj. Stropn\u00ed krytka je kovov\u00e1 b\u00edle matn\u011b lakovan\u00e1. St\u00ednidlo o pr\u016fm\u011bru 30 cm je vyrobeno z b\u00edle leptan\u00e9ho skla a je zav\u011b\u0161eno na l\u00e1tkov\u00e9m nap\u00e1jec\u00edm kabelu s mo\u017enost\u00ed nastaven\u00ed d\u00e9lky od 78 cm do 170 cm. Ve spodn\u00ed \u010d\u00e1sti je dopn\u011bno [&hellip;]<\/p>\n","protected":false},"featured_media":76203,"comment_status":"open","ping_status":"open","template":"","meta":[],"product_brand":[],"product_cat":[32],"product_tag":[],"class_list":{"0":"post-76103","1":"product","2":"type-product","3":"status-publish","4":"has-post-thumbnail","6":"product_cat-interierova-svitidla","8":"first","9":"instock","10":"sale","11":"shipping-taxable","12":"purchasable","13":"product-type-simple"},"yoast_head":"<!-- This site is optimized with the Yoast SEO plugin v26.8 - https:\/\/yoast.com\/product\/yoast-seo-wordpress\/ -->\n<title>Ak\u010dn\u00ed Cena D\u011btsk\u00e9 z\u00e1v\u011bsn\u00e9 sv\u00edtidlo Ideal Lux Dream Big SP1 179858 - IDEALLUX -<\/title>\n<meta name=\"robots\" content=\"index, follow, max-snippet:-1, max-image-preview:large, max-video-preview:-1\" \/>\n<link rel=\"canonical\" href=\"https:\/\/www.oknobuild.com\/index.php\/produkt\/akcni-cena-detske-zavesne-svitidlo-ideal-lux-dream-big-sp1-179858-ideallux-76103\/\" \/>\n<meta property=\"og:locale\" content=\"cs_CZ\" \/>\n<meta property=\"og:type\" content=\"article\" \/>\n<meta property=\"og:title\" content=\"Ak\u010dn\u00ed Cena D\u011btsk\u00e9 z\u00e1v\u011bsn\u00e9 sv\u00edtidlo Ideal Lux Dream Big SP1 179858 - IDEALLUX -\" \/>\n<meta property=\"og:description\" content=\"Popis produktu D\u011btsk\u00fd z\u00e1v\u011bsn\u00fd lustr Dream Big v podob\u011b l\u00e9taj\u00edc\u00edho bal\u00f3nu kouzeln\u011b dopln\u00ed d\u011btsk\u00fd pokoj. Stropn\u00ed krytka je kovov\u00e1 b\u00edle matn\u011b lakovan\u00e1. St\u00ednidlo o pr\u016fm\u011bru 30 cm je vyrobeno z b\u00edle leptan\u00e9ho skla a je zav\u011b\u0161eno na l\u00e1tkov\u00e9m nap\u00e1jec\u00edm kabelu s mo\u017enost\u00ed nastaven\u00ed d\u00e9lky od 78 cm do 170 cm. Ve spodn\u00ed \u010d\u00e1sti je dopn\u011bno [&hellip;]\" \/>\n<meta property=\"og:url\" content=\"https:\/\/www.oknobuild.com\/index.php\/produkt\/akcni-cena-detske-zavesne-svitidlo-ideal-lux-dream-big-sp1-179858-ideallux-76103\/\" \/>\n<meta property=\"og:image\" content=\"https:\/\/www.oknobuild.com\/wp-content\/uploads\/2026\/SK0015878-CZ20260425-091535-0-1777079743-ILUX-179858.webp\" \/>\n\t<meta property=\"og:image:width\" content=\"800\" \/>\n\t<meta property=\"og:image:height\" content=\"800\" \/>\n\t<meta property=\"og:image:type\" content=\"image\/webp\" \/>\n<meta name=\"twitter:card\" content=\"summary_large_image\" \/>\n<meta name=\"twitter:label1\" content=\"Odhadovan\u00e1 doba \u010dten\u00ed\" \/>\n\t<meta name=\"twitter:data1\" content=\"1 minuta\" \/>\n<script type=\"application\/ld+json\" class=\"yoast-schema-graph\">{\"@context\":\"https:\/\/schema.org\",\"@graph\":[{\"@type\":\"WebPage\",\"@id\":\"https:\/\/www.oknobuild.com\/index.php\/produkt\/akcni-cena-detske-zavesne-svitidlo-ideal-lux-dream-big-sp1-179858-ideallux-76103\/\",\"url\":\"https:\/\/www.oknobuild.com\/index.php\/produkt\/akcni-cena-detske-zavesne-svitidlo-ideal-lux-dream-big-sp1-179858-ideallux-76103\/\",\"name\":\"Ak\u010dn\u00ed Cena D\u011btsk\u00e9 z\u00e1v\u011bsn\u00e9 sv\u00edtidlo Ideal Lux Dream Big SP1 179858 - IDEALLUX -\",\"isPartOf\":{\"@id\":\"https:\/\/www.oknobuild.com\/#website\"},\"primaryImageOfPage\":{\"@id\":\"https:\/\/www.oknobuild.com\/index.php\/produkt\/akcni-cena-detske-zavesne-svitidlo-ideal-lux-dream-big-sp1-179858-ideallux-76103\/#primaryimage\"},\"image\":{\"@id\":\"https:\/\/www.oknobuild.com\/index.php\/produkt\/akcni-cena-detske-zavesne-svitidlo-ideal-lux-dream-big-sp1-179858-ideallux-76103\/#primaryimage\"},\"thumbnailUrl\":\"https:\/\/www.oknobuild.com\/wp-content\/uploads\/2026\/SK0015878-CZ20260425-091535-0-1777079743-ILUX-179858.webp\",\"datePublished\":\"2026-04-27T04:44:02+00:00\",\"breadcrumb\":{\"@id\":\"https:\/\/www.oknobuild.com\/index.php\/produkt\/akcni-cena-detske-zavesne-svitidlo-ideal-lux-dream-big-sp1-179858-ideallux-76103\/#breadcrumb\"},\"inLanguage\":\"cs\",\"potentialAction\":[{\"@type\":\"ReadAction\",\"target\":[\"https:\/\/www.oknobuild.com\/index.php\/produkt\/akcni-cena-detske-zavesne-svitidlo-ideal-lux-dream-big-sp1-179858-ideallux-76103\/\"]}]},{\"@type\":\"ImageObject\",\"inLanguage\":\"cs\",\"@id\":\"https:\/\/www.oknobuild.com\/index.php\/produkt\/akcni-cena-detske-zavesne-svitidlo-ideal-lux-dream-big-sp1-179858-ideallux-76103\/#primaryimage\",\"url\":\"https:\/\/www.oknobuild.com\/wp-content\/uploads\/2026\/SK0015878-CZ20260425-091535-0-1777079743-ILUX-179858.webp\",\"contentUrl\":\"https:\/\/www.oknobuild.com\/wp-content\/uploads\/2026\/SK0015878-CZ20260425-091535-0-1777079743-ILUX-179858.webp\",\"width\":800,\"height\":800},{\"@type\":\"BreadcrumbList\",\"@id\":\"https:\/\/www.oknobuild.com\/index.php\/produkt\/akcni-cena-detske-zavesne-svitidlo-ideal-lux-dream-big-sp1-179858-ideallux-76103\/#breadcrumb\",\"itemListElement\":[{\"@type\":\"ListItem\",\"position\":1,\"name\":\"Home\",\"item\":\"https:\/\/www.oknobuild.com\/\"},{\"@type\":\"ListItem\",\"position\":2,\"name\":\"Products\",\"item\":\"https:\/\/www.oknobuild.com\/index.php\/products\/\"},{\"@type\":\"ListItem\",\"position\":3,\"name\":\"Ak\u010dn\u00ed Cena D\u011btsk\u00e9 z\u00e1v\u011bsn\u00e9 sv\u00edtidlo Ideal Lux Dream Big SP1 179858 &#8211; IDEALLUX\"}]},{\"@type\":\"WebSite\",\"@id\":\"https:\/\/www.oknobuild.com\/#website\",\"url\":\"https:\/\/www.oknobuild.com\/\",\"name\":\"\",\"description\":\"\",\"potentialAction\":[{\"@type\":\"SearchAction\",\"target\":{\"@type\":\"EntryPoint\",\"urlTemplate\":\"https:\/\/www.oknobuild.com\/?s={search_term_string}\"},\"query-input\":{\"@type\":\"PropertyValueSpecification\",\"valueRequired\":true,\"valueName\":\"search_term_string\"}}],\"inLanguage\":\"cs\"}]}<\/script>\n<!-- \/ Yoast SEO plugin. -->","yoast_head_json":{"title":"Ak\u010dn\u00ed Cena D\u011btsk\u00e9 z\u00e1v\u011bsn\u00e9 sv\u00edtidlo Ideal Lux Dream Big SP1 179858 - IDEALLUX -","robots":{"index":"index","follow":"follow","max-snippet":"max-snippet:-1","max-image-preview":"max-image-preview:large","max-video-preview":"max-video-preview:-1"},"canonical":"https:\/\/www.oknobuild.com\/index.php\/produkt\/akcni-cena-detske-zavesne-svitidlo-ideal-lux-dream-big-sp1-179858-ideallux-76103\/","og_locale":"cs_CZ","og_type":"article","og_title":"Ak\u010dn\u00ed Cena D\u011btsk\u00e9 z\u00e1v\u011bsn\u00e9 sv\u00edtidlo Ideal Lux Dream Big SP1 179858 - IDEALLUX -","og_description":"Popis produktu D\u011btsk\u00fd z\u00e1v\u011bsn\u00fd lustr Dream Big v podob\u011b l\u00e9taj\u00edc\u00edho bal\u00f3nu kouzeln\u011b dopln\u00ed d\u011btsk\u00fd pokoj. Stropn\u00ed krytka je kovov\u00e1 b\u00edle matn\u011b lakovan\u00e1. St\u00ednidlo o pr\u016fm\u011bru 30 cm je vyrobeno z b\u00edle leptan\u00e9ho skla a je zav\u011b\u0161eno na l\u00e1tkov\u00e9m nap\u00e1jec\u00edm kabelu s mo\u017enost\u00ed nastaven\u00ed d\u00e9lky od 78 cm do 170 cm. Ve spodn\u00ed \u010d\u00e1sti je dopn\u011bno [&hellip;]","og_url":"https:\/\/www.oknobuild.com\/index.php\/produkt\/akcni-cena-detske-zavesne-svitidlo-ideal-lux-dream-big-sp1-179858-ideallux-76103\/","og_image":[{"width":800,"height":800,"url":"https:\/\/www.oknobuild.com\/wp-content\/uploads\/2026\/SK0015878-CZ20260425-091535-0-1777079743-ILUX-179858.webp","type":"image\/webp"}],"twitter_card":"summary_large_image","twitter_misc":{"Odhadovan\u00e1 doba \u010dten\u00ed":"1 minuta"},"schema":{"@context":"https:\/\/schema.org","@graph":[{"@type":"WebPage","@id":"https:\/\/www.oknobuild.com\/index.php\/produkt\/akcni-cena-detske-zavesne-svitidlo-ideal-lux-dream-big-sp1-179858-ideallux-76103\/","url":"https:\/\/www.oknobuild.com\/index.php\/produkt\/akcni-cena-detske-zavesne-svitidlo-ideal-lux-dream-big-sp1-179858-ideallux-76103\/","name":"Ak\u010dn\u00ed Cena D\u011btsk\u00e9 z\u00e1v\u011bsn\u00e9 sv\u00edtidlo Ideal Lux Dream Big SP1 179858 - IDEALLUX -","isPartOf":{"@id":"https:\/\/www.oknobuild.com\/#website"},"primaryImageOfPage":{"@id":"https:\/\/www.oknobuild.com\/index.php\/produkt\/akcni-cena-detske-zavesne-svitidlo-ideal-lux-dream-big-sp1-179858-ideallux-76103\/#primaryimage"},"image":{"@id":"https:\/\/www.oknobuild.com\/index.php\/produkt\/akcni-cena-detske-zavesne-svitidlo-ideal-lux-dream-big-sp1-179858-ideallux-76103\/#primaryimage"},"thumbnailUrl":"https:\/\/www.oknobuild.com\/wp-content\/uploads\/2026\/SK0015878-CZ20260425-091535-0-1777079743-ILUX-179858.webp","datePublished":"2026-04-27T04:44:02+00:00","breadcrumb":{"@id":"https:\/\/www.oknobuild.com\/index.php\/produkt\/akcni-cena-detske-zavesne-svitidlo-ideal-lux-dream-big-sp1-179858-ideallux-76103\/#breadcrumb"},"inLanguage":"cs","potentialAction":[{"@type":"ReadAction","target":["https:\/\/www.oknobuild.com\/index.php\/produkt\/akcni-cena-detske-zavesne-svitidlo-ideal-lux-dream-big-sp1-179858-ideallux-76103\/"]}]},{"@type":"ImageObject","inLanguage":"cs","@id":"https:\/\/www.oknobuild.com\/index.php\/produkt\/akcni-cena-detske-zavesne-svitidlo-ideal-lux-dream-big-sp1-179858-ideallux-76103\/#primaryimage","url":"https:\/\/www.oknobuild.com\/wp-content\/uploads\/2026\/SK0015878-CZ20260425-091535-0-1777079743-ILUX-179858.webp","contentUrl":"https:\/\/www.oknobuild.com\/wp-content\/uploads\/2026\/SK0015878-CZ20260425-091535-0-1777079743-ILUX-179858.webp","width":800,"height":800},{"@type":"BreadcrumbList","@id":"https:\/\/www.oknobuild.com\/index.php\/produkt\/akcni-cena-detske-zavesne-svitidlo-ideal-lux-dream-big-sp1-179858-ideallux-76103\/#breadcrumb","itemListElement":[{"@type":"ListItem","position":1,"name":"Home","item":"https:\/\/www.oknobuild.com\/"},{"@type":"ListItem","position":2,"name":"Products","item":"https:\/\/www.oknobuild.com\/index.php\/products\/"},{"@type":"ListItem","position":3,"name":"Ak\u010dn\u00ed Cena D\u011btsk\u00e9 z\u00e1v\u011bsn\u00e9 sv\u00edtidlo Ideal Lux Dream Big SP1 179858 &#8211; IDEALLUX"}]},{"@type":"WebSite","@id":"https:\/\/www.oknobuild.com\/#website","url":"https:\/\/www.oknobuild.com\/","name":"","description":"","potentialAction":[{"@type":"SearchAction","target":{"@type":"EntryPoint","urlTemplate":"https:\/\/www.oknobuild.com\/?s={search_term_string}"},"query-input":{"@type":"PropertyValueSpecification","valueRequired":true,"valueName":"search_term_string"}}],"inLanguage":"cs"}]}},"_links":{"self":[{"href":"https:\/\/www.oknobuild.com\/index.php\/wp-json\/wp\/v2\/product\/76103","targetHints":{"allow":["GET"]}}],"collection":[{"href":"https:\/\/www.oknobuild.com\/index.php\/wp-json\/wp\/v2\/product"}],"about":[{"href":"https:\/\/www.oknobuild.com\/index.php\/wp-json\/wp\/v2\/types\/product"}],"replies":[{"embeddable":true,"href":"https:\/\/www.oknobuild.com\/index.php\/wp-json\/wp\/v2\/comments?post=76103"}],"wp:featuredmedia":[{"embeddable":true,"href":"https:\/\/www.oknobuild.com\/index.php\/wp-json\/wp\/v2\/media\/76203"}],"wp:attachment":[{"href":"https:\/\/www.oknobuild.com\/index.php\/wp-json\/wp\/v2\/media?parent=76103"}],"wp:term":[{"taxonomy":"product_brand","embeddable":true,"href":"https:\/\/www.oknobuild.com\/index.php\/wp-json\/wp\/v2\/product_brand?post=76103"},{"taxonomy":"product_cat","embeddable":true,"href":"https:\/\/www.oknobuild.com\/index.php\/wp-json\/wp\/v2\/product_cat?post=76103"},{"taxonomy":"product_tag","embeddable":true,"href":"https:\/\/www.oknobuild.com\/index.php\/wp-json\/wp\/v2\/product_tag?post=76103"}],"curies":[{"name":"wp","href":"https:\/\/api.w.org\/{rel}","templated":true}]}}