{"id":76698,"date":"2026-04-27T04:44:04","date_gmt":"2026-04-27T04:44:04","guid":{"rendered":""},"modified":"2026-04-27T04:44:04","modified_gmt":"2026-04-27T04:44:04","slug":"znackovy-vega-pt1-coffee-ideallux-76698","status":"publish","type":"product","link":"https:\/\/www.oknobuild.com\/index.php\/produkt\/znackovy-vega-pt1-coffee-ideallux-76698\/","title":{"rendered":"Zna\u010dkov\u00fd VEGA PT1 COFFEE &#8211; IDEALLUX"},"content":{"rendered":"<h3 class=\"product-h3\">Popis produktu<\/h3>\n<p>Venkovn\u00ed stojanov\u00e9 sv\u00edtidlo Vega v hn\u011bd\u00e9m proveden\u00ed z kolekce zahradn\u00edho osv\u011btlen\u00ed designov\u00e9 italsk\u00e9 zna\u010dky Ideal Lux modern\u011b rozsv\u00edt\u00ed p\u0159\u00edstupy k domu, terasu nebo zahradu. Jeho obd\u00e9ln\u00edkov\u00fd tvar s pr\u016fhledem a zaj\u00edmav\u011b ukrytou \u017e\u00e1rovkou s patic\u00ed G9 pro \u00fasporn\u00fd nebo LED zdroj o maxim\u00e1ln\u00edm p\u0159\u00edkonu 1 x 15 W, zaujme svou funk\u010dnost\u00ed i dekorativn\u00ed str\u00e1nkou. Sloupek je vysok\u00fd 80 cm. Pro jeho v\u00fdrobu byl pou\u017eit tlakov\u011b odl\u00e9van\u00fd hlin\u00edk s vn\u011bj\u0161\u00edm k\u00e1vov\u011b hn\u011bd\u00fdm pr\u00e1\u0161kov\u00fdm lakov\u00e1n\u00edm. Difuzor je z \u010dir\u00e9ho temperovan\u00e9ho skla. \u017d\u00e1rovka nen\u00ed dod\u00e1v\u00e1na v balen\u00ed. Kryt\u00ed IP44 ozna\u010duje odolnost proti st\u0159\u00edkaj\u00edc\u00ed vod\u011b.<\/p>\n<\/p><\/div>\n<\/p><\/div>\n<p><\/p>\n<div class=\"top-params\">\n<h3 class=\"product-h3 collapse-header \" data-toggle=\"collapse\" data-target=\"#collapseOne\" aria-expanded=\"true\" aria-controls=\"collapseOne\">Parametry<\/h3>\n<div id=\"collapseOne\" class=\"collapse show\" aria-labelledby=\"headingOne\" data-parent=\"#product-info-accordion1\">\n<table class=\"table-striped\">\n<tr>\n<td>                V\u00fd\u0161ka v mm            <\/td>\n<td>                800            <\/td>\n<\/tr>\n<tr>\n<td>                T\u0159\u00edda ochrany            <\/td>\n<td>                I            <\/td>\n<\/tr>\n<tr>\n<td>                Hmotnost g            <\/td>\n<td>                1150            <\/td>\n<\/tr>\n<tr>\n<td>                Ochrana IP            <\/td>\n<td>                IP44            <\/td>\n<\/tr>\n<tr>\n<td>                Max. p\u0159\u00edkon sv\u011bteln\u00e9ho zdroje            <\/td>\n<td>                15W            <\/td>\n<\/tr>\n<tr>\n<td>                V\u00fdkon            <\/td>\n<td>                15W            <\/td>\n<\/tr>\n<tr>\n<td>                Patice            <\/td>\n<td>                G9            <\/td>\n<\/tr>\n<tr>\n<td>                V\u010detn\u011b sv\u011bteln\u00e9ho zdroje            <\/td>\n<td>                ne            <\/td>\n<\/tr>\n<tr>\n<td>                Materi\u00e1l            <\/td>\n<td>                hlin\u00edk            <\/td>\n<\/tr>\n<tr>\n<td>                Barva            <\/td>\n<td>                hn\u011bd\u00e1            <\/td>\n<\/tr>\n<tr>\n<td>                Po\u010det sv\u011bteln\u00fdch zdroj\u016f            <\/td>\n<td>                1            <\/td>\n<\/tr>\n<tr>\n<td>                V\u00fdrobce            <\/td>\n<td>                IDEALLUX            <\/td>\n<\/tr>\n<tr>\n<td>                \u0160\u00ed\u0159ka v mm            <\/td>\n<td>                50            <\/td>\n<\/tr>\n<tr>\n<td>                D\u00e9lka v mm            <\/td>\n<td>                150            <\/td>\n<\/tr>\n<tr>\n<td>                Nap\u00e1jec\u00ed nap\u011bt\u00ed            <\/td>\n<td>                220-240V            <\/td>\n<\/tr>\n<tr>\n<td>                Kolekce            <\/td>\n<td>                VEGA            <\/td>\n<\/tr>\n<tr>\n<td>                U v\u00fdrobce dostupn\u00fdch            <\/td>\n<td>                266                    ks            <\/td>\n<\/tr>\n<\/table>\n<\/div><\/div>\n<\/div>\n<div class=\"accordion\" id=\"product-info-accordion2\">\n","protected":false},"excerpt":{"rendered":"<p>Popis produktu Venkovn\u00ed stojanov\u00e9 sv\u00edtidlo Vega v hn\u011bd\u00e9m proveden\u00ed z kolekce zahradn\u00edho osv\u011btlen\u00ed designov\u00e9 italsk\u00e9 zna\u010dky Ideal Lux modern\u011b rozsv\u00edt\u00ed p\u0159\u00edstupy k domu, terasu nebo zahradu. Jeho obd\u00e9ln\u00edkov\u00fd tvar s pr\u016fhledem a zaj\u00edmav\u011b ukrytou \u017e\u00e1rovkou s patic\u00ed G9 pro \u00fasporn\u00fd nebo LED zdroj o maxim\u00e1ln\u00edm p\u0159\u00edkonu 1 x 15 W, zaujme svou funk\u010dnost\u00ed i dekorativn\u00ed [&hellip;]<\/p>\n","protected":false},"featured_media":76798,"comment_status":"open","ping_status":"open","template":"","meta":[],"product_brand":[],"product_cat":[37],"product_tag":[],"class_list":{"0":"post-76698","1":"product","2":"type-product","3":"status-publish","4":"has-post-thumbnail","6":"product_cat-venkovni-svitidla","8":"first","9":"instock","10":"sale","11":"shipping-taxable","12":"purchasable","13":"product-type-simple"},"yoast_head":"<!-- This site is optimized with the Yoast SEO plugin v26.8 - https:\/\/yoast.com\/product\/yoast-seo-wordpress\/ -->\n<title>Zna\u010dkov\u00fd VEGA PT1 COFFEE - IDEALLUX -<\/title>\n<meta name=\"robots\" content=\"index, follow, max-snippet:-1, max-image-preview:large, max-video-preview:-1\" \/>\n<link rel=\"canonical\" href=\"https:\/\/www.oknobuild.com\/index.php\/produkt\/znackovy-vega-pt1-coffee-ideallux-76698\/\" \/>\n<meta property=\"og:locale\" content=\"cs_CZ\" \/>\n<meta property=\"og:type\" content=\"article\" \/>\n<meta property=\"og:title\" content=\"Zna\u010dkov\u00fd VEGA PT1 COFFEE - IDEALLUX -\" \/>\n<meta property=\"og:description\" content=\"Popis produktu Venkovn\u00ed stojanov\u00e9 sv\u00edtidlo Vega v hn\u011bd\u00e9m proveden\u00ed z kolekce zahradn\u00edho osv\u011btlen\u00ed designov\u00e9 italsk\u00e9 zna\u010dky Ideal Lux modern\u011b rozsv\u00edt\u00ed p\u0159\u00edstupy k domu, terasu nebo zahradu. Jeho obd\u00e9ln\u00edkov\u00fd tvar s pr\u016fhledem a zaj\u00edmav\u011b ukrytou \u017e\u00e1rovkou s patic\u00ed G9 pro \u00fasporn\u00fd nebo LED zdroj o maxim\u00e1ln\u00edm p\u0159\u00edkonu 1 x 15 W, zaujme svou funk\u010dnost\u00ed i dekorativn\u00ed [&hellip;]\" \/>\n<meta property=\"og:url\" content=\"https:\/\/www.oknobuild.com\/index.php\/produkt\/znackovy-vega-pt1-coffee-ideallux-76698\/\" \/>\n<meta property=\"og:image\" content=\"https:\/\/www.oknobuild.com\/wp-content\/uploads\/2026\/SK0016190-CZ20260425-091535-0-1777079743-ILUX-213361.webp\" \/>\n\t<meta property=\"og:image:width\" content=\"480\" \/>\n\t<meta property=\"og:image:height\" content=\"480\" \/>\n\t<meta property=\"og:image:type\" content=\"image\/webp\" \/>\n<meta name=\"twitter:card\" content=\"summary_large_image\" \/>\n<meta name=\"twitter:label1\" content=\"Odhadovan\u00e1 doba \u010dten\u00ed\" \/>\n\t<meta name=\"twitter:data1\" content=\"1 minuta\" \/>\n<script type=\"application\/ld+json\" class=\"yoast-schema-graph\">{\"@context\":\"https:\/\/schema.org\",\"@graph\":[{\"@type\":\"WebPage\",\"@id\":\"https:\/\/www.oknobuild.com\/index.php\/produkt\/znackovy-vega-pt1-coffee-ideallux-76698\/\",\"url\":\"https:\/\/www.oknobuild.com\/index.php\/produkt\/znackovy-vega-pt1-coffee-ideallux-76698\/\",\"name\":\"Zna\u010dkov\u00fd VEGA PT1 COFFEE - IDEALLUX -\",\"isPartOf\":{\"@id\":\"https:\/\/www.oknobuild.com\/#website\"},\"primaryImageOfPage\":{\"@id\":\"https:\/\/www.oknobuild.com\/index.php\/produkt\/znackovy-vega-pt1-coffee-ideallux-76698\/#primaryimage\"},\"image\":{\"@id\":\"https:\/\/www.oknobuild.com\/index.php\/produkt\/znackovy-vega-pt1-coffee-ideallux-76698\/#primaryimage\"},\"thumbnailUrl\":\"https:\/\/www.oknobuild.com\/wp-content\/uploads\/2026\/SK0016190-CZ20260425-091535-0-1777079743-ILUX-213361.webp\",\"datePublished\":\"2026-04-27T04:44:04+00:00\",\"breadcrumb\":{\"@id\":\"https:\/\/www.oknobuild.com\/index.php\/produkt\/znackovy-vega-pt1-coffee-ideallux-76698\/#breadcrumb\"},\"inLanguage\":\"cs\",\"potentialAction\":[{\"@type\":\"ReadAction\",\"target\":[\"https:\/\/www.oknobuild.com\/index.php\/produkt\/znackovy-vega-pt1-coffee-ideallux-76698\/\"]}]},{\"@type\":\"ImageObject\",\"inLanguage\":\"cs\",\"@id\":\"https:\/\/www.oknobuild.com\/index.php\/produkt\/znackovy-vega-pt1-coffee-ideallux-76698\/#primaryimage\",\"url\":\"https:\/\/www.oknobuild.com\/wp-content\/uploads\/2026\/SK0016190-CZ20260425-091535-0-1777079743-ILUX-213361.webp\",\"contentUrl\":\"https:\/\/www.oknobuild.com\/wp-content\/uploads\/2026\/SK0016190-CZ20260425-091535-0-1777079743-ILUX-213361.webp\",\"width\":480,\"height\":480},{\"@type\":\"BreadcrumbList\",\"@id\":\"https:\/\/www.oknobuild.com\/index.php\/produkt\/znackovy-vega-pt1-coffee-ideallux-76698\/#breadcrumb\",\"itemListElement\":[{\"@type\":\"ListItem\",\"position\":1,\"name\":\"Home\",\"item\":\"https:\/\/www.oknobuild.com\/\"},{\"@type\":\"ListItem\",\"position\":2,\"name\":\"Products\",\"item\":\"https:\/\/www.oknobuild.com\/index.php\/products\/\"},{\"@type\":\"ListItem\",\"position\":3,\"name\":\"Zna\u010dkov\u00fd VEGA PT1 COFFEE &#8211; IDEALLUX\"}]},{\"@type\":\"WebSite\",\"@id\":\"https:\/\/www.oknobuild.com\/#website\",\"url\":\"https:\/\/www.oknobuild.com\/\",\"name\":\"\",\"description\":\"\",\"potentialAction\":[{\"@type\":\"SearchAction\",\"target\":{\"@type\":\"EntryPoint\",\"urlTemplate\":\"https:\/\/www.oknobuild.com\/?s={search_term_string}\"},\"query-input\":{\"@type\":\"PropertyValueSpecification\",\"valueRequired\":true,\"valueName\":\"search_term_string\"}}],\"inLanguage\":\"cs\"}]}<\/script>\n<!-- \/ Yoast SEO plugin. -->","yoast_head_json":{"title":"Zna\u010dkov\u00fd VEGA PT1 COFFEE - IDEALLUX -","robots":{"index":"index","follow":"follow","max-snippet":"max-snippet:-1","max-image-preview":"max-image-preview:large","max-video-preview":"max-video-preview:-1"},"canonical":"https:\/\/www.oknobuild.com\/index.php\/produkt\/znackovy-vega-pt1-coffee-ideallux-76698\/","og_locale":"cs_CZ","og_type":"article","og_title":"Zna\u010dkov\u00fd VEGA PT1 COFFEE - IDEALLUX -","og_description":"Popis produktu Venkovn\u00ed stojanov\u00e9 sv\u00edtidlo Vega v hn\u011bd\u00e9m proveden\u00ed z kolekce zahradn\u00edho osv\u011btlen\u00ed designov\u00e9 italsk\u00e9 zna\u010dky Ideal Lux modern\u011b rozsv\u00edt\u00ed p\u0159\u00edstupy k domu, terasu nebo zahradu. Jeho obd\u00e9ln\u00edkov\u00fd tvar s pr\u016fhledem a zaj\u00edmav\u011b ukrytou \u017e\u00e1rovkou s patic\u00ed G9 pro \u00fasporn\u00fd nebo LED zdroj o maxim\u00e1ln\u00edm p\u0159\u00edkonu 1 x 15 W, zaujme svou funk\u010dnost\u00ed i dekorativn\u00ed [&hellip;]","og_url":"https:\/\/www.oknobuild.com\/index.php\/produkt\/znackovy-vega-pt1-coffee-ideallux-76698\/","og_image":[{"width":480,"height":480,"url":"https:\/\/www.oknobuild.com\/wp-content\/uploads\/2026\/SK0016190-CZ20260425-091535-0-1777079743-ILUX-213361.webp","type":"image\/webp"}],"twitter_card":"summary_large_image","twitter_misc":{"Odhadovan\u00e1 doba \u010dten\u00ed":"1 minuta"},"schema":{"@context":"https:\/\/schema.org","@graph":[{"@type":"WebPage","@id":"https:\/\/www.oknobuild.com\/index.php\/produkt\/znackovy-vega-pt1-coffee-ideallux-76698\/","url":"https:\/\/www.oknobuild.com\/index.php\/produkt\/znackovy-vega-pt1-coffee-ideallux-76698\/","name":"Zna\u010dkov\u00fd VEGA PT1 COFFEE - IDEALLUX -","isPartOf":{"@id":"https:\/\/www.oknobuild.com\/#website"},"primaryImageOfPage":{"@id":"https:\/\/www.oknobuild.com\/index.php\/produkt\/znackovy-vega-pt1-coffee-ideallux-76698\/#primaryimage"},"image":{"@id":"https:\/\/www.oknobuild.com\/index.php\/produkt\/znackovy-vega-pt1-coffee-ideallux-76698\/#primaryimage"},"thumbnailUrl":"https:\/\/www.oknobuild.com\/wp-content\/uploads\/2026\/SK0016190-CZ20260425-091535-0-1777079743-ILUX-213361.webp","datePublished":"2026-04-27T04:44:04+00:00","breadcrumb":{"@id":"https:\/\/www.oknobuild.com\/index.php\/produkt\/znackovy-vega-pt1-coffee-ideallux-76698\/#breadcrumb"},"inLanguage":"cs","potentialAction":[{"@type":"ReadAction","target":["https:\/\/www.oknobuild.com\/index.php\/produkt\/znackovy-vega-pt1-coffee-ideallux-76698\/"]}]},{"@type":"ImageObject","inLanguage":"cs","@id":"https:\/\/www.oknobuild.com\/index.php\/produkt\/znackovy-vega-pt1-coffee-ideallux-76698\/#primaryimage","url":"https:\/\/www.oknobuild.com\/wp-content\/uploads\/2026\/SK0016190-CZ20260425-091535-0-1777079743-ILUX-213361.webp","contentUrl":"https:\/\/www.oknobuild.com\/wp-content\/uploads\/2026\/SK0016190-CZ20260425-091535-0-1777079743-ILUX-213361.webp","width":480,"height":480},{"@type":"BreadcrumbList","@id":"https:\/\/www.oknobuild.com\/index.php\/produkt\/znackovy-vega-pt1-coffee-ideallux-76698\/#breadcrumb","itemListElement":[{"@type":"ListItem","position":1,"name":"Home","item":"https:\/\/www.oknobuild.com\/"},{"@type":"ListItem","position":2,"name":"Products","item":"https:\/\/www.oknobuild.com\/index.php\/products\/"},{"@type":"ListItem","position":3,"name":"Zna\u010dkov\u00fd VEGA PT1 COFFEE &#8211; IDEALLUX"}]},{"@type":"WebSite","@id":"https:\/\/www.oknobuild.com\/#website","url":"https:\/\/www.oknobuild.com\/","name":"","description":"","potentialAction":[{"@type":"SearchAction","target":{"@type":"EntryPoint","urlTemplate":"https:\/\/www.oknobuild.com\/?s={search_term_string}"},"query-input":{"@type":"PropertyValueSpecification","valueRequired":true,"valueName":"search_term_string"}}],"inLanguage":"cs"}]}},"_links":{"self":[{"href":"https:\/\/www.oknobuild.com\/index.php\/wp-json\/wp\/v2\/product\/76698","targetHints":{"allow":["GET"]}}],"collection":[{"href":"https:\/\/www.oknobuild.com\/index.php\/wp-json\/wp\/v2\/product"}],"about":[{"href":"https:\/\/www.oknobuild.com\/index.php\/wp-json\/wp\/v2\/types\/product"}],"replies":[{"embeddable":true,"href":"https:\/\/www.oknobuild.com\/index.php\/wp-json\/wp\/v2\/comments?post=76698"}],"wp:featuredmedia":[{"embeddable":true,"href":"https:\/\/www.oknobuild.com\/index.php\/wp-json\/wp\/v2\/media\/76798"}],"wp:attachment":[{"href":"https:\/\/www.oknobuild.com\/index.php\/wp-json\/wp\/v2\/media?parent=76698"}],"wp:term":[{"taxonomy":"product_brand","embeddable":true,"href":"https:\/\/www.oknobuild.com\/index.php\/wp-json\/wp\/v2\/product_brand?post=76698"},{"taxonomy":"product_cat","embeddable":true,"href":"https:\/\/www.oknobuild.com\/index.php\/wp-json\/wp\/v2\/product_cat?post=76698"},{"taxonomy":"product_tag","embeddable":true,"href":"https:\/\/www.oknobuild.com\/index.php\/wp-json\/wp\/v2\/product_tag?post=76698"}],"curies":[{"name":"wp","href":"https:\/\/api.w.org\/{rel}","templated":true}]}}