{"id":76771,"date":"2026-04-27T04:44:04","date_gmt":"2026-04-27T04:44:04","guid":{"rendered":""},"modified":"2026-04-27T04:44:04","modified_gmt":"2026-04-27T04:44:04","slug":"zlevneny-ukoncena-vyroba-arca-accent-15w-3000k-ideallux-76771","status":"publish","type":"product","link":"https:\/\/www.oknobuild.com\/index.php\/produkt\/zlevneny-ukoncena-vyroba-arca-accent-15w-3000k-ideallux-76771\/","title":{"rendered":"Zlevn\u011bn\u00fd UKON\u010cENA V\u00ddROBA Arca accent 15w 3000k &#8211; IDEALLUX"},"content":{"rendered":"<p><\/p>\n<div class=\"top-params\">\n<h3 class=\"product-h3 collapse-header \" data-toggle=\"collapse\" data-target=\"#collapseOne\" aria-expanded=\"true\" aria-controls=\"collapseOne\">Parametry<\/h3>\n<div id=\"collapseOne\" class=\"collapse show\" aria-labelledby=\"headingOne\" data-parent=\"#product-info-accordion1\">\n<table class=\"table-striped\">\n<tr>\n<td>                V\u00fd\u0161ka v mm            <\/td>\n<td>                71            <\/td>\n<\/tr>\n<tr>\n<td>                \u00dahel z\u00e1\u0159en\u00ed            <\/td>\n<td>                35\u00b0            <\/td>\n<\/tr>\n<tr>\n<td>                Hmotnost g            <\/td>\n<td>                440            <\/td>\n<\/tr>\n<tr>\n<td>                Typ sv\u011bteln\u00e9ho zdroje            <\/td>\n<td>                LED            <\/td>\n<\/tr>\n<tr>\n<td>                \u0160\u00ed\u0159ka v mm            <\/td>\n<td>                35            <\/td>\n<\/tr>\n<tr>\n<td>                D\u00e9lka v mm            <\/td>\n<td>                305            <\/td>\n<\/tr>\n<tr>\n<td>                Ochrana IP            <\/td>\n<td>                IP20            <\/td>\n<\/tr>\n<tr>\n<td>                Sv\u011bteln\u00fd tok            <\/td>\n<td>                2000lm            <\/td>\n<\/tr>\n<tr>\n<td>                Teplota barvy sv\u011btla            <\/td>\n<td>                3000K            <\/td>\n<\/tr>\n<tr>\n<td>                Max. p\u0159\u00edkon sv\u011bteln\u00e9ho zdroje            <\/td>\n<td>                15W            <\/td>\n<\/tr>\n<tr>\n<td>                V\u00fdkon            <\/td>\n<td>                15W            <\/td>\n<\/tr>\n<tr>\n<td>                Nap\u00e1jec\u00ed nap\u011bt\u00ed            <\/td>\n<td>                48V DC            <\/td>\n<\/tr>\n<tr>\n<td>                Patice            <\/td>\n<td>                LED            <\/td>\n<\/tr>\n<tr>\n<td>                V\u010detn\u011b sv\u011bteln\u00e9ho zdroje            <\/td>\n<td>                ano            <\/td>\n<\/tr>\n<tr>\n<td>                Materi\u00e1l            <\/td>\n<td>                hlin\u00edk            <\/td>\n<\/tr>\n<tr>\n<td>                Barva            <\/td>\n<td>                \u010dern\u00e1            <\/td>\n<\/tr>\n<tr>\n<td>                Kolekce            <\/td>\n<td>                ARCA            <\/td>\n<\/tr>\n<tr>\n<td>                Po\u010det sv\u011bteln\u00fdch zdroj\u016f            <\/td>\n<td>                1            <\/td>\n<\/tr>\n<tr>\n<td>                V\u00fdrobce            <\/td>\n<td>                IDEALLUX            <\/td>\n<\/tr>\n<tr>\n<td>                U v\u00fdrobce dostupn\u00fdch            <\/td>\n<td>                0                    ks            <\/td>\n<\/tr>\n<\/table>\n<\/div><\/div>\n<\/div>\n<div class=\"accordion\" id=\"product-info-accordion2\">\n","protected":false},"excerpt":{"rendered":"<p>Parametry V\u00fd\u0161ka v mm 71 \u00dahel z\u00e1\u0159en\u00ed 35\u00b0 Hmotnost g 440 Typ sv\u011bteln\u00e9ho zdroje LED \u0160\u00ed\u0159ka v mm 35 D\u00e9lka v mm 305 Ochrana IP IP20 Sv\u011bteln\u00fd tok 2000lm Teplota barvy sv\u011btla 3000K Max. p\u0159\u00edkon sv\u011bteln\u00e9ho zdroje 15W V\u00fdkon 15W Nap\u00e1jec\u00ed nap\u011bt\u00ed 48V DC Patice LED V\u010detn\u011b sv\u011bteln\u00e9ho zdroje ano Materi\u00e1l hlin\u00edk Barva \u010dern\u00e1 Kolekce [&hellip;]<\/p>\n","protected":false},"featured_media":76871,"comment_status":"open","ping_status":"open","template":"","meta":[],"product_brand":[],"product_cat":[35],"product_tag":[],"class_list":{"0":"post-76771","1":"product","2":"type-product","3":"status-publish","4":"has-post-thumbnail","6":"product_cat-systemy","8":"first","9":"instock","10":"sale","11":"shipping-taxable","12":"purchasable","13":"product-type-simple"},"yoast_head":"<!-- This site is optimized with the Yoast SEO plugin v26.8 - https:\/\/yoast.com\/product\/yoast-seo-wordpress\/ -->\n<title>Zlevn\u011bn\u00fd UKON\u010cENA V\u00ddROBA Arca accent 15w 3000k - IDEALLUX -<\/title>\n<meta name=\"robots\" content=\"index, follow, max-snippet:-1, max-image-preview:large, max-video-preview:-1\" \/>\n<link rel=\"canonical\" href=\"https:\/\/www.oknobuild.com\/index.php\/produkt\/zlevneny-ukoncena-vyroba-arca-accent-15w-3000k-ideallux-76771\/\" \/>\n<meta property=\"og:locale\" content=\"cs_CZ\" \/>\n<meta property=\"og:type\" content=\"article\" \/>\n<meta property=\"og:title\" content=\"Zlevn\u011bn\u00fd UKON\u010cENA V\u00ddROBA Arca accent 15w 3000k - IDEALLUX -\" \/>\n<meta property=\"og:description\" content=\"Parametry V\u00fd\u0161ka v mm 71 \u00dahel z\u00e1\u0159en\u00ed 35\u00b0 Hmotnost g 440 Typ sv\u011bteln\u00e9ho zdroje LED \u0160\u00ed\u0159ka v mm 35 D\u00e9lka v mm 305 Ochrana IP IP20 Sv\u011bteln\u00fd tok 2000lm Teplota barvy sv\u011btla 3000K Max. p\u0159\u00edkon sv\u011bteln\u00e9ho zdroje 15W V\u00fdkon 15W Nap\u00e1jec\u00ed nap\u011bt\u00ed 48V DC Patice LED V\u010detn\u011b sv\u011bteln\u00e9ho zdroje ano Materi\u00e1l hlin\u00edk Barva \u010dern\u00e1 Kolekce [&hellip;]\" \/>\n<meta property=\"og:url\" content=\"https:\/\/www.oknobuild.com\/index.php\/produkt\/zlevneny-ukoncena-vyroba-arca-accent-15w-3000k-ideallux-76771\/\" \/>\n<meta property=\"og:image\" content=\"https:\/\/www.oknobuild.com\/wp-content\/uploads\/2026\/SK0016267-CZ20260425-091535-0-1777079743-ILUX-222929.webp\" \/>\n\t<meta property=\"og:image:width\" content=\"800\" \/>\n\t<meta property=\"og:image:height\" content=\"800\" \/>\n\t<meta property=\"og:image:type\" content=\"image\/webp\" \/>\n<meta name=\"twitter:card\" content=\"summary_large_image\" \/>\n<script type=\"application\/ld+json\" class=\"yoast-schema-graph\">{\"@context\":\"https:\/\/schema.org\",\"@graph\":[{\"@type\":\"WebPage\",\"@id\":\"https:\/\/www.oknobuild.com\/index.php\/produkt\/zlevneny-ukoncena-vyroba-arca-accent-15w-3000k-ideallux-76771\/\",\"url\":\"https:\/\/www.oknobuild.com\/index.php\/produkt\/zlevneny-ukoncena-vyroba-arca-accent-15w-3000k-ideallux-76771\/\",\"name\":\"Zlevn\u011bn\u00fd UKON\u010cENA V\u00ddROBA Arca accent 15w 3000k - IDEALLUX -\",\"isPartOf\":{\"@id\":\"https:\/\/www.oknobuild.com\/#website\"},\"primaryImageOfPage\":{\"@id\":\"https:\/\/www.oknobuild.com\/index.php\/produkt\/zlevneny-ukoncena-vyroba-arca-accent-15w-3000k-ideallux-76771\/#primaryimage\"},\"image\":{\"@id\":\"https:\/\/www.oknobuild.com\/index.php\/produkt\/zlevneny-ukoncena-vyroba-arca-accent-15w-3000k-ideallux-76771\/#primaryimage\"},\"thumbnailUrl\":\"https:\/\/www.oknobuild.com\/wp-content\/uploads\/2026\/SK0016267-CZ20260425-091535-0-1777079743-ILUX-222929.webp\",\"datePublished\":\"2026-04-27T04:44:04+00:00\",\"breadcrumb\":{\"@id\":\"https:\/\/www.oknobuild.com\/index.php\/produkt\/zlevneny-ukoncena-vyroba-arca-accent-15w-3000k-ideallux-76771\/#breadcrumb\"},\"inLanguage\":\"cs\",\"potentialAction\":[{\"@type\":\"ReadAction\",\"target\":[\"https:\/\/www.oknobuild.com\/index.php\/produkt\/zlevneny-ukoncena-vyroba-arca-accent-15w-3000k-ideallux-76771\/\"]}]},{\"@type\":\"ImageObject\",\"inLanguage\":\"cs\",\"@id\":\"https:\/\/www.oknobuild.com\/index.php\/produkt\/zlevneny-ukoncena-vyroba-arca-accent-15w-3000k-ideallux-76771\/#primaryimage\",\"url\":\"https:\/\/www.oknobuild.com\/wp-content\/uploads\/2026\/SK0016267-CZ20260425-091535-0-1777079743-ILUX-222929.webp\",\"contentUrl\":\"https:\/\/www.oknobuild.com\/wp-content\/uploads\/2026\/SK0016267-CZ20260425-091535-0-1777079743-ILUX-222929.webp\",\"width\":800,\"height\":800},{\"@type\":\"BreadcrumbList\",\"@id\":\"https:\/\/www.oknobuild.com\/index.php\/produkt\/zlevneny-ukoncena-vyroba-arca-accent-15w-3000k-ideallux-76771\/#breadcrumb\",\"itemListElement\":[{\"@type\":\"ListItem\",\"position\":1,\"name\":\"Home\",\"item\":\"https:\/\/www.oknobuild.com\/\"},{\"@type\":\"ListItem\",\"position\":2,\"name\":\"Products\",\"item\":\"https:\/\/www.oknobuild.com\/index.php\/products\/\"},{\"@type\":\"ListItem\",\"position\":3,\"name\":\"Zlevn\u011bn\u00fd UKON\u010cENA V\u00ddROBA Arca accent 15w 3000k &#8211; IDEALLUX\"}]},{\"@type\":\"WebSite\",\"@id\":\"https:\/\/www.oknobuild.com\/#website\",\"url\":\"https:\/\/www.oknobuild.com\/\",\"name\":\"\",\"description\":\"\",\"potentialAction\":[{\"@type\":\"SearchAction\",\"target\":{\"@type\":\"EntryPoint\",\"urlTemplate\":\"https:\/\/www.oknobuild.com\/?s={search_term_string}\"},\"query-input\":{\"@type\":\"PropertyValueSpecification\",\"valueRequired\":true,\"valueName\":\"search_term_string\"}}],\"inLanguage\":\"cs\"}]}<\/script>\n<!-- \/ Yoast SEO plugin. -->","yoast_head_json":{"title":"Zlevn\u011bn\u00fd UKON\u010cENA V\u00ddROBA Arca accent 15w 3000k - IDEALLUX -","robots":{"index":"index","follow":"follow","max-snippet":"max-snippet:-1","max-image-preview":"max-image-preview:large","max-video-preview":"max-video-preview:-1"},"canonical":"https:\/\/www.oknobuild.com\/index.php\/produkt\/zlevneny-ukoncena-vyroba-arca-accent-15w-3000k-ideallux-76771\/","og_locale":"cs_CZ","og_type":"article","og_title":"Zlevn\u011bn\u00fd UKON\u010cENA V\u00ddROBA Arca accent 15w 3000k - IDEALLUX -","og_description":"Parametry V\u00fd\u0161ka v mm 71 \u00dahel z\u00e1\u0159en\u00ed 35\u00b0 Hmotnost g 440 Typ sv\u011bteln\u00e9ho zdroje LED \u0160\u00ed\u0159ka v mm 35 D\u00e9lka v mm 305 Ochrana IP IP20 Sv\u011bteln\u00fd tok 2000lm Teplota barvy sv\u011btla 3000K Max. p\u0159\u00edkon sv\u011bteln\u00e9ho zdroje 15W V\u00fdkon 15W Nap\u00e1jec\u00ed nap\u011bt\u00ed 48V DC Patice LED V\u010detn\u011b sv\u011bteln\u00e9ho zdroje ano Materi\u00e1l hlin\u00edk Barva \u010dern\u00e1 Kolekce [&hellip;]","og_url":"https:\/\/www.oknobuild.com\/index.php\/produkt\/zlevneny-ukoncena-vyroba-arca-accent-15w-3000k-ideallux-76771\/","og_image":[{"width":800,"height":800,"url":"https:\/\/www.oknobuild.com\/wp-content\/uploads\/2026\/SK0016267-CZ20260425-091535-0-1777079743-ILUX-222929.webp","type":"image\/webp"}],"twitter_card":"summary_large_image","schema":{"@context":"https:\/\/schema.org","@graph":[{"@type":"WebPage","@id":"https:\/\/www.oknobuild.com\/index.php\/produkt\/zlevneny-ukoncena-vyroba-arca-accent-15w-3000k-ideallux-76771\/","url":"https:\/\/www.oknobuild.com\/index.php\/produkt\/zlevneny-ukoncena-vyroba-arca-accent-15w-3000k-ideallux-76771\/","name":"Zlevn\u011bn\u00fd UKON\u010cENA V\u00ddROBA Arca accent 15w 3000k - IDEALLUX -","isPartOf":{"@id":"https:\/\/www.oknobuild.com\/#website"},"primaryImageOfPage":{"@id":"https:\/\/www.oknobuild.com\/index.php\/produkt\/zlevneny-ukoncena-vyroba-arca-accent-15w-3000k-ideallux-76771\/#primaryimage"},"image":{"@id":"https:\/\/www.oknobuild.com\/index.php\/produkt\/zlevneny-ukoncena-vyroba-arca-accent-15w-3000k-ideallux-76771\/#primaryimage"},"thumbnailUrl":"https:\/\/www.oknobuild.com\/wp-content\/uploads\/2026\/SK0016267-CZ20260425-091535-0-1777079743-ILUX-222929.webp","datePublished":"2026-04-27T04:44:04+00:00","breadcrumb":{"@id":"https:\/\/www.oknobuild.com\/index.php\/produkt\/zlevneny-ukoncena-vyroba-arca-accent-15w-3000k-ideallux-76771\/#breadcrumb"},"inLanguage":"cs","potentialAction":[{"@type":"ReadAction","target":["https:\/\/www.oknobuild.com\/index.php\/produkt\/zlevneny-ukoncena-vyroba-arca-accent-15w-3000k-ideallux-76771\/"]}]},{"@type":"ImageObject","inLanguage":"cs","@id":"https:\/\/www.oknobuild.com\/index.php\/produkt\/zlevneny-ukoncena-vyroba-arca-accent-15w-3000k-ideallux-76771\/#primaryimage","url":"https:\/\/www.oknobuild.com\/wp-content\/uploads\/2026\/SK0016267-CZ20260425-091535-0-1777079743-ILUX-222929.webp","contentUrl":"https:\/\/www.oknobuild.com\/wp-content\/uploads\/2026\/SK0016267-CZ20260425-091535-0-1777079743-ILUX-222929.webp","width":800,"height":800},{"@type":"BreadcrumbList","@id":"https:\/\/www.oknobuild.com\/index.php\/produkt\/zlevneny-ukoncena-vyroba-arca-accent-15w-3000k-ideallux-76771\/#breadcrumb","itemListElement":[{"@type":"ListItem","position":1,"name":"Home","item":"https:\/\/www.oknobuild.com\/"},{"@type":"ListItem","position":2,"name":"Products","item":"https:\/\/www.oknobuild.com\/index.php\/products\/"},{"@type":"ListItem","position":3,"name":"Zlevn\u011bn\u00fd UKON\u010cENA V\u00ddROBA Arca accent 15w 3000k &#8211; IDEALLUX"}]},{"@type":"WebSite","@id":"https:\/\/www.oknobuild.com\/#website","url":"https:\/\/www.oknobuild.com\/","name":"","description":"","potentialAction":[{"@type":"SearchAction","target":{"@type":"EntryPoint","urlTemplate":"https:\/\/www.oknobuild.com\/?s={search_term_string}"},"query-input":{"@type":"PropertyValueSpecification","valueRequired":true,"valueName":"search_term_string"}}],"inLanguage":"cs"}]}},"_links":{"self":[{"href":"https:\/\/www.oknobuild.com\/index.php\/wp-json\/wp\/v2\/product\/76771","targetHints":{"allow":["GET"]}}],"collection":[{"href":"https:\/\/www.oknobuild.com\/index.php\/wp-json\/wp\/v2\/product"}],"about":[{"href":"https:\/\/www.oknobuild.com\/index.php\/wp-json\/wp\/v2\/types\/product"}],"replies":[{"embeddable":true,"href":"https:\/\/www.oknobuild.com\/index.php\/wp-json\/wp\/v2\/comments?post=76771"}],"wp:featuredmedia":[{"embeddable":true,"href":"https:\/\/www.oknobuild.com\/index.php\/wp-json\/wp\/v2\/media\/76871"}],"wp:attachment":[{"href":"https:\/\/www.oknobuild.com\/index.php\/wp-json\/wp\/v2\/media?parent=76771"}],"wp:term":[{"taxonomy":"product_brand","embeddable":true,"href":"https:\/\/www.oknobuild.com\/index.php\/wp-json\/wp\/v2\/product_brand?post=76771"},{"taxonomy":"product_cat","embeddable":true,"href":"https:\/\/www.oknobuild.com\/index.php\/wp-json\/wp\/v2\/product_cat?post=76771"},{"taxonomy":"product_tag","embeddable":true,"href":"https:\/\/www.oknobuild.com\/index.php\/wp-json\/wp\/v2\/product_tag?post=76771"}],"curies":[{"name":"wp","href":"https:\/\/api.w.org\/{rel}","templated":true}]}}