{"id":77355,"date":"2026-04-27T04:44:05","date_gmt":"2026-04-27T04:44:05","guid":{"rendered":""},"modified":"2026-04-27T04:44:05","modified_gmt":"2026-04-27T04:44:05","slug":"znackovy-deep-30w-4000k-ideallux-77355","status":"publish","type":"product","link":"https:\/\/www.oknobuild.com\/index.php\/produkt\/znackovy-deep-30w-4000k-ideallux-77355\/","title":{"rendered":"Zna\u010dkov\u00fd DEEP 30W 4000K &#8211; IDEALLUX"},"content":{"rendered":"<h3 class=\"product-h3\">Popis produktu<\/h3>\n<p>Z\u00e1pustn\u00e9 bodov\u00e9 sv\u00edtidlo Deep z kolekce interi\u00e9rov\u00e9ho osv\u011btlen\u00ed Ideal Lux v nejv\u011bt\u0161\u00edm proveden\u00ed o pr\u016fm\u011bru 21 cm m\u00e1 jednoduch\u00fd, ale praktick\u00fd design, kter\u00fd se hod\u00ed do modern\u011b i klasicky za\u0159\u00edzen\u00fdch chodeb, vstupn\u00edch hal, kancel\u00e1\u0159\u00ed, zasedac\u00edch m\u00edstnost\u00ed, kuchyn\u00ed \u010di j\u00eddeln\u00edch kout\u016f. Je vyrobeno z kvalitn\u00edho hlin\u00edku s matn\u011b b\u00edlou povrchovou \u00fapravou. Bodovka m\u00e1 integrovan\u00fd LED zdroj o p\u0159\u00edkonu 30W a teplot\u011b chromati\u010dnosti 4000K (studen\u00e9 b\u00edl\u00e9 sv\u011btlo). Hloubka zapu\u0161t\u011bn\u00ed je 6 cm a \u00fahel vyza\u0159ov\u00e1n\u00ed je 77\u00b0. Pro mont\u00e1\u017e je nutn\u00fd otvor o pr\u016fm\u011bru 20 cm. Kryt\u00ed IP44 chr\u00e1n\u00ed p\u0159ed st\u0159\u00edkaj\u00edc\u00ed vodou, tud\u00ed\u017e jej m\u016f\u017eete vyu\u017e\u00edt tak\u00e9 na vlhk\u00fdch m\u00edstech. Sou\u010d\u00e1st\u00ed balen\u00ed je ON\/OFF trafo. Mo\u017en\u00e9 dokoupit stm\u00edvac\u00ed trafo: 1-10V &#8211; 10 W obj. k\u00f3d 248950 &#8211; 25 W obj. k\u00f3d 248974 &#8211; 30 W obj. k\u00f3d 248998 DALI &#8211; 12 W obj. k\u00f3d 248967 &#8211; 25 W obj. k\u00f3d 248981 &#8211; 36 W obj. k\u00f3d 249001<\/p>\n<\/p><\/div>\n<\/p><\/div>\n<p><\/p>\n<div class=\"top-params\">\n<h3 class=\"product-h3 collapse-header \" data-toggle=\"collapse\" data-target=\"#collapseOne\" aria-expanded=\"true\" aria-controls=\"collapseOne\">Parametry<\/h3>\n<div id=\"collapseOne\" class=\"collapse show\" aria-labelledby=\"headingOne\" data-parent=\"#product-info-accordion1\">\n<table class=\"table-striped\">\n<tr>\n<td>                \u00dahel z\u00e1\u0159en\u00ed            <\/td>\n<td>                77\u00b0            <\/td>\n<\/tr>\n<tr>\n<td>                V\u00fd\u0161ka v mm            <\/td>\n<td>                60            <\/td>\n<\/tr>\n<tr>\n<td>                T\u0159\u00edda ochrany            <\/td>\n<td>                II            <\/td>\n<\/tr>\n<tr>\n<td>                \u017divotnost            <\/td>\n<td>                30000 hodin            <\/td>\n<\/tr>\n<tr>\n<td>                Hmotnost g            <\/td>\n<td>                650            <\/td>\n<\/tr>\n<tr>\n<td>                Energetick\u00e1 \u00fa\u010dinnost            <\/td>\n<td>                E            <\/td>\n<\/tr>\n<tr>\n<td>                Index pod\u00e1n\u00ed barev            <\/td>\n<td>                80            <\/td>\n<\/tr>\n<tr>\n<td>                \u0160\u00ed\u0159ka v mm            <\/td>\n<td>                210            <\/td>\n<\/tr>\n<tr>\n<td>                Pr\u016fm\u011br v mm            <\/td>\n<td>                210            <\/td>\n<\/tr>\n<tr>\n<td>                D\u00e9lka v mm            <\/td>\n<td>                210            <\/td>\n<\/tr>\n<tr>\n<td>                Teplota barvy sv\u011btla            <\/td>\n<td>                4000K            <\/td>\n<\/tr>\n<tr>\n<td>                Max. p\u0159\u00edkon sv\u011bteln\u00e9ho zdroje            <\/td>\n<td>                30W            <\/td>\n<\/tr>\n<tr>\n<td>                V\u00fdkon            <\/td>\n<td>                30W            <\/td>\n<\/tr>\n<tr>\n<td>                Patice            <\/td>\n<td>                LED            <\/td>\n<\/tr>\n<tr>\n<td>                Z\u00e1pustn\u00e1 hloubka v mm            <\/td>\n<td>                60            <\/td>\n<\/tr>\n<tr>\n<td>                V\u010detn\u011b sv\u011bteln\u00e9ho zdroje            <\/td>\n<td>                ano            <\/td>\n<\/tr>\n<tr>\n<td>                Materi\u00e1l            <\/td>\n<td>                hlin\u00edk            <\/td>\n<\/tr>\n<tr>\n<td>                Barva            <\/td>\n<td>                b\u00edl\u00e1            <\/td>\n<\/tr>\n<tr>\n<td>                Po\u010det sv\u011bteln\u00fdch zdroj\u016f            <\/td>\n<td>                1            <\/td>\n<\/tr>\n<tr>\n<td>                V\u00fdrobce            <\/td>\n<td>                IDEALLUX            <\/td>\n<\/tr>\n<tr>\n<td>                Typ sv\u011bteln\u00e9ho zdroje            <\/td>\n<td>                LED            <\/td>\n<\/tr>\n<tr>\n<td>                Ochrana IP            <\/td>\n<td>                IP20            <\/td>\n<\/tr>\n<tr>\n<td>                Sv\u011bteln\u00fd tok            <\/td>\n<td>                4350lm            <\/td>\n<\/tr>\n<tr>\n<td>                Nap\u00e1jec\u00ed nap\u011bt\u00ed            <\/td>\n<td>                220-240V            <\/td>\n<\/tr>\n<tr>\n<td>                Kolekce            <\/td>\n<td>                DEEP            <\/td>\n<\/tr>\n<tr>\n<td>                U v\u00fdrobce dostupn\u00fdch            <\/td>\n<td>                231                    ks            <\/td>\n<\/tr>\n<\/table>\n<\/div><\/div>\n<\/div>\n<div class=\"accordion\" id=\"product-info-accordion2\">\n","protected":false},"excerpt":{"rendered":"<p>Popis produktu Z\u00e1pustn\u00e9 bodov\u00e9 sv\u00edtidlo Deep z kolekce interi\u00e9rov\u00e9ho osv\u011btlen\u00ed Ideal Lux v nejv\u011bt\u0161\u00edm proveden\u00ed o pr\u016fm\u011bru 21 cm m\u00e1 jednoduch\u00fd, ale praktick\u00fd design, kter\u00fd se hod\u00ed do modern\u011b i klasicky za\u0159\u00edzen\u00fdch chodeb, vstupn\u00edch hal, kancel\u00e1\u0159\u00ed, zasedac\u00edch m\u00edstnost\u00ed, kuchyn\u00ed \u010di j\u00eddeln\u00edch kout\u016f. Je vyrobeno z kvalitn\u00edho hlin\u00edku s matn\u011b b\u00edlou povrchovou \u00fapravou. Bodovka m\u00e1 integrovan\u00fd [&hellip;]<\/p>\n","protected":false},"featured_media":77455,"comment_status":"open","ping_status":"open","template":"","meta":[],"product_brand":[],"product_cat":[32],"product_tag":[],"class_list":{"0":"post-77355","1":"product","2":"type-product","3":"status-publish","4":"has-post-thumbnail","6":"product_cat-interierova-svitidla","8":"first","9":"instock","10":"sale","11":"shipping-taxable","12":"purchasable","13":"product-type-simple"},"yoast_head":"<!-- This site is optimized with the Yoast SEO plugin v26.8 - https:\/\/yoast.com\/product\/yoast-seo-wordpress\/ -->\n<title>Zna\u010dkov\u00fd DEEP 30W 4000K - IDEALLUX -<\/title>\n<meta name=\"robots\" content=\"index, follow, max-snippet:-1, max-image-preview:large, max-video-preview:-1\" \/>\n<link rel=\"canonical\" href=\"https:\/\/www.oknobuild.com\/index.php\/produkt\/znackovy-deep-30w-4000k-ideallux-77355\/\" \/>\n<meta property=\"og:locale\" content=\"cs_CZ\" \/>\n<meta property=\"og:type\" content=\"article\" \/>\n<meta property=\"og:title\" content=\"Zna\u010dkov\u00fd DEEP 30W 4000K - IDEALLUX -\" \/>\n<meta property=\"og:description\" content=\"Popis produktu Z\u00e1pustn\u00e9 bodov\u00e9 sv\u00edtidlo Deep z kolekce interi\u00e9rov\u00e9ho osv\u011btlen\u00ed Ideal Lux v nejv\u011bt\u0161\u00edm proveden\u00ed o pr\u016fm\u011bru 21 cm m\u00e1 jednoduch\u00fd, ale praktick\u00fd design, kter\u00fd se hod\u00ed do modern\u011b i klasicky za\u0159\u00edzen\u00fdch chodeb, vstupn\u00edch hal, kancel\u00e1\u0159\u00ed, zasedac\u00edch m\u00edstnost\u00ed, kuchyn\u00ed \u010di j\u00eddeln\u00edch kout\u016f. Je vyrobeno z kvalitn\u00edho hlin\u00edku s matn\u011b b\u00edlou povrchovou \u00fapravou. Bodovka m\u00e1 integrovan\u00fd [&hellip;]\" \/>\n<meta property=\"og:url\" content=\"https:\/\/www.oknobuild.com\/index.php\/produkt\/znackovy-deep-30w-4000k-ideallux-77355\/\" \/>\n<meta property=\"og:image\" content=\"https:\/\/www.oknobuild.com\/wp-content\/uploads\/2026\/SK0016559-CZ20260425-091535-0-1777079743-ILUX-248790.webp\" \/>\n\t<meta property=\"og:image:width\" content=\"800\" \/>\n\t<meta property=\"og:image:height\" content=\"800\" \/>\n\t<meta property=\"og:image:type\" content=\"image\/webp\" \/>\n<meta name=\"twitter:card\" content=\"summary_large_image\" \/>\n<meta name=\"twitter:label1\" content=\"Odhadovan\u00e1 doba \u010dten\u00ed\" \/>\n\t<meta name=\"twitter:data1\" content=\"1 minuta\" \/>\n<script type=\"application\/ld+json\" class=\"yoast-schema-graph\">{\"@context\":\"https:\/\/schema.org\",\"@graph\":[{\"@type\":\"WebPage\",\"@id\":\"https:\/\/www.oknobuild.com\/index.php\/produkt\/znackovy-deep-30w-4000k-ideallux-77355\/\",\"url\":\"https:\/\/www.oknobuild.com\/index.php\/produkt\/znackovy-deep-30w-4000k-ideallux-77355\/\",\"name\":\"Zna\u010dkov\u00fd DEEP 30W 4000K - IDEALLUX -\",\"isPartOf\":{\"@id\":\"https:\/\/www.oknobuild.com\/#website\"},\"primaryImageOfPage\":{\"@id\":\"https:\/\/www.oknobuild.com\/index.php\/produkt\/znackovy-deep-30w-4000k-ideallux-77355\/#primaryimage\"},\"image\":{\"@id\":\"https:\/\/www.oknobuild.com\/index.php\/produkt\/znackovy-deep-30w-4000k-ideallux-77355\/#primaryimage\"},\"thumbnailUrl\":\"https:\/\/www.oknobuild.com\/wp-content\/uploads\/2026\/SK0016559-CZ20260425-091535-0-1777079743-ILUX-248790.webp\",\"datePublished\":\"2026-04-27T04:44:05+00:00\",\"breadcrumb\":{\"@id\":\"https:\/\/www.oknobuild.com\/index.php\/produkt\/znackovy-deep-30w-4000k-ideallux-77355\/#breadcrumb\"},\"inLanguage\":\"cs\",\"potentialAction\":[{\"@type\":\"ReadAction\",\"target\":[\"https:\/\/www.oknobuild.com\/index.php\/produkt\/znackovy-deep-30w-4000k-ideallux-77355\/\"]}]},{\"@type\":\"ImageObject\",\"inLanguage\":\"cs\",\"@id\":\"https:\/\/www.oknobuild.com\/index.php\/produkt\/znackovy-deep-30w-4000k-ideallux-77355\/#primaryimage\",\"url\":\"https:\/\/www.oknobuild.com\/wp-content\/uploads\/2026\/SK0016559-CZ20260425-091535-0-1777079743-ILUX-248790.webp\",\"contentUrl\":\"https:\/\/www.oknobuild.com\/wp-content\/uploads\/2026\/SK0016559-CZ20260425-091535-0-1777079743-ILUX-248790.webp\",\"width\":800,\"height\":800},{\"@type\":\"BreadcrumbList\",\"@id\":\"https:\/\/www.oknobuild.com\/index.php\/produkt\/znackovy-deep-30w-4000k-ideallux-77355\/#breadcrumb\",\"itemListElement\":[{\"@type\":\"ListItem\",\"position\":1,\"name\":\"Home\",\"item\":\"https:\/\/www.oknobuild.com\/\"},{\"@type\":\"ListItem\",\"position\":2,\"name\":\"Products\",\"item\":\"https:\/\/www.oknobuild.com\/index.php\/products\/\"},{\"@type\":\"ListItem\",\"position\":3,\"name\":\"Zna\u010dkov\u00fd DEEP 30W 4000K &#8211; IDEALLUX\"}]},{\"@type\":\"WebSite\",\"@id\":\"https:\/\/www.oknobuild.com\/#website\",\"url\":\"https:\/\/www.oknobuild.com\/\",\"name\":\"\",\"description\":\"\",\"potentialAction\":[{\"@type\":\"SearchAction\",\"target\":{\"@type\":\"EntryPoint\",\"urlTemplate\":\"https:\/\/www.oknobuild.com\/?s={search_term_string}\"},\"query-input\":{\"@type\":\"PropertyValueSpecification\",\"valueRequired\":true,\"valueName\":\"search_term_string\"}}],\"inLanguage\":\"cs\"}]}<\/script>\n<!-- \/ Yoast SEO plugin. -->","yoast_head_json":{"title":"Zna\u010dkov\u00fd DEEP 30W 4000K - IDEALLUX -","robots":{"index":"index","follow":"follow","max-snippet":"max-snippet:-1","max-image-preview":"max-image-preview:large","max-video-preview":"max-video-preview:-1"},"canonical":"https:\/\/www.oknobuild.com\/index.php\/produkt\/znackovy-deep-30w-4000k-ideallux-77355\/","og_locale":"cs_CZ","og_type":"article","og_title":"Zna\u010dkov\u00fd DEEP 30W 4000K - IDEALLUX -","og_description":"Popis produktu Z\u00e1pustn\u00e9 bodov\u00e9 sv\u00edtidlo Deep z kolekce interi\u00e9rov\u00e9ho osv\u011btlen\u00ed Ideal Lux v nejv\u011bt\u0161\u00edm proveden\u00ed o pr\u016fm\u011bru 21 cm m\u00e1 jednoduch\u00fd, ale praktick\u00fd design, kter\u00fd se hod\u00ed do modern\u011b i klasicky za\u0159\u00edzen\u00fdch chodeb, vstupn\u00edch hal, kancel\u00e1\u0159\u00ed, zasedac\u00edch m\u00edstnost\u00ed, kuchyn\u00ed \u010di j\u00eddeln\u00edch kout\u016f. Je vyrobeno z kvalitn\u00edho hlin\u00edku s matn\u011b b\u00edlou povrchovou \u00fapravou. Bodovka m\u00e1 integrovan\u00fd [&hellip;]","og_url":"https:\/\/www.oknobuild.com\/index.php\/produkt\/znackovy-deep-30w-4000k-ideallux-77355\/","og_image":[{"width":800,"height":800,"url":"https:\/\/www.oknobuild.com\/wp-content\/uploads\/2026\/SK0016559-CZ20260425-091535-0-1777079743-ILUX-248790.webp","type":"image\/webp"}],"twitter_card":"summary_large_image","twitter_misc":{"Odhadovan\u00e1 doba \u010dten\u00ed":"1 minuta"},"schema":{"@context":"https:\/\/schema.org","@graph":[{"@type":"WebPage","@id":"https:\/\/www.oknobuild.com\/index.php\/produkt\/znackovy-deep-30w-4000k-ideallux-77355\/","url":"https:\/\/www.oknobuild.com\/index.php\/produkt\/znackovy-deep-30w-4000k-ideallux-77355\/","name":"Zna\u010dkov\u00fd DEEP 30W 4000K - IDEALLUX -","isPartOf":{"@id":"https:\/\/www.oknobuild.com\/#website"},"primaryImageOfPage":{"@id":"https:\/\/www.oknobuild.com\/index.php\/produkt\/znackovy-deep-30w-4000k-ideallux-77355\/#primaryimage"},"image":{"@id":"https:\/\/www.oknobuild.com\/index.php\/produkt\/znackovy-deep-30w-4000k-ideallux-77355\/#primaryimage"},"thumbnailUrl":"https:\/\/www.oknobuild.com\/wp-content\/uploads\/2026\/SK0016559-CZ20260425-091535-0-1777079743-ILUX-248790.webp","datePublished":"2026-04-27T04:44:05+00:00","breadcrumb":{"@id":"https:\/\/www.oknobuild.com\/index.php\/produkt\/znackovy-deep-30w-4000k-ideallux-77355\/#breadcrumb"},"inLanguage":"cs","potentialAction":[{"@type":"ReadAction","target":["https:\/\/www.oknobuild.com\/index.php\/produkt\/znackovy-deep-30w-4000k-ideallux-77355\/"]}]},{"@type":"ImageObject","inLanguage":"cs","@id":"https:\/\/www.oknobuild.com\/index.php\/produkt\/znackovy-deep-30w-4000k-ideallux-77355\/#primaryimage","url":"https:\/\/www.oknobuild.com\/wp-content\/uploads\/2026\/SK0016559-CZ20260425-091535-0-1777079743-ILUX-248790.webp","contentUrl":"https:\/\/www.oknobuild.com\/wp-content\/uploads\/2026\/SK0016559-CZ20260425-091535-0-1777079743-ILUX-248790.webp","width":800,"height":800},{"@type":"BreadcrumbList","@id":"https:\/\/www.oknobuild.com\/index.php\/produkt\/znackovy-deep-30w-4000k-ideallux-77355\/#breadcrumb","itemListElement":[{"@type":"ListItem","position":1,"name":"Home","item":"https:\/\/www.oknobuild.com\/"},{"@type":"ListItem","position":2,"name":"Products","item":"https:\/\/www.oknobuild.com\/index.php\/products\/"},{"@type":"ListItem","position":3,"name":"Zna\u010dkov\u00fd DEEP 30W 4000K &#8211; IDEALLUX"}]},{"@type":"WebSite","@id":"https:\/\/www.oknobuild.com\/#website","url":"https:\/\/www.oknobuild.com\/","name":"","description":"","potentialAction":[{"@type":"SearchAction","target":{"@type":"EntryPoint","urlTemplate":"https:\/\/www.oknobuild.com\/?s={search_term_string}"},"query-input":{"@type":"PropertyValueSpecification","valueRequired":true,"valueName":"search_term_string"}}],"inLanguage":"cs"}]}},"_links":{"self":[{"href":"https:\/\/www.oknobuild.com\/index.php\/wp-json\/wp\/v2\/product\/77355","targetHints":{"allow":["GET"]}}],"collection":[{"href":"https:\/\/www.oknobuild.com\/index.php\/wp-json\/wp\/v2\/product"}],"about":[{"href":"https:\/\/www.oknobuild.com\/index.php\/wp-json\/wp\/v2\/types\/product"}],"replies":[{"embeddable":true,"href":"https:\/\/www.oknobuild.com\/index.php\/wp-json\/wp\/v2\/comments?post=77355"}],"wp:featuredmedia":[{"embeddable":true,"href":"https:\/\/www.oknobuild.com\/index.php\/wp-json\/wp\/v2\/media\/77455"}],"wp:attachment":[{"href":"https:\/\/www.oknobuild.com\/index.php\/wp-json\/wp\/v2\/media?parent=77355"}],"wp:term":[{"taxonomy":"product_brand","embeddable":true,"href":"https:\/\/www.oknobuild.com\/index.php\/wp-json\/wp\/v2\/product_brand?post=77355"},{"taxonomy":"product_cat","embeddable":true,"href":"https:\/\/www.oknobuild.com\/index.php\/wp-json\/wp\/v2\/product_cat?post=77355"},{"taxonomy":"product_tag","embeddable":true,"href":"https:\/\/www.oknobuild.com\/index.php\/wp-json\/wp\/v2\/product_tag?post=77355"}],"curies":[{"name":"wp","href":"https:\/\/api.w.org\/{rel}","templated":true}]}}