{"id":7755,"date":"2026-04-27T04:40:51","date_gmt":"2026-04-27T04:40:51","guid":{"rendered":""},"modified":"2026-04-27T04:40:51","modified_gmt":"2026-04-27T04:40:51","slug":"kaufmann-50-248-01-chranic-kolen-se-suchym-zipem-nova-kolekce-7755","status":"publish","type":"product","link":"https:\/\/www.oknobuild.com\/index.php\/produkt\/kaufmann-50-248-01-chranic-kolen-se-suchym-zipem-nova-kolekce-7755\/","title":{"rendered":"Kaufmann 50.248.01 chr\u00e1ni\u010d kolen se such\u00fdm zipem Nov\u00e1 Kolekce"},"content":{"rendered":"<table>\n<div class=\"tab-pane active product-description\" id=\"popis\" role=\"tabpanel\">\n<div class=\"short-description\" itemprop=\"description\"><\/div>\n<div class=\"description\"><span class='bullet-line'>Tepeln\u011b izola\u010dn\u00ed<\/span><span class='bullet-line'>vodot\u011bsn\u00fd<\/span><span class='bullet-line'>flexibiln\u00ed s velikost\u00ed<\/span><span class='bullet-line'>s optim\u00e1ln\u00edm komfortem<\/span><span class='bullet-line'>bez pocen\u00ed a z\u00e1\u0159ez\u016f v dutin\u011b kolen certifikovan\u00fdch podle DIN EN 14404<\/span><\/div>\n<\/table>\n","protected":false},"excerpt":{"rendered":"<p>Tepeln\u011b izola\u010dn\u00edvodot\u011bsn\u00fdflexibiln\u00ed s velikost\u00eds optim\u00e1ln\u00edm komfortembez pocen\u00ed a z\u00e1\u0159ez\u016f v dutin\u011b kolen certifikovan\u00fdch podle DIN EN 14404<\/p>\n","protected":false},"featured_media":7855,"comment_status":"open","ping_status":"open","template":"","meta":[],"product_brand":[],"product_cat":[48],"product_tag":[],"class_list":{"0":"post-7755","1":"product","2":"type-product","3":"status-publish","4":"has-post-thumbnail","6":"product_cat-ochranne-pomucky","8":"first","9":"instock","10":"sale","11":"shipping-taxable","12":"purchasable","13":"product-type-simple"},"yoast_head":"<!-- This site is optimized with the Yoast SEO plugin v26.8 - https:\/\/yoast.com\/product\/yoast-seo-wordpress\/ -->\n<title>Kaufmann 50.248.01 chr\u00e1ni\u010d kolen se such\u00fdm zipem Nov\u00e1 Kolekce -<\/title>\n<meta name=\"robots\" content=\"index, follow, max-snippet:-1, max-image-preview:large, max-video-preview:-1\" \/>\n<link rel=\"canonical\" href=\"https:\/\/www.oknobuild.com\/index.php\/produkt\/kaufmann-50-248-01-chranic-kolen-se-suchym-zipem-nova-kolekce-7755\/\" \/>\n<meta property=\"og:locale\" content=\"cs_CZ\" \/>\n<meta property=\"og:type\" content=\"article\" \/>\n<meta property=\"og:title\" content=\"Kaufmann 50.248.01 chr\u00e1ni\u010d kolen se such\u00fdm zipem Nov\u00e1 Kolekce -\" \/>\n<meta property=\"og:description\" content=\"Tepeln\u011b izola\u010dn\u00edvodot\u011bsn\u00fdflexibiln\u00ed s velikost\u00eds optim\u00e1ln\u00edm komfortembez pocen\u00ed a z\u00e1\u0159ez\u016f v dutin\u011b kolen certifikovan\u00fdch podle DIN EN 14404\" \/>\n<meta property=\"og:url\" content=\"https:\/\/www.oknobuild.com\/index.php\/produkt\/kaufmann-50-248-01-chranic-kolen-se-suchym-zipem-nova-kolekce-7755\/\" \/>\n<meta property=\"og:image\" content=\"https:\/\/www.oknobuild.com\/wp-content\/uploads\/2026\/SK0018603-CZ20260425-092328-0-1777080210-208238-1_144041.webp\" \/>\n\t<meta property=\"og:image:width\" content=\"800\" \/>\n\t<meta property=\"og:image:height\" content=\"800\" \/>\n\t<meta property=\"og:image:type\" content=\"image\/webp\" \/>\n<meta name=\"twitter:card\" content=\"summary_large_image\" \/>\n<script type=\"application\/ld+json\" class=\"yoast-schema-graph\">{\"@context\":\"https:\/\/schema.org\",\"@graph\":[{\"@type\":\"WebPage\",\"@id\":\"https:\/\/www.oknobuild.com\/index.php\/produkt\/kaufmann-50-248-01-chranic-kolen-se-suchym-zipem-nova-kolekce-7755\/\",\"url\":\"https:\/\/www.oknobuild.com\/index.php\/produkt\/kaufmann-50-248-01-chranic-kolen-se-suchym-zipem-nova-kolekce-7755\/\",\"name\":\"Kaufmann 50.248.01 chr\u00e1ni\u010d kolen se such\u00fdm zipem Nov\u00e1 Kolekce -\",\"isPartOf\":{\"@id\":\"https:\/\/www.oknobuild.com\/#website\"},\"primaryImageOfPage\":{\"@id\":\"https:\/\/www.oknobuild.com\/index.php\/produkt\/kaufmann-50-248-01-chranic-kolen-se-suchym-zipem-nova-kolekce-7755\/#primaryimage\"},\"image\":{\"@id\":\"https:\/\/www.oknobuild.com\/index.php\/produkt\/kaufmann-50-248-01-chranic-kolen-se-suchym-zipem-nova-kolekce-7755\/#primaryimage\"},\"thumbnailUrl\":\"https:\/\/www.oknobuild.com\/wp-content\/uploads\/2026\/SK0018603-CZ20260425-092328-0-1777080210-208238-1_144041.webp\",\"datePublished\":\"2026-04-27T04:40:51+00:00\",\"breadcrumb\":{\"@id\":\"https:\/\/www.oknobuild.com\/index.php\/produkt\/kaufmann-50-248-01-chranic-kolen-se-suchym-zipem-nova-kolekce-7755\/#breadcrumb\"},\"inLanguage\":\"cs\",\"potentialAction\":[{\"@type\":\"ReadAction\",\"target\":[\"https:\/\/www.oknobuild.com\/index.php\/produkt\/kaufmann-50-248-01-chranic-kolen-se-suchym-zipem-nova-kolekce-7755\/\"]}]},{\"@type\":\"ImageObject\",\"inLanguage\":\"cs\",\"@id\":\"https:\/\/www.oknobuild.com\/index.php\/produkt\/kaufmann-50-248-01-chranic-kolen-se-suchym-zipem-nova-kolekce-7755\/#primaryimage\",\"url\":\"https:\/\/www.oknobuild.com\/wp-content\/uploads\/2026\/SK0018603-CZ20260425-092328-0-1777080210-208238-1_144041.webp\",\"contentUrl\":\"https:\/\/www.oknobuild.com\/wp-content\/uploads\/2026\/SK0018603-CZ20260425-092328-0-1777080210-208238-1_144041.webp\",\"width\":800,\"height\":800},{\"@type\":\"BreadcrumbList\",\"@id\":\"https:\/\/www.oknobuild.com\/index.php\/produkt\/kaufmann-50-248-01-chranic-kolen-se-suchym-zipem-nova-kolekce-7755\/#breadcrumb\",\"itemListElement\":[{\"@type\":\"ListItem\",\"position\":1,\"name\":\"Home\",\"item\":\"https:\/\/www.oknobuild.com\/\"},{\"@type\":\"ListItem\",\"position\":2,\"name\":\"Products\",\"item\":\"https:\/\/www.oknobuild.com\/index.php\/products\/\"},{\"@type\":\"ListItem\",\"position\":3,\"name\":\"Kaufmann 50.248.01 chr\u00e1ni\u010d kolen se such\u00fdm zipem Nov\u00e1 Kolekce\"}]},{\"@type\":\"WebSite\",\"@id\":\"https:\/\/www.oknobuild.com\/#website\",\"url\":\"https:\/\/www.oknobuild.com\/\",\"name\":\"\",\"description\":\"\",\"potentialAction\":[{\"@type\":\"SearchAction\",\"target\":{\"@type\":\"EntryPoint\",\"urlTemplate\":\"https:\/\/www.oknobuild.com\/?s={search_term_string}\"},\"query-input\":{\"@type\":\"PropertyValueSpecification\",\"valueRequired\":true,\"valueName\":\"search_term_string\"}}],\"inLanguage\":\"cs\"}]}<\/script>\n<!-- \/ Yoast SEO plugin. -->","yoast_head_json":{"title":"Kaufmann 50.248.01 chr\u00e1ni\u010d kolen se such\u00fdm zipem Nov\u00e1 Kolekce -","robots":{"index":"index","follow":"follow","max-snippet":"max-snippet:-1","max-image-preview":"max-image-preview:large","max-video-preview":"max-video-preview:-1"},"canonical":"https:\/\/www.oknobuild.com\/index.php\/produkt\/kaufmann-50-248-01-chranic-kolen-se-suchym-zipem-nova-kolekce-7755\/","og_locale":"cs_CZ","og_type":"article","og_title":"Kaufmann 50.248.01 chr\u00e1ni\u010d kolen se such\u00fdm zipem Nov\u00e1 Kolekce -","og_description":"Tepeln\u011b izola\u010dn\u00edvodot\u011bsn\u00fdflexibiln\u00ed s velikost\u00eds optim\u00e1ln\u00edm komfortembez pocen\u00ed a z\u00e1\u0159ez\u016f v dutin\u011b kolen certifikovan\u00fdch podle DIN EN 14404","og_url":"https:\/\/www.oknobuild.com\/index.php\/produkt\/kaufmann-50-248-01-chranic-kolen-se-suchym-zipem-nova-kolekce-7755\/","og_image":[{"width":800,"height":800,"url":"https:\/\/www.oknobuild.com\/wp-content\/uploads\/2026\/SK0018603-CZ20260425-092328-0-1777080210-208238-1_144041.webp","type":"image\/webp"}],"twitter_card":"summary_large_image","schema":{"@context":"https:\/\/schema.org","@graph":[{"@type":"WebPage","@id":"https:\/\/www.oknobuild.com\/index.php\/produkt\/kaufmann-50-248-01-chranic-kolen-se-suchym-zipem-nova-kolekce-7755\/","url":"https:\/\/www.oknobuild.com\/index.php\/produkt\/kaufmann-50-248-01-chranic-kolen-se-suchym-zipem-nova-kolekce-7755\/","name":"Kaufmann 50.248.01 chr\u00e1ni\u010d kolen se such\u00fdm zipem Nov\u00e1 Kolekce -","isPartOf":{"@id":"https:\/\/www.oknobuild.com\/#website"},"primaryImageOfPage":{"@id":"https:\/\/www.oknobuild.com\/index.php\/produkt\/kaufmann-50-248-01-chranic-kolen-se-suchym-zipem-nova-kolekce-7755\/#primaryimage"},"image":{"@id":"https:\/\/www.oknobuild.com\/index.php\/produkt\/kaufmann-50-248-01-chranic-kolen-se-suchym-zipem-nova-kolekce-7755\/#primaryimage"},"thumbnailUrl":"https:\/\/www.oknobuild.com\/wp-content\/uploads\/2026\/SK0018603-CZ20260425-092328-0-1777080210-208238-1_144041.webp","datePublished":"2026-04-27T04:40:51+00:00","breadcrumb":{"@id":"https:\/\/www.oknobuild.com\/index.php\/produkt\/kaufmann-50-248-01-chranic-kolen-se-suchym-zipem-nova-kolekce-7755\/#breadcrumb"},"inLanguage":"cs","potentialAction":[{"@type":"ReadAction","target":["https:\/\/www.oknobuild.com\/index.php\/produkt\/kaufmann-50-248-01-chranic-kolen-se-suchym-zipem-nova-kolekce-7755\/"]}]},{"@type":"ImageObject","inLanguage":"cs","@id":"https:\/\/www.oknobuild.com\/index.php\/produkt\/kaufmann-50-248-01-chranic-kolen-se-suchym-zipem-nova-kolekce-7755\/#primaryimage","url":"https:\/\/www.oknobuild.com\/wp-content\/uploads\/2026\/SK0018603-CZ20260425-092328-0-1777080210-208238-1_144041.webp","contentUrl":"https:\/\/www.oknobuild.com\/wp-content\/uploads\/2026\/SK0018603-CZ20260425-092328-0-1777080210-208238-1_144041.webp","width":800,"height":800},{"@type":"BreadcrumbList","@id":"https:\/\/www.oknobuild.com\/index.php\/produkt\/kaufmann-50-248-01-chranic-kolen-se-suchym-zipem-nova-kolekce-7755\/#breadcrumb","itemListElement":[{"@type":"ListItem","position":1,"name":"Home","item":"https:\/\/www.oknobuild.com\/"},{"@type":"ListItem","position":2,"name":"Products","item":"https:\/\/www.oknobuild.com\/index.php\/products\/"},{"@type":"ListItem","position":3,"name":"Kaufmann 50.248.01 chr\u00e1ni\u010d kolen se such\u00fdm zipem Nov\u00e1 Kolekce"}]},{"@type":"WebSite","@id":"https:\/\/www.oknobuild.com\/#website","url":"https:\/\/www.oknobuild.com\/","name":"","description":"","potentialAction":[{"@type":"SearchAction","target":{"@type":"EntryPoint","urlTemplate":"https:\/\/www.oknobuild.com\/?s={search_term_string}"},"query-input":{"@type":"PropertyValueSpecification","valueRequired":true,"valueName":"search_term_string"}}],"inLanguage":"cs"}]}},"_links":{"self":[{"href":"https:\/\/www.oknobuild.com\/index.php\/wp-json\/wp\/v2\/product\/7755","targetHints":{"allow":["GET"]}}],"collection":[{"href":"https:\/\/www.oknobuild.com\/index.php\/wp-json\/wp\/v2\/product"}],"about":[{"href":"https:\/\/www.oknobuild.com\/index.php\/wp-json\/wp\/v2\/types\/product"}],"replies":[{"embeddable":true,"href":"https:\/\/www.oknobuild.com\/index.php\/wp-json\/wp\/v2\/comments?post=7755"}],"wp:featuredmedia":[{"embeddable":true,"href":"https:\/\/www.oknobuild.com\/index.php\/wp-json\/wp\/v2\/media\/7855"}],"wp:attachment":[{"href":"https:\/\/www.oknobuild.com\/index.php\/wp-json\/wp\/v2\/media?parent=7755"}],"wp:term":[{"taxonomy":"product_brand","embeddable":true,"href":"https:\/\/www.oknobuild.com\/index.php\/wp-json\/wp\/v2\/product_brand?post=7755"},{"taxonomy":"product_cat","embeddable":true,"href":"https:\/\/www.oknobuild.com\/index.php\/wp-json\/wp\/v2\/product_cat?post=7755"},{"taxonomy":"product_tag","embeddable":true,"href":"https:\/\/www.oknobuild.com\/index.php\/wp-json\/wp\/v2\/product_tag?post=7755"}],"curies":[{"name":"wp","href":"https:\/\/api.w.org\/{rel}","templated":true}]}}