{"id":7782,"date":"2026-04-27T04:40:51","date_gmt":"2026-04-27T04:40:51","guid":{"rendered":""},"modified":"2026-04-27T04:40:51","modified_gmt":"2026-04-27T04:40:51","slug":"stronghands-0513-pracovni-rukavice-latex-panske-vel-10-top-prodej-7782","status":"publish","type":"product","link":"https:\/\/www.oknobuild.com\/index.php\/produkt\/stronghands-0513-pracovni-rukavice-latex-panske-vel-10-top-prodej-7782\/","title":{"rendered":"StrongHands 0513 pracovn\u00ed rukavice latex p\u00e1nsk\u00e9 vel. 10 Top Prodej"},"content":{"rendered":"<table>\n<div class=\"tab-pane active product-description\" id=\"popis\" role=\"tabpanel\">\n<div class=\"short-description\" itemprop=\"description\"><\/div>\n<div class=\"description\"><span class='bullet-line'>\u017elut\u00e9<\/span><span class='bullet-line'>Norma: EN420, EN388 1110<\/span><span class='bullet-line'>Materi\u00e1l: nosi\u010d 100% bavlna, dres, lakovan\u00e1 latexov\u00e1 \u017elut\u00e1<\/span><span class='bullet-line'>Oblast pou\u017eit\u00ed: lehk\u00e1 pr\u00e1ce v\u0161eho druhu, pr\u016fmysl, \u0159emesla, stavebnictv\u00ed atd.<\/span>smr\u0161\u0165ovac\u00ed &#8211; zdrsn\u011bn\u00e9, zvl\u00e1\u0161t\u011b \u0159ezan\u00e9 &#8211; bezpe\u010dn\u00e9, flexibiln\u00ed a neklouzav\u00fd za mokra a Pleten\u00e1 \u010d\u00e1st pasu \/ \u010d\u00e1ste\u010dn\u011b pota\u017een\u00e1 p\u00e1nsk\u00e1 velikost: latex &#8211; bavln\u011bn\u00e1 rukavice &#8211; pod\u0161\u00edvka barva: \u017elut\u00e1<\/div>\n<div class=\"parameters\">\n<tr>\n<td>materi\u00e1l<\/td>\n<td>Carrier 100% bavlna, dres, latexov\u00e1 barva \u017elut\u00e1<\/td>\n<\/tr>\n<tr>\n<td>Dal\u0161\u00ed vlastnosti produktu<\/td>\n<td>Standardn\u00ed kvalita, robustn\u00ed, zadn\u00ed \u010d\u00e1st ruky \u010d\u00e1ste\u010dn\u011b pota\u017een\u00e1, dla\u0148 pln\u011b pota\u017een\u00e1, elastick\u00fd p\u00e1sek, pleten\u00e1 man\u017eeta<\/td>\n<\/tr>\n<tr>\n<td>standard<\/td>\n<td>EN420, EN388 1110<\/td>\n<\/tr>\n<tr>\n<td>odolnost proti ot\u011bru<\/td>\n<td>1<\/td>\n<\/tr>\n<tr>\n<td>p\u0159ihl\u00e1\u0161ka<\/td>\n<td>lehk\u00e1 pr\u00e1ce v\u0161eho druhu, pr\u016fmysl, \u0159emesla, stavebnictv\u00ed atd.<\/td>\n<\/tr>\n<tr>\n<td>p\u00edchnut\u00ed<\/td>\n<td>0<\/td>\n<\/tr>\n<tr>\n<td>odolnost proti roztr\u017een\u00ed<\/td>\n<td>1<\/td>\n<\/tr>\n<tr>\n<td>odolnost proti pro\u0159ez\u00e1n\u00ed<\/td>\n<td>1<\/td>\n<\/tr><\/div>\n<\/table>\n","protected":false},"excerpt":{"rendered":"<p>\u017elut\u00e9Norma: EN420, EN388 1110Materi\u00e1l: nosi\u010d 100% bavlna, dres, lakovan\u00e1 latexov\u00e1 \u017elut\u00e1Oblast pou\u017eit\u00ed: lehk\u00e1 pr\u00e1ce v\u0161eho druhu, pr\u016fmysl, \u0159emesla, stavebnictv\u00ed atd.smr\u0161\u0165ovac\u00ed &#8211; zdrsn\u011bn\u00e9, zvl\u00e1\u0161t\u011b \u0159ezan\u00e9 &#8211; bezpe\u010dn\u00e9, flexibiln\u00ed a neklouzav\u00fd za mokra a Pleten\u00e1 \u010d\u00e1st pasu \/ \u010d\u00e1ste\u010dn\u011b pota\u017een\u00e1 p\u00e1nsk\u00e1 velikost: latex &#8211; bavln\u011bn\u00e1 rukavice &#8211; pod\u0161\u00edvka barva: \u017elut\u00e1 materi\u00e1l Carrier 100% bavlna, dres, latexov\u00e1 barva [&hellip;]<\/p>\n","protected":false},"featured_media":7882,"comment_status":"open","ping_status":"open","template":"","meta":[],"product_brand":[],"product_cat":[48],"product_tag":[],"class_list":{"0":"post-7782","1":"product","2":"type-product","3":"status-publish","4":"has-post-thumbnail","6":"product_cat-ochranne-pomucky","8":"first","9":"instock","10":"sale","11":"shipping-taxable","12":"purchasable","13":"product-type-simple"},"yoast_head":"<!-- This site is optimized with the Yoast SEO plugin v26.8 - https:\/\/yoast.com\/product\/yoast-seo-wordpress\/ -->\n<title>StrongHands 0513 pracovn\u00ed rukavice latex p\u00e1nsk\u00e9 vel. 10 Top Prodej -<\/title>\n<meta name=\"robots\" content=\"index, follow, max-snippet:-1, max-image-preview:large, max-video-preview:-1\" \/>\n<link rel=\"canonical\" href=\"https:\/\/www.oknobuild.com\/index.php\/produkt\/stronghands-0513-pracovni-rukavice-latex-panske-vel-10-top-prodej-7782\/\" \/>\n<meta property=\"og:locale\" content=\"cs_CZ\" \/>\n<meta property=\"og:type\" content=\"article\" \/>\n<meta property=\"og:title\" content=\"StrongHands 0513 pracovn\u00ed rukavice latex p\u00e1nsk\u00e9 vel. 10 Top Prodej -\" \/>\n<meta property=\"og:description\" content=\"\u017elut\u00e9Norma: EN420, EN388 1110Materi\u00e1l: nosi\u010d 100% bavlna, dres, lakovan\u00e1 latexov\u00e1 \u017elut\u00e1Oblast pou\u017eit\u00ed: lehk\u00e1 pr\u00e1ce v\u0161eho druhu, pr\u016fmysl, \u0159emesla, stavebnictv\u00ed atd.smr\u0161\u0165ovac\u00ed &#8211; zdrsn\u011bn\u00e9, zvl\u00e1\u0161t\u011b \u0159ezan\u00e9 &#8211; bezpe\u010dn\u00e9, flexibiln\u00ed a neklouzav\u00fd za mokra a Pleten\u00e1 \u010d\u00e1st pasu \/ \u010d\u00e1ste\u010dn\u011b pota\u017een\u00e1 p\u00e1nsk\u00e1 velikost: latex &#8211; bavln\u011bn\u00e1 rukavice &#8211; pod\u0161\u00edvka barva: \u017elut\u00e1 materi\u00e1l Carrier 100% bavlna, dres, latexov\u00e1 barva [&hellip;]\" \/>\n<meta property=\"og:url\" content=\"https:\/\/www.oknobuild.com\/index.php\/produkt\/stronghands-0513-pracovni-rukavice-latex-panske-vel-10-top-prodej-7782\/\" \/>\n<meta property=\"og:image\" content=\"https:\/\/www.oknobuild.com\/wp-content\/uploads\/2026\/SK0018630-CZ20260425-092328-0-1777080210-208268-1_080034.webp\" \/>\n\t<meta property=\"og:image:width\" content=\"800\" \/>\n\t<meta property=\"og:image:height\" content=\"800\" \/>\n\t<meta property=\"og:image:type\" content=\"image\/webp\" \/>\n<meta name=\"twitter:card\" content=\"summary_large_image\" \/>\n<meta name=\"twitter:label1\" content=\"Odhadovan\u00e1 doba \u010dten\u00ed\" \/>\n\t<meta name=\"twitter:data1\" content=\"1 minuta\" \/>\n<script type=\"application\/ld+json\" class=\"yoast-schema-graph\">{\"@context\":\"https:\/\/schema.org\",\"@graph\":[{\"@type\":\"WebPage\",\"@id\":\"https:\/\/www.oknobuild.com\/index.php\/produkt\/stronghands-0513-pracovni-rukavice-latex-panske-vel-10-top-prodej-7782\/\",\"url\":\"https:\/\/www.oknobuild.com\/index.php\/produkt\/stronghands-0513-pracovni-rukavice-latex-panske-vel-10-top-prodej-7782\/\",\"name\":\"StrongHands 0513 pracovn\u00ed rukavice latex p\u00e1nsk\u00e9 vel. 10 Top Prodej -\",\"isPartOf\":{\"@id\":\"https:\/\/www.oknobuild.com\/#website\"},\"primaryImageOfPage\":{\"@id\":\"https:\/\/www.oknobuild.com\/index.php\/produkt\/stronghands-0513-pracovni-rukavice-latex-panske-vel-10-top-prodej-7782\/#primaryimage\"},\"image\":{\"@id\":\"https:\/\/www.oknobuild.com\/index.php\/produkt\/stronghands-0513-pracovni-rukavice-latex-panske-vel-10-top-prodej-7782\/#primaryimage\"},\"thumbnailUrl\":\"https:\/\/www.oknobuild.com\/wp-content\/uploads\/2026\/SK0018630-CZ20260425-092328-0-1777080210-208268-1_080034.webp\",\"datePublished\":\"2026-04-27T04:40:51+00:00\",\"breadcrumb\":{\"@id\":\"https:\/\/www.oknobuild.com\/index.php\/produkt\/stronghands-0513-pracovni-rukavice-latex-panske-vel-10-top-prodej-7782\/#breadcrumb\"},\"inLanguage\":\"cs\",\"potentialAction\":[{\"@type\":\"ReadAction\",\"target\":[\"https:\/\/www.oknobuild.com\/index.php\/produkt\/stronghands-0513-pracovni-rukavice-latex-panske-vel-10-top-prodej-7782\/\"]}]},{\"@type\":\"ImageObject\",\"inLanguage\":\"cs\",\"@id\":\"https:\/\/www.oknobuild.com\/index.php\/produkt\/stronghands-0513-pracovni-rukavice-latex-panske-vel-10-top-prodej-7782\/#primaryimage\",\"url\":\"https:\/\/www.oknobuild.com\/wp-content\/uploads\/2026\/SK0018630-CZ20260425-092328-0-1777080210-208268-1_080034.webp\",\"contentUrl\":\"https:\/\/www.oknobuild.com\/wp-content\/uploads\/2026\/SK0018630-CZ20260425-092328-0-1777080210-208268-1_080034.webp\",\"width\":800,\"height\":800},{\"@type\":\"BreadcrumbList\",\"@id\":\"https:\/\/www.oknobuild.com\/index.php\/produkt\/stronghands-0513-pracovni-rukavice-latex-panske-vel-10-top-prodej-7782\/#breadcrumb\",\"itemListElement\":[{\"@type\":\"ListItem\",\"position\":1,\"name\":\"Home\",\"item\":\"https:\/\/www.oknobuild.com\/\"},{\"@type\":\"ListItem\",\"position\":2,\"name\":\"Products\",\"item\":\"https:\/\/www.oknobuild.com\/index.php\/products\/\"},{\"@type\":\"ListItem\",\"position\":3,\"name\":\"StrongHands 0513 pracovn\u00ed rukavice latex p\u00e1nsk\u00e9 vel. 10 Top Prodej\"}]},{\"@type\":\"WebSite\",\"@id\":\"https:\/\/www.oknobuild.com\/#website\",\"url\":\"https:\/\/www.oknobuild.com\/\",\"name\":\"\",\"description\":\"\",\"potentialAction\":[{\"@type\":\"SearchAction\",\"target\":{\"@type\":\"EntryPoint\",\"urlTemplate\":\"https:\/\/www.oknobuild.com\/?s={search_term_string}\"},\"query-input\":{\"@type\":\"PropertyValueSpecification\",\"valueRequired\":true,\"valueName\":\"search_term_string\"}}],\"inLanguage\":\"cs\"}]}<\/script>\n<!-- \/ Yoast SEO plugin. -->","yoast_head_json":{"title":"StrongHands 0513 pracovn\u00ed rukavice latex p\u00e1nsk\u00e9 vel. 10 Top Prodej -","robots":{"index":"index","follow":"follow","max-snippet":"max-snippet:-1","max-image-preview":"max-image-preview:large","max-video-preview":"max-video-preview:-1"},"canonical":"https:\/\/www.oknobuild.com\/index.php\/produkt\/stronghands-0513-pracovni-rukavice-latex-panske-vel-10-top-prodej-7782\/","og_locale":"cs_CZ","og_type":"article","og_title":"StrongHands 0513 pracovn\u00ed rukavice latex p\u00e1nsk\u00e9 vel. 10 Top Prodej -","og_description":"\u017elut\u00e9Norma: EN420, EN388 1110Materi\u00e1l: nosi\u010d 100% bavlna, dres, lakovan\u00e1 latexov\u00e1 \u017elut\u00e1Oblast pou\u017eit\u00ed: lehk\u00e1 pr\u00e1ce v\u0161eho druhu, pr\u016fmysl, \u0159emesla, stavebnictv\u00ed atd.smr\u0161\u0165ovac\u00ed &#8211; zdrsn\u011bn\u00e9, zvl\u00e1\u0161t\u011b \u0159ezan\u00e9 &#8211; bezpe\u010dn\u00e9, flexibiln\u00ed a neklouzav\u00fd za mokra a Pleten\u00e1 \u010d\u00e1st pasu \/ \u010d\u00e1ste\u010dn\u011b pota\u017een\u00e1 p\u00e1nsk\u00e1 velikost: latex &#8211; bavln\u011bn\u00e1 rukavice &#8211; pod\u0161\u00edvka barva: \u017elut\u00e1 materi\u00e1l Carrier 100% bavlna, dres, latexov\u00e1 barva [&hellip;]","og_url":"https:\/\/www.oknobuild.com\/index.php\/produkt\/stronghands-0513-pracovni-rukavice-latex-panske-vel-10-top-prodej-7782\/","og_image":[{"width":800,"height":800,"url":"https:\/\/www.oknobuild.com\/wp-content\/uploads\/2026\/SK0018630-CZ20260425-092328-0-1777080210-208268-1_080034.webp","type":"image\/webp"}],"twitter_card":"summary_large_image","twitter_misc":{"Odhadovan\u00e1 doba \u010dten\u00ed":"1 minuta"},"schema":{"@context":"https:\/\/schema.org","@graph":[{"@type":"WebPage","@id":"https:\/\/www.oknobuild.com\/index.php\/produkt\/stronghands-0513-pracovni-rukavice-latex-panske-vel-10-top-prodej-7782\/","url":"https:\/\/www.oknobuild.com\/index.php\/produkt\/stronghands-0513-pracovni-rukavice-latex-panske-vel-10-top-prodej-7782\/","name":"StrongHands 0513 pracovn\u00ed rukavice latex p\u00e1nsk\u00e9 vel. 10 Top Prodej -","isPartOf":{"@id":"https:\/\/www.oknobuild.com\/#website"},"primaryImageOfPage":{"@id":"https:\/\/www.oknobuild.com\/index.php\/produkt\/stronghands-0513-pracovni-rukavice-latex-panske-vel-10-top-prodej-7782\/#primaryimage"},"image":{"@id":"https:\/\/www.oknobuild.com\/index.php\/produkt\/stronghands-0513-pracovni-rukavice-latex-panske-vel-10-top-prodej-7782\/#primaryimage"},"thumbnailUrl":"https:\/\/www.oknobuild.com\/wp-content\/uploads\/2026\/SK0018630-CZ20260425-092328-0-1777080210-208268-1_080034.webp","datePublished":"2026-04-27T04:40:51+00:00","breadcrumb":{"@id":"https:\/\/www.oknobuild.com\/index.php\/produkt\/stronghands-0513-pracovni-rukavice-latex-panske-vel-10-top-prodej-7782\/#breadcrumb"},"inLanguage":"cs","potentialAction":[{"@type":"ReadAction","target":["https:\/\/www.oknobuild.com\/index.php\/produkt\/stronghands-0513-pracovni-rukavice-latex-panske-vel-10-top-prodej-7782\/"]}]},{"@type":"ImageObject","inLanguage":"cs","@id":"https:\/\/www.oknobuild.com\/index.php\/produkt\/stronghands-0513-pracovni-rukavice-latex-panske-vel-10-top-prodej-7782\/#primaryimage","url":"https:\/\/www.oknobuild.com\/wp-content\/uploads\/2026\/SK0018630-CZ20260425-092328-0-1777080210-208268-1_080034.webp","contentUrl":"https:\/\/www.oknobuild.com\/wp-content\/uploads\/2026\/SK0018630-CZ20260425-092328-0-1777080210-208268-1_080034.webp","width":800,"height":800},{"@type":"BreadcrumbList","@id":"https:\/\/www.oknobuild.com\/index.php\/produkt\/stronghands-0513-pracovni-rukavice-latex-panske-vel-10-top-prodej-7782\/#breadcrumb","itemListElement":[{"@type":"ListItem","position":1,"name":"Home","item":"https:\/\/www.oknobuild.com\/"},{"@type":"ListItem","position":2,"name":"Products","item":"https:\/\/www.oknobuild.com\/index.php\/products\/"},{"@type":"ListItem","position":3,"name":"StrongHands 0513 pracovn\u00ed rukavice latex p\u00e1nsk\u00e9 vel. 10 Top Prodej"}]},{"@type":"WebSite","@id":"https:\/\/www.oknobuild.com\/#website","url":"https:\/\/www.oknobuild.com\/","name":"","description":"","potentialAction":[{"@type":"SearchAction","target":{"@type":"EntryPoint","urlTemplate":"https:\/\/www.oknobuild.com\/?s={search_term_string}"},"query-input":{"@type":"PropertyValueSpecification","valueRequired":true,"valueName":"search_term_string"}}],"inLanguage":"cs"}]}},"_links":{"self":[{"href":"https:\/\/www.oknobuild.com\/index.php\/wp-json\/wp\/v2\/product\/7782","targetHints":{"allow":["GET"]}}],"collection":[{"href":"https:\/\/www.oknobuild.com\/index.php\/wp-json\/wp\/v2\/product"}],"about":[{"href":"https:\/\/www.oknobuild.com\/index.php\/wp-json\/wp\/v2\/types\/product"}],"replies":[{"embeddable":true,"href":"https:\/\/www.oknobuild.com\/index.php\/wp-json\/wp\/v2\/comments?post=7782"}],"wp:featuredmedia":[{"embeddable":true,"href":"https:\/\/www.oknobuild.com\/index.php\/wp-json\/wp\/v2\/media\/7882"}],"wp:attachment":[{"href":"https:\/\/www.oknobuild.com\/index.php\/wp-json\/wp\/v2\/media?parent=7782"}],"wp:term":[{"taxonomy":"product_brand","embeddable":true,"href":"https:\/\/www.oknobuild.com\/index.php\/wp-json\/wp\/v2\/product_brand?post=7782"},{"taxonomy":"product_cat","embeddable":true,"href":"https:\/\/www.oknobuild.com\/index.php\/wp-json\/wp\/v2\/product_cat?post=7782"},{"taxonomy":"product_tag","embeddable":true,"href":"https:\/\/www.oknobuild.com\/index.php\/wp-json\/wp\/v2\/product_tag?post=7782"}],"curies":[{"name":"wp","href":"https:\/\/api.w.org\/{rel}","templated":true}]}}