{"id":7789,"date":"2026-04-27T04:40:51","date_gmt":"2026-04-27T04:40:51","guid":{"rendered":""},"modified":"2026-04-27T04:40:51","modified_gmt":"2026-04-27T04:40:51","slug":"super-cena-stronghands-0455-10-neoprenove-pracovni-rukavice-vel-10-7789","status":"publish","type":"product","link":"https:\/\/www.oknobuild.com\/index.php\/produkt\/super-cena-stronghands-0455-10-neoprenove-pracovni-rukavice-vel-10-7789\/","title":{"rendered":"Super Cena StrongHands 0455-10 neoprenov\u00e9 pracovn\u00ed rukavice vel. 10"},"content":{"rendered":"<table>\n<div class=\"tab-pane active product-description\" id=\"popis\" role=\"tabpanel\">\n<div class=\"short-description\" itemprop=\"description\"><\/div>\n<div class=\"description\"><span class='bullet-line'>Standard: EN420, EN388, EN374, Cat 3, 3110<br \/><\/span><span class='bullet-line'>Materi\u00e1l: polychloropren, p\u0159\u00edrodn\u00ed latexov\u00e1 \u010dern\u00e1<br \/><\/span><span class='bullet-line'>Oblast pou\u017eit\u00ed: Pr\u016fmysl, \u0159emesla, lakovny, chemick\u00fd pr\u016fmysl<br \/><\/span><span class='bullet-line'>STANDARD: EN 388 \/ EN 374\/2 + 3 s protiskluzn\u00fdm \u00fachopov\u00fdm profilem na dlani, velurov\u00fd <br \/><\/span><span class='bullet-line'>Vysok\u00e1 odolnost proti chemik\u00e1li\u00edm <br \/><\/span><span class='bullet-line'>D\u00e9lka: 30 cm <br \/><\/span><span class='bullet-line'>Barva: \u010dern\u00e1<\/span><\/div>\n<div class=\"parameters\">\n<tr>\n<td>materi\u00e1l<\/td>\n<td>Polychloropren, p\u0159\u00edrodn\u00ed latexov\u00e1 \u010dern\u00e1<\/td>\n<\/tr>\n<tr>\n<td>Dal\u0161\u00ed vlastnosti produktu<\/td>\n<td>Antibakteri\u00e1ln\u00ed, vo\u0161tinov\u00fd vzor nejvy\u0161\u0161\u00ed kvality pro dobrou p\u0159ilnavost ve vlhk\u00e9m prost\u0159ed\u00ed a na kluzk\u00fdch p\u0159edm\u011btech<\/td>\n<\/tr>\n<tr>\n<td>standard<\/td>\n<td>EN420, EN388, EN374, kat. 3, 3110<\/td>\n<\/tr>\n<tr>\n<td>odolnost proti ot\u011bru<\/td>\n<td>3<\/td>\n<\/tr>\n<tr>\n<td>p\u0159ihl\u00e1\u0161ka<\/td>\n<td>Pr\u016fmysl, \u0159emesla, lakovny, chemick\u00fd pr\u016fmysl<\/td>\n<\/tr>\n<tr>\n<td>p\u00edchnut\u00ed<\/td>\n<td>0<\/td>\n<\/tr>\n<tr>\n<td>odolnost proti roztr\u017een\u00ed<\/td>\n<td>1<\/td>\n<\/tr>\n<tr>\n<td>odolnost proti pro\u0159ez\u00e1n\u00ed<\/td>\n<td>3<\/td>\n<\/tr><\/div>\n<\/table>\n","protected":false},"excerpt":{"rendered":"<p>Standard: EN420, EN388, EN374, Cat 3, 3110Materi\u00e1l: polychloropren, p\u0159\u00edrodn\u00ed latexov\u00e1 \u010dern\u00e1Oblast pou\u017eit\u00ed: Pr\u016fmysl, \u0159emesla, lakovny, chemick\u00fd pr\u016fmyslSTANDARD: EN 388 \/ EN 374\/2 + 3 s protiskluzn\u00fdm \u00fachopov\u00fdm profilem na dlani, velurov\u00fd Vysok\u00e1 odolnost proti chemik\u00e1li\u00edm D\u00e9lka: 30 cm Barva: \u010dern\u00e1 materi\u00e1l Polychloropren, p\u0159\u00edrodn\u00ed latexov\u00e1 \u010dern\u00e1 Dal\u0161\u00ed vlastnosti produktu Antibakteri\u00e1ln\u00ed, vo\u0161tinov\u00fd vzor nejvy\u0161\u0161\u00ed kvality pro dobrou [&hellip;]<\/p>\n","protected":false},"featured_media":7889,"comment_status":"open","ping_status":"open","template":"","meta":[],"product_brand":[],"product_cat":[48],"product_tag":[],"class_list":{"0":"post-7789","1":"product","2":"type-product","3":"status-publish","4":"has-post-thumbnail","6":"product_cat-ochranne-pomucky","8":"first","9":"instock","10":"sale","11":"shipping-taxable","12":"purchasable","13":"product-type-simple"},"yoast_head":"<!-- This site is optimized with the Yoast SEO plugin v26.8 - https:\/\/yoast.com\/product\/yoast-seo-wordpress\/ -->\n<title>Super Cena StrongHands 0455-10 neoprenov\u00e9 pracovn\u00ed rukavice vel. 10 -<\/title>\n<meta name=\"robots\" content=\"index, follow, max-snippet:-1, max-image-preview:large, max-video-preview:-1\" \/>\n<link rel=\"canonical\" href=\"https:\/\/www.oknobuild.com\/index.php\/produkt\/super-cena-stronghands-0455-10-neoprenove-pracovni-rukavice-vel-10-7789\/\" \/>\n<meta property=\"og:locale\" content=\"cs_CZ\" \/>\n<meta property=\"og:type\" content=\"article\" \/>\n<meta property=\"og:title\" content=\"Super Cena StrongHands 0455-10 neoprenov\u00e9 pracovn\u00ed rukavice vel. 10 -\" \/>\n<meta property=\"og:description\" content=\"Standard: EN420, EN388, EN374, Cat 3, 3110Materi\u00e1l: polychloropren, p\u0159\u00edrodn\u00ed latexov\u00e1 \u010dern\u00e1Oblast pou\u017eit\u00ed: Pr\u016fmysl, \u0159emesla, lakovny, chemick\u00fd pr\u016fmyslSTANDARD: EN 388 \/ EN 374\/2 + 3 s protiskluzn\u00fdm \u00fachopov\u00fdm profilem na dlani, velurov\u00fd Vysok\u00e1 odolnost proti chemik\u00e1li\u00edm D\u00e9lka: 30 cm Barva: \u010dern\u00e1 materi\u00e1l Polychloropren, p\u0159\u00edrodn\u00ed latexov\u00e1 \u010dern\u00e1 Dal\u0161\u00ed vlastnosti produktu Antibakteri\u00e1ln\u00ed, vo\u0161tinov\u00fd vzor nejvy\u0161\u0161\u00ed kvality pro dobrou [&hellip;]\" \/>\n<meta property=\"og:url\" content=\"https:\/\/www.oknobuild.com\/index.php\/produkt\/super-cena-stronghands-0455-10-neoprenove-pracovni-rukavice-vel-10-7789\/\" \/>\n<meta property=\"og:image\" content=\"https:\/\/www.oknobuild.com\/wp-content\/uploads\/2026\/SK0018637-CZ20260425-092328-0-1777080210-208275-1_080234.webp\" \/>\n\t<meta property=\"og:image:width\" content=\"800\" \/>\n\t<meta property=\"og:image:height\" content=\"800\" \/>\n\t<meta property=\"og:image:type\" content=\"image\/webp\" \/>\n<meta name=\"twitter:card\" content=\"summary_large_image\" \/>\n<meta name=\"twitter:label1\" content=\"Odhadovan\u00e1 doba \u010dten\u00ed\" \/>\n\t<meta name=\"twitter:data1\" content=\"1 minuta\" \/>\n<script type=\"application\/ld+json\" class=\"yoast-schema-graph\">{\"@context\":\"https:\/\/schema.org\",\"@graph\":[{\"@type\":\"WebPage\",\"@id\":\"https:\/\/www.oknobuild.com\/index.php\/produkt\/super-cena-stronghands-0455-10-neoprenove-pracovni-rukavice-vel-10-7789\/\",\"url\":\"https:\/\/www.oknobuild.com\/index.php\/produkt\/super-cena-stronghands-0455-10-neoprenove-pracovni-rukavice-vel-10-7789\/\",\"name\":\"Super Cena StrongHands 0455-10 neoprenov\u00e9 pracovn\u00ed rukavice vel. 10 -\",\"isPartOf\":{\"@id\":\"https:\/\/www.oknobuild.com\/#website\"},\"primaryImageOfPage\":{\"@id\":\"https:\/\/www.oknobuild.com\/index.php\/produkt\/super-cena-stronghands-0455-10-neoprenove-pracovni-rukavice-vel-10-7789\/#primaryimage\"},\"image\":{\"@id\":\"https:\/\/www.oknobuild.com\/index.php\/produkt\/super-cena-stronghands-0455-10-neoprenove-pracovni-rukavice-vel-10-7789\/#primaryimage\"},\"thumbnailUrl\":\"https:\/\/www.oknobuild.com\/wp-content\/uploads\/2026\/SK0018637-CZ20260425-092328-0-1777080210-208275-1_080234.webp\",\"datePublished\":\"2026-04-27T04:40:51+00:00\",\"breadcrumb\":{\"@id\":\"https:\/\/www.oknobuild.com\/index.php\/produkt\/super-cena-stronghands-0455-10-neoprenove-pracovni-rukavice-vel-10-7789\/#breadcrumb\"},\"inLanguage\":\"cs\",\"potentialAction\":[{\"@type\":\"ReadAction\",\"target\":[\"https:\/\/www.oknobuild.com\/index.php\/produkt\/super-cena-stronghands-0455-10-neoprenove-pracovni-rukavice-vel-10-7789\/\"]}]},{\"@type\":\"ImageObject\",\"inLanguage\":\"cs\",\"@id\":\"https:\/\/www.oknobuild.com\/index.php\/produkt\/super-cena-stronghands-0455-10-neoprenove-pracovni-rukavice-vel-10-7789\/#primaryimage\",\"url\":\"https:\/\/www.oknobuild.com\/wp-content\/uploads\/2026\/SK0018637-CZ20260425-092328-0-1777080210-208275-1_080234.webp\",\"contentUrl\":\"https:\/\/www.oknobuild.com\/wp-content\/uploads\/2026\/SK0018637-CZ20260425-092328-0-1777080210-208275-1_080234.webp\",\"width\":800,\"height\":800},{\"@type\":\"BreadcrumbList\",\"@id\":\"https:\/\/www.oknobuild.com\/index.php\/produkt\/super-cena-stronghands-0455-10-neoprenove-pracovni-rukavice-vel-10-7789\/#breadcrumb\",\"itemListElement\":[{\"@type\":\"ListItem\",\"position\":1,\"name\":\"Home\",\"item\":\"https:\/\/www.oknobuild.com\/\"},{\"@type\":\"ListItem\",\"position\":2,\"name\":\"Products\",\"item\":\"https:\/\/www.oknobuild.com\/index.php\/products\/\"},{\"@type\":\"ListItem\",\"position\":3,\"name\":\"Super Cena StrongHands 0455-10 neoprenov\u00e9 pracovn\u00ed rukavice vel. 10\"}]},{\"@type\":\"WebSite\",\"@id\":\"https:\/\/www.oknobuild.com\/#website\",\"url\":\"https:\/\/www.oknobuild.com\/\",\"name\":\"\",\"description\":\"\",\"potentialAction\":[{\"@type\":\"SearchAction\",\"target\":{\"@type\":\"EntryPoint\",\"urlTemplate\":\"https:\/\/www.oknobuild.com\/?s={search_term_string}\"},\"query-input\":{\"@type\":\"PropertyValueSpecification\",\"valueRequired\":true,\"valueName\":\"search_term_string\"}}],\"inLanguage\":\"cs\"}]}<\/script>\n<!-- \/ Yoast SEO plugin. -->","yoast_head_json":{"title":"Super Cena StrongHands 0455-10 neoprenov\u00e9 pracovn\u00ed rukavice vel. 10 -","robots":{"index":"index","follow":"follow","max-snippet":"max-snippet:-1","max-image-preview":"max-image-preview:large","max-video-preview":"max-video-preview:-1"},"canonical":"https:\/\/www.oknobuild.com\/index.php\/produkt\/super-cena-stronghands-0455-10-neoprenove-pracovni-rukavice-vel-10-7789\/","og_locale":"cs_CZ","og_type":"article","og_title":"Super Cena StrongHands 0455-10 neoprenov\u00e9 pracovn\u00ed rukavice vel. 10 -","og_description":"Standard: EN420, EN388, EN374, Cat 3, 3110Materi\u00e1l: polychloropren, p\u0159\u00edrodn\u00ed latexov\u00e1 \u010dern\u00e1Oblast pou\u017eit\u00ed: Pr\u016fmysl, \u0159emesla, lakovny, chemick\u00fd pr\u016fmyslSTANDARD: EN 388 \/ EN 374\/2 + 3 s protiskluzn\u00fdm \u00fachopov\u00fdm profilem na dlani, velurov\u00fd Vysok\u00e1 odolnost proti chemik\u00e1li\u00edm D\u00e9lka: 30 cm Barva: \u010dern\u00e1 materi\u00e1l Polychloropren, p\u0159\u00edrodn\u00ed latexov\u00e1 \u010dern\u00e1 Dal\u0161\u00ed vlastnosti produktu Antibakteri\u00e1ln\u00ed, vo\u0161tinov\u00fd vzor nejvy\u0161\u0161\u00ed kvality pro dobrou [&hellip;]","og_url":"https:\/\/www.oknobuild.com\/index.php\/produkt\/super-cena-stronghands-0455-10-neoprenove-pracovni-rukavice-vel-10-7789\/","og_image":[{"width":800,"height":800,"url":"https:\/\/www.oknobuild.com\/wp-content\/uploads\/2026\/SK0018637-CZ20260425-092328-0-1777080210-208275-1_080234.webp","type":"image\/webp"}],"twitter_card":"summary_large_image","twitter_misc":{"Odhadovan\u00e1 doba \u010dten\u00ed":"1 minuta"},"schema":{"@context":"https:\/\/schema.org","@graph":[{"@type":"WebPage","@id":"https:\/\/www.oknobuild.com\/index.php\/produkt\/super-cena-stronghands-0455-10-neoprenove-pracovni-rukavice-vel-10-7789\/","url":"https:\/\/www.oknobuild.com\/index.php\/produkt\/super-cena-stronghands-0455-10-neoprenove-pracovni-rukavice-vel-10-7789\/","name":"Super Cena StrongHands 0455-10 neoprenov\u00e9 pracovn\u00ed rukavice vel. 10 -","isPartOf":{"@id":"https:\/\/www.oknobuild.com\/#website"},"primaryImageOfPage":{"@id":"https:\/\/www.oknobuild.com\/index.php\/produkt\/super-cena-stronghands-0455-10-neoprenove-pracovni-rukavice-vel-10-7789\/#primaryimage"},"image":{"@id":"https:\/\/www.oknobuild.com\/index.php\/produkt\/super-cena-stronghands-0455-10-neoprenove-pracovni-rukavice-vel-10-7789\/#primaryimage"},"thumbnailUrl":"https:\/\/www.oknobuild.com\/wp-content\/uploads\/2026\/SK0018637-CZ20260425-092328-0-1777080210-208275-1_080234.webp","datePublished":"2026-04-27T04:40:51+00:00","breadcrumb":{"@id":"https:\/\/www.oknobuild.com\/index.php\/produkt\/super-cena-stronghands-0455-10-neoprenove-pracovni-rukavice-vel-10-7789\/#breadcrumb"},"inLanguage":"cs","potentialAction":[{"@type":"ReadAction","target":["https:\/\/www.oknobuild.com\/index.php\/produkt\/super-cena-stronghands-0455-10-neoprenove-pracovni-rukavice-vel-10-7789\/"]}]},{"@type":"ImageObject","inLanguage":"cs","@id":"https:\/\/www.oknobuild.com\/index.php\/produkt\/super-cena-stronghands-0455-10-neoprenove-pracovni-rukavice-vel-10-7789\/#primaryimage","url":"https:\/\/www.oknobuild.com\/wp-content\/uploads\/2026\/SK0018637-CZ20260425-092328-0-1777080210-208275-1_080234.webp","contentUrl":"https:\/\/www.oknobuild.com\/wp-content\/uploads\/2026\/SK0018637-CZ20260425-092328-0-1777080210-208275-1_080234.webp","width":800,"height":800},{"@type":"BreadcrumbList","@id":"https:\/\/www.oknobuild.com\/index.php\/produkt\/super-cena-stronghands-0455-10-neoprenove-pracovni-rukavice-vel-10-7789\/#breadcrumb","itemListElement":[{"@type":"ListItem","position":1,"name":"Home","item":"https:\/\/www.oknobuild.com\/"},{"@type":"ListItem","position":2,"name":"Products","item":"https:\/\/www.oknobuild.com\/index.php\/products\/"},{"@type":"ListItem","position":3,"name":"Super Cena StrongHands 0455-10 neoprenov\u00e9 pracovn\u00ed rukavice vel. 10"}]},{"@type":"WebSite","@id":"https:\/\/www.oknobuild.com\/#website","url":"https:\/\/www.oknobuild.com\/","name":"","description":"","potentialAction":[{"@type":"SearchAction","target":{"@type":"EntryPoint","urlTemplate":"https:\/\/www.oknobuild.com\/?s={search_term_string}"},"query-input":{"@type":"PropertyValueSpecification","valueRequired":true,"valueName":"search_term_string"}}],"inLanguage":"cs"}]}},"_links":{"self":[{"href":"https:\/\/www.oknobuild.com\/index.php\/wp-json\/wp\/v2\/product\/7789","targetHints":{"allow":["GET"]}}],"collection":[{"href":"https:\/\/www.oknobuild.com\/index.php\/wp-json\/wp\/v2\/product"}],"about":[{"href":"https:\/\/www.oknobuild.com\/index.php\/wp-json\/wp\/v2\/types\/product"}],"replies":[{"embeddable":true,"href":"https:\/\/www.oknobuild.com\/index.php\/wp-json\/wp\/v2\/comments?post=7789"}],"wp:featuredmedia":[{"embeddable":true,"href":"https:\/\/www.oknobuild.com\/index.php\/wp-json\/wp\/v2\/media\/7889"}],"wp:attachment":[{"href":"https:\/\/www.oknobuild.com\/index.php\/wp-json\/wp\/v2\/media?parent=7789"}],"wp:term":[{"taxonomy":"product_brand","embeddable":true,"href":"https:\/\/www.oknobuild.com\/index.php\/wp-json\/wp\/v2\/product_brand?post=7789"},{"taxonomy":"product_cat","embeddable":true,"href":"https:\/\/www.oknobuild.com\/index.php\/wp-json\/wp\/v2\/product_cat?post=7789"},{"taxonomy":"product_tag","embeddable":true,"href":"https:\/\/www.oknobuild.com\/index.php\/wp-json\/wp\/v2\/product_tag?post=7789"}],"curies":[{"name":"wp","href":"https:\/\/api.w.org\/{rel}","templated":true}]}}