{"id":77963,"date":"2026-04-27T04:44:07","date_gmt":"2026-04-27T04:44:07","guid":{"rendered":""},"modified":"2026-04-27T04:44:07","modified_gmt":"2026-04-27T04:44:07","slug":"zlevneny-led-nastenne-svitidlo-ideal-lux-linus-ap-wh-4000k-268095-34w-3850lm-4000k-ip20-120cm-bile-stmivatelne-ideallux-77963","status":"publish","type":"product","link":"https:\/\/www.oknobuild.com\/index.php\/produkt\/zlevneny-led-nastenne-svitidlo-ideal-lux-linus-ap-wh-4000k-268095-34w-3850lm-4000k-ip20-120cm-bile-stmivatelne-ideallux-77963\/","title":{"rendered":"Zlevn\u011bn\u00fd LED N\u00e1st\u011bnn\u00e9 sv\u00edtidlo Ideal Lux LINUS AP WH 4000K 268095 34W 3850lm 4000K IP20 120cm b\u00edl\u00e9 stm\u00edvateln\u00e9 &#8211; IDEALLUX"},"content":{"rendered":"<h3 class=\"product-h3\">Popis produktu<\/h3>\n<p>PRO NAPOJEN\u00cd V\u00cdCE SV\u00cdTIDEL K SOB\u011a JE NUTN\u00c9 P\u0158IKOUPIT KONEKTOR (obj. k\u00f3d 233666)!! SOU\u010c\u00c1ST\u00cd SV\u00cdTIDLA JE STM\u00cdVATELN\u00c1 NAP\u00c1JEC\u00cd JEDNOTKA 1-10V!! N\u00e1st\u011bnn\u00e9 hranat\u00e9 LED sv\u00edtidlo LINUS z kolekce modern\u00edho interi\u00e9rov\u00e9ho osv\u011btlen\u00ed designov\u00e9 italsk\u00e9 zna\u010dky Ideal Lux v b\u00edl\u00e9 variant\u011b o d\u00e9lce 120 cm je mo\u017en\u00e9 pomoc\u00ed hlin\u00edkov\u00e9ho konektoru, kter\u00fd nen\u00ed sou\u010d\u00e1st\u00ed balen\u00ed (obj. k\u00f3d 233666), napojit k dal\u0161\u00edmu sv\u00edtidlu a nasv\u00edtit tak celou d\u00e9lku po\u017eadovan\u00e9ho prostoru. M\u00e1 ultratenk\u00fd vzhled s \u0161\u00ed\u0159kou pouh\u00e9 2 cm a v\u00fd\u0161kou 9,5 cm. Pro jeho v\u00fdrobu byl pou\u017eit odleh\u010den\u00fd hlin\u00edk s vn\u011bj\u0161\u00ed b\u00edlou matnou povrchovou \u00fapravou. Soust\u0159ediv\u00fd b\u00edl\u00fd svit s teplotou chromati\u010dnosti 4000K je vyza\u0159ov\u00e1n dv\u011bmi sm\u011bry, p\u0159\u00edmo a nep\u0159\u00edmo, a to z integrovan\u00fdch \u00fasporn\u00fdch v\u00fdkonn\u00fdch LED diod o celkov\u00e9m p\u0159\u00edkonu 1 x 34 W se siln\u00fdm sv\u011bteln\u00fdm tokem a\u017e 3850 lm v \u00fahlu 104\u00b0 na obou stran\u00e1ch. \u017divotnost zdroje je extr\u00e9mn\u011b vysok\u00e1, dosahuje a\u017e 50.000 hodin. LED modul je sou\u010d\u00e1st\u00ed sv\u00edtidla bez mo\u017enosti v\u00fdm\u011bny a je tak okam\u017eit\u011b po instalaci pln\u011b funk\u010dn\u00ed bez nutnosti \u017e\u00e1dn\u00e9 \u00fadr\u017eby. Hodnota CRI?80 zna\u010d\u00ed velmi v\u011brn\u00e9 vn\u00edm\u00e1n\u00ed barev. Stm\u00edvateln\u00e9 trafo s nap\u00e1jen\u00edm 1 \u2013 10 V je sou\u010d\u00e1st\u00ed sv\u00edtidla. Kryt\u00ed IP20 vyjad\u0159uje mo\u017enost pou\u017eit\u00ed pouze v interi\u00e9ru bez zv\u00fd\u0161en\u00e9 vlhkosti. V\u00fdrobce poskytuje z\u00e1ruku 3 roky. Celkov\u00e9 rozm\u011bry sv\u00edtidla \u010din\u00ed 9,5 x 120 x 2 cm.<\/p>\n<\/p><\/div>\n<\/p><\/div>\n<p><\/p>\n<div class=\"top-params\">\n<h3 class=\"product-h3 collapse-header \" data-toggle=\"collapse\" data-target=\"#collapseOne\" aria-expanded=\"true\" aria-controls=\"collapseOne\">Parametry<\/h3>\n<div id=\"collapseOne\" class=\"collapse show\" aria-labelledby=\"headingOne\" data-parent=\"#product-info-accordion1\">\n<table class=\"table-striped\">\n<tr>\n<td>                T\u0159\u00edda ochrany            <\/td>\n<td>                I            <\/td>\n<\/tr>\n<tr>\n<td>                Stm\u00edvateln\u00e9            <\/td>\n<td>                ano            <\/td>\n<\/tr>\n<tr>\n<td>                \u017divotnost            <\/td>\n<td>                50000 hodin            <\/td>\n<\/tr>\n<tr>\n<td>                Hmotnost g            <\/td>\n<td>                1250            <\/td>\n<\/tr>\n<tr>\n<td>                Energetick\u00e1 \u00fa\u010dinnost            <\/td>\n<td>                E            <\/td>\n<\/tr>\n<tr>\n<td>                Index pod\u00e1n\u00ed barev            <\/td>\n<td>                80            <\/td>\n<\/tr>\n<tr>\n<td>                Ochrana IP            <\/td>\n<td>                IP20            <\/td>\n<\/tr>\n<tr>\n<td>                Teplota barvy sv\u011btla            <\/td>\n<td>                4000K            <\/td>\n<\/tr>\n<tr>\n<td>                Patice            <\/td>\n<td>                LED            <\/td>\n<\/tr>\n<tr>\n<td>                V\u010detn\u011b sv\u011bteln\u00e9ho zdroje            <\/td>\n<td>                ano            <\/td>\n<\/tr>\n<tr>\n<td>                Materi\u00e1l            <\/td>\n<td>                hlin\u00edk            <\/td>\n<\/tr>\n<tr>\n<td>                Barva            <\/td>\n<td>                b\u00edl\u00e1            <\/td>\n<\/tr>\n<tr>\n<td>                Po\u010det sv\u011bteln\u00fdch zdroj\u016f            <\/td>\n<td>                1            <\/td>\n<\/tr>\n<tr>\n<td>                V\u00fdrobce            <\/td>\n<td>                IDEALLUX            <\/td>\n<\/tr>\n<tr>\n<td>                Typ sv\u011bteln\u00e9ho zdroje            <\/td>\n<td>                LED            <\/td>\n<\/tr>\n<tr>\n<td>                V\u00fd\u0161ka v mm            <\/td>\n<td>                40            <\/td>\n<\/tr>\n<tr>\n<td>                \u00dahel z\u00e1\u0159en\u00ed            <\/td>\n<td>                104\u00b0            <\/td>\n<\/tr>\n<tr>\n<td>                \u0160\u00ed\u0159ka v mm            <\/td>\n<td>                95            <\/td>\n<\/tr>\n<tr>\n<td>                D\u00e9lka v mm            <\/td>\n<td>                1200            <\/td>\n<\/tr>\n<tr>\n<td>                Sv\u011bteln\u00fd tok            <\/td>\n<td>                3600lm            <\/td>\n<\/tr>\n<tr>\n<td>                Max. p\u0159\u00edkon sv\u011bteln\u00e9ho zdroje            <\/td>\n<td>                32W            <\/td>\n<\/tr>\n<tr>\n<td>                V\u00fdkon            <\/td>\n<td>                32W            <\/td>\n<\/tr>\n<tr>\n<td>                Nap\u00e1jec\u00ed nap\u011bt\u00ed            <\/td>\n<td>                220-240V            <\/td>\n<\/tr>\n<tr>\n<td>                Kolekce            <\/td>\n<td>                LINUS            <\/td>\n<\/tr>\n<tr>\n<td>                U v\u00fdrobce dostupn\u00fdch            <\/td>\n<td>                83                    ks            <\/td>\n<\/tr>\n<\/table>\n<\/div><\/div>\n<\/div>\n<div class=\"accordion\" id=\"product-info-accordion2\">\n","protected":false},"excerpt":{"rendered":"<p>Popis produktu PRO NAPOJEN\u00cd V\u00cdCE SV\u00cdTIDEL K SOB\u011a JE NUTN\u00c9 P\u0158IKOUPIT KONEKTOR (obj. k\u00f3d 233666)!! SOU\u010c\u00c1ST\u00cd SV\u00cdTIDLA JE STM\u00cdVATELN\u00c1 NAP\u00c1JEC\u00cd JEDNOTKA 1-10V!! N\u00e1st\u011bnn\u00e9 hranat\u00e9 LED sv\u00edtidlo LINUS z kolekce modern\u00edho interi\u00e9rov\u00e9ho osv\u011btlen\u00ed designov\u00e9 italsk\u00e9 zna\u010dky Ideal Lux v b\u00edl\u00e9 variant\u011b o d\u00e9lce 120 cm je mo\u017en\u00e9 pomoc\u00ed hlin\u00edkov\u00e9ho konektoru, kter\u00fd nen\u00ed sou\u010d\u00e1st\u00ed balen\u00ed (obj. k\u00f3d [&hellip;]<\/p>\n","protected":false},"featured_media":78063,"comment_status":"open","ping_status":"open","template":"","meta":[],"product_brand":[],"product_cat":[32],"product_tag":[],"class_list":{"0":"post-77963","1":"product","2":"type-product","3":"status-publish","4":"has-post-thumbnail","6":"product_cat-interierova-svitidla","8":"first","9":"instock","10":"sale","11":"shipping-taxable","12":"purchasable","13":"product-type-simple"},"yoast_head":"<!-- This site is optimized with the Yoast SEO plugin v26.8 - https:\/\/yoast.com\/product\/yoast-seo-wordpress\/ -->\n<title>Zlevn\u011bn\u00fd LED N\u00e1st\u011bnn\u00e9 sv\u00edtidlo Ideal Lux LINUS AP WH 4000K 268095 34W 3850lm 4000K IP20 120cm b\u00edl\u00e9 stm\u00edvateln\u00e9 - IDEALLUX -<\/title>\n<meta name=\"robots\" content=\"index, follow, max-snippet:-1, max-image-preview:large, max-video-preview:-1\" \/>\n<link rel=\"canonical\" href=\"https:\/\/www.oknobuild.com\/index.php\/produkt\/zlevneny-led-nastenne-svitidlo-ideal-lux-linus-ap-wh-4000k-268095-34w-3850lm-4000k-ip20-120cm-bile-stmivatelne-ideallux-77963\/\" \/>\n<meta property=\"og:locale\" content=\"cs_CZ\" \/>\n<meta property=\"og:type\" content=\"article\" \/>\n<meta property=\"og:title\" content=\"Zlevn\u011bn\u00fd LED N\u00e1st\u011bnn\u00e9 sv\u00edtidlo Ideal Lux LINUS AP WH 4000K 268095 34W 3850lm 4000K IP20 120cm b\u00edl\u00e9 stm\u00edvateln\u00e9 - IDEALLUX -\" \/>\n<meta property=\"og:description\" content=\"Popis produktu PRO NAPOJEN\u00cd V\u00cdCE SV\u00cdTIDEL K SOB\u011a JE NUTN\u00c9 P\u0158IKOUPIT KONEKTOR (obj. k\u00f3d 233666)!! SOU\u010c\u00c1ST\u00cd SV\u00cdTIDLA JE STM\u00cdVATELN\u00c1 NAP\u00c1JEC\u00cd JEDNOTKA 1-10V!! N\u00e1st\u011bnn\u00e9 hranat\u00e9 LED sv\u00edtidlo LINUS z kolekce modern\u00edho interi\u00e9rov\u00e9ho osv\u011btlen\u00ed designov\u00e9 italsk\u00e9 zna\u010dky Ideal Lux v b\u00edl\u00e9 variant\u011b o d\u00e9lce 120 cm je mo\u017en\u00e9 pomoc\u00ed hlin\u00edkov\u00e9ho konektoru, kter\u00fd nen\u00ed sou\u010d\u00e1st\u00ed balen\u00ed (obj. k\u00f3d [&hellip;]\" \/>\n<meta property=\"og:url\" content=\"https:\/\/www.oknobuild.com\/index.php\/produkt\/zlevneny-led-nastenne-svitidlo-ideal-lux-linus-ap-wh-4000k-268095-34w-3850lm-4000k-ip20-120cm-bile-stmivatelne-ideallux-77963\/\" \/>\n<meta property=\"og:image\" content=\"https:\/\/www.oknobuild.com\/wp-content\/uploads\/2026\/SK0016870-CZ20260425-091535-0-1777079743-ILUX-268095.webp\" \/>\n\t<meta property=\"og:image:width\" content=\"480\" \/>\n\t<meta property=\"og:image:height\" content=\"480\" \/>\n\t<meta property=\"og:image:type\" content=\"image\/webp\" \/>\n<meta name=\"twitter:card\" content=\"summary_large_image\" \/>\n<meta name=\"twitter:label1\" content=\"Odhadovan\u00e1 doba \u010dten\u00ed\" \/>\n\t<meta name=\"twitter:data1\" content=\"2 minuty\" \/>\n<script type=\"application\/ld+json\" class=\"yoast-schema-graph\">{\"@context\":\"https:\/\/schema.org\",\"@graph\":[{\"@type\":\"WebPage\",\"@id\":\"https:\/\/www.oknobuild.com\/index.php\/produkt\/zlevneny-led-nastenne-svitidlo-ideal-lux-linus-ap-wh-4000k-268095-34w-3850lm-4000k-ip20-120cm-bile-stmivatelne-ideallux-77963\/\",\"url\":\"https:\/\/www.oknobuild.com\/index.php\/produkt\/zlevneny-led-nastenne-svitidlo-ideal-lux-linus-ap-wh-4000k-268095-34w-3850lm-4000k-ip20-120cm-bile-stmivatelne-ideallux-77963\/\",\"name\":\"Zlevn\u011bn\u00fd LED N\u00e1st\u011bnn\u00e9 sv\u00edtidlo Ideal Lux LINUS AP WH 4000K 268095 34W 3850lm 4000K IP20 120cm b\u00edl\u00e9 stm\u00edvateln\u00e9 - IDEALLUX -\",\"isPartOf\":{\"@id\":\"https:\/\/www.oknobuild.com\/#website\"},\"primaryImageOfPage\":{\"@id\":\"https:\/\/www.oknobuild.com\/index.php\/produkt\/zlevneny-led-nastenne-svitidlo-ideal-lux-linus-ap-wh-4000k-268095-34w-3850lm-4000k-ip20-120cm-bile-stmivatelne-ideallux-77963\/#primaryimage\"},\"image\":{\"@id\":\"https:\/\/www.oknobuild.com\/index.php\/produkt\/zlevneny-led-nastenne-svitidlo-ideal-lux-linus-ap-wh-4000k-268095-34w-3850lm-4000k-ip20-120cm-bile-stmivatelne-ideallux-77963\/#primaryimage\"},\"thumbnailUrl\":\"https:\/\/www.oknobuild.com\/wp-content\/uploads\/2026\/SK0016870-CZ20260425-091535-0-1777079743-ILUX-268095.webp\",\"datePublished\":\"2026-04-27T04:44:07+00:00\",\"breadcrumb\":{\"@id\":\"https:\/\/www.oknobuild.com\/index.php\/produkt\/zlevneny-led-nastenne-svitidlo-ideal-lux-linus-ap-wh-4000k-268095-34w-3850lm-4000k-ip20-120cm-bile-stmivatelne-ideallux-77963\/#breadcrumb\"},\"inLanguage\":\"cs\",\"potentialAction\":[{\"@type\":\"ReadAction\",\"target\":[\"https:\/\/www.oknobuild.com\/index.php\/produkt\/zlevneny-led-nastenne-svitidlo-ideal-lux-linus-ap-wh-4000k-268095-34w-3850lm-4000k-ip20-120cm-bile-stmivatelne-ideallux-77963\/\"]}]},{\"@type\":\"ImageObject\",\"inLanguage\":\"cs\",\"@id\":\"https:\/\/www.oknobuild.com\/index.php\/produkt\/zlevneny-led-nastenne-svitidlo-ideal-lux-linus-ap-wh-4000k-268095-34w-3850lm-4000k-ip20-120cm-bile-stmivatelne-ideallux-77963\/#primaryimage\",\"url\":\"https:\/\/www.oknobuild.com\/wp-content\/uploads\/2026\/SK0016870-CZ20260425-091535-0-1777079743-ILUX-268095.webp\",\"contentUrl\":\"https:\/\/www.oknobuild.com\/wp-content\/uploads\/2026\/SK0016870-CZ20260425-091535-0-1777079743-ILUX-268095.webp\",\"width\":480,\"height\":480},{\"@type\":\"BreadcrumbList\",\"@id\":\"https:\/\/www.oknobuild.com\/index.php\/produkt\/zlevneny-led-nastenne-svitidlo-ideal-lux-linus-ap-wh-4000k-268095-34w-3850lm-4000k-ip20-120cm-bile-stmivatelne-ideallux-77963\/#breadcrumb\",\"itemListElement\":[{\"@type\":\"ListItem\",\"position\":1,\"name\":\"Home\",\"item\":\"https:\/\/www.oknobuild.com\/\"},{\"@type\":\"ListItem\",\"position\":2,\"name\":\"Products\",\"item\":\"https:\/\/www.oknobuild.com\/index.php\/products\/\"},{\"@type\":\"ListItem\",\"position\":3,\"name\":\"Zlevn\u011bn\u00fd LED N\u00e1st\u011bnn\u00e9 sv\u00edtidlo Ideal Lux LINUS AP WH 4000K 268095 34W 3850lm 4000K IP20 120cm b\u00edl\u00e9 stm\u00edvateln\u00e9 &#8211; IDEALLUX\"}]},{\"@type\":\"WebSite\",\"@id\":\"https:\/\/www.oknobuild.com\/#website\",\"url\":\"https:\/\/www.oknobuild.com\/\",\"name\":\"\",\"description\":\"\",\"potentialAction\":[{\"@type\":\"SearchAction\",\"target\":{\"@type\":\"EntryPoint\",\"urlTemplate\":\"https:\/\/www.oknobuild.com\/?s={search_term_string}\"},\"query-input\":{\"@type\":\"PropertyValueSpecification\",\"valueRequired\":true,\"valueName\":\"search_term_string\"}}],\"inLanguage\":\"cs\"}]}<\/script>\n<!-- \/ Yoast SEO plugin. -->","yoast_head_json":{"title":"Zlevn\u011bn\u00fd LED N\u00e1st\u011bnn\u00e9 sv\u00edtidlo Ideal Lux LINUS AP WH 4000K 268095 34W 3850lm 4000K IP20 120cm b\u00edl\u00e9 stm\u00edvateln\u00e9 - IDEALLUX -","robots":{"index":"index","follow":"follow","max-snippet":"max-snippet:-1","max-image-preview":"max-image-preview:large","max-video-preview":"max-video-preview:-1"},"canonical":"https:\/\/www.oknobuild.com\/index.php\/produkt\/zlevneny-led-nastenne-svitidlo-ideal-lux-linus-ap-wh-4000k-268095-34w-3850lm-4000k-ip20-120cm-bile-stmivatelne-ideallux-77963\/","og_locale":"cs_CZ","og_type":"article","og_title":"Zlevn\u011bn\u00fd LED N\u00e1st\u011bnn\u00e9 sv\u00edtidlo Ideal Lux LINUS AP WH 4000K 268095 34W 3850lm 4000K IP20 120cm b\u00edl\u00e9 stm\u00edvateln\u00e9 - IDEALLUX -","og_description":"Popis produktu PRO NAPOJEN\u00cd V\u00cdCE SV\u00cdTIDEL K SOB\u011a JE NUTN\u00c9 P\u0158IKOUPIT KONEKTOR (obj. k\u00f3d 233666)!! SOU\u010c\u00c1ST\u00cd SV\u00cdTIDLA JE STM\u00cdVATELN\u00c1 NAP\u00c1JEC\u00cd JEDNOTKA 1-10V!! N\u00e1st\u011bnn\u00e9 hranat\u00e9 LED sv\u00edtidlo LINUS z kolekce modern\u00edho interi\u00e9rov\u00e9ho osv\u011btlen\u00ed designov\u00e9 italsk\u00e9 zna\u010dky Ideal Lux v b\u00edl\u00e9 variant\u011b o d\u00e9lce 120 cm je mo\u017en\u00e9 pomoc\u00ed hlin\u00edkov\u00e9ho konektoru, kter\u00fd nen\u00ed sou\u010d\u00e1st\u00ed balen\u00ed (obj. k\u00f3d [&hellip;]","og_url":"https:\/\/www.oknobuild.com\/index.php\/produkt\/zlevneny-led-nastenne-svitidlo-ideal-lux-linus-ap-wh-4000k-268095-34w-3850lm-4000k-ip20-120cm-bile-stmivatelne-ideallux-77963\/","og_image":[{"width":480,"height":480,"url":"https:\/\/www.oknobuild.com\/wp-content\/uploads\/2026\/SK0016870-CZ20260425-091535-0-1777079743-ILUX-268095.webp","type":"image\/webp"}],"twitter_card":"summary_large_image","twitter_misc":{"Odhadovan\u00e1 doba \u010dten\u00ed":"2 minuty"},"schema":{"@context":"https:\/\/schema.org","@graph":[{"@type":"WebPage","@id":"https:\/\/www.oknobuild.com\/index.php\/produkt\/zlevneny-led-nastenne-svitidlo-ideal-lux-linus-ap-wh-4000k-268095-34w-3850lm-4000k-ip20-120cm-bile-stmivatelne-ideallux-77963\/","url":"https:\/\/www.oknobuild.com\/index.php\/produkt\/zlevneny-led-nastenne-svitidlo-ideal-lux-linus-ap-wh-4000k-268095-34w-3850lm-4000k-ip20-120cm-bile-stmivatelne-ideallux-77963\/","name":"Zlevn\u011bn\u00fd LED N\u00e1st\u011bnn\u00e9 sv\u00edtidlo Ideal Lux LINUS AP WH 4000K 268095 34W 3850lm 4000K IP20 120cm b\u00edl\u00e9 stm\u00edvateln\u00e9 - IDEALLUX -","isPartOf":{"@id":"https:\/\/www.oknobuild.com\/#website"},"primaryImageOfPage":{"@id":"https:\/\/www.oknobuild.com\/index.php\/produkt\/zlevneny-led-nastenne-svitidlo-ideal-lux-linus-ap-wh-4000k-268095-34w-3850lm-4000k-ip20-120cm-bile-stmivatelne-ideallux-77963\/#primaryimage"},"image":{"@id":"https:\/\/www.oknobuild.com\/index.php\/produkt\/zlevneny-led-nastenne-svitidlo-ideal-lux-linus-ap-wh-4000k-268095-34w-3850lm-4000k-ip20-120cm-bile-stmivatelne-ideallux-77963\/#primaryimage"},"thumbnailUrl":"https:\/\/www.oknobuild.com\/wp-content\/uploads\/2026\/SK0016870-CZ20260425-091535-0-1777079743-ILUX-268095.webp","datePublished":"2026-04-27T04:44:07+00:00","breadcrumb":{"@id":"https:\/\/www.oknobuild.com\/index.php\/produkt\/zlevneny-led-nastenne-svitidlo-ideal-lux-linus-ap-wh-4000k-268095-34w-3850lm-4000k-ip20-120cm-bile-stmivatelne-ideallux-77963\/#breadcrumb"},"inLanguage":"cs","potentialAction":[{"@type":"ReadAction","target":["https:\/\/www.oknobuild.com\/index.php\/produkt\/zlevneny-led-nastenne-svitidlo-ideal-lux-linus-ap-wh-4000k-268095-34w-3850lm-4000k-ip20-120cm-bile-stmivatelne-ideallux-77963\/"]}]},{"@type":"ImageObject","inLanguage":"cs","@id":"https:\/\/www.oknobuild.com\/index.php\/produkt\/zlevneny-led-nastenne-svitidlo-ideal-lux-linus-ap-wh-4000k-268095-34w-3850lm-4000k-ip20-120cm-bile-stmivatelne-ideallux-77963\/#primaryimage","url":"https:\/\/www.oknobuild.com\/wp-content\/uploads\/2026\/SK0016870-CZ20260425-091535-0-1777079743-ILUX-268095.webp","contentUrl":"https:\/\/www.oknobuild.com\/wp-content\/uploads\/2026\/SK0016870-CZ20260425-091535-0-1777079743-ILUX-268095.webp","width":480,"height":480},{"@type":"BreadcrumbList","@id":"https:\/\/www.oknobuild.com\/index.php\/produkt\/zlevneny-led-nastenne-svitidlo-ideal-lux-linus-ap-wh-4000k-268095-34w-3850lm-4000k-ip20-120cm-bile-stmivatelne-ideallux-77963\/#breadcrumb","itemListElement":[{"@type":"ListItem","position":1,"name":"Home","item":"https:\/\/www.oknobuild.com\/"},{"@type":"ListItem","position":2,"name":"Products","item":"https:\/\/www.oknobuild.com\/index.php\/products\/"},{"@type":"ListItem","position":3,"name":"Zlevn\u011bn\u00fd LED N\u00e1st\u011bnn\u00e9 sv\u00edtidlo Ideal Lux LINUS AP WH 4000K 268095 34W 3850lm 4000K IP20 120cm b\u00edl\u00e9 stm\u00edvateln\u00e9 &#8211; IDEALLUX"}]},{"@type":"WebSite","@id":"https:\/\/www.oknobuild.com\/#website","url":"https:\/\/www.oknobuild.com\/","name":"","description":"","potentialAction":[{"@type":"SearchAction","target":{"@type":"EntryPoint","urlTemplate":"https:\/\/www.oknobuild.com\/?s={search_term_string}"},"query-input":{"@type":"PropertyValueSpecification","valueRequired":true,"valueName":"search_term_string"}}],"inLanguage":"cs"}]}},"_links":{"self":[{"href":"https:\/\/www.oknobuild.com\/index.php\/wp-json\/wp\/v2\/product\/77963","targetHints":{"allow":["GET"]}}],"collection":[{"href":"https:\/\/www.oknobuild.com\/index.php\/wp-json\/wp\/v2\/product"}],"about":[{"href":"https:\/\/www.oknobuild.com\/index.php\/wp-json\/wp\/v2\/types\/product"}],"replies":[{"embeddable":true,"href":"https:\/\/www.oknobuild.com\/index.php\/wp-json\/wp\/v2\/comments?post=77963"}],"wp:featuredmedia":[{"embeddable":true,"href":"https:\/\/www.oknobuild.com\/index.php\/wp-json\/wp\/v2\/media\/78063"}],"wp:attachment":[{"href":"https:\/\/www.oknobuild.com\/index.php\/wp-json\/wp\/v2\/media?parent=77963"}],"wp:term":[{"taxonomy":"product_brand","embeddable":true,"href":"https:\/\/www.oknobuild.com\/index.php\/wp-json\/wp\/v2\/product_brand?post=77963"},{"taxonomy":"product_cat","embeddable":true,"href":"https:\/\/www.oknobuild.com\/index.php\/wp-json\/wp\/v2\/product_cat?post=77963"},{"taxonomy":"product_tag","embeddable":true,"href":"https:\/\/www.oknobuild.com\/index.php\/wp-json\/wp\/v2\/product_tag?post=77963"}],"curies":[{"name":"wp","href":"https:\/\/api.w.org\/{rel}","templated":true}]}}