{"id":78105,"date":"2026-04-27T04:44:08","date_gmt":"2026-04-27T04:44:08","guid":{"rendered":""},"modified":"2026-04-27T04:44:08","modified_gmt":"2026-04-27T04:44:08","slug":"znackovy-oz-sp-d80-nero-ideallux-78105","status":"publish","type":"product","link":"https:\/\/www.oknobuild.com\/index.php\/produkt\/znackovy-oz-sp-d80-nero-ideallux-78105\/","title":{"rendered":"Zna\u010dkov\u00fd OZ SP D80 NERO &#8211; IDEALLUX"},"content":{"rendered":"<h3 class=\"product-h3\">Popis produktu<\/h3>\n<p>Z\u00e1v\u011bsn\u00e9 sv\u00edtidlo OZ z kolekce designov\u00e9ho osv\u011btlen\u00ed zna\u010dky Ideal Lux ve v\u011bt\u0161\u00ed variant\u011b o pr\u016fm\u011bru 80 cm V\u00e1s zaujme sv\u00fdm jedine\u010dn\u00fdm vzhledem p\u0159ipom\u00ednaj\u00edc\u00edm spir\u00e1lu. Skv\u011ble dopln\u00ed ka\u017ed\u00fd modern\u011b za\u0159\u00edzen\u00fd interi\u00e9r. Vzhledem k n\u00edzk\u00e9mu kryt\u00ed IP20 nen\u00ed vhodn\u00e9 do m\u00edstnost\u00ed s v\u00fdskytem vy\u0161\u0161\u00ed vlhkosti vzduchu. Kulat\u00e1 z\u00e1kladna o pr\u016fm\u011bru 20 cm a r\u00e1m sv\u00edtidla jsou zhotoveny z kvalitn\u00edho kovu s \u010dernou povrchovou \u00fapravou nan\u00e1\u0161enou metodou pr\u00e1\u0161kov\u00e1n\u00ed. Sou\u010d\u00e1st\u00ed r\u00e1mu je gumov\u00fd difuzor v op\u00e1lov\u00e9 barv\u011b s integrovan\u00fdm LED zdrojem o p\u0159\u00edkonu 1 x 59 W se sv\u00edtivost\u00ed a\u017e 6000lm a teplotou chromati\u010dnosti 3000K (neutr\u00e1ln\u00ed \u017elut\u00e9 sv\u011btlo). Intenzitu nen\u00ed mo\u017en\u00e9 stm\u00edvat. \u017divotnost zdroje dosahuje a\u017e 30 000 hodin. V\u00fd\u0161ku z\u00e1v\u011bs\u016f je mo\u017en\u00e9 regulovat od 39 do 150 cm d\u00e9lky. Celkov\u00e9 rozm\u011bry sv\u00edtidla \u010din\u00ed 150 x 80 x 80 cm. Sv\u00edtidlo je nap\u00e1jeno ze s\u00edt\u011b na 220-240 V (trafo je sou\u010d\u00e1st\u00ed) a vztahuje se na n\u011bj z\u00e1ruka 3 roky.<\/p>\n<\/p><\/div>\n<\/p><\/div>\n<p><\/p>\n<div class=\"top-params\">\n<h3 class=\"product-h3 collapse-header \" data-toggle=\"collapse\" data-target=\"#collapseOne\" aria-expanded=\"true\" aria-controls=\"collapseOne\">Parametry<\/h3>\n<div id=\"collapseOne\" class=\"collapse show\" aria-labelledby=\"headingOne\" data-parent=\"#product-info-accordion1\">\n<table class=\"table-striped\">\n<tr>\n<td>                T\u0159\u00edda ochrany            <\/td>\n<td>                I            <\/td>\n<\/tr>\n<tr>\n<td>                \u017divotnost            <\/td>\n<td>                30000 hodin            <\/td>\n<\/tr>\n<tr>\n<td>                Energetick\u00e1 \u00fa\u010dinnost            <\/td>\n<td>                F            <\/td>\n<\/tr>\n<tr>\n<td>                \u0160\u00ed\u0159ka v mm            <\/td>\n<td>                800            <\/td>\n<\/tr>\n<tr>\n<td>                Pr\u016fm\u011br v mm            <\/td>\n<td>                800            <\/td>\n<\/tr>\n<tr>\n<td>                D\u00e9lka v mm            <\/td>\n<td>                800            <\/td>\n<\/tr>\n<tr>\n<td>                Ochrana IP            <\/td>\n<td>                IP20            <\/td>\n<\/tr>\n<tr>\n<td>                Sv\u011bteln\u00fd tok            <\/td>\n<td>                6100lm            <\/td>\n<\/tr>\n<tr>\n<td>                Teplota barvy sv\u011btla            <\/td>\n<td>                3000K            <\/td>\n<\/tr>\n<tr>\n<td>                Patice            <\/td>\n<td>                LED            <\/td>\n<\/tr>\n<tr>\n<td>                V\u010detn\u011b sv\u011bteln\u00e9ho zdroje            <\/td>\n<td>                ano            <\/td>\n<\/tr>\n<tr>\n<td>                Barva            <\/td>\n<td>                \u010dern\u00e1            <\/td>\n<\/tr>\n<tr>\n<td>                Po\u010det sv\u011bteln\u00fdch zdroj\u016f            <\/td>\n<td>                1            <\/td>\n<\/tr>\n<tr>\n<td>                V\u00fdrobce            <\/td>\n<td>                IDEALLUX            <\/td>\n<\/tr>\n<tr>\n<td>                \u00dahel z\u00e1\u0159en\u00ed            <\/td>\n<td>                120\u00b0            <\/td>\n<\/tr>\n<tr>\n<td>                Typ sv\u011bteln\u00e9ho zdroje            <\/td>\n<td>                LED            <\/td>\n<\/tr>\n<tr>\n<td>                V\u00fd\u0161ka v mm            <\/td>\n<td>                2240            <\/td>\n<\/tr>\n<tr>\n<td>                Hmotnost g            <\/td>\n<td>                1900            <\/td>\n<\/tr>\n<tr>\n<td>                Max. p\u0159\u00edkon sv\u011bteln\u00e9ho zdroje            <\/td>\n<td>                55W            <\/td>\n<\/tr>\n<tr>\n<td>                V\u00fdkon            <\/td>\n<td>                55W            <\/td>\n<\/tr>\n<tr>\n<td>                Nap\u00e1jec\u00ed nap\u011bt\u00ed            <\/td>\n<td>                220-240V            <\/td>\n<\/tr>\n<tr>\n<td>                Materi\u00e1l            <\/td>\n<td>                kov\/plast            <\/td>\n<\/tr>\n<tr>\n<td>                Kolekce            <\/td>\n<td>                OZ            <\/td>\n<\/tr>\n<tr>\n<td>                U v\u00fdrobce dostupn\u00fdch            <\/td>\n<td>                168                    ks            <\/td>\n<\/tr>\n<\/table>\n<\/div><\/div>\n<\/div>\n<div class=\"accordion\" id=\"product-info-accordion2\">\n","protected":false},"excerpt":{"rendered":"<p>Popis produktu Z\u00e1v\u011bsn\u00e9 sv\u00edtidlo OZ z kolekce designov\u00e9ho osv\u011btlen\u00ed zna\u010dky Ideal Lux ve v\u011bt\u0161\u00ed variant\u011b o pr\u016fm\u011bru 80 cm V\u00e1s zaujme sv\u00fdm jedine\u010dn\u00fdm vzhledem p\u0159ipom\u00ednaj\u00edc\u00edm spir\u00e1lu. Skv\u011ble dopln\u00ed ka\u017ed\u00fd modern\u011b za\u0159\u00edzen\u00fd interi\u00e9r. Vzhledem k n\u00edzk\u00e9mu kryt\u00ed IP20 nen\u00ed vhodn\u00e9 do m\u00edstnost\u00ed s v\u00fdskytem vy\u0161\u0161\u00ed vlhkosti vzduchu. Kulat\u00e1 z\u00e1kladna o pr\u016fm\u011bru 20 cm a r\u00e1m sv\u00edtidla [&hellip;]<\/p>\n","protected":false},"featured_media":78205,"comment_status":"open","ping_status":"open","template":"","meta":[],"product_brand":[],"product_cat":[32],"product_tag":[],"class_list":{"0":"post-78105","1":"product","2":"type-product","3":"status-publish","4":"has-post-thumbnail","6":"product_cat-interierova-svitidla","8":"first","9":"instock","10":"sale","11":"shipping-taxable","12":"purchasable","13":"product-type-simple"},"yoast_head":"<!-- This site is optimized with the Yoast SEO plugin v26.8 - https:\/\/yoast.com\/product\/yoast-seo-wordpress\/ -->\n<title>Zna\u010dkov\u00fd OZ SP D80 NERO - IDEALLUX -<\/title>\n<meta name=\"robots\" content=\"index, follow, max-snippet:-1, max-image-preview:large, max-video-preview:-1\" \/>\n<link rel=\"canonical\" href=\"https:\/\/www.oknobuild.com\/index.php\/produkt\/znackovy-oz-sp-d80-nero-ideallux-78105\/\" \/>\n<meta property=\"og:locale\" content=\"cs_CZ\" \/>\n<meta property=\"og:type\" content=\"article\" \/>\n<meta property=\"og:title\" content=\"Zna\u010dkov\u00fd OZ SP D80 NERO - IDEALLUX -\" \/>\n<meta property=\"og:description\" content=\"Popis produktu Z\u00e1v\u011bsn\u00e9 sv\u00edtidlo OZ z kolekce designov\u00e9ho osv\u011btlen\u00ed zna\u010dky Ideal Lux ve v\u011bt\u0161\u00ed variant\u011b o pr\u016fm\u011bru 80 cm V\u00e1s zaujme sv\u00fdm jedine\u010dn\u00fdm vzhledem p\u0159ipom\u00ednaj\u00edc\u00edm spir\u00e1lu. Skv\u011ble dopln\u00ed ka\u017ed\u00fd modern\u011b za\u0159\u00edzen\u00fd interi\u00e9r. Vzhledem k n\u00edzk\u00e9mu kryt\u00ed IP20 nen\u00ed vhodn\u00e9 do m\u00edstnost\u00ed s v\u00fdskytem vy\u0161\u0161\u00ed vlhkosti vzduchu. Kulat\u00e1 z\u00e1kladna o pr\u016fm\u011bru 20 cm a r\u00e1m sv\u00edtidla [&hellip;]\" \/>\n<meta property=\"og:url\" content=\"https:\/\/www.oknobuild.com\/index.php\/produkt\/znackovy-oz-sp-d80-nero-ideallux-78105\/\" \/>\n<meta property=\"og:image\" content=\"https:\/\/www.oknobuild.com\/wp-content\/uploads\/2026\/SK0016912-CZ20260425-091535-0-1777079743-ILUX-269450.webp\" \/>\n\t<meta property=\"og:image:width\" content=\"480\" \/>\n\t<meta property=\"og:image:height\" content=\"480\" \/>\n\t<meta property=\"og:image:type\" content=\"image\/webp\" \/>\n<meta name=\"twitter:card\" content=\"summary_large_image\" \/>\n<meta name=\"twitter:label1\" content=\"Odhadovan\u00e1 doba \u010dten\u00ed\" \/>\n\t<meta name=\"twitter:data1\" content=\"1 minuta\" \/>\n<script type=\"application\/ld+json\" class=\"yoast-schema-graph\">{\"@context\":\"https:\/\/schema.org\",\"@graph\":[{\"@type\":\"WebPage\",\"@id\":\"https:\/\/www.oknobuild.com\/index.php\/produkt\/znackovy-oz-sp-d80-nero-ideallux-78105\/\",\"url\":\"https:\/\/www.oknobuild.com\/index.php\/produkt\/znackovy-oz-sp-d80-nero-ideallux-78105\/\",\"name\":\"Zna\u010dkov\u00fd OZ SP D80 NERO - IDEALLUX -\",\"isPartOf\":{\"@id\":\"https:\/\/www.oknobuild.com\/#website\"},\"primaryImageOfPage\":{\"@id\":\"https:\/\/www.oknobuild.com\/index.php\/produkt\/znackovy-oz-sp-d80-nero-ideallux-78105\/#primaryimage\"},\"image\":{\"@id\":\"https:\/\/www.oknobuild.com\/index.php\/produkt\/znackovy-oz-sp-d80-nero-ideallux-78105\/#primaryimage\"},\"thumbnailUrl\":\"https:\/\/www.oknobuild.com\/wp-content\/uploads\/2026\/SK0016912-CZ20260425-091535-0-1777079743-ILUX-269450.webp\",\"datePublished\":\"2026-04-27T04:44:08+00:00\",\"breadcrumb\":{\"@id\":\"https:\/\/www.oknobuild.com\/index.php\/produkt\/znackovy-oz-sp-d80-nero-ideallux-78105\/#breadcrumb\"},\"inLanguage\":\"cs\",\"potentialAction\":[{\"@type\":\"ReadAction\",\"target\":[\"https:\/\/www.oknobuild.com\/index.php\/produkt\/znackovy-oz-sp-d80-nero-ideallux-78105\/\"]}]},{\"@type\":\"ImageObject\",\"inLanguage\":\"cs\",\"@id\":\"https:\/\/www.oknobuild.com\/index.php\/produkt\/znackovy-oz-sp-d80-nero-ideallux-78105\/#primaryimage\",\"url\":\"https:\/\/www.oknobuild.com\/wp-content\/uploads\/2026\/SK0016912-CZ20260425-091535-0-1777079743-ILUX-269450.webp\",\"contentUrl\":\"https:\/\/www.oknobuild.com\/wp-content\/uploads\/2026\/SK0016912-CZ20260425-091535-0-1777079743-ILUX-269450.webp\",\"width\":480,\"height\":480},{\"@type\":\"BreadcrumbList\",\"@id\":\"https:\/\/www.oknobuild.com\/index.php\/produkt\/znackovy-oz-sp-d80-nero-ideallux-78105\/#breadcrumb\",\"itemListElement\":[{\"@type\":\"ListItem\",\"position\":1,\"name\":\"Home\",\"item\":\"https:\/\/www.oknobuild.com\/\"},{\"@type\":\"ListItem\",\"position\":2,\"name\":\"Products\",\"item\":\"https:\/\/www.oknobuild.com\/index.php\/products\/\"},{\"@type\":\"ListItem\",\"position\":3,\"name\":\"Zna\u010dkov\u00fd OZ SP D80 NERO &#8211; IDEALLUX\"}]},{\"@type\":\"WebSite\",\"@id\":\"https:\/\/www.oknobuild.com\/#website\",\"url\":\"https:\/\/www.oknobuild.com\/\",\"name\":\"\",\"description\":\"\",\"potentialAction\":[{\"@type\":\"SearchAction\",\"target\":{\"@type\":\"EntryPoint\",\"urlTemplate\":\"https:\/\/www.oknobuild.com\/?s={search_term_string}\"},\"query-input\":{\"@type\":\"PropertyValueSpecification\",\"valueRequired\":true,\"valueName\":\"search_term_string\"}}],\"inLanguage\":\"cs\"}]}<\/script>\n<!-- \/ Yoast SEO plugin. -->","yoast_head_json":{"title":"Zna\u010dkov\u00fd OZ SP D80 NERO - IDEALLUX -","robots":{"index":"index","follow":"follow","max-snippet":"max-snippet:-1","max-image-preview":"max-image-preview:large","max-video-preview":"max-video-preview:-1"},"canonical":"https:\/\/www.oknobuild.com\/index.php\/produkt\/znackovy-oz-sp-d80-nero-ideallux-78105\/","og_locale":"cs_CZ","og_type":"article","og_title":"Zna\u010dkov\u00fd OZ SP D80 NERO - IDEALLUX -","og_description":"Popis produktu Z\u00e1v\u011bsn\u00e9 sv\u00edtidlo OZ z kolekce designov\u00e9ho osv\u011btlen\u00ed zna\u010dky Ideal Lux ve v\u011bt\u0161\u00ed variant\u011b o pr\u016fm\u011bru 80 cm V\u00e1s zaujme sv\u00fdm jedine\u010dn\u00fdm vzhledem p\u0159ipom\u00ednaj\u00edc\u00edm spir\u00e1lu. Skv\u011ble dopln\u00ed ka\u017ed\u00fd modern\u011b za\u0159\u00edzen\u00fd interi\u00e9r. Vzhledem k n\u00edzk\u00e9mu kryt\u00ed IP20 nen\u00ed vhodn\u00e9 do m\u00edstnost\u00ed s v\u00fdskytem vy\u0161\u0161\u00ed vlhkosti vzduchu. Kulat\u00e1 z\u00e1kladna o pr\u016fm\u011bru 20 cm a r\u00e1m sv\u00edtidla [&hellip;]","og_url":"https:\/\/www.oknobuild.com\/index.php\/produkt\/znackovy-oz-sp-d80-nero-ideallux-78105\/","og_image":[{"width":480,"height":480,"url":"https:\/\/www.oknobuild.com\/wp-content\/uploads\/2026\/SK0016912-CZ20260425-091535-0-1777079743-ILUX-269450.webp","type":"image\/webp"}],"twitter_card":"summary_large_image","twitter_misc":{"Odhadovan\u00e1 doba \u010dten\u00ed":"1 minuta"},"schema":{"@context":"https:\/\/schema.org","@graph":[{"@type":"WebPage","@id":"https:\/\/www.oknobuild.com\/index.php\/produkt\/znackovy-oz-sp-d80-nero-ideallux-78105\/","url":"https:\/\/www.oknobuild.com\/index.php\/produkt\/znackovy-oz-sp-d80-nero-ideallux-78105\/","name":"Zna\u010dkov\u00fd OZ SP D80 NERO - IDEALLUX -","isPartOf":{"@id":"https:\/\/www.oknobuild.com\/#website"},"primaryImageOfPage":{"@id":"https:\/\/www.oknobuild.com\/index.php\/produkt\/znackovy-oz-sp-d80-nero-ideallux-78105\/#primaryimage"},"image":{"@id":"https:\/\/www.oknobuild.com\/index.php\/produkt\/znackovy-oz-sp-d80-nero-ideallux-78105\/#primaryimage"},"thumbnailUrl":"https:\/\/www.oknobuild.com\/wp-content\/uploads\/2026\/SK0016912-CZ20260425-091535-0-1777079743-ILUX-269450.webp","datePublished":"2026-04-27T04:44:08+00:00","breadcrumb":{"@id":"https:\/\/www.oknobuild.com\/index.php\/produkt\/znackovy-oz-sp-d80-nero-ideallux-78105\/#breadcrumb"},"inLanguage":"cs","potentialAction":[{"@type":"ReadAction","target":["https:\/\/www.oknobuild.com\/index.php\/produkt\/znackovy-oz-sp-d80-nero-ideallux-78105\/"]}]},{"@type":"ImageObject","inLanguage":"cs","@id":"https:\/\/www.oknobuild.com\/index.php\/produkt\/znackovy-oz-sp-d80-nero-ideallux-78105\/#primaryimage","url":"https:\/\/www.oknobuild.com\/wp-content\/uploads\/2026\/SK0016912-CZ20260425-091535-0-1777079743-ILUX-269450.webp","contentUrl":"https:\/\/www.oknobuild.com\/wp-content\/uploads\/2026\/SK0016912-CZ20260425-091535-0-1777079743-ILUX-269450.webp","width":480,"height":480},{"@type":"BreadcrumbList","@id":"https:\/\/www.oknobuild.com\/index.php\/produkt\/znackovy-oz-sp-d80-nero-ideallux-78105\/#breadcrumb","itemListElement":[{"@type":"ListItem","position":1,"name":"Home","item":"https:\/\/www.oknobuild.com\/"},{"@type":"ListItem","position":2,"name":"Products","item":"https:\/\/www.oknobuild.com\/index.php\/products\/"},{"@type":"ListItem","position":3,"name":"Zna\u010dkov\u00fd OZ SP D80 NERO &#8211; IDEALLUX"}]},{"@type":"WebSite","@id":"https:\/\/www.oknobuild.com\/#website","url":"https:\/\/www.oknobuild.com\/","name":"","description":"","potentialAction":[{"@type":"SearchAction","target":{"@type":"EntryPoint","urlTemplate":"https:\/\/www.oknobuild.com\/?s={search_term_string}"},"query-input":{"@type":"PropertyValueSpecification","valueRequired":true,"valueName":"search_term_string"}}],"inLanguage":"cs"}]}},"_links":{"self":[{"href":"https:\/\/www.oknobuild.com\/index.php\/wp-json\/wp\/v2\/product\/78105","targetHints":{"allow":["GET"]}}],"collection":[{"href":"https:\/\/www.oknobuild.com\/index.php\/wp-json\/wp\/v2\/product"}],"about":[{"href":"https:\/\/www.oknobuild.com\/index.php\/wp-json\/wp\/v2\/types\/product"}],"replies":[{"embeddable":true,"href":"https:\/\/www.oknobuild.com\/index.php\/wp-json\/wp\/v2\/comments?post=78105"}],"wp:featuredmedia":[{"embeddable":true,"href":"https:\/\/www.oknobuild.com\/index.php\/wp-json\/wp\/v2\/media\/78205"}],"wp:attachment":[{"href":"https:\/\/www.oknobuild.com\/index.php\/wp-json\/wp\/v2\/media?parent=78105"}],"wp:term":[{"taxonomy":"product_brand","embeddable":true,"href":"https:\/\/www.oknobuild.com\/index.php\/wp-json\/wp\/v2\/product_brand?post=78105"},{"taxonomy":"product_cat","embeddable":true,"href":"https:\/\/www.oknobuild.com\/index.php\/wp-json\/wp\/v2\/product_cat?post=78105"},{"taxonomy":"product_tag","embeddable":true,"href":"https:\/\/www.oknobuild.com\/index.php\/wp-json\/wp\/v2\/product_tag?post=78105"}],"curies":[{"name":"wp","href":"https:\/\/api.w.org\/{rel}","templated":true}]}}