{"id":7891,"date":"2026-04-27T04:40:51","date_gmt":"2026-04-27T04:40:51","guid":{"rendered":""},"modified":"2026-04-27T04:40:51","modified_gmt":"2026-04-27T04:40:51","slug":"sezonni-sleva-stronghands-0251-svarecske-rukavice-vel-10-7891","status":"publish","type":"product","link":"https:\/\/www.oknobuild.com\/index.php\/produkt\/sezonni-sleva-stronghands-0251-svarecske-rukavice-vel-10-7891\/","title":{"rendered":"Sez\u00f3nn\u00ed Sleva StrongHands 0251 sv\u00e1\u0159e\u010dsk\u00e9 rukavice vel. 10"},"content":{"rendered":"<table>\n<div class=\"tab-pane active product-description\" id=\"popis\" role=\"tabpanel\">\n<div class=\"short-description\" itemprop=\"description\"><\/div>\n<div class=\"description\"><span class='bullet-line'>Standard: EN420, EN388 2142<br \/><\/span><span class='bullet-line'>Materi\u00e1l: hov\u011bz\u00ed k\u016f\u017ee, p\u0159\u00edrodn\u00ed barva, dla\u0148 a palec z pln\u00e9 k\u016f\u017ee, zadn\u00ed \u010d\u00e1st ruky a man\u017eeta ze \u0161t\u00edpan\u00e9 k\u016f\u017ee<br \/><\/span><span class='bullet-line'>Oblast pou\u017eit\u00ed: Mechanick\u00e9 pr\u00e1ce v\u0161eho druhu v mont\u00e1\u017ei, pr\u016fmyslu, \u0159emeslech atd.<br \/><\/span><span class='bullet-line'>Tato pevn\u00e1 sv\u00e1\u0159ec\u00ed rukavice je vyrobena z pln\u00e9 hov\u011bz\u00ed k\u016f\u017ee na dlan\u00edch a \u0161t\u00edpan\u00e9 k\u016f\u017ee na zadn\u00ed stran\u011b ruky. <br \/><\/span><span class='bullet-line'>5-prstov\u00e9 sva\u0159ovac\u00ed rukavice jsou proto ide\u00e1ln\u00ed pro jak\u00fdkoli druh sva\u0159ov\u00e1n\u00ed.<\/span><\/div>\n<div class=\"parameters\">\n<tr>\n<td>materi\u00e1l<\/td>\n<td>K\u016f\u017ee hov\u011bz\u00ed, p\u0159\u00edrodn\u00ed barva, dla\u0148 a palec z pln\u00e9 k\u016f\u017ee, zadn\u00ed \u010d\u00e1st ruky a man\u017eeta ze \u0161t\u00edpan\u00e9 k\u016f\u017ee<\/td>\n<\/tr>\n<tr>\n<td>Dal\u0161\u00ed vlastnosti produktu<\/td>\n<td>Pr\u00e9miov\u00e1 kvalita, ochrana proti pulzu, d\u00e9lka cca 28 cm<\/td>\n<\/tr>\n<tr>\n<td>standard<\/td>\n<td>EN420, EN388 2142<\/td>\n<\/tr>\n<tr>\n<td>odolnost proti ot\u011bru<\/td>\n<td>2<\/td>\n<\/tr>\n<tr>\n<td>p\u0159ihl\u00e1\u0161ka<\/td>\n<td>Mechanick\u00e9 pr\u00e1ce v\u0161eho druhu v mont\u00e1\u017ei, pr\u016fmyslu, \u0159emeslech atd.<\/td>\n<\/tr>\n<tr>\n<td>p\u00edchnut\u00ed<\/td>\n<td>2<\/td>\n<\/tr>\n<tr>\n<td>odolnost proti roztr\u017een\u00ed<\/td>\n<td>4<\/td>\n<\/tr>\n<tr>\n<td>odolnost proti pro\u0159ez\u00e1n\u00ed<\/td>\n<td>1<\/td>\n<\/tr><\/div>\n<\/table>\n","protected":false},"excerpt":{"rendered":"<p>Standard: EN420, EN388 2142Materi\u00e1l: hov\u011bz\u00ed k\u016f\u017ee, p\u0159\u00edrodn\u00ed barva, dla\u0148 a palec z pln\u00e9 k\u016f\u017ee, zadn\u00ed \u010d\u00e1st ruky a man\u017eeta ze \u0161t\u00edpan\u00e9 k\u016f\u017eeOblast pou\u017eit\u00ed: Mechanick\u00e9 pr\u00e1ce v\u0161eho druhu v mont\u00e1\u017ei, pr\u016fmyslu, \u0159emeslech atd.Tato pevn\u00e1 sv\u00e1\u0159ec\u00ed rukavice je vyrobena z pln\u00e9 hov\u011bz\u00ed k\u016f\u017ee na dlan\u00edch a \u0161t\u00edpan\u00e9 k\u016f\u017ee na zadn\u00ed stran\u011b ruky. 5-prstov\u00e9 sva\u0159ovac\u00ed rukavice jsou proto [&hellip;]<\/p>\n","protected":false},"featured_media":7991,"comment_status":"open","ping_status":"open","template":"","meta":[],"product_brand":[],"product_cat":[48],"product_tag":[],"class_list":{"0":"post-7891","1":"product","2":"type-product","3":"status-publish","4":"has-post-thumbnail","6":"product_cat-ochranne-pomucky","8":"first","9":"instock","10":"sale","11":"shipping-taxable","12":"purchasable","13":"product-type-simple"},"yoast_head":"<!-- This site is optimized with the Yoast SEO plugin v26.8 - https:\/\/yoast.com\/product\/yoast-seo-wordpress\/ -->\n<title>Sez\u00f3nn\u00ed Sleva StrongHands 0251 sv\u00e1\u0159e\u010dsk\u00e9 rukavice vel. 10 -<\/title>\n<meta name=\"robots\" content=\"index, follow, max-snippet:-1, max-image-preview:large, max-video-preview:-1\" \/>\n<link rel=\"canonical\" href=\"https:\/\/www.oknobuild.com\/index.php\/produkt\/sezonni-sleva-stronghands-0251-svarecske-rukavice-vel-10-7891\/\" \/>\n<meta property=\"og:locale\" content=\"cs_CZ\" \/>\n<meta property=\"og:type\" content=\"article\" \/>\n<meta property=\"og:title\" content=\"Sez\u00f3nn\u00ed Sleva StrongHands 0251 sv\u00e1\u0159e\u010dsk\u00e9 rukavice vel. 10 -\" \/>\n<meta property=\"og:description\" content=\"Standard: EN420, EN388 2142Materi\u00e1l: hov\u011bz\u00ed k\u016f\u017ee, p\u0159\u00edrodn\u00ed barva, dla\u0148 a palec z pln\u00e9 k\u016f\u017ee, zadn\u00ed \u010d\u00e1st ruky a man\u017eeta ze \u0161t\u00edpan\u00e9 k\u016f\u017eeOblast pou\u017eit\u00ed: Mechanick\u00e9 pr\u00e1ce v\u0161eho druhu v mont\u00e1\u017ei, pr\u016fmyslu, \u0159emeslech atd.Tato pevn\u00e1 sv\u00e1\u0159ec\u00ed rukavice je vyrobena z pln\u00e9 hov\u011bz\u00ed k\u016f\u017ee na dlan\u00edch a \u0161t\u00edpan\u00e9 k\u016f\u017ee na zadn\u00ed stran\u011b ruky. 5-prstov\u00e9 sva\u0159ovac\u00ed rukavice jsou proto [&hellip;]\" \/>\n<meta property=\"og:url\" content=\"https:\/\/www.oknobuild.com\/index.php\/produkt\/sezonni-sleva-stronghands-0251-svarecske-rukavice-vel-10-7891\/\" \/>\n<meta property=\"og:image\" content=\"https:\/\/www.oknobuild.com\/wp-content\/uploads\/2026\/SK0018639-CZ20260425-092328-0-1777080210-208277-1_080234.webp\" \/>\n\t<meta property=\"og:image:width\" content=\"800\" \/>\n\t<meta property=\"og:image:height\" content=\"800\" \/>\n\t<meta property=\"og:image:type\" content=\"image\/webp\" \/>\n<meta name=\"twitter:card\" content=\"summary_large_image\" \/>\n<meta name=\"twitter:label1\" content=\"Odhadovan\u00e1 doba \u010dten\u00ed\" \/>\n\t<meta name=\"twitter:data1\" content=\"1 minuta\" \/>\n<script type=\"application\/ld+json\" class=\"yoast-schema-graph\">{\"@context\":\"https:\/\/schema.org\",\"@graph\":[{\"@type\":\"WebPage\",\"@id\":\"https:\/\/www.oknobuild.com\/index.php\/produkt\/sezonni-sleva-stronghands-0251-svarecske-rukavice-vel-10-7891\/\",\"url\":\"https:\/\/www.oknobuild.com\/index.php\/produkt\/sezonni-sleva-stronghands-0251-svarecske-rukavice-vel-10-7891\/\",\"name\":\"Sez\u00f3nn\u00ed Sleva StrongHands 0251 sv\u00e1\u0159e\u010dsk\u00e9 rukavice vel. 10 -\",\"isPartOf\":{\"@id\":\"https:\/\/www.oknobuild.com\/#website\"},\"primaryImageOfPage\":{\"@id\":\"https:\/\/www.oknobuild.com\/index.php\/produkt\/sezonni-sleva-stronghands-0251-svarecske-rukavice-vel-10-7891\/#primaryimage\"},\"image\":{\"@id\":\"https:\/\/www.oknobuild.com\/index.php\/produkt\/sezonni-sleva-stronghands-0251-svarecske-rukavice-vel-10-7891\/#primaryimage\"},\"thumbnailUrl\":\"https:\/\/www.oknobuild.com\/wp-content\/uploads\/2026\/SK0018639-CZ20260425-092328-0-1777080210-208277-1_080234.webp\",\"datePublished\":\"2026-04-27T04:40:51+00:00\",\"breadcrumb\":{\"@id\":\"https:\/\/www.oknobuild.com\/index.php\/produkt\/sezonni-sleva-stronghands-0251-svarecske-rukavice-vel-10-7891\/#breadcrumb\"},\"inLanguage\":\"cs\",\"potentialAction\":[{\"@type\":\"ReadAction\",\"target\":[\"https:\/\/www.oknobuild.com\/index.php\/produkt\/sezonni-sleva-stronghands-0251-svarecske-rukavice-vel-10-7891\/\"]}]},{\"@type\":\"ImageObject\",\"inLanguage\":\"cs\",\"@id\":\"https:\/\/www.oknobuild.com\/index.php\/produkt\/sezonni-sleva-stronghands-0251-svarecske-rukavice-vel-10-7891\/#primaryimage\",\"url\":\"https:\/\/www.oknobuild.com\/wp-content\/uploads\/2026\/SK0018639-CZ20260425-092328-0-1777080210-208277-1_080234.webp\",\"contentUrl\":\"https:\/\/www.oknobuild.com\/wp-content\/uploads\/2026\/SK0018639-CZ20260425-092328-0-1777080210-208277-1_080234.webp\",\"width\":800,\"height\":800},{\"@type\":\"BreadcrumbList\",\"@id\":\"https:\/\/www.oknobuild.com\/index.php\/produkt\/sezonni-sleva-stronghands-0251-svarecske-rukavice-vel-10-7891\/#breadcrumb\",\"itemListElement\":[{\"@type\":\"ListItem\",\"position\":1,\"name\":\"Home\",\"item\":\"https:\/\/www.oknobuild.com\/\"},{\"@type\":\"ListItem\",\"position\":2,\"name\":\"Products\",\"item\":\"https:\/\/www.oknobuild.com\/index.php\/products\/\"},{\"@type\":\"ListItem\",\"position\":3,\"name\":\"Sez\u00f3nn\u00ed Sleva StrongHands 0251 sv\u00e1\u0159e\u010dsk\u00e9 rukavice vel. 10\"}]},{\"@type\":\"WebSite\",\"@id\":\"https:\/\/www.oknobuild.com\/#website\",\"url\":\"https:\/\/www.oknobuild.com\/\",\"name\":\"\",\"description\":\"\",\"potentialAction\":[{\"@type\":\"SearchAction\",\"target\":{\"@type\":\"EntryPoint\",\"urlTemplate\":\"https:\/\/www.oknobuild.com\/?s={search_term_string}\"},\"query-input\":{\"@type\":\"PropertyValueSpecification\",\"valueRequired\":true,\"valueName\":\"search_term_string\"}}],\"inLanguage\":\"cs\"}]}<\/script>\n<!-- \/ Yoast SEO plugin. -->","yoast_head_json":{"title":"Sez\u00f3nn\u00ed Sleva StrongHands 0251 sv\u00e1\u0159e\u010dsk\u00e9 rukavice vel. 10 -","robots":{"index":"index","follow":"follow","max-snippet":"max-snippet:-1","max-image-preview":"max-image-preview:large","max-video-preview":"max-video-preview:-1"},"canonical":"https:\/\/www.oknobuild.com\/index.php\/produkt\/sezonni-sleva-stronghands-0251-svarecske-rukavice-vel-10-7891\/","og_locale":"cs_CZ","og_type":"article","og_title":"Sez\u00f3nn\u00ed Sleva StrongHands 0251 sv\u00e1\u0159e\u010dsk\u00e9 rukavice vel. 10 -","og_description":"Standard: EN420, EN388 2142Materi\u00e1l: hov\u011bz\u00ed k\u016f\u017ee, p\u0159\u00edrodn\u00ed barva, dla\u0148 a palec z pln\u00e9 k\u016f\u017ee, zadn\u00ed \u010d\u00e1st ruky a man\u017eeta ze \u0161t\u00edpan\u00e9 k\u016f\u017eeOblast pou\u017eit\u00ed: Mechanick\u00e9 pr\u00e1ce v\u0161eho druhu v mont\u00e1\u017ei, pr\u016fmyslu, \u0159emeslech atd.Tato pevn\u00e1 sv\u00e1\u0159ec\u00ed rukavice je vyrobena z pln\u00e9 hov\u011bz\u00ed k\u016f\u017ee na dlan\u00edch a \u0161t\u00edpan\u00e9 k\u016f\u017ee na zadn\u00ed stran\u011b ruky. 5-prstov\u00e9 sva\u0159ovac\u00ed rukavice jsou proto [&hellip;]","og_url":"https:\/\/www.oknobuild.com\/index.php\/produkt\/sezonni-sleva-stronghands-0251-svarecske-rukavice-vel-10-7891\/","og_image":[{"width":800,"height":800,"url":"https:\/\/www.oknobuild.com\/wp-content\/uploads\/2026\/SK0018639-CZ20260425-092328-0-1777080210-208277-1_080234.webp","type":"image\/webp"}],"twitter_card":"summary_large_image","twitter_misc":{"Odhadovan\u00e1 doba \u010dten\u00ed":"1 minuta"},"schema":{"@context":"https:\/\/schema.org","@graph":[{"@type":"WebPage","@id":"https:\/\/www.oknobuild.com\/index.php\/produkt\/sezonni-sleva-stronghands-0251-svarecske-rukavice-vel-10-7891\/","url":"https:\/\/www.oknobuild.com\/index.php\/produkt\/sezonni-sleva-stronghands-0251-svarecske-rukavice-vel-10-7891\/","name":"Sez\u00f3nn\u00ed Sleva StrongHands 0251 sv\u00e1\u0159e\u010dsk\u00e9 rukavice vel. 10 -","isPartOf":{"@id":"https:\/\/www.oknobuild.com\/#website"},"primaryImageOfPage":{"@id":"https:\/\/www.oknobuild.com\/index.php\/produkt\/sezonni-sleva-stronghands-0251-svarecske-rukavice-vel-10-7891\/#primaryimage"},"image":{"@id":"https:\/\/www.oknobuild.com\/index.php\/produkt\/sezonni-sleva-stronghands-0251-svarecske-rukavice-vel-10-7891\/#primaryimage"},"thumbnailUrl":"https:\/\/www.oknobuild.com\/wp-content\/uploads\/2026\/SK0018639-CZ20260425-092328-0-1777080210-208277-1_080234.webp","datePublished":"2026-04-27T04:40:51+00:00","breadcrumb":{"@id":"https:\/\/www.oknobuild.com\/index.php\/produkt\/sezonni-sleva-stronghands-0251-svarecske-rukavice-vel-10-7891\/#breadcrumb"},"inLanguage":"cs","potentialAction":[{"@type":"ReadAction","target":["https:\/\/www.oknobuild.com\/index.php\/produkt\/sezonni-sleva-stronghands-0251-svarecske-rukavice-vel-10-7891\/"]}]},{"@type":"ImageObject","inLanguage":"cs","@id":"https:\/\/www.oknobuild.com\/index.php\/produkt\/sezonni-sleva-stronghands-0251-svarecske-rukavice-vel-10-7891\/#primaryimage","url":"https:\/\/www.oknobuild.com\/wp-content\/uploads\/2026\/SK0018639-CZ20260425-092328-0-1777080210-208277-1_080234.webp","contentUrl":"https:\/\/www.oknobuild.com\/wp-content\/uploads\/2026\/SK0018639-CZ20260425-092328-0-1777080210-208277-1_080234.webp","width":800,"height":800},{"@type":"BreadcrumbList","@id":"https:\/\/www.oknobuild.com\/index.php\/produkt\/sezonni-sleva-stronghands-0251-svarecske-rukavice-vel-10-7891\/#breadcrumb","itemListElement":[{"@type":"ListItem","position":1,"name":"Home","item":"https:\/\/www.oknobuild.com\/"},{"@type":"ListItem","position":2,"name":"Products","item":"https:\/\/www.oknobuild.com\/index.php\/products\/"},{"@type":"ListItem","position":3,"name":"Sez\u00f3nn\u00ed Sleva StrongHands 0251 sv\u00e1\u0159e\u010dsk\u00e9 rukavice vel. 10"}]},{"@type":"WebSite","@id":"https:\/\/www.oknobuild.com\/#website","url":"https:\/\/www.oknobuild.com\/","name":"","description":"","potentialAction":[{"@type":"SearchAction","target":{"@type":"EntryPoint","urlTemplate":"https:\/\/www.oknobuild.com\/?s={search_term_string}"},"query-input":{"@type":"PropertyValueSpecification","valueRequired":true,"valueName":"search_term_string"}}],"inLanguage":"cs"}]}},"_links":{"self":[{"href":"https:\/\/www.oknobuild.com\/index.php\/wp-json\/wp\/v2\/product\/7891","targetHints":{"allow":["GET"]}}],"collection":[{"href":"https:\/\/www.oknobuild.com\/index.php\/wp-json\/wp\/v2\/product"}],"about":[{"href":"https:\/\/www.oknobuild.com\/index.php\/wp-json\/wp\/v2\/types\/product"}],"replies":[{"embeddable":true,"href":"https:\/\/www.oknobuild.com\/index.php\/wp-json\/wp\/v2\/comments?post=7891"}],"wp:featuredmedia":[{"embeddable":true,"href":"https:\/\/www.oknobuild.com\/index.php\/wp-json\/wp\/v2\/media\/7991"}],"wp:attachment":[{"href":"https:\/\/www.oknobuild.com\/index.php\/wp-json\/wp\/v2\/media?parent=7891"}],"wp:term":[{"taxonomy":"product_brand","embeddable":true,"href":"https:\/\/www.oknobuild.com\/index.php\/wp-json\/wp\/v2\/product_brand?post=7891"},{"taxonomy":"product_cat","embeddable":true,"href":"https:\/\/www.oknobuild.com\/index.php\/wp-json\/wp\/v2\/product_cat?post=7891"},{"taxonomy":"product_tag","embeddable":true,"href":"https:\/\/www.oknobuild.com\/index.php\/wp-json\/wp\/v2\/product_tag?post=7891"}],"curies":[{"name":"wp","href":"https:\/\/api.w.org\/{rel}","templated":true}]}}