{"id":7904,"date":"2026-04-27T04:40:51","date_gmt":"2026-04-27T04:40:51","guid":{"rendered":""},"modified":"2026-04-27T04:40:51","modified_gmt":"2026-04-27T04:40:51","slug":"zlevneny-gardena-rukavice-na-sazeni-rostlin-comfort-vel-10-xl-0208-20-7904","status":"publish","type":"product","link":"https:\/\/www.oknobuild.com\/index.php\/produkt\/zlevneny-gardena-rukavice-na-sazeni-rostlin-comfort-vel-10-xl-0208-20-7904\/","title":{"rendered":"Zlevn\u011bn\u00fd GARDENA rukavice na s\u00e1zen\u00ed rostlin Comfort, vel. 10 \/ XL 0208-20"},"content":{"rendered":"<table>\n<div class=\"tab-pane active product-description\" id=\"popis\" role=\"tabpanel\">\n<div class=\"short-description\" itemprop=\"description\"><\/div>\n<div class=\"description\">\n<p>\u25ba Netoxick\u00e9 materi\u00e1ly<span class=\"bullet-line\">Kvalita GARDENA znamen\u00e1 netoxick\u00e1 kvalita.&nbsp;<\/span><br \/><span class=\"bullet-line\">V\u0161echny materi\u00e1ly zaru\u010duj\u00ed p\u0159\u00edjemn\u00e9 no\u0161en\u00ed a dlouhou \u017eivotnost.<\/span><br \/>\u25ba Optim\u00e1ln\u00ed pohodl\u00ed p\u0159i no\u0161en\u00ed<span class=\"bullet-line\">P\u0159i ve\u0161ker\u00fdch prac\u00edch se sou\u010dasn\u00fdmi vysok\u00fdmi n\u00e1roky na komfort p\u0159i no\u0161en\u00ed, zaru\u010duje GARDENA trvanliv\u00fd, prody\u0161n\u00fd kvalitn\u00ed materi\u00e1l a v\u00fdborn\u011b zpracovan\u00e9 kone\u010dky prst\u016f pro perfektn\u00ed tvar.<\/span><br \/>\u25ba Bezpe\u010dnost<span class=\"bullet-line\">V\u00fdb\u011brov\u00e9, trvanliv\u00e9 materi\u00e1ly a vyztu\u017een\u00e9 kone\u010dky prst\u016f nab\u00edz\u00ed skv\u011bl\u00fd pocit a optim\u00e1ln\u00ed ochranu p\u0159i s\u00e1zen\u00ed nebo prov\u00e1d\u011bn\u00ed jin\u00fdch zahradn\u00edch prac\u00ed.<\/span><br \/>\u25ba Modern\u00ed, atraktivn\u00ed design<span class=\"bullet-line\">Rukavice na s\u00e1zen\u00ed rostlin a pro pr\u00e1ci s p\u016fdou se vyzna\u010duj\u00ed nejen vysokou funk\u010dnost\u00ed, ale tak\u00e9 atraktivn\u00edm designem a skv\u011bl\u00fdm tvarem.&nbsp;<\/span><br \/><span class=\"bullet-line\">Struktura, tvar a barvy spolu skv\u011ble harmonizuj\u00ed.<\/span><br \/>\u25ba P\u0159esv\u011bd\u010div\u00e1 funk\u010dnost<span class=\"bullet-line\">Neklouzav\u00e1 a vodu odpuzuj\u00edc\u00ed latexov\u00e1 vrstva udr\u017euje ruce p\u0159i pr\u00e1ci ve vlhk\u00fdch p\u016fd\u00e1ch such\u00e9 a \u010dist\u00e9 a nab\u00edz\u00ed optim\u00e1ln\u00ed p\u0159ilnavost p\u0159i pr\u00e1ci se zahradn\u00edm n\u00e1\u0159ad\u00ed.<\/span><br \/><span class=\"bullet-line\">GARDENA rukavice pro zahradn\u00ed pr\u00e1ce a pr\u00e1ce s p\u016fdou poskytuj\u00ed speci\u00e1ln\u00ed ochranu p\u0159ed mnoha n\u00e1ro\u010dn\u00fdmi \u00fakoly a tam, kde by mohlo b\u00fdt vlhko.&nbsp;<\/span><br \/><span class=\"bullet-line\">Neklouzav\u00fd a vodoodpudiv\u00fd latexov\u00fd povrch na dlan\u00edch a kone\u010dc\u00edch prst\u016f umo\u017e\u0148uje skv\u011bl\u00fd \u00fachop b\u011bhem pr\u00e1ce.&nbsp;<\/span><br \/><span class=\"bullet-line\">A z\u00e1rove\u0148, latexov\u00e1 vrstva zajist\u00ed, \u017ee va\u0161e ruce z\u016fstanou such\u00e9 a \u010dist\u00e9 &#8211; hlavn\u011b p\u0159i s\u00e1zen\u00ed do vlhk\u00e9 p\u016fdy.&nbsp;<\/span><br \/><span class=\"bullet-line\">Vyztu\u017een\u00e9 kone\u010dky prst\u016f chr\u00e1n\u00ed p\u0159ed ne\u010distotami a vlhkem a umo\u017e\u0148uj\u00ed jemnou pr\u00e1ci s rostlinami a p\u016fdou.&nbsp;<\/span><br \/><span class=\"bullet-line\">Pe\u010dliv\u00fd v\u00fdb\u011br a elastick\u00fd pleten\u00fd materi\u00e1l zaru\u010duje perfektn\u00ed tvar, komfort p\u0159i no\u0161en\u00ed a prody\u0161nost.&nbsp;<\/span><br \/><span class=\"bullet-line\">Znamen\u00e1 to, \u017ee va\u0161e ruce se nebudou potit!<\/span><\/p>\n<\/div>\n<\/table>\n","protected":false},"excerpt":{"rendered":"<p>\u25ba Netoxick\u00e9 materi\u00e1lyKvalita GARDENA znamen\u00e1 netoxick\u00e1 kvalita.&nbsp;V\u0161echny materi\u00e1ly zaru\u010duj\u00ed p\u0159\u00edjemn\u00e9 no\u0161en\u00ed a dlouhou \u017eivotnost.\u25ba Optim\u00e1ln\u00ed pohodl\u00ed p\u0159i no\u0161en\u00edP\u0159i ve\u0161ker\u00fdch prac\u00edch se sou\u010dasn\u00fdmi vysok\u00fdmi n\u00e1roky na komfort p\u0159i no\u0161en\u00ed, zaru\u010duje GARDENA trvanliv\u00fd, prody\u0161n\u00fd kvalitn\u00ed materi\u00e1l a v\u00fdborn\u011b zpracovan\u00e9 kone\u010dky prst\u016f pro perfektn\u00ed tvar.\u25ba Bezpe\u010dnostV\u00fdb\u011brov\u00e9, trvanliv\u00e9 materi\u00e1ly a vyztu\u017een\u00e9 kone\u010dky prst\u016f nab\u00edz\u00ed skv\u011bl\u00fd pocit a optim\u00e1ln\u00ed ochranu [&hellip;]<\/p>\n","protected":false},"featured_media":8004,"comment_status":"open","ping_status":"open","template":"","meta":[],"product_brand":[],"product_cat":[33],"product_tag":[],"class_list":{"0":"post-7904","1":"product","2":"type-product","3":"status-publish","4":"has-post-thumbnail","6":"product_cat-zahrada","8":"first","9":"instock","10":"sale","11":"shipping-taxable","12":"purchasable","13":"product-type-simple"},"yoast_head":"<!-- This site is optimized with the Yoast SEO plugin v26.8 - https:\/\/yoast.com\/product\/yoast-seo-wordpress\/ -->\n<title>Zlevn\u011bn\u00fd GARDENA rukavice na s\u00e1zen\u00ed rostlin Comfort, vel. 10 \/ XL 0208-20 -<\/title>\n<meta name=\"robots\" content=\"index, follow, max-snippet:-1, max-image-preview:large, max-video-preview:-1\" \/>\n<link rel=\"canonical\" href=\"https:\/\/www.oknobuild.com\/index.php\/produkt\/zlevneny-gardena-rukavice-na-sazeni-rostlin-comfort-vel-10-xl-0208-20-7904\/\" \/>\n<meta property=\"og:locale\" content=\"cs_CZ\" \/>\n<meta property=\"og:type\" content=\"article\" \/>\n<meta property=\"og:title\" content=\"Zlevn\u011bn\u00fd GARDENA rukavice na s\u00e1zen\u00ed rostlin Comfort, vel. 10 \/ XL 0208-20 -\" \/>\n<meta property=\"og:description\" content=\"\u25ba Netoxick\u00e9 materi\u00e1lyKvalita GARDENA znamen\u00e1 netoxick\u00e1 kvalita.&nbsp;V\u0161echny materi\u00e1ly zaru\u010duj\u00ed p\u0159\u00edjemn\u00e9 no\u0161en\u00ed a dlouhou \u017eivotnost.\u25ba Optim\u00e1ln\u00ed pohodl\u00ed p\u0159i no\u0161en\u00edP\u0159i ve\u0161ker\u00fdch prac\u00edch se sou\u010dasn\u00fdmi vysok\u00fdmi n\u00e1roky na komfort p\u0159i no\u0161en\u00ed, zaru\u010duje GARDENA trvanliv\u00fd, prody\u0161n\u00fd kvalitn\u00ed materi\u00e1l a v\u00fdborn\u011b zpracovan\u00e9 kone\u010dky prst\u016f pro perfektn\u00ed tvar.\u25ba Bezpe\u010dnostV\u00fdb\u011brov\u00e9, trvanliv\u00e9 materi\u00e1ly a vyztu\u017een\u00e9 kone\u010dky prst\u016f nab\u00edz\u00ed skv\u011bl\u00fd pocit a optim\u00e1ln\u00ed ochranu [&hellip;]\" \/>\n<meta property=\"og:url\" content=\"https:\/\/www.oknobuild.com\/index.php\/produkt\/zlevneny-gardena-rukavice-na-sazeni-rostlin-comfort-vel-10-xl-0208-20-7904\/\" \/>\n<meta property=\"og:image\" content=\"https:\/\/www.oknobuild.com\/wp-content\/uploads\/2026\/SK0018652-CZ20260425-092328-0-1777080210-208509-1_145925.ashx.webp\" \/>\n\t<meta property=\"og:image:width\" content=\"607\" \/>\n\t<meta property=\"og:image:height\" content=\"530\" \/>\n\t<meta property=\"og:image:type\" content=\"image\/webp\" \/>\n<meta name=\"twitter:card\" content=\"summary_large_image\" \/>\n<meta name=\"twitter:label1\" content=\"Odhadovan\u00e1 doba \u010dten\u00ed\" \/>\n\t<meta name=\"twitter:data1\" content=\"2 minuty\" \/>\n<script type=\"application\/ld+json\" class=\"yoast-schema-graph\">{\"@context\":\"https:\/\/schema.org\",\"@graph\":[{\"@type\":\"WebPage\",\"@id\":\"https:\/\/www.oknobuild.com\/index.php\/produkt\/zlevneny-gardena-rukavice-na-sazeni-rostlin-comfort-vel-10-xl-0208-20-7904\/\",\"url\":\"https:\/\/www.oknobuild.com\/index.php\/produkt\/zlevneny-gardena-rukavice-na-sazeni-rostlin-comfort-vel-10-xl-0208-20-7904\/\",\"name\":\"Zlevn\u011bn\u00fd GARDENA rukavice na s\u00e1zen\u00ed rostlin Comfort, vel. 10 \/ XL 0208-20 -\",\"isPartOf\":{\"@id\":\"https:\/\/www.oknobuild.com\/#website\"},\"primaryImageOfPage\":{\"@id\":\"https:\/\/www.oknobuild.com\/index.php\/produkt\/zlevneny-gardena-rukavice-na-sazeni-rostlin-comfort-vel-10-xl-0208-20-7904\/#primaryimage\"},\"image\":{\"@id\":\"https:\/\/www.oknobuild.com\/index.php\/produkt\/zlevneny-gardena-rukavice-na-sazeni-rostlin-comfort-vel-10-xl-0208-20-7904\/#primaryimage\"},\"thumbnailUrl\":\"https:\/\/www.oknobuild.com\/wp-content\/uploads\/2026\/SK0018652-CZ20260425-092328-0-1777080210-208509-1_145925.ashx.webp\",\"datePublished\":\"2026-04-27T04:40:51+00:00\",\"breadcrumb\":{\"@id\":\"https:\/\/www.oknobuild.com\/index.php\/produkt\/zlevneny-gardena-rukavice-na-sazeni-rostlin-comfort-vel-10-xl-0208-20-7904\/#breadcrumb\"},\"inLanguage\":\"cs\",\"potentialAction\":[{\"@type\":\"ReadAction\",\"target\":[\"https:\/\/www.oknobuild.com\/index.php\/produkt\/zlevneny-gardena-rukavice-na-sazeni-rostlin-comfort-vel-10-xl-0208-20-7904\/\"]}]},{\"@type\":\"ImageObject\",\"inLanguage\":\"cs\",\"@id\":\"https:\/\/www.oknobuild.com\/index.php\/produkt\/zlevneny-gardena-rukavice-na-sazeni-rostlin-comfort-vel-10-xl-0208-20-7904\/#primaryimage\",\"url\":\"https:\/\/www.oknobuild.com\/wp-content\/uploads\/2026\/SK0018652-CZ20260425-092328-0-1777080210-208509-1_145925.ashx.webp\",\"contentUrl\":\"https:\/\/www.oknobuild.com\/wp-content\/uploads\/2026\/SK0018652-CZ20260425-092328-0-1777080210-208509-1_145925.ashx.webp\",\"width\":607,\"height\":530},{\"@type\":\"BreadcrumbList\",\"@id\":\"https:\/\/www.oknobuild.com\/index.php\/produkt\/zlevneny-gardena-rukavice-na-sazeni-rostlin-comfort-vel-10-xl-0208-20-7904\/#breadcrumb\",\"itemListElement\":[{\"@type\":\"ListItem\",\"position\":1,\"name\":\"Home\",\"item\":\"https:\/\/www.oknobuild.com\/\"},{\"@type\":\"ListItem\",\"position\":2,\"name\":\"Products\",\"item\":\"https:\/\/www.oknobuild.com\/index.php\/products\/\"},{\"@type\":\"ListItem\",\"position\":3,\"name\":\"Zlevn\u011bn\u00fd GARDENA rukavice na s\u00e1zen\u00ed rostlin Comfort, vel. 10 \/ XL 0208-20\"}]},{\"@type\":\"WebSite\",\"@id\":\"https:\/\/www.oknobuild.com\/#website\",\"url\":\"https:\/\/www.oknobuild.com\/\",\"name\":\"\",\"description\":\"\",\"potentialAction\":[{\"@type\":\"SearchAction\",\"target\":{\"@type\":\"EntryPoint\",\"urlTemplate\":\"https:\/\/www.oknobuild.com\/?s={search_term_string}\"},\"query-input\":{\"@type\":\"PropertyValueSpecification\",\"valueRequired\":true,\"valueName\":\"search_term_string\"}}],\"inLanguage\":\"cs\"}]}<\/script>\n<!-- \/ Yoast SEO plugin. -->","yoast_head_json":{"title":"Zlevn\u011bn\u00fd GARDENA rukavice na s\u00e1zen\u00ed rostlin Comfort, vel. 10 \/ XL 0208-20 -","robots":{"index":"index","follow":"follow","max-snippet":"max-snippet:-1","max-image-preview":"max-image-preview:large","max-video-preview":"max-video-preview:-1"},"canonical":"https:\/\/www.oknobuild.com\/index.php\/produkt\/zlevneny-gardena-rukavice-na-sazeni-rostlin-comfort-vel-10-xl-0208-20-7904\/","og_locale":"cs_CZ","og_type":"article","og_title":"Zlevn\u011bn\u00fd GARDENA rukavice na s\u00e1zen\u00ed rostlin Comfort, vel. 10 \/ XL 0208-20 -","og_description":"\u25ba Netoxick\u00e9 materi\u00e1lyKvalita GARDENA znamen\u00e1 netoxick\u00e1 kvalita.&nbsp;V\u0161echny materi\u00e1ly zaru\u010duj\u00ed p\u0159\u00edjemn\u00e9 no\u0161en\u00ed a dlouhou \u017eivotnost.\u25ba Optim\u00e1ln\u00ed pohodl\u00ed p\u0159i no\u0161en\u00edP\u0159i ve\u0161ker\u00fdch prac\u00edch se sou\u010dasn\u00fdmi vysok\u00fdmi n\u00e1roky na komfort p\u0159i no\u0161en\u00ed, zaru\u010duje GARDENA trvanliv\u00fd, prody\u0161n\u00fd kvalitn\u00ed materi\u00e1l a v\u00fdborn\u011b zpracovan\u00e9 kone\u010dky prst\u016f pro perfektn\u00ed tvar.\u25ba Bezpe\u010dnostV\u00fdb\u011brov\u00e9, trvanliv\u00e9 materi\u00e1ly a vyztu\u017een\u00e9 kone\u010dky prst\u016f nab\u00edz\u00ed skv\u011bl\u00fd pocit a optim\u00e1ln\u00ed ochranu [&hellip;]","og_url":"https:\/\/www.oknobuild.com\/index.php\/produkt\/zlevneny-gardena-rukavice-na-sazeni-rostlin-comfort-vel-10-xl-0208-20-7904\/","og_image":[{"width":607,"height":530,"url":"https:\/\/www.oknobuild.com\/wp-content\/uploads\/2026\/SK0018652-CZ20260425-092328-0-1777080210-208509-1_145925.ashx.webp","type":"image\/webp"}],"twitter_card":"summary_large_image","twitter_misc":{"Odhadovan\u00e1 doba \u010dten\u00ed":"2 minuty"},"schema":{"@context":"https:\/\/schema.org","@graph":[{"@type":"WebPage","@id":"https:\/\/www.oknobuild.com\/index.php\/produkt\/zlevneny-gardena-rukavice-na-sazeni-rostlin-comfort-vel-10-xl-0208-20-7904\/","url":"https:\/\/www.oknobuild.com\/index.php\/produkt\/zlevneny-gardena-rukavice-na-sazeni-rostlin-comfort-vel-10-xl-0208-20-7904\/","name":"Zlevn\u011bn\u00fd GARDENA rukavice na s\u00e1zen\u00ed rostlin Comfort, vel. 10 \/ XL 0208-20 -","isPartOf":{"@id":"https:\/\/www.oknobuild.com\/#website"},"primaryImageOfPage":{"@id":"https:\/\/www.oknobuild.com\/index.php\/produkt\/zlevneny-gardena-rukavice-na-sazeni-rostlin-comfort-vel-10-xl-0208-20-7904\/#primaryimage"},"image":{"@id":"https:\/\/www.oknobuild.com\/index.php\/produkt\/zlevneny-gardena-rukavice-na-sazeni-rostlin-comfort-vel-10-xl-0208-20-7904\/#primaryimage"},"thumbnailUrl":"https:\/\/www.oknobuild.com\/wp-content\/uploads\/2026\/SK0018652-CZ20260425-092328-0-1777080210-208509-1_145925.ashx.webp","datePublished":"2026-04-27T04:40:51+00:00","breadcrumb":{"@id":"https:\/\/www.oknobuild.com\/index.php\/produkt\/zlevneny-gardena-rukavice-na-sazeni-rostlin-comfort-vel-10-xl-0208-20-7904\/#breadcrumb"},"inLanguage":"cs","potentialAction":[{"@type":"ReadAction","target":["https:\/\/www.oknobuild.com\/index.php\/produkt\/zlevneny-gardena-rukavice-na-sazeni-rostlin-comfort-vel-10-xl-0208-20-7904\/"]}]},{"@type":"ImageObject","inLanguage":"cs","@id":"https:\/\/www.oknobuild.com\/index.php\/produkt\/zlevneny-gardena-rukavice-na-sazeni-rostlin-comfort-vel-10-xl-0208-20-7904\/#primaryimage","url":"https:\/\/www.oknobuild.com\/wp-content\/uploads\/2026\/SK0018652-CZ20260425-092328-0-1777080210-208509-1_145925.ashx.webp","contentUrl":"https:\/\/www.oknobuild.com\/wp-content\/uploads\/2026\/SK0018652-CZ20260425-092328-0-1777080210-208509-1_145925.ashx.webp","width":607,"height":530},{"@type":"BreadcrumbList","@id":"https:\/\/www.oknobuild.com\/index.php\/produkt\/zlevneny-gardena-rukavice-na-sazeni-rostlin-comfort-vel-10-xl-0208-20-7904\/#breadcrumb","itemListElement":[{"@type":"ListItem","position":1,"name":"Home","item":"https:\/\/www.oknobuild.com\/"},{"@type":"ListItem","position":2,"name":"Products","item":"https:\/\/www.oknobuild.com\/index.php\/products\/"},{"@type":"ListItem","position":3,"name":"Zlevn\u011bn\u00fd GARDENA rukavice na s\u00e1zen\u00ed rostlin Comfort, vel. 10 \/ XL 0208-20"}]},{"@type":"WebSite","@id":"https:\/\/www.oknobuild.com\/#website","url":"https:\/\/www.oknobuild.com\/","name":"","description":"","potentialAction":[{"@type":"SearchAction","target":{"@type":"EntryPoint","urlTemplate":"https:\/\/www.oknobuild.com\/?s={search_term_string}"},"query-input":{"@type":"PropertyValueSpecification","valueRequired":true,"valueName":"search_term_string"}}],"inLanguage":"cs"}]}},"_links":{"self":[{"href":"https:\/\/www.oknobuild.com\/index.php\/wp-json\/wp\/v2\/product\/7904","targetHints":{"allow":["GET"]}}],"collection":[{"href":"https:\/\/www.oknobuild.com\/index.php\/wp-json\/wp\/v2\/product"}],"about":[{"href":"https:\/\/www.oknobuild.com\/index.php\/wp-json\/wp\/v2\/types\/product"}],"replies":[{"embeddable":true,"href":"https:\/\/www.oknobuild.com\/index.php\/wp-json\/wp\/v2\/comments?post=7904"}],"wp:featuredmedia":[{"embeddable":true,"href":"https:\/\/www.oknobuild.com\/index.php\/wp-json\/wp\/v2\/media\/8004"}],"wp:attachment":[{"href":"https:\/\/www.oknobuild.com\/index.php\/wp-json\/wp\/v2\/media?parent=7904"}],"wp:term":[{"taxonomy":"product_brand","embeddable":true,"href":"https:\/\/www.oknobuild.com\/index.php\/wp-json\/wp\/v2\/product_brand?post=7904"},{"taxonomy":"product_cat","embeddable":true,"href":"https:\/\/www.oknobuild.com\/index.php\/wp-json\/wp\/v2\/product_cat?post=7904"},{"taxonomy":"product_tag","embeddable":true,"href":"https:\/\/www.oknobuild.com\/index.php\/wp-json\/wp\/v2\/product_tag?post=7904"}],"curies":[{"name":"wp","href":"https:\/\/api.w.org\/{rel}","templated":true}]}}