{"id":7912,"date":"2026-04-27T04:40:51","date_gmt":"2026-04-27T04:40:51","guid":{"rendered":""},"modified":"2026-04-27T04:40:51","modified_gmt":"2026-04-27T04:40:51","slug":"gardena-0990-20-cl-myci-kartac-akce-novinka-7912","status":"publish","type":"product","link":"https:\/\/www.oknobuild.com\/index.php\/produkt\/gardena-0990-20-cl-myci-kartac-akce-novinka-7912\/","title":{"rendered":"Gardena 0990-20 cl-myc\u00ed kart\u00e1\u010d &#8211; akce Novinka"},"content":{"rendered":"<table>\n<div class=\"tab-pane active product-description\" id=\"popis\" role=\"tabpanel\">\n<div class=\"short-description\" itemprop=\"description\"><\/div>\n<div class=\"description\">\u25ba Z\u00e1ruka v trv\u00e1n\u00ed 5 let je d\u016fkazem vysok\u00e9 kvality<span class='bullet-line'>Podrobnosti o podm\u00ednk\u00e1ch z\u00e1ruky najdete v p\u0159ilo\u017een\u00e9m n\u00e1vodu k pou\u017eit\u00ed nebo online na www.gardena.com\/warranty. <\/span><span class='bullet-line'>Tato z\u00e1ruka nem\u00e1 vliv na va\u0161e z\u00e1konn\u00e9 z\u00e1ru\u010dn\u00ed n\u00e1roky.<\/span><\/div>\n<div class=\"parameters\">\n<tr>\n<td>Z\u00e1ruka spole\u010dnosti Gardena<\/td>\n<td>Z\u00e1ruka 5 let<\/td>\n<\/tr><\/div>\n<\/table>\n","protected":false},"excerpt":{"rendered":"<p>\u25ba Z\u00e1ruka v trv\u00e1n\u00ed 5 let je d\u016fkazem vysok\u00e9 kvalityPodrobnosti o podm\u00ednk\u00e1ch z\u00e1ruky najdete v p\u0159ilo\u017een\u00e9m n\u00e1vodu k pou\u017eit\u00ed nebo online na www.gardena.com\/warranty. Tato z\u00e1ruka nem\u00e1 vliv na va\u0161e z\u00e1konn\u00e9 z\u00e1ru\u010dn\u00ed n\u00e1roky. Z\u00e1ruka spole\u010dnosti Gardena Z\u00e1ruka 5 let<\/p>\n","protected":false},"featured_media":8012,"comment_status":"open","ping_status":"open","template":"","meta":[],"product_brand":[],"product_cat":[49],"product_tag":[],"class_list":{"0":"post-7912","1":"product","2":"type-product","3":"status-publish","4":"has-post-thumbnail","6":"product_cat-cistici-technika","8":"first","9":"instock","10":"sale","11":"shipping-taxable","12":"purchasable","13":"product-type-simple"},"yoast_head":"<!-- This site is optimized with the Yoast SEO plugin v26.8 - https:\/\/yoast.com\/product\/yoast-seo-wordpress\/ -->\n<title>Gardena 0990-20 cl-myc\u00ed kart\u00e1\u010d - akce Novinka -<\/title>\n<meta name=\"robots\" content=\"index, follow, max-snippet:-1, max-image-preview:large, max-video-preview:-1\" \/>\n<link rel=\"canonical\" href=\"https:\/\/www.oknobuild.com\/index.php\/produkt\/gardena-0990-20-cl-myci-kartac-akce-novinka-7912\/\" \/>\n<meta property=\"og:locale\" content=\"cs_CZ\" \/>\n<meta property=\"og:type\" content=\"article\" \/>\n<meta property=\"og:title\" content=\"Gardena 0990-20 cl-myc\u00ed kart\u00e1\u010d - akce Novinka -\" \/>\n<meta property=\"og:description\" content=\"\u25ba Z\u00e1ruka v trv\u00e1n\u00ed 5 let je d\u016fkazem vysok\u00e9 kvalityPodrobnosti o podm\u00ednk\u00e1ch z\u00e1ruky najdete v p\u0159ilo\u017een\u00e9m n\u00e1vodu k pou\u017eit\u00ed nebo online na www.gardena.com\/warranty. Tato z\u00e1ruka nem\u00e1 vliv na va\u0161e z\u00e1konn\u00e9 z\u00e1ru\u010dn\u00ed n\u00e1roky. Z\u00e1ruka spole\u010dnosti Gardena Z\u00e1ruka 5 let\" \/>\n<meta property=\"og:url\" content=\"https:\/\/www.oknobuild.com\/index.php\/produkt\/gardena-0990-20-cl-myci-kartac-akce-novinka-7912\/\" \/>\n<meta property=\"og:image\" content=\"https:\/\/www.oknobuild.com\/wp-content\/uploads\/2026\/SK0018660-CZ20260425-092328-0-1777080210-208525-1_140226.ashx.webp\" \/>\n\t<meta property=\"og:image:width\" content=\"850\" \/>\n\t<meta property=\"og:image:height\" content=\"504\" \/>\n\t<meta property=\"og:image:type\" content=\"image\/webp\" \/>\n<meta name=\"twitter:card\" content=\"summary_large_image\" \/>\n<script type=\"application\/ld+json\" class=\"yoast-schema-graph\">{\"@context\":\"https:\/\/schema.org\",\"@graph\":[{\"@type\":\"WebPage\",\"@id\":\"https:\/\/www.oknobuild.com\/index.php\/produkt\/gardena-0990-20-cl-myci-kartac-akce-novinka-7912\/\",\"url\":\"https:\/\/www.oknobuild.com\/index.php\/produkt\/gardena-0990-20-cl-myci-kartac-akce-novinka-7912\/\",\"name\":\"Gardena 0990-20 cl-myc\u00ed kart\u00e1\u010d - akce Novinka -\",\"isPartOf\":{\"@id\":\"https:\/\/www.oknobuild.com\/#website\"},\"primaryImageOfPage\":{\"@id\":\"https:\/\/www.oknobuild.com\/index.php\/produkt\/gardena-0990-20-cl-myci-kartac-akce-novinka-7912\/#primaryimage\"},\"image\":{\"@id\":\"https:\/\/www.oknobuild.com\/index.php\/produkt\/gardena-0990-20-cl-myci-kartac-akce-novinka-7912\/#primaryimage\"},\"thumbnailUrl\":\"https:\/\/www.oknobuild.com\/wp-content\/uploads\/2026\/SK0018660-CZ20260425-092328-0-1777080210-208525-1_140226.ashx.webp\",\"datePublished\":\"2026-04-27T04:40:51+00:00\",\"breadcrumb\":{\"@id\":\"https:\/\/www.oknobuild.com\/index.php\/produkt\/gardena-0990-20-cl-myci-kartac-akce-novinka-7912\/#breadcrumb\"},\"inLanguage\":\"cs\",\"potentialAction\":[{\"@type\":\"ReadAction\",\"target\":[\"https:\/\/www.oknobuild.com\/index.php\/produkt\/gardena-0990-20-cl-myci-kartac-akce-novinka-7912\/\"]}]},{\"@type\":\"ImageObject\",\"inLanguage\":\"cs\",\"@id\":\"https:\/\/www.oknobuild.com\/index.php\/produkt\/gardena-0990-20-cl-myci-kartac-akce-novinka-7912\/#primaryimage\",\"url\":\"https:\/\/www.oknobuild.com\/wp-content\/uploads\/2026\/SK0018660-CZ20260425-092328-0-1777080210-208525-1_140226.ashx.webp\",\"contentUrl\":\"https:\/\/www.oknobuild.com\/wp-content\/uploads\/2026\/SK0018660-CZ20260425-092328-0-1777080210-208525-1_140226.ashx.webp\",\"width\":850,\"height\":504},{\"@type\":\"BreadcrumbList\",\"@id\":\"https:\/\/www.oknobuild.com\/index.php\/produkt\/gardena-0990-20-cl-myci-kartac-akce-novinka-7912\/#breadcrumb\",\"itemListElement\":[{\"@type\":\"ListItem\",\"position\":1,\"name\":\"Home\",\"item\":\"https:\/\/www.oknobuild.com\/\"},{\"@type\":\"ListItem\",\"position\":2,\"name\":\"Products\",\"item\":\"https:\/\/www.oknobuild.com\/index.php\/products\/\"},{\"@type\":\"ListItem\",\"position\":3,\"name\":\"Gardena 0990-20 cl-myc\u00ed kart\u00e1\u010d &#8211; akce Novinka\"}]},{\"@type\":\"WebSite\",\"@id\":\"https:\/\/www.oknobuild.com\/#website\",\"url\":\"https:\/\/www.oknobuild.com\/\",\"name\":\"\",\"description\":\"\",\"potentialAction\":[{\"@type\":\"SearchAction\",\"target\":{\"@type\":\"EntryPoint\",\"urlTemplate\":\"https:\/\/www.oknobuild.com\/?s={search_term_string}\"},\"query-input\":{\"@type\":\"PropertyValueSpecification\",\"valueRequired\":true,\"valueName\":\"search_term_string\"}}],\"inLanguage\":\"cs\"}]}<\/script>\n<!-- \/ Yoast SEO plugin. -->","yoast_head_json":{"title":"Gardena 0990-20 cl-myc\u00ed kart\u00e1\u010d - akce Novinka -","robots":{"index":"index","follow":"follow","max-snippet":"max-snippet:-1","max-image-preview":"max-image-preview:large","max-video-preview":"max-video-preview:-1"},"canonical":"https:\/\/www.oknobuild.com\/index.php\/produkt\/gardena-0990-20-cl-myci-kartac-akce-novinka-7912\/","og_locale":"cs_CZ","og_type":"article","og_title":"Gardena 0990-20 cl-myc\u00ed kart\u00e1\u010d - akce Novinka -","og_description":"\u25ba Z\u00e1ruka v trv\u00e1n\u00ed 5 let je d\u016fkazem vysok\u00e9 kvalityPodrobnosti o podm\u00ednk\u00e1ch z\u00e1ruky najdete v p\u0159ilo\u017een\u00e9m n\u00e1vodu k pou\u017eit\u00ed nebo online na www.gardena.com\/warranty. Tato z\u00e1ruka nem\u00e1 vliv na va\u0161e z\u00e1konn\u00e9 z\u00e1ru\u010dn\u00ed n\u00e1roky. Z\u00e1ruka spole\u010dnosti Gardena Z\u00e1ruka 5 let","og_url":"https:\/\/www.oknobuild.com\/index.php\/produkt\/gardena-0990-20-cl-myci-kartac-akce-novinka-7912\/","og_image":[{"width":850,"height":504,"url":"https:\/\/www.oknobuild.com\/wp-content\/uploads\/2026\/SK0018660-CZ20260425-092328-0-1777080210-208525-1_140226.ashx.webp","type":"image\/webp"}],"twitter_card":"summary_large_image","schema":{"@context":"https:\/\/schema.org","@graph":[{"@type":"WebPage","@id":"https:\/\/www.oknobuild.com\/index.php\/produkt\/gardena-0990-20-cl-myci-kartac-akce-novinka-7912\/","url":"https:\/\/www.oknobuild.com\/index.php\/produkt\/gardena-0990-20-cl-myci-kartac-akce-novinka-7912\/","name":"Gardena 0990-20 cl-myc\u00ed kart\u00e1\u010d - akce Novinka -","isPartOf":{"@id":"https:\/\/www.oknobuild.com\/#website"},"primaryImageOfPage":{"@id":"https:\/\/www.oknobuild.com\/index.php\/produkt\/gardena-0990-20-cl-myci-kartac-akce-novinka-7912\/#primaryimage"},"image":{"@id":"https:\/\/www.oknobuild.com\/index.php\/produkt\/gardena-0990-20-cl-myci-kartac-akce-novinka-7912\/#primaryimage"},"thumbnailUrl":"https:\/\/www.oknobuild.com\/wp-content\/uploads\/2026\/SK0018660-CZ20260425-092328-0-1777080210-208525-1_140226.ashx.webp","datePublished":"2026-04-27T04:40:51+00:00","breadcrumb":{"@id":"https:\/\/www.oknobuild.com\/index.php\/produkt\/gardena-0990-20-cl-myci-kartac-akce-novinka-7912\/#breadcrumb"},"inLanguage":"cs","potentialAction":[{"@type":"ReadAction","target":["https:\/\/www.oknobuild.com\/index.php\/produkt\/gardena-0990-20-cl-myci-kartac-akce-novinka-7912\/"]}]},{"@type":"ImageObject","inLanguage":"cs","@id":"https:\/\/www.oknobuild.com\/index.php\/produkt\/gardena-0990-20-cl-myci-kartac-akce-novinka-7912\/#primaryimage","url":"https:\/\/www.oknobuild.com\/wp-content\/uploads\/2026\/SK0018660-CZ20260425-092328-0-1777080210-208525-1_140226.ashx.webp","contentUrl":"https:\/\/www.oknobuild.com\/wp-content\/uploads\/2026\/SK0018660-CZ20260425-092328-0-1777080210-208525-1_140226.ashx.webp","width":850,"height":504},{"@type":"BreadcrumbList","@id":"https:\/\/www.oknobuild.com\/index.php\/produkt\/gardena-0990-20-cl-myci-kartac-akce-novinka-7912\/#breadcrumb","itemListElement":[{"@type":"ListItem","position":1,"name":"Home","item":"https:\/\/www.oknobuild.com\/"},{"@type":"ListItem","position":2,"name":"Products","item":"https:\/\/www.oknobuild.com\/index.php\/products\/"},{"@type":"ListItem","position":3,"name":"Gardena 0990-20 cl-myc\u00ed kart\u00e1\u010d &#8211; akce Novinka"}]},{"@type":"WebSite","@id":"https:\/\/www.oknobuild.com\/#website","url":"https:\/\/www.oknobuild.com\/","name":"","description":"","potentialAction":[{"@type":"SearchAction","target":{"@type":"EntryPoint","urlTemplate":"https:\/\/www.oknobuild.com\/?s={search_term_string}"},"query-input":{"@type":"PropertyValueSpecification","valueRequired":true,"valueName":"search_term_string"}}],"inLanguage":"cs"}]}},"_links":{"self":[{"href":"https:\/\/www.oknobuild.com\/index.php\/wp-json\/wp\/v2\/product\/7912","targetHints":{"allow":["GET"]}}],"collection":[{"href":"https:\/\/www.oknobuild.com\/index.php\/wp-json\/wp\/v2\/product"}],"about":[{"href":"https:\/\/www.oknobuild.com\/index.php\/wp-json\/wp\/v2\/types\/product"}],"replies":[{"embeddable":true,"href":"https:\/\/www.oknobuild.com\/index.php\/wp-json\/wp\/v2\/comments?post=7912"}],"wp:featuredmedia":[{"embeddable":true,"href":"https:\/\/www.oknobuild.com\/index.php\/wp-json\/wp\/v2\/media\/8012"}],"wp:attachment":[{"href":"https:\/\/www.oknobuild.com\/index.php\/wp-json\/wp\/v2\/media?parent=7912"}],"wp:term":[{"taxonomy":"product_brand","embeddable":true,"href":"https:\/\/www.oknobuild.com\/index.php\/wp-json\/wp\/v2\/product_brand?post=7912"},{"taxonomy":"product_cat","embeddable":true,"href":"https:\/\/www.oknobuild.com\/index.php\/wp-json\/wp\/v2\/product_cat?post=7912"},{"taxonomy":"product_tag","embeddable":true,"href":"https:\/\/www.oknobuild.com\/index.php\/wp-json\/wp\/v2\/product_tag?post=7912"}],"curies":[{"name":"wp","href":"https:\/\/api.w.org\/{rel}","templated":true}]}}