{"id":7975,"date":"2026-04-27T04:40:51","date_gmt":"2026-04-27T04:40:51","guid":{"rendered":""},"modified":"2026-04-27T04:40:51","modified_gmt":"2026-04-27T04:40:51","slug":"znackovy-gardena-17111-20-smetak-na-ulice-natureline-7975","status":"publish","type":"product","link":"https:\/\/www.oknobuild.com\/index.php\/produkt\/znackovy-gardena-17111-20-smetak-na-ulice-natureline-7975\/","title":{"rendered":"Zna\u010dkov\u00fd Gardena 17111-20 smet\u00e1k na ulice NatureLine"},"content":{"rendered":"<table>\n<div class=\"tab-pane active product-description\" id=\"popis\" role=\"tabpanel\">\n<div class=\"short-description\" itemprop=\"description\"><\/div>\n<div class=\"description\">\u25ba Z\u00e1ruka v trv\u00e1n\u00ed 10 let je d\u016fkazem vysok\u00e9 kvality<span class='bullet-line'>Podrobnosti o podm\u00ednk\u00e1ch z\u00e1ruky najdete v p\u0159ilo\u017een\u00e9m n\u00e1vodu k pou\u017eit\u00ed nebo online na www.gardena.com\/warranty. * Tato z\u00e1ruka nem\u00e1 vliv na va\u0161e z\u00e1konn\u00e9 z\u00e1ru\u010dn\u00ed n\u00e1roky.<\/span>\u25ba Certifikovan\u00e9 d\u0159evo<span class='bullet-line'>Evropsk\u00e9 d\u0159evo m\u00e1 100% certifik\u00e1t FSC\u00ae. <\/span><span class='bullet-line'>Na v\u00fdrobu n\u00e1sad GARDENA se pou\u017e\u00edv\u00e1 v\u00fdhradn\u011b d\u0159evo ze vzorov\u011b spravovan\u00fdch les\u016f.<\/span>\u25ba Praktick\u00fd detail<span class='bullet-line'>Pou\u017eit\u00edm \u0161krabac\u00ed hrany na t\u011blese smet\u00e1ku je mo\u017en\u00e9 snadno a bez n\u00e1mahy odstranit zaschl\u00e9 ne\u010distoty nebo vlhk\u00e9 list\u00ed.<\/span>\u25ba Pevn\u00fd<span class='bullet-line'>GARDENA smet\u00e1k na ulice NatureLine je osazen vysoce kvalitn\u00edmi tvrd\u00fdmi a m\u011bkk\u00fdmi polypropyl\u00e9nov\u00fdmi \u0161t\u011btinami pro hrub\u00e9 a jemn\u00e9 ne\u010distoty a jeho t\u011bleso je vyrobeno z velmi kvalitn\u00edho plastu pro skv\u011blou stabilitu a trvanlivost.<\/span>\u25ba Bezpe\u010dn\u00e9 spojen\u00ed<span class='bullet-line'>N\u00e1sada vyroben\u00e1 z lakovan\u00e9ho bukov\u00e9ho d\u0159eva a koncov\u00fd n\u00e1stroj tvo\u0159\u00ed pevn\u00e9 spojen\u00ed &#8211; bez vikl\u00e1n\u00ed, bez deformac\u00ed.<\/span>\u25ba V\u00edce\u00fa\u010delov\u00fd smet\u00e1k ur\u010den\u00fd pro zahradu a pr\u00e1ce okolo domu<span class='bullet-line'>GARDENA smet\u00e1k na ulice Natureline s pracovn\u00ed \u0161\u00ed\u0159kou 45 cm je skv\u011bl\u00e9 n\u00e1\u0159ad\u00ed pro pou\u017eit\u00ed jak v zahrad\u011b tak na chodn\u00edc\u00edch okolo domu. <\/span><span class='bullet-line'>Pevn\u00fd smet\u00e1k s t\u011blesem odoln\u00fdm v\u016f\u010di n\u00e1raz\u016fm je vyroben\u00fd z vysoce kvalitn\u00edho plastu a lze jej pou\u017e\u00edt p\u0159i r\u016fzn\u00fdch prac\u00edch. <\/span><span class='bullet-line'>Velmi kvalitn\u00ed a jemn\u00e9 \u0161t\u011btiny, vyroben\u00e9 z polypropylenu, zaru\u010duj\u00ed optim\u00e1ln\u00ed v\u00fdsledky a efektivn\u00ed pr\u00e1ci. <\/span><span class='bullet-line'>Integrovan\u00e1 \u0161krabac\u00ed hrana pom\u00e1h\u00e1 snadno odstranit zaschl\u00e9 ne\u010distoty nebo vlhk\u00e9 list\u00ed. <\/span><span class='bullet-line'>Ru\u010dn\u011b lakovan\u00e1 n\u00e1sada z bukov\u00e9ho d\u0159eva (certifikov\u00e1no FSC\u00a9) zaji\u0161\u0165uje pevn\u00e9 spojen\u00ed se smet\u00e1kem &#8211; bez vikl\u00e1n\u00ed, bez deformace. <\/span><span class='bullet-line'>Z\u00e1ru\u010dn\u00ed doba \u010din\u00ed 10 let.<\/span><\/div>\n<\/table>\n","protected":false},"excerpt":{"rendered":"<p>\u25ba Z\u00e1ruka v trv\u00e1n\u00ed 10 let je d\u016fkazem vysok\u00e9 kvalityPodrobnosti o podm\u00ednk\u00e1ch z\u00e1ruky najdete v p\u0159ilo\u017een\u00e9m n\u00e1vodu k pou\u017eit\u00ed nebo online na www.gardena.com\/warranty. * Tato z\u00e1ruka nem\u00e1 vliv na va\u0161e z\u00e1konn\u00e9 z\u00e1ru\u010dn\u00ed n\u00e1roky.\u25ba Certifikovan\u00e9 d\u0159evoEvropsk\u00e9 d\u0159evo m\u00e1 100% certifik\u00e1t FSC\u00ae. Na v\u00fdrobu n\u00e1sad GARDENA se pou\u017e\u00edv\u00e1 v\u00fdhradn\u011b d\u0159evo ze vzorov\u011b spravovan\u00fdch les\u016f.\u25ba Praktick\u00fd detailPou\u017eit\u00edm \u0161krabac\u00ed [&hellip;]<\/p>\n","protected":false},"featured_media":8075,"comment_status":"open","ping_status":"open","template":"","meta":[],"product_brand":[],"product_cat":[33],"product_tag":[],"class_list":{"0":"post-7975","1":"product","2":"type-product","3":"status-publish","4":"has-post-thumbnail","6":"product_cat-zahrada","8":"first","9":"instock","10":"sale","11":"shipping-taxable","12":"purchasable","13":"product-type-simple"},"yoast_head":"<!-- This site is optimized with the Yoast SEO plugin v26.8 - https:\/\/yoast.com\/product\/yoast-seo-wordpress\/ -->\n<title>Zna\u010dkov\u00fd Gardena 17111-20 smet\u00e1k na ulice NatureLine -<\/title>\n<meta name=\"robots\" content=\"index, follow, max-snippet:-1, max-image-preview:large, max-video-preview:-1\" \/>\n<link rel=\"canonical\" href=\"https:\/\/www.oknobuild.com\/index.php\/produkt\/znackovy-gardena-17111-20-smetak-na-ulice-natureline-7975\/\" \/>\n<meta property=\"og:locale\" content=\"cs_CZ\" \/>\n<meta property=\"og:type\" content=\"article\" \/>\n<meta property=\"og:title\" content=\"Zna\u010dkov\u00fd Gardena 17111-20 smet\u00e1k na ulice NatureLine -\" \/>\n<meta property=\"og:description\" content=\"\u25ba Z\u00e1ruka v trv\u00e1n\u00ed 10 let je d\u016fkazem vysok\u00e9 kvalityPodrobnosti o podm\u00ednk\u00e1ch z\u00e1ruky najdete v p\u0159ilo\u017een\u00e9m n\u00e1vodu k pou\u017eit\u00ed nebo online na www.gardena.com\/warranty. * Tato z\u00e1ruka nem\u00e1 vliv na va\u0161e z\u00e1konn\u00e9 z\u00e1ru\u010dn\u00ed n\u00e1roky.\u25ba Certifikovan\u00e9 d\u0159evoEvropsk\u00e9 d\u0159evo m\u00e1 100% certifik\u00e1t FSC\u00ae. Na v\u00fdrobu n\u00e1sad GARDENA se pou\u017e\u00edv\u00e1 v\u00fdhradn\u011b d\u0159evo ze vzorov\u011b spravovan\u00fdch les\u016f.\u25ba Praktick\u00fd detailPou\u017eit\u00edm \u0161krabac\u00ed [&hellip;]\" \/>\n<meta property=\"og:url\" content=\"https:\/\/www.oknobuild.com\/index.php\/produkt\/znackovy-gardena-17111-20-smetak-na-ulice-natureline-7975\/\" \/>\n<meta property=\"og:image\" content=\"https:\/\/www.oknobuild.com\/wp-content\/uploads\/2026\/SK0018724-CZ20260425-092328-0-1777080210-208610-1_142426.ashx.webp\" \/>\n\t<meta property=\"og:image:width\" content=\"191\" \/>\n\t<meta property=\"og:image:height\" content=\"530\" \/>\n\t<meta property=\"og:image:type\" content=\"image\/webp\" \/>\n<meta name=\"twitter:card\" content=\"summary_large_image\" \/>\n<meta name=\"twitter:label1\" content=\"Odhadovan\u00e1 doba \u010dten\u00ed\" \/>\n\t<meta name=\"twitter:data1\" content=\"2 minuty\" \/>\n<script type=\"application\/ld+json\" class=\"yoast-schema-graph\">{\"@context\":\"https:\/\/schema.org\",\"@graph\":[{\"@type\":\"WebPage\",\"@id\":\"https:\/\/www.oknobuild.com\/index.php\/produkt\/znackovy-gardena-17111-20-smetak-na-ulice-natureline-7975\/\",\"url\":\"https:\/\/www.oknobuild.com\/index.php\/produkt\/znackovy-gardena-17111-20-smetak-na-ulice-natureline-7975\/\",\"name\":\"Zna\u010dkov\u00fd Gardena 17111-20 smet\u00e1k na ulice NatureLine -\",\"isPartOf\":{\"@id\":\"https:\/\/www.oknobuild.com\/#website\"},\"primaryImageOfPage\":{\"@id\":\"https:\/\/www.oknobuild.com\/index.php\/produkt\/znackovy-gardena-17111-20-smetak-na-ulice-natureline-7975\/#primaryimage\"},\"image\":{\"@id\":\"https:\/\/www.oknobuild.com\/index.php\/produkt\/znackovy-gardena-17111-20-smetak-na-ulice-natureline-7975\/#primaryimage\"},\"thumbnailUrl\":\"https:\/\/www.oknobuild.com\/wp-content\/uploads\/2026\/SK0018724-CZ20260425-092328-0-1777080210-208610-1_142426.ashx.webp\",\"datePublished\":\"2026-04-27T04:40:51+00:00\",\"breadcrumb\":{\"@id\":\"https:\/\/www.oknobuild.com\/index.php\/produkt\/znackovy-gardena-17111-20-smetak-na-ulice-natureline-7975\/#breadcrumb\"},\"inLanguage\":\"cs\",\"potentialAction\":[{\"@type\":\"ReadAction\",\"target\":[\"https:\/\/www.oknobuild.com\/index.php\/produkt\/znackovy-gardena-17111-20-smetak-na-ulice-natureline-7975\/\"]}]},{\"@type\":\"ImageObject\",\"inLanguage\":\"cs\",\"@id\":\"https:\/\/www.oknobuild.com\/index.php\/produkt\/znackovy-gardena-17111-20-smetak-na-ulice-natureline-7975\/#primaryimage\",\"url\":\"https:\/\/www.oknobuild.com\/wp-content\/uploads\/2026\/SK0018724-CZ20260425-092328-0-1777080210-208610-1_142426.ashx.webp\",\"contentUrl\":\"https:\/\/www.oknobuild.com\/wp-content\/uploads\/2026\/SK0018724-CZ20260425-092328-0-1777080210-208610-1_142426.ashx.webp\",\"width\":191,\"height\":530},{\"@type\":\"BreadcrumbList\",\"@id\":\"https:\/\/www.oknobuild.com\/index.php\/produkt\/znackovy-gardena-17111-20-smetak-na-ulice-natureline-7975\/#breadcrumb\",\"itemListElement\":[{\"@type\":\"ListItem\",\"position\":1,\"name\":\"Home\",\"item\":\"https:\/\/www.oknobuild.com\/\"},{\"@type\":\"ListItem\",\"position\":2,\"name\":\"Products\",\"item\":\"https:\/\/www.oknobuild.com\/index.php\/products\/\"},{\"@type\":\"ListItem\",\"position\":3,\"name\":\"Zna\u010dkov\u00fd Gardena 17111-20 smet\u00e1k na ulice NatureLine\"}]},{\"@type\":\"WebSite\",\"@id\":\"https:\/\/www.oknobuild.com\/#website\",\"url\":\"https:\/\/www.oknobuild.com\/\",\"name\":\"\",\"description\":\"\",\"potentialAction\":[{\"@type\":\"SearchAction\",\"target\":{\"@type\":\"EntryPoint\",\"urlTemplate\":\"https:\/\/www.oknobuild.com\/?s={search_term_string}\"},\"query-input\":{\"@type\":\"PropertyValueSpecification\",\"valueRequired\":true,\"valueName\":\"search_term_string\"}}],\"inLanguage\":\"cs\"}]}<\/script>\n<!-- \/ Yoast SEO plugin. -->","yoast_head_json":{"title":"Zna\u010dkov\u00fd Gardena 17111-20 smet\u00e1k na ulice NatureLine -","robots":{"index":"index","follow":"follow","max-snippet":"max-snippet:-1","max-image-preview":"max-image-preview:large","max-video-preview":"max-video-preview:-1"},"canonical":"https:\/\/www.oknobuild.com\/index.php\/produkt\/znackovy-gardena-17111-20-smetak-na-ulice-natureline-7975\/","og_locale":"cs_CZ","og_type":"article","og_title":"Zna\u010dkov\u00fd Gardena 17111-20 smet\u00e1k na ulice NatureLine -","og_description":"\u25ba Z\u00e1ruka v trv\u00e1n\u00ed 10 let je d\u016fkazem vysok\u00e9 kvalityPodrobnosti o podm\u00ednk\u00e1ch z\u00e1ruky najdete v p\u0159ilo\u017een\u00e9m n\u00e1vodu k pou\u017eit\u00ed nebo online na www.gardena.com\/warranty. * Tato z\u00e1ruka nem\u00e1 vliv na va\u0161e z\u00e1konn\u00e9 z\u00e1ru\u010dn\u00ed n\u00e1roky.\u25ba Certifikovan\u00e9 d\u0159evoEvropsk\u00e9 d\u0159evo m\u00e1 100% certifik\u00e1t FSC\u00ae. Na v\u00fdrobu n\u00e1sad GARDENA se pou\u017e\u00edv\u00e1 v\u00fdhradn\u011b d\u0159evo ze vzorov\u011b spravovan\u00fdch les\u016f.\u25ba Praktick\u00fd detailPou\u017eit\u00edm \u0161krabac\u00ed [&hellip;]","og_url":"https:\/\/www.oknobuild.com\/index.php\/produkt\/znackovy-gardena-17111-20-smetak-na-ulice-natureline-7975\/","og_image":[{"width":191,"height":530,"url":"https:\/\/www.oknobuild.com\/wp-content\/uploads\/2026\/SK0018724-CZ20260425-092328-0-1777080210-208610-1_142426.ashx.webp","type":"image\/webp"}],"twitter_card":"summary_large_image","twitter_misc":{"Odhadovan\u00e1 doba \u010dten\u00ed":"2 minuty"},"schema":{"@context":"https:\/\/schema.org","@graph":[{"@type":"WebPage","@id":"https:\/\/www.oknobuild.com\/index.php\/produkt\/znackovy-gardena-17111-20-smetak-na-ulice-natureline-7975\/","url":"https:\/\/www.oknobuild.com\/index.php\/produkt\/znackovy-gardena-17111-20-smetak-na-ulice-natureline-7975\/","name":"Zna\u010dkov\u00fd Gardena 17111-20 smet\u00e1k na ulice NatureLine -","isPartOf":{"@id":"https:\/\/www.oknobuild.com\/#website"},"primaryImageOfPage":{"@id":"https:\/\/www.oknobuild.com\/index.php\/produkt\/znackovy-gardena-17111-20-smetak-na-ulice-natureline-7975\/#primaryimage"},"image":{"@id":"https:\/\/www.oknobuild.com\/index.php\/produkt\/znackovy-gardena-17111-20-smetak-na-ulice-natureline-7975\/#primaryimage"},"thumbnailUrl":"https:\/\/www.oknobuild.com\/wp-content\/uploads\/2026\/SK0018724-CZ20260425-092328-0-1777080210-208610-1_142426.ashx.webp","datePublished":"2026-04-27T04:40:51+00:00","breadcrumb":{"@id":"https:\/\/www.oknobuild.com\/index.php\/produkt\/znackovy-gardena-17111-20-smetak-na-ulice-natureline-7975\/#breadcrumb"},"inLanguage":"cs","potentialAction":[{"@type":"ReadAction","target":["https:\/\/www.oknobuild.com\/index.php\/produkt\/znackovy-gardena-17111-20-smetak-na-ulice-natureline-7975\/"]}]},{"@type":"ImageObject","inLanguage":"cs","@id":"https:\/\/www.oknobuild.com\/index.php\/produkt\/znackovy-gardena-17111-20-smetak-na-ulice-natureline-7975\/#primaryimage","url":"https:\/\/www.oknobuild.com\/wp-content\/uploads\/2026\/SK0018724-CZ20260425-092328-0-1777080210-208610-1_142426.ashx.webp","contentUrl":"https:\/\/www.oknobuild.com\/wp-content\/uploads\/2026\/SK0018724-CZ20260425-092328-0-1777080210-208610-1_142426.ashx.webp","width":191,"height":530},{"@type":"BreadcrumbList","@id":"https:\/\/www.oknobuild.com\/index.php\/produkt\/znackovy-gardena-17111-20-smetak-na-ulice-natureline-7975\/#breadcrumb","itemListElement":[{"@type":"ListItem","position":1,"name":"Home","item":"https:\/\/www.oknobuild.com\/"},{"@type":"ListItem","position":2,"name":"Products","item":"https:\/\/www.oknobuild.com\/index.php\/products\/"},{"@type":"ListItem","position":3,"name":"Zna\u010dkov\u00fd Gardena 17111-20 smet\u00e1k na ulice NatureLine"}]},{"@type":"WebSite","@id":"https:\/\/www.oknobuild.com\/#website","url":"https:\/\/www.oknobuild.com\/","name":"","description":"","potentialAction":[{"@type":"SearchAction","target":{"@type":"EntryPoint","urlTemplate":"https:\/\/www.oknobuild.com\/?s={search_term_string}"},"query-input":{"@type":"PropertyValueSpecification","valueRequired":true,"valueName":"search_term_string"}}],"inLanguage":"cs"}]}},"_links":{"self":[{"href":"https:\/\/www.oknobuild.com\/index.php\/wp-json\/wp\/v2\/product\/7975","targetHints":{"allow":["GET"]}}],"collection":[{"href":"https:\/\/www.oknobuild.com\/index.php\/wp-json\/wp\/v2\/product"}],"about":[{"href":"https:\/\/www.oknobuild.com\/index.php\/wp-json\/wp\/v2\/types\/product"}],"replies":[{"embeddable":true,"href":"https:\/\/www.oknobuild.com\/index.php\/wp-json\/wp\/v2\/comments?post=7975"}],"wp:featuredmedia":[{"embeddable":true,"href":"https:\/\/www.oknobuild.com\/index.php\/wp-json\/wp\/v2\/media\/8075"}],"wp:attachment":[{"href":"https:\/\/www.oknobuild.com\/index.php\/wp-json\/wp\/v2\/media?parent=7975"}],"wp:term":[{"taxonomy":"product_brand","embeddable":true,"href":"https:\/\/www.oknobuild.com\/index.php\/wp-json\/wp\/v2\/product_brand?post=7975"},{"taxonomy":"product_cat","embeddable":true,"href":"https:\/\/www.oknobuild.com\/index.php\/wp-json\/wp\/v2\/product_cat?post=7975"},{"taxonomy":"product_tag","embeddable":true,"href":"https:\/\/www.oknobuild.com\/index.php\/wp-json\/wp\/v2\/product_tag?post=7975"}],"curies":[{"name":"wp","href":"https:\/\/api.w.org\/{rel}","templated":true}]}}