{"id":8172,"date":"2026-04-27T04:40:52","date_gmt":"2026-04-27T04:40:52","guid":{"rendered":""},"modified":"2026-04-27T04:40:52","modified_gmt":"2026-04-27T04:40:52","slug":"znackovy-gardena-3392-20-cs-rezaci-hrabe-8172","status":"publish","type":"product","link":"https:\/\/www.oknobuild.com\/index.php\/produkt\/znackovy-gardena-3392-20-cs-rezaci-hrabe-8172\/","title":{"rendered":"Zna\u010dkov\u00fd Gardena 3392-20 cs-\u0159ezac\u00ed hr\u00e1b\u011b"},"content":{"rendered":"<table>\n<div class=\"tab-pane active product-description\" id=\"popis\" role=\"tabpanel\">\n<div class=\"short-description\" itemprop=\"description\"><\/div>\n<div class=\"description\">\u25ba Z\u00e1ruka v trv\u00e1n\u00ed 25 let je d\u016fkazem vysok\u00e9 kvality<span class='bullet-line'>Podrobnosti o podm\u00ednk\u00e1ch z\u00e1ruky najdete v p\u0159ilo\u017een\u00e9m n\u00e1vodu k pou\u017eit\u00ed nebo online na www.gardena.com\/warranty. <\/span><span class='bullet-line'>Tato z\u00e1ruka nem\u00e1 vliv na va\u0161e z\u00e1konn\u00e9 z\u00e1ru\u010dn\u00ed n\u00e1roky.<\/span>\u25ba Nek\u00fdvav\u00e9 spojen\u00ed<span class='bullet-line'>Produkty z \u0159ady combisystem se jednodu\u0161e p\u0159ipoj\u00ed k n\u00e1sad\u011b a pevn\u011b se dot\u00e1hnou. <\/span><span class='bullet-line'>Tato spolehliv\u00e1 technologie zaru\u010duje spolehlivou pr\u00e1ci bez vikl\u00e1n\u00ed.<\/span>\u25ba Pou\u017eitelnost se v\u0161emi n\u00e1sadami<span class='bullet-line'>N\u00e1stroje z \u0159ady GARDENA combisystem pasuj\u00ed na v\u0161echny n\u00e1sady z \u0159ady GARDENA combisystem. <\/span><span class='bullet-line'>A\u0165 u\u017e je n\u00e1sada ze d\u0159eva nebo hlin\u00edku, nebo a\u0165 je ur\u010dena pro \u00falevu va\u0161im z\u00e1d\u016fm, rozhodnut\u00ed je na v\u00e1s.<\/span>\u25ba 2 v 1<span class='bullet-line'>\u0158ezac\u00ed hr\u00e1b\u011b jsou opat\u0159eny r\u016fzn\u00fdmi hroty pro r\u016fzn\u00e9 pou\u017eit\u00ed. <\/span><span class='bullet-line'>Se \u0161pi\u010dat\u00fdmi hroty lze odstra\u0148ovat mech a travn\u00ed pls\u0165 a p\u0159i oto\u010den\u00ed do polohy hr\u00e1b\u00ed lze pomoc\u00ed zaoblen\u00fdch a hust\u00fdch hrot\u016f shrab\u00e1vat zahradn\u00ed odpad.<\/span>\u25ba Odolnost v\u016f\u010di korozi<span class='bullet-line'>\u0158ezac\u00ed hr\u00e1b\u011b z \u0159adyGARDENA combisystem jsou vyrobeny z vysoce kvalitn\u00ed oceli pota\u017een\u00e9 duroplastem a pozinkovan\u00fdch hrot\u016f pro optim\u00e1ln\u00ed ochranu proti korozi.<\/span>Pro odstra\u0148ov\u00e1n\u00ed mechu a travn\u00ed plsti<br \/>\u25ba D\u00edky \u0159\u00e1dk\u016fm s r\u016fzn\u00fdmi zuby jsou \u0159ezac\u00ed hr\u00e1b\u011b z \u0159ady GARDENA combisystem vhodn\u00e9 pro pr\u00e1ci po cel\u00fd rok a p\u0159edstavuj\u00ed dva n\u00e1stroje v jednom.<span class='bullet-line'>\u0160pi\u010dat\u00e9 hroty na jedn\u00e9 stran\u011b umo\u017e\u0148uj\u00ed odstra\u0148ov\u00e1n\u00ed mechu a travn\u00ed plsti pronik\u00e1n\u00edm n\u011bkolik milimetr\u016f hluboko do zem\u011b.<\/span><span class='bullet-line'>Pracovn\u00ed \u0161\u00ed\u0159ka je 35 cm. <\/span><span class='bullet-line'>P\u0159i oto\u010den\u00ed hr\u00e1b\u00ed mohou zaoblen\u00e9 a hust\u00e9 hroty shrab\u00e1vat listy, zahradn\u00ed odpad a dokonce i kameny. <\/span><span class='bullet-line'>V\u0161echny hroty jsou pozinkovan\u00e9 a lisovan\u00e9 a jsou tak korozivzdorn\u00e9. <\/span><span class='bullet-line'>\u0158ezac\u00ed hr\u00e1b\u011b jsou vhodn\u00e9 pro v\u0161echny n\u00e1sady z \u0159ady GARDENA combisystem, kdy GARDENA v z\u00e1vislosti na v\u00fd\u0161ce postavy doporu\u010duje n\u00e1sadu d\u00e9lky 180 cm. <\/span><span class='bullet-line'>Z\u00e1ru\u010dn\u00ed lh\u016fta je 25 let.<\/span><\/div>\n<div class=\"parameters\">\n<tr>\n<td>Pou\u017eit\u00ed<\/td>\n<td>Odstra\u0148ov\u00e1n\u00ed mechu a zplstnat\u011bl\u00e9 tr\u00e1vy. Hrab\u00e1n\u00ed list\u00ed, odpadk\u016f a kamen\u016f<\/td>\n<\/tr>\n<tr>\n<td>Z\u00e1ruka spole\u010dnosti Gardena<\/td>\n<td>Z\u00e1ruka 25 let<\/td>\n<\/tr>\n<tr>\n<td>Pracovn\u00ed \u0161\u00ed\u0159ka, cm<\/td>\n<td>35 cm<\/td>\n<\/tr><\/div>\n<\/table>\n","protected":false},"excerpt":{"rendered":"<p>\u25ba Z\u00e1ruka v trv\u00e1n\u00ed 25 let je d\u016fkazem vysok\u00e9 kvalityPodrobnosti o podm\u00ednk\u00e1ch z\u00e1ruky najdete v p\u0159ilo\u017een\u00e9m n\u00e1vodu k pou\u017eit\u00ed nebo online na www.gardena.com\/warranty. Tato z\u00e1ruka nem\u00e1 vliv na va\u0161e z\u00e1konn\u00e9 z\u00e1ru\u010dn\u00ed n\u00e1roky.\u25ba Nek\u00fdvav\u00e9 spojen\u00edProdukty z \u0159ady combisystem se jednodu\u0161e p\u0159ipoj\u00ed k n\u00e1sad\u011b a pevn\u011b se dot\u00e1hnou. Tato spolehliv\u00e1 technologie zaru\u010duje spolehlivou pr\u00e1ci bez vikl\u00e1n\u00ed.\u25ba Pou\u017eitelnost [&hellip;]<\/p>\n","protected":false},"featured_media":8272,"comment_status":"open","ping_status":"open","template":"","meta":[],"product_brand":[],"product_cat":[33],"product_tag":[],"class_list":{"0":"post-8172","1":"product","2":"type-product","3":"status-publish","4":"has-post-thumbnail","6":"product_cat-zahrada","8":"first","9":"instock","10":"sale","11":"shipping-taxable","12":"purchasable","13":"product-type-simple"},"yoast_head":"<!-- This site is optimized with the Yoast SEO plugin v26.8 - https:\/\/yoast.com\/product\/yoast-seo-wordpress\/ -->\n<title>Zna\u010dkov\u00fd Gardena 3392-20 cs-\u0159ezac\u00ed hr\u00e1b\u011b -<\/title>\n<meta name=\"robots\" content=\"index, follow, max-snippet:-1, max-image-preview:large, max-video-preview:-1\" \/>\n<link rel=\"canonical\" href=\"https:\/\/www.oknobuild.com\/index.php\/produkt\/znackovy-gardena-3392-20-cs-rezaci-hrabe-8172\/\" \/>\n<meta property=\"og:locale\" content=\"cs_CZ\" \/>\n<meta property=\"og:type\" content=\"article\" \/>\n<meta property=\"og:title\" content=\"Zna\u010dkov\u00fd Gardena 3392-20 cs-\u0159ezac\u00ed hr\u00e1b\u011b -\" \/>\n<meta property=\"og:description\" content=\"\u25ba Z\u00e1ruka v trv\u00e1n\u00ed 25 let je d\u016fkazem vysok\u00e9 kvalityPodrobnosti o podm\u00ednk\u00e1ch z\u00e1ruky najdete v p\u0159ilo\u017een\u00e9m n\u00e1vodu k pou\u017eit\u00ed nebo online na www.gardena.com\/warranty. Tato z\u00e1ruka nem\u00e1 vliv na va\u0161e z\u00e1konn\u00e9 z\u00e1ru\u010dn\u00ed n\u00e1roky.\u25ba Nek\u00fdvav\u00e9 spojen\u00edProdukty z \u0159ady combisystem se jednodu\u0161e p\u0159ipoj\u00ed k n\u00e1sad\u011b a pevn\u011b se dot\u00e1hnou. Tato spolehliv\u00e1 technologie zaru\u010duje spolehlivou pr\u00e1ci bez vikl\u00e1n\u00ed.\u25ba Pou\u017eitelnost [&hellip;]\" \/>\n<meta property=\"og:url\" content=\"https:\/\/www.oknobuild.com\/index.php\/produkt\/znackovy-gardena-3392-20-cs-rezaci-hrabe-8172\/\" \/>\n<meta property=\"og:image\" content=\"https:\/\/www.oknobuild.com\/wp-content\/uploads\/2026\/SK0018821-CZ20260425-092328-0-1777080210-208746-1_140327.ashx.webp\" \/>\n\t<meta property=\"og:image:width\" content=\"470\" \/>\n\t<meta property=\"og:image:height\" content=\"470\" \/>\n\t<meta property=\"og:image:type\" content=\"image\/webp\" \/>\n<meta name=\"twitter:card\" content=\"summary_large_image\" \/>\n<meta name=\"twitter:label1\" content=\"Odhadovan\u00e1 doba \u010dten\u00ed\" \/>\n\t<meta name=\"twitter:data1\" content=\"2 minuty\" \/>\n<script type=\"application\/ld+json\" class=\"yoast-schema-graph\">{\"@context\":\"https:\/\/schema.org\",\"@graph\":[{\"@type\":\"WebPage\",\"@id\":\"https:\/\/www.oknobuild.com\/index.php\/produkt\/znackovy-gardena-3392-20-cs-rezaci-hrabe-8172\/\",\"url\":\"https:\/\/www.oknobuild.com\/index.php\/produkt\/znackovy-gardena-3392-20-cs-rezaci-hrabe-8172\/\",\"name\":\"Zna\u010dkov\u00fd Gardena 3392-20 cs-\u0159ezac\u00ed hr\u00e1b\u011b -\",\"isPartOf\":{\"@id\":\"https:\/\/www.oknobuild.com\/#website\"},\"primaryImageOfPage\":{\"@id\":\"https:\/\/www.oknobuild.com\/index.php\/produkt\/znackovy-gardena-3392-20-cs-rezaci-hrabe-8172\/#primaryimage\"},\"image\":{\"@id\":\"https:\/\/www.oknobuild.com\/index.php\/produkt\/znackovy-gardena-3392-20-cs-rezaci-hrabe-8172\/#primaryimage\"},\"thumbnailUrl\":\"https:\/\/www.oknobuild.com\/wp-content\/uploads\/2026\/SK0018821-CZ20260425-092328-0-1777080210-208746-1_140327.ashx.webp\",\"datePublished\":\"2026-04-27T04:40:52+00:00\",\"breadcrumb\":{\"@id\":\"https:\/\/www.oknobuild.com\/index.php\/produkt\/znackovy-gardena-3392-20-cs-rezaci-hrabe-8172\/#breadcrumb\"},\"inLanguage\":\"cs\",\"potentialAction\":[{\"@type\":\"ReadAction\",\"target\":[\"https:\/\/www.oknobuild.com\/index.php\/produkt\/znackovy-gardena-3392-20-cs-rezaci-hrabe-8172\/\"]}]},{\"@type\":\"ImageObject\",\"inLanguage\":\"cs\",\"@id\":\"https:\/\/www.oknobuild.com\/index.php\/produkt\/znackovy-gardena-3392-20-cs-rezaci-hrabe-8172\/#primaryimage\",\"url\":\"https:\/\/www.oknobuild.com\/wp-content\/uploads\/2026\/SK0018821-CZ20260425-092328-0-1777080210-208746-1_140327.ashx.webp\",\"contentUrl\":\"https:\/\/www.oknobuild.com\/wp-content\/uploads\/2026\/SK0018821-CZ20260425-092328-0-1777080210-208746-1_140327.ashx.webp\",\"width\":470,\"height\":470},{\"@type\":\"BreadcrumbList\",\"@id\":\"https:\/\/www.oknobuild.com\/index.php\/produkt\/znackovy-gardena-3392-20-cs-rezaci-hrabe-8172\/#breadcrumb\",\"itemListElement\":[{\"@type\":\"ListItem\",\"position\":1,\"name\":\"Home\",\"item\":\"https:\/\/www.oknobuild.com\/\"},{\"@type\":\"ListItem\",\"position\":2,\"name\":\"Products\",\"item\":\"https:\/\/www.oknobuild.com\/index.php\/products\/\"},{\"@type\":\"ListItem\",\"position\":3,\"name\":\"Zna\u010dkov\u00fd Gardena 3392-20 cs-\u0159ezac\u00ed hr\u00e1b\u011b\"}]},{\"@type\":\"WebSite\",\"@id\":\"https:\/\/www.oknobuild.com\/#website\",\"url\":\"https:\/\/www.oknobuild.com\/\",\"name\":\"\",\"description\":\"\",\"potentialAction\":[{\"@type\":\"SearchAction\",\"target\":{\"@type\":\"EntryPoint\",\"urlTemplate\":\"https:\/\/www.oknobuild.com\/?s={search_term_string}\"},\"query-input\":{\"@type\":\"PropertyValueSpecification\",\"valueRequired\":true,\"valueName\":\"search_term_string\"}}],\"inLanguage\":\"cs\"}]}<\/script>\n<!-- \/ Yoast SEO plugin. -->","yoast_head_json":{"title":"Zna\u010dkov\u00fd Gardena 3392-20 cs-\u0159ezac\u00ed hr\u00e1b\u011b -","robots":{"index":"index","follow":"follow","max-snippet":"max-snippet:-1","max-image-preview":"max-image-preview:large","max-video-preview":"max-video-preview:-1"},"canonical":"https:\/\/www.oknobuild.com\/index.php\/produkt\/znackovy-gardena-3392-20-cs-rezaci-hrabe-8172\/","og_locale":"cs_CZ","og_type":"article","og_title":"Zna\u010dkov\u00fd Gardena 3392-20 cs-\u0159ezac\u00ed hr\u00e1b\u011b -","og_description":"\u25ba Z\u00e1ruka v trv\u00e1n\u00ed 25 let je d\u016fkazem vysok\u00e9 kvalityPodrobnosti o podm\u00ednk\u00e1ch z\u00e1ruky najdete v p\u0159ilo\u017een\u00e9m n\u00e1vodu k pou\u017eit\u00ed nebo online na www.gardena.com\/warranty. Tato z\u00e1ruka nem\u00e1 vliv na va\u0161e z\u00e1konn\u00e9 z\u00e1ru\u010dn\u00ed n\u00e1roky.\u25ba Nek\u00fdvav\u00e9 spojen\u00edProdukty z \u0159ady combisystem se jednodu\u0161e p\u0159ipoj\u00ed k n\u00e1sad\u011b a pevn\u011b se dot\u00e1hnou. Tato spolehliv\u00e1 technologie zaru\u010duje spolehlivou pr\u00e1ci bez vikl\u00e1n\u00ed.\u25ba Pou\u017eitelnost [&hellip;]","og_url":"https:\/\/www.oknobuild.com\/index.php\/produkt\/znackovy-gardena-3392-20-cs-rezaci-hrabe-8172\/","og_image":[{"width":470,"height":470,"url":"https:\/\/www.oknobuild.com\/wp-content\/uploads\/2026\/SK0018821-CZ20260425-092328-0-1777080210-208746-1_140327.ashx.webp","type":"image\/webp"}],"twitter_card":"summary_large_image","twitter_misc":{"Odhadovan\u00e1 doba \u010dten\u00ed":"2 minuty"},"schema":{"@context":"https:\/\/schema.org","@graph":[{"@type":"WebPage","@id":"https:\/\/www.oknobuild.com\/index.php\/produkt\/znackovy-gardena-3392-20-cs-rezaci-hrabe-8172\/","url":"https:\/\/www.oknobuild.com\/index.php\/produkt\/znackovy-gardena-3392-20-cs-rezaci-hrabe-8172\/","name":"Zna\u010dkov\u00fd Gardena 3392-20 cs-\u0159ezac\u00ed hr\u00e1b\u011b -","isPartOf":{"@id":"https:\/\/www.oknobuild.com\/#website"},"primaryImageOfPage":{"@id":"https:\/\/www.oknobuild.com\/index.php\/produkt\/znackovy-gardena-3392-20-cs-rezaci-hrabe-8172\/#primaryimage"},"image":{"@id":"https:\/\/www.oknobuild.com\/index.php\/produkt\/znackovy-gardena-3392-20-cs-rezaci-hrabe-8172\/#primaryimage"},"thumbnailUrl":"https:\/\/www.oknobuild.com\/wp-content\/uploads\/2026\/SK0018821-CZ20260425-092328-0-1777080210-208746-1_140327.ashx.webp","datePublished":"2026-04-27T04:40:52+00:00","breadcrumb":{"@id":"https:\/\/www.oknobuild.com\/index.php\/produkt\/znackovy-gardena-3392-20-cs-rezaci-hrabe-8172\/#breadcrumb"},"inLanguage":"cs","potentialAction":[{"@type":"ReadAction","target":["https:\/\/www.oknobuild.com\/index.php\/produkt\/znackovy-gardena-3392-20-cs-rezaci-hrabe-8172\/"]}]},{"@type":"ImageObject","inLanguage":"cs","@id":"https:\/\/www.oknobuild.com\/index.php\/produkt\/znackovy-gardena-3392-20-cs-rezaci-hrabe-8172\/#primaryimage","url":"https:\/\/www.oknobuild.com\/wp-content\/uploads\/2026\/SK0018821-CZ20260425-092328-0-1777080210-208746-1_140327.ashx.webp","contentUrl":"https:\/\/www.oknobuild.com\/wp-content\/uploads\/2026\/SK0018821-CZ20260425-092328-0-1777080210-208746-1_140327.ashx.webp","width":470,"height":470},{"@type":"BreadcrumbList","@id":"https:\/\/www.oknobuild.com\/index.php\/produkt\/znackovy-gardena-3392-20-cs-rezaci-hrabe-8172\/#breadcrumb","itemListElement":[{"@type":"ListItem","position":1,"name":"Home","item":"https:\/\/www.oknobuild.com\/"},{"@type":"ListItem","position":2,"name":"Products","item":"https:\/\/www.oknobuild.com\/index.php\/products\/"},{"@type":"ListItem","position":3,"name":"Zna\u010dkov\u00fd Gardena 3392-20 cs-\u0159ezac\u00ed hr\u00e1b\u011b"}]},{"@type":"WebSite","@id":"https:\/\/www.oknobuild.com\/#website","url":"https:\/\/www.oknobuild.com\/","name":"","description":"","potentialAction":[{"@type":"SearchAction","target":{"@type":"EntryPoint","urlTemplate":"https:\/\/www.oknobuild.com\/?s={search_term_string}"},"query-input":{"@type":"PropertyValueSpecification","valueRequired":true,"valueName":"search_term_string"}}],"inLanguage":"cs"}]}},"_links":{"self":[{"href":"https:\/\/www.oknobuild.com\/index.php\/wp-json\/wp\/v2\/product\/8172","targetHints":{"allow":["GET"]}}],"collection":[{"href":"https:\/\/www.oknobuild.com\/index.php\/wp-json\/wp\/v2\/product"}],"about":[{"href":"https:\/\/www.oknobuild.com\/index.php\/wp-json\/wp\/v2\/types\/product"}],"replies":[{"embeddable":true,"href":"https:\/\/www.oknobuild.com\/index.php\/wp-json\/wp\/v2\/comments?post=8172"}],"wp:featuredmedia":[{"embeddable":true,"href":"https:\/\/www.oknobuild.com\/index.php\/wp-json\/wp\/v2\/media\/8272"}],"wp:attachment":[{"href":"https:\/\/www.oknobuild.com\/index.php\/wp-json\/wp\/v2\/media?parent=8172"}],"wp:term":[{"taxonomy":"product_brand","embeddable":true,"href":"https:\/\/www.oknobuild.com\/index.php\/wp-json\/wp\/v2\/product_brand?post=8172"},{"taxonomy":"product_cat","embeddable":true,"href":"https:\/\/www.oknobuild.com\/index.php\/wp-json\/wp\/v2\/product_cat?post=8172"},{"taxonomy":"product_tag","embeddable":true,"href":"https:\/\/www.oknobuild.com\/index.php\/wp-json\/wp\/v2\/product_tag?post=8172"}],"curies":[{"name":"wp","href":"https:\/\/api.w.org\/{rel}","templated":true}]}}