{"id":8295,"date":"2026-04-27T04:40:53","date_gmt":"2026-04-27T04:40:53","guid":{"rendered":""},"modified":"2026-04-27T04:40:53","modified_gmt":"2026-04-27T04:40:53","slug":"gardena-5550-20-cl-vodni-nasada-150-cm-top-prodej-8295","status":"publish","type":"product","link":"https:\/\/www.oknobuild.com\/index.php\/produkt\/gardena-5550-20-cl-vodni-nasada-150-cm-top-prodej-8295\/","title":{"rendered":"Gardena 5550-20 cl-vodn\u00ed n\u00e1sada 150 cm Top Prodej"},"content":{"rendered":"<table>\n<div class=\"tab-pane active product-description\" id=\"popis\" role=\"tabpanel\">\n<div class=\"short-description\" itemprop=\"description\"><\/div>\n<div class=\"description\">\u25ba Plynul\u00e9 nastavov\u00e1n\u00ed nebo uzav\u00edr\u00e1n\u00ed pr\u016ftoku vody<span class='bullet-line'>Snaz\u0161\u00ed \u00faklid okolo domu. <\/span><span class='bullet-line'>Voda prot\u00e9k\u00e1 dr\u017eadlem a pr\u016ftok lze plynule nastavovat nebo nastaven\u00ed zablokovat.<\/span>\u25ba Z\u00e1ruka v trv\u00e1n\u00ed 5 let je d\u016fkazem vysok\u00e9 kvality<span class='bullet-line'>Podrobnosti o podm\u00ednk\u00e1ch z\u00e1ruky najdete v p\u0159ilo\u017een\u00e9m n\u00e1vodu k pou\u017eit\u00ed nebo online na www.gardena.com\/warranty. <\/span><span class='bullet-line'>Tato z\u00e1ruka nem\u00e1 vliv na va\u0161e z\u00e1konn\u00e9 z\u00e1ru\u010dn\u00ed n\u00e1roky.<\/span>\u25ba Spr\u00e1vn\u00e9 mno\u017estv\u00ed \u010distic\u00edch prost\u0159edk\u016f<span class='bullet-line'>D\u00edky d\u00e1vkova\u010di lze d\u00e1vkovat p\u0159\u00edslu\u0161n\u00e9 \u010distic\u00ed prost\u0159edky od spole\u010dnosti GARDENA dle po\u017eadavk\u016f.<\/span>\u25ba \u0160pi\u010dkov\u00e1 kvalita v\u00fdrobku<span class='bullet-line'>Kvalitn\u00ed n\u011bmeck\u00e9 v\u00fdrobky GARDENA znamenaj\u00ed d\u016fv\u011bryhodn\u00fd v\u00fdkon, spolehlivost a neust\u00e1l\u00e9 inovace.<\/span>\u25ba Plastov\u00e1 povrchov\u00e1 \u00faprava padne dob\u0159e do ruky<span class='bullet-line'>Plastov\u00e1 povrchov\u00e1 \u00faprava umo\u017e\u0148uje pohodln\u00fd \u00fachop a chr\u00e1n\u00ed ruce p\u0159ed chladem. <\/span><span class='bullet-line'>Chr\u00e1n\u00ed tak\u00e9 proti po\u0161kr\u00e1b\u00e1n\u00ed.<\/span>\u25ba Snadn\u00e1 a bezpe\u010dn\u00e1 p\u0159ipojovac\u00ed technologie<span class='bullet-line'>Sta\u010d\u00ed jednodu\u0161e p\u0159ipojit vodn\u00ed n\u00e1sadu pomoc\u00ed \u0161roubov\u00e9ho spojen\u00ed k p\u0159\u00edslu\u0161enstv\u00ed Original GARDENA Clean syst\u00e9mu a prov\u00e1d\u011bt \u010di\u0161t\u011bn\u00ed bezpe\u010dn\u011b a efektivn\u011b.<\/span>\u25ba Praktick\u00e9, pohodln\u00e9, efektivn\u00ed<span class='bullet-line'>Vodn\u00ed n\u00e1sada 150 cm je opat\u0159ena p\u0159\u00edpojkou Original GARDENA syst\u00e9mu a lze ji tak snadno p\u0159ipojit \u0161rouben\u00edm Original GARDENA syst\u00e9mu a k vodn\u00ed hadici. <\/span><span class='bullet-line'>Voda je prost\u0159ednictv\u00edm dr\u017eadla vedena p\u0159\u00edmo do kart\u00e1\u010de nebo \u010disti\u010de oken. <\/span><span class='bullet-line'>\u017d\u00e1dn\u00e9 zdlouhav\u00e9 odkl\u00e1d\u00e1n\u00ed a nab\u00edr\u00e1n\u00ed vody z k\u00fdble.<\/span>\u25ba N\u00e1sada pro Clean syst\u00e9m<span class='bullet-line'>Vodn\u00ed n\u00e1sada 150 od spole\u010dnosti GARDENA je vhodn\u00e1 pro individu\u00e1ln\u00ed prodlu\u017eov\u00e1n\u00ed ve\u0161ker\u00e9ho p\u0159\u00edslu\u0161enstv\u00ed Original GARDENA Clean syst\u00e9mu dle po\u017eadavk\u016f. <\/span><span class='bullet-line'>N\u00e1sada m\u00e1 d\u00e9lku 150 cm a je vyrobena z vysoce kvalitn\u00edho hlin\u00edku, d\u00edky \u010demu\u017e je lehk\u00e1 a robustn\u00ed. <\/span><span class='bullet-line'>D\u00edky technologii jednoduch\u00e9ho a bezpe\u010dn\u00e9ho p\u0159ipojov\u00e1n\u00ed se \u0161roubov\u00fdm spojen\u00edm lze k n\u00e1sad\u011b snadno p\u0159ipojit ve\u0161ker\u00e9 p\u0159\u00edslu\u0161enstv\u00ed Clean syst\u00e9mu. <\/span><span class='bullet-line'>Jeliko\u017e je n\u00e1sada opat\u0159ena plastov\u00fdm potahem umo\u017e\u0148uj\u00edc\u00edm snadn\u00e9 dr\u017een\u00ed, je manipulace s n\u00ed p\u0159\u00edjemn\u00e1, nejsou na n\u00ed \u017e\u00e1dn\u00e9 \u0161kr\u00e1bance, povrch je protiskluzov\u00fd a nikdy nep\u016fsob\u00ed chladn\u011b. <\/span><span class='bullet-line'>Na n\u00e1sad\u011b lze snadno regulovat mno\u017estv\u00ed a tlak vody. <\/span><span class='bullet-line'>Pr\u016ftok vody lze plynule nastavovat a je mo\u017en\u00e9 ho uzamknout. <\/span><span class='bullet-line'>Do vodn\u00ed n\u00e1sady je integrov\u00e1n praktick\u00fd d\u00e1vkova\u010d \u010distic\u00edch prost\u0159edk\u016f od spole\u010dnosti GARDENA (\u010d.v. 1680-20, 1682-20, 1684-20, 5730-20) odoln\u00fd proti prasknut\u00ed. <\/span><span class='bullet-line'>M\u016f\u017eete pracovat s \u010distou vodou nebo s p\u0159idan\u00fdm \u010distic\u00edm prost\u0159edkem.<\/span><\/div>\n<div class=\"parameters\">\n<tr>\n<td>D\u00e9lka<\/td>\n<td>1.5 m<\/td>\n<\/tr>\n<tr>\n<td>Pou\u017eit\u00ed<\/td>\n<td>Pro individu\u00e1ln\u00ed prodlou\u017een\u00ed podle pot\u0159eb<\/td>\n<\/tr>\n<tr>\n<td>Z\u00e1ruka spole\u010dnosti Gardena<\/td>\n<td>Z\u00e1ruka 5 let<\/td>\n<\/tr><\/div>\n<\/table>\n","protected":false},"excerpt":{"rendered":"<p>\u25ba Plynul\u00e9 nastavov\u00e1n\u00ed nebo uzav\u00edr\u00e1n\u00ed pr\u016ftoku vodySnaz\u0161\u00ed \u00faklid okolo domu. Voda prot\u00e9k\u00e1 dr\u017eadlem a pr\u016ftok lze plynule nastavovat nebo nastaven\u00ed zablokovat.\u25ba Z\u00e1ruka v trv\u00e1n\u00ed 5 let je d\u016fkazem vysok\u00e9 kvalityPodrobnosti o podm\u00ednk\u00e1ch z\u00e1ruky najdete v p\u0159ilo\u017een\u00e9m n\u00e1vodu k pou\u017eit\u00ed nebo online na www.gardena.com\/warranty. Tato z\u00e1ruka nem\u00e1 vliv na va\u0161e z\u00e1konn\u00e9 z\u00e1ru\u010dn\u00ed n\u00e1roky.\u25ba Spr\u00e1vn\u00e9 mno\u017estv\u00ed \u010distic\u00edch [&hellip;]<\/p>\n","protected":false},"featured_media":8395,"comment_status":"open","ping_status":"open","template":"","meta":[],"product_brand":[],"product_cat":[49],"product_tag":[],"class_list":{"0":"post-8295","1":"product","2":"type-product","3":"status-publish","4":"has-post-thumbnail","6":"product_cat-cistici-technika","8":"first","9":"instock","10":"sale","11":"shipping-taxable","12":"purchasable","13":"product-type-simple"},"yoast_head":"<!-- This site is optimized with the Yoast SEO plugin v26.8 - https:\/\/yoast.com\/product\/yoast-seo-wordpress\/ -->\n<title>Gardena 5550-20 cl-vodn\u00ed n\u00e1sada 150 cm Top Prodej -<\/title>\n<meta name=\"robots\" content=\"index, follow, max-snippet:-1, max-image-preview:large, max-video-preview:-1\" \/>\n<link rel=\"canonical\" href=\"https:\/\/www.oknobuild.com\/index.php\/produkt\/gardena-5550-20-cl-vodni-nasada-150-cm-top-prodej-8295\/\" \/>\n<meta property=\"og:locale\" content=\"cs_CZ\" \/>\n<meta property=\"og:type\" content=\"article\" \/>\n<meta property=\"og:title\" content=\"Gardena 5550-20 cl-vodn\u00ed n\u00e1sada 150 cm Top Prodej -\" \/>\n<meta property=\"og:description\" content=\"\u25ba Plynul\u00e9 nastavov\u00e1n\u00ed nebo uzav\u00edr\u00e1n\u00ed pr\u016ftoku vodySnaz\u0161\u00ed \u00faklid okolo domu. Voda prot\u00e9k\u00e1 dr\u017eadlem a pr\u016ftok lze plynule nastavovat nebo nastaven\u00ed zablokovat.\u25ba Z\u00e1ruka v trv\u00e1n\u00ed 5 let je d\u016fkazem vysok\u00e9 kvalityPodrobnosti o podm\u00ednk\u00e1ch z\u00e1ruky najdete v p\u0159ilo\u017een\u00e9m n\u00e1vodu k pou\u017eit\u00ed nebo online na www.gardena.com\/warranty. Tato z\u00e1ruka nem\u00e1 vliv na va\u0161e z\u00e1konn\u00e9 z\u00e1ru\u010dn\u00ed n\u00e1roky.\u25ba Spr\u00e1vn\u00e9 mno\u017estv\u00ed \u010distic\u00edch [&hellip;]\" \/>\n<meta property=\"og:url\" content=\"https:\/\/www.oknobuild.com\/index.php\/produkt\/gardena-5550-20-cl-vodni-nasada-150-cm-top-prodej-8295\/\" \/>\n<meta property=\"og:image\" content=\"https:\/\/www.oknobuild.com\/wp-content\/uploads\/2026\/SK0018844-CZ20260425-092328-0-1777080210-208796-1_142127.ashx.webp\" \/>\n\t<meta property=\"og:image:width\" content=\"47\" \/>\n\t<meta property=\"og:image:height\" content=\"470\" \/>\n\t<meta property=\"og:image:type\" content=\"image\/webp\" \/>\n<meta name=\"twitter:card\" content=\"summary_large_image\" \/>\n<meta name=\"twitter:label1\" content=\"Odhadovan\u00e1 doba \u010dten\u00ed\" \/>\n\t<meta name=\"twitter:data1\" content=\"2 minuty\" \/>\n<script type=\"application\/ld+json\" class=\"yoast-schema-graph\">{\"@context\":\"https:\/\/schema.org\",\"@graph\":[{\"@type\":\"WebPage\",\"@id\":\"https:\/\/www.oknobuild.com\/index.php\/produkt\/gardena-5550-20-cl-vodni-nasada-150-cm-top-prodej-8295\/\",\"url\":\"https:\/\/www.oknobuild.com\/index.php\/produkt\/gardena-5550-20-cl-vodni-nasada-150-cm-top-prodej-8295\/\",\"name\":\"Gardena 5550-20 cl-vodn\u00ed n\u00e1sada 150 cm Top Prodej -\",\"isPartOf\":{\"@id\":\"https:\/\/www.oknobuild.com\/#website\"},\"primaryImageOfPage\":{\"@id\":\"https:\/\/www.oknobuild.com\/index.php\/produkt\/gardena-5550-20-cl-vodni-nasada-150-cm-top-prodej-8295\/#primaryimage\"},\"image\":{\"@id\":\"https:\/\/www.oknobuild.com\/index.php\/produkt\/gardena-5550-20-cl-vodni-nasada-150-cm-top-prodej-8295\/#primaryimage\"},\"thumbnailUrl\":\"https:\/\/www.oknobuild.com\/wp-content\/uploads\/2026\/SK0018844-CZ20260425-092328-0-1777080210-208796-1_142127.ashx.webp\",\"datePublished\":\"2026-04-27T04:40:53+00:00\",\"breadcrumb\":{\"@id\":\"https:\/\/www.oknobuild.com\/index.php\/produkt\/gardena-5550-20-cl-vodni-nasada-150-cm-top-prodej-8295\/#breadcrumb\"},\"inLanguage\":\"cs\",\"potentialAction\":[{\"@type\":\"ReadAction\",\"target\":[\"https:\/\/www.oknobuild.com\/index.php\/produkt\/gardena-5550-20-cl-vodni-nasada-150-cm-top-prodej-8295\/\"]}]},{\"@type\":\"ImageObject\",\"inLanguage\":\"cs\",\"@id\":\"https:\/\/www.oknobuild.com\/index.php\/produkt\/gardena-5550-20-cl-vodni-nasada-150-cm-top-prodej-8295\/#primaryimage\",\"url\":\"https:\/\/www.oknobuild.com\/wp-content\/uploads\/2026\/SK0018844-CZ20260425-092328-0-1777080210-208796-1_142127.ashx.webp\",\"contentUrl\":\"https:\/\/www.oknobuild.com\/wp-content\/uploads\/2026\/SK0018844-CZ20260425-092328-0-1777080210-208796-1_142127.ashx.webp\",\"width\":47,\"height\":470},{\"@type\":\"BreadcrumbList\",\"@id\":\"https:\/\/www.oknobuild.com\/index.php\/produkt\/gardena-5550-20-cl-vodni-nasada-150-cm-top-prodej-8295\/#breadcrumb\",\"itemListElement\":[{\"@type\":\"ListItem\",\"position\":1,\"name\":\"Home\",\"item\":\"https:\/\/www.oknobuild.com\/\"},{\"@type\":\"ListItem\",\"position\":2,\"name\":\"Products\",\"item\":\"https:\/\/www.oknobuild.com\/index.php\/products\/\"},{\"@type\":\"ListItem\",\"position\":3,\"name\":\"Gardena 5550-20 cl-vodn\u00ed n\u00e1sada 150 cm Top Prodej\"}]},{\"@type\":\"WebSite\",\"@id\":\"https:\/\/www.oknobuild.com\/#website\",\"url\":\"https:\/\/www.oknobuild.com\/\",\"name\":\"\",\"description\":\"\",\"potentialAction\":[{\"@type\":\"SearchAction\",\"target\":{\"@type\":\"EntryPoint\",\"urlTemplate\":\"https:\/\/www.oknobuild.com\/?s={search_term_string}\"},\"query-input\":{\"@type\":\"PropertyValueSpecification\",\"valueRequired\":true,\"valueName\":\"search_term_string\"}}],\"inLanguage\":\"cs\"}]}<\/script>\n<!-- \/ Yoast SEO plugin. -->","yoast_head_json":{"title":"Gardena 5550-20 cl-vodn\u00ed n\u00e1sada 150 cm Top Prodej -","robots":{"index":"index","follow":"follow","max-snippet":"max-snippet:-1","max-image-preview":"max-image-preview:large","max-video-preview":"max-video-preview:-1"},"canonical":"https:\/\/www.oknobuild.com\/index.php\/produkt\/gardena-5550-20-cl-vodni-nasada-150-cm-top-prodej-8295\/","og_locale":"cs_CZ","og_type":"article","og_title":"Gardena 5550-20 cl-vodn\u00ed n\u00e1sada 150 cm Top Prodej -","og_description":"\u25ba Plynul\u00e9 nastavov\u00e1n\u00ed nebo uzav\u00edr\u00e1n\u00ed pr\u016ftoku vodySnaz\u0161\u00ed \u00faklid okolo domu. Voda prot\u00e9k\u00e1 dr\u017eadlem a pr\u016ftok lze plynule nastavovat nebo nastaven\u00ed zablokovat.\u25ba Z\u00e1ruka v trv\u00e1n\u00ed 5 let je d\u016fkazem vysok\u00e9 kvalityPodrobnosti o podm\u00ednk\u00e1ch z\u00e1ruky najdete v p\u0159ilo\u017een\u00e9m n\u00e1vodu k pou\u017eit\u00ed nebo online na www.gardena.com\/warranty. Tato z\u00e1ruka nem\u00e1 vliv na va\u0161e z\u00e1konn\u00e9 z\u00e1ru\u010dn\u00ed n\u00e1roky.\u25ba Spr\u00e1vn\u00e9 mno\u017estv\u00ed \u010distic\u00edch [&hellip;]","og_url":"https:\/\/www.oknobuild.com\/index.php\/produkt\/gardena-5550-20-cl-vodni-nasada-150-cm-top-prodej-8295\/","og_image":[{"width":47,"height":470,"url":"https:\/\/www.oknobuild.com\/wp-content\/uploads\/2026\/SK0018844-CZ20260425-092328-0-1777080210-208796-1_142127.ashx.webp","type":"image\/webp"}],"twitter_card":"summary_large_image","twitter_misc":{"Odhadovan\u00e1 doba \u010dten\u00ed":"2 minuty"},"schema":{"@context":"https:\/\/schema.org","@graph":[{"@type":"WebPage","@id":"https:\/\/www.oknobuild.com\/index.php\/produkt\/gardena-5550-20-cl-vodni-nasada-150-cm-top-prodej-8295\/","url":"https:\/\/www.oknobuild.com\/index.php\/produkt\/gardena-5550-20-cl-vodni-nasada-150-cm-top-prodej-8295\/","name":"Gardena 5550-20 cl-vodn\u00ed n\u00e1sada 150 cm Top Prodej -","isPartOf":{"@id":"https:\/\/www.oknobuild.com\/#website"},"primaryImageOfPage":{"@id":"https:\/\/www.oknobuild.com\/index.php\/produkt\/gardena-5550-20-cl-vodni-nasada-150-cm-top-prodej-8295\/#primaryimage"},"image":{"@id":"https:\/\/www.oknobuild.com\/index.php\/produkt\/gardena-5550-20-cl-vodni-nasada-150-cm-top-prodej-8295\/#primaryimage"},"thumbnailUrl":"https:\/\/www.oknobuild.com\/wp-content\/uploads\/2026\/SK0018844-CZ20260425-092328-0-1777080210-208796-1_142127.ashx.webp","datePublished":"2026-04-27T04:40:53+00:00","breadcrumb":{"@id":"https:\/\/www.oknobuild.com\/index.php\/produkt\/gardena-5550-20-cl-vodni-nasada-150-cm-top-prodej-8295\/#breadcrumb"},"inLanguage":"cs","potentialAction":[{"@type":"ReadAction","target":["https:\/\/www.oknobuild.com\/index.php\/produkt\/gardena-5550-20-cl-vodni-nasada-150-cm-top-prodej-8295\/"]}]},{"@type":"ImageObject","inLanguage":"cs","@id":"https:\/\/www.oknobuild.com\/index.php\/produkt\/gardena-5550-20-cl-vodni-nasada-150-cm-top-prodej-8295\/#primaryimage","url":"https:\/\/www.oknobuild.com\/wp-content\/uploads\/2026\/SK0018844-CZ20260425-092328-0-1777080210-208796-1_142127.ashx.webp","contentUrl":"https:\/\/www.oknobuild.com\/wp-content\/uploads\/2026\/SK0018844-CZ20260425-092328-0-1777080210-208796-1_142127.ashx.webp","width":47,"height":470},{"@type":"BreadcrumbList","@id":"https:\/\/www.oknobuild.com\/index.php\/produkt\/gardena-5550-20-cl-vodni-nasada-150-cm-top-prodej-8295\/#breadcrumb","itemListElement":[{"@type":"ListItem","position":1,"name":"Home","item":"https:\/\/www.oknobuild.com\/"},{"@type":"ListItem","position":2,"name":"Products","item":"https:\/\/www.oknobuild.com\/index.php\/products\/"},{"@type":"ListItem","position":3,"name":"Gardena 5550-20 cl-vodn\u00ed n\u00e1sada 150 cm Top Prodej"}]},{"@type":"WebSite","@id":"https:\/\/www.oknobuild.com\/#website","url":"https:\/\/www.oknobuild.com\/","name":"","description":"","potentialAction":[{"@type":"SearchAction","target":{"@type":"EntryPoint","urlTemplate":"https:\/\/www.oknobuild.com\/?s={search_term_string}"},"query-input":{"@type":"PropertyValueSpecification","valueRequired":true,"valueName":"search_term_string"}}],"inLanguage":"cs"}]}},"_links":{"self":[{"href":"https:\/\/www.oknobuild.com\/index.php\/wp-json\/wp\/v2\/product\/8295","targetHints":{"allow":["GET"]}}],"collection":[{"href":"https:\/\/www.oknobuild.com\/index.php\/wp-json\/wp\/v2\/product"}],"about":[{"href":"https:\/\/www.oknobuild.com\/index.php\/wp-json\/wp\/v2\/types\/product"}],"replies":[{"embeddable":true,"href":"https:\/\/www.oknobuild.com\/index.php\/wp-json\/wp\/v2\/comments?post=8295"}],"wp:featuredmedia":[{"embeddable":true,"href":"https:\/\/www.oknobuild.com\/index.php\/wp-json\/wp\/v2\/media\/8395"}],"wp:attachment":[{"href":"https:\/\/www.oknobuild.com\/index.php\/wp-json\/wp\/v2\/media?parent=8295"}],"wp:term":[{"taxonomy":"product_brand","embeddable":true,"href":"https:\/\/www.oknobuild.com\/index.php\/wp-json\/wp\/v2\/product_brand?post=8295"},{"taxonomy":"product_cat","embeddable":true,"href":"https:\/\/www.oknobuild.com\/index.php\/wp-json\/wp\/v2\/product_cat?post=8295"},{"taxonomy":"product_tag","embeddable":true,"href":"https:\/\/www.oknobuild.com\/index.php\/wp-json\/wp\/v2\/product_tag?post=8295"}],"curies":[{"name":"wp","href":"https:\/\/api.w.org\/{rel}","templated":true}]}}