{"id":8296,"date":"2026-04-27T04:40:53","date_gmt":"2026-04-27T04:40:53","guid":{"rendered":""},"modified":"2026-04-27T04:40:53","modified_gmt":"2026-04-27T04:40:53","slug":"gardena-5556-20-cl-prodluzovaci-nasada-kloubova-53-cm-znackovy-8296","status":"publish","type":"product","link":"https:\/\/www.oknobuild.com\/index.php\/produkt\/gardena-5556-20-cl-prodluzovaci-nasada-kloubova-53-cm-znackovy-8296\/","title":{"rendered":"Gardena 5556-20 cl-prodlu\u017eovac\u00ed n\u00e1sada kloubov\u00e1 53 cm Zna\u010dkov\u00fd"},"content":{"rendered":"<table>\n<div class=\"tab-pane active product-description\" id=\"popis\" role=\"tabpanel\">\n<div class=\"short-description\" itemprop=\"description\"><\/div>\n<div class=\"description\">\u25ba Z\u00e1ruka v trv\u00e1n\u00ed 5 let je d\u016fkazem vysok\u00e9 kvality<span class='bullet-line'>Podrobnosti o podm\u00ednk\u00e1ch z\u00e1ruky najdete v p\u0159ilo\u017een\u00e9m n\u00e1vodu k pou\u017eit\u00ed nebo online na www.gardena.com\/warranty. <\/span><span class='bullet-line'>Tato z\u00e1ruka nem\u00e1 vliv na va\u0161e z\u00e1konn\u00e9 z\u00e1ru\u010dn\u00ed n\u00e1roky.<\/span>\u25ba Pro nep\u0159\u00edstupn\u00e9 oblasti<span class='bullet-line'>Jemn\u011b nastaviteln\u00fd kloubov\u00fd spoj lze ot\u00e1\u010det o 45\u00b0 na ob\u011b strany a usnad\u0148uje \u010di\u0161t\u011bn\u00ed nep\u0159\u00edstupn\u00fdch m\u00edst.<\/span>\u25ba Plastov\u00e1 povrchov\u00e1 \u00faprava padne dob\u0159e do ruky<span class='bullet-line'>Plastov\u00e1 povrchov\u00e1 \u00faprava umo\u017e\u0148uje pohodln\u00fd \u00fachop a chr\u00e1n\u00ed ruce p\u0159ed chladem. <\/span><span class='bullet-line'>Chr\u00e1n\u00ed tak\u00e9 proti po\u0161kr\u00e1b\u00e1n\u00ed.<\/span>\u25ba \u0160pi\u010dkov\u00e1 kvalita v\u00fdrobku<span class='bullet-line'>Kvalitn\u00ed n\u011bmeck\u00e9 v\u00fdrobky GARDENA znamenaj\u00ed d\u016fv\u011bryhodn\u00fd v\u00fdkon, spolehlivost a neust\u00e1l\u00e9 inovace.<\/span>\u25ba Snadn\u00e1 a bezpe\u010dn\u00e1 p\u0159ipojovac\u00ed technologie<span class='bullet-line'>Sta\u010d\u00ed jednodu\u0161e p\u0159ipojit vodn\u00ed n\u00e1sadu pomoc\u00ed \u0161roubov\u00e9ho spojen\u00ed k p\u0159\u00edslu\u0161enstv\u00ed Original GARDENA Clean syst\u00e9mu a prov\u00e1d\u011bt \u010di\u0161t\u011bn\u00ed bezpe\u010dn\u011b a efektivn\u011b.<\/span>\u25ba Praktick\u00e9, pohodln\u00e9, efektivn\u00ed<span class='bullet-line'>53cm kloubov\u00e1 prodlu\u017eovac\u00ed n\u00e1sada m\u016f\u017ee b\u00fdt p\u0159\u00edmo p\u0159ipojena ke v\u0161em vodn\u00edm n\u00e1sad\u00e1m Original GARDENA Clean syst\u00e9mu. <\/span><span class='bullet-line'>Snadno dos\u00e1hnete na nep\u0159\u00edstupn\u00e1 m\u00edsta.<\/span>\u25ba Pro \u010di\u0161t\u011bn\u00ed \u0161patn\u011b p\u0159\u00edstupn\u00fdch oblast\u00ed<span class='bullet-line'>S kloubovou prodlu\u017eovac\u00ed n\u00e1sadou od spole\u010dnosti GARDENA se s p\u0159\u00edslu\u0161enstv\u00edm GARDENA Clean syst\u00e9mu dostanete je\u0161t\u011b na u\u017e\u0161\u00ed m\u00edsta. <\/span><span class='bullet-line'>Pomoc\u00ed prodlu\u017eovac\u00ed n\u00e1sady s d\u00e9lkou 53 cm lze d\u00edky snadn\u00e9, stabiln\u00ed a bezpe\u010dn\u00e9 p\u0159ipojovac\u00ed technologii se \u0161roubov\u00fdm spojen\u00edm prodlu\u017eovat v\u0161echny vodn\u00ed n\u00e1sady Original GARDENA Clean syst\u00e9mu. <\/span><span class='bullet-line'>D\u00edky plynule nastaviteln\u00e9mu kloubu umo\u017e\u0148uj\u00edc\u00edmu ot\u00e1\u010den\u00ed o 45\u00b0 na obou stran\u00e1ch m\u016f\u017eete snadno pracovat na nep\u0159\u00edstupn\u00fdch m\u00edstech, jako jsou st\u0159echy karavan\u016f nebo zimn\u00edch zahrad.<\/span><\/div>\n<div class=\"parameters\">\n<tr>\n<td>Pou\u017eit\u00ed<\/td>\n<td>Jemn\u011b nastaviteln\u00fd sklopn\u00fd kloub pro \u010di\u0161t\u011bn\u00ed na nep\u0159\u00edstupn\u00fdch m\u00edstech<\/td>\n<\/tr>\n<tr>\n<td>Z\u00e1ruka spole\u010dnosti Gardena<\/td>\n<td>Z\u00e1ruka 5 let<\/td>\n<\/tr><\/div>\n<\/table>\n","protected":false},"excerpt":{"rendered":"<p>\u25ba Z\u00e1ruka v trv\u00e1n\u00ed 5 let je d\u016fkazem vysok\u00e9 kvalityPodrobnosti o podm\u00ednk\u00e1ch z\u00e1ruky najdete v p\u0159ilo\u017een\u00e9m n\u00e1vodu k pou\u017eit\u00ed nebo online na www.gardena.com\/warranty. Tato z\u00e1ruka nem\u00e1 vliv na va\u0161e z\u00e1konn\u00e9 z\u00e1ru\u010dn\u00ed n\u00e1roky.\u25ba Pro nep\u0159\u00edstupn\u00e9 oblastiJemn\u011b nastaviteln\u00fd kloubov\u00fd spoj lze ot\u00e1\u010det o 45\u00b0 na ob\u011b strany a usnad\u0148uje \u010di\u0161t\u011bn\u00ed nep\u0159\u00edstupn\u00fdch m\u00edst.\u25ba Plastov\u00e1 povrchov\u00e1 \u00faprava padne dob\u0159e [&hellip;]<\/p>\n","protected":false},"featured_media":8396,"comment_status":"open","ping_status":"open","template":"","meta":[],"product_brand":[],"product_cat":[49],"product_tag":[],"class_list":{"0":"post-8296","1":"product","2":"type-product","3":"status-publish","4":"has-post-thumbnail","6":"product_cat-cistici-technika","8":"first","9":"instock","10":"sale","11":"shipping-taxable","12":"purchasable","13":"product-type-simple"},"yoast_head":"<!-- This site is optimized with the Yoast SEO plugin v26.8 - https:\/\/yoast.com\/product\/yoast-seo-wordpress\/ -->\n<title>Gardena 5556-20 cl-prodlu\u017eovac\u00ed n\u00e1sada kloubov\u00e1 53 cm Zna\u010dkov\u00fd -<\/title>\n<meta name=\"robots\" content=\"index, follow, max-snippet:-1, max-image-preview:large, max-video-preview:-1\" \/>\n<link rel=\"canonical\" href=\"https:\/\/www.oknobuild.com\/index.php\/produkt\/gardena-5556-20-cl-prodluzovaci-nasada-kloubova-53-cm-znackovy-8296\/\" \/>\n<meta property=\"og:locale\" content=\"cs_CZ\" \/>\n<meta property=\"og:type\" content=\"article\" \/>\n<meta property=\"og:title\" content=\"Gardena 5556-20 cl-prodlu\u017eovac\u00ed n\u00e1sada kloubov\u00e1 53 cm Zna\u010dkov\u00fd -\" \/>\n<meta property=\"og:description\" content=\"\u25ba Z\u00e1ruka v trv\u00e1n\u00ed 5 let je d\u016fkazem vysok\u00e9 kvalityPodrobnosti o podm\u00ednk\u00e1ch z\u00e1ruky najdete v p\u0159ilo\u017een\u00e9m n\u00e1vodu k pou\u017eit\u00ed nebo online na www.gardena.com\/warranty. Tato z\u00e1ruka nem\u00e1 vliv na va\u0161e z\u00e1konn\u00e9 z\u00e1ru\u010dn\u00ed n\u00e1roky.\u25ba Pro nep\u0159\u00edstupn\u00e9 oblastiJemn\u011b nastaviteln\u00fd kloubov\u00fd spoj lze ot\u00e1\u010det o 45\u00b0 na ob\u011b strany a usnad\u0148uje \u010di\u0161t\u011bn\u00ed nep\u0159\u00edstupn\u00fdch m\u00edst.\u25ba Plastov\u00e1 povrchov\u00e1 \u00faprava padne dob\u0159e [&hellip;]\" \/>\n<meta property=\"og:url\" content=\"https:\/\/www.oknobuild.com\/index.php\/produkt\/gardena-5556-20-cl-prodluzovaci-nasada-kloubova-53-cm-znackovy-8296\/\" \/>\n<meta property=\"og:image\" content=\"https:\/\/www.oknobuild.com\/wp-content\/uploads\/2026\/SK0018845-CZ20260425-092328-0-1777080210-208798-1_142127.ashx.webp\" \/>\n\t<meta property=\"og:image:width\" content=\"663\" \/>\n\t<meta property=\"og:image:height\" content=\"470\" \/>\n\t<meta property=\"og:image:type\" content=\"image\/webp\" \/>\n<meta name=\"twitter:card\" content=\"summary_large_image\" \/>\n<meta name=\"twitter:label1\" content=\"Odhadovan\u00e1 doba \u010dten\u00ed\" \/>\n\t<meta name=\"twitter:data1\" content=\"2 minuty\" \/>\n<script type=\"application\/ld+json\" class=\"yoast-schema-graph\">{\"@context\":\"https:\/\/schema.org\",\"@graph\":[{\"@type\":\"WebPage\",\"@id\":\"https:\/\/www.oknobuild.com\/index.php\/produkt\/gardena-5556-20-cl-prodluzovaci-nasada-kloubova-53-cm-znackovy-8296\/\",\"url\":\"https:\/\/www.oknobuild.com\/index.php\/produkt\/gardena-5556-20-cl-prodluzovaci-nasada-kloubova-53-cm-znackovy-8296\/\",\"name\":\"Gardena 5556-20 cl-prodlu\u017eovac\u00ed n\u00e1sada kloubov\u00e1 53 cm Zna\u010dkov\u00fd -\",\"isPartOf\":{\"@id\":\"https:\/\/www.oknobuild.com\/#website\"},\"primaryImageOfPage\":{\"@id\":\"https:\/\/www.oknobuild.com\/index.php\/produkt\/gardena-5556-20-cl-prodluzovaci-nasada-kloubova-53-cm-znackovy-8296\/#primaryimage\"},\"image\":{\"@id\":\"https:\/\/www.oknobuild.com\/index.php\/produkt\/gardena-5556-20-cl-prodluzovaci-nasada-kloubova-53-cm-znackovy-8296\/#primaryimage\"},\"thumbnailUrl\":\"https:\/\/www.oknobuild.com\/wp-content\/uploads\/2026\/SK0018845-CZ20260425-092328-0-1777080210-208798-1_142127.ashx.webp\",\"datePublished\":\"2026-04-27T04:40:53+00:00\",\"breadcrumb\":{\"@id\":\"https:\/\/www.oknobuild.com\/index.php\/produkt\/gardena-5556-20-cl-prodluzovaci-nasada-kloubova-53-cm-znackovy-8296\/#breadcrumb\"},\"inLanguage\":\"cs\",\"potentialAction\":[{\"@type\":\"ReadAction\",\"target\":[\"https:\/\/www.oknobuild.com\/index.php\/produkt\/gardena-5556-20-cl-prodluzovaci-nasada-kloubova-53-cm-znackovy-8296\/\"]}]},{\"@type\":\"ImageObject\",\"inLanguage\":\"cs\",\"@id\":\"https:\/\/www.oknobuild.com\/index.php\/produkt\/gardena-5556-20-cl-prodluzovaci-nasada-kloubova-53-cm-znackovy-8296\/#primaryimage\",\"url\":\"https:\/\/www.oknobuild.com\/wp-content\/uploads\/2026\/SK0018845-CZ20260425-092328-0-1777080210-208798-1_142127.ashx.webp\",\"contentUrl\":\"https:\/\/www.oknobuild.com\/wp-content\/uploads\/2026\/SK0018845-CZ20260425-092328-0-1777080210-208798-1_142127.ashx.webp\",\"width\":663,\"height\":470},{\"@type\":\"BreadcrumbList\",\"@id\":\"https:\/\/www.oknobuild.com\/index.php\/produkt\/gardena-5556-20-cl-prodluzovaci-nasada-kloubova-53-cm-znackovy-8296\/#breadcrumb\",\"itemListElement\":[{\"@type\":\"ListItem\",\"position\":1,\"name\":\"Home\",\"item\":\"https:\/\/www.oknobuild.com\/\"},{\"@type\":\"ListItem\",\"position\":2,\"name\":\"Products\",\"item\":\"https:\/\/www.oknobuild.com\/index.php\/products\/\"},{\"@type\":\"ListItem\",\"position\":3,\"name\":\"Gardena 5556-20 cl-prodlu\u017eovac\u00ed n\u00e1sada kloubov\u00e1 53 cm Zna\u010dkov\u00fd\"}]},{\"@type\":\"WebSite\",\"@id\":\"https:\/\/www.oknobuild.com\/#website\",\"url\":\"https:\/\/www.oknobuild.com\/\",\"name\":\"\",\"description\":\"\",\"potentialAction\":[{\"@type\":\"SearchAction\",\"target\":{\"@type\":\"EntryPoint\",\"urlTemplate\":\"https:\/\/www.oknobuild.com\/?s={search_term_string}\"},\"query-input\":{\"@type\":\"PropertyValueSpecification\",\"valueRequired\":true,\"valueName\":\"search_term_string\"}}],\"inLanguage\":\"cs\"}]}<\/script>\n<!-- \/ Yoast SEO plugin. -->","yoast_head_json":{"title":"Gardena 5556-20 cl-prodlu\u017eovac\u00ed n\u00e1sada kloubov\u00e1 53 cm Zna\u010dkov\u00fd -","robots":{"index":"index","follow":"follow","max-snippet":"max-snippet:-1","max-image-preview":"max-image-preview:large","max-video-preview":"max-video-preview:-1"},"canonical":"https:\/\/www.oknobuild.com\/index.php\/produkt\/gardena-5556-20-cl-prodluzovaci-nasada-kloubova-53-cm-znackovy-8296\/","og_locale":"cs_CZ","og_type":"article","og_title":"Gardena 5556-20 cl-prodlu\u017eovac\u00ed n\u00e1sada kloubov\u00e1 53 cm Zna\u010dkov\u00fd -","og_description":"\u25ba Z\u00e1ruka v trv\u00e1n\u00ed 5 let je d\u016fkazem vysok\u00e9 kvalityPodrobnosti o podm\u00ednk\u00e1ch z\u00e1ruky najdete v p\u0159ilo\u017een\u00e9m n\u00e1vodu k pou\u017eit\u00ed nebo online na www.gardena.com\/warranty. Tato z\u00e1ruka nem\u00e1 vliv na va\u0161e z\u00e1konn\u00e9 z\u00e1ru\u010dn\u00ed n\u00e1roky.\u25ba Pro nep\u0159\u00edstupn\u00e9 oblastiJemn\u011b nastaviteln\u00fd kloubov\u00fd spoj lze ot\u00e1\u010det o 45\u00b0 na ob\u011b strany a usnad\u0148uje \u010di\u0161t\u011bn\u00ed nep\u0159\u00edstupn\u00fdch m\u00edst.\u25ba Plastov\u00e1 povrchov\u00e1 \u00faprava padne dob\u0159e [&hellip;]","og_url":"https:\/\/www.oknobuild.com\/index.php\/produkt\/gardena-5556-20-cl-prodluzovaci-nasada-kloubova-53-cm-znackovy-8296\/","og_image":[{"width":663,"height":470,"url":"https:\/\/www.oknobuild.com\/wp-content\/uploads\/2026\/SK0018845-CZ20260425-092328-0-1777080210-208798-1_142127.ashx.webp","type":"image\/webp"}],"twitter_card":"summary_large_image","twitter_misc":{"Odhadovan\u00e1 doba \u010dten\u00ed":"2 minuty"},"schema":{"@context":"https:\/\/schema.org","@graph":[{"@type":"WebPage","@id":"https:\/\/www.oknobuild.com\/index.php\/produkt\/gardena-5556-20-cl-prodluzovaci-nasada-kloubova-53-cm-znackovy-8296\/","url":"https:\/\/www.oknobuild.com\/index.php\/produkt\/gardena-5556-20-cl-prodluzovaci-nasada-kloubova-53-cm-znackovy-8296\/","name":"Gardena 5556-20 cl-prodlu\u017eovac\u00ed n\u00e1sada kloubov\u00e1 53 cm Zna\u010dkov\u00fd -","isPartOf":{"@id":"https:\/\/www.oknobuild.com\/#website"},"primaryImageOfPage":{"@id":"https:\/\/www.oknobuild.com\/index.php\/produkt\/gardena-5556-20-cl-prodluzovaci-nasada-kloubova-53-cm-znackovy-8296\/#primaryimage"},"image":{"@id":"https:\/\/www.oknobuild.com\/index.php\/produkt\/gardena-5556-20-cl-prodluzovaci-nasada-kloubova-53-cm-znackovy-8296\/#primaryimage"},"thumbnailUrl":"https:\/\/www.oknobuild.com\/wp-content\/uploads\/2026\/SK0018845-CZ20260425-092328-0-1777080210-208798-1_142127.ashx.webp","datePublished":"2026-04-27T04:40:53+00:00","breadcrumb":{"@id":"https:\/\/www.oknobuild.com\/index.php\/produkt\/gardena-5556-20-cl-prodluzovaci-nasada-kloubova-53-cm-znackovy-8296\/#breadcrumb"},"inLanguage":"cs","potentialAction":[{"@type":"ReadAction","target":["https:\/\/www.oknobuild.com\/index.php\/produkt\/gardena-5556-20-cl-prodluzovaci-nasada-kloubova-53-cm-znackovy-8296\/"]}]},{"@type":"ImageObject","inLanguage":"cs","@id":"https:\/\/www.oknobuild.com\/index.php\/produkt\/gardena-5556-20-cl-prodluzovaci-nasada-kloubova-53-cm-znackovy-8296\/#primaryimage","url":"https:\/\/www.oknobuild.com\/wp-content\/uploads\/2026\/SK0018845-CZ20260425-092328-0-1777080210-208798-1_142127.ashx.webp","contentUrl":"https:\/\/www.oknobuild.com\/wp-content\/uploads\/2026\/SK0018845-CZ20260425-092328-0-1777080210-208798-1_142127.ashx.webp","width":663,"height":470},{"@type":"BreadcrumbList","@id":"https:\/\/www.oknobuild.com\/index.php\/produkt\/gardena-5556-20-cl-prodluzovaci-nasada-kloubova-53-cm-znackovy-8296\/#breadcrumb","itemListElement":[{"@type":"ListItem","position":1,"name":"Home","item":"https:\/\/www.oknobuild.com\/"},{"@type":"ListItem","position":2,"name":"Products","item":"https:\/\/www.oknobuild.com\/index.php\/products\/"},{"@type":"ListItem","position":3,"name":"Gardena 5556-20 cl-prodlu\u017eovac\u00ed n\u00e1sada kloubov\u00e1 53 cm Zna\u010dkov\u00fd"}]},{"@type":"WebSite","@id":"https:\/\/www.oknobuild.com\/#website","url":"https:\/\/www.oknobuild.com\/","name":"","description":"","potentialAction":[{"@type":"SearchAction","target":{"@type":"EntryPoint","urlTemplate":"https:\/\/www.oknobuild.com\/?s={search_term_string}"},"query-input":{"@type":"PropertyValueSpecification","valueRequired":true,"valueName":"search_term_string"}}],"inLanguage":"cs"}]}},"_links":{"self":[{"href":"https:\/\/www.oknobuild.com\/index.php\/wp-json\/wp\/v2\/product\/8296","targetHints":{"allow":["GET"]}}],"collection":[{"href":"https:\/\/www.oknobuild.com\/index.php\/wp-json\/wp\/v2\/product"}],"about":[{"href":"https:\/\/www.oknobuild.com\/index.php\/wp-json\/wp\/v2\/types\/product"}],"replies":[{"embeddable":true,"href":"https:\/\/www.oknobuild.com\/index.php\/wp-json\/wp\/v2\/comments?post=8296"}],"wp:featuredmedia":[{"embeddable":true,"href":"https:\/\/www.oknobuild.com\/index.php\/wp-json\/wp\/v2\/media\/8396"}],"wp:attachment":[{"href":"https:\/\/www.oknobuild.com\/index.php\/wp-json\/wp\/v2\/media?parent=8296"}],"wp:term":[{"taxonomy":"product_brand","embeddable":true,"href":"https:\/\/www.oknobuild.com\/index.php\/wp-json\/wp\/v2\/product_brand?post=8296"},{"taxonomy":"product_cat","embeddable":true,"href":"https:\/\/www.oknobuild.com\/index.php\/wp-json\/wp\/v2\/product_cat?post=8296"},{"taxonomy":"product_tag","embeddable":true,"href":"https:\/\/www.oknobuild.com\/index.php\/wp-json\/wp\/v2\/product_tag?post=8296"}],"curies":[{"name":"wp","href":"https:\/\/api.w.org\/{rel}","templated":true}]}}