{"id":8297,"date":"2026-04-27T04:40:53","date_gmt":"2026-04-27T04:40:53","guid":{"rendered":""},"modified":"2026-04-27T04:40:53","modified_gmt":"2026-04-27T04:40:53","slug":"gardena-5564-20-cl-cistic-oken-se-sterkou-vraceni-zdarma-8297","status":"publish","type":"product","link":"https:\/\/www.oknobuild.com\/index.php\/produkt\/gardena-5564-20-cl-cistic-oken-se-sterkou-vraceni-zdarma-8297\/","title":{"rendered":"Gardena 5564-20 cl-\u010disti\u010d oken se st\u011brkou Vr\u00e1cen\u00ed Zdarma"},"content":{"rendered":"<table>\n<div class=\"tab-pane active product-description\" id=\"popis\" role=\"tabpanel\">\n<div class=\"short-description\" itemprop=\"description\"><\/div>\n<div class=\"description\">\n<p>\u25ba Pohodln\u00e9 \u010di\u0161t\u011bn\u00ed a st\u00edr\u00e1n\u00ed pomoc\u00ed jednoho produktu<span class=\"bullet-line\">D\u00edky kombinaci st\u011brky a \u010disti\u010de jsou integrov\u00e1ny dva produkty v jednom. T\u00edm doch\u00e1z\u00ed k \u00faspo\u0159e \u010dasu a pen\u011bz.<\/span>\u25ba Z\u00e1ruka v trv\u00e1n\u00ed 5 let je d\u016fkazem vysok\u00e9 kvality<span class=\"bullet-line\">Podrobnosti o podm\u00ednk\u00e1ch z\u00e1ruky najdete v p\u0159ilo\u017een\u00e9m n\u00e1vodu k pou\u017eit\u00ed nebo online na www.gardena.com\/warranty.Tato z\u00e1ruka nem\u00e1 vliv na va\u0161e z\u00e1konn\u00e9 z\u00e1ru\u010dn\u00ed n\u00e1roky.<\/span>\u25ba P\u0159ipojen\u00ed k p\u0159\u00edvodu vody &#8211; pro pou\u017eit\u00ed jako ru\u010dn\u00ed n\u00e1stroj nebo jako n\u00e1stroj s dr\u017eadlem<span class=\"bullet-line\">V z\u00e1vislosti na pou\u017eit\u00ed m\u016f\u017eete prost\u0159ednictv\u00edm p\u0159\u00edpojky Original GARDENA syst\u00e9mu p\u0159ipojit \u010disti\u010d oken p\u0159\u00edmo jako ru\u010dn\u00ed n\u00e1stroj k hadici nebo jako p\u0159\u00edslu\u0161enstv\u00ed k vodn\u00ed n\u00e1sad\u011b Original GARDENA Clean syst\u00e9mu.<\/span>\u25ba \u0160pi\u010dkov\u00e1 kvalita v\u00fdrobku<span class=\"bullet-line\">Kvalitn\u00ed n\u011bmeck\u00e9 v\u00fdrobky GARDENA znamenaj\u00ed d\u016fv\u011bryhodn\u00fd v\u00fdkon, spolehlivost a neust\u00e1l\u00e9 inovace.<\/span>\u25ba \u00da\u010dinn\u00e9 \u010di\u0161t\u011bn\u00ed<span class=\"bullet-line\">Okna lze snadno \u010distit pomoc\u00ed odn\u00edmateln\u00e9 vysoce kvalitn\u00ed textilie z mikrovl\u00e1ken.<\/span>\u25ba \u00da\u010dinn\u00e9 st\u00edr\u00e1n\u00ed<span class=\"bullet-line\">St\u011brka m\u00e1 vysoce kvalitn\u00ed, odolnou gumovou obrubu. St\u00edr\u00e1n\u00ed m\u016f\u017eete prov\u00e1d\u011bt \u010dist\u011b a bez \u0161mouh.<\/span>\u25ba Flexibiln\u00ed a snadno pou\u017eiteln\u00fd<span class=\"bullet-line\">D\u00edky 360\u00b0 kloubov\u00e9mu spoji lze \u010disti\u010d oken snadno a lehce pou\u017e\u00edvat. M\u016f\u017eete snadno \u010distit sklen\u011bn\u00e9 povrchy.<\/span>\u25ba Univerz\u00e1ln\u00ed \u010distic\u00ed textilie z mikrovl\u00e1ken<span class=\"bullet-line\">\u010cisti\u010d oken se st\u011brkou od spole\u010dnosti GARDENA je p\u0159ipojen k p\u0159\u00edvodu vody a je vybaven p\u0159\u00edpojkou Original GARDENA syst\u00e9mu. S \u010disti\u010dem oken se st\u011brkou od spole\u010dnosti GARDENA z\u00edsk\u00e1te dva produkty v jednom.Pomoc\u00ed textilie z mikrovl\u00e1ken navlh\u010d\u00edte sklen\u011bn\u00fd povrch a pomoc\u00ed st\u011brky vodu ze skla set\u0159ete. T\u00edm je umo\u017en\u011bno d\u016fkladn\u00e9 a \u00fa\u010dinn\u00e9 \u010dist\u011bn\u00ed libovoln\u00e9ho sklen\u011bn\u00e9ho povrchu. \u010cisti\u010d oken se st\u011brkou od spole\u010dnosti GARDENA je mo\u017en\u00e9 p\u0159ipojit ke v\u0161em vodn\u00edm n\u00e1sad\u00e1m Original GARDENA Clean syst\u00e9mu (\u010d.v. 5552-20, 5550-20, 5554-20). V z\u00e1vislosti na situaci je mo\u017en\u00e9 \u010disti\u010d oken pou\u017e\u00edt jako ru\u010dn\u00ed n\u00e1stroj nebo je mo\u017en\u00e9 ho p\u0159ipojit k vodn\u00ed n\u00e1sad\u011b. Vysoce kvalitn\u00ed textilie z mikrovl\u00e1ken zaru\u010duje intenzivn\u00ed \u010di\u0161t\u011bn\u00ed.Lze ji snadno sejmout a pr\u00e1t v pra\u010dce p\u0159i 60\u00b0. \u010cisti\u010d oken od spole\u010dnosti GARDENA m\u00e1 oto\u010dnou p\u0159\u00edpojku, kterou lze ot\u00e1\u010det o 360\u00b0.D\u00edky tomu je tento produkt velmi flexibiln\u00ed a snadno pou\u017eiteln\u00fd v libovoln\u00e9m pracovn\u00edm prost\u0159ed\u00ed. Je mo\u017en\u00e9 tak\u00e9 namontovat oto\u010dn\u00fd kloub, tak\u017ee lze snadno p\u0159ipojit st\u011brku.St\u011brka je vyrobena z vysoce kvalitn\u00ed a odoln\u00e9 gumy. Z\u00edsk\u00e1te tak \u010dist\u00e1 okna beze \u0161mouh. \u010cisti\u010d oken od spole\u010dnosti GARDENA m\u00e1 pracovn\u00ed \u0161\u00ed\u0159ku 31 cm. Dal\u0161\u00ed podporu p\u0159i \u010di\u0161t\u011bn\u00ed z\u00edsk\u00e1te d\u00edky \u010disti\u010di skla od spole\u010dnosti GARDENA (\u010d.v. 5730-20).<\/span><\/p>\n<\/div>\n<div class=\"parameters\">\n<tr>\n<td>Pou\u017eit\u00ed<\/td>\n<td>Kombinace \u010disti\u010de oken a ut\u011brky<\/td>\n<\/tr>\n<tr>\n<td>Z\u00e1ruka spole\u010dnosti Gardena<\/td>\n<td>Z\u00e1ruka 5 let<\/td>\n<\/tr><\/div>\n<\/table>\n","protected":false},"excerpt":{"rendered":"<p>\u25ba Pohodln\u00e9 \u010di\u0161t\u011bn\u00ed a st\u00edr\u00e1n\u00ed pomoc\u00ed jednoho produktuD\u00edky kombinaci st\u011brky a \u010disti\u010de jsou integrov\u00e1ny dva produkty v jednom. T\u00edm doch\u00e1z\u00ed k \u00faspo\u0159e \u010dasu a pen\u011bz.\u25ba Z\u00e1ruka v trv\u00e1n\u00ed 5 let je d\u016fkazem vysok\u00e9 kvalityPodrobnosti o podm\u00ednk\u00e1ch z\u00e1ruky najdete v p\u0159ilo\u017een\u00e9m n\u00e1vodu k pou\u017eit\u00ed nebo online na www.gardena.com\/warranty.Tato z\u00e1ruka nem\u00e1 vliv na va\u0161e z\u00e1konn\u00e9 z\u00e1ru\u010dn\u00ed n\u00e1roky.\u25ba [&hellip;]<\/p>\n","protected":false},"featured_media":8397,"comment_status":"open","ping_status":"open","template":"","meta":[],"product_brand":[],"product_cat":[49],"product_tag":[],"class_list":{"0":"post-8297","1":"product","2":"type-product","3":"status-publish","4":"has-post-thumbnail","6":"product_cat-cistici-technika","8":"first","9":"instock","10":"sale","11":"shipping-taxable","12":"purchasable","13":"product-type-simple"},"yoast_head":"<!-- This site is optimized with the Yoast SEO plugin v26.8 - https:\/\/yoast.com\/product\/yoast-seo-wordpress\/ -->\n<title>Gardena 5564-20 cl-\u010disti\u010d oken se st\u011brkou Vr\u00e1cen\u00ed Zdarma -<\/title>\n<meta name=\"robots\" content=\"index, follow, max-snippet:-1, max-image-preview:large, max-video-preview:-1\" \/>\n<link rel=\"canonical\" href=\"https:\/\/www.oknobuild.com\/index.php\/produkt\/gardena-5564-20-cl-cistic-oken-se-sterkou-vraceni-zdarma-8297\/\" \/>\n<meta property=\"og:locale\" content=\"cs_CZ\" \/>\n<meta property=\"og:type\" content=\"article\" \/>\n<meta property=\"og:title\" content=\"Gardena 5564-20 cl-\u010disti\u010d oken se st\u011brkou Vr\u00e1cen\u00ed Zdarma -\" \/>\n<meta property=\"og:description\" content=\"\u25ba Pohodln\u00e9 \u010di\u0161t\u011bn\u00ed a st\u00edr\u00e1n\u00ed pomoc\u00ed jednoho produktuD\u00edky kombinaci st\u011brky a \u010disti\u010de jsou integrov\u00e1ny dva produkty v jednom. T\u00edm doch\u00e1z\u00ed k \u00faspo\u0159e \u010dasu a pen\u011bz.\u25ba Z\u00e1ruka v trv\u00e1n\u00ed 5 let je d\u016fkazem vysok\u00e9 kvalityPodrobnosti o podm\u00ednk\u00e1ch z\u00e1ruky najdete v p\u0159ilo\u017een\u00e9m n\u00e1vodu k pou\u017eit\u00ed nebo online na www.gardena.com\/warranty.Tato z\u00e1ruka nem\u00e1 vliv na va\u0161e z\u00e1konn\u00e9 z\u00e1ru\u010dn\u00ed n\u00e1roky.\u25ba [&hellip;]\" \/>\n<meta property=\"og:url\" content=\"https:\/\/www.oknobuild.com\/index.php\/produkt\/gardena-5564-20-cl-cistic-oken-se-sterkou-vraceni-zdarma-8297\/\" \/>\n<meta property=\"og:image\" content=\"https:\/\/www.oknobuild.com\/wp-content\/uploads\/2026\/SK0018846-CZ20260425-092328-0-1777080210-208799-1_142127.ashx.webp\" \/>\n\t<meta property=\"og:image:width\" content=\"531\" \/>\n\t<meta property=\"og:image:height\" content=\"470\" \/>\n\t<meta property=\"og:image:type\" content=\"image\/webp\" \/>\n<meta name=\"twitter:card\" content=\"summary_large_image\" \/>\n<meta name=\"twitter:label1\" content=\"Odhadovan\u00e1 doba \u010dten\u00ed\" \/>\n\t<meta name=\"twitter:data1\" content=\"3 minuty\" \/>\n<script type=\"application\/ld+json\" class=\"yoast-schema-graph\">{\"@context\":\"https:\/\/schema.org\",\"@graph\":[{\"@type\":\"WebPage\",\"@id\":\"https:\/\/www.oknobuild.com\/index.php\/produkt\/gardena-5564-20-cl-cistic-oken-se-sterkou-vraceni-zdarma-8297\/\",\"url\":\"https:\/\/www.oknobuild.com\/index.php\/produkt\/gardena-5564-20-cl-cistic-oken-se-sterkou-vraceni-zdarma-8297\/\",\"name\":\"Gardena 5564-20 cl-\u010disti\u010d oken se st\u011brkou Vr\u00e1cen\u00ed Zdarma -\",\"isPartOf\":{\"@id\":\"https:\/\/www.oknobuild.com\/#website\"},\"primaryImageOfPage\":{\"@id\":\"https:\/\/www.oknobuild.com\/index.php\/produkt\/gardena-5564-20-cl-cistic-oken-se-sterkou-vraceni-zdarma-8297\/#primaryimage\"},\"image\":{\"@id\":\"https:\/\/www.oknobuild.com\/index.php\/produkt\/gardena-5564-20-cl-cistic-oken-se-sterkou-vraceni-zdarma-8297\/#primaryimage\"},\"thumbnailUrl\":\"https:\/\/www.oknobuild.com\/wp-content\/uploads\/2026\/SK0018846-CZ20260425-092328-0-1777080210-208799-1_142127.ashx.webp\",\"datePublished\":\"2026-04-27T04:40:53+00:00\",\"breadcrumb\":{\"@id\":\"https:\/\/www.oknobuild.com\/index.php\/produkt\/gardena-5564-20-cl-cistic-oken-se-sterkou-vraceni-zdarma-8297\/#breadcrumb\"},\"inLanguage\":\"cs\",\"potentialAction\":[{\"@type\":\"ReadAction\",\"target\":[\"https:\/\/www.oknobuild.com\/index.php\/produkt\/gardena-5564-20-cl-cistic-oken-se-sterkou-vraceni-zdarma-8297\/\"]}]},{\"@type\":\"ImageObject\",\"inLanguage\":\"cs\",\"@id\":\"https:\/\/www.oknobuild.com\/index.php\/produkt\/gardena-5564-20-cl-cistic-oken-se-sterkou-vraceni-zdarma-8297\/#primaryimage\",\"url\":\"https:\/\/www.oknobuild.com\/wp-content\/uploads\/2026\/SK0018846-CZ20260425-092328-0-1777080210-208799-1_142127.ashx.webp\",\"contentUrl\":\"https:\/\/www.oknobuild.com\/wp-content\/uploads\/2026\/SK0018846-CZ20260425-092328-0-1777080210-208799-1_142127.ashx.webp\",\"width\":531,\"height\":470},{\"@type\":\"BreadcrumbList\",\"@id\":\"https:\/\/www.oknobuild.com\/index.php\/produkt\/gardena-5564-20-cl-cistic-oken-se-sterkou-vraceni-zdarma-8297\/#breadcrumb\",\"itemListElement\":[{\"@type\":\"ListItem\",\"position\":1,\"name\":\"Home\",\"item\":\"https:\/\/www.oknobuild.com\/\"},{\"@type\":\"ListItem\",\"position\":2,\"name\":\"Products\",\"item\":\"https:\/\/www.oknobuild.com\/index.php\/products\/\"},{\"@type\":\"ListItem\",\"position\":3,\"name\":\"Gardena 5564-20 cl-\u010disti\u010d oken se st\u011brkou Vr\u00e1cen\u00ed Zdarma\"}]},{\"@type\":\"WebSite\",\"@id\":\"https:\/\/www.oknobuild.com\/#website\",\"url\":\"https:\/\/www.oknobuild.com\/\",\"name\":\"\",\"description\":\"\",\"potentialAction\":[{\"@type\":\"SearchAction\",\"target\":{\"@type\":\"EntryPoint\",\"urlTemplate\":\"https:\/\/www.oknobuild.com\/?s={search_term_string}\"},\"query-input\":{\"@type\":\"PropertyValueSpecification\",\"valueRequired\":true,\"valueName\":\"search_term_string\"}}],\"inLanguage\":\"cs\"}]}<\/script>\n<!-- \/ Yoast SEO plugin. -->","yoast_head_json":{"title":"Gardena 5564-20 cl-\u010disti\u010d oken se st\u011brkou Vr\u00e1cen\u00ed Zdarma -","robots":{"index":"index","follow":"follow","max-snippet":"max-snippet:-1","max-image-preview":"max-image-preview:large","max-video-preview":"max-video-preview:-1"},"canonical":"https:\/\/www.oknobuild.com\/index.php\/produkt\/gardena-5564-20-cl-cistic-oken-se-sterkou-vraceni-zdarma-8297\/","og_locale":"cs_CZ","og_type":"article","og_title":"Gardena 5564-20 cl-\u010disti\u010d oken se st\u011brkou Vr\u00e1cen\u00ed Zdarma -","og_description":"\u25ba Pohodln\u00e9 \u010di\u0161t\u011bn\u00ed a st\u00edr\u00e1n\u00ed pomoc\u00ed jednoho produktuD\u00edky kombinaci st\u011brky a \u010disti\u010de jsou integrov\u00e1ny dva produkty v jednom. T\u00edm doch\u00e1z\u00ed k \u00faspo\u0159e \u010dasu a pen\u011bz.\u25ba Z\u00e1ruka v trv\u00e1n\u00ed 5 let je d\u016fkazem vysok\u00e9 kvalityPodrobnosti o podm\u00ednk\u00e1ch z\u00e1ruky najdete v p\u0159ilo\u017een\u00e9m n\u00e1vodu k pou\u017eit\u00ed nebo online na www.gardena.com\/warranty.Tato z\u00e1ruka nem\u00e1 vliv na va\u0161e z\u00e1konn\u00e9 z\u00e1ru\u010dn\u00ed n\u00e1roky.\u25ba [&hellip;]","og_url":"https:\/\/www.oknobuild.com\/index.php\/produkt\/gardena-5564-20-cl-cistic-oken-se-sterkou-vraceni-zdarma-8297\/","og_image":[{"width":531,"height":470,"url":"https:\/\/www.oknobuild.com\/wp-content\/uploads\/2026\/SK0018846-CZ20260425-092328-0-1777080210-208799-1_142127.ashx.webp","type":"image\/webp"}],"twitter_card":"summary_large_image","twitter_misc":{"Odhadovan\u00e1 doba \u010dten\u00ed":"3 minuty"},"schema":{"@context":"https:\/\/schema.org","@graph":[{"@type":"WebPage","@id":"https:\/\/www.oknobuild.com\/index.php\/produkt\/gardena-5564-20-cl-cistic-oken-se-sterkou-vraceni-zdarma-8297\/","url":"https:\/\/www.oknobuild.com\/index.php\/produkt\/gardena-5564-20-cl-cistic-oken-se-sterkou-vraceni-zdarma-8297\/","name":"Gardena 5564-20 cl-\u010disti\u010d oken se st\u011brkou Vr\u00e1cen\u00ed Zdarma -","isPartOf":{"@id":"https:\/\/www.oknobuild.com\/#website"},"primaryImageOfPage":{"@id":"https:\/\/www.oknobuild.com\/index.php\/produkt\/gardena-5564-20-cl-cistic-oken-se-sterkou-vraceni-zdarma-8297\/#primaryimage"},"image":{"@id":"https:\/\/www.oknobuild.com\/index.php\/produkt\/gardena-5564-20-cl-cistic-oken-se-sterkou-vraceni-zdarma-8297\/#primaryimage"},"thumbnailUrl":"https:\/\/www.oknobuild.com\/wp-content\/uploads\/2026\/SK0018846-CZ20260425-092328-0-1777080210-208799-1_142127.ashx.webp","datePublished":"2026-04-27T04:40:53+00:00","breadcrumb":{"@id":"https:\/\/www.oknobuild.com\/index.php\/produkt\/gardena-5564-20-cl-cistic-oken-se-sterkou-vraceni-zdarma-8297\/#breadcrumb"},"inLanguage":"cs","potentialAction":[{"@type":"ReadAction","target":["https:\/\/www.oknobuild.com\/index.php\/produkt\/gardena-5564-20-cl-cistic-oken-se-sterkou-vraceni-zdarma-8297\/"]}]},{"@type":"ImageObject","inLanguage":"cs","@id":"https:\/\/www.oknobuild.com\/index.php\/produkt\/gardena-5564-20-cl-cistic-oken-se-sterkou-vraceni-zdarma-8297\/#primaryimage","url":"https:\/\/www.oknobuild.com\/wp-content\/uploads\/2026\/SK0018846-CZ20260425-092328-0-1777080210-208799-1_142127.ashx.webp","contentUrl":"https:\/\/www.oknobuild.com\/wp-content\/uploads\/2026\/SK0018846-CZ20260425-092328-0-1777080210-208799-1_142127.ashx.webp","width":531,"height":470},{"@type":"BreadcrumbList","@id":"https:\/\/www.oknobuild.com\/index.php\/produkt\/gardena-5564-20-cl-cistic-oken-se-sterkou-vraceni-zdarma-8297\/#breadcrumb","itemListElement":[{"@type":"ListItem","position":1,"name":"Home","item":"https:\/\/www.oknobuild.com\/"},{"@type":"ListItem","position":2,"name":"Products","item":"https:\/\/www.oknobuild.com\/index.php\/products\/"},{"@type":"ListItem","position":3,"name":"Gardena 5564-20 cl-\u010disti\u010d oken se st\u011brkou Vr\u00e1cen\u00ed Zdarma"}]},{"@type":"WebSite","@id":"https:\/\/www.oknobuild.com\/#website","url":"https:\/\/www.oknobuild.com\/","name":"","description":"","potentialAction":[{"@type":"SearchAction","target":{"@type":"EntryPoint","urlTemplate":"https:\/\/www.oknobuild.com\/?s={search_term_string}"},"query-input":{"@type":"PropertyValueSpecification","valueRequired":true,"valueName":"search_term_string"}}],"inLanguage":"cs"}]}},"_links":{"self":[{"href":"https:\/\/www.oknobuild.com\/index.php\/wp-json\/wp\/v2\/product\/8297","targetHints":{"allow":["GET"]}}],"collection":[{"href":"https:\/\/www.oknobuild.com\/index.php\/wp-json\/wp\/v2\/product"}],"about":[{"href":"https:\/\/www.oknobuild.com\/index.php\/wp-json\/wp\/v2\/types\/product"}],"replies":[{"embeddable":true,"href":"https:\/\/www.oknobuild.com\/index.php\/wp-json\/wp\/v2\/comments?post=8297"}],"wp:featuredmedia":[{"embeddable":true,"href":"https:\/\/www.oknobuild.com\/index.php\/wp-json\/wp\/v2\/media\/8397"}],"wp:attachment":[{"href":"https:\/\/www.oknobuild.com\/index.php\/wp-json\/wp\/v2\/media?parent=8297"}],"wp:term":[{"taxonomy":"product_brand","embeddable":true,"href":"https:\/\/www.oknobuild.com\/index.php\/wp-json\/wp\/v2\/product_brand?post=8297"},{"taxonomy":"product_cat","embeddable":true,"href":"https:\/\/www.oknobuild.com\/index.php\/wp-json\/wp\/v2\/product_cat?post=8297"},{"taxonomy":"product_tag","embeddable":true,"href":"https:\/\/www.oknobuild.com\/index.php\/wp-json\/wp\/v2\/product_tag?post=8297"}],"curies":[{"name":"wp","href":"https:\/\/api.w.org\/{rel}","templated":true}]}}