{"id":8298,"date":"2026-04-27T04:40:53","date_gmt":"2026-04-27T04:40:53","guid":{"rendered":""},"modified":"2026-04-27T04:40:53","modified_gmt":"2026-04-27T04:40:53","slug":"gardena-5568-20-cl-kartac-na-drhnuti-comfort-specialni-cena-8298","status":"publish","type":"product","link":"https:\/\/www.oknobuild.com\/index.php\/produkt\/gardena-5568-20-cl-kartac-na-drhnuti-comfort-specialni-cena-8298\/","title":{"rendered":"Gardena 5568-20 cl-kart\u00e1\u010d na drhnut\u00ed Comfort Speci\u00e1ln\u00ed Cena"},"content":{"rendered":"<table>\n<div class=\"tab-pane active product-description\" id=\"popis\" role=\"tabpanel\">\n<div class=\"short-description\" itemprop=\"description\"><\/div>\n<div class=\"description\">\u25ba S plochou rozpra\u0161ovac\u00ed tryskou a \u0161krabkou<span class='bullet-line'>D\u00edky ploch\u00e9 rozpra\u0161ovac\u00ed trysce a \u0161krabce se \u00fa\u010dinn\u011b vypo\u0159\u00e1d\u00e1te s ne\u010distotami. <\/span><span class='bullet-line'>S touto p\u0159\u00eddavnou funkc\u00ed uvol\u0148uje tvrd\u00fd kart\u00e1\u010d nepoddajn\u00e9 ne\u010distoty.<\/span>\u25ba Z\u00e1ruka v trv\u00e1n\u00ed 5 let je d\u016fkazem vysok\u00e9 kvality<span class='bullet-line'>Podrobnosti o podm\u00ednk\u00e1ch z\u00e1ruky najdete v p\u0159ilo\u017een\u00e9m n\u00e1vodu k pou\u017eit\u00ed nebo online na www.gardena.com\/warranty.<\/span><span class='bullet-line'>Tato z\u00e1ruka nem\u00e1 vliv na va\u0161e z\u00e1konn\u00e9 z\u00e1ru\u010dn\u00ed n\u00e1roky.<\/span>\u25ba P\u0159ipojen\u00ed k p\u0159\u00edvodu vody a d\u016fkladn\u00e9 myt\u00ed<span class='bullet-line'>Tento 27 cm \u0161irok\u00fd tvrd\u00fd kart\u00e1\u010d \u0159ady Comfort z\u00edsk\u00e1v\u00e1 vodu na \u010di\u0161t\u011bn\u00ed p\u0159\u00edmo prost\u0159ednictv\u00edm vodn\u00ed n\u00e1sady. <\/span><span class='bullet-line'>D\u00edky praktick\u00e9 p\u0159\u00edpojce Original GARDENA syst\u00e9mu je bezpe\u010dn\u011b p\u0159ipojen k vodn\u00ed n\u00e1sad\u011b GARDENA Clean syst\u00e9mu dle v\u00fdb\u011bru. Tento syst\u00e9m d\u016fkladn\u011b \u010dist\u00ed odoln\u00e9 povrchy.<\/span>\u25ba \u0160pi\u010dkov\u00e1 kvalita v\u00fdrobku<span class='bullet-line'>Kvalitn\u00ed n\u011bmeck\u00e9 v\u00fdrobky GARDENA znamenaj\u00ed d\u016fv\u011bryhodn\u00fd v\u00fdkon, spolehlivost a neust\u00e1l\u00e9 inovace.<\/span>\u25ba S dlouh\u00fdmi a kr\u00e1tk\u00fdmi \u0161t\u011btinami<span class='bullet-line'>\u0160t\u011btiny r\u016fzn\u00e9 d\u00e9lky se dostanou v\u0161ude: obzvl\u00e1\u0161t\u011b p\u0159i \u010di\u0161t\u011bn\u00ed nerovn\u00fdch povrch\u016f. <\/span><span class='bullet-line'>Snadn\u00e9 v\u00fdsledky \u010di\u0161t\u011bn\u00ed ve spoj\u00edch a prohlubn\u00edch.<\/span>\u25ba Kart\u00e1\u010d na drhnut\u00ed Comfort pro odoln\u00e9 podlahov\u00e9 plochy<span class='bullet-line'>Kart\u00e1\u010d na drhnut\u00ed Comfort je p\u0159ipojen k p\u0159\u00edvodu vody a lze ho p\u0159ipojit ke v\u0161em vodn\u00edm n\u00e1sad\u00e1m Original GARDENA Clean syst\u00e9mu. <\/span><span class='bullet-line'>Kart\u00e1\u010d na drhnut\u00ed GARDENA Comfort dok\u00e1\u017ee odstranit i nepoddajn\u00e9 ne\u010distoty. <\/span><span class='bullet-line'>27 cm \u0161irok\u00e9 p\u0159\u00edslu\u0161enstv\u00ed Original GARDENA Clean syst\u00e9mu s r\u016fzn\u011b dlouh\u00fdmi \u0161t\u011btinami zaru\u010duje intenzivn\u00ed \u010di\u0161t\u011bn\u00ed, obzvl\u00e1\u0161t\u011b nerovn\u00fdch povrch\u016f, spoj\u016f a prohlubn\u00ed.<\/span><span class='bullet-line'>Trval\u00e1 podpora \u010distic\u00edho efektu je zaji\u0161t\u011bna pomoc\u00ed speci\u00e1ln\u00ed ploch\u00e9 rozpra\u0161ovac\u00ed trysky a \u0161krabky.<\/span><span class='bullet-line'>Kart\u00e1\u010d na drhnut\u00ed Comfort je obzvl\u00e1\u0161t\u011b vhodn\u00fd pro d\u016fkladn\u00e9 \u010di\u0161t\u011bn\u00ed odoln\u00fdch povrch\u016f, jako jsou terasy, zahradn\u00ed cesti\u010dky, p\u0159\u00edjezdov\u00e9 cesty atd. \u010cist\u011bte snadno a efektivn\u011b &#8211; s kart\u00e1\u010dem na drhnut\u00ed GARDENA Comfort.<\/span><\/div>\n<div class=\"parameters\">\n<tr>\n<td>Pou\u017eit\u00ed<\/td>\n<td>Pro \u010di\u0161t\u011bn\u00ed teras, chodn\u00edk\u016f, p\u0159\u00edjezdov\u00fdch cest do gar\u00e1\u017ee atd.<\/td>\n<\/tr>\n<tr>\n<td>Z\u00e1ruka spole\u010dnosti Gardena<\/td>\n<td>Z\u00e1ruka 5 let<\/td>\n<\/tr><\/div>\n<\/table>\n","protected":false},"excerpt":{"rendered":"<p>\u25ba S plochou rozpra\u0161ovac\u00ed tryskou a \u0161krabkouD\u00edky ploch\u00e9 rozpra\u0161ovac\u00ed trysce a \u0161krabce se \u00fa\u010dinn\u011b vypo\u0159\u00e1d\u00e1te s ne\u010distotami. S touto p\u0159\u00eddavnou funkc\u00ed uvol\u0148uje tvrd\u00fd kart\u00e1\u010d nepoddajn\u00e9 ne\u010distoty.\u25ba Z\u00e1ruka v trv\u00e1n\u00ed 5 let je d\u016fkazem vysok\u00e9 kvalityPodrobnosti o podm\u00ednk\u00e1ch z\u00e1ruky najdete v p\u0159ilo\u017een\u00e9m n\u00e1vodu k pou\u017eit\u00ed nebo online na www.gardena.com\/warranty.Tato z\u00e1ruka nem\u00e1 vliv na va\u0161e z\u00e1konn\u00e9 z\u00e1ru\u010dn\u00ed [&hellip;]<\/p>\n","protected":false},"featured_media":8398,"comment_status":"open","ping_status":"open","template":"","meta":[],"product_brand":[],"product_cat":[49],"product_tag":[],"class_list":{"0":"post-8298","1":"product","2":"type-product","3":"status-publish","4":"has-post-thumbnail","6":"product_cat-cistici-technika","8":"first","9":"instock","10":"sale","11":"shipping-taxable","12":"purchasable","13":"product-type-simple"},"yoast_head":"<!-- This site is optimized with the Yoast SEO plugin v26.8 - https:\/\/yoast.com\/product\/yoast-seo-wordpress\/ -->\n<title>Gardena 5568-20 cl-kart\u00e1\u010d na drhnut\u00ed Comfort Speci\u00e1ln\u00ed Cena -<\/title>\n<meta name=\"robots\" content=\"index, follow, max-snippet:-1, max-image-preview:large, max-video-preview:-1\" \/>\n<link rel=\"canonical\" href=\"https:\/\/www.oknobuild.com\/index.php\/produkt\/gardena-5568-20-cl-kartac-na-drhnuti-comfort-specialni-cena-8298\/\" \/>\n<meta property=\"og:locale\" content=\"cs_CZ\" \/>\n<meta property=\"og:type\" content=\"article\" \/>\n<meta property=\"og:title\" content=\"Gardena 5568-20 cl-kart\u00e1\u010d na drhnut\u00ed Comfort Speci\u00e1ln\u00ed Cena -\" \/>\n<meta property=\"og:description\" content=\"\u25ba S plochou rozpra\u0161ovac\u00ed tryskou a \u0161krabkouD\u00edky ploch\u00e9 rozpra\u0161ovac\u00ed trysce a \u0161krabce se \u00fa\u010dinn\u011b vypo\u0159\u00e1d\u00e1te s ne\u010distotami. S touto p\u0159\u00eddavnou funkc\u00ed uvol\u0148uje tvrd\u00fd kart\u00e1\u010d nepoddajn\u00e9 ne\u010distoty.\u25ba Z\u00e1ruka v trv\u00e1n\u00ed 5 let je d\u016fkazem vysok\u00e9 kvalityPodrobnosti o podm\u00ednk\u00e1ch z\u00e1ruky najdete v p\u0159ilo\u017een\u00e9m n\u00e1vodu k pou\u017eit\u00ed nebo online na www.gardena.com\/warranty.Tato z\u00e1ruka nem\u00e1 vliv na va\u0161e z\u00e1konn\u00e9 z\u00e1ru\u010dn\u00ed [&hellip;]\" \/>\n<meta property=\"og:url\" content=\"https:\/\/www.oknobuild.com\/index.php\/produkt\/gardena-5568-20-cl-kartac-na-drhnuti-comfort-specialni-cena-8298\/\" \/>\n<meta property=\"og:image\" content=\"https:\/\/www.oknobuild.com\/wp-content\/uploads\/2026\/SK0018847-CZ20260425-092328-0-1777080210-208800-1_142227.ashx.webp\" \/>\n\t<meta property=\"og:image:width\" content=\"586\" \/>\n\t<meta property=\"og:image:height\" content=\"470\" \/>\n\t<meta property=\"og:image:type\" content=\"image\/webp\" \/>\n<meta name=\"twitter:card\" content=\"summary_large_image\" \/>\n<meta name=\"twitter:label1\" content=\"Odhadovan\u00e1 doba \u010dten\u00ed\" \/>\n\t<meta name=\"twitter:data1\" content=\"2 minuty\" \/>\n<script type=\"application\/ld+json\" class=\"yoast-schema-graph\">{\"@context\":\"https:\/\/schema.org\",\"@graph\":[{\"@type\":\"WebPage\",\"@id\":\"https:\/\/www.oknobuild.com\/index.php\/produkt\/gardena-5568-20-cl-kartac-na-drhnuti-comfort-specialni-cena-8298\/\",\"url\":\"https:\/\/www.oknobuild.com\/index.php\/produkt\/gardena-5568-20-cl-kartac-na-drhnuti-comfort-specialni-cena-8298\/\",\"name\":\"Gardena 5568-20 cl-kart\u00e1\u010d na drhnut\u00ed Comfort Speci\u00e1ln\u00ed Cena -\",\"isPartOf\":{\"@id\":\"https:\/\/www.oknobuild.com\/#website\"},\"primaryImageOfPage\":{\"@id\":\"https:\/\/www.oknobuild.com\/index.php\/produkt\/gardena-5568-20-cl-kartac-na-drhnuti-comfort-specialni-cena-8298\/#primaryimage\"},\"image\":{\"@id\":\"https:\/\/www.oknobuild.com\/index.php\/produkt\/gardena-5568-20-cl-kartac-na-drhnuti-comfort-specialni-cena-8298\/#primaryimage\"},\"thumbnailUrl\":\"https:\/\/www.oknobuild.com\/wp-content\/uploads\/2026\/SK0018847-CZ20260425-092328-0-1777080210-208800-1_142227.ashx.webp\",\"datePublished\":\"2026-04-27T04:40:53+00:00\",\"breadcrumb\":{\"@id\":\"https:\/\/www.oknobuild.com\/index.php\/produkt\/gardena-5568-20-cl-kartac-na-drhnuti-comfort-specialni-cena-8298\/#breadcrumb\"},\"inLanguage\":\"cs\",\"potentialAction\":[{\"@type\":\"ReadAction\",\"target\":[\"https:\/\/www.oknobuild.com\/index.php\/produkt\/gardena-5568-20-cl-kartac-na-drhnuti-comfort-specialni-cena-8298\/\"]}]},{\"@type\":\"ImageObject\",\"inLanguage\":\"cs\",\"@id\":\"https:\/\/www.oknobuild.com\/index.php\/produkt\/gardena-5568-20-cl-kartac-na-drhnuti-comfort-specialni-cena-8298\/#primaryimage\",\"url\":\"https:\/\/www.oknobuild.com\/wp-content\/uploads\/2026\/SK0018847-CZ20260425-092328-0-1777080210-208800-1_142227.ashx.webp\",\"contentUrl\":\"https:\/\/www.oknobuild.com\/wp-content\/uploads\/2026\/SK0018847-CZ20260425-092328-0-1777080210-208800-1_142227.ashx.webp\",\"width\":586,\"height\":470},{\"@type\":\"BreadcrumbList\",\"@id\":\"https:\/\/www.oknobuild.com\/index.php\/produkt\/gardena-5568-20-cl-kartac-na-drhnuti-comfort-specialni-cena-8298\/#breadcrumb\",\"itemListElement\":[{\"@type\":\"ListItem\",\"position\":1,\"name\":\"Home\",\"item\":\"https:\/\/www.oknobuild.com\/\"},{\"@type\":\"ListItem\",\"position\":2,\"name\":\"Products\",\"item\":\"https:\/\/www.oknobuild.com\/index.php\/products\/\"},{\"@type\":\"ListItem\",\"position\":3,\"name\":\"Gardena 5568-20 cl-kart\u00e1\u010d na drhnut\u00ed Comfort Speci\u00e1ln\u00ed Cena\"}]},{\"@type\":\"WebSite\",\"@id\":\"https:\/\/www.oknobuild.com\/#website\",\"url\":\"https:\/\/www.oknobuild.com\/\",\"name\":\"\",\"description\":\"\",\"potentialAction\":[{\"@type\":\"SearchAction\",\"target\":{\"@type\":\"EntryPoint\",\"urlTemplate\":\"https:\/\/www.oknobuild.com\/?s={search_term_string}\"},\"query-input\":{\"@type\":\"PropertyValueSpecification\",\"valueRequired\":true,\"valueName\":\"search_term_string\"}}],\"inLanguage\":\"cs\"}]}<\/script>\n<!-- \/ Yoast SEO plugin. -->","yoast_head_json":{"title":"Gardena 5568-20 cl-kart\u00e1\u010d na drhnut\u00ed Comfort Speci\u00e1ln\u00ed Cena -","robots":{"index":"index","follow":"follow","max-snippet":"max-snippet:-1","max-image-preview":"max-image-preview:large","max-video-preview":"max-video-preview:-1"},"canonical":"https:\/\/www.oknobuild.com\/index.php\/produkt\/gardena-5568-20-cl-kartac-na-drhnuti-comfort-specialni-cena-8298\/","og_locale":"cs_CZ","og_type":"article","og_title":"Gardena 5568-20 cl-kart\u00e1\u010d na drhnut\u00ed Comfort Speci\u00e1ln\u00ed Cena -","og_description":"\u25ba S plochou rozpra\u0161ovac\u00ed tryskou a \u0161krabkouD\u00edky ploch\u00e9 rozpra\u0161ovac\u00ed trysce a \u0161krabce se \u00fa\u010dinn\u011b vypo\u0159\u00e1d\u00e1te s ne\u010distotami. S touto p\u0159\u00eddavnou funkc\u00ed uvol\u0148uje tvrd\u00fd kart\u00e1\u010d nepoddajn\u00e9 ne\u010distoty.\u25ba Z\u00e1ruka v trv\u00e1n\u00ed 5 let je d\u016fkazem vysok\u00e9 kvalityPodrobnosti o podm\u00ednk\u00e1ch z\u00e1ruky najdete v p\u0159ilo\u017een\u00e9m n\u00e1vodu k pou\u017eit\u00ed nebo online na www.gardena.com\/warranty.Tato z\u00e1ruka nem\u00e1 vliv na va\u0161e z\u00e1konn\u00e9 z\u00e1ru\u010dn\u00ed [&hellip;]","og_url":"https:\/\/www.oknobuild.com\/index.php\/produkt\/gardena-5568-20-cl-kartac-na-drhnuti-comfort-specialni-cena-8298\/","og_image":[{"width":586,"height":470,"url":"https:\/\/www.oknobuild.com\/wp-content\/uploads\/2026\/SK0018847-CZ20260425-092328-0-1777080210-208800-1_142227.ashx.webp","type":"image\/webp"}],"twitter_card":"summary_large_image","twitter_misc":{"Odhadovan\u00e1 doba \u010dten\u00ed":"2 minuty"},"schema":{"@context":"https:\/\/schema.org","@graph":[{"@type":"WebPage","@id":"https:\/\/www.oknobuild.com\/index.php\/produkt\/gardena-5568-20-cl-kartac-na-drhnuti-comfort-specialni-cena-8298\/","url":"https:\/\/www.oknobuild.com\/index.php\/produkt\/gardena-5568-20-cl-kartac-na-drhnuti-comfort-specialni-cena-8298\/","name":"Gardena 5568-20 cl-kart\u00e1\u010d na drhnut\u00ed Comfort Speci\u00e1ln\u00ed Cena -","isPartOf":{"@id":"https:\/\/www.oknobuild.com\/#website"},"primaryImageOfPage":{"@id":"https:\/\/www.oknobuild.com\/index.php\/produkt\/gardena-5568-20-cl-kartac-na-drhnuti-comfort-specialni-cena-8298\/#primaryimage"},"image":{"@id":"https:\/\/www.oknobuild.com\/index.php\/produkt\/gardena-5568-20-cl-kartac-na-drhnuti-comfort-specialni-cena-8298\/#primaryimage"},"thumbnailUrl":"https:\/\/www.oknobuild.com\/wp-content\/uploads\/2026\/SK0018847-CZ20260425-092328-0-1777080210-208800-1_142227.ashx.webp","datePublished":"2026-04-27T04:40:53+00:00","breadcrumb":{"@id":"https:\/\/www.oknobuild.com\/index.php\/produkt\/gardena-5568-20-cl-kartac-na-drhnuti-comfort-specialni-cena-8298\/#breadcrumb"},"inLanguage":"cs","potentialAction":[{"@type":"ReadAction","target":["https:\/\/www.oknobuild.com\/index.php\/produkt\/gardena-5568-20-cl-kartac-na-drhnuti-comfort-specialni-cena-8298\/"]}]},{"@type":"ImageObject","inLanguage":"cs","@id":"https:\/\/www.oknobuild.com\/index.php\/produkt\/gardena-5568-20-cl-kartac-na-drhnuti-comfort-specialni-cena-8298\/#primaryimage","url":"https:\/\/www.oknobuild.com\/wp-content\/uploads\/2026\/SK0018847-CZ20260425-092328-0-1777080210-208800-1_142227.ashx.webp","contentUrl":"https:\/\/www.oknobuild.com\/wp-content\/uploads\/2026\/SK0018847-CZ20260425-092328-0-1777080210-208800-1_142227.ashx.webp","width":586,"height":470},{"@type":"BreadcrumbList","@id":"https:\/\/www.oknobuild.com\/index.php\/produkt\/gardena-5568-20-cl-kartac-na-drhnuti-comfort-specialni-cena-8298\/#breadcrumb","itemListElement":[{"@type":"ListItem","position":1,"name":"Home","item":"https:\/\/www.oknobuild.com\/"},{"@type":"ListItem","position":2,"name":"Products","item":"https:\/\/www.oknobuild.com\/index.php\/products\/"},{"@type":"ListItem","position":3,"name":"Gardena 5568-20 cl-kart\u00e1\u010d na drhnut\u00ed Comfort Speci\u00e1ln\u00ed Cena"}]},{"@type":"WebSite","@id":"https:\/\/www.oknobuild.com\/#website","url":"https:\/\/www.oknobuild.com\/","name":"","description":"","potentialAction":[{"@type":"SearchAction","target":{"@type":"EntryPoint","urlTemplate":"https:\/\/www.oknobuild.com\/?s={search_term_string}"},"query-input":{"@type":"PropertyValueSpecification","valueRequired":true,"valueName":"search_term_string"}}],"inLanguage":"cs"}]}},"_links":{"self":[{"href":"https:\/\/www.oknobuild.com\/index.php\/wp-json\/wp\/v2\/product\/8298","targetHints":{"allow":["GET"]}}],"collection":[{"href":"https:\/\/www.oknobuild.com\/index.php\/wp-json\/wp\/v2\/product"}],"about":[{"href":"https:\/\/www.oknobuild.com\/index.php\/wp-json\/wp\/v2\/types\/product"}],"replies":[{"embeddable":true,"href":"https:\/\/www.oknobuild.com\/index.php\/wp-json\/wp\/v2\/comments?post=8298"}],"wp:featuredmedia":[{"embeddable":true,"href":"https:\/\/www.oknobuild.com\/index.php\/wp-json\/wp\/v2\/media\/8398"}],"wp:attachment":[{"href":"https:\/\/www.oknobuild.com\/index.php\/wp-json\/wp\/v2\/media?parent=8298"}],"wp:term":[{"taxonomy":"product_brand","embeddable":true,"href":"https:\/\/www.oknobuild.com\/index.php\/wp-json\/wp\/v2\/product_brand?post=8298"},{"taxonomy":"product_cat","embeddable":true,"href":"https:\/\/www.oknobuild.com\/index.php\/wp-json\/wp\/v2\/product_cat?post=8298"},{"taxonomy":"product_tag","embeddable":true,"href":"https:\/\/www.oknobuild.com\/index.php\/wp-json\/wp\/v2\/product_tag?post=8298"}],"curies":[{"name":"wp","href":"https:\/\/api.w.org\/{rel}","templated":true}]}}