{"id":8299,"date":"2026-04-27T04:40:53","date_gmt":"2026-04-27T04:40:53","guid":{"rendered":""},"modified":"2026-04-27T04:40:53","modified_gmt":"2026-04-27T04:40:53","slug":"gardena-5570-20-cl-myci-kartac-super-cena-8299","status":"publish","type":"product","link":"https:\/\/www.oknobuild.com\/index.php\/produkt\/gardena-5570-20-cl-myci-kartac-super-cena-8299\/","title":{"rendered":"Gardena 5570-20 cl-myc\u00ed kart\u00e1\u010d Super Cena"},"content":{"rendered":"<table>\n<div class=\"tab-pane active product-description\" id=\"popis\" role=\"tabpanel\">\n<div class=\"short-description\" itemprop=\"description\"><\/div>\n<div class=\"description\">\n<p>\u25ba Z\u00e1ruka v trv\u00e1n\u00ed 5 let je d\u016fkazem vysok\u00e9 kvality<span class=\"bullet-line\">Podrobnosti o podm\u00ednk\u00e1ch z\u00e1ruky najdete v p\u0159ilo\u017een\u00e9m n\u00e1vodu k pou\u017eit\u00ed nebo online na www.gardena.com\/warranty.Tato z\u00e1ruka nem\u00e1 vliv na va\u0161e z\u00e1konn\u00e9 z\u00e1ru\u010dn\u00ed n\u00e1roky.<\/span>\u25ba \u0160pi\u010dkov\u00e1 kvalita v\u00fdrobku<span class=\"bullet-line\">Kvalitn\u00ed n\u011bmeck\u00e9 v\u00fdrobky GARDENA znamenaj\u00ed d\u016fv\u011bryhodn\u00fd v\u00fdkon, spolehlivost a neust\u00e1l\u00e9 inovace.<\/span>\u25ba Oto\u010dn\u00e9 a snadno pou\u017eiteln\u00e9<span class=\"bullet-line\">Myc\u00ed kart\u00e1\u010d &#8211; pln\u011b oto\u010dn\u00fd po 30\u00b0 kroc\u00edch &#8211; dos\u00e1hne kamkoliv a m\u00e1 flexibiln\u00ed pou\u017eit\u00ed.<\/span>\u25ba PET pro \u0161etrn\u00e9 \u010di\u0161t\u011bn\u00ed<span class=\"bullet-line\">Vysoce kvalitn\u00ed \u0161t\u011btiny z PET zaji\u0161\u0165uj\u00ed \u0161etrn\u00e9 a efektivn\u00ed \u010di\u0161t\u011bn\u00ed citliv\u00fdch povrch\u016f.<\/span>\u25ba P\u0159ipojen\u00ed k p\u0159\u00edvodu vody a univerz\u00e1ln\u00ed pou\u017eit\u00ed<span class=\"bullet-line\">Tento praktick\u00fd myc\u00ed kart\u00e1\u010d s vodn\u00ed p\u0159\u00edpojkou m\u00e1 flexibiln\u00ed pou\u017eit\u00ed a je 27 cm \u0161irok\u00fd.<\/span>\u25ba Mo\u017enost ot\u00e1\u010den\u00ed &#8211; pro snadn\u00e9 \u010di\u0161t\u011bn\u00ed<span class=\"bullet-line\">S myc\u00edm kart\u00e1\u010dem od spole\u010dnosti GARDENA p\u0159edstavuje myt\u00ed spoustu z\u00e1bavy. Myc\u00ed kart\u00e1\u010d p\u0159ipojen\u00fd k p\u0159\u00edvodu vody a vybaven\u00fd p\u0159\u00edpojkou Original GARDENA syst\u00e9mu m\u00e1 vysoce kvalitn\u00ed \u0161t\u011btiny vyroben\u00e9 z PET. M\u016f\u017eete s n\u00edm \u0161etrn\u011b a efektivn\u011b \u010distit choulostiv\u00e9 povrchy, nap\u0159. vozidla, karavany atd. Sta\u010d\u00ed jednodu\u0161e jedno \u0161rouben\u00ed vodn\u00ed n\u00e1sady Original GARDENA Clean syst\u00e9mu p\u0159ipojit k p\u0159\u00edpojce myc\u00edho kart\u00e1\u010de.Proto\u017ee je myc\u00ed kart\u00e1\u010d ve spojce zcela oto\u010dn\u00fd po 30\u00b0 kroc\u00edch, snadno se p\u0159izp\u016fsob\u00ed plo\u0161e ur\u010den\u00e9 k \u010di\u0161t\u011bn\u00ed. Jeho pracovn\u00ed \u0161\u00ed\u0159ka je 27 cm.<\/span><\/p>\n<\/div>\n<div class=\"parameters\">\n<tr>\n<td>Pou\u017eit\u00ed<\/td>\n<td>Pro \u010di\u0161t\u011bn\u00ed aut, karavan\u016f atd.<\/td>\n<\/tr>\n<tr>\n<td>Z\u00e1ruka spole\u010dnosti Gardena<\/td>\n<td>Z\u00e1ruka 5 let<\/td>\n<\/tr><\/div>\n<\/table>\n","protected":false},"excerpt":{"rendered":"<p>\u25ba Z\u00e1ruka v trv\u00e1n\u00ed 5 let je d\u016fkazem vysok\u00e9 kvalityPodrobnosti o podm\u00ednk\u00e1ch z\u00e1ruky najdete v p\u0159ilo\u017een\u00e9m n\u00e1vodu k pou\u017eit\u00ed nebo online na www.gardena.com\/warranty.Tato z\u00e1ruka nem\u00e1 vliv na va\u0161e z\u00e1konn\u00e9 z\u00e1ru\u010dn\u00ed n\u00e1roky.\u25ba \u0160pi\u010dkov\u00e1 kvalita v\u00fdrobkuKvalitn\u00ed n\u011bmeck\u00e9 v\u00fdrobky GARDENA znamenaj\u00ed d\u016fv\u011bryhodn\u00fd v\u00fdkon, spolehlivost a neust\u00e1l\u00e9 inovace.\u25ba Oto\u010dn\u00e9 a snadno pou\u017eiteln\u00e9Myc\u00ed kart\u00e1\u010d &#8211; pln\u011b oto\u010dn\u00fd po 30\u00b0 kroc\u00edch [&hellip;]<\/p>\n","protected":false},"featured_media":8399,"comment_status":"open","ping_status":"open","template":"","meta":[],"product_brand":[],"product_cat":[49],"product_tag":[],"class_list":{"0":"post-8299","1":"product","2":"type-product","3":"status-publish","4":"has-post-thumbnail","6":"product_cat-cistici-technika","8":"first","9":"instock","10":"sale","11":"shipping-taxable","12":"purchasable","13":"product-type-simple"},"yoast_head":"<!-- This site is optimized with the Yoast SEO plugin v26.8 - https:\/\/yoast.com\/product\/yoast-seo-wordpress\/ -->\n<title>Gardena 5570-20 cl-myc\u00ed kart\u00e1\u010d Super Cena -<\/title>\n<meta name=\"robots\" content=\"index, follow, max-snippet:-1, max-image-preview:large, max-video-preview:-1\" \/>\n<link rel=\"canonical\" href=\"https:\/\/www.oknobuild.com\/index.php\/produkt\/gardena-5570-20-cl-myci-kartac-super-cena-8299\/\" \/>\n<meta property=\"og:locale\" content=\"cs_CZ\" \/>\n<meta property=\"og:type\" content=\"article\" \/>\n<meta property=\"og:title\" content=\"Gardena 5570-20 cl-myc\u00ed kart\u00e1\u010d Super Cena -\" \/>\n<meta property=\"og:description\" content=\"\u25ba Z\u00e1ruka v trv\u00e1n\u00ed 5 let je d\u016fkazem vysok\u00e9 kvalityPodrobnosti o podm\u00ednk\u00e1ch z\u00e1ruky najdete v p\u0159ilo\u017een\u00e9m n\u00e1vodu k pou\u017eit\u00ed nebo online na www.gardena.com\/warranty.Tato z\u00e1ruka nem\u00e1 vliv na va\u0161e z\u00e1konn\u00e9 z\u00e1ru\u010dn\u00ed n\u00e1roky.\u25ba \u0160pi\u010dkov\u00e1 kvalita v\u00fdrobkuKvalitn\u00ed n\u011bmeck\u00e9 v\u00fdrobky GARDENA znamenaj\u00ed d\u016fv\u011bryhodn\u00fd v\u00fdkon, spolehlivost a neust\u00e1l\u00e9 inovace.\u25ba Oto\u010dn\u00e9 a snadno pou\u017eiteln\u00e9Myc\u00ed kart\u00e1\u010d &#8211; pln\u011b oto\u010dn\u00fd po 30\u00b0 kroc\u00edch [&hellip;]\" \/>\n<meta property=\"og:url\" content=\"https:\/\/www.oknobuild.com\/index.php\/produkt\/gardena-5570-20-cl-myci-kartac-super-cena-8299\/\" \/>\n<meta property=\"og:image\" content=\"https:\/\/www.oknobuild.com\/wp-content\/uploads\/2026\/SK0018848-CZ20260425-092328-0-1777080210-208801-1_142227.ashx.webp\" \/>\n\t<meta property=\"og:image:width\" content=\"569\" \/>\n\t<meta property=\"og:image:height\" content=\"470\" \/>\n\t<meta property=\"og:image:type\" content=\"image\/webp\" \/>\n<meta name=\"twitter:card\" content=\"summary_large_image\" \/>\n<meta name=\"twitter:label1\" content=\"Odhadovan\u00e1 doba \u010dten\u00ed\" \/>\n\t<meta name=\"twitter:data1\" content=\"1 minuta\" \/>\n<script type=\"application\/ld+json\" class=\"yoast-schema-graph\">{\"@context\":\"https:\/\/schema.org\",\"@graph\":[{\"@type\":\"WebPage\",\"@id\":\"https:\/\/www.oknobuild.com\/index.php\/produkt\/gardena-5570-20-cl-myci-kartac-super-cena-8299\/\",\"url\":\"https:\/\/www.oknobuild.com\/index.php\/produkt\/gardena-5570-20-cl-myci-kartac-super-cena-8299\/\",\"name\":\"Gardena 5570-20 cl-myc\u00ed kart\u00e1\u010d Super Cena -\",\"isPartOf\":{\"@id\":\"https:\/\/www.oknobuild.com\/#website\"},\"primaryImageOfPage\":{\"@id\":\"https:\/\/www.oknobuild.com\/index.php\/produkt\/gardena-5570-20-cl-myci-kartac-super-cena-8299\/#primaryimage\"},\"image\":{\"@id\":\"https:\/\/www.oknobuild.com\/index.php\/produkt\/gardena-5570-20-cl-myci-kartac-super-cena-8299\/#primaryimage\"},\"thumbnailUrl\":\"https:\/\/www.oknobuild.com\/wp-content\/uploads\/2026\/SK0018848-CZ20260425-092328-0-1777080210-208801-1_142227.ashx.webp\",\"datePublished\":\"2026-04-27T04:40:53+00:00\",\"breadcrumb\":{\"@id\":\"https:\/\/www.oknobuild.com\/index.php\/produkt\/gardena-5570-20-cl-myci-kartac-super-cena-8299\/#breadcrumb\"},\"inLanguage\":\"cs\",\"potentialAction\":[{\"@type\":\"ReadAction\",\"target\":[\"https:\/\/www.oknobuild.com\/index.php\/produkt\/gardena-5570-20-cl-myci-kartac-super-cena-8299\/\"]}]},{\"@type\":\"ImageObject\",\"inLanguage\":\"cs\",\"@id\":\"https:\/\/www.oknobuild.com\/index.php\/produkt\/gardena-5570-20-cl-myci-kartac-super-cena-8299\/#primaryimage\",\"url\":\"https:\/\/www.oknobuild.com\/wp-content\/uploads\/2026\/SK0018848-CZ20260425-092328-0-1777080210-208801-1_142227.ashx.webp\",\"contentUrl\":\"https:\/\/www.oknobuild.com\/wp-content\/uploads\/2026\/SK0018848-CZ20260425-092328-0-1777080210-208801-1_142227.ashx.webp\",\"width\":569,\"height\":470},{\"@type\":\"BreadcrumbList\",\"@id\":\"https:\/\/www.oknobuild.com\/index.php\/produkt\/gardena-5570-20-cl-myci-kartac-super-cena-8299\/#breadcrumb\",\"itemListElement\":[{\"@type\":\"ListItem\",\"position\":1,\"name\":\"Home\",\"item\":\"https:\/\/www.oknobuild.com\/\"},{\"@type\":\"ListItem\",\"position\":2,\"name\":\"Products\",\"item\":\"https:\/\/www.oknobuild.com\/index.php\/products\/\"},{\"@type\":\"ListItem\",\"position\":3,\"name\":\"Gardena 5570-20 cl-myc\u00ed kart\u00e1\u010d Super Cena\"}]},{\"@type\":\"WebSite\",\"@id\":\"https:\/\/www.oknobuild.com\/#website\",\"url\":\"https:\/\/www.oknobuild.com\/\",\"name\":\"\",\"description\":\"\",\"potentialAction\":[{\"@type\":\"SearchAction\",\"target\":{\"@type\":\"EntryPoint\",\"urlTemplate\":\"https:\/\/www.oknobuild.com\/?s={search_term_string}\"},\"query-input\":{\"@type\":\"PropertyValueSpecification\",\"valueRequired\":true,\"valueName\":\"search_term_string\"}}],\"inLanguage\":\"cs\"}]}<\/script>\n<!-- \/ Yoast SEO plugin. -->","yoast_head_json":{"title":"Gardena 5570-20 cl-myc\u00ed kart\u00e1\u010d Super Cena -","robots":{"index":"index","follow":"follow","max-snippet":"max-snippet:-1","max-image-preview":"max-image-preview:large","max-video-preview":"max-video-preview:-1"},"canonical":"https:\/\/www.oknobuild.com\/index.php\/produkt\/gardena-5570-20-cl-myci-kartac-super-cena-8299\/","og_locale":"cs_CZ","og_type":"article","og_title":"Gardena 5570-20 cl-myc\u00ed kart\u00e1\u010d Super Cena -","og_description":"\u25ba Z\u00e1ruka v trv\u00e1n\u00ed 5 let je d\u016fkazem vysok\u00e9 kvalityPodrobnosti o podm\u00ednk\u00e1ch z\u00e1ruky najdete v p\u0159ilo\u017een\u00e9m n\u00e1vodu k pou\u017eit\u00ed nebo online na www.gardena.com\/warranty.Tato z\u00e1ruka nem\u00e1 vliv na va\u0161e z\u00e1konn\u00e9 z\u00e1ru\u010dn\u00ed n\u00e1roky.\u25ba \u0160pi\u010dkov\u00e1 kvalita v\u00fdrobkuKvalitn\u00ed n\u011bmeck\u00e9 v\u00fdrobky GARDENA znamenaj\u00ed d\u016fv\u011bryhodn\u00fd v\u00fdkon, spolehlivost a neust\u00e1l\u00e9 inovace.\u25ba Oto\u010dn\u00e9 a snadno pou\u017eiteln\u00e9Myc\u00ed kart\u00e1\u010d &#8211; pln\u011b oto\u010dn\u00fd po 30\u00b0 kroc\u00edch [&hellip;]","og_url":"https:\/\/www.oknobuild.com\/index.php\/produkt\/gardena-5570-20-cl-myci-kartac-super-cena-8299\/","og_image":[{"width":569,"height":470,"url":"https:\/\/www.oknobuild.com\/wp-content\/uploads\/2026\/SK0018848-CZ20260425-092328-0-1777080210-208801-1_142227.ashx.webp","type":"image\/webp"}],"twitter_card":"summary_large_image","twitter_misc":{"Odhadovan\u00e1 doba \u010dten\u00ed":"1 minuta"},"schema":{"@context":"https:\/\/schema.org","@graph":[{"@type":"WebPage","@id":"https:\/\/www.oknobuild.com\/index.php\/produkt\/gardena-5570-20-cl-myci-kartac-super-cena-8299\/","url":"https:\/\/www.oknobuild.com\/index.php\/produkt\/gardena-5570-20-cl-myci-kartac-super-cena-8299\/","name":"Gardena 5570-20 cl-myc\u00ed kart\u00e1\u010d Super Cena -","isPartOf":{"@id":"https:\/\/www.oknobuild.com\/#website"},"primaryImageOfPage":{"@id":"https:\/\/www.oknobuild.com\/index.php\/produkt\/gardena-5570-20-cl-myci-kartac-super-cena-8299\/#primaryimage"},"image":{"@id":"https:\/\/www.oknobuild.com\/index.php\/produkt\/gardena-5570-20-cl-myci-kartac-super-cena-8299\/#primaryimage"},"thumbnailUrl":"https:\/\/www.oknobuild.com\/wp-content\/uploads\/2026\/SK0018848-CZ20260425-092328-0-1777080210-208801-1_142227.ashx.webp","datePublished":"2026-04-27T04:40:53+00:00","breadcrumb":{"@id":"https:\/\/www.oknobuild.com\/index.php\/produkt\/gardena-5570-20-cl-myci-kartac-super-cena-8299\/#breadcrumb"},"inLanguage":"cs","potentialAction":[{"@type":"ReadAction","target":["https:\/\/www.oknobuild.com\/index.php\/produkt\/gardena-5570-20-cl-myci-kartac-super-cena-8299\/"]}]},{"@type":"ImageObject","inLanguage":"cs","@id":"https:\/\/www.oknobuild.com\/index.php\/produkt\/gardena-5570-20-cl-myci-kartac-super-cena-8299\/#primaryimage","url":"https:\/\/www.oknobuild.com\/wp-content\/uploads\/2026\/SK0018848-CZ20260425-092328-0-1777080210-208801-1_142227.ashx.webp","contentUrl":"https:\/\/www.oknobuild.com\/wp-content\/uploads\/2026\/SK0018848-CZ20260425-092328-0-1777080210-208801-1_142227.ashx.webp","width":569,"height":470},{"@type":"BreadcrumbList","@id":"https:\/\/www.oknobuild.com\/index.php\/produkt\/gardena-5570-20-cl-myci-kartac-super-cena-8299\/#breadcrumb","itemListElement":[{"@type":"ListItem","position":1,"name":"Home","item":"https:\/\/www.oknobuild.com\/"},{"@type":"ListItem","position":2,"name":"Products","item":"https:\/\/www.oknobuild.com\/index.php\/products\/"},{"@type":"ListItem","position":3,"name":"Gardena 5570-20 cl-myc\u00ed kart\u00e1\u010d Super Cena"}]},{"@type":"WebSite","@id":"https:\/\/www.oknobuild.com\/#website","url":"https:\/\/www.oknobuild.com\/","name":"","description":"","potentialAction":[{"@type":"SearchAction","target":{"@type":"EntryPoint","urlTemplate":"https:\/\/www.oknobuild.com\/?s={search_term_string}"},"query-input":{"@type":"PropertyValueSpecification","valueRequired":true,"valueName":"search_term_string"}}],"inLanguage":"cs"}]}},"_links":{"self":[{"href":"https:\/\/www.oknobuild.com\/index.php\/wp-json\/wp\/v2\/product\/8299","targetHints":{"allow":["GET"]}}],"collection":[{"href":"https:\/\/www.oknobuild.com\/index.php\/wp-json\/wp\/v2\/product"}],"about":[{"href":"https:\/\/www.oknobuild.com\/index.php\/wp-json\/wp\/v2\/types\/product"}],"replies":[{"embeddable":true,"href":"https:\/\/www.oknobuild.com\/index.php\/wp-json\/wp\/v2\/comments?post=8299"}],"wp:featuredmedia":[{"embeddable":true,"href":"https:\/\/www.oknobuild.com\/index.php\/wp-json\/wp\/v2\/media\/8399"}],"wp:attachment":[{"href":"https:\/\/www.oknobuild.com\/index.php\/wp-json\/wp\/v2\/media?parent=8299"}],"wp:term":[{"taxonomy":"product_brand","embeddable":true,"href":"https:\/\/www.oknobuild.com\/index.php\/wp-json\/wp\/v2\/product_brand?post=8299"},{"taxonomy":"product_cat","embeddable":true,"href":"https:\/\/www.oknobuild.com\/index.php\/wp-json\/wp\/v2\/product_cat?post=8299"},{"taxonomy":"product_tag","embeddable":true,"href":"https:\/\/www.oknobuild.com\/index.php\/wp-json\/wp\/v2\/product_tag?post=8299"}],"curies":[{"name":"wp","href":"https:\/\/api.w.org\/{rel}","templated":true}]}}