{"id":8300,"date":"2026-04-27T04:40:53","date_gmt":"2026-04-27T04:40:53","guid":{"rendered":""},"modified":"2026-04-27T04:40:53","modified_gmt":"2026-04-27T04:40:53","slug":"dokud-zasoby-vydrzi-gardena-5572-20-cl-rucni-kartac-na-drhnuti-8300","status":"publish","type":"product","link":"https:\/\/www.oknobuild.com\/index.php\/produkt\/dokud-zasoby-vydrzi-gardena-5572-20-cl-rucni-kartac-na-drhnuti-8300\/","title":{"rendered":"Dokud Z\u00e1soby Vydr\u017e\u00ed Gardena 5572-20 cl-ru\u010dn\u00ed kart\u00e1\u010d na drhnut\u00ed"},"content":{"rendered":"<table>\n<div class=\"tab-pane active product-description\" id=\"popis\" role=\"tabpanel\">\n<div class=\"short-description\" itemprop=\"description\"><\/div>\n<div class=\"description\">\u25ba Plynule nastaviteln\u00e9 jednou rukou s mo\u017enost\u00ed zablokov\u00e1n\u00ed<span class='bullet-line'>Ru\u010dn\u00ed tvrd\u00fd kart\u00e1\u010d je plynule nastaviteln\u00fd a po\u017eadovan\u00e9 nastaven\u00ed lze zablokovat. <\/span><span class='bullet-line'>K pou\u017e\u00edv\u00e1n\u00ed sta\u010d\u00ed pouze jedna ruka.<\/span>\u25ba Z\u00e1ruka v trv\u00e1n\u00ed 5 let je d\u016fkazem vysok\u00e9 kvality<span class='bullet-line'>Podrobnosti o podm\u00ednk\u00e1ch z\u00e1ruky najdete v p\u0159ilo\u017een\u00e9m n\u00e1vodu k pou\u017eit\u00ed nebo online na www.gardena.com\/warranty.<\/span><span class='bullet-line'>Tato z\u00e1ruka nem\u00e1 vliv na va\u0161e z\u00e1konn\u00e9 z\u00e1ru\u010dn\u00ed n\u00e1roky.<\/span>\u25ba Pro pevn\u00e9 povrchy<span class='bullet-line'>D\u016fkladn\u00e9 a pohodln\u00e9 \u010di\u0161t\u011bn\u00ed zahradn\u00edho n\u00e1\u0159ad\u00ed nebo zahradn\u00edho n\u00e1bytku.<\/span>\u25ba \u0160pi\u010dkov\u00e1 kvalita v\u00fdrobku<span class='bullet-line'>Kvalitn\u00ed n\u011bmeck\u00e9 v\u00fdrobky GARDENA znamenaj\u00ed d\u016fv\u011bryhodn\u00fd v\u00fdkon, spolehlivost a neust\u00e1l\u00e9 inovace.<\/span>\u25ba Lze integrovat m\u00fddlov\u00e9 ty\u010dinky GARDENA<span class='bullet-line'>M\u00fddlov\u00e9 ty\u010dinky od spole\u010dnosti GARDENA podporuj\u00ed \u010distic\u00ed efekt. <\/span><span class='bullet-line'>Lze je snadno p\u0159id\u00e1vat do ru\u010dn\u00edho tvrd\u00e9ho kart\u00e1\u010de.<\/span>\u25ba Optim\u00e1ln\u00ed \u010di\u0161t\u011bn\u00ed: ploch\u00fd kart\u00e1\u010d pro \u00fazk\u00e9 prostory<span class='bullet-line'>Tento ru\u010dn\u00ed tvrd\u00fd kart\u00e1\u010d se dostane t\u00e9m\u011b\u0159 v\u0161ude a umo\u017e\u0148uje d\u016fkladn\u00e9 a efektivn\u00ed \u010di\u0161t\u011bn\u00ed.<\/span>\u25ba P\u0159ipojen\u00ed k p\u0159\u00edvodu vody a d\u016fkladn\u00e9 myt\u00ed<span class='bullet-line'>Tento ru\u010dn\u00ed tvrd\u00fd kart\u00e1\u010d p\u0159ij\u00edm\u00e1 vodu p\u0159\u00edmo z vodn\u00ed n\u00e1sady. <\/span><span class='bullet-line'>D\u00edky praktick\u00e9 p\u0159\u00edpojce Original GARDENA syst\u00e9mu je bezpe\u010dn\u011b p\u0159ipojen k hadici a je dokonale vhodn\u00fd pro robustn\u00ed povrchy.<\/span>\u25ba D\u016fkladn\u00e9, rychl\u00e9 a pohodln\u00e9<br \/>S ru\u010dn\u00edm kart\u00e1\u010dem na drhnut\u00ed \u0159ady GARDENA Comfort p\u0159ipojen\u00fdm k p\u0159\u00edvodu vody a vybaven\u00fdm p\u0159\u00edpojkou Original GARDENA System lze snadno \u010distit odoln\u00e9 povrchy.<span class='bullet-line'>Je vybaven plynule nastavitelnou a uzav\u00edratelnou regulac\u00ed pr\u016ftoku. <\/span><span class='bullet-line'>D\u00edky tomu je pou\u017eit\u00ed velmi snadn\u00e9, proto\u017ee m\u016f\u017eete pr\u016ftok p\u0159izp\u016fsobit dan\u00e9 situaci. <\/span><span class='bullet-line'>Ru\u010dn\u00ed kart\u00e1\u010d na drhnut\u00ed lze snadno pou\u017e\u00edvat jednou rukou a d\u00edky sv\u00e9mu \u00fazk\u00e9mu a ploch\u00e9mu tvaru je vhodn\u00fd pro t\u011bsn\u00e9 prostory. <\/span><span class='bullet-line'>\u010cistic\u00edho efektu dos\u00e1hnete p\u0159id\u00e1n\u00edm m\u00fddlov\u00fdch ty\u010dinek od spole\u010dnosti GARDENA. <\/span><span class='bullet-line'>P\u00e1sek z m\u011bk\u010den\u00e9ho plastu okolo kart\u00e1\u010de zabra\u0148uje po\u0161kr\u00e1b\u00e1n\u00ed. <\/span><span class='bullet-line'>Ukl\u00edzen\u00ed m\u016f\u017ee b\u00fdt tak snadn\u00e9.<\/span><\/div>\n<div class=\"parameters\">\n<tr>\n<td>Pou\u017eit\u00ed<\/td>\n<td>Pro \u010di\u0161t\u011bn\u00ed zahradn\u00edho n\u00e1\u0159ad\u00ed, odpadkov\u00fdch ko\u0161\u016f atd.<\/td>\n<\/tr>\n<tr>\n<td>Z\u00e1ruka spole\u010dnosti Gardena<\/td>\n<td>Z\u00e1ruka 5 let<\/td>\n<\/tr><\/div>\n<\/table>\n","protected":false},"excerpt":{"rendered":"<p>\u25ba Plynule nastaviteln\u00e9 jednou rukou s mo\u017enost\u00ed zablokov\u00e1n\u00edRu\u010dn\u00ed tvrd\u00fd kart\u00e1\u010d je plynule nastaviteln\u00fd a po\u017eadovan\u00e9 nastaven\u00ed lze zablokovat. K pou\u017e\u00edv\u00e1n\u00ed sta\u010d\u00ed pouze jedna ruka.\u25ba Z\u00e1ruka v trv\u00e1n\u00ed 5 let je d\u016fkazem vysok\u00e9 kvalityPodrobnosti o podm\u00ednk\u00e1ch z\u00e1ruky najdete v p\u0159ilo\u017een\u00e9m n\u00e1vodu k pou\u017eit\u00ed nebo online na www.gardena.com\/warranty.Tato z\u00e1ruka nem\u00e1 vliv na va\u0161e z\u00e1konn\u00e9 z\u00e1ru\u010dn\u00ed n\u00e1roky.\u25ba Pro [&hellip;]<\/p>\n","protected":false},"featured_media":8400,"comment_status":"open","ping_status":"open","template":"","meta":[],"product_brand":[],"product_cat":[49],"product_tag":[],"class_list":{"0":"post-8300","1":"product","2":"type-product","3":"status-publish","4":"has-post-thumbnail","6":"product_cat-cistici-technika","8":"first","9":"instock","10":"sale","11":"shipping-taxable","12":"purchasable","13":"product-type-simple"},"yoast_head":"<!-- This site is optimized with the Yoast SEO plugin v26.8 - https:\/\/yoast.com\/product\/yoast-seo-wordpress\/ -->\n<title>Dokud Z\u00e1soby Vydr\u017e\u00ed Gardena 5572-20 cl-ru\u010dn\u00ed kart\u00e1\u010d na drhnut\u00ed -<\/title>\n<meta name=\"robots\" content=\"index, follow, max-snippet:-1, max-image-preview:large, max-video-preview:-1\" \/>\n<link rel=\"canonical\" href=\"https:\/\/www.oknobuild.com\/index.php\/produkt\/dokud-zasoby-vydrzi-gardena-5572-20-cl-rucni-kartac-na-drhnuti-8300\/\" \/>\n<meta property=\"og:locale\" content=\"cs_CZ\" \/>\n<meta property=\"og:type\" content=\"article\" \/>\n<meta property=\"og:title\" content=\"Dokud Z\u00e1soby Vydr\u017e\u00ed Gardena 5572-20 cl-ru\u010dn\u00ed kart\u00e1\u010d na drhnut\u00ed -\" \/>\n<meta property=\"og:description\" content=\"\u25ba Plynule nastaviteln\u00e9 jednou rukou s mo\u017enost\u00ed zablokov\u00e1n\u00edRu\u010dn\u00ed tvrd\u00fd kart\u00e1\u010d je plynule nastaviteln\u00fd a po\u017eadovan\u00e9 nastaven\u00ed lze zablokovat. K pou\u017e\u00edv\u00e1n\u00ed sta\u010d\u00ed pouze jedna ruka.\u25ba Z\u00e1ruka v trv\u00e1n\u00ed 5 let je d\u016fkazem vysok\u00e9 kvalityPodrobnosti o podm\u00ednk\u00e1ch z\u00e1ruky najdete v p\u0159ilo\u017een\u00e9m n\u00e1vodu k pou\u017eit\u00ed nebo online na www.gardena.com\/warranty.Tato z\u00e1ruka nem\u00e1 vliv na va\u0161e z\u00e1konn\u00e9 z\u00e1ru\u010dn\u00ed n\u00e1roky.\u25ba Pro [&hellip;]\" \/>\n<meta property=\"og:url\" content=\"https:\/\/www.oknobuild.com\/index.php\/produkt\/dokud-zasoby-vydrzi-gardena-5572-20-cl-rucni-kartac-na-drhnuti-8300\/\" \/>\n<meta property=\"og:image\" content=\"https:\/\/www.oknobuild.com\/wp-content\/uploads\/2026\/SK0018849-CZ20260425-092328-0-1777080210-208802-1_142227.ashx.webp\" \/>\n\t<meta property=\"og:image:width\" content=\"739\" \/>\n\t<meta property=\"og:image:height\" content=\"470\" \/>\n\t<meta property=\"og:image:type\" content=\"image\/webp\" \/>\n<meta name=\"twitter:card\" content=\"summary_large_image\" \/>\n<meta name=\"twitter:label1\" content=\"Odhadovan\u00e1 doba \u010dten\u00ed\" \/>\n\t<meta name=\"twitter:data1\" content=\"2 minuty\" \/>\n<script type=\"application\/ld+json\" class=\"yoast-schema-graph\">{\"@context\":\"https:\/\/schema.org\",\"@graph\":[{\"@type\":\"WebPage\",\"@id\":\"https:\/\/www.oknobuild.com\/index.php\/produkt\/dokud-zasoby-vydrzi-gardena-5572-20-cl-rucni-kartac-na-drhnuti-8300\/\",\"url\":\"https:\/\/www.oknobuild.com\/index.php\/produkt\/dokud-zasoby-vydrzi-gardena-5572-20-cl-rucni-kartac-na-drhnuti-8300\/\",\"name\":\"Dokud Z\u00e1soby Vydr\u017e\u00ed Gardena 5572-20 cl-ru\u010dn\u00ed kart\u00e1\u010d na drhnut\u00ed -\",\"isPartOf\":{\"@id\":\"https:\/\/www.oknobuild.com\/#website\"},\"primaryImageOfPage\":{\"@id\":\"https:\/\/www.oknobuild.com\/index.php\/produkt\/dokud-zasoby-vydrzi-gardena-5572-20-cl-rucni-kartac-na-drhnuti-8300\/#primaryimage\"},\"image\":{\"@id\":\"https:\/\/www.oknobuild.com\/index.php\/produkt\/dokud-zasoby-vydrzi-gardena-5572-20-cl-rucni-kartac-na-drhnuti-8300\/#primaryimage\"},\"thumbnailUrl\":\"https:\/\/www.oknobuild.com\/wp-content\/uploads\/2026\/SK0018849-CZ20260425-092328-0-1777080210-208802-1_142227.ashx.webp\",\"datePublished\":\"2026-04-27T04:40:53+00:00\",\"breadcrumb\":{\"@id\":\"https:\/\/www.oknobuild.com\/index.php\/produkt\/dokud-zasoby-vydrzi-gardena-5572-20-cl-rucni-kartac-na-drhnuti-8300\/#breadcrumb\"},\"inLanguage\":\"cs\",\"potentialAction\":[{\"@type\":\"ReadAction\",\"target\":[\"https:\/\/www.oknobuild.com\/index.php\/produkt\/dokud-zasoby-vydrzi-gardena-5572-20-cl-rucni-kartac-na-drhnuti-8300\/\"]}]},{\"@type\":\"ImageObject\",\"inLanguage\":\"cs\",\"@id\":\"https:\/\/www.oknobuild.com\/index.php\/produkt\/dokud-zasoby-vydrzi-gardena-5572-20-cl-rucni-kartac-na-drhnuti-8300\/#primaryimage\",\"url\":\"https:\/\/www.oknobuild.com\/wp-content\/uploads\/2026\/SK0018849-CZ20260425-092328-0-1777080210-208802-1_142227.ashx.webp\",\"contentUrl\":\"https:\/\/www.oknobuild.com\/wp-content\/uploads\/2026\/SK0018849-CZ20260425-092328-0-1777080210-208802-1_142227.ashx.webp\",\"width\":739,\"height\":470},{\"@type\":\"BreadcrumbList\",\"@id\":\"https:\/\/www.oknobuild.com\/index.php\/produkt\/dokud-zasoby-vydrzi-gardena-5572-20-cl-rucni-kartac-na-drhnuti-8300\/#breadcrumb\",\"itemListElement\":[{\"@type\":\"ListItem\",\"position\":1,\"name\":\"Home\",\"item\":\"https:\/\/www.oknobuild.com\/\"},{\"@type\":\"ListItem\",\"position\":2,\"name\":\"Products\",\"item\":\"https:\/\/www.oknobuild.com\/index.php\/products\/\"},{\"@type\":\"ListItem\",\"position\":3,\"name\":\"Dokud Z\u00e1soby Vydr\u017e\u00ed Gardena 5572-20 cl-ru\u010dn\u00ed kart\u00e1\u010d na drhnut\u00ed\"}]},{\"@type\":\"WebSite\",\"@id\":\"https:\/\/www.oknobuild.com\/#website\",\"url\":\"https:\/\/www.oknobuild.com\/\",\"name\":\"\",\"description\":\"\",\"potentialAction\":[{\"@type\":\"SearchAction\",\"target\":{\"@type\":\"EntryPoint\",\"urlTemplate\":\"https:\/\/www.oknobuild.com\/?s={search_term_string}\"},\"query-input\":{\"@type\":\"PropertyValueSpecification\",\"valueRequired\":true,\"valueName\":\"search_term_string\"}}],\"inLanguage\":\"cs\"}]}<\/script>\n<!-- \/ Yoast SEO plugin. -->","yoast_head_json":{"title":"Dokud Z\u00e1soby Vydr\u017e\u00ed Gardena 5572-20 cl-ru\u010dn\u00ed kart\u00e1\u010d na drhnut\u00ed -","robots":{"index":"index","follow":"follow","max-snippet":"max-snippet:-1","max-image-preview":"max-image-preview:large","max-video-preview":"max-video-preview:-1"},"canonical":"https:\/\/www.oknobuild.com\/index.php\/produkt\/dokud-zasoby-vydrzi-gardena-5572-20-cl-rucni-kartac-na-drhnuti-8300\/","og_locale":"cs_CZ","og_type":"article","og_title":"Dokud Z\u00e1soby Vydr\u017e\u00ed Gardena 5572-20 cl-ru\u010dn\u00ed kart\u00e1\u010d na drhnut\u00ed -","og_description":"\u25ba Plynule nastaviteln\u00e9 jednou rukou s mo\u017enost\u00ed zablokov\u00e1n\u00edRu\u010dn\u00ed tvrd\u00fd kart\u00e1\u010d je plynule nastaviteln\u00fd a po\u017eadovan\u00e9 nastaven\u00ed lze zablokovat. K pou\u017e\u00edv\u00e1n\u00ed sta\u010d\u00ed pouze jedna ruka.\u25ba Z\u00e1ruka v trv\u00e1n\u00ed 5 let je d\u016fkazem vysok\u00e9 kvalityPodrobnosti o podm\u00ednk\u00e1ch z\u00e1ruky najdete v p\u0159ilo\u017een\u00e9m n\u00e1vodu k pou\u017eit\u00ed nebo online na www.gardena.com\/warranty.Tato z\u00e1ruka nem\u00e1 vliv na va\u0161e z\u00e1konn\u00e9 z\u00e1ru\u010dn\u00ed n\u00e1roky.\u25ba Pro [&hellip;]","og_url":"https:\/\/www.oknobuild.com\/index.php\/produkt\/dokud-zasoby-vydrzi-gardena-5572-20-cl-rucni-kartac-na-drhnuti-8300\/","og_image":[{"width":739,"height":470,"url":"https:\/\/www.oknobuild.com\/wp-content\/uploads\/2026\/SK0018849-CZ20260425-092328-0-1777080210-208802-1_142227.ashx.webp","type":"image\/webp"}],"twitter_card":"summary_large_image","twitter_misc":{"Odhadovan\u00e1 doba \u010dten\u00ed":"2 minuty"},"schema":{"@context":"https:\/\/schema.org","@graph":[{"@type":"WebPage","@id":"https:\/\/www.oknobuild.com\/index.php\/produkt\/dokud-zasoby-vydrzi-gardena-5572-20-cl-rucni-kartac-na-drhnuti-8300\/","url":"https:\/\/www.oknobuild.com\/index.php\/produkt\/dokud-zasoby-vydrzi-gardena-5572-20-cl-rucni-kartac-na-drhnuti-8300\/","name":"Dokud Z\u00e1soby Vydr\u017e\u00ed Gardena 5572-20 cl-ru\u010dn\u00ed kart\u00e1\u010d na drhnut\u00ed -","isPartOf":{"@id":"https:\/\/www.oknobuild.com\/#website"},"primaryImageOfPage":{"@id":"https:\/\/www.oknobuild.com\/index.php\/produkt\/dokud-zasoby-vydrzi-gardena-5572-20-cl-rucni-kartac-na-drhnuti-8300\/#primaryimage"},"image":{"@id":"https:\/\/www.oknobuild.com\/index.php\/produkt\/dokud-zasoby-vydrzi-gardena-5572-20-cl-rucni-kartac-na-drhnuti-8300\/#primaryimage"},"thumbnailUrl":"https:\/\/www.oknobuild.com\/wp-content\/uploads\/2026\/SK0018849-CZ20260425-092328-0-1777080210-208802-1_142227.ashx.webp","datePublished":"2026-04-27T04:40:53+00:00","breadcrumb":{"@id":"https:\/\/www.oknobuild.com\/index.php\/produkt\/dokud-zasoby-vydrzi-gardena-5572-20-cl-rucni-kartac-na-drhnuti-8300\/#breadcrumb"},"inLanguage":"cs","potentialAction":[{"@type":"ReadAction","target":["https:\/\/www.oknobuild.com\/index.php\/produkt\/dokud-zasoby-vydrzi-gardena-5572-20-cl-rucni-kartac-na-drhnuti-8300\/"]}]},{"@type":"ImageObject","inLanguage":"cs","@id":"https:\/\/www.oknobuild.com\/index.php\/produkt\/dokud-zasoby-vydrzi-gardena-5572-20-cl-rucni-kartac-na-drhnuti-8300\/#primaryimage","url":"https:\/\/www.oknobuild.com\/wp-content\/uploads\/2026\/SK0018849-CZ20260425-092328-0-1777080210-208802-1_142227.ashx.webp","contentUrl":"https:\/\/www.oknobuild.com\/wp-content\/uploads\/2026\/SK0018849-CZ20260425-092328-0-1777080210-208802-1_142227.ashx.webp","width":739,"height":470},{"@type":"BreadcrumbList","@id":"https:\/\/www.oknobuild.com\/index.php\/produkt\/dokud-zasoby-vydrzi-gardena-5572-20-cl-rucni-kartac-na-drhnuti-8300\/#breadcrumb","itemListElement":[{"@type":"ListItem","position":1,"name":"Home","item":"https:\/\/www.oknobuild.com\/"},{"@type":"ListItem","position":2,"name":"Products","item":"https:\/\/www.oknobuild.com\/index.php\/products\/"},{"@type":"ListItem","position":3,"name":"Dokud Z\u00e1soby Vydr\u017e\u00ed Gardena 5572-20 cl-ru\u010dn\u00ed kart\u00e1\u010d na drhnut\u00ed"}]},{"@type":"WebSite","@id":"https:\/\/www.oknobuild.com\/#website","url":"https:\/\/www.oknobuild.com\/","name":"","description":"","potentialAction":[{"@type":"SearchAction","target":{"@type":"EntryPoint","urlTemplate":"https:\/\/www.oknobuild.com\/?s={search_term_string}"},"query-input":{"@type":"PropertyValueSpecification","valueRequired":true,"valueName":"search_term_string"}}],"inLanguage":"cs"}]}},"_links":{"self":[{"href":"https:\/\/www.oknobuild.com\/index.php\/wp-json\/wp\/v2\/product\/8300","targetHints":{"allow":["GET"]}}],"collection":[{"href":"https:\/\/www.oknobuild.com\/index.php\/wp-json\/wp\/v2\/product"}],"about":[{"href":"https:\/\/www.oknobuild.com\/index.php\/wp-json\/wp\/v2\/types\/product"}],"replies":[{"embeddable":true,"href":"https:\/\/www.oknobuild.com\/index.php\/wp-json\/wp\/v2\/comments?post=8300"}],"wp:featuredmedia":[{"embeddable":true,"href":"https:\/\/www.oknobuild.com\/index.php\/wp-json\/wp\/v2\/media\/8400"}],"wp:attachment":[{"href":"https:\/\/www.oknobuild.com\/index.php\/wp-json\/wp\/v2\/media?parent=8300"}],"wp:term":[{"taxonomy":"product_brand","embeddable":true,"href":"https:\/\/www.oknobuild.com\/index.php\/wp-json\/wp\/v2\/product_brand?post=8300"},{"taxonomy":"product_cat","embeddable":true,"href":"https:\/\/www.oknobuild.com\/index.php\/wp-json\/wp\/v2\/product_cat?post=8300"},{"taxonomy":"product_tag","embeddable":true,"href":"https:\/\/www.oknobuild.com\/index.php\/wp-json\/wp\/v2\/product_tag?post=8300"}],"curies":[{"name":"wp","href":"https:\/\/api.w.org\/{rel}","templated":true}]}}