{"id":8345,"date":"2026-04-27T04:40:53","date_gmt":"2026-04-27T04:40:53","guid":{"rendered":""},"modified":"2026-04-27T04:40:53","modified_gmt":"2026-04-27T04:40:53","slug":"akce-gardena-8921-20-cs-maly-kultivator-8345","status":"publish","type":"product","link":"https:\/\/www.oknobuild.com\/index.php\/produkt\/akce-gardena-8921-20-cs-maly-kultivator-8345\/","title":{"rendered":"Akce Gardena 8921-20 cs-mal\u00fd kultiv\u00e1tor"},"content":{"rendered":"<table>\n<div class=\"tab-pane active product-description\" id=\"popis\" role=\"tabpanel\">\n<div class=\"short-description\" itemprop=\"description\"><\/div>\n<div class=\"description\">\u25ba Z\u00e1ruka v trv\u00e1n\u00ed 25 let je d\u016fkazem vysok\u00e9 kvality<span class='bullet-line'>Podrobnosti o podm\u00ednk\u00e1ch z\u00e1ruky najdete v p\u0159ilo\u017een\u00e9m n\u00e1vodu k pou\u017eit\u00ed nebo online na www.gardena.com\/warranty.<\/span><span class='bullet-line'>Tato z\u00e1ruka nem\u00e1 vliv na va\u0161e z\u00e1konn\u00e9 z\u00e1ru\u010dn\u00ed n\u00e1roky.<\/span>\u25ba Pohodln\u00e1 manipulace<span class='bullet-line'>Ergonomicky tvarovan\u00e1 rukoje\u0165 obsahuje m\u011bkk\u00e9 prvky pro vy\u0161\u0161\u00ed pohodl\u00ed p\u0159i manipulaci. <\/span><span class='bullet-line'>Zahnut\u00fd konec rukojeti zabra\u0148uje sklouz\u00e1v\u00e1n\u00ed ruky p\u0159i pr\u00e1ci.<\/span>\u25ba Ochrana proti korozi<span class='bullet-line'>Vysoce kvalitn\u00ed ocel s povlakem duroplast chr\u00e1n\u00ed drobn\u00e9 n\u00e1\u0159ad\u00ed p\u0159ed koroz\u00ed, br\u00e1n\u00ed ulp\u00edv\u00e1n\u00ed ne\u010distot a poskytuje extr\u00e9mn\u00ed pevnost.<\/span>\u25ba Flexibiln\u00ed pou\u017eit\u00ed<span class='bullet-line'>Ru\u010dn\u00ed n\u00e1\u0159ad\u00ed combisystem je velmi flexibiln\u00ed a je mo\u017en\u00e9 jej pou\u017e\u00edvat s jakoukoliv n\u00e1sadou combisystem. <\/span><span class='bullet-line'>D\u011bl\u00e1 se to jednodu\u0161e od\u0161roubov\u00e1n\u00edm m\u011bkk\u00e9ho plastov\u00e9ho \u0161roubu, nasazen\u00edm jin\u00e9 n\u00e1sady a uta\u017een\u00edm \u0161roubu.<\/span>\u25ba Pro kyp\u0159en\u00ed a provzdu\u0161\u0148ov\u00e1n\u00ed p\u016fdy bez po\u0161kozen\u00ed ko\u0159en\u016f<span class='bullet-line'>GARDENA combisystem mal\u00fd kultiv\u00e1tor je optim\u00e1ln\u00ed pro kyp\u0159en\u00ed a provzdu\u0161\u0148ov\u00e1n\u00ed p\u016fdy a nepo\u0161kozuje p\u0159itom ko\u0159eny rostlin. <\/span><span class='bullet-line'>Ergonomicky tvarovan\u00e1 rukoje\u0165 s integrovan\u00fdmi m\u011bkk\u00fdmi prvky se skv\u011ble dr\u017e\u00ed a jej\u00ed zahnut\u00fd konec br\u00e1n\u00ed sklouz\u00e1v\u00e1n\u00ed. <\/span><span class='bullet-line'>Pro pohodlnou pr\u00e1ci ve vzp\u0159\u00edmen\u00e9 poloze bez oh\u00fdb\u00e1n\u00ed zad je mo\u017en\u00e9 nahradit st\u00e1vaj\u00edc\u00ed rukoje\u0165 jakoukoliv n\u00e1sadou z \u0159ady combisystem. <\/span><span class='bullet-line'>Mal\u00fd kultiv\u00e1tor m\u00e1 pracovn\u00ed \u0161\u00ed\u0159ku 7 cm.<\/span><span class='bullet-line'>Je vyroben z vysoce kvalitn\u00ed oceli. <\/span><span class='bullet-line'>Povlak duroplast zaji\u0161\u0165uje dlouhou \u017eivotnost. <\/span><span class='bullet-line'>Na tento v\u00fdrobek poskytuje GARDENA z\u00e1ruku v trv\u00e1n\u00ed 25 let.<\/span><\/div>\n<div class=\"parameters\">\n<tr>\n<td>Pou\u017eit\u00ed<\/td>\n<td>Pro kyp\u0159en\u00ed a provzdu\u0161\u0148ov\u00e1n\u00ed p\u016fdy bez po\u0161kozen\u00ed ko\u0159en\u016f<\/td>\n<\/tr>\n<tr>\n<td>Z\u00e1ruka spole\u010dnosti Gardena<\/td>\n<td>Z\u00e1ruka 25 let<\/td>\n<\/tr>\n<tr>\n<td>Pracovn\u00ed \u0161\u00ed\u0159ka, cm<\/td>\n<td>7 cm<\/td>\n<\/tr><\/div>\n<\/table>\n","protected":false},"excerpt":{"rendered":"<p>\u25ba Z\u00e1ruka v trv\u00e1n\u00ed 25 let je d\u016fkazem vysok\u00e9 kvalityPodrobnosti o podm\u00ednk\u00e1ch z\u00e1ruky najdete v p\u0159ilo\u017een\u00e9m n\u00e1vodu k pou\u017eit\u00ed nebo online na www.gardena.com\/warranty.Tato z\u00e1ruka nem\u00e1 vliv na va\u0161e z\u00e1konn\u00e9 z\u00e1ru\u010dn\u00ed n\u00e1roky.\u25ba Pohodln\u00e1 manipulaceErgonomicky tvarovan\u00e1 rukoje\u0165 obsahuje m\u011bkk\u00e9 prvky pro vy\u0161\u0161\u00ed pohodl\u00ed p\u0159i manipulaci. Zahnut\u00fd konec rukojeti zabra\u0148uje sklouz\u00e1v\u00e1n\u00ed ruky p\u0159i pr\u00e1ci.\u25ba Ochrana proti koroziVysoce kvalitn\u00ed [&hellip;]<\/p>\n","protected":false},"featured_media":8445,"comment_status":"open","ping_status":"open","template":"","meta":[],"product_brand":[],"product_cat":[33],"product_tag":[],"class_list":{"0":"post-8345","1":"product","2":"type-product","3":"status-publish","4":"has-post-thumbnail","6":"product_cat-zahrada","8":"first","9":"instock","10":"sale","11":"shipping-taxable","12":"purchasable","13":"product-type-simple"},"yoast_head":"<!-- This site is optimized with the Yoast SEO plugin v26.8 - https:\/\/yoast.com\/product\/yoast-seo-wordpress\/ -->\n<title>Akce Gardena 8921-20 cs-mal\u00fd kultiv\u00e1tor -<\/title>\n<meta name=\"robots\" content=\"index, follow, max-snippet:-1, max-image-preview:large, max-video-preview:-1\" \/>\n<link rel=\"canonical\" href=\"https:\/\/www.oknobuild.com\/index.php\/produkt\/akce-gardena-8921-20-cs-maly-kultivator-8345\/\" \/>\n<meta property=\"og:locale\" content=\"cs_CZ\" \/>\n<meta property=\"og:type\" content=\"article\" \/>\n<meta property=\"og:title\" content=\"Akce Gardena 8921-20 cs-mal\u00fd kultiv\u00e1tor -\" \/>\n<meta property=\"og:description\" content=\"\u25ba Z\u00e1ruka v trv\u00e1n\u00ed 25 let je d\u016fkazem vysok\u00e9 kvalityPodrobnosti o podm\u00ednk\u00e1ch z\u00e1ruky najdete v p\u0159ilo\u017een\u00e9m n\u00e1vodu k pou\u017eit\u00ed nebo online na www.gardena.com\/warranty.Tato z\u00e1ruka nem\u00e1 vliv na va\u0161e z\u00e1konn\u00e9 z\u00e1ru\u010dn\u00ed n\u00e1roky.\u25ba Pohodln\u00e1 manipulaceErgonomicky tvarovan\u00e1 rukoje\u0165 obsahuje m\u011bkk\u00e9 prvky pro vy\u0161\u0161\u00ed pohodl\u00ed p\u0159i manipulaci. Zahnut\u00fd konec rukojeti zabra\u0148uje sklouz\u00e1v\u00e1n\u00ed ruky p\u0159i pr\u00e1ci.\u25ba Ochrana proti koroziVysoce kvalitn\u00ed [&hellip;]\" \/>\n<meta property=\"og:url\" content=\"https:\/\/www.oknobuild.com\/index.php\/produkt\/akce-gardena-8921-20-cs-maly-kultivator-8345\/\" \/>\n<meta property=\"og:image\" content=\"https:\/\/www.oknobuild.com\/wp-content\/uploads\/2026\/SK0018894-CZ20260425-092328-0-1777080210-208871-1_144227.ashx.webp\" \/>\n\t<meta property=\"og:image:width\" content=\"750\" \/>\n\t<meta property=\"og:image:height\" content=\"459\" \/>\n\t<meta property=\"og:image:type\" content=\"image\/webp\" \/>\n<meta name=\"twitter:card\" content=\"summary_large_image\" \/>\n<meta name=\"twitter:label1\" content=\"Odhadovan\u00e1 doba \u010dten\u00ed\" \/>\n\t<meta name=\"twitter:data1\" content=\"2 minuty\" \/>\n<script type=\"application\/ld+json\" class=\"yoast-schema-graph\">{\"@context\":\"https:\/\/schema.org\",\"@graph\":[{\"@type\":\"WebPage\",\"@id\":\"https:\/\/www.oknobuild.com\/index.php\/produkt\/akce-gardena-8921-20-cs-maly-kultivator-8345\/\",\"url\":\"https:\/\/www.oknobuild.com\/index.php\/produkt\/akce-gardena-8921-20-cs-maly-kultivator-8345\/\",\"name\":\"Akce Gardena 8921-20 cs-mal\u00fd kultiv\u00e1tor -\",\"isPartOf\":{\"@id\":\"https:\/\/www.oknobuild.com\/#website\"},\"primaryImageOfPage\":{\"@id\":\"https:\/\/www.oknobuild.com\/index.php\/produkt\/akce-gardena-8921-20-cs-maly-kultivator-8345\/#primaryimage\"},\"image\":{\"@id\":\"https:\/\/www.oknobuild.com\/index.php\/produkt\/akce-gardena-8921-20-cs-maly-kultivator-8345\/#primaryimage\"},\"thumbnailUrl\":\"https:\/\/www.oknobuild.com\/wp-content\/uploads\/2026\/SK0018894-CZ20260425-092328-0-1777080210-208871-1_144227.ashx.webp\",\"datePublished\":\"2026-04-27T04:40:53+00:00\",\"breadcrumb\":{\"@id\":\"https:\/\/www.oknobuild.com\/index.php\/produkt\/akce-gardena-8921-20-cs-maly-kultivator-8345\/#breadcrumb\"},\"inLanguage\":\"cs\",\"potentialAction\":[{\"@type\":\"ReadAction\",\"target\":[\"https:\/\/www.oknobuild.com\/index.php\/produkt\/akce-gardena-8921-20-cs-maly-kultivator-8345\/\"]}]},{\"@type\":\"ImageObject\",\"inLanguage\":\"cs\",\"@id\":\"https:\/\/www.oknobuild.com\/index.php\/produkt\/akce-gardena-8921-20-cs-maly-kultivator-8345\/#primaryimage\",\"url\":\"https:\/\/www.oknobuild.com\/wp-content\/uploads\/2026\/SK0018894-CZ20260425-092328-0-1777080210-208871-1_144227.ashx.webp\",\"contentUrl\":\"https:\/\/www.oknobuild.com\/wp-content\/uploads\/2026\/SK0018894-CZ20260425-092328-0-1777080210-208871-1_144227.ashx.webp\",\"width\":750,\"height\":459},{\"@type\":\"BreadcrumbList\",\"@id\":\"https:\/\/www.oknobuild.com\/index.php\/produkt\/akce-gardena-8921-20-cs-maly-kultivator-8345\/#breadcrumb\",\"itemListElement\":[{\"@type\":\"ListItem\",\"position\":1,\"name\":\"Home\",\"item\":\"https:\/\/www.oknobuild.com\/\"},{\"@type\":\"ListItem\",\"position\":2,\"name\":\"Products\",\"item\":\"https:\/\/www.oknobuild.com\/index.php\/products\/\"},{\"@type\":\"ListItem\",\"position\":3,\"name\":\"Akce Gardena 8921-20 cs-mal\u00fd kultiv\u00e1tor\"}]},{\"@type\":\"WebSite\",\"@id\":\"https:\/\/www.oknobuild.com\/#website\",\"url\":\"https:\/\/www.oknobuild.com\/\",\"name\":\"\",\"description\":\"\",\"potentialAction\":[{\"@type\":\"SearchAction\",\"target\":{\"@type\":\"EntryPoint\",\"urlTemplate\":\"https:\/\/www.oknobuild.com\/?s={search_term_string}\"},\"query-input\":{\"@type\":\"PropertyValueSpecification\",\"valueRequired\":true,\"valueName\":\"search_term_string\"}}],\"inLanguage\":\"cs\"}]}<\/script>\n<!-- \/ Yoast SEO plugin. -->","yoast_head_json":{"title":"Akce Gardena 8921-20 cs-mal\u00fd kultiv\u00e1tor -","robots":{"index":"index","follow":"follow","max-snippet":"max-snippet:-1","max-image-preview":"max-image-preview:large","max-video-preview":"max-video-preview:-1"},"canonical":"https:\/\/www.oknobuild.com\/index.php\/produkt\/akce-gardena-8921-20-cs-maly-kultivator-8345\/","og_locale":"cs_CZ","og_type":"article","og_title":"Akce Gardena 8921-20 cs-mal\u00fd kultiv\u00e1tor -","og_description":"\u25ba Z\u00e1ruka v trv\u00e1n\u00ed 25 let je d\u016fkazem vysok\u00e9 kvalityPodrobnosti o podm\u00ednk\u00e1ch z\u00e1ruky najdete v p\u0159ilo\u017een\u00e9m n\u00e1vodu k pou\u017eit\u00ed nebo online na www.gardena.com\/warranty.Tato z\u00e1ruka nem\u00e1 vliv na va\u0161e z\u00e1konn\u00e9 z\u00e1ru\u010dn\u00ed n\u00e1roky.\u25ba Pohodln\u00e1 manipulaceErgonomicky tvarovan\u00e1 rukoje\u0165 obsahuje m\u011bkk\u00e9 prvky pro vy\u0161\u0161\u00ed pohodl\u00ed p\u0159i manipulaci. Zahnut\u00fd konec rukojeti zabra\u0148uje sklouz\u00e1v\u00e1n\u00ed ruky p\u0159i pr\u00e1ci.\u25ba Ochrana proti koroziVysoce kvalitn\u00ed [&hellip;]","og_url":"https:\/\/www.oknobuild.com\/index.php\/produkt\/akce-gardena-8921-20-cs-maly-kultivator-8345\/","og_image":[{"width":750,"height":459,"url":"https:\/\/www.oknobuild.com\/wp-content\/uploads\/2026\/SK0018894-CZ20260425-092328-0-1777080210-208871-1_144227.ashx.webp","type":"image\/webp"}],"twitter_card":"summary_large_image","twitter_misc":{"Odhadovan\u00e1 doba \u010dten\u00ed":"2 minuty"},"schema":{"@context":"https:\/\/schema.org","@graph":[{"@type":"WebPage","@id":"https:\/\/www.oknobuild.com\/index.php\/produkt\/akce-gardena-8921-20-cs-maly-kultivator-8345\/","url":"https:\/\/www.oknobuild.com\/index.php\/produkt\/akce-gardena-8921-20-cs-maly-kultivator-8345\/","name":"Akce Gardena 8921-20 cs-mal\u00fd kultiv\u00e1tor -","isPartOf":{"@id":"https:\/\/www.oknobuild.com\/#website"},"primaryImageOfPage":{"@id":"https:\/\/www.oknobuild.com\/index.php\/produkt\/akce-gardena-8921-20-cs-maly-kultivator-8345\/#primaryimage"},"image":{"@id":"https:\/\/www.oknobuild.com\/index.php\/produkt\/akce-gardena-8921-20-cs-maly-kultivator-8345\/#primaryimage"},"thumbnailUrl":"https:\/\/www.oknobuild.com\/wp-content\/uploads\/2026\/SK0018894-CZ20260425-092328-0-1777080210-208871-1_144227.ashx.webp","datePublished":"2026-04-27T04:40:53+00:00","breadcrumb":{"@id":"https:\/\/www.oknobuild.com\/index.php\/produkt\/akce-gardena-8921-20-cs-maly-kultivator-8345\/#breadcrumb"},"inLanguage":"cs","potentialAction":[{"@type":"ReadAction","target":["https:\/\/www.oknobuild.com\/index.php\/produkt\/akce-gardena-8921-20-cs-maly-kultivator-8345\/"]}]},{"@type":"ImageObject","inLanguage":"cs","@id":"https:\/\/www.oknobuild.com\/index.php\/produkt\/akce-gardena-8921-20-cs-maly-kultivator-8345\/#primaryimage","url":"https:\/\/www.oknobuild.com\/wp-content\/uploads\/2026\/SK0018894-CZ20260425-092328-0-1777080210-208871-1_144227.ashx.webp","contentUrl":"https:\/\/www.oknobuild.com\/wp-content\/uploads\/2026\/SK0018894-CZ20260425-092328-0-1777080210-208871-1_144227.ashx.webp","width":750,"height":459},{"@type":"BreadcrumbList","@id":"https:\/\/www.oknobuild.com\/index.php\/produkt\/akce-gardena-8921-20-cs-maly-kultivator-8345\/#breadcrumb","itemListElement":[{"@type":"ListItem","position":1,"name":"Home","item":"https:\/\/www.oknobuild.com\/"},{"@type":"ListItem","position":2,"name":"Products","item":"https:\/\/www.oknobuild.com\/index.php\/products\/"},{"@type":"ListItem","position":3,"name":"Akce Gardena 8921-20 cs-mal\u00fd kultiv\u00e1tor"}]},{"@type":"WebSite","@id":"https:\/\/www.oknobuild.com\/#website","url":"https:\/\/www.oknobuild.com\/","name":"","description":"","potentialAction":[{"@type":"SearchAction","target":{"@type":"EntryPoint","urlTemplate":"https:\/\/www.oknobuild.com\/?s={search_term_string}"},"query-input":{"@type":"PropertyValueSpecification","valueRequired":true,"valueName":"search_term_string"}}],"inLanguage":"cs"}]}},"_links":{"self":[{"href":"https:\/\/www.oknobuild.com\/index.php\/wp-json\/wp\/v2\/product\/8345","targetHints":{"allow":["GET"]}}],"collection":[{"href":"https:\/\/www.oknobuild.com\/index.php\/wp-json\/wp\/v2\/product"}],"about":[{"href":"https:\/\/www.oknobuild.com\/index.php\/wp-json\/wp\/v2\/types\/product"}],"replies":[{"embeddable":true,"href":"https:\/\/www.oknobuild.com\/index.php\/wp-json\/wp\/v2\/comments?post=8345"}],"wp:featuredmedia":[{"embeddable":true,"href":"https:\/\/www.oknobuild.com\/index.php\/wp-json\/wp\/v2\/media\/8445"}],"wp:attachment":[{"href":"https:\/\/www.oknobuild.com\/index.php\/wp-json\/wp\/v2\/media?parent=8345"}],"wp:term":[{"taxonomy":"product_brand","embeddable":true,"href":"https:\/\/www.oknobuild.com\/index.php\/wp-json\/wp\/v2\/product_brand?post=8345"},{"taxonomy":"product_cat","embeddable":true,"href":"https:\/\/www.oknobuild.com\/index.php\/wp-json\/wp\/v2\/product_cat?post=8345"},{"taxonomy":"product_tag","embeddable":true,"href":"https:\/\/www.oknobuild.com\/index.php\/wp-json\/wp\/v2\/product_tag?post=8345"}],"curies":[{"name":"wp","href":"https:\/\/api.w.org\/{rel}","templated":true}]}}