{"id":8497,"date":"2026-04-27T04:40:53","date_gmt":"2026-04-27T04:40:53","guid":{"rendered":""},"modified":"2026-04-27T04:40:53","modified_gmt":"2026-04-27T04:40:53","slug":"zlevneny-bosch-1618596164-vrtak-do-betonu-sds-plus-5x50x115-mm-8497","status":"publish","type":"product","link":"https:\/\/www.oknobuild.com\/index.php\/produkt\/zlevneny-bosch-1618596164-vrtak-do-betonu-sds-plus-5x50x115-mm-8497\/","title":{"rendered":"Zlevn\u011bn\u00fd Bosch 1618596164 vrt\u00e1k do betonu SDS-plus 5x50x115 mm"},"content":{"rendered":"<table>\n<div class=\"tab-pane active product-description\" id=\"popis\" role=\"tabpanel\">\n<div class=\"short-description\" itemprop=\"description\"><\/div>\n<div class=\"description\"><span class='bullet-line'>Pr\u016fm\u011br (D) mm 5.0<br \/><\/span><span class='bullet-line'>Pracovn\u00ed d\u00e9lka (L1) mm 50.0<br \/><\/span><span class='bullet-line'>Celkov\u00e1 d\u00e9lka (L2) mm 115.0<br \/><\/span><span class='bullet-line'>Hod\u00ed se na zdivo, beton a armovan\u00fd beton.<br \/><\/span><span class='bullet-line'>Pro v\u0161echna vrtac\u00ed kladiva s up\u00edn\u00e1n\u00edm SDS-plus.<br \/><\/span><span class='bullet-line'>activeteq O ? 10 mm<br \/><\/span><span class='bullet-line'>Aktivn\u00ed st\u0159edic\u00ed hrot pro p\u0159esn\u00e9 vrt\u00e1n\u00ed do betonu<br \/><\/span><span class='bullet-line'>Tvrdokov s dlouhou \u017eivotnost\u00ed<br \/><\/span><span class='bullet-line'>Vysok\u00e1 \u017eivotnost\/odolnost<br \/><\/span><span class='bullet-line'>Indik\u00e1tor opot\u0159eben\u00ed<br \/><\/span><span class='bullet-line'>4spir\u00e1lov\u00fd design Turbo<br \/><\/span><span class='bullet-line'>Patentovan\u00fd 4spir\u00e1lov\u00fd design pro efektivn\u00ed odv\u00e1d\u011bn\u00ed vrtn\u00e9 mou\u010dky<br \/><\/span><span class='bullet-line'>2 b\u0159ity, p\u00e1jen\u00ed AWB a kalen\u00ed<br \/><\/span><span class='bullet-line'>Technologie p\u00e1jen\u00ed a kalen\u00ed optimalizovan\u00e1 podle pr\u016fm\u011br\u016f pro zv\u00fd\u0161en\u00ed robustnosti vrt\u00e1ku a sou\u010dasn\u00e9 sn\u00ed\u017een\u00ed vibrac\u00ed p\u0159i vrt\u00e1n\u00ed<br \/><\/span><span class='bullet-line'>Ozuben\u00fd tvrdokov<br \/><\/span><span class='bullet-line'>Odv\u00e1d\u00ed prach p\u0159\u00edmo do \u0161roubovice, aby se zabr\u00e1nilo ucp\u00e1n\u00ed vrtnou mou\u010dkou na dn\u011b vrtan\u00e9ho otvoru<br \/><\/span><span class='bullet-line'>Podle viditelnosti indik\u00e1toru opot\u0159eben\u00ed se lze orientovat ohledn\u011b tolerance, v r\u00e1mci kter\u00e9 lze vsazovat kotvy<\/span><\/div>\n<div class=\"parameters\">\n<tr>\n<td>Materi\u00e1l<\/td>\n<td>Beton, zdivo, k\u00e1men<\/td>\n<\/tr>\n<tr>\n<td>Pr\u016fm\u011br<\/td>\n<td>5.5mm<\/td>\n<\/tr>\n<tr>\n<td>Up\u00edn\u00e1n\u00ed<\/td>\n<td>SDS-plus<\/td>\n<\/tr><\/div>\n<\/table>\n","protected":false},"excerpt":{"rendered":"<p>Pr\u016fm\u011br (D) mm 5.0Pracovn\u00ed d\u00e9lka (L1) mm 50.0Celkov\u00e1 d\u00e9lka (L2) mm 115.0Hod\u00ed se na zdivo, beton a armovan\u00fd beton.Pro v\u0161echna vrtac\u00ed kladiva s up\u00edn\u00e1n\u00edm SDS-plus.activeteq O ? 10 mmAktivn\u00ed st\u0159edic\u00ed hrot pro p\u0159esn\u00e9 vrt\u00e1n\u00ed do betonuTvrdokov s dlouhou \u017eivotnost\u00edVysok\u00e1 \u017eivotnost\/odolnostIndik\u00e1tor opot\u0159eben\u00ed4spir\u00e1lov\u00fd design TurboPatentovan\u00fd 4spir\u00e1lov\u00fd design pro efektivn\u00ed odv\u00e1d\u011bn\u00ed vrtn\u00e9 mou\u010dky2 b\u0159ity, p\u00e1jen\u00ed AWB a kalen\u00edTechnologie [&hellip;]<\/p>\n","protected":false},"featured_media":8597,"comment_status":"open","ping_status":"open","template":"","meta":[],"product_brand":[],"product_cat":[41],"product_tag":[],"class_list":{"0":"post-8497","1":"product","2":"type-product","3":"status-publish","4":"has-post-thumbnail","6":"product_cat-naradi","8":"first","9":"instock","10":"sale","11":"shipping-taxable","12":"purchasable","13":"product-type-simple"},"yoast_head":"<!-- This site is optimized with the Yoast SEO plugin v26.8 - https:\/\/yoast.com\/product\/yoast-seo-wordpress\/ -->\n<title>Zlevn\u011bn\u00fd Bosch 1618596164 vrt\u00e1k do betonu SDS-plus 5x50x115 mm -<\/title>\n<meta name=\"robots\" content=\"index, follow, max-snippet:-1, max-image-preview:large, max-video-preview:-1\" \/>\n<link rel=\"canonical\" href=\"https:\/\/www.oknobuild.com\/index.php\/produkt\/zlevneny-bosch-1618596164-vrtak-do-betonu-sds-plus-5x50x115-mm-8497\/\" \/>\n<meta property=\"og:locale\" content=\"cs_CZ\" \/>\n<meta property=\"og:type\" content=\"article\" \/>\n<meta property=\"og:title\" content=\"Zlevn\u011bn\u00fd Bosch 1618596164 vrt\u00e1k do betonu SDS-plus 5x50x115 mm -\" \/>\n<meta property=\"og:description\" content=\"Pr\u016fm\u011br (D) mm 5.0Pracovn\u00ed d\u00e9lka (L1) mm 50.0Celkov\u00e1 d\u00e9lka (L2) mm 115.0Hod\u00ed se na zdivo, beton a armovan\u00fd beton.Pro v\u0161echna vrtac\u00ed kladiva s up\u00edn\u00e1n\u00edm SDS-plus.activeteq O ? 10 mmAktivn\u00ed st\u0159edic\u00ed hrot pro p\u0159esn\u00e9 vrt\u00e1n\u00ed do betonuTvrdokov s dlouhou \u017eivotnost\u00edVysok\u00e1 \u017eivotnost\/odolnostIndik\u00e1tor opot\u0159eben\u00ed4spir\u00e1lov\u00fd design TurboPatentovan\u00fd 4spir\u00e1lov\u00fd design pro efektivn\u00ed odv\u00e1d\u011bn\u00ed vrtn\u00e9 mou\u010dky2 b\u0159ity, p\u00e1jen\u00ed AWB a kalen\u00edTechnologie [&hellip;]\" \/>\n<meta property=\"og:url\" content=\"https:\/\/www.oknobuild.com\/index.php\/produkt\/zlevneny-bosch-1618596164-vrtak-do-betonu-sds-plus-5x50x115-mm-8497\/\" \/>\n<meta property=\"og:image\" content=\"https:\/\/www.oknobuild.com\/wp-content\/uploads\/2026\/SK0018947-CZ20260425-092328-0-1777080210-bosch-ozubeny-tvrdokov_1.webp\" \/>\n\t<meta property=\"og:image:width\" content=\"425\" \/>\n\t<meta property=\"og:image:height\" content=\"478\" \/>\n\t<meta property=\"og:image:type\" content=\"image\/webp\" \/>\n<meta name=\"twitter:card\" content=\"summary_large_image\" \/>\n<meta name=\"twitter:label1\" content=\"Odhadovan\u00e1 doba \u010dten\u00ed\" \/>\n\t<meta name=\"twitter:data1\" content=\"1 minuta\" \/>\n<script type=\"application\/ld+json\" class=\"yoast-schema-graph\">{\"@context\":\"https:\/\/schema.org\",\"@graph\":[{\"@type\":\"WebPage\",\"@id\":\"https:\/\/www.oknobuild.com\/index.php\/produkt\/zlevneny-bosch-1618596164-vrtak-do-betonu-sds-plus-5x50x115-mm-8497\/\",\"url\":\"https:\/\/www.oknobuild.com\/index.php\/produkt\/zlevneny-bosch-1618596164-vrtak-do-betonu-sds-plus-5x50x115-mm-8497\/\",\"name\":\"Zlevn\u011bn\u00fd Bosch 1618596164 vrt\u00e1k do betonu SDS-plus 5x50x115 mm -\",\"isPartOf\":{\"@id\":\"https:\/\/www.oknobuild.com\/#website\"},\"primaryImageOfPage\":{\"@id\":\"https:\/\/www.oknobuild.com\/index.php\/produkt\/zlevneny-bosch-1618596164-vrtak-do-betonu-sds-plus-5x50x115-mm-8497\/#primaryimage\"},\"image\":{\"@id\":\"https:\/\/www.oknobuild.com\/index.php\/produkt\/zlevneny-bosch-1618596164-vrtak-do-betonu-sds-plus-5x50x115-mm-8497\/#primaryimage\"},\"thumbnailUrl\":\"https:\/\/www.oknobuild.com\/wp-content\/uploads\/2026\/SK0018947-CZ20260425-092328-0-1777080210-bosch-ozubeny-tvrdokov_1.webp\",\"datePublished\":\"2026-04-27T04:40:53+00:00\",\"breadcrumb\":{\"@id\":\"https:\/\/www.oknobuild.com\/index.php\/produkt\/zlevneny-bosch-1618596164-vrtak-do-betonu-sds-plus-5x50x115-mm-8497\/#breadcrumb\"},\"inLanguage\":\"cs\",\"potentialAction\":[{\"@type\":\"ReadAction\",\"target\":[\"https:\/\/www.oknobuild.com\/index.php\/produkt\/zlevneny-bosch-1618596164-vrtak-do-betonu-sds-plus-5x50x115-mm-8497\/\"]}]},{\"@type\":\"ImageObject\",\"inLanguage\":\"cs\",\"@id\":\"https:\/\/www.oknobuild.com\/index.php\/produkt\/zlevneny-bosch-1618596164-vrtak-do-betonu-sds-plus-5x50x115-mm-8497\/#primaryimage\",\"url\":\"https:\/\/www.oknobuild.com\/wp-content\/uploads\/2026\/SK0018947-CZ20260425-092328-0-1777080210-bosch-ozubeny-tvrdokov_1.webp\",\"contentUrl\":\"https:\/\/www.oknobuild.com\/wp-content\/uploads\/2026\/SK0018947-CZ20260425-092328-0-1777080210-bosch-ozubeny-tvrdokov_1.webp\",\"width\":425,\"height\":478},{\"@type\":\"BreadcrumbList\",\"@id\":\"https:\/\/www.oknobuild.com\/index.php\/produkt\/zlevneny-bosch-1618596164-vrtak-do-betonu-sds-plus-5x50x115-mm-8497\/#breadcrumb\",\"itemListElement\":[{\"@type\":\"ListItem\",\"position\":1,\"name\":\"Home\",\"item\":\"https:\/\/www.oknobuild.com\/\"},{\"@type\":\"ListItem\",\"position\":2,\"name\":\"Products\",\"item\":\"https:\/\/www.oknobuild.com\/index.php\/products\/\"},{\"@type\":\"ListItem\",\"position\":3,\"name\":\"Zlevn\u011bn\u00fd Bosch 1618596164 vrt\u00e1k do betonu SDS-plus 5x50x115 mm\"}]},{\"@type\":\"WebSite\",\"@id\":\"https:\/\/www.oknobuild.com\/#website\",\"url\":\"https:\/\/www.oknobuild.com\/\",\"name\":\"\",\"description\":\"\",\"potentialAction\":[{\"@type\":\"SearchAction\",\"target\":{\"@type\":\"EntryPoint\",\"urlTemplate\":\"https:\/\/www.oknobuild.com\/?s={search_term_string}\"},\"query-input\":{\"@type\":\"PropertyValueSpecification\",\"valueRequired\":true,\"valueName\":\"search_term_string\"}}],\"inLanguage\":\"cs\"}]}<\/script>\n<!-- \/ Yoast SEO plugin. -->","yoast_head_json":{"title":"Zlevn\u011bn\u00fd Bosch 1618596164 vrt\u00e1k do betonu SDS-plus 5x50x115 mm -","robots":{"index":"index","follow":"follow","max-snippet":"max-snippet:-1","max-image-preview":"max-image-preview:large","max-video-preview":"max-video-preview:-1"},"canonical":"https:\/\/www.oknobuild.com\/index.php\/produkt\/zlevneny-bosch-1618596164-vrtak-do-betonu-sds-plus-5x50x115-mm-8497\/","og_locale":"cs_CZ","og_type":"article","og_title":"Zlevn\u011bn\u00fd Bosch 1618596164 vrt\u00e1k do betonu SDS-plus 5x50x115 mm -","og_description":"Pr\u016fm\u011br (D) mm 5.0Pracovn\u00ed d\u00e9lka (L1) mm 50.0Celkov\u00e1 d\u00e9lka (L2) mm 115.0Hod\u00ed se na zdivo, beton a armovan\u00fd beton.Pro v\u0161echna vrtac\u00ed kladiva s up\u00edn\u00e1n\u00edm SDS-plus.activeteq O ? 10 mmAktivn\u00ed st\u0159edic\u00ed hrot pro p\u0159esn\u00e9 vrt\u00e1n\u00ed do betonuTvrdokov s dlouhou \u017eivotnost\u00edVysok\u00e1 \u017eivotnost\/odolnostIndik\u00e1tor opot\u0159eben\u00ed4spir\u00e1lov\u00fd design TurboPatentovan\u00fd 4spir\u00e1lov\u00fd design pro efektivn\u00ed odv\u00e1d\u011bn\u00ed vrtn\u00e9 mou\u010dky2 b\u0159ity, p\u00e1jen\u00ed AWB a kalen\u00edTechnologie [&hellip;]","og_url":"https:\/\/www.oknobuild.com\/index.php\/produkt\/zlevneny-bosch-1618596164-vrtak-do-betonu-sds-plus-5x50x115-mm-8497\/","og_image":[{"width":425,"height":478,"url":"https:\/\/www.oknobuild.com\/wp-content\/uploads\/2026\/SK0018947-CZ20260425-092328-0-1777080210-bosch-ozubeny-tvrdokov_1.webp","type":"image\/webp"}],"twitter_card":"summary_large_image","twitter_misc":{"Odhadovan\u00e1 doba \u010dten\u00ed":"1 minuta"},"schema":{"@context":"https:\/\/schema.org","@graph":[{"@type":"WebPage","@id":"https:\/\/www.oknobuild.com\/index.php\/produkt\/zlevneny-bosch-1618596164-vrtak-do-betonu-sds-plus-5x50x115-mm-8497\/","url":"https:\/\/www.oknobuild.com\/index.php\/produkt\/zlevneny-bosch-1618596164-vrtak-do-betonu-sds-plus-5x50x115-mm-8497\/","name":"Zlevn\u011bn\u00fd Bosch 1618596164 vrt\u00e1k do betonu SDS-plus 5x50x115 mm -","isPartOf":{"@id":"https:\/\/www.oknobuild.com\/#website"},"primaryImageOfPage":{"@id":"https:\/\/www.oknobuild.com\/index.php\/produkt\/zlevneny-bosch-1618596164-vrtak-do-betonu-sds-plus-5x50x115-mm-8497\/#primaryimage"},"image":{"@id":"https:\/\/www.oknobuild.com\/index.php\/produkt\/zlevneny-bosch-1618596164-vrtak-do-betonu-sds-plus-5x50x115-mm-8497\/#primaryimage"},"thumbnailUrl":"https:\/\/www.oknobuild.com\/wp-content\/uploads\/2026\/SK0018947-CZ20260425-092328-0-1777080210-bosch-ozubeny-tvrdokov_1.webp","datePublished":"2026-04-27T04:40:53+00:00","breadcrumb":{"@id":"https:\/\/www.oknobuild.com\/index.php\/produkt\/zlevneny-bosch-1618596164-vrtak-do-betonu-sds-plus-5x50x115-mm-8497\/#breadcrumb"},"inLanguage":"cs","potentialAction":[{"@type":"ReadAction","target":["https:\/\/www.oknobuild.com\/index.php\/produkt\/zlevneny-bosch-1618596164-vrtak-do-betonu-sds-plus-5x50x115-mm-8497\/"]}]},{"@type":"ImageObject","inLanguage":"cs","@id":"https:\/\/www.oknobuild.com\/index.php\/produkt\/zlevneny-bosch-1618596164-vrtak-do-betonu-sds-plus-5x50x115-mm-8497\/#primaryimage","url":"https:\/\/www.oknobuild.com\/wp-content\/uploads\/2026\/SK0018947-CZ20260425-092328-0-1777080210-bosch-ozubeny-tvrdokov_1.webp","contentUrl":"https:\/\/www.oknobuild.com\/wp-content\/uploads\/2026\/SK0018947-CZ20260425-092328-0-1777080210-bosch-ozubeny-tvrdokov_1.webp","width":425,"height":478},{"@type":"BreadcrumbList","@id":"https:\/\/www.oknobuild.com\/index.php\/produkt\/zlevneny-bosch-1618596164-vrtak-do-betonu-sds-plus-5x50x115-mm-8497\/#breadcrumb","itemListElement":[{"@type":"ListItem","position":1,"name":"Home","item":"https:\/\/www.oknobuild.com\/"},{"@type":"ListItem","position":2,"name":"Products","item":"https:\/\/www.oknobuild.com\/index.php\/products\/"},{"@type":"ListItem","position":3,"name":"Zlevn\u011bn\u00fd Bosch 1618596164 vrt\u00e1k do betonu SDS-plus 5x50x115 mm"}]},{"@type":"WebSite","@id":"https:\/\/www.oknobuild.com\/#website","url":"https:\/\/www.oknobuild.com\/","name":"","description":"","potentialAction":[{"@type":"SearchAction","target":{"@type":"EntryPoint","urlTemplate":"https:\/\/www.oknobuild.com\/?s={search_term_string}"},"query-input":{"@type":"PropertyValueSpecification","valueRequired":true,"valueName":"search_term_string"}}],"inLanguage":"cs"}]}},"_links":{"self":[{"href":"https:\/\/www.oknobuild.com\/index.php\/wp-json\/wp\/v2\/product\/8497","targetHints":{"allow":["GET"]}}],"collection":[{"href":"https:\/\/www.oknobuild.com\/index.php\/wp-json\/wp\/v2\/product"}],"about":[{"href":"https:\/\/www.oknobuild.com\/index.php\/wp-json\/wp\/v2\/types\/product"}],"replies":[{"embeddable":true,"href":"https:\/\/www.oknobuild.com\/index.php\/wp-json\/wp\/v2\/comments?post=8497"}],"wp:featuredmedia":[{"embeddable":true,"href":"https:\/\/www.oknobuild.com\/index.php\/wp-json\/wp\/v2\/media\/8597"}],"wp:attachment":[{"href":"https:\/\/www.oknobuild.com\/index.php\/wp-json\/wp\/v2\/media?parent=8497"}],"wp:term":[{"taxonomy":"product_brand","embeddable":true,"href":"https:\/\/www.oknobuild.com\/index.php\/wp-json\/wp\/v2\/product_brand?post=8497"},{"taxonomy":"product_cat","embeddable":true,"href":"https:\/\/www.oknobuild.com\/index.php\/wp-json\/wp\/v2\/product_cat?post=8497"},{"taxonomy":"product_tag","embeddable":true,"href":"https:\/\/www.oknobuild.com\/index.php\/wp-json\/wp\/v2\/product_tag?post=8497"}],"curies":[{"name":"wp","href":"https:\/\/api.w.org\/{rel}","templated":true}]}}