{"id":8548,"date":"2026-04-27T04:40:53","date_gmt":"2026-04-27T04:40:53","guid":{"rendered":""},"modified":"2026-04-27T04:40:53","modified_gmt":"2026-04-27T04:40:53","slug":"znackovy-bosch-2608588144-cyl-5-vrtak-do-betonu-6-x-50-x-100-mm-8548","status":"publish","type":"product","link":"https:\/\/www.oknobuild.com\/index.php\/produkt\/znackovy-bosch-2608588144-cyl-5-vrtak-do-betonu-6-x-50-x-100-mm-8548\/","title":{"rendered":"Zna\u010dkov\u00fd BOSCH 2608588144 CYL-5 vrt\u00e1k do betonu, 6 x 50 x 100 mm"},"content":{"rendered":"<table>\n<div class=\"tab-pane active product-description\" id=\"popis\" role=\"tabpanel\">\n<div class=\"short-description\" itemprop=\"description\"><\/div>\n<div class=\"description\">\u25ba Vrt\u00e1k do betonu Bosch CYL-5<span class='bullet-line'>2spir\u00e1lov\u00fd design Vario zaji\u0161\u0165uje men\u0161\u00ed t\u0159en\u00ed a dobr\u00e9 odv\u00e1d\u011bn\u00ed vrtan\u00e9 mou\u010dky pro rychlej\u0161\u00ed vrt\u00e1n\u00ed<br \/><\/span><span class='bullet-line'>Nov\u00fd syst\u00e9m Power-Grip umo\u017e\u0148uje 100 % p\u0159enos s\u00edly n\u00e1\u0159ad\u00ed na vrt\u00e1k<br \/><\/span><span class='bullet-line'>Aktivn\u00ed st\u0159edic\u00ed hrot pro p\u0159esn\u00e9 vrt\u00e1n\u00ed do betonu<br \/><\/span><span class='bullet-line'>Tvrdokov nejjemn\u011bj\u0161\u00ed zrnitosti s dlouhou \u017eivotnost\u00ed<br \/><\/span><span class='bullet-line'>Mimo\u0159\u00e1dn\u011b dlouh\u00e1 \u017eivotnost\/ nejlep\u0161\u00ed odolnost<br \/><\/span><span class='bullet-line'>\u0158ezn\u00e9 hrany brou\u0161en\u00e9 diamantem rychleji drt\u00ed beton<br \/><\/span><span class='bullet-line'>2 b\u0159ity Standard<br \/><\/span><span class='bullet-line'>Vysoce v\u00fdkonn\u00fd p\u0159\u00edklepov\u00fd vrt\u00e1k, pro v\u0161echny p\u0159\u00edklepov\u00e9 vrta\u010dky<br \/><\/span><span class='bullet-line'>Pro vrt\u00e1n\u00ed do \u017euly, betonu, zdiva, v\u00e1pencov\u00e9ho p\u00edskovce, p\u0159\u00edrodn\u00edho a um\u011bl\u00e9ho kamene.<br \/><\/span><span class='bullet-line'>Pro vrt\u00e1n\u00ed otvor\u016f pro kol\u00edky<br \/><\/span><span class='bullet-line'>Spir\u00e1lov\u00fd vrt\u00e1k CYL-5 zaru\u010duje velmi dlouhou \u017eivotnost p\u0159i pou\u017eit\u00ed k vrt\u00e1n\u00ed do betonu a kamene. <br \/><\/span><span class='bullet-line'>D\u00edky spojen\u00ed karbidov\u00e9 sm\u011bsi intern\u011b vyvinut\u00e9 spole\u010dnost\u00ed Bosch a \u0159ezn\u00fdch hran brou\u0161en\u00fdch diamantem je tento vrt\u00e1k mimo\u0159\u00e1dn\u011b odoln\u00fd v\u016f\u010di opot\u0159eben\u00ed. <br \/><\/span><span class='bullet-line'>T\u0159en\u00ed ve spir\u00e1le zp\u016fsobovan\u00e9 odv\u00e1d\u011bn\u00fdm materi\u00e1lem je v\u00fdznamn\u011b sn\u00ed\u017eeno d\u00edky 2\u017el\u00e1bkov\u00e9mu designu Vario s kr\u00e1tk\u00fdm a prom\u011bnliv\u00fdm sklonem zaji\u0161\u0165uj\u00edc\u00edm dobr\u00e9 odv\u00e1d\u011bn\u00ed vrtan\u00e9 mou\u010dky a ni\u017e\u0161\u00ed t\u0159en\u00ed. <br \/><\/span><span class='bullet-line'>Up\u00ednac\u00ed syst\u00e9m Bosch Power Grip umo\u017e\u0148uje 100% p\u0159enos v\u00fdkonu z vrta\u010dky na spir\u00e1lov\u00fd vrt\u00e1k. <br \/><\/span><span class='bullet-line'>Tento syst\u00e9m umo\u017e\u0148uje p\u0159\u00edm\u00e9 vyu\u017eit\u00ed v\u00fdkonu pro vrt\u00e1n\u00ed, bez jak\u00fdchkoli ztr\u00e1t, a proto s ni\u017e\u0161\u00edm opot\u0159eben\u00edm.<br \/><\/span><span class='bullet-line'>Pou\u017e\u00edv\u00e1 se k vrt\u00e1n\u00ed otvor\u016f pro upevn\u011bn\u00ed v betonu, p\u0159\u00edrodn\u00edm i um\u011bl\u00e9m kameni. <br \/><\/span><span class='bullet-line'>Vrt\u00e1k je kompatibiln\u00ed se syst\u00e9my s v\u00e1lcov\u00fdm v\u0159etenem v\u0161ech \u0161\u0148\u016frov\u00fdch i akumul\u00e1torov\u00fdch p\u0159\u00edklepov\u00fdch vrta\u010dek.<br \/><\/span><br \/>\u25ba Technick\u00e9 informace:<span class='bullet-line'>Pr\u016fm\u011br (D): 6 mm<br \/><\/span><span class='bullet-line'>Pracovn\u00ed d\u00e9lka (L1): 50 mm<br \/><\/span><span class='bullet-line'>Celkov\u00e1 d\u00e9lka (L2): 100 mm<br \/><\/span><span class='bullet-line'>Pou\u017eit\u00ed pro vrt\u00e1n\u00ed: \u017euly, betonu, zdiva, v\u00e1pencov\u00e9ho p\u00edskovce, p\u0159\u00edrodn\u00edho a um\u011bl\u00e9ho kamene<\/span><\/div>\n<\/table>\n","protected":false},"excerpt":{"rendered":"<p>\u25ba Vrt\u00e1k do betonu Bosch CYL-52spir\u00e1lov\u00fd design Vario zaji\u0161\u0165uje men\u0161\u00ed t\u0159en\u00ed a dobr\u00e9 odv\u00e1d\u011bn\u00ed vrtan\u00e9 mou\u010dky pro rychlej\u0161\u00ed vrt\u00e1n\u00edNov\u00fd syst\u00e9m Power-Grip umo\u017e\u0148uje 100 % p\u0159enos s\u00edly n\u00e1\u0159ad\u00ed na vrt\u00e1kAktivn\u00ed st\u0159edic\u00ed hrot pro p\u0159esn\u00e9 vrt\u00e1n\u00ed do betonuTvrdokov nejjemn\u011bj\u0161\u00ed zrnitosti s dlouhou \u017eivotnost\u00edMimo\u0159\u00e1dn\u011b dlouh\u00e1 \u017eivotnost\/ nejlep\u0161\u00ed odolnost\u0158ezn\u00e9 hrany brou\u0161en\u00e9 diamantem rychleji drt\u00ed beton2 b\u0159ity StandardVysoce v\u00fdkonn\u00fd p\u0159\u00edklepov\u00fd [&hellip;]<\/p>\n","protected":false},"featured_media":8648,"comment_status":"open","ping_status":"open","template":"","meta":[],"product_brand":[],"product_cat":[41],"product_tag":[],"class_list":{"0":"post-8548","1":"product","2":"type-product","3":"status-publish","4":"has-post-thumbnail","6":"product_cat-naradi","8":"first","9":"instock","10":"sale","11":"shipping-taxable","12":"purchasable","13":"product-type-simple"},"yoast_head":"<!-- This site is optimized with the Yoast SEO plugin v26.8 - https:\/\/yoast.com\/product\/yoast-seo-wordpress\/ -->\n<title>Zna\u010dkov\u00fd BOSCH 2608588144 CYL-5 vrt\u00e1k do betonu, 6 x 50 x 100 mm -<\/title>\n<meta name=\"robots\" content=\"index, follow, max-snippet:-1, max-image-preview:large, max-video-preview:-1\" \/>\n<link rel=\"canonical\" href=\"https:\/\/www.oknobuild.com\/index.php\/produkt\/znackovy-bosch-2608588144-cyl-5-vrtak-do-betonu-6-x-50-x-100-mm-8548\/\" \/>\n<meta property=\"og:locale\" content=\"cs_CZ\" \/>\n<meta property=\"og:type\" content=\"article\" \/>\n<meta property=\"og:title\" content=\"Zna\u010dkov\u00fd BOSCH 2608588144 CYL-5 vrt\u00e1k do betonu, 6 x 50 x 100 mm -\" \/>\n<meta property=\"og:description\" content=\"\u25ba Vrt\u00e1k do betonu Bosch CYL-52spir\u00e1lov\u00fd design Vario zaji\u0161\u0165uje men\u0161\u00ed t\u0159en\u00ed a dobr\u00e9 odv\u00e1d\u011bn\u00ed vrtan\u00e9 mou\u010dky pro rychlej\u0161\u00ed vrt\u00e1n\u00edNov\u00fd syst\u00e9m Power-Grip umo\u017e\u0148uje 100 % p\u0159enos s\u00edly n\u00e1\u0159ad\u00ed na vrt\u00e1kAktivn\u00ed st\u0159edic\u00ed hrot pro p\u0159esn\u00e9 vrt\u00e1n\u00ed do betonuTvrdokov nejjemn\u011bj\u0161\u00ed zrnitosti s dlouhou \u017eivotnost\u00edMimo\u0159\u00e1dn\u011b dlouh\u00e1 \u017eivotnost\/ nejlep\u0161\u00ed odolnost\u0158ezn\u00e9 hrany brou\u0161en\u00e9 diamantem rychleji drt\u00ed beton2 b\u0159ity StandardVysoce v\u00fdkonn\u00fd p\u0159\u00edklepov\u00fd [&hellip;]\" \/>\n<meta property=\"og:url\" content=\"https:\/\/www.oknobuild.com\/index.php\/produkt\/znackovy-bosch-2608588144-cyl-5-vrtak-do-betonu-6-x-50-x-100-mm-8548\/\" \/>\n<meta property=\"og:image\" content=\"https:\/\/www.oknobuild.com\/wp-content\/uploads\/2026\/SK0018998-CZ20260425-092328-0-1777080210-2608588144_bo_pro_u_a_1-500x500-1.webp\" \/>\n\t<meta property=\"og:image:width\" content=\"500\" \/>\n\t<meta property=\"og:image:height\" content=\"500\" \/>\n\t<meta property=\"og:image:type\" content=\"image\/webp\" \/>\n<meta name=\"twitter:card\" content=\"summary_large_image\" \/>\n<meta name=\"twitter:label1\" content=\"Odhadovan\u00e1 doba \u010dten\u00ed\" \/>\n\t<meta name=\"twitter:data1\" content=\"2 minuty\" \/>\n<script type=\"application\/ld+json\" class=\"yoast-schema-graph\">{\"@context\":\"https:\/\/schema.org\",\"@graph\":[{\"@type\":\"WebPage\",\"@id\":\"https:\/\/www.oknobuild.com\/index.php\/produkt\/znackovy-bosch-2608588144-cyl-5-vrtak-do-betonu-6-x-50-x-100-mm-8548\/\",\"url\":\"https:\/\/www.oknobuild.com\/index.php\/produkt\/znackovy-bosch-2608588144-cyl-5-vrtak-do-betonu-6-x-50-x-100-mm-8548\/\",\"name\":\"Zna\u010dkov\u00fd BOSCH 2608588144 CYL-5 vrt\u00e1k do betonu, 6 x 50 x 100 mm -\",\"isPartOf\":{\"@id\":\"https:\/\/www.oknobuild.com\/#website\"},\"primaryImageOfPage\":{\"@id\":\"https:\/\/www.oknobuild.com\/index.php\/produkt\/znackovy-bosch-2608588144-cyl-5-vrtak-do-betonu-6-x-50-x-100-mm-8548\/#primaryimage\"},\"image\":{\"@id\":\"https:\/\/www.oknobuild.com\/index.php\/produkt\/znackovy-bosch-2608588144-cyl-5-vrtak-do-betonu-6-x-50-x-100-mm-8548\/#primaryimage\"},\"thumbnailUrl\":\"https:\/\/www.oknobuild.com\/wp-content\/uploads\/2026\/SK0018998-CZ20260425-092328-0-1777080210-2608588144_bo_pro_u_a_1-500x500-1.webp\",\"datePublished\":\"2026-04-27T04:40:53+00:00\",\"breadcrumb\":{\"@id\":\"https:\/\/www.oknobuild.com\/index.php\/produkt\/znackovy-bosch-2608588144-cyl-5-vrtak-do-betonu-6-x-50-x-100-mm-8548\/#breadcrumb\"},\"inLanguage\":\"cs\",\"potentialAction\":[{\"@type\":\"ReadAction\",\"target\":[\"https:\/\/www.oknobuild.com\/index.php\/produkt\/znackovy-bosch-2608588144-cyl-5-vrtak-do-betonu-6-x-50-x-100-mm-8548\/\"]}]},{\"@type\":\"ImageObject\",\"inLanguage\":\"cs\",\"@id\":\"https:\/\/www.oknobuild.com\/index.php\/produkt\/znackovy-bosch-2608588144-cyl-5-vrtak-do-betonu-6-x-50-x-100-mm-8548\/#primaryimage\",\"url\":\"https:\/\/www.oknobuild.com\/wp-content\/uploads\/2026\/SK0018998-CZ20260425-092328-0-1777080210-2608588144_bo_pro_u_a_1-500x500-1.webp\",\"contentUrl\":\"https:\/\/www.oknobuild.com\/wp-content\/uploads\/2026\/SK0018998-CZ20260425-092328-0-1777080210-2608588144_bo_pro_u_a_1-500x500-1.webp\",\"width\":500,\"height\":500},{\"@type\":\"BreadcrumbList\",\"@id\":\"https:\/\/www.oknobuild.com\/index.php\/produkt\/znackovy-bosch-2608588144-cyl-5-vrtak-do-betonu-6-x-50-x-100-mm-8548\/#breadcrumb\",\"itemListElement\":[{\"@type\":\"ListItem\",\"position\":1,\"name\":\"Home\",\"item\":\"https:\/\/www.oknobuild.com\/\"},{\"@type\":\"ListItem\",\"position\":2,\"name\":\"Products\",\"item\":\"https:\/\/www.oknobuild.com\/index.php\/products\/\"},{\"@type\":\"ListItem\",\"position\":3,\"name\":\"Zna\u010dkov\u00fd BOSCH 2608588144 CYL-5 vrt\u00e1k do betonu, 6 x 50 x 100 mm\"}]},{\"@type\":\"WebSite\",\"@id\":\"https:\/\/www.oknobuild.com\/#website\",\"url\":\"https:\/\/www.oknobuild.com\/\",\"name\":\"\",\"description\":\"\",\"potentialAction\":[{\"@type\":\"SearchAction\",\"target\":{\"@type\":\"EntryPoint\",\"urlTemplate\":\"https:\/\/www.oknobuild.com\/?s={search_term_string}\"},\"query-input\":{\"@type\":\"PropertyValueSpecification\",\"valueRequired\":true,\"valueName\":\"search_term_string\"}}],\"inLanguage\":\"cs\"}]}<\/script>\n<!-- \/ Yoast SEO plugin. -->","yoast_head_json":{"title":"Zna\u010dkov\u00fd BOSCH 2608588144 CYL-5 vrt\u00e1k do betonu, 6 x 50 x 100 mm -","robots":{"index":"index","follow":"follow","max-snippet":"max-snippet:-1","max-image-preview":"max-image-preview:large","max-video-preview":"max-video-preview:-1"},"canonical":"https:\/\/www.oknobuild.com\/index.php\/produkt\/znackovy-bosch-2608588144-cyl-5-vrtak-do-betonu-6-x-50-x-100-mm-8548\/","og_locale":"cs_CZ","og_type":"article","og_title":"Zna\u010dkov\u00fd BOSCH 2608588144 CYL-5 vrt\u00e1k do betonu, 6 x 50 x 100 mm -","og_description":"\u25ba Vrt\u00e1k do betonu Bosch CYL-52spir\u00e1lov\u00fd design Vario zaji\u0161\u0165uje men\u0161\u00ed t\u0159en\u00ed a dobr\u00e9 odv\u00e1d\u011bn\u00ed vrtan\u00e9 mou\u010dky pro rychlej\u0161\u00ed vrt\u00e1n\u00edNov\u00fd syst\u00e9m Power-Grip umo\u017e\u0148uje 100 % p\u0159enos s\u00edly n\u00e1\u0159ad\u00ed na vrt\u00e1kAktivn\u00ed st\u0159edic\u00ed hrot pro p\u0159esn\u00e9 vrt\u00e1n\u00ed do betonuTvrdokov nejjemn\u011bj\u0161\u00ed zrnitosti s dlouhou \u017eivotnost\u00edMimo\u0159\u00e1dn\u011b dlouh\u00e1 \u017eivotnost\/ nejlep\u0161\u00ed odolnost\u0158ezn\u00e9 hrany brou\u0161en\u00e9 diamantem rychleji drt\u00ed beton2 b\u0159ity StandardVysoce v\u00fdkonn\u00fd p\u0159\u00edklepov\u00fd [&hellip;]","og_url":"https:\/\/www.oknobuild.com\/index.php\/produkt\/znackovy-bosch-2608588144-cyl-5-vrtak-do-betonu-6-x-50-x-100-mm-8548\/","og_image":[{"width":500,"height":500,"url":"https:\/\/www.oknobuild.com\/wp-content\/uploads\/2026\/SK0018998-CZ20260425-092328-0-1777080210-2608588144_bo_pro_u_a_1-500x500-1.webp","type":"image\/webp"}],"twitter_card":"summary_large_image","twitter_misc":{"Odhadovan\u00e1 doba \u010dten\u00ed":"2 minuty"},"schema":{"@context":"https:\/\/schema.org","@graph":[{"@type":"WebPage","@id":"https:\/\/www.oknobuild.com\/index.php\/produkt\/znackovy-bosch-2608588144-cyl-5-vrtak-do-betonu-6-x-50-x-100-mm-8548\/","url":"https:\/\/www.oknobuild.com\/index.php\/produkt\/znackovy-bosch-2608588144-cyl-5-vrtak-do-betonu-6-x-50-x-100-mm-8548\/","name":"Zna\u010dkov\u00fd BOSCH 2608588144 CYL-5 vrt\u00e1k do betonu, 6 x 50 x 100 mm -","isPartOf":{"@id":"https:\/\/www.oknobuild.com\/#website"},"primaryImageOfPage":{"@id":"https:\/\/www.oknobuild.com\/index.php\/produkt\/znackovy-bosch-2608588144-cyl-5-vrtak-do-betonu-6-x-50-x-100-mm-8548\/#primaryimage"},"image":{"@id":"https:\/\/www.oknobuild.com\/index.php\/produkt\/znackovy-bosch-2608588144-cyl-5-vrtak-do-betonu-6-x-50-x-100-mm-8548\/#primaryimage"},"thumbnailUrl":"https:\/\/www.oknobuild.com\/wp-content\/uploads\/2026\/SK0018998-CZ20260425-092328-0-1777080210-2608588144_bo_pro_u_a_1-500x500-1.webp","datePublished":"2026-04-27T04:40:53+00:00","breadcrumb":{"@id":"https:\/\/www.oknobuild.com\/index.php\/produkt\/znackovy-bosch-2608588144-cyl-5-vrtak-do-betonu-6-x-50-x-100-mm-8548\/#breadcrumb"},"inLanguage":"cs","potentialAction":[{"@type":"ReadAction","target":["https:\/\/www.oknobuild.com\/index.php\/produkt\/znackovy-bosch-2608588144-cyl-5-vrtak-do-betonu-6-x-50-x-100-mm-8548\/"]}]},{"@type":"ImageObject","inLanguage":"cs","@id":"https:\/\/www.oknobuild.com\/index.php\/produkt\/znackovy-bosch-2608588144-cyl-5-vrtak-do-betonu-6-x-50-x-100-mm-8548\/#primaryimage","url":"https:\/\/www.oknobuild.com\/wp-content\/uploads\/2026\/SK0018998-CZ20260425-092328-0-1777080210-2608588144_bo_pro_u_a_1-500x500-1.webp","contentUrl":"https:\/\/www.oknobuild.com\/wp-content\/uploads\/2026\/SK0018998-CZ20260425-092328-0-1777080210-2608588144_bo_pro_u_a_1-500x500-1.webp","width":500,"height":500},{"@type":"BreadcrumbList","@id":"https:\/\/www.oknobuild.com\/index.php\/produkt\/znackovy-bosch-2608588144-cyl-5-vrtak-do-betonu-6-x-50-x-100-mm-8548\/#breadcrumb","itemListElement":[{"@type":"ListItem","position":1,"name":"Home","item":"https:\/\/www.oknobuild.com\/"},{"@type":"ListItem","position":2,"name":"Products","item":"https:\/\/www.oknobuild.com\/index.php\/products\/"},{"@type":"ListItem","position":3,"name":"Zna\u010dkov\u00fd BOSCH 2608588144 CYL-5 vrt\u00e1k do betonu, 6 x 50 x 100 mm"}]},{"@type":"WebSite","@id":"https:\/\/www.oknobuild.com\/#website","url":"https:\/\/www.oknobuild.com\/","name":"","description":"","potentialAction":[{"@type":"SearchAction","target":{"@type":"EntryPoint","urlTemplate":"https:\/\/www.oknobuild.com\/?s={search_term_string}"},"query-input":{"@type":"PropertyValueSpecification","valueRequired":true,"valueName":"search_term_string"}}],"inLanguage":"cs"}]}},"_links":{"self":[{"href":"https:\/\/www.oknobuild.com\/index.php\/wp-json\/wp\/v2\/product\/8548","targetHints":{"allow":["GET"]}}],"collection":[{"href":"https:\/\/www.oknobuild.com\/index.php\/wp-json\/wp\/v2\/product"}],"about":[{"href":"https:\/\/www.oknobuild.com\/index.php\/wp-json\/wp\/v2\/types\/product"}],"replies":[{"embeddable":true,"href":"https:\/\/www.oknobuild.com\/index.php\/wp-json\/wp\/v2\/comments?post=8548"}],"wp:featuredmedia":[{"embeddable":true,"href":"https:\/\/www.oknobuild.com\/index.php\/wp-json\/wp\/v2\/media\/8648"}],"wp:attachment":[{"href":"https:\/\/www.oknobuild.com\/index.php\/wp-json\/wp\/v2\/media?parent=8548"}],"wp:term":[{"taxonomy":"product_brand","embeddable":true,"href":"https:\/\/www.oknobuild.com\/index.php\/wp-json\/wp\/v2\/product_brand?post=8548"},{"taxonomy":"product_cat","embeddable":true,"href":"https:\/\/www.oknobuild.com\/index.php\/wp-json\/wp\/v2\/product_cat?post=8548"},{"taxonomy":"product_tag","embeddable":true,"href":"https:\/\/www.oknobuild.com\/index.php\/wp-json\/wp\/v2\/product_tag?post=8548"}],"curies":[{"name":"wp","href":"https:\/\/api.w.org\/{rel}","templated":true}]}}