{"id":8695,"date":"2026-04-27T04:40:54","date_gmt":"2026-04-27T04:40:54","guid":{"rendered":""},"modified":"2026-04-27T04:40:54","modified_gmt":"2026-04-27T04:40:54","slug":"znackovy-bosch-06017b0401-aku-uhlova-bruska-bosch-gwx-18v-10-sc-professional-8695","status":"publish","type":"product","link":"https:\/\/www.oknobuild.com\/index.php\/produkt\/znackovy-bosch-06017b0401-aku-uhlova-bruska-bosch-gwx-18v-10-sc-professional-8695\/","title":{"rendered":"Zna\u010dkov\u00fd BOSCH 06017B0401 aku \u00fahlov\u00e1 bruska Bosch GWX 18V-10 SC Professional"},"content":{"rendered":"<table>\n<div class=\"tab-pane active product-description\" id=\"popis\" role=\"tabpanel\">\n<div class=\"short-description\" itemprop=\"description\"><\/div>\n<div class=\"description\"><span class='bullet-line'>Aku \u00fahlov\u00e1 bruska Bosch GWX 18V-10 SC Professional, 06017B0401<br \/><\/span><br \/>\u25ba Pozice:<span class='bullet-line'>Nejlep\u0161\u00ed zdokonalen\u00e1 v\u00fdkonnost a kontrola nad n\u00e1\u0159ad\u00edm v kategorii 18 V \u2013 s X-LOCK.<br \/><\/span><br \/>\u25ba P\u0159\u00ednos pro u\u017eivatele:<span class='bullet-line'>Dod\u00e1v\u00e1 v\u00fdkon srovnateln\u00fd s 1 000W s\u00ed\u0165ovou bruskou d\u00edky v\u00fdkonn\u00e9mu bezuhl\u00edkov\u00e9mu motoru a technologii akumul\u00e1toru ProCORE18V.<br \/><\/span><span class='bullet-line'>V\u00fdm\u011bna p\u0159\u00edslu\u0161enstv\u00ed je rychl\u00e1 a pohodln\u00e1 d\u00edky bezkl\u00ed\u010dov\u00e9mu nacvak\u00e1vac\u00edmu syst\u00e9mu X-LOCK.<br \/><\/span><span class='bullet-line'>Bluetooth Connectivity umo\u017e\u0148uje nastaven\u00ed n\u00e1\u0159ad\u00ed p\u0159\u00edmo v aplikaci Toolbox; u\u017eivatelsk\u00e9 rozhran\u00ed zaji\u0161\u0165uje aktivn\u00ed zp\u011btnou vazbu n\u00e1\u0159ad\u00ed.<br \/><\/span><span class='bullet-line'>Segmenty: \u0159ada Heavy Duty<br \/><\/span><br \/>\u25ba Obsah balen\u00ed:<span class='bullet-line'>Aku \u00fahlov\u00e1 bruska Bosch GWX 18V-10 SC Professional<br \/><\/span><span class='bullet-line'>1\/1 vlo\u017eka pro L-BOXX na n\u00e1\u0159ad\u00ed a nab\u00edje\u010dku 1 600 A01 166<br \/><\/span><span class='bullet-line'>1\u00d7 modul Bluetooth Low Energy GCY 30-4 1 600 A00 R26<br \/><\/span><span class='bullet-line'>2\u00d7 akumul\u00e1tor ProCORE18V 8.0Ah 1 600 A01 6GK<br \/><\/span><span class='bullet-line'>L-BOXX 136 1 600 A00 1RR<br \/><\/span><span class='bullet-line'>Ochrann\u00fd kryt 1 605 510 365<br \/><\/span><span class='bullet-line'>P\u0159\u00eddavn\u00e1 rukoje\u0165 s tlumen\u00edm vibrac\u00ed 2 602 025 171<br \/><\/span><span class='bullet-line'>Rychlonab\u00edje\u010dka GAL 1880 CV 1 600 A00 B8G<\/span><\/div>\n<div class=\"parameters\">\n<tr>\n<td>\u25ba Technick\u00e9 \u00fadaje<\/td>\n<td><\/td>\n<\/tr>\n<tr>\n<td>Volnob\u011b\u017en\u00e9 ot\u00e1\u010dky<\/td>\n<td>4.500 \u2013 9.000 ot\/min<\/td>\n<\/tr>\n<tr>\n<td>Nap\u011bt\u00ed akumul\u00e1toru<\/td>\n<td>18 V<\/td>\n<\/tr>\n<tr>\n<td>Hmotnost bez akumul\u00e1toru<\/td>\n<td>2 kg<\/td>\n<\/tr>\n<tr>\n<td>\u25ba N\u00e1str\u010dn\u00e9 n\u00e1stroje<\/td>\n<td><\/td>\n<\/tr>\n<tr>\n<td>O hrubovac\u00edho\/d\u011blic\u00edho kotou\u010de<\/td>\n<td>125 mm<\/td>\n<\/tr>\n<tr>\n<td>O gumov\u00e9ho brusn\u00e9ho tal\u00ed\u0159e<\/td>\n<td>125 mm<\/td>\n<\/tr>\n<tr>\n<td>\u25ba Informace o hluku a vibrac\u00edch<\/td>\n<td><\/td>\n<\/tr>\n<tr>\n<td>Hladina akustick\u00e9ho tlaku<\/td>\n<td>79 dB(A)<\/td>\n<\/tr>\n<tr>\n<td>Hladina akustick\u00e9ho v\u00fdkonu<\/td>\n<td>90 dB(A)<\/td>\n<\/tr>\n<tr>\n<td>Nep\u0159esnost K<\/td>\n<td>3 dB<\/td>\n<\/tr><\/div>\n<\/table>\n","protected":false},"excerpt":{"rendered":"<p>Aku \u00fahlov\u00e1 bruska Bosch GWX 18V-10 SC Professional, 06017B0401\u25ba Pozice:Nejlep\u0161\u00ed zdokonalen\u00e1 v\u00fdkonnost a kontrola nad n\u00e1\u0159ad\u00edm v kategorii 18 V \u2013 s X-LOCK.\u25ba P\u0159\u00ednos pro u\u017eivatele:Dod\u00e1v\u00e1 v\u00fdkon srovnateln\u00fd s 1 000W s\u00ed\u0165ovou bruskou d\u00edky v\u00fdkonn\u00e9mu bezuhl\u00edkov\u00e9mu motoru a technologii akumul\u00e1toru ProCORE18V.V\u00fdm\u011bna p\u0159\u00edslu\u0161enstv\u00ed je rychl\u00e1 a pohodln\u00e1 d\u00edky bezkl\u00ed\u010dov\u00e9mu nacvak\u00e1vac\u00edmu syst\u00e9mu X-LOCK.Bluetooth Connectivity umo\u017e\u0148uje nastaven\u00ed n\u00e1\u0159ad\u00ed [&hellip;]<\/p>\n","protected":false},"featured_media":8795,"comment_status":"open","ping_status":"open","template":"","meta":[],"product_brand":[],"product_cat":[41],"product_tag":[],"class_list":{"0":"post-8695","1":"product","2":"type-product","3":"status-publish","4":"has-post-thumbnail","6":"product_cat-naradi","8":"first","9":"instock","10":"sale","11":"shipping-taxable","12":"purchasable","13":"product-type-simple"},"yoast_head":"<!-- This site is optimized with the Yoast SEO plugin v26.8 - https:\/\/yoast.com\/product\/yoast-seo-wordpress\/ -->\n<title>Zna\u010dkov\u00fd BOSCH 06017B0401 aku \u00fahlov\u00e1 bruska Bosch GWX 18V-10 SC Professional -<\/title>\n<meta name=\"robots\" content=\"index, follow, max-snippet:-1, max-image-preview:large, max-video-preview:-1\" \/>\n<link rel=\"canonical\" href=\"https:\/\/www.oknobuild.com\/index.php\/produkt\/znackovy-bosch-06017b0401-aku-uhlova-bruska-bosch-gwx-18v-10-sc-professional-8695\/\" \/>\n<meta property=\"og:locale\" content=\"cs_CZ\" \/>\n<meta property=\"og:type\" content=\"article\" \/>\n<meta property=\"og:title\" content=\"Zna\u010dkov\u00fd BOSCH 06017B0401 aku \u00fahlov\u00e1 bruska Bosch GWX 18V-10 SC Professional -\" \/>\n<meta property=\"og:description\" content=\"Aku \u00fahlov\u00e1 bruska Bosch GWX 18V-10 SC Professional, 06017B0401\u25ba Pozice:Nejlep\u0161\u00ed zdokonalen\u00e1 v\u00fdkonnost a kontrola nad n\u00e1\u0159ad\u00edm v kategorii 18 V \u2013 s X-LOCK.\u25ba P\u0159\u00ednos pro u\u017eivatele:Dod\u00e1v\u00e1 v\u00fdkon srovnateln\u00fd s 1 000W s\u00ed\u0165ovou bruskou d\u00edky v\u00fdkonn\u00e9mu bezuhl\u00edkov\u00e9mu motoru a technologii akumul\u00e1toru ProCORE18V.V\u00fdm\u011bna p\u0159\u00edslu\u0161enstv\u00ed je rychl\u00e1 a pohodln\u00e1 d\u00edky bezkl\u00ed\u010dov\u00e9mu nacvak\u00e1vac\u00edmu syst\u00e9mu X-LOCK.Bluetooth Connectivity umo\u017e\u0148uje nastaven\u00ed n\u00e1\u0159ad\u00ed [&hellip;]\" \/>\n<meta property=\"og:url\" content=\"https:\/\/www.oknobuild.com\/index.php\/produkt\/znackovy-bosch-06017b0401-aku-uhlova-bruska-bosch-gwx-18v-10-sc-professional-8695\/\" \/>\n<meta property=\"og:image\" content=\"https:\/\/www.oknobuild.com\/wp-content\/uploads\/2026\/SK0019045-CZ20260425-092328-0-1777080210-06017b0401.webp\" \/>\n\t<meta property=\"og:image:width\" content=\"300\" \/>\n\t<meta property=\"og:image:height\" content=\"169\" \/>\n\t<meta property=\"og:image:type\" content=\"image\/webp\" \/>\n<meta name=\"twitter:card\" content=\"summary_large_image\" \/>\n<meta name=\"twitter:label1\" content=\"Odhadovan\u00e1 doba \u010dten\u00ed\" \/>\n\t<meta name=\"twitter:data1\" content=\"1 minuta\" \/>\n<script type=\"application\/ld+json\" class=\"yoast-schema-graph\">{\"@context\":\"https:\/\/schema.org\",\"@graph\":[{\"@type\":\"WebPage\",\"@id\":\"https:\/\/www.oknobuild.com\/index.php\/produkt\/znackovy-bosch-06017b0401-aku-uhlova-bruska-bosch-gwx-18v-10-sc-professional-8695\/\",\"url\":\"https:\/\/www.oknobuild.com\/index.php\/produkt\/znackovy-bosch-06017b0401-aku-uhlova-bruska-bosch-gwx-18v-10-sc-professional-8695\/\",\"name\":\"Zna\u010dkov\u00fd BOSCH 06017B0401 aku \u00fahlov\u00e1 bruska Bosch GWX 18V-10 SC Professional -\",\"isPartOf\":{\"@id\":\"https:\/\/www.oknobuild.com\/#website\"},\"primaryImageOfPage\":{\"@id\":\"https:\/\/www.oknobuild.com\/index.php\/produkt\/znackovy-bosch-06017b0401-aku-uhlova-bruska-bosch-gwx-18v-10-sc-professional-8695\/#primaryimage\"},\"image\":{\"@id\":\"https:\/\/www.oknobuild.com\/index.php\/produkt\/znackovy-bosch-06017b0401-aku-uhlova-bruska-bosch-gwx-18v-10-sc-professional-8695\/#primaryimage\"},\"thumbnailUrl\":\"https:\/\/www.oknobuild.com\/wp-content\/uploads\/2026\/SK0019045-CZ20260425-092328-0-1777080210-06017b0401.webp\",\"datePublished\":\"2026-04-27T04:40:54+00:00\",\"breadcrumb\":{\"@id\":\"https:\/\/www.oknobuild.com\/index.php\/produkt\/znackovy-bosch-06017b0401-aku-uhlova-bruska-bosch-gwx-18v-10-sc-professional-8695\/#breadcrumb\"},\"inLanguage\":\"cs\",\"potentialAction\":[{\"@type\":\"ReadAction\",\"target\":[\"https:\/\/www.oknobuild.com\/index.php\/produkt\/znackovy-bosch-06017b0401-aku-uhlova-bruska-bosch-gwx-18v-10-sc-professional-8695\/\"]}]},{\"@type\":\"ImageObject\",\"inLanguage\":\"cs\",\"@id\":\"https:\/\/www.oknobuild.com\/index.php\/produkt\/znackovy-bosch-06017b0401-aku-uhlova-bruska-bosch-gwx-18v-10-sc-professional-8695\/#primaryimage\",\"url\":\"https:\/\/www.oknobuild.com\/wp-content\/uploads\/2026\/SK0019045-CZ20260425-092328-0-1777080210-06017b0401.webp\",\"contentUrl\":\"https:\/\/www.oknobuild.com\/wp-content\/uploads\/2026\/SK0019045-CZ20260425-092328-0-1777080210-06017b0401.webp\",\"width\":300,\"height\":169},{\"@type\":\"BreadcrumbList\",\"@id\":\"https:\/\/www.oknobuild.com\/index.php\/produkt\/znackovy-bosch-06017b0401-aku-uhlova-bruska-bosch-gwx-18v-10-sc-professional-8695\/#breadcrumb\",\"itemListElement\":[{\"@type\":\"ListItem\",\"position\":1,\"name\":\"Home\",\"item\":\"https:\/\/www.oknobuild.com\/\"},{\"@type\":\"ListItem\",\"position\":2,\"name\":\"Products\",\"item\":\"https:\/\/www.oknobuild.com\/index.php\/products\/\"},{\"@type\":\"ListItem\",\"position\":3,\"name\":\"Zna\u010dkov\u00fd BOSCH 06017B0401 aku \u00fahlov\u00e1 bruska Bosch GWX 18V-10 SC Professional\"}]},{\"@type\":\"WebSite\",\"@id\":\"https:\/\/www.oknobuild.com\/#website\",\"url\":\"https:\/\/www.oknobuild.com\/\",\"name\":\"\",\"description\":\"\",\"potentialAction\":[{\"@type\":\"SearchAction\",\"target\":{\"@type\":\"EntryPoint\",\"urlTemplate\":\"https:\/\/www.oknobuild.com\/?s={search_term_string}\"},\"query-input\":{\"@type\":\"PropertyValueSpecification\",\"valueRequired\":true,\"valueName\":\"search_term_string\"}}],\"inLanguage\":\"cs\"}]}<\/script>\n<!-- \/ Yoast SEO plugin. -->","yoast_head_json":{"title":"Zna\u010dkov\u00fd BOSCH 06017B0401 aku \u00fahlov\u00e1 bruska Bosch GWX 18V-10 SC Professional -","robots":{"index":"index","follow":"follow","max-snippet":"max-snippet:-1","max-image-preview":"max-image-preview:large","max-video-preview":"max-video-preview:-1"},"canonical":"https:\/\/www.oknobuild.com\/index.php\/produkt\/znackovy-bosch-06017b0401-aku-uhlova-bruska-bosch-gwx-18v-10-sc-professional-8695\/","og_locale":"cs_CZ","og_type":"article","og_title":"Zna\u010dkov\u00fd BOSCH 06017B0401 aku \u00fahlov\u00e1 bruska Bosch GWX 18V-10 SC Professional -","og_description":"Aku \u00fahlov\u00e1 bruska Bosch GWX 18V-10 SC Professional, 06017B0401\u25ba Pozice:Nejlep\u0161\u00ed zdokonalen\u00e1 v\u00fdkonnost a kontrola nad n\u00e1\u0159ad\u00edm v kategorii 18 V \u2013 s X-LOCK.\u25ba P\u0159\u00ednos pro u\u017eivatele:Dod\u00e1v\u00e1 v\u00fdkon srovnateln\u00fd s 1 000W s\u00ed\u0165ovou bruskou d\u00edky v\u00fdkonn\u00e9mu bezuhl\u00edkov\u00e9mu motoru a technologii akumul\u00e1toru ProCORE18V.V\u00fdm\u011bna p\u0159\u00edslu\u0161enstv\u00ed je rychl\u00e1 a pohodln\u00e1 d\u00edky bezkl\u00ed\u010dov\u00e9mu nacvak\u00e1vac\u00edmu syst\u00e9mu X-LOCK.Bluetooth Connectivity umo\u017e\u0148uje nastaven\u00ed n\u00e1\u0159ad\u00ed [&hellip;]","og_url":"https:\/\/www.oknobuild.com\/index.php\/produkt\/znackovy-bosch-06017b0401-aku-uhlova-bruska-bosch-gwx-18v-10-sc-professional-8695\/","og_image":[{"width":300,"height":169,"url":"https:\/\/www.oknobuild.com\/wp-content\/uploads\/2026\/SK0019045-CZ20260425-092328-0-1777080210-06017b0401.webp","type":"image\/webp"}],"twitter_card":"summary_large_image","twitter_misc":{"Odhadovan\u00e1 doba \u010dten\u00ed":"1 minuta"},"schema":{"@context":"https:\/\/schema.org","@graph":[{"@type":"WebPage","@id":"https:\/\/www.oknobuild.com\/index.php\/produkt\/znackovy-bosch-06017b0401-aku-uhlova-bruska-bosch-gwx-18v-10-sc-professional-8695\/","url":"https:\/\/www.oknobuild.com\/index.php\/produkt\/znackovy-bosch-06017b0401-aku-uhlova-bruska-bosch-gwx-18v-10-sc-professional-8695\/","name":"Zna\u010dkov\u00fd BOSCH 06017B0401 aku \u00fahlov\u00e1 bruska Bosch GWX 18V-10 SC Professional -","isPartOf":{"@id":"https:\/\/www.oknobuild.com\/#website"},"primaryImageOfPage":{"@id":"https:\/\/www.oknobuild.com\/index.php\/produkt\/znackovy-bosch-06017b0401-aku-uhlova-bruska-bosch-gwx-18v-10-sc-professional-8695\/#primaryimage"},"image":{"@id":"https:\/\/www.oknobuild.com\/index.php\/produkt\/znackovy-bosch-06017b0401-aku-uhlova-bruska-bosch-gwx-18v-10-sc-professional-8695\/#primaryimage"},"thumbnailUrl":"https:\/\/www.oknobuild.com\/wp-content\/uploads\/2026\/SK0019045-CZ20260425-092328-0-1777080210-06017b0401.webp","datePublished":"2026-04-27T04:40:54+00:00","breadcrumb":{"@id":"https:\/\/www.oknobuild.com\/index.php\/produkt\/znackovy-bosch-06017b0401-aku-uhlova-bruska-bosch-gwx-18v-10-sc-professional-8695\/#breadcrumb"},"inLanguage":"cs","potentialAction":[{"@type":"ReadAction","target":["https:\/\/www.oknobuild.com\/index.php\/produkt\/znackovy-bosch-06017b0401-aku-uhlova-bruska-bosch-gwx-18v-10-sc-professional-8695\/"]}]},{"@type":"ImageObject","inLanguage":"cs","@id":"https:\/\/www.oknobuild.com\/index.php\/produkt\/znackovy-bosch-06017b0401-aku-uhlova-bruska-bosch-gwx-18v-10-sc-professional-8695\/#primaryimage","url":"https:\/\/www.oknobuild.com\/wp-content\/uploads\/2026\/SK0019045-CZ20260425-092328-0-1777080210-06017b0401.webp","contentUrl":"https:\/\/www.oknobuild.com\/wp-content\/uploads\/2026\/SK0019045-CZ20260425-092328-0-1777080210-06017b0401.webp","width":300,"height":169},{"@type":"BreadcrumbList","@id":"https:\/\/www.oknobuild.com\/index.php\/produkt\/znackovy-bosch-06017b0401-aku-uhlova-bruska-bosch-gwx-18v-10-sc-professional-8695\/#breadcrumb","itemListElement":[{"@type":"ListItem","position":1,"name":"Home","item":"https:\/\/www.oknobuild.com\/"},{"@type":"ListItem","position":2,"name":"Products","item":"https:\/\/www.oknobuild.com\/index.php\/products\/"},{"@type":"ListItem","position":3,"name":"Zna\u010dkov\u00fd BOSCH 06017B0401 aku \u00fahlov\u00e1 bruska Bosch GWX 18V-10 SC Professional"}]},{"@type":"WebSite","@id":"https:\/\/www.oknobuild.com\/#website","url":"https:\/\/www.oknobuild.com\/","name":"","description":"","potentialAction":[{"@type":"SearchAction","target":{"@type":"EntryPoint","urlTemplate":"https:\/\/www.oknobuild.com\/?s={search_term_string}"},"query-input":{"@type":"PropertyValueSpecification","valueRequired":true,"valueName":"search_term_string"}}],"inLanguage":"cs"}]}},"_links":{"self":[{"href":"https:\/\/www.oknobuild.com\/index.php\/wp-json\/wp\/v2\/product\/8695","targetHints":{"allow":["GET"]}}],"collection":[{"href":"https:\/\/www.oknobuild.com\/index.php\/wp-json\/wp\/v2\/product"}],"about":[{"href":"https:\/\/www.oknobuild.com\/index.php\/wp-json\/wp\/v2\/types\/product"}],"replies":[{"embeddable":true,"href":"https:\/\/www.oknobuild.com\/index.php\/wp-json\/wp\/v2\/comments?post=8695"}],"wp:featuredmedia":[{"embeddable":true,"href":"https:\/\/www.oknobuild.com\/index.php\/wp-json\/wp\/v2\/media\/8795"}],"wp:attachment":[{"href":"https:\/\/www.oknobuild.com\/index.php\/wp-json\/wp\/v2\/media?parent=8695"}],"wp:term":[{"taxonomy":"product_brand","embeddable":true,"href":"https:\/\/www.oknobuild.com\/index.php\/wp-json\/wp\/v2\/product_brand?post=8695"},{"taxonomy":"product_cat","embeddable":true,"href":"https:\/\/www.oknobuild.com\/index.php\/wp-json\/wp\/v2\/product_cat?post=8695"},{"taxonomy":"product_tag","embeddable":true,"href":"https:\/\/www.oknobuild.com\/index.php\/wp-json\/wp\/v2\/product_tag?post=8695"}],"curies":[{"name":"wp","href":"https:\/\/api.w.org\/{rel}","templated":true}]}}