{"id":8908,"date":"2026-04-27T04:40:54","date_gmt":"2026-04-27T04:40:54","guid":{"rendered":""},"modified":"2026-04-27T04:40:54","modified_gmt":"2026-04-27T04:40:54","slug":"akce-bosch-pbh-3000-fre-vrtaci-kladivo-8908","status":"publish","type":"product","link":"https:\/\/www.oknobuild.com\/index.php\/produkt\/akce-bosch-pbh-3000-fre-vrtaci-kladivo-8908\/","title":{"rendered":"Akce BOSCH PBH 3000 FRE vrtac\u00ed kladivo"},"content":{"rendered":"<table>\n<div class=\"tab-pane active product-description\" id=\"popis\" role=\"tabpanel\">\n<div class=\"short-description\" itemprop=\"description\">Doprodej<\/div>\n<div class=\"description\">\u25ba Popis produktu<span class='bullet-line'>Vrtac\u00ed kladivo PBH 3000 FRE<br \/><\/span><span class='bullet-line'>Jedine\u010dn\u00fd v\u00fdkon a v\u0161estrannost pro ty nejn\u00e1ro\u010dn\u011bj\u0161\u00ed \u00fakoly<br \/><\/span><span class='bullet-line'>750W motor a pneumatick\u00fd p\u0159\u00edklepov\u00fd mechanismus s 2,8 J pro to nejn\u00e1ro\u010dn\u011bj\u0161\u00ed pou\u017eit\u00ed<br \/><\/span><span class='bullet-line'>Bezpe\u010dnostn\u00ed spojka na ochranu u\u017eivatele i n\u00e1\u0159ad\u00ed<br \/><\/span><span class='bullet-line'>Vrt\u00e1n\u00ed s p\u0159\u00edklepem a sek\u00e1n\u00ed do betonu a zdiva, vrt\u00e1n\u00ed do dla\u017edic, d\u0159eva a kovu<br \/><\/span><span class='bullet-line'>Funkce sek\u00e1n\u00ed s Vario Lock zaji\u0161\u0165uje variabiln\u00ed volitelnou polohu sek\u00e1\u010de<br \/><\/span><span class='bullet-line'>Hmotnost pouh\u00fdch 3,3 kg, vrt\u00e1n\u00ed a\u017e 26\/30\/13 mm v betonu\/d\u0159ev\u011b\/kovu<br \/><\/span><span class='bullet-line'>Skl\u00ed\u010didlo s adapt\u00e9rem Bosch SDS (1 618 571 033)<br \/><\/span><span class='bullet-line'>Ploch\u00fd sek\u00e1\u010d (2 609 255 570)<br \/><\/span><span class='bullet-line'>Plastov\u00fd kufr<br \/><\/span><span class='bullet-line'>Hloubkov\u00fd doraz (2 603 001 019)<br \/><\/span><span class='bullet-line'>P\u0159\u00eddavn\u00e1 rukoje\u0165 ( 2 602 025 102)<br \/><\/span><span class='bullet-line'>4d\u00edln\u00e1 sada vrt\u00e1k\u016f: SDS-Drill 5\/6\/8\/10 mm<br \/><\/span><br \/>\u25ba Rozsah dod\u00e1vky<span class='bullet-line'>Skl\u00ed\u010didlo s adapt\u00e9rem Bosch SDS (1 618 571 033)<br \/><\/span><span class='bullet-line'>Ploch\u00fd sek\u00e1\u010d (2 609 255 570)<br \/><\/span><span class='bullet-line'>Plastov\u00fd kufr<br \/><\/span><span class='bullet-line'>Hloubkov\u00fd doraz (2 603 001 019)<br \/><\/span><span class='bullet-line'>P\u0159\u00eddavn\u00e1 rukoje\u0165 ( 2 602 025 102)<br \/><\/span><span class='bullet-line'>4d\u00edln\u00e1 sada vrt\u00e1k\u016f: SDS-Drill 5\/6\/8\/10 mm<br \/><\/span><br \/>\u25ba  Stru\u010dn\u00fd popis v\u00fdrobku<span class='bullet-line'>Jedine\u010dn\u00fd v\u00fdkon a v\u0161estrannost pro ty nejn\u00e1ro\u010dn\u011bj\u0161\u00ed \u00fakoly<br \/><\/span><br \/>\u25ba Vlastnosti hlavn\u00edho v\u00fdrobku<span class='bullet-line'>750W motor a pneumatick\u00fd p\u0159\u00edklepov\u00fd mechanismus s 2,8 J pro to nejn\u00e1ro\u010dn\u011bj\u0161\u00ed pou\u017eit\u00ed<br \/><\/span><span class='bullet-line'>Bezpe\u010dnostn\u00ed spojka na ochranu u\u017eivatele i n\u00e1\u0159ad\u00ed<br \/><\/span><span class='bullet-line'>Vrt\u00e1n\u00ed s p\u0159\u00edklepem a sek\u00e1n\u00ed do betonu a zdiva, vrt\u00e1n\u00ed do dla\u017edic, d\u0159eva a kovu<br \/><\/span><span class='bullet-line'>Funkce sek\u00e1n\u00ed s Vario Lock zaji\u0161\u0165uje variabiln\u00ed volitelnou polohu sek\u00e1\u010de<br \/><\/span><span class='bullet-line'>Hmotnost pouh\u00fdch 3,3 kg, vrt\u00e1n\u00ed a\u017e 26\/30\/13 mm v betonu\/d\u0159ev\u011b\/kovu<br \/><\/span><br \/>\u25ba Rozsah dod\u00e1vky<span class='bullet-line'>Skl\u00ed\u010didlo s adapt\u00e9rem Bosch SDS (1 618 571 033)<br \/><\/span><span class='bullet-line'>Ploch\u00fd sek\u00e1\u010d (2 609 255 570)<br \/><\/span><span class='bullet-line'>Plastov\u00fd kufr<br \/><\/span><span class='bullet-line'>Hloubkov\u00fd doraz (2 603 001 019)<br \/><\/span><span class='bullet-line'>P\u0159\u00eddavn\u00e1 rukoje\u0165 ( 2 602 025 102)<br \/><\/span><span class='bullet-line'>4d\u00edln\u00e1 sada vrt\u00e1k\u016f: SDS-Drill 5\/6\/8\/10 mm<\/span><\/div>\n<div class=\"parameters\">\n<tr>\n<td>Jmenovit\u00fd p\u0159\u00edkon<\/td>\n<td>750 W<\/td>\n<\/tr>\n<tr>\n<td>Volnob\u011b\u017en\u00e9 ot\u00e1\u010dky, od<\/td>\n<td>0 ot\/min<\/td>\n<\/tr>\n<tr>\n<td>Volnob\u011b\u017en\u00e9 ot\u00e1\u010dky, a\u017e<\/td>\n<td>1.450 ot\/min<\/td>\n<\/tr>\n<tr>\n<td>Volnob\u011b\u017en\u00e9 ot\u00e1\u010dky<\/td>\n<td>0 \u2013 1.450 ot\/min<\/td>\n<\/tr>\n<tr>\n<td>Po\u010det p\u0159\u00edklep\u016f, od<\/td>\n<td>0 p\u0159\u00edklep\u016f\/min<\/td>\n<\/tr>\n<tr>\n<td>Po\u010det p\u0159\u00edklep\u016f, a\u017e<\/td>\n<td>4.000 p\u0159\u00edklep\u016f\/min<\/td>\n<\/tr>\n<tr>\n<td>Po\u010det p\u0159\u00edklepu<\/td>\n<td>0 \u2013 4.000 p\u0159\u00edklep\u016f\/min<\/td>\n<\/tr>\n<tr>\n<td>S\u00edla jednotliv\u00e9ho p\u0159\u00edklepu (EPTA)<\/td>\n<td>2,8 J<\/td>\n<\/tr>\n<tr>\n<td>P\u0159\u00edklepov\u00fd mechanismus Bosch<\/td>\n<td>pneumatick\u00fd<\/td>\n<\/tr>\n<tr>\n<td>Hmotnost<\/td>\n<td>3,0 kg<\/td>\n<\/tr>\n<tr>\n<td>Max. \u00d8 vrt\u00e1n\u00ed do betonu<\/td>\n<td>26 mm<\/td>\n<\/tr>\n<tr>\n<td>Max. pr\u016fm\u011br d\u011br do oceli<\/td>\n<td>13 mm<\/td>\n<\/tr>\n<tr>\n<td>Max. \u00d8 vrt\u00e1n\u00ed do d\u0159eva<\/td>\n<td>30 mm<\/td>\n<\/tr>\n<tr>\n<td>S dutou vrtac\u00ed korunkou do zdiva<\/td>\n<td>68 mm<\/td>\n<\/tr>\n<tr>\n<td>Pneumatick\u00fd p\u0159\u00edklepov\u00fd mechanismus<\/td>\n<td>ne<\/td>\n<\/tr>\n<tr>\n<td>Vypnut\u00ed ot\u00e1\u010den\u00ed<\/td>\n<td>ano<\/td>\n<\/tr>\n<tr>\n<td>P\u0159edvolba ot\u00e1\u010dek<\/td>\n<td>ano<\/td>\n<\/tr>\n<tr>\n<td>Dvoustup\u0148ov\u00e1 p\u0159evodovka<\/td>\n<td>ne<\/td>\n<\/tr>\n<tr>\n<td>4m kabel<\/td>\n<td>ne<\/td>\n<\/tr>\n<tr>\n<td>Elektronika Bosch<\/td>\n<td>ano<\/td>\n<\/tr>\n<tr>\n<td>Funkce sek\u00e1n\u00ed<\/td>\n<td>ano<\/td>\n<\/tr>\n<tr>\n<td>Prav\u00fd\/lev\u00fd chod<\/td>\n<td>ano<\/td>\n<\/tr>\n<tr>\n<td>Bosch SDS plus<\/td>\n<td>ano<\/td>\n<\/tr>\n<tr>\n<td>Softgrip<\/td>\n<td>ano<\/td>\n<\/tr>\n<tr>\n<td>Pou\u017eit\u00ed: \u0161roubov\u00e1n\u00ed \/ vrt\u00e1n\u00ed \/ vrt\u00e1n\u00ed s p\u0159\u00edklepem<\/td>\n<td>ano<\/td>\n<\/tr>\n<tr>\n<td>Rychloup\u00ednac\u00ed skl\u00ed\u010didlo SDS<\/td>\n<td>ne<\/td>\n<\/tr>\n<tr>\n<td>Hodnota emise vibrac\u00ed ah [P\u0159\u00edklepov\u00e9 vrt\u00e1n\u00ed do betonu]<\/td>\n<td>16,0 m\/s\u00b2<\/td>\n<\/tr>\n<tr>\n<td>Nep\u0159esnost K [P\u0159\u00edklepov\u00e9 vrt\u00e1n\u00ed do betonu]<\/td>\n<td>1,5 m\/s\u00b2<\/td>\n<\/tr>\n<tr>\n<td>Hodnota emise vibrac\u00ed ah [Sek\u00e1n\u00ed]<\/td>\n<td>14,0 m\/s\u00b2<\/td>\n<\/tr>\n<tr>\n<td>Nep\u0159esnost K [Sek\u00e1n\u00ed]<\/td>\n<td>1,5 m\/s\u00b2<\/td>\n<\/tr>\n<tr>\n<td>Nap\u011bt\u00ed<\/td>\n<td>230 V<\/td>\n<\/tr><\/div>\n<\/table>\n","protected":false},"excerpt":{"rendered":"<p>Doprodej \u25ba Popis produktuVrtac\u00ed kladivo PBH 3000 FREJedine\u010dn\u00fd v\u00fdkon a v\u0161estrannost pro ty nejn\u00e1ro\u010dn\u011bj\u0161\u00ed \u00fakoly750W motor a pneumatick\u00fd p\u0159\u00edklepov\u00fd mechanismus s 2,8 J pro to nejn\u00e1ro\u010dn\u011bj\u0161\u00ed pou\u017eit\u00edBezpe\u010dnostn\u00ed spojka na ochranu u\u017eivatele i n\u00e1\u0159ad\u00edVrt\u00e1n\u00ed s p\u0159\u00edklepem a sek\u00e1n\u00ed do betonu a zdiva, vrt\u00e1n\u00ed do dla\u017edic, d\u0159eva a kovuFunkce sek\u00e1n\u00ed s Vario Lock zaji\u0161\u0165uje variabiln\u00ed volitelnou polohu [&hellip;]<\/p>\n","protected":false},"featured_media":9008,"comment_status":"open","ping_status":"open","template":"","meta":[],"product_brand":[],"product_cat":[41],"product_tag":[],"class_list":{"0":"post-8908","1":"product","2":"type-product","3":"status-publish","4":"has-post-thumbnail","6":"product_cat-naradi","8":"first","9":"instock","10":"sale","11":"shipping-taxable","12":"purchasable","13":"product-type-simple"},"yoast_head":"<!-- This site is optimized with the Yoast SEO plugin v26.8 - https:\/\/yoast.com\/product\/yoast-seo-wordpress\/ -->\n<title>Akce BOSCH PBH 3000 FRE vrtac\u00ed kladivo -<\/title>\n<meta name=\"robots\" content=\"index, follow, max-snippet:-1, max-image-preview:large, max-video-preview:-1\" \/>\n<link rel=\"canonical\" href=\"https:\/\/www.oknobuild.com\/index.php\/produkt\/akce-bosch-pbh-3000-fre-vrtaci-kladivo-8908\/\" \/>\n<meta property=\"og:locale\" content=\"cs_CZ\" \/>\n<meta property=\"og:type\" content=\"article\" \/>\n<meta property=\"og:title\" content=\"Akce BOSCH PBH 3000 FRE vrtac\u00ed kladivo -\" \/>\n<meta property=\"og:description\" content=\"Doprodej \u25ba Popis produktuVrtac\u00ed kladivo PBH 3000 FREJedine\u010dn\u00fd v\u00fdkon a v\u0161estrannost pro ty nejn\u00e1ro\u010dn\u011bj\u0161\u00ed \u00fakoly750W motor a pneumatick\u00fd p\u0159\u00edklepov\u00fd mechanismus s 2,8 J pro to nejn\u00e1ro\u010dn\u011bj\u0161\u00ed pou\u017eit\u00edBezpe\u010dnostn\u00ed spojka na ochranu u\u017eivatele i n\u00e1\u0159ad\u00edVrt\u00e1n\u00ed s p\u0159\u00edklepem a sek\u00e1n\u00ed do betonu a zdiva, vrt\u00e1n\u00ed do dla\u017edic, d\u0159eva a kovuFunkce sek\u00e1n\u00ed s Vario Lock zaji\u0161\u0165uje variabiln\u00ed volitelnou polohu [&hellip;]\" \/>\n<meta property=\"og:url\" content=\"https:\/\/www.oknobuild.com\/index.php\/produkt\/akce-bosch-pbh-3000-fre-vrtaci-kladivo-8908\/\" \/>\n<meta property=\"og:image\" content=\"https:\/\/www.oknobuild.com\/wp-content\/uploads\/2026\/SK0019159-CZ20260425-092328-0-1777080210-bosch-pbh-3000-fre-0603393220.webp\" \/>\n\t<meta property=\"og:image:width\" content=\"700\" \/>\n\t<meta property=\"og:image:height\" content=\"700\" \/>\n\t<meta property=\"og:image:type\" content=\"image\/webp\" \/>\n<meta name=\"twitter:card\" content=\"summary_large_image\" \/>\n<meta name=\"twitter:label1\" content=\"Odhadovan\u00e1 doba \u010dten\u00ed\" \/>\n\t<meta name=\"twitter:data1\" content=\"2 minuty\" \/>\n<script type=\"application\/ld+json\" class=\"yoast-schema-graph\">{\"@context\":\"https:\/\/schema.org\",\"@graph\":[{\"@type\":\"WebPage\",\"@id\":\"https:\/\/www.oknobuild.com\/index.php\/produkt\/akce-bosch-pbh-3000-fre-vrtaci-kladivo-8908\/\",\"url\":\"https:\/\/www.oknobuild.com\/index.php\/produkt\/akce-bosch-pbh-3000-fre-vrtaci-kladivo-8908\/\",\"name\":\"Akce BOSCH PBH 3000 FRE vrtac\u00ed kladivo -\",\"isPartOf\":{\"@id\":\"https:\/\/www.oknobuild.com\/#website\"},\"primaryImageOfPage\":{\"@id\":\"https:\/\/www.oknobuild.com\/index.php\/produkt\/akce-bosch-pbh-3000-fre-vrtaci-kladivo-8908\/#primaryimage\"},\"image\":{\"@id\":\"https:\/\/www.oknobuild.com\/index.php\/produkt\/akce-bosch-pbh-3000-fre-vrtaci-kladivo-8908\/#primaryimage\"},\"thumbnailUrl\":\"https:\/\/www.oknobuild.com\/wp-content\/uploads\/2026\/SK0019159-CZ20260425-092328-0-1777080210-bosch-pbh-3000-fre-0603393220.webp\",\"datePublished\":\"2026-04-27T04:40:54+00:00\",\"breadcrumb\":{\"@id\":\"https:\/\/www.oknobuild.com\/index.php\/produkt\/akce-bosch-pbh-3000-fre-vrtaci-kladivo-8908\/#breadcrumb\"},\"inLanguage\":\"cs\",\"potentialAction\":[{\"@type\":\"ReadAction\",\"target\":[\"https:\/\/www.oknobuild.com\/index.php\/produkt\/akce-bosch-pbh-3000-fre-vrtaci-kladivo-8908\/\"]}]},{\"@type\":\"ImageObject\",\"inLanguage\":\"cs\",\"@id\":\"https:\/\/www.oknobuild.com\/index.php\/produkt\/akce-bosch-pbh-3000-fre-vrtaci-kladivo-8908\/#primaryimage\",\"url\":\"https:\/\/www.oknobuild.com\/wp-content\/uploads\/2026\/SK0019159-CZ20260425-092328-0-1777080210-bosch-pbh-3000-fre-0603393220.webp\",\"contentUrl\":\"https:\/\/www.oknobuild.com\/wp-content\/uploads\/2026\/SK0019159-CZ20260425-092328-0-1777080210-bosch-pbh-3000-fre-0603393220.webp\",\"width\":700,\"height\":700},{\"@type\":\"BreadcrumbList\",\"@id\":\"https:\/\/www.oknobuild.com\/index.php\/produkt\/akce-bosch-pbh-3000-fre-vrtaci-kladivo-8908\/#breadcrumb\",\"itemListElement\":[{\"@type\":\"ListItem\",\"position\":1,\"name\":\"Home\",\"item\":\"https:\/\/www.oknobuild.com\/\"},{\"@type\":\"ListItem\",\"position\":2,\"name\":\"Products\",\"item\":\"https:\/\/www.oknobuild.com\/index.php\/products\/\"},{\"@type\":\"ListItem\",\"position\":3,\"name\":\"Akce BOSCH PBH 3000 FRE vrtac\u00ed kladivo\"}]},{\"@type\":\"WebSite\",\"@id\":\"https:\/\/www.oknobuild.com\/#website\",\"url\":\"https:\/\/www.oknobuild.com\/\",\"name\":\"\",\"description\":\"\",\"potentialAction\":[{\"@type\":\"SearchAction\",\"target\":{\"@type\":\"EntryPoint\",\"urlTemplate\":\"https:\/\/www.oknobuild.com\/?s={search_term_string}\"},\"query-input\":{\"@type\":\"PropertyValueSpecification\",\"valueRequired\":true,\"valueName\":\"search_term_string\"}}],\"inLanguage\":\"cs\"}]}<\/script>\n<!-- \/ Yoast SEO plugin. -->","yoast_head_json":{"title":"Akce BOSCH PBH 3000 FRE vrtac\u00ed kladivo -","robots":{"index":"index","follow":"follow","max-snippet":"max-snippet:-1","max-image-preview":"max-image-preview:large","max-video-preview":"max-video-preview:-1"},"canonical":"https:\/\/www.oknobuild.com\/index.php\/produkt\/akce-bosch-pbh-3000-fre-vrtaci-kladivo-8908\/","og_locale":"cs_CZ","og_type":"article","og_title":"Akce BOSCH PBH 3000 FRE vrtac\u00ed kladivo -","og_description":"Doprodej \u25ba Popis produktuVrtac\u00ed kladivo PBH 3000 FREJedine\u010dn\u00fd v\u00fdkon a v\u0161estrannost pro ty nejn\u00e1ro\u010dn\u011bj\u0161\u00ed \u00fakoly750W motor a pneumatick\u00fd p\u0159\u00edklepov\u00fd mechanismus s 2,8 J pro to nejn\u00e1ro\u010dn\u011bj\u0161\u00ed pou\u017eit\u00edBezpe\u010dnostn\u00ed spojka na ochranu u\u017eivatele i n\u00e1\u0159ad\u00edVrt\u00e1n\u00ed s p\u0159\u00edklepem a sek\u00e1n\u00ed do betonu a zdiva, vrt\u00e1n\u00ed do dla\u017edic, d\u0159eva a kovuFunkce sek\u00e1n\u00ed s Vario Lock zaji\u0161\u0165uje variabiln\u00ed volitelnou polohu [&hellip;]","og_url":"https:\/\/www.oknobuild.com\/index.php\/produkt\/akce-bosch-pbh-3000-fre-vrtaci-kladivo-8908\/","og_image":[{"width":700,"height":700,"url":"https:\/\/www.oknobuild.com\/wp-content\/uploads\/2026\/SK0019159-CZ20260425-092328-0-1777080210-bosch-pbh-3000-fre-0603393220.webp","type":"image\/webp"}],"twitter_card":"summary_large_image","twitter_misc":{"Odhadovan\u00e1 doba \u010dten\u00ed":"2 minuty"},"schema":{"@context":"https:\/\/schema.org","@graph":[{"@type":"WebPage","@id":"https:\/\/www.oknobuild.com\/index.php\/produkt\/akce-bosch-pbh-3000-fre-vrtaci-kladivo-8908\/","url":"https:\/\/www.oknobuild.com\/index.php\/produkt\/akce-bosch-pbh-3000-fre-vrtaci-kladivo-8908\/","name":"Akce BOSCH PBH 3000 FRE vrtac\u00ed kladivo -","isPartOf":{"@id":"https:\/\/www.oknobuild.com\/#website"},"primaryImageOfPage":{"@id":"https:\/\/www.oknobuild.com\/index.php\/produkt\/akce-bosch-pbh-3000-fre-vrtaci-kladivo-8908\/#primaryimage"},"image":{"@id":"https:\/\/www.oknobuild.com\/index.php\/produkt\/akce-bosch-pbh-3000-fre-vrtaci-kladivo-8908\/#primaryimage"},"thumbnailUrl":"https:\/\/www.oknobuild.com\/wp-content\/uploads\/2026\/SK0019159-CZ20260425-092328-0-1777080210-bosch-pbh-3000-fre-0603393220.webp","datePublished":"2026-04-27T04:40:54+00:00","breadcrumb":{"@id":"https:\/\/www.oknobuild.com\/index.php\/produkt\/akce-bosch-pbh-3000-fre-vrtaci-kladivo-8908\/#breadcrumb"},"inLanguage":"cs","potentialAction":[{"@type":"ReadAction","target":["https:\/\/www.oknobuild.com\/index.php\/produkt\/akce-bosch-pbh-3000-fre-vrtaci-kladivo-8908\/"]}]},{"@type":"ImageObject","inLanguage":"cs","@id":"https:\/\/www.oknobuild.com\/index.php\/produkt\/akce-bosch-pbh-3000-fre-vrtaci-kladivo-8908\/#primaryimage","url":"https:\/\/www.oknobuild.com\/wp-content\/uploads\/2026\/SK0019159-CZ20260425-092328-0-1777080210-bosch-pbh-3000-fre-0603393220.webp","contentUrl":"https:\/\/www.oknobuild.com\/wp-content\/uploads\/2026\/SK0019159-CZ20260425-092328-0-1777080210-bosch-pbh-3000-fre-0603393220.webp","width":700,"height":700},{"@type":"BreadcrumbList","@id":"https:\/\/www.oknobuild.com\/index.php\/produkt\/akce-bosch-pbh-3000-fre-vrtaci-kladivo-8908\/#breadcrumb","itemListElement":[{"@type":"ListItem","position":1,"name":"Home","item":"https:\/\/www.oknobuild.com\/"},{"@type":"ListItem","position":2,"name":"Products","item":"https:\/\/www.oknobuild.com\/index.php\/products\/"},{"@type":"ListItem","position":3,"name":"Akce BOSCH PBH 3000 FRE vrtac\u00ed kladivo"}]},{"@type":"WebSite","@id":"https:\/\/www.oknobuild.com\/#website","url":"https:\/\/www.oknobuild.com\/","name":"","description":"","potentialAction":[{"@type":"SearchAction","target":{"@type":"EntryPoint","urlTemplate":"https:\/\/www.oknobuild.com\/?s={search_term_string}"},"query-input":{"@type":"PropertyValueSpecification","valueRequired":true,"valueName":"search_term_string"}}],"inLanguage":"cs"}]}},"_links":{"self":[{"href":"https:\/\/www.oknobuild.com\/index.php\/wp-json\/wp\/v2\/product\/8908","targetHints":{"allow":["GET"]}}],"collection":[{"href":"https:\/\/www.oknobuild.com\/index.php\/wp-json\/wp\/v2\/product"}],"about":[{"href":"https:\/\/www.oknobuild.com\/index.php\/wp-json\/wp\/v2\/types\/product"}],"replies":[{"embeddable":true,"href":"https:\/\/www.oknobuild.com\/index.php\/wp-json\/wp\/v2\/comments?post=8908"}],"wp:featuredmedia":[{"embeddable":true,"href":"https:\/\/www.oknobuild.com\/index.php\/wp-json\/wp\/v2\/media\/9008"}],"wp:attachment":[{"href":"https:\/\/www.oknobuild.com\/index.php\/wp-json\/wp\/v2\/media?parent=8908"}],"wp:term":[{"taxonomy":"product_brand","embeddable":true,"href":"https:\/\/www.oknobuild.com\/index.php\/wp-json\/wp\/v2\/product_brand?post=8908"},{"taxonomy":"product_cat","embeddable":true,"href":"https:\/\/www.oknobuild.com\/index.php\/wp-json\/wp\/v2\/product_cat?post=8908"},{"taxonomy":"product_tag","embeddable":true,"href":"https:\/\/www.oknobuild.com\/index.php\/wp-json\/wp\/v2\/product_tag?post=8908"}],"curies":[{"name":"wp","href":"https:\/\/api.w.org\/{rel}","templated":true}]}}