{"id":9131,"date":"2026-04-27T04:40:55","date_gmt":"2026-04-27T04:40:55","guid":{"rendered":""},"modified":"2026-04-27T04:40:55","modified_gmt":"2026-04-27T04:40:55","slug":"akce-bosch-2608578962-vrtak-duty-sdsplus-9-speedclean-12x200x330mm-9131","status":"publish","type":"product","link":"https:\/\/www.oknobuild.com\/index.php\/produkt\/akce-bosch-2608578962-vrtak-duty-sdsplus-9-speedclean-12x200x330mm-9131\/","title":{"rendered":"Akce BOSCH 2608578962 vrt\u00e1k dut\u00fd SDSplus-9 SpeedClean 12x200x330mm"},"content":{"rendered":"<table>\n<div class=\"tab-pane active product-description\" id=\"popis\" role=\"tabpanel\">\n<div class=\"short-description\" itemprop=\"description\"><\/div>\n<div class=\"description\">\u25ba DUT\u00dd ODS\u00c1VAC\u00cd VRT\u00c1K BOSCH SDS PLUS-9 SPEEDCLEAN:<span class='bullet-line'>Spir\u00e1lov\u00fd vrt\u00e1k SDS plus-9 Speed Clean umo\u017e\u0148uje vrtat bez prachu. <br \/><\/span><span class='bullet-line'>Vestav\u011bn\u00fd vys\u00e1vac\u00ed n\u00e1stavec b\u011bhem pr\u00e1ce odv\u00e1d\u00ed odvrtanou mou\u010dku skrz extrak\u010dn\u00ed otvory ve spir\u00e1lov\u00e9m vrt\u00e1ku, co\u017e umo\u017e\u0148uje optim\u00e1ln\u011b a bez navazuj\u00edc\u00edch \u010dinnost\u00ed odeb\u00edrat materi\u00e1l. <br \/><\/span><span class='bullet-line'>V\u00fdsledkem t\u00e9to technologie je \u010dist\u00e9 a bezpra\u0161n\u00e9 pracovn\u00ed prost\u0159ed\u00ed. <br \/><\/span><span class='bullet-line'>Tento vrt\u00e1k je ur\u010den k vrt\u00e1n\u00ed do zdiva, betonu a \u017eelezobetonu. <br \/><\/span><span class='bullet-line'>Je kompatibiln\u00ed s vrtac\u00edmi kladivy s up\u00ednac\u00edm syst\u00e9mem SDS plus a pro fungov\u00e1n\u00ed vy\u017eaduje pou\u017eit\u00ed pr\u016fmyslov\u00e9ho vysava\u010de t\u0159\u00eddy M.<br \/><\/span><br \/>\u25ba V\u00fdhody<span class='bullet-line'>Extrak\u010dn\u00ed otvory umo\u017e\u0148uj\u00ed optim\u00e1ln\u011b odeb\u00edrat materi\u00e1l a zaji\u0161\u0165uj\u00ed bez navazuj\u00edc\u00edch \u010dinnost\u00ed \u010dist\u00e9 pracovn\u00ed prost\u0159ed\u00ed<br \/><\/span><span class='bullet-line'>Vizu\u00e1ln\u00ed indikace opot\u0159eben\u00ed, kter\u00e1 hl\u00edd\u00e1, zda je otvor je\u0161t\u011b v mez\u00edch povolen\u00fdch odchylek pro uchycov\u00e1n\u00ed kovov\u00fdch kotev<\/span><\/div>\n<div class=\"parameters\">\n<tr>\n<td>Pr\u016fm\u011br:<\/td>\n<td>12mm<\/td>\n<\/tr>\n<tr>\n<td>Pracovn\u00ed d\u00e9lka:<\/td>\n<td>200mm<\/td>\n<\/tr>\n<tr>\n<td>Celkov\u00e1 d\u00e9lka:<\/td>\n<td>330mm<\/td>\n<\/tr><\/div>\n<\/table>\n","protected":false},"excerpt":{"rendered":"<p>\u25ba DUT\u00dd ODS\u00c1VAC\u00cd VRT\u00c1K BOSCH SDS PLUS-9 SPEEDCLEAN:Spir\u00e1lov\u00fd vrt\u00e1k SDS plus-9 Speed Clean umo\u017e\u0148uje vrtat bez prachu. Vestav\u011bn\u00fd vys\u00e1vac\u00ed n\u00e1stavec b\u011bhem pr\u00e1ce odv\u00e1d\u00ed odvrtanou mou\u010dku skrz extrak\u010dn\u00ed otvory ve spir\u00e1lov\u00e9m vrt\u00e1ku, co\u017e umo\u017e\u0148uje optim\u00e1ln\u011b a bez navazuj\u00edc\u00edch \u010dinnost\u00ed odeb\u00edrat materi\u00e1l. V\u00fdsledkem t\u00e9to technologie je \u010dist\u00e9 a bezpra\u0161n\u00e9 pracovn\u00ed prost\u0159ed\u00ed. Tento vrt\u00e1k je ur\u010den k vrt\u00e1n\u00ed [&hellip;]<\/p>\n","protected":false},"featured_media":9231,"comment_status":"open","ping_status":"open","template":"","meta":[],"product_brand":[],"product_cat":[41],"product_tag":[],"class_list":{"0":"post-9131","1":"product","2":"type-product","3":"status-publish","4":"has-post-thumbnail","6":"product_cat-naradi","8":"first","9":"instock","10":"sale","11":"shipping-taxable","12":"purchasable","13":"product-type-simple"},"yoast_head":"<!-- This site is optimized with the Yoast SEO plugin v26.8 - https:\/\/yoast.com\/product\/yoast-seo-wordpress\/ -->\n<title>Akce BOSCH 2608578962 vrt\u00e1k dut\u00fd SDSplus-9 SpeedClean 12x200x330mm -<\/title>\n<meta name=\"robots\" content=\"index, follow, max-snippet:-1, max-image-preview:large, max-video-preview:-1\" \/>\n<link rel=\"canonical\" href=\"https:\/\/www.oknobuild.com\/index.php\/produkt\/akce-bosch-2608578962-vrtak-duty-sdsplus-9-speedclean-12x200x330mm-9131\/\" \/>\n<meta property=\"og:locale\" content=\"cs_CZ\" \/>\n<meta property=\"og:type\" content=\"article\" \/>\n<meta property=\"og:title\" content=\"Akce BOSCH 2608578962 vrt\u00e1k dut\u00fd SDSplus-9 SpeedClean 12x200x330mm -\" \/>\n<meta property=\"og:description\" content=\"\u25ba DUT\u00dd ODS\u00c1VAC\u00cd VRT\u00c1K BOSCH SDS PLUS-9 SPEEDCLEAN:Spir\u00e1lov\u00fd vrt\u00e1k SDS plus-9 Speed Clean umo\u017e\u0148uje vrtat bez prachu. Vestav\u011bn\u00fd vys\u00e1vac\u00ed n\u00e1stavec b\u011bhem pr\u00e1ce odv\u00e1d\u00ed odvrtanou mou\u010dku skrz extrak\u010dn\u00ed otvory ve spir\u00e1lov\u00e9m vrt\u00e1ku, co\u017e umo\u017e\u0148uje optim\u00e1ln\u011b a bez navazuj\u00edc\u00edch \u010dinnost\u00ed odeb\u00edrat materi\u00e1l. V\u00fdsledkem t\u00e9to technologie je \u010dist\u00e9 a bezpra\u0161n\u00e9 pracovn\u00ed prost\u0159ed\u00ed. Tento vrt\u00e1k je ur\u010den k vrt\u00e1n\u00ed [&hellip;]\" \/>\n<meta property=\"og:url\" content=\"https:\/\/www.oknobuild.com\/index.php\/produkt\/akce-bosch-2608578962-vrtak-duty-sdsplus-9-speedclean-12x200x330mm-9131\/\" \/>\n<meta property=\"og:image\" content=\"https:\/\/www.oknobuild.com\/wp-content\/uploads\/2026\/SK0019282-CZ20260425-092328-0-1777080210-e34cf8a1da6ac8922ae7224a62d680f4-1.webp\" \/>\n\t<meta property=\"og:image:width\" content=\"514\" \/>\n\t<meta property=\"og:image:height\" content=\"281\" \/>\n\t<meta property=\"og:image:type\" content=\"image\/webp\" \/>\n<meta name=\"twitter:card\" content=\"summary_large_image\" \/>\n<meta name=\"twitter:label1\" content=\"Odhadovan\u00e1 doba \u010dten\u00ed\" \/>\n\t<meta name=\"twitter:data1\" content=\"1 minuta\" \/>\n<script type=\"application\/ld+json\" class=\"yoast-schema-graph\">{\"@context\":\"https:\/\/schema.org\",\"@graph\":[{\"@type\":\"WebPage\",\"@id\":\"https:\/\/www.oknobuild.com\/index.php\/produkt\/akce-bosch-2608578962-vrtak-duty-sdsplus-9-speedclean-12x200x330mm-9131\/\",\"url\":\"https:\/\/www.oknobuild.com\/index.php\/produkt\/akce-bosch-2608578962-vrtak-duty-sdsplus-9-speedclean-12x200x330mm-9131\/\",\"name\":\"Akce BOSCH 2608578962 vrt\u00e1k dut\u00fd SDSplus-9 SpeedClean 12x200x330mm -\",\"isPartOf\":{\"@id\":\"https:\/\/www.oknobuild.com\/#website\"},\"primaryImageOfPage\":{\"@id\":\"https:\/\/www.oknobuild.com\/index.php\/produkt\/akce-bosch-2608578962-vrtak-duty-sdsplus-9-speedclean-12x200x330mm-9131\/#primaryimage\"},\"image\":{\"@id\":\"https:\/\/www.oknobuild.com\/index.php\/produkt\/akce-bosch-2608578962-vrtak-duty-sdsplus-9-speedclean-12x200x330mm-9131\/#primaryimage\"},\"thumbnailUrl\":\"https:\/\/www.oknobuild.com\/wp-content\/uploads\/2026\/SK0019282-CZ20260425-092328-0-1777080210-e34cf8a1da6ac8922ae7224a62d680f4-1.webp\",\"datePublished\":\"2026-04-27T04:40:55+00:00\",\"breadcrumb\":{\"@id\":\"https:\/\/www.oknobuild.com\/index.php\/produkt\/akce-bosch-2608578962-vrtak-duty-sdsplus-9-speedclean-12x200x330mm-9131\/#breadcrumb\"},\"inLanguage\":\"cs\",\"potentialAction\":[{\"@type\":\"ReadAction\",\"target\":[\"https:\/\/www.oknobuild.com\/index.php\/produkt\/akce-bosch-2608578962-vrtak-duty-sdsplus-9-speedclean-12x200x330mm-9131\/\"]}]},{\"@type\":\"ImageObject\",\"inLanguage\":\"cs\",\"@id\":\"https:\/\/www.oknobuild.com\/index.php\/produkt\/akce-bosch-2608578962-vrtak-duty-sdsplus-9-speedclean-12x200x330mm-9131\/#primaryimage\",\"url\":\"https:\/\/www.oknobuild.com\/wp-content\/uploads\/2026\/SK0019282-CZ20260425-092328-0-1777080210-e34cf8a1da6ac8922ae7224a62d680f4-1.webp\",\"contentUrl\":\"https:\/\/www.oknobuild.com\/wp-content\/uploads\/2026\/SK0019282-CZ20260425-092328-0-1777080210-e34cf8a1da6ac8922ae7224a62d680f4-1.webp\",\"width\":514,\"height\":281},{\"@type\":\"BreadcrumbList\",\"@id\":\"https:\/\/www.oknobuild.com\/index.php\/produkt\/akce-bosch-2608578962-vrtak-duty-sdsplus-9-speedclean-12x200x330mm-9131\/#breadcrumb\",\"itemListElement\":[{\"@type\":\"ListItem\",\"position\":1,\"name\":\"Home\",\"item\":\"https:\/\/www.oknobuild.com\/\"},{\"@type\":\"ListItem\",\"position\":2,\"name\":\"Products\",\"item\":\"https:\/\/www.oknobuild.com\/index.php\/products\/\"},{\"@type\":\"ListItem\",\"position\":3,\"name\":\"Akce BOSCH 2608578962 vrt\u00e1k dut\u00fd SDSplus-9 SpeedClean 12x200x330mm\"}]},{\"@type\":\"WebSite\",\"@id\":\"https:\/\/www.oknobuild.com\/#website\",\"url\":\"https:\/\/www.oknobuild.com\/\",\"name\":\"\",\"description\":\"\",\"potentialAction\":[{\"@type\":\"SearchAction\",\"target\":{\"@type\":\"EntryPoint\",\"urlTemplate\":\"https:\/\/www.oknobuild.com\/?s={search_term_string}\"},\"query-input\":{\"@type\":\"PropertyValueSpecification\",\"valueRequired\":true,\"valueName\":\"search_term_string\"}}],\"inLanguage\":\"cs\"}]}<\/script>\n<!-- \/ Yoast SEO plugin. -->","yoast_head_json":{"title":"Akce BOSCH 2608578962 vrt\u00e1k dut\u00fd SDSplus-9 SpeedClean 12x200x330mm -","robots":{"index":"index","follow":"follow","max-snippet":"max-snippet:-1","max-image-preview":"max-image-preview:large","max-video-preview":"max-video-preview:-1"},"canonical":"https:\/\/www.oknobuild.com\/index.php\/produkt\/akce-bosch-2608578962-vrtak-duty-sdsplus-9-speedclean-12x200x330mm-9131\/","og_locale":"cs_CZ","og_type":"article","og_title":"Akce BOSCH 2608578962 vrt\u00e1k dut\u00fd SDSplus-9 SpeedClean 12x200x330mm -","og_description":"\u25ba DUT\u00dd ODS\u00c1VAC\u00cd VRT\u00c1K BOSCH SDS PLUS-9 SPEEDCLEAN:Spir\u00e1lov\u00fd vrt\u00e1k SDS plus-9 Speed Clean umo\u017e\u0148uje vrtat bez prachu. Vestav\u011bn\u00fd vys\u00e1vac\u00ed n\u00e1stavec b\u011bhem pr\u00e1ce odv\u00e1d\u00ed odvrtanou mou\u010dku skrz extrak\u010dn\u00ed otvory ve spir\u00e1lov\u00e9m vrt\u00e1ku, co\u017e umo\u017e\u0148uje optim\u00e1ln\u011b a bez navazuj\u00edc\u00edch \u010dinnost\u00ed odeb\u00edrat materi\u00e1l. V\u00fdsledkem t\u00e9to technologie je \u010dist\u00e9 a bezpra\u0161n\u00e9 pracovn\u00ed prost\u0159ed\u00ed. Tento vrt\u00e1k je ur\u010den k vrt\u00e1n\u00ed [&hellip;]","og_url":"https:\/\/www.oknobuild.com\/index.php\/produkt\/akce-bosch-2608578962-vrtak-duty-sdsplus-9-speedclean-12x200x330mm-9131\/","og_image":[{"width":514,"height":281,"url":"https:\/\/www.oknobuild.com\/wp-content\/uploads\/2026\/SK0019282-CZ20260425-092328-0-1777080210-e34cf8a1da6ac8922ae7224a62d680f4-1.webp","type":"image\/webp"}],"twitter_card":"summary_large_image","twitter_misc":{"Odhadovan\u00e1 doba \u010dten\u00ed":"1 minuta"},"schema":{"@context":"https:\/\/schema.org","@graph":[{"@type":"WebPage","@id":"https:\/\/www.oknobuild.com\/index.php\/produkt\/akce-bosch-2608578962-vrtak-duty-sdsplus-9-speedclean-12x200x330mm-9131\/","url":"https:\/\/www.oknobuild.com\/index.php\/produkt\/akce-bosch-2608578962-vrtak-duty-sdsplus-9-speedclean-12x200x330mm-9131\/","name":"Akce BOSCH 2608578962 vrt\u00e1k dut\u00fd SDSplus-9 SpeedClean 12x200x330mm -","isPartOf":{"@id":"https:\/\/www.oknobuild.com\/#website"},"primaryImageOfPage":{"@id":"https:\/\/www.oknobuild.com\/index.php\/produkt\/akce-bosch-2608578962-vrtak-duty-sdsplus-9-speedclean-12x200x330mm-9131\/#primaryimage"},"image":{"@id":"https:\/\/www.oknobuild.com\/index.php\/produkt\/akce-bosch-2608578962-vrtak-duty-sdsplus-9-speedclean-12x200x330mm-9131\/#primaryimage"},"thumbnailUrl":"https:\/\/www.oknobuild.com\/wp-content\/uploads\/2026\/SK0019282-CZ20260425-092328-0-1777080210-e34cf8a1da6ac8922ae7224a62d680f4-1.webp","datePublished":"2026-04-27T04:40:55+00:00","breadcrumb":{"@id":"https:\/\/www.oknobuild.com\/index.php\/produkt\/akce-bosch-2608578962-vrtak-duty-sdsplus-9-speedclean-12x200x330mm-9131\/#breadcrumb"},"inLanguage":"cs","potentialAction":[{"@type":"ReadAction","target":["https:\/\/www.oknobuild.com\/index.php\/produkt\/akce-bosch-2608578962-vrtak-duty-sdsplus-9-speedclean-12x200x330mm-9131\/"]}]},{"@type":"ImageObject","inLanguage":"cs","@id":"https:\/\/www.oknobuild.com\/index.php\/produkt\/akce-bosch-2608578962-vrtak-duty-sdsplus-9-speedclean-12x200x330mm-9131\/#primaryimage","url":"https:\/\/www.oknobuild.com\/wp-content\/uploads\/2026\/SK0019282-CZ20260425-092328-0-1777080210-e34cf8a1da6ac8922ae7224a62d680f4-1.webp","contentUrl":"https:\/\/www.oknobuild.com\/wp-content\/uploads\/2026\/SK0019282-CZ20260425-092328-0-1777080210-e34cf8a1da6ac8922ae7224a62d680f4-1.webp","width":514,"height":281},{"@type":"BreadcrumbList","@id":"https:\/\/www.oknobuild.com\/index.php\/produkt\/akce-bosch-2608578962-vrtak-duty-sdsplus-9-speedclean-12x200x330mm-9131\/#breadcrumb","itemListElement":[{"@type":"ListItem","position":1,"name":"Home","item":"https:\/\/www.oknobuild.com\/"},{"@type":"ListItem","position":2,"name":"Products","item":"https:\/\/www.oknobuild.com\/index.php\/products\/"},{"@type":"ListItem","position":3,"name":"Akce BOSCH 2608578962 vrt\u00e1k dut\u00fd SDSplus-9 SpeedClean 12x200x330mm"}]},{"@type":"WebSite","@id":"https:\/\/www.oknobuild.com\/#website","url":"https:\/\/www.oknobuild.com\/","name":"","description":"","potentialAction":[{"@type":"SearchAction","target":{"@type":"EntryPoint","urlTemplate":"https:\/\/www.oknobuild.com\/?s={search_term_string}"},"query-input":{"@type":"PropertyValueSpecification","valueRequired":true,"valueName":"search_term_string"}}],"inLanguage":"cs"}]}},"_links":{"self":[{"href":"https:\/\/www.oknobuild.com\/index.php\/wp-json\/wp\/v2\/product\/9131","targetHints":{"allow":["GET"]}}],"collection":[{"href":"https:\/\/www.oknobuild.com\/index.php\/wp-json\/wp\/v2\/product"}],"about":[{"href":"https:\/\/www.oknobuild.com\/index.php\/wp-json\/wp\/v2\/types\/product"}],"replies":[{"embeddable":true,"href":"https:\/\/www.oknobuild.com\/index.php\/wp-json\/wp\/v2\/comments?post=9131"}],"wp:featuredmedia":[{"embeddable":true,"href":"https:\/\/www.oknobuild.com\/index.php\/wp-json\/wp\/v2\/media\/9231"}],"wp:attachment":[{"href":"https:\/\/www.oknobuild.com\/index.php\/wp-json\/wp\/v2\/media?parent=9131"}],"wp:term":[{"taxonomy":"product_brand","embeddable":true,"href":"https:\/\/www.oknobuild.com\/index.php\/wp-json\/wp\/v2\/product_brand?post=9131"},{"taxonomy":"product_cat","embeddable":true,"href":"https:\/\/www.oknobuild.com\/index.php\/wp-json\/wp\/v2\/product_cat?post=9131"},{"taxonomy":"product_tag","embeddable":true,"href":"https:\/\/www.oknobuild.com\/index.php\/wp-json\/wp\/v2\/product_tag?post=9131"}],"curies":[{"name":"wp","href":"https:\/\/api.w.org\/{rel}","templated":true}]}}